{"id":29960,"date":"2024-10-15T06:50:55","date_gmt":"2024-10-15T06:50:55","guid":{"rendered":"https:\/\/e-mazzoni.it\/prodotto\/w-industrial\/"},"modified":"2026-05-02T02:33:28","modified_gmt":"2026-05-02T02:33:28","slug":"w-industrial","status":"publish","type":"product","link":"https:\/\/e-mazzoni.it\/fr\/produit\/w-industrial\/","title":{"rendered":"W INDUSTRIAL"},"content":{"rendered":"<p>Nettoyeur haute pression professionnel. Compact, maniable, id\u00e9al pour tous les besoins de nettoyage en ext\u00e9rieur, polyvalent et performant. CARACT\u00c9RISTIQUES TECHNIQUES:<\/p>\n<p>Moteur \u00e9lectrique asynchrone s\u00e9rie MEC, service continu, S1 avec protection thermique int\u00e9gr\u00e9e sur les enroulements. Moteur avec un rendement sup\u00e9rieur, donc avec des performances \u00e9lev\u00e9es et une consommation de courant r\u00e9duite. Joint \u00e9lastique.<br \/>\nPompe professionnelle Mazzoni en ligne (\u00e0 bielles) avec t\u00eate en laiton et trois pistons en c\u00e9ramique<br \/>\nC\u00e2ble \u00e9lectrique 5 mt.<br \/>\nTuyau haute pression 10 mt.<br \/>\nCuve d\u2019alimentation de 30 litres avec double flotteur<br \/>\nValve by-pass automatique avec r\u00e9gulation de la pression<br \/>\nSoupape de s\u00e9curit\u00e9 pour surpression<br \/>\nVoyants de contr\u00f4le de la tension et de la r\u00e9serve de carburant<br \/>\nDispositif anti-calcaire avec r\u00e9servoir de 1,5 l<br \/>\nLance INOX avec pistolet automatique et raccord rapide pour accessoires<br \/>\nT\u00eate avec buse en acier tremp\u00e9 et aspiration nettoyante \u00e0 haute pression<br \/>\nCadre en acier peint<br \/>\nChaudi\u00e8re INOX avec serpentin en tube d\u2019acier arr\u00eat du br\u00fbleur en cas de manque d\u2019eau<br \/>\nVentilateur avec moteur ind\u00e9pendant<br \/>\nThermostat de r\u00e9gulation de la temp\u00e9rature de l\u2019eau<br \/>\nPompe \u00e0 diesel anti-grippage.<br \/>\nContr\u00f4le de niveau de carburant \u00e0 flotteur<br \/>\nSyst\u00e8me TST\/DSS (ou syst\u00e8me TVS sur demande)<br \/>\nR\u00e9servoir de nettoyage 15 L<br \/>\nR\u00e9servoir de carburant 25 L<br \/>\nAffichage du compteur<br \/>\nFrein de stationnement<br \/>\nContr\u00f4le de la flamme<\/p>\n<div>\n<table style=\"width: 100%\" border=\"1\" id=\"table_options\">\n<tbody>\n<tr>\n<th style=\"color: #fff\" bgcolor=\"#ea2833\">CODE<\/th>\n<th style=\"color: #fff\" bgcolor=\"#ea2833\">MODELE<\/th>\n<th style=\"color: #fff\" bgcolor=\"#ea2833\">L\/MIN &#8211; 1450 RPM<\/th>\n<th style=\"color: #fff\" bgcolor=\"#ea2833\">GPM &#8211; 1450 RPM<\/th>\n<th style=\"color: #fff\" bgcolor=\"#ea2833\">BAR<\/th>\n<th style=\"color: #fff\" bgcolor=\"#ea2833\">PSI<\/th>\n<th style=\"color: #fff\" bgcolor=\"#ea2833\">RPM 50 HZ<\/th>\n<th style=\"color: #fff\" bgcolor=\"#ea2833\">HP<\/th>\n<th style=\"color: #fff\" bgcolor=\"#ea2833\">KW<\/th>\n<th style=\"color: #fff\" bgcolor=\"#ea2833\">VOLT<\/th>\n<th style=\"color: #fff\" bgcolor=\"#ea2833\">Hz<\/th>\n<th style=\"color: #fff\" bgcolor=\"#ea2833\">PHASE<\/th>\n<th style=\"color: #fff\" bgcolor=\"#ea2833\">\u00c0 50 HZ<\/th>\n<th style=\"color: #fff\" bgcolor=\"#ea2833\">BUSE \u00c0 EAU<\/th>\n<th style=\"color: #fff\" bgcolor=\"#ea2833\">KCAL\/H<\/th>\n<th style=\"color: #fff\" bgcolor=\"#ea2833\">R\u00c9SERVOIR DIESEL <\/th>\n<th style=\"color: #fff\" bgcolor=\"#ea2833\">R\u00c9SERVOIR DIESEL (GAL)<\/th>\n<th style=\"color: #fff\" bgcolor=\"#ea2833\">R\u00c9SERVOIR ANTICALCAIRE<\/th>\n<th style=\"color: #fff\" bgcolor=\"#ea2833\">R\u00c9SERVOIR ANTICALCAIRE (GAL)<\/th>\n<th style=\"color: #fff\" bgcolor=\"#ea2833\">R\u00c9SERVOIR DE NETTOYAGE<\/th>\n<th style=\"color: #fff\" bgcolor=\"#ea2833\">R\u00c9SERVOIR DE NETTOYAGE (GAL)<\/th>\n<th style=\"color: #fff\" bgcolor=\"#ea2833\">MAX TEMP\u00c9RATURE DE SORTIE<\/th>\n<th style=\"color: #fff\" bgcolor=\"#ea2833\">MAX TEMP\u00c9RATURE DE SORTIE (F)<\/th>\n<\/tr>\n<tr>\n<td align=\"center !important\">3.023.24.340<\/td>\n<td align=\"center !important\">W4000<\/td>\n<td align=\"center !important\">15<\/td>\n<td align=\"center !important\">3,9<\/td>\n<td align=\"center !important\">200<\/td>\n<td align=\"center !important\">2900<\/td>\n<td align=\"center !important\">1450<\/td>\n<td align=\"center !important\">7,7<\/td>\n<td align=\"center !important\">5.7<\/td>\n<td align=\"center !important\">400<\/td>\n<td align=\"center !important\">50<\/td>\n<td align=\"center !important\">3<\/td>\n<td align=\"center !important\">11,7<\/td>\n<td align=\"center !important\">15045<\/td>\n<td align=\"center !important\">50.000<\/td>\n<td align=\"center !important\">30L<\/td>\n<td align=\"center !important\">8 gal<\/td>\n<td align=\"center !important\">1L<\/td>\n<td align=\"center !important\">0,3 gal<\/td>\n<td align=\"center !important\">16L<\/td>\n<td align=\"center !important\">4,2 gal<\/td>\n<td align=\"center !important\">150\u00b0C<\/td>\n<td align=\"center !important\">302\u00b0F<\/td>\n<\/tr>\n<\/tbody>\n<\/table>\n<\/div>\n","protected":false},"excerpt":{"rendered":"<p>La machine est con\u00e7ue pour \u00eatre utilis\u00e9e dans des environnements de travail extr\u00eamement professionnels. Le cadre en acier peint le rend extr\u00eamement robuste et r\u00e9sistant \u00e0 la corrosion. Moteur \u00e9lectrique avec joint d\u2019accouplement \u00e9lastique et protection thermique, chaudi\u00e8re \u00e0 haut rendement et faibles consommations avec des \u00e9missions de gaz d\u2019\u00e9chappement bien en dessous des limites pr\u00e9vues par les normes communautaires. La machine est \u00e9quip\u00e9e d\u2019un r\u00e9servoir de d\u00e9tergent, de carburant et d\u2019anticalcaire. Utilisation recommand\u00e9e:Industrie m\u00e9tallurgique, construction navale, agriculture, lavage de voitures etc.<\/p>\n","protected":false},"featured_media":68125,"template":"","meta":{"zakra_page_container_layout":"customizer","zakra_page_sidebar_layout":"customizer","zakra_remove_content_margin":false,"zakra_sidebar":"customizer","zakra_transparent_header":"customizer","zakra_logo":0,"zakra_main_header_style":"default","zakra_menu_item_color":"","zakra_menu_item_hover_color":"","zakra_menu_item_active_color":"","zakra_menu_active_style":"","zakra_page_header":true},"product_brand":[],"product_cat":[3607],"product_tag":[3698,3682,3706,3658],"class_list":{"0":"post-29960","1":"product","2":"type-product","3":"status-publish","4":"has-post-thumbnail","6":"product_cat-nettoyeurs-haute-pression-a-chaud","7":"product_tag-chantier_fr","8":"product_tag-construction_fr","9":"product_tag-industrie_lourde_fr","10":"product_tag-station_de_lavage_fr","12":"first","13":"instock","14":"shipping-taxable","15":"product-type-simple"},"yoast_head":"<!-- This site is optimized with the Yoast SEO plugin v27.5 - https:\/\/yoast.com\/product\/yoast-seo-wordpress\/ -->\n<title>W INDUSTRIAL - Mazzoni<\/title>\n<meta name=\"robots\" content=\"index, follow, max-snippet:-1, max-image-preview:large, max-video-preview:-1\" \/>\n<link rel=\"canonical\" href=\"https:\/\/e-mazzoni.it\/fr\/produit\/w-industrial\/\" \/>\n<meta property=\"og:locale\" content=\"fr_FR\" \/>\n<meta property=\"og:type\" content=\"article\" \/>\n<meta property=\"og:title\" content=\"W INDUSTRIAL - Mazzoni\" \/>\n<meta property=\"og:description\" content=\"La machine est con\u00e7ue pour \u00eatre utilis\u00e9e dans des environnements de travail extr\u00eamement professionnels. Le cadre en acier peint le rend extr\u00eamement robuste et r\u00e9sistant \u00e0 la corrosion. Moteur \u00e9lectrique avec joint d\u2019accouplement \u00e9lastique et protection thermique, chaudi\u00e8re \u00e0 haut rendement et faibles consommations avec des \u00e9missions de gaz d\u2019\u00e9chappement bien en dessous des limites pr\u00e9vues par les normes communautaires. La machine est \u00e9quip\u00e9e d\u2019un r\u00e9servoir de d\u00e9tergent, de carburant et d\u2019anticalcaire. Utilisation recommand\u00e9e:Industrie m\u00e9tallurgique, construction navale, agriculture, lavage de voitures etc.\" \/>\n<meta property=\"og:url\" content=\"https:\/\/e-mazzoni.it\/fr\/produit\/w-industrial\/\" \/>\n<meta property=\"og:site_name\" content=\"Mazzoni\" \/>\n<meta property=\"article:modified_time\" content=\"2026-05-02T02:33:28+00:00\" \/>\n<meta property=\"og:image\" content=\"https:\/\/e-mazzoni.it\/wp-content\/uploads\/2026\/04\/DOC9685305606.jpg\" \/>\n\t<meta property=\"og:image:width\" content=\"800\" \/>\n\t<meta property=\"og:image:height\" content=\"800\" \/>\n\t<meta property=\"og:image:type\" content=\"image\/jpeg\" \/>\n<meta name=\"twitter:card\" content=\"summary_large_image\" \/>\n<meta name=\"twitter:label1\" content=\"Dur\u00e9e de lecture estim\u00e9e\" \/>\n\t<meta name=\"twitter:data1\" content=\"1 minute\" \/>\n<!-- \/ Yoast SEO plugin. -->","yoast_head_json":{"title":"W INDUSTRIAL - Mazzoni","robots":{"index":"index","follow":"follow","max-snippet":"max-snippet:-1","max-image-preview":"max-image-preview:large","max-video-preview":"max-video-preview:-1"},"canonical":"https:\/\/e-mazzoni.it\/fr\/produit\/w-industrial\/","og_locale":"fr_FR","og_type":"article","og_title":"W INDUSTRIAL - Mazzoni","og_description":"La machine est con\u00e7ue pour \u00eatre utilis\u00e9e dans des environnements de travail extr\u00eamement professionnels. Le cadre en acier peint le rend extr\u00eamement robuste et r\u00e9sistant \u00e0 la corrosion. Moteur \u00e9lectrique avec joint d\u2019accouplement \u00e9lastique et protection thermique, chaudi\u00e8re \u00e0 haut rendement et faibles consommations avec des \u00e9missions de gaz d\u2019\u00e9chappement bien en dessous des limites pr\u00e9vues par les normes communautaires. La machine est \u00e9quip\u00e9e d\u2019un r\u00e9servoir de d\u00e9tergent, de carburant et d\u2019anticalcaire. Utilisation recommand\u00e9e:Industrie m\u00e9tallurgique, construction navale, agriculture, lavage de voitures etc.","og_url":"https:\/\/e-mazzoni.it\/fr\/produit\/w-industrial\/","og_site_name":"Mazzoni","article_modified_time":"2026-05-02T02:33:28+00:00","og_image":[{"width":800,"height":800,"url":"https:\/\/e-mazzoni.it\/wp-content\/uploads\/2026\/04\/DOC9685305606.jpg","type":"image\/jpeg"}],"twitter_card":"summary_large_image","twitter_misc":{"Dur\u00e9e de lecture estim\u00e9e":"1 minute"},"schema":{"@context":"https:\/\/schema.org","@graph":[{"@type":"WebPage","@id":"https:\/\/e-mazzoni.it\/fr\/produit\/w-industrial\/","url":"https:\/\/e-mazzoni.it\/fr\/produit\/w-industrial\/","name":"W INDUSTRIAL - Mazzoni","isPartOf":{"@id":"https:\/\/e-mazzoni.it\/fr\/#website"},"primaryImageOfPage":{"@id":"https:\/\/e-mazzoni.it\/fr\/produit\/w-industrial\/#primaryimage"},"image":{"@id":"https:\/\/e-mazzoni.it\/fr\/produit\/w-industrial\/#primaryimage"},"thumbnailUrl":"https:\/\/e-mazzoni.it\/wp-content\/uploads\/2026\/04\/DOC9685305606.jpg","datePublished":"2024-10-15T06:50:55+00:00","dateModified":"2026-05-02T02:33:28+00:00","breadcrumb":{"@id":"https:\/\/e-mazzoni.it\/fr\/produit\/w-industrial\/#breadcrumb"},"inLanguage":"fr-FR","potentialAction":[{"@type":"ReadAction","target":["https:\/\/e-mazzoni.it\/fr\/produit\/w-industrial\/"]}]},{"@type":"ImageObject","inLanguage":"fr-FR","@id":"https:\/\/e-mazzoni.it\/fr\/produit\/w-industrial\/#primaryimage","url":"https:\/\/e-mazzoni.it\/wp-content\/uploads\/2026\/04\/DOC9685305606.jpg","contentUrl":"https:\/\/e-mazzoni.it\/wp-content\/uploads\/2026\/04\/DOC9685305606.jpg","width":800,"height":800},{"@type":"BreadcrumbList","@id":"https:\/\/e-mazzoni.it\/fr\/produit\/w-industrial\/#breadcrumb","itemListElement":[{"@type":"ListItem","position":1,"name":"Home","item":"https:\/\/e-mazzoni.it\/fr\/"},{"@type":"ListItem","position":2,"name":"Produits","item":"https:\/\/e-mazzoni.it\/fr\/produits\/"},{"@type":"ListItem","position":3,"name":"W INDUSTRIAL"}]},{"@type":"WebSite","@id":"https:\/\/e-mazzoni.it\/fr\/#website","url":"https:\/\/e-mazzoni.it\/fr\/","name":"Mazzoni","description":"Mazzoni","publisher":{"@id":"https:\/\/e-mazzoni.it\/fr\/#organization"},"potentialAction":[{"@type":"SearchAction","target":{"@type":"EntryPoint","urlTemplate":"https:\/\/e-mazzoni.it\/fr\/?s={search_term_string}"},"query-input":{"@type":"PropertyValueSpecification","valueRequired":true,"valueName":"search_term_string"}}],"inLanguage":"fr-FR"},{"@type":"Organization","@id":"https:\/\/e-mazzoni.it\/fr\/#organization","name":"Mazzoni","url":"https:\/\/e-mazzoni.it\/fr\/","logo":{"@type":"ImageObject","inLanguage":"fr-FR","@id":"https:\/\/e-mazzoni.it\/fr\/#\/schema\/logo\/image\/","url":"https:\/\/e-mazzoni.it\/wp-content\/uploads\/2023\/07\/logo.png","contentUrl":"https:\/\/e-mazzoni.it\/wp-content\/uploads\/2023\/07\/logo.png","width":250,"height":109,"caption":"Mazzoni"},"image":{"@id":"https:\/\/e-mazzoni.it\/fr\/#\/schema\/logo\/image\/"}}]}},"_links":{"self":[{"href":"https:\/\/e-mazzoni.it\/fr\/wp-json\/wp\/v2\/product\/29960","targetHints":{"allow":["GET"]}}],"collection":[{"href":"https:\/\/e-mazzoni.it\/fr\/wp-json\/wp\/v2\/product"}],"about":[{"href":"https:\/\/e-mazzoni.it\/fr\/wp-json\/wp\/v2\/types\/product"}],"wp:featuredmedia":[{"embeddable":true,"href":"https:\/\/e-mazzoni.it\/fr\/wp-json\/wp\/v2\/media\/68125"}],"wp:attachment":[{"href":"https:\/\/e-mazzoni.it\/fr\/wp-json\/wp\/v2\/media?parent=29960"}],"wp:term":[{"taxonomy":"product_brand","embeddable":true,"href":"https:\/\/e-mazzoni.it\/fr\/wp-json\/wp\/v2\/product_brand?post=29960"},{"taxonomy":"product_cat","embeddable":true,"href":"https:\/\/e-mazzoni.it\/fr\/wp-json\/wp\/v2\/product_cat?post=29960"},{"taxonomy":"product_tag","embeddable":true,"href":"https:\/\/e-mazzoni.it\/fr\/wp-json\/wp\/v2\/product_tag?post=29960"}],"curies":[{"name":"wp","href":"https:\/\/api.w.org\/{rel}","templated":true}]}}