{"id":29828,"date":"2024-10-15T06:50:35","date_gmt":"2024-10-15T06:50:35","guid":{"rendered":"https:\/\/e-mazzoni.it\/prodotto\/kb-professional\/"},"modified":"2026-05-02T02:31:20","modified_gmt":"2026-05-02T02:31:20","slug":"kb-professional","status":"publish","type":"product","link":"https:\/\/e-mazzoni.it\/fr\/produit\/kb-professional\/","title":{"rendered":"KB PROFESSIONAL"},"content":{"rendered":"<p>Groupe professionnel autonome avec moteur \u00e0 essence adapt\u00e9 pour les travaux dans le secteur agricole, naval, construction et partout o\u00f9 il n\u2019y a pas d\u2019\u00e9nergie \u00e9lectrique.<\/p>\n<p>Moteur \u00e0 essence monocylindre refroidi par air avec d\u00e9marrage \u00e9lectrique.<br \/>\nPompe professionnelle Mazzoni en ligne (\u00e0 bielles) avec t\u00eate en laiton et trois pistons en c\u00e9ramique.<br \/>\nD\u00e9marrage \u00e9lectrique.<br \/>\nValve de d\u00e9rivation r\u00e9glable<br \/>\nFrein de stationnement<br \/>\nChariot en acier peint<br \/>\nBidon d\u00e9tergent 5 L<br \/>\nAspiration de d\u00e9tergent \u00e0 basse pression<\/p>\n<div>\n<table style=\"width: 100%\" border=\"1\" id=\"table_options\">\n<tbody>\n<tr>\n<th style=\"color: #fff\" bgcolor=\"#ea2833\">CODE<\/th>\n<th style=\"color: #fff\" bgcolor=\"#ea2833\">MODELE<\/th>\n<th style=\"color: #fff\" bgcolor=\"#ea2833\">L\/MIN<\/th>\n<th style=\"color: #fff\" bgcolor=\"#ea2833\">GPM<\/th>\n<th style=\"color: #fff\" bgcolor=\"#ea2833\">BAR<\/th>\n<th style=\"color: #fff\" bgcolor=\"#ea2833\">PSI<\/th>\n<th style=\"color: #fff\" bgcolor=\"#ea2833\">RPM<\/th>\n<th style=\"color: #fff\" bgcolor=\"#ea2833\">HP<\/th>\n<th style=\"color: #fff\" bgcolor=\"#ea2833\">KW<\/th>\n<th style=\"color: #fff\" bgcolor=\"#ea2833\">ALIMENTATION<\/th>\n<th style=\"color: #fff\" bgcolor=\"#ea2833\">BUSE \u00c0 EAU<\/th>\n<th style=\"color: #fff\" bgcolor=\"#ea2833\">R\u00c9SERVOIR DE NETTOYAGE<\/th>\n<th style=\"color: #fff\" bgcolor=\"#ea2833\">R\u00c9SERVOIR DE NETTOYAGE (GAL)<\/th>\n<th style=\"color: #fff\" bgcolor=\"#ea2833\">MAX TEMP\u00c9RATURE DE SORTIE<\/th>\n<th style=\"color: #fff\" bgcolor=\"#ea2833\">MAX TEMP\u00c9RATURE DE SORTIE (F)<\/th>\n<\/tr>\n<tr>\n<td align=\"center !important\">3.023.34.306<\/td>\n<td align=\"center !important\">KB3001<\/td>\n<td align=\"center !important\">11<\/td>\n<td align=\"center !important\">2,9<\/td>\n<td align=\"center !important\">160<\/td>\n<td align=\"center !important\">2320<\/td>\n<td align=\"center !important\">1450<\/td>\n<td align=\"center !important\">5,5<\/td>\n<td align=\"center !important\">4<\/td>\n<td align=\"center !important\">BENZINA\/GASOLINE<\/td>\n<td align=\"center !important\">15045<\/td>\n<td align=\"center !important\">5 L<\/td>\n<td align=\"center !important\">1,3 gal<\/td>\n<td align=\"center !important\">45\u00b0C<\/td>\n<td align=\"center !important\">113\u00b0F<\/td>\n<\/tr>\n<\/tbody>\n<\/table>\n<\/div>\n","protected":false},"excerpt":{"rendered":"<p>Groupe professionnel autonome avec moteur \u00e0 essence adapt\u00e9 pour les travaux dans les secteurs o\u00f9 l\u2019\u00e9nergie \u00e9lectrique n\u2019est pas pr\u00e9sente. \u00a0 Utilisation recommand\u00e9e:Agriculture, construction navale, construction, id\u00e9al pour hydro-sablage etc.<\/p>\n","protected":false},"featured_media":68105,"template":"","meta":{"zakra_page_container_layout":"customizer","zakra_page_sidebar_layout":"customizer","zakra_remove_content_margin":false,"zakra_sidebar":"customizer","zakra_transparent_header":"customizer","zakra_logo":0,"zakra_main_header_style":"default","zakra_menu_item_color":"","zakra_menu_item_hover_color":"","zakra_menu_item_active_color":"","zakra_menu_active_style":"","zakra_page_header":true},"product_brand":[],"product_cat":[3602],"product_tag":[3698,3682,3658],"class_list":{"0":"post-29828","1":"product","2":"type-product","3":"status-publish","4":"has-post-thumbnail","6":"product_cat-nettoyeurs-haute-pression-a-froid","7":"product_tag-chantier_fr","8":"product_tag-construction_fr","9":"product_tag-station_de_lavage_fr","11":"first","12":"instock","13":"shipping-taxable","14":"product-type-simple"},"yoast_head":"<!-- This site is optimized with the Yoast SEO plugin v27.5 - https:\/\/yoast.com\/product\/yoast-seo-wordpress\/ -->\n<title>KB PROFESSIONAL - Mazzoni<\/title>\n<meta name=\"robots\" content=\"index, follow, max-snippet:-1, max-image-preview:large, max-video-preview:-1\" \/>\n<link rel=\"canonical\" href=\"https:\/\/e-mazzoni.it\/fr\/produit\/kb-professional\/\" \/>\n<meta property=\"og:locale\" content=\"fr_FR\" \/>\n<meta property=\"og:type\" content=\"article\" \/>\n<meta property=\"og:title\" content=\"KB PROFESSIONAL - Mazzoni\" \/>\n<meta property=\"og:description\" content=\"Groupe professionnel autonome avec moteur \u00e0 essence adapt\u00e9 pour les travaux dans les secteurs o\u00f9 l\u2019\u00e9nergie \u00e9lectrique n\u2019est pas pr\u00e9sente. \u00a0 Utilisation recommand\u00e9e:Agriculture, construction navale, construction, id\u00e9al pour hydro-sablage etc.\" \/>\n<meta property=\"og:url\" content=\"https:\/\/e-mazzoni.it\/fr\/produit\/kb-professional\/\" \/>\n<meta property=\"og:site_name\" content=\"Mazzoni\" \/>\n<meta property=\"article:modified_time\" content=\"2026-05-02T02:31:20+00:00\" \/>\n<meta property=\"og:image\" content=\"https:\/\/e-mazzoni.it\/wp-content\/uploads\/2026\/04\/DOC8842809190.jpg\" \/>\n\t<meta property=\"og:image:width\" content=\"800\" \/>\n\t<meta property=\"og:image:height\" content=\"800\" \/>\n\t<meta property=\"og:image:type\" content=\"image\/jpeg\" \/>\n<meta name=\"twitter:card\" content=\"summary_large_image\" \/>\n<meta name=\"twitter:label1\" content=\"Dur\u00e9e de lecture estim\u00e9e\" \/>\n\t<meta name=\"twitter:data1\" content=\"1 minute\" \/>\n<!-- \/ Yoast SEO plugin. -->","yoast_head_json":{"title":"KB PROFESSIONAL - Mazzoni","robots":{"index":"index","follow":"follow","max-snippet":"max-snippet:-1","max-image-preview":"max-image-preview:large","max-video-preview":"max-video-preview:-1"},"canonical":"https:\/\/e-mazzoni.it\/fr\/produit\/kb-professional\/","og_locale":"fr_FR","og_type":"article","og_title":"KB PROFESSIONAL - Mazzoni","og_description":"Groupe professionnel autonome avec moteur \u00e0 essence adapt\u00e9 pour les travaux dans les secteurs o\u00f9 l\u2019\u00e9nergie \u00e9lectrique n\u2019est pas pr\u00e9sente. \u00a0 Utilisation recommand\u00e9e:Agriculture, construction navale, construction, id\u00e9al pour hydro-sablage etc.","og_url":"https:\/\/e-mazzoni.it\/fr\/produit\/kb-professional\/","og_site_name":"Mazzoni","article_modified_time":"2026-05-02T02:31:20+00:00","og_image":[{"width":800,"height":800,"url":"https:\/\/e-mazzoni.it\/wp-content\/uploads\/2026\/04\/DOC8842809190.jpg","type":"image\/jpeg"}],"twitter_card":"summary_large_image","twitter_misc":{"Dur\u00e9e de lecture estim\u00e9e":"1 minute"},"schema":{"@context":"https:\/\/schema.org","@graph":[{"@type":"WebPage","@id":"https:\/\/e-mazzoni.it\/fr\/produit\/kb-professional\/","url":"https:\/\/e-mazzoni.it\/fr\/produit\/kb-professional\/","name":"KB PROFESSIONAL - Mazzoni","isPartOf":{"@id":"https:\/\/e-mazzoni.it\/fr\/#website"},"primaryImageOfPage":{"@id":"https:\/\/e-mazzoni.it\/fr\/produit\/kb-professional\/#primaryimage"},"image":{"@id":"https:\/\/e-mazzoni.it\/fr\/produit\/kb-professional\/#primaryimage"},"thumbnailUrl":"https:\/\/e-mazzoni.it\/wp-content\/uploads\/2026\/04\/DOC8842809190.jpg","datePublished":"2024-10-15T06:50:35+00:00","dateModified":"2026-05-02T02:31:20+00:00","breadcrumb":{"@id":"https:\/\/e-mazzoni.it\/fr\/produit\/kb-professional\/#breadcrumb"},"inLanguage":"fr-FR","potentialAction":[{"@type":"ReadAction","target":["https:\/\/e-mazzoni.it\/fr\/produit\/kb-professional\/"]}]},{"@type":"ImageObject","inLanguage":"fr-FR","@id":"https:\/\/e-mazzoni.it\/fr\/produit\/kb-professional\/#primaryimage","url":"https:\/\/e-mazzoni.it\/wp-content\/uploads\/2026\/04\/DOC8842809190.jpg","contentUrl":"https:\/\/e-mazzoni.it\/wp-content\/uploads\/2026\/04\/DOC8842809190.jpg","width":800,"height":800},{"@type":"BreadcrumbList","@id":"https:\/\/e-mazzoni.it\/fr\/produit\/kb-professional\/#breadcrumb","itemListElement":[{"@type":"ListItem","position":1,"name":"Home","item":"https:\/\/e-mazzoni.it\/fr\/"},{"@type":"ListItem","position":2,"name":"Produits","item":"https:\/\/e-mazzoni.it\/fr\/produits\/"},{"@type":"ListItem","position":3,"name":"KB PROFESSIONAL"}]},{"@type":"WebSite","@id":"https:\/\/e-mazzoni.it\/fr\/#website","url":"https:\/\/e-mazzoni.it\/fr\/","name":"Mazzoni","description":"Mazzoni","publisher":{"@id":"https:\/\/e-mazzoni.it\/fr\/#organization"},"potentialAction":[{"@type":"SearchAction","target":{"@type":"EntryPoint","urlTemplate":"https:\/\/e-mazzoni.it\/fr\/?s={search_term_string}"},"query-input":{"@type":"PropertyValueSpecification","valueRequired":true,"valueName":"search_term_string"}}],"inLanguage":"fr-FR"},{"@type":"Organization","@id":"https:\/\/e-mazzoni.it\/fr\/#organization","name":"Mazzoni","url":"https:\/\/e-mazzoni.it\/fr\/","logo":{"@type":"ImageObject","inLanguage":"fr-FR","@id":"https:\/\/e-mazzoni.it\/fr\/#\/schema\/logo\/image\/","url":"https:\/\/e-mazzoni.it\/wp-content\/uploads\/2023\/07\/logo.png","contentUrl":"https:\/\/e-mazzoni.it\/wp-content\/uploads\/2023\/07\/logo.png","width":250,"height":109,"caption":"Mazzoni"},"image":{"@id":"https:\/\/e-mazzoni.it\/fr\/#\/schema\/logo\/image\/"}}]}},"_links":{"self":[{"href":"https:\/\/e-mazzoni.it\/fr\/wp-json\/wp\/v2\/product\/29828","targetHints":{"allow":["GET"]}}],"collection":[{"href":"https:\/\/e-mazzoni.it\/fr\/wp-json\/wp\/v2\/product"}],"about":[{"href":"https:\/\/e-mazzoni.it\/fr\/wp-json\/wp\/v2\/types\/product"}],"wp:featuredmedia":[{"embeddable":true,"href":"https:\/\/e-mazzoni.it\/fr\/wp-json\/wp\/v2\/media\/68105"}],"wp:attachment":[{"href":"https:\/\/e-mazzoni.it\/fr\/wp-json\/wp\/v2\/media?parent=29828"}],"wp:term":[{"taxonomy":"product_brand","embeddable":true,"href":"https:\/\/e-mazzoni.it\/fr\/wp-json\/wp\/v2\/product_brand?post=29828"},{"taxonomy":"product_cat","embeddable":true,"href":"https:\/\/e-mazzoni.it\/fr\/wp-json\/wp\/v2\/product_cat?post=29828"},{"taxonomy":"product_tag","embeddable":true,"href":"https:\/\/e-mazzoni.it\/fr\/wp-json\/wp\/v2\/product_tag?post=29828"}],"curies":[{"name":"wp","href":"https:\/\/api.w.org\/{rel}","templated":true}]}}