{"id":29696,"date":"2024-10-15T06:50:02","date_gmt":"2024-10-15T06:50:02","guid":{"rendered":"https:\/\/e-mazzoni.it\/prodotto\/k-heavy-duty\/"},"modified":"2026-05-02T02:29:09","modified_gmt":"2026-05-02T02:29:09","slug":"k-heavy-duty","status":"publish","type":"product","link":"https:\/\/e-mazzoni.it\/fr\/produit\/k-heavy-duty\/","title":{"rendered":"K  HEAVY DUTY"},"content":{"rendered":"<p>Nettoyeur haute pression professionnel \u00e0 eau froide. Compact, maniable, id\u00e9al pour tous les besoins de nettoyage en ext\u00e9rieur, polyvalent et performant.<\/p>\n<p>Moteur \u00e9lectrique asynchrone s\u00e9rie MEC, service continu, S1 avec protection thermique int\u00e9gr\u00e9e sur les enroulements. Moteur avec un rendement sup\u00e9rieur, donc avec des performances \u00e9lev\u00e9es et une consommation de courant r\u00e9duite. Joint \u00e9lastique.<br \/>\nPompe professionnelle en ligne (\u00e0 bielles) avec t\u00eate en laiton et trois pistons en c\u00e9ramique.<br \/>\nC\u00e2ble \u00e9lectrique mt.5<br \/>\nValve by-pass automatique avec r\u00e9gulation de la pression<br \/>\nTuyau haute pression 10 m\u00e8tres 3\/8\\&#8221;\\&#8221;<br \/>\nLance INOX avec pistolet automatique et raccord rapide pour les accessoires<br \/>\nT\u00eate de pression professionnelle avec buse en acier tremp\u00e9 et aspiration d\u00e9tergente \u00e0 basse pression<br \/>\nChariot en acier peint avec poign\u00e9e de transport confortable et robuste<br \/>\nTanika nettoyant 4 l.<br \/>\nSupport pour lance, tube et c\u00e2ble \u00e9lectrique<br \/>\nSyst\u00e8me TST (Time Stop)<br \/>\nCompteur de vitesse interne<br \/>\nFrein de stationnement<\/p>\n<div>\n<table style=\"width: 100%\" border=\"1\" id=\"table_options\">\n<tbody>\n<tr>\n<th style=\"color: #fff\" bgcolor=\"#ea2833\">CODE<\/th>\n<th style=\"color: #fff\" bgcolor=\"#ea2833\">MODELE<\/th>\n<th style=\"color: #fff\" bgcolor=\"#ea2833\">L\/MIN &#8211; 1450 RPM<\/th>\n<th style=\"color: #fff\" bgcolor=\"#ea2833\">GPM &#8211; 1450 RPM<\/th>\n<th style=\"color: #fff\" bgcolor=\"#ea2833\">BAR<\/th>\n<th style=\"color: #fff\" bgcolor=\"#ea2833\">PSI<\/th>\n<th style=\"color: #fff\" bgcolor=\"#ea2833\">RPM 50 HZ<\/th>\n<th style=\"color: #fff\" bgcolor=\"#ea2833\">HP<\/th>\n<th style=\"color: #fff\" bgcolor=\"#ea2833\">KW<\/th>\n<th style=\"color: #fff\" bgcolor=\"#ea2833\">VOLT<\/th>\n<th style=\"color: #fff\" bgcolor=\"#ea2833\">Hz<\/th>\n<th style=\"color: #fff\" bgcolor=\"#ea2833\">PHASE<\/th>\n<th style=\"color: #fff\" bgcolor=\"#ea2833\">\u00c0 50 HZ<\/th>\n<th style=\"color: #fff\" bgcolor=\"#ea2833\">BUSE \u00c0 EAU<\/th>\n<th style=\"color: #fff\" bgcolor=\"#ea2833\">R\u00c9SERVOIR DE NETTOYAGE<\/th>\n<th style=\"color: #fff\" bgcolor=\"#ea2833\">R\u00c9SERVOIR DE NETTOYAGE (GAL)<\/th>\n<th style=\"color: #fff\" bgcolor=\"#ea2833\">MAX TEMP\u00c9RATURE DE SORTIE<\/th>\n<th style=\"color: #fff\" bgcolor=\"#ea2833\">MAX TEMP\u00c9RATURE DE SORTIE (F)<\/th>\n<\/tr>\n<tr>\n<td align=\"center !important\">3.023.14.393<\/td>\n<td align=\"center !important\">K5000<\/td>\n<td align=\"center !important\">21<\/td>\n<td align=\"center !important\">5,5<\/td>\n<td align=\"center !important\">200<\/td>\n<td align=\"center !important\">2900<\/td>\n<td align=\"center !important\">1450<\/td>\n<td align=\"center !important\">10<\/td>\n<td align=\"center !important\">7.5<\/td>\n<td align=\"center !important\">400<\/td>\n<td align=\"center !important\">50<\/td>\n<td align=\"center !important\">3<\/td>\n<td align=\"center !important\">14.7<\/td>\n<td align=\"center !important\">1507<\/td>\n<td align=\"center !important\">5 L<\/td>\n<td align=\"center !important\">1,3 gal<\/td>\n<td align=\"center !important\">65\u00b0C<\/td>\n<td align=\"center !important\">149\u00b0F<\/td>\n<\/tr>\n<tr>\n<td align=\"center !important\">3.023.14.386<\/td>\n<td align=\"center !important\">K6000<\/td>\n<td align=\"center !important\">30<\/td>\n<td align=\"center !important\">7,9<\/td>\n<td align=\"center !important\">200<\/td>\n<td align=\"center !important\">2900<\/td>\n<td align=\"center !important\">1450<\/td>\n<td align=\"center !important\">15<\/td>\n<td align=\"center !important\">11<\/td>\n<td align=\"center !important\">400<\/td>\n<td align=\"center !important\">50<\/td>\n<td align=\"center !important\">3<\/td>\n<td align=\"center !important\">21<\/td>\n<td align=\"center !important\">1510<\/td>\n<td align=\"center !important\">5 L<\/td>\n<td align=\"center !important\">1,3 gal<\/td>\n<td align=\"center !important\">65\u00b0C<\/td>\n<td align=\"center !important\">149\u00b0F<\/td>\n<\/tr>\n<tr>\n<td align=\"center !important\">3.023.14.387<\/td>\n<td align=\"center !important\">K7000<\/td>\n<td align=\"center !important\">40<\/td>\n<td align=\"center !important\">10,56<\/td>\n<td align=\"center !important\">150<\/td>\n<td align=\"center !important\">2175<\/td>\n<td align=\"center !important\">1450<\/td>\n<td align=\"center !important\">15<\/td>\n<td align=\"center !important\">11<\/td>\n<td align=\"center !important\">400<\/td>\n<td align=\"center !important\">50<\/td>\n<td align=\"center !important\">3<\/td>\n<td align=\"center !important\">21<\/td>\n<td align=\"center !important\">15035<\/td>\n<td align=\"center !important\">5 L<\/td>\n<td align=\"center !important\">1,3 gal<\/td>\n<td align=\"center !important\">65\u00b0C<\/td>\n<td align=\"center !important\">149\u00b0F<\/td>\n<\/tr>\n<tr>\n<td align=\"center !important\">3.023.14.388<\/td>\n<td align=\"center !important\">K8000<\/td>\n<td align=\"center !important\">15<\/td>\n<td align=\"center !important\">3,9<\/td>\n<td align=\"center !important\">400<\/td>\n<td align=\"center !important\">5801<\/td>\n<td align=\"center !important\">1450<\/td>\n<td align=\"center !important\">15<\/td>\n<td align=\"center !important\">11<\/td>\n<td align=\"center !important\">400<\/td>\n<td align=\"center !important\">50<\/td>\n<td align=\"center !important\">3<\/td>\n<td align=\"center !important\">21<\/td>\n<td align=\"center !important\">15035<\/td>\n<td align=\"center !important\">5 L<\/td>\n<td align=\"center !important\">1,3 gal<\/td>\n<td align=\"center !important\">65\u00b0C<\/td>\n<td align=\"center !important\">149\u00b0F<\/td>\n<\/tr>\n<tr>\n<td align=\"center !important\">3.023.14.389<\/td>\n<td align=\"center !important\">K9000<\/td>\n<td align=\"center !important\">18<\/td>\n<td align=\"center !important\">4,7<\/td>\n<td align=\"center !important\">300<\/td>\n<td align=\"center !important\">4351<\/td>\n<td align=\"center !important\">1450<\/td>\n<td align=\"center !important\">15<\/td>\n<td align=\"center !important\">11<\/td>\n<td align=\"center !important\">400<\/td>\n<td align=\"center !important\">50<\/td>\n<td align=\"center !important\">3<\/td>\n<td align=\"center !important\">21<\/td>\n<td align=\"center !important\">15045<\/td>\n<td align=\"center !important\">5 L<\/td>\n<td align=\"center !important\">1,3 gal<\/td>\n<td align=\"center !important\">65\u00b0C<\/td>\n<td align=\"center !important\">149\u00b0F<\/td>\n<\/tr>\n<\/tbody>\n<\/table>\n<\/div>\n","protected":false},"excerpt":{"rendered":"<p>Con\u00e7ues pour un usage quotidien et intensif de nettoyage des b\u00e2timents, machines, v\u00e9hicules et appareils. Id\u00e9ales pour le nettoyage de la salet\u00e9 incrust\u00e9e et tenace, avec leur pression et leur d\u00e9bit, les nettoyeurs haute pression Mazzoni permettent le lavage de grandes surfaces avec une consommation \u00e9lectrique r\u00e9duite. \u00a0 Utilisation recommand\u00e9e\u00a0: Agriculture, artisans, industrie alimentaire, industrie m\u00e9tallurgique, organismes municipaux, transports, march\u00e9s, construction navale etc. \u00a0<\/p>\n","protected":false},"featured_media":68075,"template":"","meta":{"zakra_page_container_layout":"customizer","zakra_page_sidebar_layout":"customizer","zakra_remove_content_margin":false,"zakra_sidebar":"customizer","zakra_transparent_header":"customizer","zakra_logo":0,"zakra_main_header_style":"default","zakra_menu_item_color":"","zakra_menu_item_hover_color":"","zakra_menu_item_active_color":"","zakra_menu_active_style":"","zakra_page_header":true},"product_brand":[],"product_cat":[3602],"product_tag":[3642,3658],"class_list":{"0":"post-29696","1":"product","2":"type-product","3":"status-publish","4":"has-post-thumbnail","6":"product_cat-nettoyeurs-haute-pression-a-froid","7":"product_tag-lavage_fr","8":"product_tag-station_de_lavage_fr","10":"first","11":"instock","12":"shipping-taxable","13":"product-type-simple"},"yoast_head":"<!-- This site is optimized with the Yoast SEO plugin v27.5 - https:\/\/yoast.com\/product\/yoast-seo-wordpress\/ -->\n<title>K HEAVY DUTY - Mazzoni<\/title>\n<meta name=\"robots\" content=\"index, follow, max-snippet:-1, max-image-preview:large, max-video-preview:-1\" \/>\n<link rel=\"canonical\" href=\"https:\/\/e-mazzoni.it\/fr\/produit\/k-heavy-duty\/\" \/>\n<meta property=\"og:locale\" content=\"fr_FR\" \/>\n<meta property=\"og:type\" content=\"article\" \/>\n<meta property=\"og:title\" content=\"K HEAVY DUTY - Mazzoni\" \/>\n<meta property=\"og:description\" content=\"Con\u00e7ues pour un usage quotidien et intensif de nettoyage des b\u00e2timents, machines, v\u00e9hicules et appareils. Id\u00e9ales pour le nettoyage de la salet\u00e9 incrust\u00e9e et tenace, avec leur pression et leur d\u00e9bit, les nettoyeurs haute pression Mazzoni permettent le lavage de grandes surfaces avec une consommation \u00e9lectrique r\u00e9duite. \u00a0 Utilisation recommand\u00e9e\u00a0: Agriculture, artisans, industrie alimentaire, industrie m\u00e9tallurgique, organismes municipaux, transports, march\u00e9s, construction navale etc. \u00a0\" \/>\n<meta property=\"og:url\" content=\"https:\/\/e-mazzoni.it\/fr\/produit\/k-heavy-duty\/\" \/>\n<meta property=\"og:site_name\" content=\"Mazzoni\" \/>\n<meta property=\"article:modified_time\" content=\"2026-05-02T02:29:09+00:00\" \/>\n<meta property=\"og:image\" content=\"https:\/\/e-mazzoni.it\/wp-content\/uploads\/2026\/04\/DOC5392559819.jpg\" \/>\n\t<meta property=\"og:image:width\" content=\"800\" \/>\n\t<meta property=\"og:image:height\" content=\"800\" \/>\n\t<meta property=\"og:image:type\" content=\"image\/jpeg\" \/>\n<meta name=\"twitter:card\" content=\"summary_large_image\" \/>\n<meta name=\"twitter:label1\" content=\"Dur\u00e9e de lecture estim\u00e9e\" \/>\n\t<meta name=\"twitter:data1\" content=\"1 minute\" \/>\n<!-- \/ Yoast SEO plugin. -->","yoast_head_json":{"title":"K HEAVY DUTY - Mazzoni","robots":{"index":"index","follow":"follow","max-snippet":"max-snippet:-1","max-image-preview":"max-image-preview:large","max-video-preview":"max-video-preview:-1"},"canonical":"https:\/\/e-mazzoni.it\/fr\/produit\/k-heavy-duty\/","og_locale":"fr_FR","og_type":"article","og_title":"K HEAVY DUTY - Mazzoni","og_description":"Con\u00e7ues pour un usage quotidien et intensif de nettoyage des b\u00e2timents, machines, v\u00e9hicules et appareils. Id\u00e9ales pour le nettoyage de la salet\u00e9 incrust\u00e9e et tenace, avec leur pression et leur d\u00e9bit, les nettoyeurs haute pression Mazzoni permettent le lavage de grandes surfaces avec une consommation \u00e9lectrique r\u00e9duite. \u00a0 Utilisation recommand\u00e9e\u00a0: Agriculture, artisans, industrie alimentaire, industrie m\u00e9tallurgique, organismes municipaux, transports, march\u00e9s, construction navale etc. \u00a0","og_url":"https:\/\/e-mazzoni.it\/fr\/produit\/k-heavy-duty\/","og_site_name":"Mazzoni","article_modified_time":"2026-05-02T02:29:09+00:00","og_image":[{"width":800,"height":800,"url":"https:\/\/e-mazzoni.it\/wp-content\/uploads\/2026\/04\/DOC5392559819.jpg","type":"image\/jpeg"}],"twitter_card":"summary_large_image","twitter_misc":{"Dur\u00e9e de lecture estim\u00e9e":"1 minute"},"schema":{"@context":"https:\/\/schema.org","@graph":[{"@type":"WebPage","@id":"https:\/\/e-mazzoni.it\/fr\/produit\/k-heavy-duty\/","url":"https:\/\/e-mazzoni.it\/fr\/produit\/k-heavy-duty\/","name":"K HEAVY DUTY - Mazzoni","isPartOf":{"@id":"https:\/\/e-mazzoni.it\/fr\/#website"},"primaryImageOfPage":{"@id":"https:\/\/e-mazzoni.it\/fr\/produit\/k-heavy-duty\/#primaryimage"},"image":{"@id":"https:\/\/e-mazzoni.it\/fr\/produit\/k-heavy-duty\/#primaryimage"},"thumbnailUrl":"https:\/\/e-mazzoni.it\/wp-content\/uploads\/2026\/04\/DOC5392559819.jpg","datePublished":"2024-10-15T06:50:02+00:00","dateModified":"2026-05-02T02:29:09+00:00","breadcrumb":{"@id":"https:\/\/e-mazzoni.it\/fr\/produit\/k-heavy-duty\/#breadcrumb"},"inLanguage":"fr-FR","potentialAction":[{"@type":"ReadAction","target":["https:\/\/e-mazzoni.it\/fr\/produit\/k-heavy-duty\/"]}]},{"@type":"ImageObject","inLanguage":"fr-FR","@id":"https:\/\/e-mazzoni.it\/fr\/produit\/k-heavy-duty\/#primaryimage","url":"https:\/\/e-mazzoni.it\/wp-content\/uploads\/2026\/04\/DOC5392559819.jpg","contentUrl":"https:\/\/e-mazzoni.it\/wp-content\/uploads\/2026\/04\/DOC5392559819.jpg","width":800,"height":800},{"@type":"BreadcrumbList","@id":"https:\/\/e-mazzoni.it\/fr\/produit\/k-heavy-duty\/#breadcrumb","itemListElement":[{"@type":"ListItem","position":1,"name":"Home","item":"https:\/\/e-mazzoni.it\/fr\/"},{"@type":"ListItem","position":2,"name":"Produits","item":"https:\/\/e-mazzoni.it\/fr\/produits\/"},{"@type":"ListItem","position":3,"name":"K HEAVY DUTY"}]},{"@type":"WebSite","@id":"https:\/\/e-mazzoni.it\/fr\/#website","url":"https:\/\/e-mazzoni.it\/fr\/","name":"Mazzoni","description":"Mazzoni","publisher":{"@id":"https:\/\/e-mazzoni.it\/fr\/#organization"},"potentialAction":[{"@type":"SearchAction","target":{"@type":"EntryPoint","urlTemplate":"https:\/\/e-mazzoni.it\/fr\/?s={search_term_string}"},"query-input":{"@type":"PropertyValueSpecification","valueRequired":true,"valueName":"search_term_string"}}],"inLanguage":"fr-FR"},{"@type":"Organization","@id":"https:\/\/e-mazzoni.it\/fr\/#organization","name":"Mazzoni","url":"https:\/\/e-mazzoni.it\/fr\/","logo":{"@type":"ImageObject","inLanguage":"fr-FR","@id":"https:\/\/e-mazzoni.it\/fr\/#\/schema\/logo\/image\/","url":"https:\/\/e-mazzoni.it\/wp-content\/uploads\/2023\/07\/logo.png","contentUrl":"https:\/\/e-mazzoni.it\/wp-content\/uploads\/2023\/07\/logo.png","width":250,"height":109,"caption":"Mazzoni"},"image":{"@id":"https:\/\/e-mazzoni.it\/fr\/#\/schema\/logo\/image\/"}}]}},"_links":{"self":[{"href":"https:\/\/e-mazzoni.it\/fr\/wp-json\/wp\/v2\/product\/29696","targetHints":{"allow":["GET"]}}],"collection":[{"href":"https:\/\/e-mazzoni.it\/fr\/wp-json\/wp\/v2\/product"}],"about":[{"href":"https:\/\/e-mazzoni.it\/fr\/wp-json\/wp\/v2\/types\/product"}],"wp:featuredmedia":[{"embeddable":true,"href":"https:\/\/e-mazzoni.it\/fr\/wp-json\/wp\/v2\/media\/68075"}],"wp:attachment":[{"href":"https:\/\/e-mazzoni.it\/fr\/wp-json\/wp\/v2\/media?parent=29696"}],"wp:term":[{"taxonomy":"product_brand","embeddable":true,"href":"https:\/\/e-mazzoni.it\/fr\/wp-json\/wp\/v2\/product_brand?post=29696"},{"taxonomy":"product_cat","embeddable":true,"href":"https:\/\/e-mazzoni.it\/fr\/wp-json\/wp\/v2\/product_cat?post=29696"},{"taxonomy":"product_tag","embeddable":true,"href":"https:\/\/e-mazzoni.it\/fr\/wp-json\/wp\/v2\/product_tag?post=29696"}],"curies":[{"name":"wp","href":"https:\/\/api.w.org\/{rel}","templated":true}]}}