{"id":29553,"date":"2024-10-15T06:49:06","date_gmt":"2024-10-15T06:49:06","guid":{"rendered":"https:\/\/e-mazzoni.it\/prodotto\/pm-edm-e4\/"},"modified":"2026-05-02T02:26:09","modified_gmt":"2026-05-02T02:26:09","slug":"pm-edm-e4","status":"publish","type":"product","link":"https:\/\/e-mazzoni.it\/fr\/produit\/pm-edm-e4\/","title":{"rendered":"PM-EDM-E4"},"content":{"rendered":"<p>S\u00c9RIE PM-EDM-E4\u00a0: pompes industrielles en ligne \u00e0 3 pistons haute pression avec syst\u00e8me bielle\/manivelle. Pression maximale 200BAR (2900psi).<br \/>\nDes performances \u00e9lev\u00e9es, un entretien minimal et une fiabilit\u00e9 sont garantis par des mat\u00e9riaux de qualit\u00e9 qui assurent une longue dur\u00e9e de vie. 100% de production italienne dans nos usines de Reggio Emilia.<\/p>\n<div>\n<table style=\"width: 100%\" border=\"1\" id=\"table_options\">\n<tbody>\n<tr>\n<th style=\"color: #fff\" bgcolor=\"#ea2833\">CODE<\/th>\n<th style=\"color: #fff\" bgcolor=\"#ea2833\">MODELE<\/th>\n<th style=\"color: #fff\" bgcolor=\"#ea2833\">BAR<\/th>\n<th style=\"color: #fff\" bgcolor=\"#ea2833\">PSI<\/th>\n<th style=\"color: #fff\" bgcolor=\"#ea2833\">L\/MIN<\/th>\n<th style=\"color: #fff\" bgcolor=\"#ea2833\">GPM<\/th>\n<th style=\"color: #fff\" bgcolor=\"#ea2833\">RPM<\/th>\n<th style=\"color: #fff\" bgcolor=\"#ea2833\">HP <\/th>\n<th style=\"color: #fff\" bgcolor=\"#ea2833\">KW<\/th>\n<th style=\"color: #fff\" bgcolor=\"#ea2833\">PORTATA LT RPM2<\/th>\n<th style=\"color: #fff\" bgcolor=\"#ea2833\">PORTATA GPM RPM2<\/th>\n<th style=\"color: #fff\" bgcolor=\"#ea2833\">RPM<\/th>\n<th style=\"color: #fff\" bgcolor=\"#ea2833\">POTENZA HP RPM2<\/th>\n<th style=\"color: #fff\" bgcolor=\"#ea2833\">POTENZA KW RPM2<\/th>\n<th style=\"color: #fff\" bgcolor=\"#ea2833\">\u00f8 ARBRE<\/th>\n<th style=\"color: #fff\" bgcolor=\"#ea2833\">\u00f8 ARBRE<\/th>\n<th style=\"color: #fff\" bgcolor=\"#ea2833\">LONGUEUR DE L\u2019ARBRE<\/th>\n<th style=\"color: #fff\" bgcolor=\"#ea2833\">LONGUEUR DE L\u2019ARBRE (INCH)<\/th>\n<th style=\"color: #fff\" bgcolor=\"#ea2833\">ARBRE<\/th>\n<th style=\"color: #fff\" bgcolor=\"#ea2833\">\u00f8 PISTON<\/th>\n<th style=\"color: #fff\" bgcolor=\"#ea2833\">PISTONE De INCH<\/th>\n<th style=\"color: #fff\" bgcolor=\"#ea2833\">MAX TEMP\u00c9RATURE ENTR\u00c9E<\/th>\n<th style=\"color: #fff\" bgcolor=\"#ea2833\">MIN PRESSION ENTR\u00c9E (BAR)<\/th>\n<th style=\"color: #fff\" bgcolor=\"#ea2833\">MIN PRESSION ENTR\u00c9E (PSI)<\/th>\n<th style=\"color: #fff\" bgcolor=\"#ea2833\">CAPACIT\u00c9 D\u2019HUILE (LT)<\/th>\n<th style=\"color: #fff\" bgcolor=\"#ea2833\">CAPACIT\u00c9 D\u2019HUILE (GAL)<\/th>\n<th style=\"color: #fff\" bgcolor=\"#ea2833\">INLET<\/th>\n<th style=\"color: #fff\" bgcolor=\"#ea2833\">OUTLET<\/th>\n<th style=\"color: #fff\" bgcolor=\"#ea2833\">POIDS NET (KG)<\/th>\n<th style=\"color: #fff\" bgcolor=\"#ea2833\">POIDS NET (LBS)<\/th>\n<\/tr>\n<tr>\n<td align=\"center !important\">P3.010.307<\/td>\n<td align=\"center !important\">PM-EDM E4 8200R<\/td>\n<td align=\"center !important\">200<\/td>\n<td align=\"center !important\">2900<\/td>\n<td align=\"center !important\">8,50<\/td>\n<td align=\"center !important\">2,24<\/td>\n<td align=\"center !important\">3400<\/td>\n<td align=\"center !important\">4,42<\/td>\n<td align=\"center !important\">3,29<\/td>\n<td align=\"center !important\"><\/td>\n<td align=\"center !important\"><\/td>\n<td align=\"center !important\"><\/td>\n<td align=\"center !important\"><\/td>\n<td align=\"center !important\"><\/td>\n<td align=\"center !important\">25,40mm<\/td>\n<td align=\"center !important\">1 in.<\/td>\n<td align=\"center !important\">65mm<\/td>\n<td align=\"center !important\">2.5 in.<\/td>\n<td align=\"center !important\">Destro\/Right<\/td>\n<td align=\"center !important\">14mm<\/td>\n<td align=\"center !important\">0.5 in.<\/td>\n<td align=\"center !important\">65\u00b0C-149\u00b0F<\/td>\n<td align=\"center !important\">0,2<\/td>\n<td align=\"center !important\">2,9<\/td>\n<td align=\"center !important\">0,4<\/td>\n<td align=\"center !important\">0,1<\/td>\n<td align=\"center !important\">G 1\/2<\/td>\n<td align=\"center !important\">G 3\/8<\/td>\n<td align=\"center !important\">7,5<\/td>\n<td align=\"center !important\">16,5<\/td>\n<\/tr>\n<tr>\n<td align=\"center !important\">P3.010.308<\/td>\n<td align=\"center !important\">PM-EDM E4 10200R<\/td>\n<td align=\"center !important\">200<\/td>\n<td align=\"center !important\">2900<\/td>\n<td align=\"center !important\">10<\/td>\n<td align=\"center !important\">2,64<\/td>\n<td align=\"center !important\">3400<\/td>\n<td align=\"center !important\">5,19<\/td>\n<td align=\"center !important\">3,87<\/td>\n<td align=\"center !important\"><\/td>\n<td align=\"center !important\"><\/td>\n<td align=\"center !important\"><\/td>\n<td align=\"center !important\"><\/td>\n<td align=\"center !important\"><\/td>\n<td align=\"center !important\">25,40mm<\/td>\n<td align=\"center !important\">1 in.<\/td>\n<td align=\"center !important\">65mm<\/td>\n<td align=\"center !important\">2.5 in.<\/td>\n<td align=\"center !important\">Destro\/Right<\/td>\n<td align=\"center !important\">14mm<\/td>\n<td align=\"center !important\">0.5 in.<\/td>\n<td align=\"center !important\">65\u00b0C-149\u00b0F<\/td>\n<td align=\"center !important\">0,2<\/td>\n<td align=\"center !important\">2,9<\/td>\n<td align=\"center !important\">0,4<\/td>\n<td align=\"center !important\">0,1<\/td>\n<td align=\"center !important\">G 1\/2<\/td>\n<td align=\"center !important\">G 3\/8<\/td>\n<td align=\"center !important\">7,5<\/td>\n<td align=\"center !important\">16,5<\/td>\n<\/tr>\n<tr>\n<td align=\"center !important\">P3.010.309<\/td>\n<td align=\"center !important\">PM-EDM E4 11200R<\/td>\n<td align=\"center !important\">200<\/td>\n<td align=\"center !important\">2900<\/td>\n<td align=\"center !important\">11,50<\/td>\n<td align=\"center !important\">3,03<\/td>\n<td align=\"center !important\">3400<\/td>\n<td align=\"center !important\">5,97<\/td>\n<td align=\"center !important\">4,45<\/td>\n<td align=\"center !important\"><\/td>\n<td align=\"center !important\"><\/td>\n<td align=\"center !important\"><\/td>\n<td align=\"center !important\"><\/td>\n<td align=\"center !important\"><\/td>\n<td align=\"center !important\">25,40mm<\/td>\n<td align=\"center !important\">1 in.<\/td>\n<td align=\"center !important\">65mm<\/td>\n<td align=\"center !important\">2.5 in.<\/td>\n<td align=\"center !important\">Destro\/Right<\/td>\n<td align=\"center !important\">14mm<\/td>\n<td align=\"center !important\">0.5 in.<\/td>\n<td align=\"center !important\">65\u00b0C-149\u00b0F<\/td>\n<td align=\"center !important\">0,2<\/td>\n<td align=\"center !important\">2,9<\/td>\n<td align=\"center !important\">0,4<\/td>\n<td align=\"center !important\">0,1<\/td>\n<td align=\"center !important\">G 1\/2<\/td>\n<td align=\"center !important\">G 3\/8<\/td>\n<td align=\"center !important\">7,5<\/td>\n<td align=\"center !important\">16,5<\/td>\n<\/tr>\n<tr>\n<td align=\"center !important\">P3.010.310<\/td>\n<td align=\"center !important\">PM-EDM E4 14200R<\/td>\n<td align=\"center !important\">200<\/td>\n<td align=\"center !important\">2900<\/td>\n<td align=\"center !important\">14<\/td>\n<td align=\"center !important\">3,7<\/td>\n<td align=\"center !important\">3400<\/td>\n<td align=\"center !important\">7,27<\/td>\n<td align=\"center !important\">5,42<\/td>\n<td align=\"center !important\"><\/td>\n<td align=\"center !important\"><\/td>\n<td align=\"center !important\"><\/td>\n<td align=\"center !important\"><\/td>\n<td align=\"center !important\"><\/td>\n<td align=\"center !important\">25,40mm<\/td>\n<td align=\"center !important\">1 in.<\/td>\n<td align=\"center !important\">65mm<\/td>\n<td align=\"center !important\">2.5 in.<\/td>\n<td align=\"center !important\">Destro\/Right<\/td>\n<td align=\"center !important\">14mm<\/td>\n<td align=\"center !important\">0.5 in.<\/td>\n<td align=\"center !important\">65\u00b0C-149\u00b0F<\/td>\n<td align=\"center !important\">0,2<\/td>\n<td align=\"center !important\">2,9<\/td>\n<td align=\"center !important\">0,4<\/td>\n<td align=\"center !important\">0,1<\/td>\n<td align=\"center !important\">G 1\/2<\/td>\n<td align=\"center !important\">G 3\/8<\/td>\n<td align=\"center !important\">7,5<\/td>\n<td align=\"center !important\">16,5<\/td>\n<\/tr>\n<tr>\n<td align=\"center !important\">P3.010.311<\/td>\n<td align=\"center !important\">PM-EDM E4 15200R<\/td>\n<td align=\"center !important\">200<\/td>\n<td align=\"center !important\">2900<\/td>\n<td align=\"center !important\">15<\/td>\n<td align=\"center !important\">3,96<\/td>\n<td align=\"center !important\">3400<\/td>\n<td align=\"center !important\">7,79<\/td>\n<td align=\"center !important\">5,81<\/td>\n<td align=\"center !important\"><\/td>\n<td align=\"center !important\"><\/td>\n<td align=\"center !important\"><\/td>\n<td align=\"center !important\"><\/td>\n<td align=\"center !important\"><\/td>\n<td align=\"center !important\">25,40mm<\/td>\n<td align=\"center !important\">1 in.<\/td>\n<td align=\"center !important\">65mm<\/td>\n<td align=\"center !important\">2.5 in.<\/td>\n<td align=\"center !important\">Destro\/Right<\/td>\n<td align=\"center !important\">14mm<\/td>\n<td align=\"center !important\">0.5 in.<\/td>\n<td align=\"center !important\">65\u00b0C-149\u00b0F<\/td>\n<td align=\"center !important\">0,2<\/td>\n<td align=\"center !important\">2,9<\/td>\n<td align=\"center !important\">0,4<\/td>\n<td align=\"center !important\">0,1<\/td>\n<td align=\"center !important\">G 1\/2<\/td>\n<td align=\"center !important\">G 3\/8<\/td>\n<td align=\"center !important\">7,5<\/td>\n<td align=\"center !important\">16,5<\/td>\n<\/tr>\n<tr>\n<td align=\"center !important\">P3.010.312<\/td>\n<td align=\"center !important\">PM-EDM E4 8200L<\/td>\n<td align=\"center !important\">200<\/td>\n<td align=\"center !important\">2900<\/td>\n<td align=\"center !important\">8,50<\/td>\n<td align=\"center !important\">2,24<\/td>\n<td align=\"center !important\">3400<\/td>\n<td align=\"center !important\">4,42<\/td>\n<td align=\"center !important\">3,29<\/td>\n<td align=\"center !important\"><\/td>\n<td align=\"center !important\"><\/td>\n<td align=\"center !important\"><\/td>\n<td align=\"center !important\"><\/td>\n<td align=\"center !important\"><\/td>\n<td align=\"center !important\">25,40mm<\/td>\n<td align=\"center !important\">1 in.<\/td>\n<td align=\"center !important\">65mm<\/td>\n<td align=\"center !important\">2.5 in.<\/td>\n<td align=\"center !important\">Sinistro\/Left<\/td>\n<td align=\"center !important\">14mm<\/td>\n<td align=\"center !important\">0.5 in.<\/td>\n<td align=\"center !important\">65\u00b0C-149\u00b0F<\/td>\n<td align=\"center !important\">0,2<\/td>\n<td align=\"center !important\">2,9<\/td>\n<td align=\"center !important\">0,4<\/td>\n<td align=\"center !important\">0,1<\/td>\n<td align=\"center !important\">G 1\/2<\/td>\n<td align=\"center !important\">G 3\/8<\/td>\n<td align=\"center !important\">7,5<\/td>\n<td align=\"center !important\">16,5<\/td>\n<\/tr>\n<tr>\n<td align=\"center !important\">P3.010.313<\/td>\n<td align=\"center !important\">PM-EDM E4 10200L<\/td>\n<td align=\"center !important\">200<\/td>\n<td align=\"center !important\">2900<\/td>\n<td align=\"center !important\">10<\/td>\n<td align=\"center !important\">2,64<\/td>\n<td align=\"center !important\">3400<\/td>\n<td align=\"center !important\">5,19<\/td>\n<td align=\"center !important\">3,87<\/td>\n<td align=\"center !important\"><\/td>\n<td align=\"center !important\"><\/td>\n<td align=\"center !important\"><\/td>\n<td align=\"center !important\"><\/td>\n<td align=\"center !important\"><\/td>\n<td align=\"center !important\">25,40mm<\/td>\n<td align=\"center !important\">1 in.<\/td>\n<td align=\"center !important\">65mm<\/td>\n<td align=\"center !important\">2.5 in.<\/td>\n<td align=\"center !important\">Sinistro\/Left<\/td>\n<td align=\"center !important\">14mm<\/td>\n<td align=\"center !important\">0.5 in.<\/td>\n<td align=\"center !important\">65\u00b0C-149\u00b0F<\/td>\n<td align=\"center !important\">0,2<\/td>\n<td align=\"center !important\">2,9<\/td>\n<td align=\"center !important\">0,4<\/td>\n<td align=\"center !important\">0,1<\/td>\n<td align=\"center !important\">G 1\/2<\/td>\n<td align=\"center !important\">G 3\/8<\/td>\n<td align=\"center !important\">7,5<\/td>\n<td align=\"center !important\">16,5<\/td>\n<\/tr>\n<tr>\n<td align=\"center !important\">P3.010.314<\/td>\n<td align=\"center !important\">PM-EDM E4 11200L<\/td>\n<td align=\"center !important\">200<\/td>\n<td align=\"center !important\">2900<\/td>\n<td align=\"center !important\">11,50<\/td>\n<td align=\"center !important\">3,03<\/td>\n<td align=\"center !important\">3400<\/td>\n<td align=\"center !important\">5,97<\/td>\n<td align=\"center !important\">4,45<\/td>\n<td align=\"center !important\"><\/td>\n<td align=\"center !important\"><\/td>\n<td align=\"center !important\"><\/td>\n<td align=\"center !important\"><\/td>\n<td align=\"center !important\"><\/td>\n<td align=\"center !important\">25,40mm<\/td>\n<td align=\"center !important\">1 in.<\/td>\n<td align=\"center !important\">65mm<\/td>\n<td align=\"center !important\">2.5 in.<\/td>\n<td align=\"center !important\">Sinistro\/Left<\/td>\n<td align=\"center !important\">14mm<\/td>\n<td align=\"center !important\">0.5 in.<\/td>\n<td align=\"center !important\">65\u00b0C-149\u00b0F<\/td>\n<td align=\"center !important\">0,2<\/td>\n<td align=\"center !important\">2,9<\/td>\n<td align=\"center !important\">0,4<\/td>\n<td align=\"center !important\">0,1<\/td>\n<td align=\"center !important\">G 1\/2<\/td>\n<td align=\"center !important\">G 3\/8<\/td>\n<td align=\"center !important\">7,5<\/td>\n<td align=\"center !important\">16,5<\/td>\n<\/tr>\n<tr>\n<td align=\"center !important\">P3.010.315<\/td>\n<td align=\"center !important\">PM-EDM E4 14200L<\/td>\n<td align=\"center !important\">200<\/td>\n<td align=\"center !important\">2900<\/td>\n<td align=\"center !important\">14<\/td>\n<td align=\"center !important\">3,7<\/td>\n<td align=\"center !important\">3400<\/td>\n<td align=\"center !important\">7,27<\/td>\n<td align=\"center !important\">5,42<\/td>\n<td align=\"center !important\"><\/td>\n<td align=\"center !important\"><\/td>\n<td align=\"center !important\"><\/td>\n<td align=\"center !important\"><\/td>\n<td align=\"center !important\"><\/td>\n<td align=\"center !important\">25,40mm<\/td>\n<td align=\"center !important\">1 in.<\/td>\n<td align=\"center !important\">65mm<\/td>\n<td align=\"center !important\">2.5 in.<\/td>\n<td align=\"center !important\">Sinistro\/Left<\/td>\n<td align=\"center !important\">14mm<\/td>\n<td align=\"center !important\">0.5 in.<\/td>\n<td align=\"center !important\">65\u00b0C-149\u00b0F<\/td>\n<td align=\"center !important\">0,2<\/td>\n<td align=\"center !important\">2,9<\/td>\n<td align=\"center !important\">0,4<\/td>\n<td align=\"center !important\">0,1<\/td>\n<td align=\"center !important\">G 1\/2<\/td>\n<td align=\"center !important\">G 3\/8<\/td>\n<td align=\"center !important\">7,5<\/td>\n<td align=\"center !important\">16,5<\/td>\n<\/tr>\n<tr>\n<td align=\"center !important\">P3.010.316<\/td>\n<td align=\"center !important\">PM-EDM E4 15200L<\/td>\n<td align=\"center !important\">200<\/td>\n<td align=\"center !important\">2900<\/td>\n<td align=\"center !important\">15<\/td>\n<td align=\"center !important\">3,96<\/td>\n<td align=\"center !important\">3400<\/td>\n<td align=\"center !important\">7,79<\/td>\n<td align=\"center !important\">5,81<\/td>\n<td align=\"center !important\"><\/td>\n<td align=\"center !important\"><\/td>\n<td align=\"center !important\"><\/td>\n<td align=\"center !important\"><\/td>\n<td align=\"center !important\"><\/td>\n<td align=\"center !important\">25,40mm<\/td>\n<td align=\"center !important\">1 in.<\/td>\n<td align=\"center !important\">65mm<\/td>\n<td align=\"center !important\">2.5 in.<\/td>\n<td align=\"center !important\">Sinistro\/Left<\/td>\n<td align=\"center !important\">14mm<\/td>\n<td align=\"center !important\">0.5 in.<\/td>\n<td align=\"center !important\">65\u00b0C-149\u00b0F<\/td>\n<td align=\"center !important\">0,2<\/td>\n<td align=\"center !important\">2,9<\/td>\n<td align=\"center !important\">0,4<\/td>\n<td align=\"center !important\">0,1<\/td>\n<td align=\"center !important\">G 1\/2<\/td>\n<td align=\"center !important\">G 3\/8<\/td>\n<td align=\"center !important\">7,5<\/td>\n<td align=\"center !important\">16,5<\/td>\n<\/tr>\n<\/tbody>\n<\/table>\n<\/div>\n","protected":false},"excerpt":{"rendered":"<p>POMPES MAZZONI HAUTE PRESSION<\/p>\n<p>Tiges de guidage surdimensionn\u00e9es et rectifi\u00e9es pour une r\u00e9duction du frottement pendant le glissement et une meilleure \u00e9tanch\u00e9it\u00e9 \u00e0 l\u2019huile.<br \/>\nArbre surdimensionn\u00e9 avec terminal pour une meilleure transmission du couple.<br \/>\nPistons en c\u00e9ramique \u00e9pais pour une plus grande durabilit\u00e9.<br \/>\nSoupapes d\u2019aspiration et de refoulement avec passages d\u2019eau plus grands.<br \/>\nBielles surdimensionn\u00e9es r\u00e9alis\u00e9es avec un alliage sp\u00e9cial antifriction.<br \/>\nT\u00eate de pompe en laiton forg\u00e9 avec conception pour une r\u00e9sistance \u00e9lev\u00e9e.<br \/>\nSyst\u00e8me de joint \u00e0 double joint.<br \/>\nRoulements \u00e0 rouleaux et \u00e0 billes de haute r\u00e9sistance.<br \/>\nCorps de pompe robuste con\u00e7u pour r\u00e9sister au fil du temps.<br \/>\nJoints en \\&#8221;U\\&#8221;<\/p>\n","protected":false},"featured_media":68035,"template":"","meta":{"zakra_page_container_layout":"customizer","zakra_page_sidebar_layout":"customizer","zakra_remove_content_margin":false,"zakra_sidebar":"customizer","zakra_transparent_header":"customizer","zakra_logo":0,"zakra_main_header_style":"default","zakra_menu_item_color":"","zakra_menu_item_hover_color":"","zakra_menu_item_active_color":"","zakra_menu_active_style":"","zakra_page_header":true},"product_brand":[],"product_cat":[3734],"product_tag":[3650,3682,3642],"class_list":{"0":"post-29553","1":"product","2":"type-product","3":"status-publish","4":"has-post-thumbnail","6":"product_cat-pompes-mazzoni","7":"product_tag-agriculture_fr","8":"product_tag-construction_fr","9":"product_tag-lavage_fr","11":"first","12":"instock","13":"shipping-taxable","14":"product-type-simple"},"yoast_head":"<!-- This site is optimized with the Yoast SEO plugin v27.5 - https:\/\/yoast.com\/product\/yoast-seo-wordpress\/ -->\n<title>PM-EDM-E4 - Mazzoni<\/title>\n<meta name=\"robots\" content=\"index, follow, max-snippet:-1, max-image-preview:large, max-video-preview:-1\" \/>\n<link rel=\"canonical\" href=\"https:\/\/e-mazzoni.it\/fr\/produit\/pm-edm-e4\/\" \/>\n<meta property=\"og:locale\" content=\"fr_FR\" \/>\n<meta property=\"og:type\" content=\"article\" \/>\n<meta property=\"og:title\" content=\"PM-EDM-E4 - Mazzoni\" \/>\n<meta property=\"og:description\" content=\"POMPES MAZZONI HAUTE PRESSION Tiges de guidage surdimensionn\u00e9es et rectifi\u00e9es pour une r\u00e9duction du frottement pendant le glissement et une meilleure \u00e9tanch\u00e9it\u00e9 \u00e0 l\u2019huile. Arbre surdimensionn\u00e9 avec terminal pour une meilleure transmission du couple. Pistons en c\u00e9ramique \u00e9pais pour une plus grande durabilit\u00e9. Soupapes d\u2019aspiration et de refoulement avec passages d\u2019eau plus grands. Bielles surdimensionn\u00e9es r\u00e9alis\u00e9es avec un alliage sp\u00e9cial antifriction. T\u00eate de pompe en laiton forg\u00e9 avec conception pour une r\u00e9sistance \u00e9lev\u00e9e. Syst\u00e8me de joint \u00e0 double joint. Roulements \u00e0 rouleaux et \u00e0 billes de haute r\u00e9sistance. Corps de pompe robuste con\u00e7u pour r\u00e9sister au fil du temps. Joints en &quot;U&quot;\" \/>\n<meta property=\"og:url\" content=\"https:\/\/e-mazzoni.it\/fr\/produit\/pm-edm-e4\/\" \/>\n<meta property=\"og:site_name\" content=\"Mazzoni\" \/>\n<meta property=\"article:modified_time\" content=\"2026-05-02T02:26:09+00:00\" \/>\n<meta property=\"og:image\" content=\"https:\/\/e-mazzoni.it\/wp-content\/uploads\/2026\/04\/DOC1254408444-scaled.jpg\" \/>\n\t<meta property=\"og:image:width\" content=\"1600\" \/>\n\t<meta property=\"og:image:height\" content=\"1236\" \/>\n\t<meta property=\"og:image:type\" content=\"image\/jpeg\" \/>\n<meta name=\"twitter:card\" content=\"summary_large_image\" \/>\n<meta name=\"twitter:label1\" content=\"Dur\u00e9e de lecture estim\u00e9e\" \/>\n\t<meta name=\"twitter:data1\" content=\"1 minute\" \/>\n<!-- \/ Yoast SEO plugin. -->","yoast_head_json":{"title":"PM-EDM-E4 - Mazzoni","robots":{"index":"index","follow":"follow","max-snippet":"max-snippet:-1","max-image-preview":"max-image-preview:large","max-video-preview":"max-video-preview:-1"},"canonical":"https:\/\/e-mazzoni.it\/fr\/produit\/pm-edm-e4\/","og_locale":"fr_FR","og_type":"article","og_title":"PM-EDM-E4 - Mazzoni","og_description":"POMPES MAZZONI HAUTE PRESSION Tiges de guidage surdimensionn\u00e9es et rectifi\u00e9es pour une r\u00e9duction du frottement pendant le glissement et une meilleure \u00e9tanch\u00e9it\u00e9 \u00e0 l\u2019huile. Arbre surdimensionn\u00e9 avec terminal pour une meilleure transmission du couple. Pistons en c\u00e9ramique \u00e9pais pour une plus grande durabilit\u00e9. Soupapes d\u2019aspiration et de refoulement avec passages d\u2019eau plus grands. Bielles surdimensionn\u00e9es r\u00e9alis\u00e9es avec un alliage sp\u00e9cial antifriction. T\u00eate de pompe en laiton forg\u00e9 avec conception pour une r\u00e9sistance \u00e9lev\u00e9e. Syst\u00e8me de joint \u00e0 double joint. Roulements \u00e0 rouleaux et \u00e0 billes de haute r\u00e9sistance. Corps de pompe robuste con\u00e7u pour r\u00e9sister au fil du temps. Joints en \"U\"","og_url":"https:\/\/e-mazzoni.it\/fr\/produit\/pm-edm-e4\/","og_site_name":"Mazzoni","article_modified_time":"2026-05-02T02:26:09+00:00","og_image":[{"width":1600,"height":1236,"url":"https:\/\/e-mazzoni.it\/wp-content\/uploads\/2026\/04\/DOC1254408444-scaled.jpg","type":"image\/jpeg"}],"twitter_card":"summary_large_image","twitter_misc":{"Dur\u00e9e de lecture estim\u00e9e":"1 minute"},"schema":{"@context":"https:\/\/schema.org","@graph":[{"@type":"WebPage","@id":"https:\/\/e-mazzoni.it\/fr\/produit\/pm-edm-e4\/","url":"https:\/\/e-mazzoni.it\/fr\/produit\/pm-edm-e4\/","name":"PM-EDM-E4 - Mazzoni","isPartOf":{"@id":"https:\/\/e-mazzoni.it\/fr\/#website"},"primaryImageOfPage":{"@id":"https:\/\/e-mazzoni.it\/fr\/produit\/pm-edm-e4\/#primaryimage"},"image":{"@id":"https:\/\/e-mazzoni.it\/fr\/produit\/pm-edm-e4\/#primaryimage"},"thumbnailUrl":"https:\/\/e-mazzoni.it\/wp-content\/uploads\/2026\/04\/DOC1254408444-scaled.jpg","datePublished":"2024-10-15T06:49:06+00:00","dateModified":"2026-05-02T02:26:09+00:00","breadcrumb":{"@id":"https:\/\/e-mazzoni.it\/fr\/produit\/pm-edm-e4\/#breadcrumb"},"inLanguage":"fr-FR","potentialAction":[{"@type":"ReadAction","target":["https:\/\/e-mazzoni.it\/fr\/produit\/pm-edm-e4\/"]}]},{"@type":"ImageObject","inLanguage":"fr-FR","@id":"https:\/\/e-mazzoni.it\/fr\/produit\/pm-edm-e4\/#primaryimage","url":"https:\/\/e-mazzoni.it\/wp-content\/uploads\/2026\/04\/DOC1254408444-scaled.jpg","contentUrl":"https:\/\/e-mazzoni.it\/wp-content\/uploads\/2026\/04\/DOC1254408444-scaled.jpg","width":1600,"height":1236},{"@type":"BreadcrumbList","@id":"https:\/\/e-mazzoni.it\/fr\/produit\/pm-edm-e4\/#breadcrumb","itemListElement":[{"@type":"ListItem","position":1,"name":"Home","item":"https:\/\/e-mazzoni.it\/fr\/"},{"@type":"ListItem","position":2,"name":"Produits","item":"https:\/\/e-mazzoni.it\/fr\/produits\/"},{"@type":"ListItem","position":3,"name":"PM-EDM-E4"}]},{"@type":"WebSite","@id":"https:\/\/e-mazzoni.it\/fr\/#website","url":"https:\/\/e-mazzoni.it\/fr\/","name":"Mazzoni","description":"Mazzoni","publisher":{"@id":"https:\/\/e-mazzoni.it\/fr\/#organization"},"potentialAction":[{"@type":"SearchAction","target":{"@type":"EntryPoint","urlTemplate":"https:\/\/e-mazzoni.it\/fr\/?s={search_term_string}"},"query-input":{"@type":"PropertyValueSpecification","valueRequired":true,"valueName":"search_term_string"}}],"inLanguage":"fr-FR"},{"@type":"Organization","@id":"https:\/\/e-mazzoni.it\/fr\/#organization","name":"Mazzoni","url":"https:\/\/e-mazzoni.it\/fr\/","logo":{"@type":"ImageObject","inLanguage":"fr-FR","@id":"https:\/\/e-mazzoni.it\/fr\/#\/schema\/logo\/image\/","url":"https:\/\/e-mazzoni.it\/wp-content\/uploads\/2023\/07\/logo.png","contentUrl":"https:\/\/e-mazzoni.it\/wp-content\/uploads\/2023\/07\/logo.png","width":250,"height":109,"caption":"Mazzoni"},"image":{"@id":"https:\/\/e-mazzoni.it\/fr\/#\/schema\/logo\/image\/"}}]}},"_links":{"self":[{"href":"https:\/\/e-mazzoni.it\/fr\/wp-json\/wp\/v2\/product\/29553","targetHints":{"allow":["GET"]}}],"collection":[{"href":"https:\/\/e-mazzoni.it\/fr\/wp-json\/wp\/v2\/product"}],"about":[{"href":"https:\/\/e-mazzoni.it\/fr\/wp-json\/wp\/v2\/types\/product"}],"wp:featuredmedia":[{"embeddable":true,"href":"https:\/\/e-mazzoni.it\/fr\/wp-json\/wp\/v2\/media\/68035"}],"wp:attachment":[{"href":"https:\/\/e-mazzoni.it\/fr\/wp-json\/wp\/v2\/media?parent=29553"}],"wp:term":[{"taxonomy":"product_brand","embeddable":true,"href":"https:\/\/e-mazzoni.it\/fr\/wp-json\/wp\/v2\/product_brand?post=29553"},{"taxonomy":"product_cat","embeddable":true,"href":"https:\/\/e-mazzoni.it\/fr\/wp-json\/wp\/v2\/product_cat?post=29553"},{"taxonomy":"product_tag","embeddable":true,"href":"https:\/\/e-mazzoni.it\/fr\/wp-json\/wp\/v2\/product_tag?post=29553"}],"curies":[{"name":"wp","href":"https:\/\/api.w.org\/{rel}","templated":true}]}}