{"id":29112,"date":"2024-10-15T06:47:41","date_gmt":"2024-10-15T06:47:41","guid":{"rendered":"https:\/\/e-mazzoni.it\/prodotto\/mec180\/"},"modified":"2026-05-02T02:18:15","modified_gmt":"2026-05-02T02:18:15","slug":"mec180","status":"publish","type":"product","link":"https:\/\/e-mazzoni.it\/fr\/produit\/mec180\/","title":{"rendered":"MEC180"},"content":{"rendered":"<p>GARANTIE 24 MOIS &#8211; Chaque d\u00e9tail des nouveaux moteurs Mazzoni est con\u00e7u pour garantir des performances sup\u00e9rieures et satisfaire un march\u00e9 toujours plus exigeant. Cela nous permet, contrairement \u00e0 tous les autres fabricants, de garantir 2 ans nos moteurs s\u2019ils sont correctement install\u00e9s avec des thermiques sur les enroulements connect\u00e9s dans le circuit \u00e9lectrique.<\/p>\n<p>ROULEMENT Type \u00e0 billes \u00e0 une seule couronne.\u00a0 Les roulements sont ferm\u00e9s et pr\u00e9-lubrifi\u00e9s avec de la graisse \u00e0 base de lithium, avec une temp\u00e9rature d\u2019utilisation comprise entre -25\u00b0 et +150\u00b0C.<br \/>\nTHERMIQUES DANS LES ENROULEMENTS &#8211; Les protections \u00e9lectriques pr\u00e9sentes sur la ligne d\u2019alimentation du moteur peuvent \u00eatre insuffisantes pour assurer la protection contre les surcharges.\u00a0 En effet, si les conditions de ventilation se d\u00e9t\u00e9riorent, le moteur surchauffe mais les conditions \u00e9lectriques ne changent pas et cela inhibe les protections sur la ligne. On \u00e9vite cet inconv\u00e9nient en installant des protections sur les enroulements<\/p>\n<div>\n<table style=\"width: 100%\" border=\"1\" id=\"table_options\">\n<tbody>\n<tr>\n<th style=\"color: #fff\" bgcolor=\"#ea2833\">CODE<\/th>\n<th style=\"color: #fff\" bgcolor=\"#ea2833\">VOLT<\/th>\n<th style=\"color: #fff\" bgcolor=\"#ea2833\">PHASE<\/th>\n<th style=\"color: #fff\" bgcolor=\"#ea2833\">Hz<\/th>\n<th style=\"color: #fff\" bgcolor=\"#ea2833\">Hz 60<\/th>\n<th style=\"color: #fff\" bgcolor=\"#ea2833\">RPM 50 HZ<\/th>\n<th style=\"color: #fff\" bgcolor=\"#ea2833\">GIRI RPM 2<\/th>\n<th style=\"color: #fff\" bgcolor=\"#ea2833\">KW<\/th>\n<th style=\"color: #fff\" bgcolor=\"#ea2833\">\u00c0 50 HZ<\/th>\n<th style=\"color: #fff\" bgcolor=\"#ea2833\">A 60Hz<\/th>\n<th style=\"color: #fff\" bgcolor=\"#ea2833\">POMPE MAZZONI<\/th>\n<th style=\"color: #fff\" bgcolor=\"#ea2833\">IP<\/th>\n<th style=\"color: #fff\" bgcolor=\"#ea2833\">POLES<\/th>\n<\/tr>\n<tr>\n<td align=\"center !important\">2.081.12.031<\/td>\n<td align=\"center !important\">400\/700<\/td>\n<td align=\"center !important\">3<\/td>\n<td align=\"center !important\">50<\/td>\n<td align=\"center !important\">60<\/td>\n<td align=\"center !important\">1450<\/td>\n<td align=\"center !important\">1740<\/td>\n<td align=\"center !important\">22<\/td>\n<td align=\"center !important\">39,5<\/td>\n<td align=\"center !important\">23<\/td>\n<td align=\"center !important\">GM \/ XM &#8211; L. 45 \/ 55<\/td>\n<td align=\"center !important\">54<\/td>\n<td align=\"center !important\">4<\/td>\n<\/tr>\n<tr>\n<td align=\"center !important\">2.081.12.040<\/td>\n<td align=\"center !important\">400\/692V<\/td>\n<td align=\"center !important\">3<\/td>\n<td align=\"center !important\">50<\/td>\n<td align=\"center !important\">60<\/td>\n<td align=\"center !important\">1450<\/td>\n<td align=\"center !important\">1740<\/td>\n<td align=\"center !important\">22<\/td>\n<td align=\"center !important\">39,5<\/td>\n<td align=\"center !important\">23<\/td>\n<td align=\"center !important\">LM<\/td>\n<td align=\"center !important\">54<\/td>\n<td align=\"center !important\">4<\/td>\n<\/tr>\n<\/tbody>\n<\/table>\n<\/div>\n","protected":false},"excerpt":{"rendered":"<p>Nos moteurs \u00e9lectriques, structurellement et \u00e9lectriquement personnalis\u00e9s, sont con\u00e7us en suivant les directives communautaires ECODESIGN et les normes internationales de r\u00e9f\u00e9rence.\u00a0 Ils sont disponibles en version avec pieds (B3) et \u00e9quip\u00e9s de brides. Des protections thermiques, correctement \u00e9tudi\u00e9es, garantissent son fonctionnement dans tout type de service et contre les utilisations inappropri\u00e9es ou les cas accidentels. \u00a0<\/p>\n","protected":false},"featured_media":67955,"template":"","meta":{"zakra_page_container_layout":"customizer","zakra_page_sidebar_layout":"customizer","zakra_remove_content_margin":false,"zakra_sidebar":"customizer","zakra_transparent_header":"customizer","zakra_logo":0,"zakra_main_header_style":"default","zakra_menu_item_color":"","zakra_menu_item_hover_color":"","zakra_menu_item_active_color":"","zakra_menu_active_style":"","zakra_page_header":true},"product_brand":[],"product_cat":[3719],"product_tag":[3650,3666,3698,3690,3682,3706,3642,3658],"class_list":{"0":"post-29112","1":"product","2":"type-product","3":"status-publish","4":"has-post-thumbnail","6":"product_cat-moteurs-electriques-ie2-ie3-4-poles","7":"product_tag-agriculture_fr","8":"product_tag-alimentaire_fr","9":"product_tag-chantier_fr","10":"product_tag-chimique_fr","11":"product_tag-construction_fr","12":"product_tag-industrie_lourde_fr","13":"product_tag-lavage_fr","14":"product_tag-station_de_lavage_fr","16":"first","17":"instock","18":"shipping-taxable","19":"product-type-simple"},"yoast_head":"<!-- This site is optimized with the Yoast SEO plugin v27.5 - https:\/\/yoast.com\/product\/yoast-seo-wordpress\/ -->\n<title>MEC180 - Mazzoni<\/title>\n<meta name=\"robots\" content=\"index, follow, max-snippet:-1, max-image-preview:large, max-video-preview:-1\" \/>\n<link rel=\"canonical\" href=\"https:\/\/e-mazzoni.it\/fr\/produit\/mec180\/\" \/>\n<meta property=\"og:locale\" content=\"fr_FR\" \/>\n<meta property=\"og:type\" content=\"article\" \/>\n<meta property=\"og:title\" content=\"MEC180 - Mazzoni\" \/>\n<meta property=\"og:description\" content=\"Nos moteurs \u00e9lectriques, structurellement et \u00e9lectriquement personnalis\u00e9s, sont con\u00e7us en suivant les directives communautaires ECODESIGN et les normes internationales de r\u00e9f\u00e9rence.\u00a0 Ils sont disponibles en version avec pieds (B3) et \u00e9quip\u00e9s de brides. Des protections thermiques, correctement \u00e9tudi\u00e9es, garantissent son fonctionnement dans tout type de service et contre les utilisations inappropri\u00e9es ou les cas accidentels. \u00a0\" \/>\n<meta property=\"og:url\" content=\"https:\/\/e-mazzoni.it\/fr\/produit\/mec180\/\" \/>\n<meta property=\"og:site_name\" content=\"Mazzoni\" \/>\n<meta property=\"article:modified_time\" content=\"2026-05-02T02:18:15+00:00\" \/>\n<meta property=\"og:image\" content=\"https:\/\/e-mazzoni.it\/wp-content\/uploads\/2026\/04\/DOC2644643742.jpg\" \/>\n\t<meta property=\"og:image:width\" content=\"800\" \/>\n\t<meta property=\"og:image:height\" content=\"800\" \/>\n\t<meta property=\"og:image:type\" content=\"image\/jpeg\" \/>\n<meta name=\"twitter:card\" content=\"summary_large_image\" \/>\n<meta name=\"twitter:label1\" content=\"Dur\u00e9e de lecture estim\u00e9e\" \/>\n\t<meta name=\"twitter:data1\" content=\"1 minute\" \/>\n<!-- \/ Yoast SEO plugin. -->","yoast_head_json":{"title":"MEC180 - Mazzoni","robots":{"index":"index","follow":"follow","max-snippet":"max-snippet:-1","max-image-preview":"max-image-preview:large","max-video-preview":"max-video-preview:-1"},"canonical":"https:\/\/e-mazzoni.it\/fr\/produit\/mec180\/","og_locale":"fr_FR","og_type":"article","og_title":"MEC180 - Mazzoni","og_description":"Nos moteurs \u00e9lectriques, structurellement et \u00e9lectriquement personnalis\u00e9s, sont con\u00e7us en suivant les directives communautaires ECODESIGN et les normes internationales de r\u00e9f\u00e9rence.\u00a0 Ils sont disponibles en version avec pieds (B3) et \u00e9quip\u00e9s de brides. Des protections thermiques, correctement \u00e9tudi\u00e9es, garantissent son fonctionnement dans tout type de service et contre les utilisations inappropri\u00e9es ou les cas accidentels. \u00a0","og_url":"https:\/\/e-mazzoni.it\/fr\/produit\/mec180\/","og_site_name":"Mazzoni","article_modified_time":"2026-05-02T02:18:15+00:00","og_image":[{"width":800,"height":800,"url":"https:\/\/e-mazzoni.it\/wp-content\/uploads\/2026\/04\/DOC2644643742.jpg","type":"image\/jpeg"}],"twitter_card":"summary_large_image","twitter_misc":{"Dur\u00e9e de lecture estim\u00e9e":"1 minute"},"schema":{"@context":"https:\/\/schema.org","@graph":[{"@type":"WebPage","@id":"https:\/\/e-mazzoni.it\/fr\/produit\/mec180\/","url":"https:\/\/e-mazzoni.it\/fr\/produit\/mec180\/","name":"MEC180 - Mazzoni","isPartOf":{"@id":"https:\/\/e-mazzoni.it\/fr\/#website"},"primaryImageOfPage":{"@id":"https:\/\/e-mazzoni.it\/fr\/produit\/mec180\/#primaryimage"},"image":{"@id":"https:\/\/e-mazzoni.it\/fr\/produit\/mec180\/#primaryimage"},"thumbnailUrl":"https:\/\/e-mazzoni.it\/wp-content\/uploads\/2026\/04\/DOC2644643742.jpg","datePublished":"2024-10-15T06:47:41+00:00","dateModified":"2026-05-02T02:18:15+00:00","breadcrumb":{"@id":"https:\/\/e-mazzoni.it\/fr\/produit\/mec180\/#breadcrumb"},"inLanguage":"fr-FR","potentialAction":[{"@type":"ReadAction","target":["https:\/\/e-mazzoni.it\/fr\/produit\/mec180\/"]}]},{"@type":"ImageObject","inLanguage":"fr-FR","@id":"https:\/\/e-mazzoni.it\/fr\/produit\/mec180\/#primaryimage","url":"https:\/\/e-mazzoni.it\/wp-content\/uploads\/2026\/04\/DOC2644643742.jpg","contentUrl":"https:\/\/e-mazzoni.it\/wp-content\/uploads\/2026\/04\/DOC2644643742.jpg","width":800,"height":800},{"@type":"BreadcrumbList","@id":"https:\/\/e-mazzoni.it\/fr\/produit\/mec180\/#breadcrumb","itemListElement":[{"@type":"ListItem","position":1,"name":"Home","item":"https:\/\/e-mazzoni.it\/fr\/"},{"@type":"ListItem","position":2,"name":"Produits","item":"https:\/\/e-mazzoni.it\/fr\/produits\/"},{"@type":"ListItem","position":3,"name":"MEC180"}]},{"@type":"WebSite","@id":"https:\/\/e-mazzoni.it\/fr\/#website","url":"https:\/\/e-mazzoni.it\/fr\/","name":"Mazzoni","description":"Mazzoni","publisher":{"@id":"https:\/\/e-mazzoni.it\/fr\/#organization"},"potentialAction":[{"@type":"SearchAction","target":{"@type":"EntryPoint","urlTemplate":"https:\/\/e-mazzoni.it\/fr\/?s={search_term_string}"},"query-input":{"@type":"PropertyValueSpecification","valueRequired":true,"valueName":"search_term_string"}}],"inLanguage":"fr-FR"},{"@type":"Organization","@id":"https:\/\/e-mazzoni.it\/fr\/#organization","name":"Mazzoni","url":"https:\/\/e-mazzoni.it\/fr\/","logo":{"@type":"ImageObject","inLanguage":"fr-FR","@id":"https:\/\/e-mazzoni.it\/fr\/#\/schema\/logo\/image\/","url":"https:\/\/e-mazzoni.it\/wp-content\/uploads\/2023\/07\/logo.png","contentUrl":"https:\/\/e-mazzoni.it\/wp-content\/uploads\/2023\/07\/logo.png","width":250,"height":109,"caption":"Mazzoni"},"image":{"@id":"https:\/\/e-mazzoni.it\/fr\/#\/schema\/logo\/image\/"}}]}},"_links":{"self":[{"href":"https:\/\/e-mazzoni.it\/fr\/wp-json\/wp\/v2\/product\/29112","targetHints":{"allow":["GET"]}}],"collection":[{"href":"https:\/\/e-mazzoni.it\/fr\/wp-json\/wp\/v2\/product"}],"about":[{"href":"https:\/\/e-mazzoni.it\/fr\/wp-json\/wp\/v2\/types\/product"}],"wp:featuredmedia":[{"embeddable":true,"href":"https:\/\/e-mazzoni.it\/fr\/wp-json\/wp\/v2\/media\/67955"}],"wp:attachment":[{"href":"https:\/\/e-mazzoni.it\/fr\/wp-json\/wp\/v2\/media?parent=29112"}],"wp:term":[{"taxonomy":"product_brand","embeddable":true,"href":"https:\/\/e-mazzoni.it\/fr\/wp-json\/wp\/v2\/product_brand?post=29112"},{"taxonomy":"product_cat","embeddable":true,"href":"https:\/\/e-mazzoni.it\/fr\/wp-json\/wp\/v2\/product_cat?post=29112"},{"taxonomy":"product_tag","embeddable":true,"href":"https:\/\/e-mazzoni.it\/fr\/wp-json\/wp\/v2\/product_tag?post=29112"}],"curies":[{"name":"wp","href":"https:\/\/api.w.org\/{rel}","templated":true}]}}