{"id":28500,"date":"2024-10-15T06:44:31","date_gmt":"2024-10-15T06:44:31","guid":{"rendered":"https:\/\/e-mazzoni.it\/prodotto\/ph-industrial\/"},"modified":"2026-05-02T02:03:39","modified_gmt":"2026-05-02T02:03:39","slug":"ph-industrial","status":"publish","type":"product","link":"https:\/\/e-mazzoni.it\/fr\/produit\/ph-industrial\/","title":{"rendered":"PH INDUSTRIAL"},"content":{"rendered":"<p>Pratique, robuste et professionnelle. Nettoyeur haute pression id\u00e9al pour tous les professionnels et entreprises o\u00f9 la qualit\u00e9 du nettoyage est un facteur important. Sont con\u00e7ues pour:<br \/>\n\u2022 r\u00e9duire les consommations et les \u00e9missions, garanties par des moteurs et chaudi\u00e8res \u00e0 haut rendement construits directement par Mazzoni ;<br \/>\n\u2022 Maintenir sa puissance et son d\u00e9bit d\u2019eau constants, m\u00eame dans des situations et des travaux n\u00e9cessitant une utilisation continue et prolong\u00e9e<\/p>\n<p>CARACT\u00c9RISTIQUES TECHNIQUES:<\/p>\n<p>Moteur \u00e9lectrique asynchrone s\u00e9rie MEC service continu, S1 avec protection thermique int\u00e9gr\u00e9e sur les enroulements. Joint \u00e9lastique.<br \/>\nPompe professionnelle Mazzoni en ligne (\u00e0 bielles) avec t\u00eate en laiton et trois pistons en c\u00e9ramique.<br \/>\nC\u00e2ble \u00e9lectrique 5 mt<br \/>\nTuyau haute pression 10 mt<br \/>\nR\u00e9servoir d\u2019alimentation en eau 3 litres avec flotteur<br \/>\nValve by-pass automatique avec r\u00e9gulation de la pression<br \/>\nSoupape de s\u00e9curit\u00e9 pour surpressions<br \/>\nVoyants de contr\u00f4le de la tension et de la r\u00e9serve de carburant<br \/>\nDispositif anti-calcaire avec r\u00e9servoir de 1 L.<br \/>\nR\u00e9servoir de d\u00e9tergent 10 L<br \/>\nR\u00e9servoir de carburant 45 L<br \/>\nLance INOX avec pistolet automatique et raccord rapide pour les accessoires<br \/>\nT\u00eate avec buse en acier tremp\u00e9 et aspiration nettoyante \u00e0 haute pression<br \/>\nCadre en acier peint<br \/>\nChaudi\u00e8re INOX avec serpentin en tube d\u2019acier arr\u00eat du br\u00fbleur en cas de manque d\u2019eau<br \/>\nVentilateur avec moteur ind\u00e9pendant<br \/>\nThermostat de r\u00e9gulation de la temp\u00e9rature de l\u2019eau<br \/>\nPompe \u00e0 diesel anti-grippage.<br \/>\nContr\u00f4le de niveau de carburant \u00e0 flotteur<br \/>\nSyst\u00e8me TST\/DSS<br \/>\nContr\u00f4le de la flamme<br \/>\nVoyant lumineux pour assistance apr\u00e8s 500 heures de travail.<br \/>\nFrein de stationnement<br \/>\nAffichage du compteur<\/p>\n<div>\n<table style=\"width: 100%\" border=\"1\" id=\"table_options\">\n<tbody>\n<tr>\n<th style=\"color: #fff\" bgcolor=\"#ea2833\">CODE<\/th>\n<th style=\"color: #fff\" bgcolor=\"#ea2833\">MODELE<\/th>\n<th style=\"color: #fff\" bgcolor=\"#ea2833\">L\/MIN &#8211; 1450 RPM<\/th>\n<th style=\"color: #fff\" bgcolor=\"#ea2833\">GPM &#8211; 1450 RPM<\/th>\n<th style=\"color: #fff\" bgcolor=\"#ea2833\">BAR<\/th>\n<th style=\"color: #fff\" bgcolor=\"#ea2833\">PSI<\/th>\n<th style=\"color: #fff\" bgcolor=\"#ea2833\">RPM 50 HZ<\/th>\n<th style=\"color: #fff\" bgcolor=\"#ea2833\">HP<\/th>\n<th style=\"color: #fff\" bgcolor=\"#ea2833\">KW<\/th>\n<th style=\"color: #fff\" bgcolor=\"#ea2833\">VOLT<\/th>\n<th style=\"color: #fff\" bgcolor=\"#ea2833\">Hz<\/th>\n<th style=\"color: #fff\" bgcolor=\"#ea2833\">PHASE<\/th>\n<th style=\"color: #fff\" bgcolor=\"#ea2833\">\u00c0 50 HZ<\/th>\n<th style=\"color: #fff\" bgcolor=\"#ea2833\">BUSE \u00c0 EAU<\/th>\n<th style=\"color: #fff\" bgcolor=\"#ea2833\">KCAL\/H<\/th>\n<th style=\"color: #fff\" bgcolor=\"#ea2833\">R\u00c9SERVOIR DIESEL <\/th>\n<th style=\"color: #fff\" bgcolor=\"#ea2833\">R\u00c9SERVOIR DIESEL (GAL)<\/th>\n<th style=\"color: #fff\" bgcolor=\"#ea2833\">R\u00c9SERVOIR ANTICALCAIRE<\/th>\n<th style=\"color: #fff\" bgcolor=\"#ea2833\">R\u00c9SERVOIR ANTICALCAIRE (GAL)<\/th>\n<th style=\"color: #fff\" bgcolor=\"#ea2833\">R\u00c9SERVOIR DE NETTOYAGE<\/th>\n<th style=\"color: #fff\" bgcolor=\"#ea2833\">R\u00c9SERVOIR DE NETTOYAGE (GAL)<\/th>\n<th style=\"color: #fff\" bgcolor=\"#ea2833\">MAX TEMP\u00c9RATURE DE SORTIE<\/th>\n<th style=\"color: #fff\" bgcolor=\"#ea2833\">MAX TEMP\u00c9RATURE DE SORTIE (F)<\/th>\n<\/tr>\n<tr>\n<td align=\"center !important\">3.023.24.353<\/td>\n<td align=\"center !important\">PH3025<\/td>\n<td align=\"center !important\">11<\/td>\n<td align=\"center !important\">2,91<\/td>\n<td align=\"center !important\">140<\/td>\n<td align=\"center !important\">2000<\/td>\n<td align=\"center !important\">1450<\/td>\n<td align=\"center !important\">3,2<\/td>\n<td align=\"center !important\">2,4<\/td>\n<td align=\"center !important\">230<\/td>\n<td align=\"center !important\">50<\/td>\n<td align=\"center !important\">1<\/td>\n<td align=\"center !important\">12,5<\/td>\n<td align=\"center !important\">1505<\/td>\n<td align=\"center !important\">50.000<\/td>\n<td align=\"center !important\">45L<\/td>\n<td align=\"center !important\">11.8 gal<\/td>\n<td align=\"center !important\">1L<\/td>\n<td align=\"center !important\">0.26 gal<\/td>\n<td align=\"center !important\">10L<\/td>\n<td align=\"center !important\">2.6 gal<\/td>\n<td align=\"center !important\">150\u00b0C<\/td>\n<td align=\"center !important\">302\u00b0F<\/td>\n<\/tr>\n<tr>\n<td align=\"center !important\">3.023.24.354<\/td>\n<td align=\"center !important\">PH3040<\/td>\n<td align=\"center !important\">13<\/td>\n<td align=\"center !important\">3,5<\/td>\n<td align=\"center !important\">140<\/td>\n<td align=\"center !important\">2030<\/td>\n<td align=\"center !important\">1450<\/td>\n<td align=\"center !important\">4,3<\/td>\n<td align=\"center !important\">3,2<\/td>\n<td align=\"center !important\">230<\/td>\n<td align=\"center !important\">50<\/td>\n<td align=\"center !important\">1<\/td>\n<td align=\"center !important\">17,1<\/td>\n<td align=\"center !important\">15065<\/td>\n<td align=\"center !important\">50.000<\/td>\n<td align=\"center !important\">45L<\/td>\n<td align=\"center !important\">11.9 gal<\/td>\n<td align=\"center !important\">1L<\/td>\n<td align=\"center !important\">0.26 gal<\/td>\n<td align=\"center !important\">10L<\/td>\n<td align=\"center !important\">2.6 gal<\/td>\n<td align=\"center !important\">150\u00b0C<\/td>\n<td align=\"center !important\">302\u00b0F<\/td>\n<\/tr>\n<tr>\n<td align=\"center !important\">3.023.24.329<\/td>\n<td align=\"center !important\">PH4000<\/td>\n<td align=\"center !important\">15<\/td>\n<td align=\"center !important\">3,9<\/td>\n<td align=\"center !important\">200<\/td>\n<td align=\"center !important\">2900<\/td>\n<td align=\"center !important\">1450<\/td>\n<td align=\"center !important\">7,7<\/td>\n<td align=\"center !important\">5,7<\/td>\n<td align=\"center !important\">400<\/td>\n<td align=\"center !important\">50<\/td>\n<td align=\"center !important\">3<\/td>\n<td align=\"center !important\">11,7<\/td>\n<td align=\"center !important\">15045<\/td>\n<td align=\"center !important\">50.000<\/td>\n<td align=\"center !important\">45L<\/td>\n<td align=\"center !important\">11.9 gal<\/td>\n<td align=\"center !important\">1L<\/td>\n<td align=\"center !important\">0.25 gal<\/td>\n<td align=\"center !important\">10L<\/td>\n<td align=\"center !important\">2.6 gal<\/td>\n<td align=\"center !important\">150\u00b0C<\/td>\n<td align=\"center !important\">302\u00b0F<\/td>\n<\/tr>\n<\/tbody>\n<\/table>\n<\/div>\n","protected":false},"excerpt":{"rendered":"<p>Nettoyeur haute pression professionnel. Compact, maniable, id\u00e9al pour tous les besoins de nettoyage en ext\u00e9rieur, polyvalent et performant.<\/p>\n<p>Utilisation recommand\u00e9e\u00a0: Lavage de voitures, ateliers, aires de service, salons automobiles, agriculture, transport, p\u00eache, etc.<\/p>\n","protected":false},"featured_media":67765,"template":"","meta":{"zakra_page_container_layout":"customizer","zakra_page_sidebar_layout":"customizer","zakra_remove_content_margin":false,"zakra_sidebar":"customizer","zakra_transparent_header":"customizer","zakra_logo":0,"zakra_main_header_style":"default","zakra_menu_item_color":"","zakra_menu_item_hover_color":"","zakra_menu_item_active_color":"","zakra_menu_active_style":"","zakra_page_header":true},"product_brand":[],"product_cat":[3607],"product_tag":[3642],"class_list":{"0":"post-28500","1":"product","2":"type-product","3":"status-publish","4":"has-post-thumbnail","6":"product_cat-nettoyeurs-haute-pression-a-chaud","7":"product_tag-lavage_fr","9":"first","10":"instock","11":"shipping-taxable","12":"product-type-simple"},"yoast_head":"<!-- This site is optimized with the Yoast SEO plugin v27.5 - https:\/\/yoast.com\/product\/yoast-seo-wordpress\/ -->\n<title>PH INDUSTRIAL - Mazzoni<\/title>\n<meta name=\"robots\" content=\"index, follow, max-snippet:-1, max-image-preview:large, max-video-preview:-1\" \/>\n<link rel=\"canonical\" href=\"https:\/\/e-mazzoni.it\/fr\/produit\/ph-industrial\/\" \/>\n<meta property=\"og:locale\" content=\"fr_FR\" \/>\n<meta property=\"og:type\" content=\"article\" \/>\n<meta property=\"og:title\" content=\"PH INDUSTRIAL - Mazzoni\" \/>\n<meta property=\"og:description\" content=\"Nettoyeur haute pression professionnel. Compact, maniable, id\u00e9al pour tous les besoins de nettoyage en ext\u00e9rieur, polyvalent et performant.   Utilisation recommand\u00e9e\u00a0: Lavage de voitures, ateliers, aires de service, salons automobiles, agriculture, transport, p\u00eache, etc.\" \/>\n<meta property=\"og:url\" content=\"https:\/\/e-mazzoni.it\/fr\/produit\/ph-industrial\/\" \/>\n<meta property=\"og:site_name\" content=\"Mazzoni\" \/>\n<meta property=\"article:modified_time\" content=\"2026-05-02T02:03:39+00:00\" \/>\n<meta property=\"og:image\" content=\"https:\/\/e-mazzoni.it\/wp-content\/uploads\/2026\/04\/DOC0717132521.jpg\" \/>\n\t<meta property=\"og:image:width\" content=\"800\" \/>\n\t<meta property=\"og:image:height\" content=\"800\" \/>\n\t<meta property=\"og:image:type\" content=\"image\/jpeg\" \/>\n<meta name=\"twitter:card\" content=\"summary_large_image\" \/>\n<meta name=\"twitter:label1\" content=\"Dur\u00e9e de lecture estim\u00e9e\" \/>\n\t<meta name=\"twitter:data1\" content=\"2 minutes\" \/>\n<!-- \/ Yoast SEO plugin. -->","yoast_head_json":{"title":"PH INDUSTRIAL - Mazzoni","robots":{"index":"index","follow":"follow","max-snippet":"max-snippet:-1","max-image-preview":"max-image-preview:large","max-video-preview":"max-video-preview:-1"},"canonical":"https:\/\/e-mazzoni.it\/fr\/produit\/ph-industrial\/","og_locale":"fr_FR","og_type":"article","og_title":"PH INDUSTRIAL - Mazzoni","og_description":"Nettoyeur haute pression professionnel. Compact, maniable, id\u00e9al pour tous les besoins de nettoyage en ext\u00e9rieur, polyvalent et performant.   Utilisation recommand\u00e9e\u00a0: Lavage de voitures, ateliers, aires de service, salons automobiles, agriculture, transport, p\u00eache, etc.","og_url":"https:\/\/e-mazzoni.it\/fr\/produit\/ph-industrial\/","og_site_name":"Mazzoni","article_modified_time":"2026-05-02T02:03:39+00:00","og_image":[{"width":800,"height":800,"url":"https:\/\/e-mazzoni.it\/wp-content\/uploads\/2026\/04\/DOC0717132521.jpg","type":"image\/jpeg"}],"twitter_card":"summary_large_image","twitter_misc":{"Dur\u00e9e de lecture estim\u00e9e":"2 minutes"},"schema":{"@context":"https:\/\/schema.org","@graph":[{"@type":"WebPage","@id":"https:\/\/e-mazzoni.it\/fr\/produit\/ph-industrial\/","url":"https:\/\/e-mazzoni.it\/fr\/produit\/ph-industrial\/","name":"PH INDUSTRIAL - Mazzoni","isPartOf":{"@id":"https:\/\/e-mazzoni.it\/fr\/#website"},"primaryImageOfPage":{"@id":"https:\/\/e-mazzoni.it\/fr\/produit\/ph-industrial\/#primaryimage"},"image":{"@id":"https:\/\/e-mazzoni.it\/fr\/produit\/ph-industrial\/#primaryimage"},"thumbnailUrl":"https:\/\/e-mazzoni.it\/wp-content\/uploads\/2026\/04\/DOC0717132521.jpg","datePublished":"2024-10-15T06:44:31+00:00","dateModified":"2026-05-02T02:03:39+00:00","breadcrumb":{"@id":"https:\/\/e-mazzoni.it\/fr\/produit\/ph-industrial\/#breadcrumb"},"inLanguage":"fr-FR","potentialAction":[{"@type":"ReadAction","target":["https:\/\/e-mazzoni.it\/fr\/produit\/ph-industrial\/"]}]},{"@type":"ImageObject","inLanguage":"fr-FR","@id":"https:\/\/e-mazzoni.it\/fr\/produit\/ph-industrial\/#primaryimage","url":"https:\/\/e-mazzoni.it\/wp-content\/uploads\/2026\/04\/DOC0717132521.jpg","contentUrl":"https:\/\/e-mazzoni.it\/wp-content\/uploads\/2026\/04\/DOC0717132521.jpg","width":800,"height":800},{"@type":"BreadcrumbList","@id":"https:\/\/e-mazzoni.it\/fr\/produit\/ph-industrial\/#breadcrumb","itemListElement":[{"@type":"ListItem","position":1,"name":"Home","item":"https:\/\/e-mazzoni.it\/fr\/"},{"@type":"ListItem","position":2,"name":"Produits","item":"https:\/\/e-mazzoni.it\/fr\/produits\/"},{"@type":"ListItem","position":3,"name":"PH INDUSTRIAL"}]},{"@type":"WebSite","@id":"https:\/\/e-mazzoni.it\/fr\/#website","url":"https:\/\/e-mazzoni.it\/fr\/","name":"Mazzoni","description":"Mazzoni","publisher":{"@id":"https:\/\/e-mazzoni.it\/fr\/#organization"},"potentialAction":[{"@type":"SearchAction","target":{"@type":"EntryPoint","urlTemplate":"https:\/\/e-mazzoni.it\/fr\/?s={search_term_string}"},"query-input":{"@type":"PropertyValueSpecification","valueRequired":true,"valueName":"search_term_string"}}],"inLanguage":"fr-FR"},{"@type":"Organization","@id":"https:\/\/e-mazzoni.it\/fr\/#organization","name":"Mazzoni","url":"https:\/\/e-mazzoni.it\/fr\/","logo":{"@type":"ImageObject","inLanguage":"fr-FR","@id":"https:\/\/e-mazzoni.it\/fr\/#\/schema\/logo\/image\/","url":"https:\/\/e-mazzoni.it\/wp-content\/uploads\/2023\/07\/logo.png","contentUrl":"https:\/\/e-mazzoni.it\/wp-content\/uploads\/2023\/07\/logo.png","width":250,"height":109,"caption":"Mazzoni"},"image":{"@id":"https:\/\/e-mazzoni.it\/fr\/#\/schema\/logo\/image\/"}}]}},"_links":{"self":[{"href":"https:\/\/e-mazzoni.it\/fr\/wp-json\/wp\/v2\/product\/28500","targetHints":{"allow":["GET"]}}],"collection":[{"href":"https:\/\/e-mazzoni.it\/fr\/wp-json\/wp\/v2\/product"}],"about":[{"href":"https:\/\/e-mazzoni.it\/fr\/wp-json\/wp\/v2\/types\/product"}],"wp:featuredmedia":[{"embeddable":true,"href":"https:\/\/e-mazzoni.it\/fr\/wp-json\/wp\/v2\/media\/67765"}],"wp:attachment":[{"href":"https:\/\/e-mazzoni.it\/fr\/wp-json\/wp\/v2\/media?parent=28500"}],"wp:term":[{"taxonomy":"product_brand","embeddable":true,"href":"https:\/\/e-mazzoni.it\/fr\/wp-json\/wp\/v2\/product_brand?post=28500"},{"taxonomy":"product_cat","embeddable":true,"href":"https:\/\/e-mazzoni.it\/fr\/wp-json\/wp\/v2\/product_cat?post=28500"},{"taxonomy":"product_tag","embeddable":true,"href":"https:\/\/e-mazzoni.it\/fr\/wp-json\/wp\/v2\/product_tag?post=28500"}],"curies":[{"name":"wp","href":"https:\/\/api.w.org\/{rel}","templated":true}]}}