{"id":28492,"date":"2024-10-15T06:44:19","date_gmt":"2024-10-15T06:44:19","guid":{"rendered":"https:\/\/e-mazzoni.it\/prodotto\/ph2000-semiprofessional\/"},"modified":"2026-05-02T02:02:16","modified_gmt":"2026-05-02T02:02:16","slug":"ph2000-semiprofessional","status":"publish","type":"product","link":"https:\/\/e-mazzoni.it\/fr\/produit\/ph2000-semiprofessional\/","title":{"rendered":"PH2000 SEMIPROFESSIONAL"},"content":{"rendered":"<p>Nettoyeur haute pression semi-professionnel. Compact, maniable, id\u00e9al pour tous les besoins de nettoyage en ext\u00e9rieur, polyvalent et performant.<\/p>\n<p>CARACT\u00c9RISTIQUES TECHNIQUES<\/p>\n<p>Moteur \u00e9lectrique sans entretien asynchrone (sans balais) s\u00e9rie MEC service continu, S1 avec protection thermique int\u00e9gr\u00e9e sur les enroulements<br \/>\nPompe axiale semi-professionnelle avec t\u00eate en laiton et trois pistons en acier avec remplissage c\u00e9ramique<br \/>\nC\u00e2ble \u00e9lectrique 5 mt.<br \/>\nValve by-pass automatique<br \/>\nTuyau haute pression de 8 m<br \/>\nLance en acier INOX atermica avec pistolet automatique et raccord rapide pour les accessoires<br \/>\nT\u00eate r\u00e9glable avec buse en acier tremp\u00e9 et aspiration de nettoyage \u00e0 basse pression<br \/>\nThermostat de r\u00e9gulation de la temp\u00e9rature de l\u2019eau<br \/>\nChaudi\u00e8re avec serpentin en tube d\u2019acier et s\u00e9curit\u00e9 br\u00fbleur en cas de manque d\u2019eau<br \/>\nContr\u00f4le de niveau de carburant \u00e0 flotteur<br \/>\nPompe \u00e0 diesel anti-grippage<br \/>\nSyst\u00e8me TSD<br \/>\nR\u00e9servoir de d\u00e9tergent 8 L<br \/>\nR\u00e9servoir de carburant 18 L<\/p>\n<div>\n<table style=\"width: 100%\" border=\"1\" id=\"table_options\">\n<tbody>\n<tr>\n<th style=\"color: #fff\" bgcolor=\"#ea2833\">CODE<\/th>\n<th style=\"color: #fff\" bgcolor=\"#ea2833\">MODELE<\/th>\n<th style=\"color: #fff\" bgcolor=\"#ea2833\">L\/MIN &#8211; 1450 RPM<\/th>\n<th style=\"color: #fff\" bgcolor=\"#ea2833\">GPM &#8211; 1450 RPM<\/th>\n<th style=\"color: #fff\" bgcolor=\"#ea2833\">BAR<\/th>\n<th style=\"color: #fff\" bgcolor=\"#ea2833\">PSI<\/th>\n<th style=\"color: #fff\" bgcolor=\"#ea2833\">RPM 50 HZ<\/th>\n<th style=\"color: #fff\" bgcolor=\"#ea2833\">HP<\/th>\n<th style=\"color: #fff\" bgcolor=\"#ea2833\">KW<\/th>\n<th style=\"color: #fff\" bgcolor=\"#ea2833\">VOLT<\/th>\n<th style=\"color: #fff\" bgcolor=\"#ea2833\">Hz<\/th>\n<th style=\"color: #fff\" bgcolor=\"#ea2833\">PHASE<\/th>\n<th style=\"color: #fff\" bgcolor=\"#ea2833\">\u00c0 50 HZ<\/th>\n<th style=\"color: #fff\" bgcolor=\"#ea2833\">BUSE \u00c0 EAU<\/th>\n<th style=\"color: #fff\" bgcolor=\"#ea2833\">KCAL\/H<\/th>\n<th style=\"color: #fff\" bgcolor=\"#ea2833\">R\u00c9SERVOIR DIESEL <\/th>\n<th style=\"color: #fff\" bgcolor=\"#ea2833\">R\u00c9SERVOIR DIESEL (GAL)<\/th>\n<th style=\"color: #fff\" bgcolor=\"#ea2833\">R\u00c9SERVOIR ANTICALCAIRE<\/th>\n<th style=\"color: #fff\" bgcolor=\"#ea2833\">R\u00c9SERVOIR ANTICALCAIRE (GAL)<\/th>\n<th style=\"color: #fff\" bgcolor=\"#ea2833\">R\u00c9SERVOIR DE NETTOYAGE<\/th>\n<th style=\"color: #fff\" bgcolor=\"#ea2833\">R\u00c9SERVOIR DE NETTOYAGE (GAL)<\/th>\n<th style=\"color: #fff\" bgcolor=\"#ea2833\">MAX TEMP\u00c9RATURE DE SORTIE<\/th>\n<th style=\"color: #fff\" bgcolor=\"#ea2833\">MAX TEMP\u00c9RATURE DE SORTIE (F)<\/th>\n<\/tr>\n<tr>\n<td align=\"center !important\">3.023.24.003N<\/td>\n<td align=\"center !important\">PH2000<\/td>\n<td align=\"center !important\">10<\/td>\n<td align=\"center !important\">2.64<\/td>\n<td align=\"center !important\">140<\/td>\n<td align=\"center !important\">2031<\/td>\n<td align=\"center !important\">2800<\/td>\n<td align=\"center !important\">3<\/td>\n<td align=\"center !important\">2,2<\/td>\n<td align=\"center !important\">230<\/td>\n<td align=\"center !important\">50<\/td>\n<td align=\"center !important\">1<\/td>\n<td align=\"center !important\">11,4<\/td>\n<td align=\"center !important\">1504<\/td>\n<td align=\"center !important\">37.000<\/td>\n<td align=\"center !important\">18L<\/td>\n<td align=\"center !important\">4,7 gal<\/td>\n<td align=\"center !important\">&#8212;<\/td>\n<td align=\"center !important\">&#8212;<\/td>\n<td align=\"center !important\">8L<\/td>\n<td align=\"center !important\">2 gal<\/td>\n<td align=\"center !important\">90\u00b0C<\/td>\n<td align=\"center !important\">194\u00b0F<\/td>\n<\/tr>\n<\/tbody>\n<\/table>\n<\/div>\n","protected":false},"excerpt":{"rendered":"<p>C\u2019est le mod\u00e8le le plus puissant parmi les nettoyeurs \u00e0 haute pression \u00e0 chaud de la gamme d\u2019entr\u00e9e de gamme; con\u00e7u pour un usage quotidien, m\u00eame si pas intensif, il monte une pompe semi-professionnelle, avec t\u00eate en laiton et trois pistons en acier avec rev\u00eatement c\u00e9ramique.<\/p>\n<p>Id\u00e9ales pour le nettoyage de la salet\u00e9 incrust\u00e9e et tenace, avec leur pression et leur d\u00e9bit, les nettoyeurs haute pression Mazzoni permettent le lavage de grandes surfaces avec une consommation \u00e9lectrique r\u00e9duite.<\/p>\n<p>Usage recommand\u00e9\u00a0: Maison, ext\u00e9rieur, \u00e9tablissements baln\u00e9aires, h\u00f4tels, locaux, piscines, salons de voitures, ateliers, peintres, installateurs, industrie alimentaire, entreprises de nettoyage, poissonneries etc.\\&#8221;<\/p>\n","protected":false},"featured_media":67749,"template":"","meta":{"zakra_page_container_layout":"customizer","zakra_page_sidebar_layout":"customizer","zakra_remove_content_margin":false,"zakra_sidebar":"customizer","zakra_transparent_header":"customizer","zakra_logo":0,"zakra_main_header_style":"default","zakra_menu_item_color":"","zakra_menu_item_hover_color":"","zakra_menu_item_active_color":"","zakra_menu_active_style":"","zakra_page_header":true},"product_brand":[],"product_cat":[3607],"product_tag":[3642],"class_list":{"0":"post-28492","1":"product","2":"type-product","3":"status-publish","4":"has-post-thumbnail","6":"product_cat-nettoyeurs-haute-pression-a-chaud","7":"product_tag-lavage_fr","9":"first","10":"instock","11":"shipping-taxable","12":"product-type-simple"},"yoast_head":"<!-- This site is optimized with the Yoast SEO plugin v27.5 - https:\/\/yoast.com\/product\/yoast-seo-wordpress\/ -->\n<title>PH2000 SEMIPROFESSIONAL - Mazzoni<\/title>\n<meta name=\"robots\" content=\"index, follow, max-snippet:-1, max-image-preview:large, max-video-preview:-1\" \/>\n<link rel=\"canonical\" href=\"https:\/\/e-mazzoni.it\/fr\/produit\/ph2000-semiprofessional\/\" \/>\n<meta property=\"og:locale\" content=\"fr_FR\" \/>\n<meta property=\"og:type\" content=\"article\" \/>\n<meta property=\"og:title\" content=\"PH2000 SEMIPROFESSIONAL - Mazzoni\" \/>\n<meta property=\"og:description\" content=\"C\u2019est le mod\u00e8le le plus puissant parmi les nettoyeurs \u00e0 haute pression \u00e0 chaud de la gamme d\u2019entr\u00e9e de gamme; con\u00e7u pour un usage quotidien, m\u00eame si pas intensif, il monte une pompe semi-professionnelle, avec t\u00eate en laiton et trois pistons en acier avec rev\u00eatement c\u00e9ramique. Id\u00e9ales pour le nettoyage de la salet\u00e9 incrust\u00e9e et tenace, avec leur pression et leur d\u00e9bit, les nettoyeurs haute pression Mazzoni permettent le lavage de grandes surfaces avec une consommation \u00e9lectrique r\u00e9duite.   Usage recommand\u00e9\u00a0: Maison, ext\u00e9rieur, \u00e9tablissements baln\u00e9aires, h\u00f4tels, locaux, piscines, salons de voitures, ateliers, peintres, installateurs, industrie alimentaire, entreprises de nettoyage, poissonneries etc.&quot;\" \/>\n<meta property=\"og:url\" content=\"https:\/\/e-mazzoni.it\/fr\/produit\/ph2000-semiprofessional\/\" \/>\n<meta property=\"og:site_name\" content=\"Mazzoni\" \/>\n<meta property=\"article:modified_time\" content=\"2026-05-02T02:02:16+00:00\" \/>\n<meta property=\"og:image\" content=\"https:\/\/e-mazzoni.it\/wp-content\/uploads\/2026\/04\/DOC4709177894.jpg\" \/>\n\t<meta property=\"og:image:width\" content=\"800\" \/>\n\t<meta property=\"og:image:height\" content=\"800\" \/>\n\t<meta property=\"og:image:type\" content=\"image\/jpeg\" \/>\n<meta name=\"twitter:card\" content=\"summary_large_image\" \/>\n<meta name=\"twitter:label1\" content=\"Dur\u00e9e de lecture estim\u00e9e\" \/>\n\t<meta name=\"twitter:data1\" content=\"1 minute\" \/>\n<!-- \/ Yoast SEO plugin. -->","yoast_head_json":{"title":"PH2000 SEMIPROFESSIONAL - Mazzoni","robots":{"index":"index","follow":"follow","max-snippet":"max-snippet:-1","max-image-preview":"max-image-preview:large","max-video-preview":"max-video-preview:-1"},"canonical":"https:\/\/e-mazzoni.it\/fr\/produit\/ph2000-semiprofessional\/","og_locale":"fr_FR","og_type":"article","og_title":"PH2000 SEMIPROFESSIONAL - Mazzoni","og_description":"C\u2019est le mod\u00e8le le plus puissant parmi les nettoyeurs \u00e0 haute pression \u00e0 chaud de la gamme d\u2019entr\u00e9e de gamme; con\u00e7u pour un usage quotidien, m\u00eame si pas intensif, il monte une pompe semi-professionnelle, avec t\u00eate en laiton et trois pistons en acier avec rev\u00eatement c\u00e9ramique. Id\u00e9ales pour le nettoyage de la salet\u00e9 incrust\u00e9e et tenace, avec leur pression et leur d\u00e9bit, les nettoyeurs haute pression Mazzoni permettent le lavage de grandes surfaces avec une consommation \u00e9lectrique r\u00e9duite.   Usage recommand\u00e9\u00a0: Maison, ext\u00e9rieur, \u00e9tablissements baln\u00e9aires, h\u00f4tels, locaux, piscines, salons de voitures, ateliers, peintres, installateurs, industrie alimentaire, entreprises de nettoyage, poissonneries etc.\"","og_url":"https:\/\/e-mazzoni.it\/fr\/produit\/ph2000-semiprofessional\/","og_site_name":"Mazzoni","article_modified_time":"2026-05-02T02:02:16+00:00","og_image":[{"width":800,"height":800,"url":"https:\/\/e-mazzoni.it\/wp-content\/uploads\/2026\/04\/DOC4709177894.jpg","type":"image\/jpeg"}],"twitter_card":"summary_large_image","twitter_misc":{"Dur\u00e9e de lecture estim\u00e9e":"1 minute"},"schema":{"@context":"https:\/\/schema.org","@graph":[{"@type":"WebPage","@id":"https:\/\/e-mazzoni.it\/fr\/produit\/ph2000-semiprofessional\/","url":"https:\/\/e-mazzoni.it\/fr\/produit\/ph2000-semiprofessional\/","name":"PH2000 SEMIPROFESSIONAL - Mazzoni","isPartOf":{"@id":"https:\/\/e-mazzoni.it\/fr\/#website"},"primaryImageOfPage":{"@id":"https:\/\/e-mazzoni.it\/fr\/produit\/ph2000-semiprofessional\/#primaryimage"},"image":{"@id":"https:\/\/e-mazzoni.it\/fr\/produit\/ph2000-semiprofessional\/#primaryimage"},"thumbnailUrl":"https:\/\/e-mazzoni.it\/wp-content\/uploads\/2026\/04\/DOC4709177894.jpg","datePublished":"2024-10-15T06:44:19+00:00","dateModified":"2026-05-02T02:02:16+00:00","breadcrumb":{"@id":"https:\/\/e-mazzoni.it\/fr\/produit\/ph2000-semiprofessional\/#breadcrumb"},"inLanguage":"fr-FR","potentialAction":[{"@type":"ReadAction","target":["https:\/\/e-mazzoni.it\/fr\/produit\/ph2000-semiprofessional\/"]}]},{"@type":"ImageObject","inLanguage":"fr-FR","@id":"https:\/\/e-mazzoni.it\/fr\/produit\/ph2000-semiprofessional\/#primaryimage","url":"https:\/\/e-mazzoni.it\/wp-content\/uploads\/2026\/04\/DOC4709177894.jpg","contentUrl":"https:\/\/e-mazzoni.it\/wp-content\/uploads\/2026\/04\/DOC4709177894.jpg","width":800,"height":800},{"@type":"BreadcrumbList","@id":"https:\/\/e-mazzoni.it\/fr\/produit\/ph2000-semiprofessional\/#breadcrumb","itemListElement":[{"@type":"ListItem","position":1,"name":"Home","item":"https:\/\/e-mazzoni.it\/fr\/"},{"@type":"ListItem","position":2,"name":"Produits","item":"https:\/\/e-mazzoni.it\/fr\/produits\/"},{"@type":"ListItem","position":3,"name":"PH2000 SEMIPROFESSIONAL"}]},{"@type":"WebSite","@id":"https:\/\/e-mazzoni.it\/fr\/#website","url":"https:\/\/e-mazzoni.it\/fr\/","name":"Mazzoni","description":"Mazzoni","publisher":{"@id":"https:\/\/e-mazzoni.it\/fr\/#organization"},"potentialAction":[{"@type":"SearchAction","target":{"@type":"EntryPoint","urlTemplate":"https:\/\/e-mazzoni.it\/fr\/?s={search_term_string}"},"query-input":{"@type":"PropertyValueSpecification","valueRequired":true,"valueName":"search_term_string"}}],"inLanguage":"fr-FR"},{"@type":"Organization","@id":"https:\/\/e-mazzoni.it\/fr\/#organization","name":"Mazzoni","url":"https:\/\/e-mazzoni.it\/fr\/","logo":{"@type":"ImageObject","inLanguage":"fr-FR","@id":"https:\/\/e-mazzoni.it\/fr\/#\/schema\/logo\/image\/","url":"https:\/\/e-mazzoni.it\/wp-content\/uploads\/2023\/07\/logo.png","contentUrl":"https:\/\/e-mazzoni.it\/wp-content\/uploads\/2023\/07\/logo.png","width":250,"height":109,"caption":"Mazzoni"},"image":{"@id":"https:\/\/e-mazzoni.it\/fr\/#\/schema\/logo\/image\/"}}]}},"_links":{"self":[{"href":"https:\/\/e-mazzoni.it\/fr\/wp-json\/wp\/v2\/product\/28492","targetHints":{"allow":["GET"]}}],"collection":[{"href":"https:\/\/e-mazzoni.it\/fr\/wp-json\/wp\/v2\/product"}],"about":[{"href":"https:\/\/e-mazzoni.it\/fr\/wp-json\/wp\/v2\/types\/product"}],"wp:featuredmedia":[{"embeddable":true,"href":"https:\/\/e-mazzoni.it\/fr\/wp-json\/wp\/v2\/media\/67749"}],"wp:attachment":[{"href":"https:\/\/e-mazzoni.it\/fr\/wp-json\/wp\/v2\/media?parent=28492"}],"wp:term":[{"taxonomy":"product_brand","embeddable":true,"href":"https:\/\/e-mazzoni.it\/fr\/wp-json\/wp\/v2\/product_brand?post=28492"},{"taxonomy":"product_cat","embeddable":true,"href":"https:\/\/e-mazzoni.it\/fr\/wp-json\/wp\/v2\/product_cat?post=28492"},{"taxonomy":"product_tag","embeddable":true,"href":"https:\/\/e-mazzoni.it\/fr\/wp-json\/wp\/v2\/product_tag?post=28492"}],"curies":[{"name":"wp","href":"https:\/\/api.w.org\/{rel}","templated":true}]}}