{"id":51603,"date":"2023-06-19T06:37:32","date_gmt":"2023-06-19T06:37:32","guid":{"rendered":"https:\/\/e-mazzoni.it\/politique-de-confidentialite-et-de-cookies\/"},"modified":"2024-10-29T14:21:42","modified_gmt":"2024-10-29T14:21:42","slug":"politique-de-confidentialite-et-de-cookies","status":"publish","type":"page","link":"https:\/\/e-mazzoni.it\/fr\/politique-de-confidentialite-et-de-cookies\/","title":{"rendered":"Politique de confidentialit\u00e9 et de cookies"},"content":{"rendered":"\t\t<div data-elementor-type=\"wp-page\" data-elementor-id=\"51603\" class=\"elementor elementor-51603 elementor-3\">\n\t\t\t\t\t\t<section class=\"elementor-section elementor-top-section elementor-element elementor-element-4c90591a elementor-section-boxed elementor-section-height-default elementor-section-height-default\" data-id=\"4c90591a\" data-element_type=\"section\" data-e-type=\"section\">\n\t\t\t\t\t\t<div class=\"elementor-container elementor-column-gap-default\">\n\t\t\t\t\t<div class=\"elementor-column elementor-col-100 elementor-top-column elementor-element elementor-element-4a5a4ce4\" data-id=\"4a5a4ce4\" data-element_type=\"column\" data-e-type=\"column\">\n\t\t\t<div class=\"elementor-widget-wrap elementor-element-populated\">\n\t\t\t\t\t\t<div class=\"elementor-element elementor-element-114027b elementor-widget elementor-widget-spacer\" data-id=\"114027b\" data-element_type=\"widget\" data-e-type=\"widget\" data-widget_type=\"spacer.default\">\n\t\t\t\t<div class=\"elementor-widget-container\">\n\t\t\t\t\t\t\t<div class=\"elementor-spacer\">\n\t\t\t<div class=\"elementor-spacer-inner\"><\/div>\n\t\t<\/div>\n\t\t\t\t\t\t<\/div>\n\t\t\t\t<\/div>\n\t\t\t\t<div class=\"elementor-element elementor-element-ecd241c elementor-widget elementor-widget-heading\" data-id=\"ecd241c\" data-element_type=\"widget\" data-e-type=\"widget\" data-widget_type=\"heading.default\">\n\t\t\t\t<div class=\"elementor-widget-container\">\n\t\t\t\t\t<h2 class=\"elementor-heading-title elementor-size-default\">politique de confidentialit\u00e9<\/h2>\t\t\t\t<\/div>\n\t\t\t\t<\/div>\n\t\t\t\t<div class=\"elementor-element elementor-element-f43b2cb elementor-widget__width-initial elementor-widget elementor-widget-text-editor\" data-id=\"f43b2cb\" data-element_type=\"widget\" data-e-type=\"widget\" data-widget_type=\"text-editor.default\">\n\t\t\t\t<div class=\"elementor-widget-container\">\n\t\t\t\t\t\t\t\t\t<p><strong>INFORMATIONS SUR LE TRAITEMENT DES DONN\u00c9ES PERSONNELLES<\/strong><\/p><p>Cher client,<\/p><p><strong>Mazzoni SRL<\/strong> agit en pleine conformit\u00e9 avec le r\u00e8glement europ\u00e9en n\u00b0. 679\/2016 (ci-apr\u00e8s, par souci de concision : RGPD) et, conform\u00e9ment aux r\u00e9glementations qui y sont contenues, cette information fournit toutes les informations sur le traitement de vos donn\u00e9es personnelles et sur les droits dont vous disposez.<br \/>Avant d&#8217;exprimer votre consentement au traitement des donn\u00e9es, nous vous invitons donc \u00e0 lire attentivement les informations.<\/p><ol><li><strong>Propri\u00e9taire et processeur de donn\u00e9es<\/strong><br \/>Le propri\u00e9taire (c&#8217;est-\u00e0-dire la personne responsable des d\u00e9cisions concernant la finalit\u00e9, la m\u00e9thode de traitement des donn\u00e9es personnelles, la s\u00e9curit\u00e9 et les outils utilis\u00e9s) est Mazzoni SRL, dont le si\u00e8ge social est situ\u00e9 Via Prati Vecchi 5 \u2013 42025 Cavriago (RE) \u2013 p. Num\u00e9ro de TVA 01560810358 en la personne de sa repr\u00e9sentante l\u00e9gale Mme Barbara Mazzoni, domicili\u00e9e pour la fonction au si\u00e8ge social de la Soci\u00e9t\u00e9.<\/li><li><strong>Finalit\u00e9 du traitement et bases juridiques<\/strong><br \/>Les donn\u00e9es personnelles de l&#8217;int\u00e9ress\u00e9 (c&#8217;est-\u00e0-dire les donn\u00e9es fournies \u00e0 l&#8217;entreprise, \u00e9galement par l&#8217;inscription sur le site) sont fournies \u00e0 Mazzoni SRL et trait\u00e9es par cette derni\u00e8re, \u00e9galement par communication \u00e0 des tiers lorsque cela est n\u00e9cessaire et instrumental, aux fins suivantes :<br \/>a) \u00e0 des fins strictement li\u00e9es et instrumentales \u00e0 l&#8217;ex\u00e9cution des obligations d\u00e9coulant des relations, y compris contractuelles, \u00e9tablies avec , pour permettre et g\u00e9rer votre inscription sur le site, pour utiliser les services offerts et \u00e0 des fins administratives et comptables et pour l&#8217;accomplissement de obligations pr\u00e9vues par la l\u00e9gislation en vigueur conform\u00e9ment \u00e0 l&#8217;art. 6 b) RGPD<br \/>b) pour remplir des obligations, de toute nature, pr\u00e9vues par les lois, r\u00e8glements, r\u00e8glements communautaires ou en tout cas li\u00e9es \u00e0 des obligations d\u00e9coulant de dispositions \u00e9mises par des autorit\u00e9s judiciaires, des fonctionnaires administratifs ou des organismes de police, autoris\u00e9s \u00e0 le faire par la loi ou par des organes de contr\u00f4le et contr\u00f4le conform\u00e9ment \u00e0 l&#8217;article 6 c) du RGPD ;<br \/>c) \u00e0 des fins li\u00e9es \u00e0 l&#8217;affirmation ou \u00e0 la d\u00e9fense d&#8217;un droit en justice par Mazzoni SRL conform\u00e9ment \u00e0 l&#8217;art. 6 c) RGPD.<br \/>L&#8217;autorisation pour les finalit\u00e9s vis\u00e9es aux points a), b) et c) ci-dessus est obligatoire ; un refus pourrait rendre impossible \u00e0 Mazzoni SRL la fourniture des services et\/ou l&#8217;ex\u00e9cution des obligations d\u00e9coulant des relations \u00e9tablies. Le traitement concern\u00e9 trouve sa base juridique dans le consentement de l&#8217;int\u00e9ress\u00e9 exprim\u00e9 en cochant la case lors de l&#8217;inscription ou en envoyant un e-mail \u00e0 info@e-mazzoni.it en \u00e9crivant : J&#8217;exprime mon consentement. Par ailleurs, le traitement r\u00e9pond aux int\u00e9r\u00eats l\u00e9gitimes du Responsable du traitement tels que : l&#8217;ex\u00e9cution du contrat, la facturation, le recouvrement des cr\u00e9ances. <br \/>Cependant, vous consentez au traitement de vos donn\u00e9es pour les diff\u00e9rentes finalit\u00e9s suivantes, fonctionnelles \u00e0 l&#8217;activit\u00e9 de Mazzoni SRL conform\u00e9ment \u00e0 l&#8217;art. 6 a) RGPD.<br \/>Le traitement concern\u00e9 n\u00e9cessite le consentement des parties int\u00e9ress\u00e9es :<br \/>d) \u00e0 des fins de marketing et\/ou de promotion sous forme automatis\u00e9e (sms, mms, email, fax) ou sous forme traditionnelle (courrier, contact t\u00e9l\u00e9phonique) ;<br \/>e) pour la communication \u00e0 des soci\u00e9t\u00e9s tierces, avec traitement cons\u00e9quent par celles-ci, qui peuvent les utiliser \u00e0 des fins de marketing et\/ou promotionnelles ;<br \/>f) pour des activit\u00e9s de profilage et\/ou d&#8217;analyse propres li\u00e9es \u00e0 des enqu\u00eates de march\u00e9 et\/ou statistiques.<br \/>Le traitement associ\u00e9 trouve sa base juridique dans le consentement de l&#8217;int\u00e9ress\u00e9 exprim\u00e9 \u00e0 travers la coche lors de la phase d&#8217;inscription.<\/li><li><strong>Donn\u00e9es sp\u00e9ciales<\/strong><br \/>Elles sont consid\u00e9r\u00e9es comme des donn\u00e9es sp\u00e9ciales, conform\u00e9ment et aux fins de l&#8217;art. 9 RGPD, toutes les donn\u00e9es &#8220;&#8230; susceptibles de r\u00e9v\u00e9ler l&#8217;origine raciale et ethnique, les convictions religieuses, philosophiques ou autres, les opinions politiques, l&#8217;appartenance \u00e0 des partis, syndicats, associations ou organisations \u00e0 caract\u00e8re religieux, philosophique ou politique ou syndicat, comme ainsi que les donn\u00e9es g\u00e9n\u00e9tiques, les donn\u00e9es biom\u00e9triques destin\u00e9es \u00e0 identifier de mani\u00e8re unique une personne physique, les donn\u00e9es relatives \u00e0 la sant\u00e9 ou \u00e0 la vie sexuelle ou \u00e0 l&#8217;orientation sexuelle de la personne&#8221; de l&#8217;int\u00e9ress\u00e9. <br \/>Ces donn\u00e9es ne sont jamais collect\u00e9es par Mazzoni SRL mais si cela devait se produire, celle-ci les traitera exclusivement apr\u00e8s l&#8217;expression du consentement sp\u00e9cifique et explicite de l&#8217;int\u00e9ress\u00e9, d\u00e9livr\u00e9 par \u00e9crit, conform\u00e9ment et aux fins de l&#8217;art. 9, co 2a) RGPD.<\/li><li><strong>M\u00e9thodes de traitement<\/strong><br \/>Les donn\u00e9es personnelles des parties int\u00e9ress\u00e9es collect\u00e9es \u00e0 des fins directement li\u00e9es \u00e0 la fourniture des services fournis seront trait\u00e9es par des employ\u00e9s et collaborateurs, tant internes qu&#8217;externes, de Mazzoni SRL, formellement d\u00e9sign\u00e9s \u00e0 cet effet conform\u00e9ment \u00e0 l&#8217;art. 4 RGPD en tant que personnes formellement autoris\u00e9es \u00e0 traiter les donn\u00e9es personnelles.<br \/>Leur traitement pourra avoir lieu au moyen de syst\u00e8mes manuels, informatiques et\/ou t\u00e9l\u00e9matiques, y compris automatis\u00e9s, dans le respect des r\u00e8gles et principes de lic\u00e9it\u00e9 et d&#8217;exactitude, \u00e0 travers les modalit\u00e9s les plus appropri\u00e9es pour garantir leur s\u00e9curit\u00e9 et confidentialit\u00e9 ; elles ne seront communiqu\u00e9es \u00e0 des tiers qu\u2019en cas de stricte n\u00e9cessit\u00e9.<\/li><li><strong>Communication \u00e0 des tiers<\/strong><br \/>Mazzoni SRL, conform\u00e9ment \u00e0 tout ce qui est d\u00e9j\u00e0 pr\u00e9vu dans les points pr\u00e9c\u00e9dents, communique les donn\u00e9es des int\u00e9ress\u00e9s \u00e0 :<br \/>\u2013 les concepteurs pour leur permettre d&#8217;ex\u00e9cuter les obligations assum\u00e9es par eux envers les int\u00e9ress\u00e9s\/supporteurs ;<br \/>\u2013 aux fournisseurs de services de conseil externes \u00e0 l&#8217;entreprise, tels que, sans s&#8217;y limiter, les services juridiques, fiscaux, fiscaux et similaires, et\/ou aux fournisseurs de services informatiques dont Mazzoni SRL peut b\u00e9n\u00e9ficier du soutien dans l&#8217;exercice de son activit\u00e9 ;<br \/>\u2013 des tiers aux fins de mesurer la satisfaction quant \u00e0 la qualit\u00e9 des services fournis, et\/ou de r\u00e9aliser des \u00e9tudes de march\u00e9, de profilage des clients.<br \/>Vos donn\u00e9es personnelles seront trait\u00e9es sur le territoire italien et ne seront pas transf\u00e9r\u00e9es \u00e0 l&#8217;\u00e9tranger. Dans le cas o\u00f9 cela se produirait, le transfert s&#8217;effectuera de mani\u00e8re \u00e0 fournir des garanties appropri\u00e9es et appropri\u00e9es conform\u00e9ment aux statuts. 46 ou 47 ou 49 du r\u00e8glement 679\/2016.<\/li><li><strong>Dur\u00e9e de conservation des donn\u00e9es personnelles et crit\u00e8res utilis\u00e9s<\/strong><br \/>Les donn\u00e9es personnelles communiqu\u00e9es par vous et celles que nous collectons seront conserv\u00e9es pendant 10 ans \u00e0 compter de la fin de la derni\u00e8re utilisation, sauf si elles sont n\u00e9cessaires au respect d&#8217;obligations l\u00e9gales ou d&#8217;obligations d\u00e9coulant de l&#8217;exercice de droits dans les fonctions judiciaires, ou \u00e0 la demande de l&#8217;Autorit\u00e9.<br \/>Toutes les donn\u00e9es trait\u00e9es, avec votre consentement sp\u00e9cifique, \u00e0 des fins de marketing et\/ou de profilage, seront trait\u00e9es pendant une dur\u00e9e maximale de 24 mois.<\/li><li><strong>Droits de l&#8217;int\u00e9ress\u00e9<\/strong><br \/>Le r\u00e8glement europ\u00e9en 679\/2016 reconna\u00eet les droits \u00e9num\u00e9r\u00e9s ci-dessous, que vous pouvez exercer \u00e0 l&#8217;encontre du responsable du traitement. Vous trouverez ci-dessous un extrait complet des articles de loi suivants.<br \/>Les demandes concernant les droits et\/ou toute information et demande d&#8217;explication dont vous pourriez avoir besoin peuvent \u00eatre adress\u00e9es par demande \u00e9crite au Responsable du Traitement\/Gestionnaire, par courrier ordinaire \u00e0 l&#8217;adresse <strong>Mazzoni SRL, dont le si\u00e8ge social est Via Prati Vecchi 5 \u2013 42025 Cavriago ( RE)<\/strong>, ou par e-mail \u00e0 l&#8217;adresse e-mail info@e-mazzoni.it.<\/li><\/ol><p><strong>7.1. DROIT D&#8217;ACC\u00c8S<\/strong><br \/>L&#8217;article 15 du R\u00e8glement europ\u00e9en vous permet d&#8217;obtenir la confirmation du responsable du traitement si un traitement de donn\u00e9es vous concernant est en cours ou non et dans ce cas d&#8217;obtenir l&#8217;acc\u00e8s \u00e0 ces donn\u00e9es.<\/p><p><strong>7.2. DROIT DE CORRECTION<\/strong><br \/>L&#8217;art. 16 du R\u00e8glement europ\u00e9en vous permet d&#8217;obtenir du responsable du traitement la rectification des donn\u00e9es personnelles inexactes vous concernant sans d\u00e9lai injustifi\u00e9. Compte tenu des finalit\u00e9s du traitement, l&#8217;int\u00e9ress\u00e9 a le droit d&#8217;obtenir l&#8217;int\u00e9gration de donn\u00e9es personnelles incompl\u00e8tes, \u00e9galement en fournissant une d\u00e9claration compl\u00e9mentaire.<\/p><p><strong>7.3. DROIT D&#8217;ANNULATION<\/strong><br \/>L&#8217;art. 17 du R\u00e8glement Europ\u00e9en vous permet d&#8217;obtenir du responsable du traitement la suppression des donn\u00e9es personnelles vous concernant sans retard injustifi\u00e9 si l&#8217;un des motifs pr\u00e9vus par la loi existe.<\/p><p><strong>7.4. LIMITATION DES DROITS<\/strong><br \/>L&#8217;art. 18 du R\u00e8glement europ\u00e9en permet d&#8217;obtenir du responsable du traitement la limitation du traitement lorsqu&#8217;une des hypoth\u00e8ses pr\u00e9vues par la loi se r\u00e9alise.<\/p><p><strong>7.5 DROIT \u00c0 LA PORTABILIT\u00c9 DES DONN\u00c9ES<\/strong><br \/>L&#8217;art. 20 du r\u00e8glement europ\u00e9en vous permet de recevoir les donn\u00e9es personnelles vous concernant fournies \u00e0 un responsable du traitement dans un format structur\u00e9, couramment utilis\u00e9 et lisible par machine et a le droit de transmettre ces donn\u00e9es \u00e0 un autre responsable du traitement sans obstacles de la part du responsable du traitement. \u00e0 qui il les a fournis.<br \/>De plus, il vous permet d&#8217;obtenir la transmission directe de donn\u00e9es personnelles d&#8217;un responsable du traitement \u00e0 un autre, si cela est techniquement possible.<\/p><p><strong>7.6 DROIT D&#8217;OPPOSITION<\/strong><br \/>L&#8217;art. 21 du R\u00e8glement europ\u00e9en vous permet de vous opposer \u00e0 tout moment, pour des raisons li\u00e9es \u00e0 votre situation particuli\u00e8re, au traitement des donn\u00e9es personnelles vous concernant en vertu de l&#8217;article 6, paragraphe 1, lettres e) ou f), y compris le profilage sur la base de ces dispositions.<\/p><p><strong>7.7. DROIT DE RETIRER LE CONSENTEMENT<br \/><\/strong>L&#8217;art. 7 du R\u00e8glement Europ\u00e9en vous permet de r\u00e9voquer \u00e0 tout moment le consentement que vous avez donn\u00e9. La r\u00e9vocation du consentement n&#8217;affecte pas la lic\u00e9it\u00e9 du traitement fond\u00e9 sur le consentement avant la r\u00e9vocation.<\/p><p><strong>7.8. DROIT DE PLAINTE<\/strong><br \/>L&#8217;art. 77 du R\u00e8glement europ\u00e9en, si vous estimez que le traitement vous concernant viole le R\u00e8glement, vous reconnaissez le droit de d\u00e9poser une plainte aupr\u00e8s d&#8217;une autorit\u00e9 de contr\u00f4le (Garant de la vie priv\u00e9e), notamment dans l&#8217;\u00c9tat membre dans lequel vous r\u00e9sidez habituellement, travaillez ou le lieu o\u00f9 la violation all\u00e9gu\u00e9e s&#8217;est produite.<\/p>\t\t\t\t\t\t\t\t<\/div>\n\t\t\t\t<\/div>\n\t\t\t\t<div class=\"elementor-element elementor-element-85840b6 elementor-widget elementor-widget-spacer\" data-id=\"85840b6\" data-element_type=\"widget\" data-e-type=\"widget\" data-widget_type=\"spacer.default\">\n\t\t\t\t<div class=\"elementor-widget-container\">\n\t\t\t\t\t\t\t<div class=\"elementor-spacer\">\n\t\t\t<div class=\"elementor-spacer-inner\"><\/div>\n\t\t<\/div>\n\t\t\t\t\t\t<\/div>\n\t\t\t\t<\/div>\n\t\t\t\t<div class=\"elementor-element elementor-element-6d5f6b7 elementor-widget elementor-widget-heading\" data-id=\"6d5f6b7\" data-element_type=\"widget\" data-e-type=\"widget\" data-widget_type=\"heading.default\">\n\t\t\t\t<div class=\"elementor-widget-container\">\n\t\t\t\t\t<h2 class=\"elementor-heading-title elementor-size-default\">Politique en mati\u00e8re de cookies<\/h2>\t\t\t\t<\/div>\n\t\t\t\t<\/div>\n\t\t\t\t<div class=\"elementor-element elementor-element-bc01054 elementor-widget elementor-widget-html\" data-id=\"bc01054\" data-element_type=\"widget\" data-e-type=\"widget\" data-widget_type=\"html.default\">\n\t\t\t\t<div class=\"elementor-widget-container\">\n\t\t\t\t\t<style>\n    a.cky-banner-element {\n        padding: 8px 30px;\n        background: #F8F9FA;\n        color: #858A8F;\n        border: 1px solid #DEE2E6;\n        box-sizing: border-box;\n        border-radius: 2px;\n        cursor: pointer;\n}\n<\/style>\n<p> Derni\u00e8re mise \u00e0 jour : 26 f\u00e9vrier 2024 <\/p>\n\n&nbsp;\n<h5>Que sont les cookies ?<\/h5>\n<div class=\"cookie-policy-p\"><p>Cette politique en mati\u00e8re de cookies explique ce que sont les cookies et comment nous les utilisons, les types de cookies que nous utilisons, les informations que nous collectons \u00e0 l'aide des cookies et comment ces informations sont utilis\u00e9es, et comment g\u00e9rer vos param\u00e8tres de cookies.<\/p> <p>Les cookies sont de petits fichiers texte utilis\u00e9s pour stocker de petites informations. Ils sont stock\u00e9s sur votre appareil lorsque le site Web se charge sur votre navigateur. Ces cookies nous aident \u00e0 faire fonctionner correctement le site Web, \u00e0 le rendre plus s\u00e9curis\u00e9, \u00e0 offrir une meilleure exp\u00e9rience utilisateur, \u00e0 comprendre comment fonctionne le site Web et \u00e0 analyser ce qui fonctionne et o\u00f9 il doit \u00eatre am\u00e9lior\u00e9.  <\/p><\/div>\n\n&nbsp;\n<h5>Comment utilisons-nous les cookies ?<\/h5>\n<div class=\"cookie-policy-p\"><p>Comme la plupart des services en ligne, notre site utilise des cookies propri\u00e9taires et tiers \u00e0 diverses fins. Les cookies de premi\u00e8re partie sont pour la plupart n\u00e9cessaires au bon fonctionnement du site Web et ne collectent aucune de vos donn\u00e9es personnelles identifiables. <\/p> <p>Les cookies tiers utilis\u00e9s sur notre site Web sont principalement utilis\u00e9s pour comprendre le fonctionnement du site Web, la mani\u00e8re dont vous interagissez avec notre site Web, assurer la s\u00e9curit\u00e9 de nos services, vous proposer des publicit\u00e9s pertinentes et, dans l'ensemble, vous offrir une meilleure exp\u00e9rience utilisateur et am\u00e9lior\u00e9 et contribuant \u00e0 acc\u00e9l\u00e9rer vos futures interactions avec notre site Web.<\/p><\/div>\n\n&nbsp;\n    <h5>Types de cookies que nous utilisons<\/h5>\n\n    <div class=\"cky-audit-table-element\"><\/div>\n\n&nbsp;\n    <h5 style=\"margin-bottom:20px;\">G\u00e9rer les pr\u00e9f\u00e9rences en mati\u00e8re de cookies<\/h5>\n\n    <a class=\"cky-banner-element\">Param\u00e8tres des cookies<\/a> <br>\n\n    <div><p>Vous pouvez modifier vos pr\u00e9f\u00e9rences en mati\u00e8re de cookies \u00e0 tout moment en cliquant sur le bouton ci-dessus. Cela vous permettra de revoir la banni\u00e8re de consentement aux cookies et de modifier vos pr\u00e9f\u00e9rences ou de retirer votre consentement imm\u00e9diatement.  <\/p> <p>En plus de cela, diff\u00e9rents navigateurs proposent diff\u00e9rentes m\u00e9thodes pour bloquer et supprimer les cookies utilis\u00e9s par les sites Web. Vous pouvez modifier les param\u00e8tres de votre navigateur pour bloquer\/supprimer les cookies. Vous trouverez ci-dessous des liens vers des documents d'assistance sur la fa\u00e7on de g\u00e9rer et de supprimer les cookies des principaux navigateurs Web.  <\/p> <p>Chrome: <a href=\"https:\/\/support.google.com\/accounts\/answer\/32050\" target=\"_blank\">https:\/\/support.google.com\/accounts\/answer\/32050<\/a><\/p><p>Safari: <a href=\"https:\/\/support.apple.com\/en-in\/guide\/safari\/sfri11471\/mac\" target=\"_blank\">https:\/\/support.apple.com\/en-in\/guide\/safari\/sfri11471\/mac<\/a><\/p><p>Firefox <a href=\"https:\/\/support.mozilla.org\/en-US\/kb\/clear-cookies-and-site-data-firefox?redirectslug=delete-cookies-remove-info-websites-stored\" target=\"_blank\">https:\/\/support.mozilla.org\/en-US\/kb\/clear-cookies-and-site-data-firefox?redirectslug=delete-cookies-remove-info-websites-stored<\/a><\/p><p>Internet Explorer: <a href=\"https:\/\/support.microsoft.com\/en-us\/topic\/how-to-delete-cookie-files-in-internet-explorer-bca9446f-d873-78de-77ba-d42645fa52fc\" target=\"_blank\">https:\/\/support.microsoft.com\/en-us\/topic\/how-to-delete-cookie-files-in-internet-explorer-bca9446f-d873-78de-77ba-d42645fa52fc<\/a><\/p><p>Si vous utilisez un autre navigateur Web, veuillez consulter les documents d'assistance officiels de votre navigateur.<\/p><\/div>\n\n\n&nbsp;\n\t\t\t\t<\/div>\n\t\t\t\t<\/div>\n\t\t\t\t\t<\/div>\n\t\t<\/div>\n\t\t\t\t\t<\/div>\n\t\t<\/section>\n\t\t\t\t<\/div>\n\t\t","protected":false},"excerpt":{"rendered":"<p>politique de confidentialit\u00e9 INFORMATIONS SUR LE TRAITEMENT DES DONN\u00c9ES PERSONNELLES Cher client, Mazzoni SRL agit en pleine conformit\u00e9 avec le r\u00e8glement europ\u00e9en n\u00b0. 679\/2016 (ci-apr\u00e8s, par souci de concision : RGPD) et, conform\u00e9ment aux r\u00e9glementations qui y sont contenues, cette information fournit toutes les informations sur le traitement de vos donn\u00e9es personnelles et sur les [&hellip;]<\/p>\n","protected":false},"author":1,"featured_media":0,"parent":0,"menu_order":0,"comment_status":"closed","ping_status":"closed","template":"elementor_header_footer","meta":{"zakra_page_container_layout":"customizer","zakra_page_sidebar_layout":"customizer","zakra_remove_content_margin":false,"zakra_sidebar":"customizer","zakra_transparent_header":"customizer","zakra_logo":0,"zakra_main_header_style":"default","zakra_menu_item_color":"","zakra_menu_item_hover_color":"","zakra_menu_item_active_color":"","zakra_menu_active_style":"","zakra_page_header":true,"footnotes":""},"class_list":["post-51603","page","type-page","status-publish","hentry"],"yoast_head":"<!-- This site is optimized with the Yoast SEO plugin v27.5 - https:\/\/yoast.com\/product\/yoast-seo-wordpress\/ -->\n<title>Politique de confidentialit\u00e9 et de cookies - Mazzoni<\/title>\n<meta name=\"robots\" content=\"index, follow, max-snippet:-1, max-image-preview:large, max-video-preview:-1\" \/>\n<link rel=\"canonical\" href=\"https:\/\/e-mazzoni.it\/fr\/politique-de-confidentialite-et-de-cookies\/\" \/>\n<meta property=\"og:locale\" content=\"fr_FR\" \/>\n<meta property=\"og:type\" content=\"article\" \/>\n<meta property=\"og:title\" content=\"Politique de confidentialit\u00e9 et de cookies - Mazzoni\" \/>\n<meta property=\"og:description\" content=\"politique de confidentialit\u00e9 INFORMATIONS SUR LE TRAITEMENT DES DONN\u00c9ES PERSONNELLES Cher client, Mazzoni SRL agit en pleine conformit\u00e9 avec le r\u00e8glement europ\u00e9en n\u00b0. 679\/2016 (ci-apr\u00e8s, par souci de concision : RGPD) et, conform\u00e9ment aux r\u00e9glementations qui y sont contenues, cette information fournit toutes les informations sur le traitement de vos donn\u00e9es personnelles et sur les [&hellip;]\" \/>\n<meta property=\"og:url\" content=\"https:\/\/e-mazzoni.it\/fr\/politique-de-confidentialite-et-de-cookies\/\" \/>\n<meta property=\"og:site_name\" content=\"Mazzoni\" \/>\n<meta property=\"article:modified_time\" content=\"2024-10-29T14:21:42+00:00\" \/>\n<meta name=\"twitter:card\" content=\"summary_large_image\" \/>\n<meta name=\"twitter:label1\" content=\"Dur\u00e9e de lecture estim\u00e9e\" \/>\n\t<meta name=\"twitter:data1\" content=\"10 minutes\" \/>\n<!-- \/ Yoast SEO plugin. -->","yoast_head_json":{"title":"Politique de confidentialit\u00e9 et de cookies - Mazzoni","robots":{"index":"index","follow":"follow","max-snippet":"max-snippet:-1","max-image-preview":"max-image-preview:large","max-video-preview":"max-video-preview:-1"},"canonical":"https:\/\/e-mazzoni.it\/fr\/politique-de-confidentialite-et-de-cookies\/","og_locale":"fr_FR","og_type":"article","og_title":"Politique de confidentialit\u00e9 et de cookies - Mazzoni","og_description":"politique de confidentialit\u00e9 INFORMATIONS SUR LE TRAITEMENT DES DONN\u00c9ES PERSONNELLES Cher client, Mazzoni SRL agit en pleine conformit\u00e9 avec le r\u00e8glement europ\u00e9en n\u00b0. 679\/2016 (ci-apr\u00e8s, par souci de concision : RGPD) et, conform\u00e9ment aux r\u00e9glementations qui y sont contenues, cette information fournit toutes les informations sur le traitement de vos donn\u00e9es personnelles et sur les [&hellip;]","og_url":"https:\/\/e-mazzoni.it\/fr\/politique-de-confidentialite-et-de-cookies\/","og_site_name":"Mazzoni","article_modified_time":"2024-10-29T14:21:42+00:00","twitter_card":"summary_large_image","twitter_misc":{"Dur\u00e9e de lecture estim\u00e9e":"10 minutes"},"schema":{"@context":"https:\/\/schema.org","@graph":[{"@type":"WebPage","@id":"https:\/\/e-mazzoni.it\/fr\/politique-de-confidentialite-et-de-cookies\/","url":"https:\/\/e-mazzoni.it\/fr\/politique-de-confidentialite-et-de-cookies\/","name":"Politique de confidentialit\u00e9 et de cookies - Mazzoni","isPartOf":{"@id":"https:\/\/e-mazzoni.it\/fr\/#website"},"datePublished":"2023-06-19T06:37:32+00:00","dateModified":"2024-10-29T14:21:42+00:00","breadcrumb":{"@id":"https:\/\/e-mazzoni.it\/fr\/politique-de-confidentialite-et-de-cookies\/#breadcrumb"},"inLanguage":"fr-FR","potentialAction":[{"@type":"ReadAction","target":["https:\/\/e-mazzoni.it\/fr\/politique-de-confidentialite-et-de-cookies\/"]}]},{"@type":"BreadcrumbList","@id":"https:\/\/e-mazzoni.it\/fr\/politique-de-confidentialite-et-de-cookies\/#breadcrumb","itemListElement":[{"@type":"ListItem","position":1,"name":"Home","item":"https:\/\/e-mazzoni.it\/fr\/"},{"@type":"ListItem","position":2,"name":"Politique de confidentialit\u00e9 et de cookies"}]},{"@type":"WebSite","@id":"https:\/\/e-mazzoni.it\/fr\/#website","url":"https:\/\/e-mazzoni.it\/fr\/","name":"Mazzoni","description":"Mazzoni","publisher":{"@id":"https:\/\/e-mazzoni.it\/fr\/#organization"},"potentialAction":[{"@type":"SearchAction","target":{"@type":"EntryPoint","urlTemplate":"https:\/\/e-mazzoni.it\/fr\/?s={search_term_string}"},"query-input":{"@type":"PropertyValueSpecification","valueRequired":true,"valueName":"search_term_string"}}],"inLanguage":"fr-FR"},{"@type":"Organization","@id":"https:\/\/e-mazzoni.it\/fr\/#organization","name":"Mazzoni","url":"https:\/\/e-mazzoni.it\/fr\/","logo":{"@type":"ImageObject","inLanguage":"fr-FR","@id":"https:\/\/e-mazzoni.it\/fr\/#\/schema\/logo\/image\/","url":"https:\/\/e-mazzoni.it\/wp-content\/uploads\/2023\/07\/logo.png","contentUrl":"https:\/\/e-mazzoni.it\/wp-content\/uploads\/2023\/07\/logo.png","width":250,"height":109,"caption":"Mazzoni"},"image":{"@id":"https:\/\/e-mazzoni.it\/fr\/#\/schema\/logo\/image\/"}}]}},"_links":{"self":[{"href":"https:\/\/e-mazzoni.it\/fr\/wp-json\/wp\/v2\/pages\/51603","targetHints":{"allow":["GET"]}}],"collection":[{"href":"https:\/\/e-mazzoni.it\/fr\/wp-json\/wp\/v2\/pages"}],"about":[{"href":"https:\/\/e-mazzoni.it\/fr\/wp-json\/wp\/v2\/types\/page"}],"author":[{"embeddable":true,"href":"https:\/\/e-mazzoni.it\/fr\/wp-json\/wp\/v2\/users\/1"}],"replies":[{"embeddable":true,"href":"https:\/\/e-mazzoni.it\/fr\/wp-json\/wp\/v2\/comments?post=51603"}],"version-history":[{"count":4,"href":"https:\/\/e-mazzoni.it\/fr\/wp-json\/wp\/v2\/pages\/51603\/revisions"}],"predecessor-version":[{"id":51972,"href":"https:\/\/e-mazzoni.it\/fr\/wp-json\/wp\/v2\/pages\/51603\/revisions\/51972"}],"wp:attachment":[{"href":"https:\/\/e-mazzoni.it\/fr\/wp-json\/wp\/v2\/media?parent=51603"}],"curies":[{"name":"wp","href":"https:\/\/api.w.org\/{rel}","templated":true}]}}