{"id":32886,"date":"2024-10-15T06:58:52","date_gmt":"2024-10-15T06:58:52","guid":{"rendered":"https:\/\/e-mazzoni.it\/prodotto\/herramientas-de-mantenimiento-de-bombas\/"},"modified":"2026-04-27T03:17:17","modified_gmt":"2026-04-27T03:17:17","slug":"herramientas-de-mantenimiento-de-bombas","status":"publish","type":"product","link":"https:\/\/e-mazzoni.it\/es\/producto\/herramientas-de-mantenimiento-de-bombas\/","title":{"rendered":"HERRAMIENTAS DE MANTENIMIENTO DE BOMBAS"},"content":{"rendered":"<div>\n<table style=\"width: 100%\" border=\"1\" id=\"table_options\">\n<tbody>\n<tr>\n<th style=\"color: #fff\" bgcolor=\"#ea2833\">CODIGO<\/th>\n<th style=\"color: #fff\" bgcolor=\"#ea2833\">MODELO<\/th>\n<\/tr>\n<tr>\n<td>P3.200.001<\/td>\n<td>TAMPON PARA COLLARIN PISTON \u00f818 BOMBA PM-PMD<\/td>\n<\/tr>\n<tr>\n<td>P3.200.003<\/td>\n<td>TAMPON PARA COLLARIN PISTON \u00f820-22 BOMBA GM<\/td>\n<\/tr>\n<tr>\n<td>P3.200.004<\/td>\n<td>TAMPON PARA COLLARIN PISTON \u00f825-28 BOMBA GM<\/td>\n<\/tr>\n<tr>\n<td>P3.200.005<\/td>\n<td>TAMPON PARA COLLARIN PISTON \u00f816 BOMBA XM<\/td>\n<\/tr>\n<tr>\n<td>1.061.02.001<\/td>\n<td>EXTRACTOR DE PERCUSION PARA SELLOS DE AGUA<\/td>\n<\/tr>\n<tr>\n<td>1.038.02.002<\/td>\n<td>20-30 ALICATES DE LA BOMBA DE PRESION DE EXTRACCION (MMD\/GM\/LM))<\/td>\n<\/tr>\n<tr>\n<td>1.038.02.001<\/td>\n<td>14-20 ALICATES DE LA BOMBA DE PRESION DE EXTRACCION (PMD\/MMD\/XM\/LMX)<\/td>\n<\/tr>\n<tr>\n<td>P3.201.001<\/td>\n<td>ESTRACTOR CORTECO ACEITE BOMBA PM\/MM<\/td>\n<\/tr>\n<tr>\n<td>P3.201.002<\/td>\n<td>ESTRACTOR CORTECO BOMBA GM-XM<\/td>\n<\/tr>\n<tr>\n<td>P3.200.008<\/td>\n<td>Tope para anillo de sellado de pist\u00f3n \u00d818 bomba PM\/PMD &#8211; \u00d820 bomba MMD<\/td>\n<\/tr>\n<tr>\n<td>P3.200.009<\/td>\n<td>TAMPON PARA INSERTAR ANILLO DEL ACEITE GM &#8211; XM<\/td>\n<\/tr>\n<tr>\n<td>P3.201.003<\/td>\n<td>ESTRACTOR VAM BOMBA XM-1<\/td>\n<\/tr>\n<tr>\n<td>9.034.02.001<\/td>\n<td>LUBRIFICANTE OLIO MOBIL DTE HY MED CONF.DA LITRO<\/td>\n<\/tr>\n<tr>\n<td>9.034.02.002<\/td>\n<td>ACEITE *SAE 15W40* 1 LITRO<\/td>\n<\/tr>\n<tr>\n<td>9.034.02.003<\/td>\n<td>OLIO RIDUTTORE PA *1LT*<\/td>\n<\/tr>\n<\/tbody>\n<\/table>\n<\/div>\n","protected":false},"excerpt":{"rendered":"<p>CODIGO MODELO P3.200.001 TAMPON PARA COLLARIN PISTON \u00f818 BOMBA PM-PMD P3.200.003 TAMPON PARA COLLARIN PISTON \u00f820-22 BOMBA GM P3.200.004 TAMPON PARA COLLARIN PISTON \u00f825-28 BOMBA GM P3.200.005 TAMPON PARA COLLARIN PISTON \u00f816 BOMBA XM 1.061.02.001 EXTRACTOR DE PERCUSION PARA SELLOS DE AGUA 1.038.02.002 20-30 ALICATES DE LA BOMBA DE PRESION DE EXTRACCION (MMD\/GM\/LM)) 1.038.02.001 14-20 [&hellip;]<\/p>\n","protected":false},"featured_media":68734,"template":"","meta":{"zakra_page_container_layout":"customizer","zakra_page_sidebar_layout":"customizer","zakra_remove_content_margin":false,"zakra_sidebar":"customizer","zakra_transparent_header":"customizer","zakra_logo":0,"zakra_main_header_style":"default","zakra_menu_item_color":"","zakra_menu_item_hover_color":"","zakra_menu_item_active_color":"","zakra_menu_active_style":"","zakra_page_header":true},"product_brand":[],"product_cat":[3756],"product_tag":[],"class_list":{"0":"post-32886","1":"product","2":"type-product","3":"status-publish","4":"has-post-thumbnail","6":"product_cat-piezas-de-repuesto-bombas","8":"first","9":"instock","10":"shipping-taxable","11":"product-type-simple"},"yoast_head":"<!-- This site is optimized with the Yoast SEO plugin v27.5 - https:\/\/yoast.com\/product\/yoast-seo-wordpress\/ -->\n<title>HERRAMIENTAS DE MANTENIMIENTO DE BOMBAS - Mazzoni<\/title>\n<meta name=\"robots\" content=\"index, follow, max-snippet:-1, max-image-preview:large, max-video-preview:-1\" \/>\n<link rel=\"canonical\" href=\"https:\/\/e-mazzoni.it\/es\/producto\/herramientas-de-mantenimiento-de-bombas\/\" \/>\n<meta property=\"og:locale\" content=\"es_ES\" \/>\n<meta property=\"og:type\" content=\"article\" \/>\n<meta property=\"og:title\" content=\"HERRAMIENTAS DE MANTENIMIENTO DE BOMBAS - Mazzoni\" \/>\n<meta property=\"og:description\" content=\"CODIGO MODELO P3.200.001 TAMPON PARA COLLARIN PISTON \u00f818 BOMBA PM-PMD P3.200.003 TAMPON PARA COLLARIN PISTON \u00f820-22 BOMBA GM P3.200.004 TAMPON PARA COLLARIN PISTON \u00f825-28 BOMBA GM P3.200.005 TAMPON PARA COLLARIN PISTON \u00f816 BOMBA XM 1.061.02.001 EXTRACTOR DE PERCUSION PARA SELLOS DE AGUA 1.038.02.002 20-30 ALICATES DE LA BOMBA DE PRESION DE EXTRACCION (MMD\/GM\/LM)) 1.038.02.001 14-20 [&hellip;]\" \/>\n<meta property=\"og:url\" content=\"https:\/\/e-mazzoni.it\/es\/producto\/herramientas-de-mantenimiento-de-bombas\/\" \/>\n<meta property=\"og:site_name\" content=\"Mazzoni\" \/>\n<meta property=\"article:modified_time\" content=\"2026-04-27T03:17:17+00:00\" \/>\n<meta property=\"og:image\" content=\"https:\/\/e-mazzoni.it\/wp-content\/uploads\/2026\/04\/DOC6641664328.jpg\" \/>\n\t<meta property=\"og:image:width\" content=\"492\" \/>\n\t<meta property=\"og:image:height\" content=\"188\" \/>\n\t<meta property=\"og:image:type\" content=\"image\/jpeg\" \/>\n<meta name=\"twitter:card\" content=\"summary_large_image\" \/>\n<meta name=\"twitter:label1\" content=\"Tiempo de lectura\" \/>\n\t<meta name=\"twitter:data1\" content=\"1 minuto\" \/>\n<!-- \/ Yoast SEO plugin. -->","yoast_head_json":{"title":"HERRAMIENTAS DE MANTENIMIENTO DE BOMBAS - Mazzoni","robots":{"index":"index","follow":"follow","max-snippet":"max-snippet:-1","max-image-preview":"max-image-preview:large","max-video-preview":"max-video-preview:-1"},"canonical":"https:\/\/e-mazzoni.it\/es\/producto\/herramientas-de-mantenimiento-de-bombas\/","og_locale":"es_ES","og_type":"article","og_title":"HERRAMIENTAS DE MANTENIMIENTO DE BOMBAS - Mazzoni","og_description":"CODIGO MODELO P3.200.001 TAMPON PARA COLLARIN PISTON \u00f818 BOMBA PM-PMD P3.200.003 TAMPON PARA COLLARIN PISTON \u00f820-22 BOMBA GM P3.200.004 TAMPON PARA COLLARIN PISTON \u00f825-28 BOMBA GM P3.200.005 TAMPON PARA COLLARIN PISTON \u00f816 BOMBA XM 1.061.02.001 EXTRACTOR DE PERCUSION PARA SELLOS DE AGUA 1.038.02.002 20-30 ALICATES DE LA BOMBA DE PRESION DE EXTRACCION (MMD\/GM\/LM)) 1.038.02.001 14-20 [&hellip;]","og_url":"https:\/\/e-mazzoni.it\/es\/producto\/herramientas-de-mantenimiento-de-bombas\/","og_site_name":"Mazzoni","article_modified_time":"2026-04-27T03:17:17+00:00","og_image":[{"width":492,"height":188,"url":"https:\/\/e-mazzoni.it\/wp-content\/uploads\/2026\/04\/DOC6641664328.jpg","type":"image\/jpeg"}],"twitter_card":"summary_large_image","twitter_misc":{"Tiempo de lectura":"1 minuto"},"schema":{"@context":"https:\/\/schema.org","@graph":[{"@type":"WebPage","@id":"https:\/\/e-mazzoni.it\/es\/producto\/herramientas-de-mantenimiento-de-bombas\/","url":"https:\/\/e-mazzoni.it\/es\/producto\/herramientas-de-mantenimiento-de-bombas\/","name":"HERRAMIENTAS DE MANTENIMIENTO DE BOMBAS - Mazzoni","isPartOf":{"@id":"https:\/\/e-mazzoni.it\/es\/#website"},"primaryImageOfPage":{"@id":"https:\/\/e-mazzoni.it\/es\/producto\/herramientas-de-mantenimiento-de-bombas\/#primaryimage"},"image":{"@id":"https:\/\/e-mazzoni.it\/es\/producto\/herramientas-de-mantenimiento-de-bombas\/#primaryimage"},"thumbnailUrl":"https:\/\/e-mazzoni.it\/wp-content\/uploads\/2026\/04\/DOC6641664328.jpg","datePublished":"2024-10-15T06:58:52+00:00","dateModified":"2026-04-27T03:17:17+00:00","breadcrumb":{"@id":"https:\/\/e-mazzoni.it\/es\/producto\/herramientas-de-mantenimiento-de-bombas\/#breadcrumb"},"inLanguage":"es","potentialAction":[{"@type":"ReadAction","target":["https:\/\/e-mazzoni.it\/es\/producto\/herramientas-de-mantenimiento-de-bombas\/"]}]},{"@type":"ImageObject","inLanguage":"es","@id":"https:\/\/e-mazzoni.it\/es\/producto\/herramientas-de-mantenimiento-de-bombas\/#primaryimage","url":"https:\/\/e-mazzoni.it\/wp-content\/uploads\/2026\/04\/DOC6641664328.jpg","contentUrl":"https:\/\/e-mazzoni.it\/wp-content\/uploads\/2026\/04\/DOC6641664328.jpg","width":492,"height":188},{"@type":"BreadcrumbList","@id":"https:\/\/e-mazzoni.it\/es\/producto\/herramientas-de-mantenimiento-de-bombas\/#breadcrumb","itemListElement":[{"@type":"ListItem","position":1,"name":"Home","item":"https:\/\/e-mazzoni.it\/es\/"},{"@type":"ListItem","position":2,"name":"Productos","item":"https:\/\/e-mazzoni.it\/es\/productos\/"},{"@type":"ListItem","position":3,"name":"HERRAMIENTAS DE MANTENIMIENTO DE BOMBAS"}]},{"@type":"WebSite","@id":"https:\/\/e-mazzoni.it\/es\/#website","url":"https:\/\/e-mazzoni.it\/es\/","name":"Mazzoni","description":"Mazzoni","publisher":{"@id":"https:\/\/e-mazzoni.it\/es\/#organization"},"potentialAction":[{"@type":"SearchAction","target":{"@type":"EntryPoint","urlTemplate":"https:\/\/e-mazzoni.it\/es\/?s={search_term_string}"},"query-input":{"@type":"PropertyValueSpecification","valueRequired":true,"valueName":"search_term_string"}}],"inLanguage":"es"},{"@type":"Organization","@id":"https:\/\/e-mazzoni.it\/es\/#organization","name":"Mazzoni","url":"https:\/\/e-mazzoni.it\/es\/","logo":{"@type":"ImageObject","inLanguage":"es","@id":"https:\/\/e-mazzoni.it\/es\/#\/schema\/logo\/image\/","url":"https:\/\/e-mazzoni.it\/wp-content\/uploads\/2023\/07\/logo.png","contentUrl":"https:\/\/e-mazzoni.it\/wp-content\/uploads\/2023\/07\/logo.png","width":250,"height":109,"caption":"Mazzoni"},"image":{"@id":"https:\/\/e-mazzoni.it\/es\/#\/schema\/logo\/image\/"}}]}},"_links":{"self":[{"href":"https:\/\/e-mazzoni.it\/es\/wp-json\/wp\/v2\/product\/32886","targetHints":{"allow":["GET"]}}],"collection":[{"href":"https:\/\/e-mazzoni.it\/es\/wp-json\/wp\/v2\/product"}],"about":[{"href":"https:\/\/e-mazzoni.it\/es\/wp-json\/wp\/v2\/types\/product"}],"wp:featuredmedia":[{"embeddable":true,"href":"https:\/\/e-mazzoni.it\/es\/wp-json\/wp\/v2\/media\/68734"}],"wp:attachment":[{"href":"https:\/\/e-mazzoni.it\/es\/wp-json\/wp\/v2\/media?parent=32886"}],"wp:term":[{"taxonomy":"product_brand","embeddable":true,"href":"https:\/\/e-mazzoni.it\/es\/wp-json\/wp\/v2\/product_brand?post=32886"},{"taxonomy":"product_cat","embeddable":true,"href":"https:\/\/e-mazzoni.it\/es\/wp-json\/wp\/v2\/product_cat?post=32886"},{"taxonomy":"product_tag","embeddable":true,"href":"https:\/\/e-mazzoni.it\/es\/wp-json\/wp\/v2\/product_tag?post=32886"}],"curies":[{"name":"wp","href":"https:\/\/api.w.org\/{rel}","templated":true}]}}