{"id":32622,"date":"2024-10-15T06:58:13","date_gmt":"2024-10-15T06:58:13","guid":{"rendered":"https:\/\/e-mazzoni.it\/prodotto\/kit-de-juntas-de-agua\/"},"modified":"2026-04-27T03:12:59","modified_gmt":"2026-04-27T03:12:59","slug":"kit-de-juntas-de-agua","status":"publish","type":"product","link":"https:\/\/e-mazzoni.it\/es\/producto\/kit-de-juntas-de-agua\/","title":{"rendered":"KIT DE JUNTAS DE AGUA"},"content":{"rendered":"<div>\n<table style=\"width: 100%\" border=\"1\" id=\"table_options\">\n<tbody>\n<tr>\n<th style=\"color: #fff\" bgcolor=\"#ea2833\">CODIGO<\/th>\n<th style=\"color: #fff\" bgcolor=\"#ea2833\">MODELO<\/th>\n<\/tr>\n<tr>\n<td>P9.003.003<\/td>\n<td>KIT SELLOS BOMBA D.18 PM-PMD-HY<\/td>\n<\/tr>\n<tr>\n<td>P9.003.050<\/td>\n<td>SELLOS PISTONES \u00f814 POMPA PM &#8211; EDM<\/td>\n<\/tr>\n<tr>\n<td>P9.003.015<\/td>\n<td>KIT PISTON SELLOS BOMBA TPM &#8211; HT  \u00f818<\/td>\n<\/tr>\n<tr>\n<td>P9.003.055<\/td>\n<td>GUARNIZIONE PISTONE \u00f818 POMPA PM CW<\/td>\n<\/tr>\n<tr>\n<td>P9.003.025<\/td>\n<td>KIT COLLARINES PISTONES D.20 BOMBA MMD<\/td>\n<\/tr>\n<tr>\n<td>P9.003.053<\/td>\n<td>SELLOS PISTONES \u00f820 BOMBA MMD CW<\/td>\n<\/tr>\n<tr>\n<td>P9.003.049<\/td>\n<td>SELLOS PARA PISTONES \u00f815 POMPA MMD &#8211; EDM<\/td>\n<\/tr>\n<tr>\n<td>P9.003.017<\/td>\n<td>KIT PISTON SELLOS BOMBA TMM \u00f820<\/td>\n<\/tr>\n<tr>\n<td>P9.003.005<\/td>\n<td>KIT SEALS D.20 GM\/GM-1<\/td>\n<\/tr>\n<tr>\n<td>P9.003.007<\/td>\n<td>KIT RETENES \u00f8 22  GM\/GM-1<\/td>\n<\/tr>\n<tr>\n<td>P9.003.009<\/td>\n<td>KIT PISTON SELLOS BOMBA GM\/GM-1  \u00f825<\/td>\n<\/tr>\n<tr>\n<td>P9.003.011<\/td>\n<td>KIT PISTON SELLOS BOMBA GM + GM-1  \u00f828<\/td>\n<\/tr>\n<tr>\n<td>P9.003.032<\/td>\n<td>GUARNIZIONE PISTONE \u00f820 POMPA GM-1 HT<\/td>\n<\/tr>\n<tr>\n<td>P9.003.033<\/td>\n<td>GUARNIZIONE PISTONE \u00f822 POMPA GM-1 HT<\/td>\n<\/tr>\n<tr>\n<td>P9.003.034<\/td>\n<td>GUARNIZIONE PISTONE \u00f825 POMPA GM-1 HT<\/td>\n<\/tr>\n<tr>\n<td>P9.003.046<\/td>\n<td>KIT PISTON SELLOS BOMBA XM  \u00f816<\/td>\n<\/tr>\n<tr>\n<td>P9.003.057<\/td>\n<td>GUARNICION PISTON \u00f820 POMPA LM<\/td>\n<\/tr>\n<tr>\n<td>P9.003.058<\/td>\n<td>GUARNIZIONE PISTONE \u00d830 POMPA LM<\/td>\n<\/tr>\n<tr>\n<td>P9.003.059<\/td>\n<td>GUARNIZIONE PISTONE \u00d840 POMPA LM<\/td>\n<\/tr>\n<\/tbody>\n<\/table>\n<\/div>\n","protected":false},"excerpt":{"rendered":"<p>CODIGO MODELO P9.003.003 KIT SELLOS BOMBA D.18 PM-PMD-HY P9.003.050 SELLOS PISTONES \u00f814 POMPA PM &#8211; EDM P9.003.015 KIT PISTON SELLOS BOMBA TPM &#8211; HT \u00f818 P9.003.055 GUARNIZIONE PISTONE \u00f818 POMPA PM CW P9.003.025 KIT COLLARINES PISTONES D.20 BOMBA MMD P9.003.053 SELLOS PISTONES \u00f820 BOMBA MMD CW P9.003.049 SELLOS PARA PISTONES \u00f815 POMPA MMD &#8211; EDM [&hellip;]<\/p>\n","protected":false},"featured_media":68674,"template":"","meta":{"zakra_page_container_layout":"customizer","zakra_page_sidebar_layout":"customizer","zakra_remove_content_margin":false,"zakra_sidebar":"customizer","zakra_transparent_header":"customizer","zakra_logo":0,"zakra_main_header_style":"default","zakra_menu_item_color":"","zakra_menu_item_hover_color":"","zakra_menu_item_active_color":"","zakra_menu_active_style":"","zakra_page_header":true},"product_brand":[],"product_cat":[3756],"product_tag":[],"class_list":{"0":"post-32622","1":"product","2":"type-product","3":"status-publish","4":"has-post-thumbnail","6":"product_cat-piezas-de-repuesto-bombas","8":"first","9":"instock","10":"shipping-taxable","11":"product-type-simple"},"yoast_head":"<!-- This site is optimized with the Yoast SEO plugin v27.5 - https:\/\/yoast.com\/product\/yoast-seo-wordpress\/ -->\n<title>KIT DE JUNTAS DE AGUA - Mazzoni<\/title>\n<meta name=\"robots\" content=\"index, follow, max-snippet:-1, max-image-preview:large, max-video-preview:-1\" \/>\n<link rel=\"canonical\" href=\"https:\/\/e-mazzoni.it\/es\/producto\/kit-de-juntas-de-agua\/\" \/>\n<meta property=\"og:locale\" content=\"es_ES\" \/>\n<meta property=\"og:type\" content=\"article\" \/>\n<meta property=\"og:title\" content=\"KIT DE JUNTAS DE AGUA - Mazzoni\" \/>\n<meta property=\"og:description\" content=\"CODIGO MODELO P9.003.003 KIT SELLOS BOMBA D.18 PM-PMD-HY P9.003.050 SELLOS PISTONES \u00f814 POMPA PM &#8211; EDM P9.003.015 KIT PISTON SELLOS BOMBA TPM &#8211; HT \u00f818 P9.003.055 GUARNIZIONE PISTONE \u00f818 POMPA PM CW P9.003.025 KIT COLLARINES PISTONES D.20 BOMBA MMD P9.003.053 SELLOS PISTONES \u00f820 BOMBA MMD CW P9.003.049 SELLOS PARA PISTONES \u00f815 POMPA MMD &#8211; EDM [&hellip;]\" \/>\n<meta property=\"og:url\" content=\"https:\/\/e-mazzoni.it\/es\/producto\/kit-de-juntas-de-agua\/\" \/>\n<meta property=\"og:site_name\" content=\"Mazzoni\" \/>\n<meta property=\"article:modified_time\" content=\"2026-04-27T03:12:59+00:00\" \/>\n<meta property=\"og:image\" content=\"https:\/\/e-mazzoni.it\/wp-content\/uploads\/2026\/04\/DOC6392983003.jpg\" \/>\n\t<meta property=\"og:image:width\" content=\"217\" \/>\n\t<meta property=\"og:image:height\" content=\"242\" \/>\n\t<meta property=\"og:image:type\" content=\"image\/jpeg\" \/>\n<meta name=\"twitter:card\" content=\"summary_large_image\" \/>\n<meta name=\"twitter:label1\" content=\"Tiempo de lectura\" \/>\n\t<meta name=\"twitter:data1\" content=\"1 minuto\" \/>\n<!-- \/ Yoast SEO plugin. -->","yoast_head_json":{"title":"KIT DE JUNTAS DE AGUA - Mazzoni","robots":{"index":"index","follow":"follow","max-snippet":"max-snippet:-1","max-image-preview":"max-image-preview:large","max-video-preview":"max-video-preview:-1"},"canonical":"https:\/\/e-mazzoni.it\/es\/producto\/kit-de-juntas-de-agua\/","og_locale":"es_ES","og_type":"article","og_title":"KIT DE JUNTAS DE AGUA - Mazzoni","og_description":"CODIGO MODELO P9.003.003 KIT SELLOS BOMBA D.18 PM-PMD-HY P9.003.050 SELLOS PISTONES \u00f814 POMPA PM &#8211; EDM P9.003.015 KIT PISTON SELLOS BOMBA TPM &#8211; HT \u00f818 P9.003.055 GUARNIZIONE PISTONE \u00f818 POMPA PM CW P9.003.025 KIT COLLARINES PISTONES D.20 BOMBA MMD P9.003.053 SELLOS PISTONES \u00f820 BOMBA MMD CW P9.003.049 SELLOS PARA PISTONES \u00f815 POMPA MMD &#8211; EDM [&hellip;]","og_url":"https:\/\/e-mazzoni.it\/es\/producto\/kit-de-juntas-de-agua\/","og_site_name":"Mazzoni","article_modified_time":"2026-04-27T03:12:59+00:00","og_image":[{"width":217,"height":242,"url":"https:\/\/e-mazzoni.it\/wp-content\/uploads\/2026\/04\/DOC6392983003.jpg","type":"image\/jpeg"}],"twitter_card":"summary_large_image","twitter_misc":{"Tiempo de lectura":"1 minuto"},"schema":{"@context":"https:\/\/schema.org","@graph":[{"@type":"WebPage","@id":"https:\/\/e-mazzoni.it\/es\/producto\/kit-de-juntas-de-agua\/","url":"https:\/\/e-mazzoni.it\/es\/producto\/kit-de-juntas-de-agua\/","name":"KIT DE JUNTAS DE AGUA - Mazzoni","isPartOf":{"@id":"https:\/\/e-mazzoni.it\/es\/#website"},"primaryImageOfPage":{"@id":"https:\/\/e-mazzoni.it\/es\/producto\/kit-de-juntas-de-agua\/#primaryimage"},"image":{"@id":"https:\/\/e-mazzoni.it\/es\/producto\/kit-de-juntas-de-agua\/#primaryimage"},"thumbnailUrl":"https:\/\/e-mazzoni.it\/wp-content\/uploads\/2026\/04\/DOC6392983003.jpg","datePublished":"2024-10-15T06:58:13+00:00","dateModified":"2026-04-27T03:12:59+00:00","breadcrumb":{"@id":"https:\/\/e-mazzoni.it\/es\/producto\/kit-de-juntas-de-agua\/#breadcrumb"},"inLanguage":"es","potentialAction":[{"@type":"ReadAction","target":["https:\/\/e-mazzoni.it\/es\/producto\/kit-de-juntas-de-agua\/"]}]},{"@type":"ImageObject","inLanguage":"es","@id":"https:\/\/e-mazzoni.it\/es\/producto\/kit-de-juntas-de-agua\/#primaryimage","url":"https:\/\/e-mazzoni.it\/wp-content\/uploads\/2026\/04\/DOC6392983003.jpg","contentUrl":"https:\/\/e-mazzoni.it\/wp-content\/uploads\/2026\/04\/DOC6392983003.jpg","width":217,"height":242},{"@type":"BreadcrumbList","@id":"https:\/\/e-mazzoni.it\/es\/producto\/kit-de-juntas-de-agua\/#breadcrumb","itemListElement":[{"@type":"ListItem","position":1,"name":"Home","item":"https:\/\/e-mazzoni.it\/es\/"},{"@type":"ListItem","position":2,"name":"Productos","item":"https:\/\/e-mazzoni.it\/es\/productos\/"},{"@type":"ListItem","position":3,"name":"KIT DE JUNTAS DE AGUA"}]},{"@type":"WebSite","@id":"https:\/\/e-mazzoni.it\/es\/#website","url":"https:\/\/e-mazzoni.it\/es\/","name":"Mazzoni","description":"Mazzoni","publisher":{"@id":"https:\/\/e-mazzoni.it\/es\/#organization"},"potentialAction":[{"@type":"SearchAction","target":{"@type":"EntryPoint","urlTemplate":"https:\/\/e-mazzoni.it\/es\/?s={search_term_string}"},"query-input":{"@type":"PropertyValueSpecification","valueRequired":true,"valueName":"search_term_string"}}],"inLanguage":"es"},{"@type":"Organization","@id":"https:\/\/e-mazzoni.it\/es\/#organization","name":"Mazzoni","url":"https:\/\/e-mazzoni.it\/es\/","logo":{"@type":"ImageObject","inLanguage":"es","@id":"https:\/\/e-mazzoni.it\/es\/#\/schema\/logo\/image\/","url":"https:\/\/e-mazzoni.it\/wp-content\/uploads\/2023\/07\/logo.png","contentUrl":"https:\/\/e-mazzoni.it\/wp-content\/uploads\/2023\/07\/logo.png","width":250,"height":109,"caption":"Mazzoni"},"image":{"@id":"https:\/\/e-mazzoni.it\/es\/#\/schema\/logo\/image\/"}}]}},"_links":{"self":[{"href":"https:\/\/e-mazzoni.it\/es\/wp-json\/wp\/v2\/product\/32622","targetHints":{"allow":["GET"]}}],"collection":[{"href":"https:\/\/e-mazzoni.it\/es\/wp-json\/wp\/v2\/product"}],"about":[{"href":"https:\/\/e-mazzoni.it\/es\/wp-json\/wp\/v2\/types\/product"}],"wp:featuredmedia":[{"embeddable":true,"href":"https:\/\/e-mazzoni.it\/es\/wp-json\/wp\/v2\/media\/68674"}],"wp:attachment":[{"href":"https:\/\/e-mazzoni.it\/es\/wp-json\/wp\/v2\/media?parent=32622"}],"wp:term":[{"taxonomy":"product_brand","embeddable":true,"href":"https:\/\/e-mazzoni.it\/es\/wp-json\/wp\/v2\/product_brand?post=32622"},{"taxonomy":"product_cat","embeddable":true,"href":"https:\/\/e-mazzoni.it\/es\/wp-json\/wp\/v2\/product_cat?post=32622"},{"taxonomy":"product_tag","embeddable":true,"href":"https:\/\/e-mazzoni.it\/es\/wp-json\/wp\/v2\/product_tag?post=32622"}],"curies":[{"name":"wp","href":"https:\/\/api.w.org\/{rel}","templated":true}]}}