{"id":32402,"date":"2024-10-15T06:57:44","date_gmt":"2024-10-15T06:57:44","guid":{"rendered":"https:\/\/e-mazzoni.it\/prodotto\/ficha-electronica-mazzon\/"},"modified":"2026-04-27T03:10:05","modified_gmt":"2026-04-27T03:10:05","slug":"ficha-electronica-mazzon","status":"publish","type":"product","link":"https:\/\/e-mazzoni.it\/es\/producto\/ficha-electronica-mazzon\/","title":{"rendered":"FICHA ELECTR\u00d3NICA MAZZON"},"content":{"rendered":"<div>\n<table style=\"width: 100%\" border=\"1\" id=\"table_options\">\n<tbody>\n<tr>\n<th style=\"color: #fff\" bgcolor=\"#ea2833\">CODIGO<\/th>\n<th style=\"color: #fff\" bgcolor=\"#ea2833\">MODELO<\/th>\n<\/tr>\n<tr>\n<td>9.021.04.020<\/td>\n<td>KIT DE PLACA ELECTR\u00d3NICA Y FB CALDERAS DE GAS\u00d3LEO<\/td>\n<\/tr>\n<tr>\n<td>9.021.04.022<\/td>\n<td>KIT RECAMBIO CARTA CALDERA Y FIREBOX *220V*<\/td>\n<\/tr>\n<tr>\n<td>9.021.04.021<\/td>\n<td>KIT DE REPUESTO HOJA DE CALDERA MCC 400V Y FIREBOX<\/td>\n<\/tr>\n<\/tbody>\n<\/table>\n<\/div>\n","protected":false},"excerpt":{"rendered":"<p>CODIGO MODELO 9.021.04.020 KIT DE PLACA ELECTR\u00d3NICA Y FB CALDERAS DE GAS\u00d3LEO 9.021.04.022 KIT RECAMBIO CARTA CALDERA Y FIREBOX *220V* 9.021.04.021 KIT DE REPUESTO HOJA DE CALDERA MCC 400V Y FIREBOX<\/p>\n","protected":false},"featured_media":68634,"template":"","meta":{"zakra_page_container_layout":"customizer","zakra_page_sidebar_layout":"customizer","zakra_remove_content_margin":false,"zakra_sidebar":"customizer","zakra_transparent_header":"customizer","zakra_logo":0,"zakra_main_header_style":"default","zakra_menu_item_color":"","zakra_menu_item_hover_color":"","zakra_menu_item_active_color":"","zakra_menu_active_style":"","zakra_page_header":true},"product_brand":[],"product_cat":[3746],"product_tag":[],"class_list":{"0":"post-32402","1":"product","2":"type-product","3":"status-publish","4":"has-post-thumbnail","6":"product_cat-piezas-de-calderas","8":"first","9":"instock","10":"shipping-taxable","11":"product-type-simple"},"yoast_head":"<!-- This site is optimized with the Yoast SEO plugin v27.5 - https:\/\/yoast.com\/product\/yoast-seo-wordpress\/ -->\n<title>FICHA ELECTR\u00d3NICA MAZZON - Mazzoni<\/title>\n<meta name=\"robots\" content=\"index, follow, max-snippet:-1, max-image-preview:large, max-video-preview:-1\" \/>\n<link rel=\"canonical\" href=\"https:\/\/e-mazzoni.it\/es\/producto\/ficha-electronica-mazzon\/\" \/>\n<meta property=\"og:locale\" content=\"es_ES\" \/>\n<meta property=\"og:type\" content=\"article\" \/>\n<meta property=\"og:title\" content=\"FICHA ELECTR\u00d3NICA MAZZON - Mazzoni\" \/>\n<meta property=\"og:description\" content=\"CODIGO MODELO 9.021.04.020 KIT DE PLACA ELECTR\u00d3NICA Y FB CALDERAS DE GAS\u00d3LEO 9.021.04.022 KIT RECAMBIO CARTA CALDERA Y FIREBOX *220V* 9.021.04.021 KIT DE REPUESTO HOJA DE CALDERA MCC 400V Y FIREBOX\" \/>\n<meta property=\"og:url\" content=\"https:\/\/e-mazzoni.it\/es\/producto\/ficha-electronica-mazzon\/\" \/>\n<meta property=\"og:site_name\" content=\"Mazzoni\" \/>\n<meta property=\"article:modified_time\" content=\"2026-04-27T03:10:05+00:00\" \/>\n<meta property=\"og:image\" content=\"https:\/\/e-mazzoni.it\/wp-content\/uploads\/2026\/04\/DOC1355800249.jpg\" \/>\n\t<meta property=\"og:image:width\" content=\"238\" \/>\n\t<meta property=\"og:image:height\" content=\"255\" \/>\n\t<meta property=\"og:image:type\" content=\"image\/jpeg\" \/>\n<meta name=\"twitter:card\" content=\"summary_large_image\" \/>\n<!-- \/ Yoast SEO plugin. -->","yoast_head_json":{"title":"FICHA ELECTR\u00d3NICA MAZZON - Mazzoni","robots":{"index":"index","follow":"follow","max-snippet":"max-snippet:-1","max-image-preview":"max-image-preview:large","max-video-preview":"max-video-preview:-1"},"canonical":"https:\/\/e-mazzoni.it\/es\/producto\/ficha-electronica-mazzon\/","og_locale":"es_ES","og_type":"article","og_title":"FICHA ELECTR\u00d3NICA MAZZON - Mazzoni","og_description":"CODIGO MODELO 9.021.04.020 KIT DE PLACA ELECTR\u00d3NICA Y FB CALDERAS DE GAS\u00d3LEO 9.021.04.022 KIT RECAMBIO CARTA CALDERA Y FIREBOX *220V* 9.021.04.021 KIT DE REPUESTO HOJA DE CALDERA MCC 400V Y FIREBOX","og_url":"https:\/\/e-mazzoni.it\/es\/producto\/ficha-electronica-mazzon\/","og_site_name":"Mazzoni","article_modified_time":"2026-04-27T03:10:05+00:00","og_image":[{"width":238,"height":255,"url":"https:\/\/e-mazzoni.it\/wp-content\/uploads\/2026\/04\/DOC1355800249.jpg","type":"image\/jpeg"}],"twitter_card":"summary_large_image","schema":{"@context":"https:\/\/schema.org","@graph":[{"@type":"WebPage","@id":"https:\/\/e-mazzoni.it\/es\/producto\/ficha-electronica-mazzon\/","url":"https:\/\/e-mazzoni.it\/es\/producto\/ficha-electronica-mazzon\/","name":"FICHA ELECTR\u00d3NICA MAZZON - Mazzoni","isPartOf":{"@id":"https:\/\/e-mazzoni.it\/es\/#website"},"primaryImageOfPage":{"@id":"https:\/\/e-mazzoni.it\/es\/producto\/ficha-electronica-mazzon\/#primaryimage"},"image":{"@id":"https:\/\/e-mazzoni.it\/es\/producto\/ficha-electronica-mazzon\/#primaryimage"},"thumbnailUrl":"https:\/\/e-mazzoni.it\/wp-content\/uploads\/2026\/04\/DOC1355800249.jpg","datePublished":"2024-10-15T06:57:44+00:00","dateModified":"2026-04-27T03:10:05+00:00","breadcrumb":{"@id":"https:\/\/e-mazzoni.it\/es\/producto\/ficha-electronica-mazzon\/#breadcrumb"},"inLanguage":"es","potentialAction":[{"@type":"ReadAction","target":["https:\/\/e-mazzoni.it\/es\/producto\/ficha-electronica-mazzon\/"]}]},{"@type":"ImageObject","inLanguage":"es","@id":"https:\/\/e-mazzoni.it\/es\/producto\/ficha-electronica-mazzon\/#primaryimage","url":"https:\/\/e-mazzoni.it\/wp-content\/uploads\/2026\/04\/DOC1355800249.jpg","contentUrl":"https:\/\/e-mazzoni.it\/wp-content\/uploads\/2026\/04\/DOC1355800249.jpg","width":238,"height":255},{"@type":"BreadcrumbList","@id":"https:\/\/e-mazzoni.it\/es\/producto\/ficha-electronica-mazzon\/#breadcrumb","itemListElement":[{"@type":"ListItem","position":1,"name":"Home","item":"https:\/\/e-mazzoni.it\/es\/"},{"@type":"ListItem","position":2,"name":"Productos","item":"https:\/\/e-mazzoni.it\/es\/productos\/"},{"@type":"ListItem","position":3,"name":"FICHA ELECTR\u00d3NICA MAZZON"}]},{"@type":"WebSite","@id":"https:\/\/e-mazzoni.it\/es\/#website","url":"https:\/\/e-mazzoni.it\/es\/","name":"Mazzoni","description":"Mazzoni","publisher":{"@id":"https:\/\/e-mazzoni.it\/es\/#organization"},"potentialAction":[{"@type":"SearchAction","target":{"@type":"EntryPoint","urlTemplate":"https:\/\/e-mazzoni.it\/es\/?s={search_term_string}"},"query-input":{"@type":"PropertyValueSpecification","valueRequired":true,"valueName":"search_term_string"}}],"inLanguage":"es"},{"@type":"Organization","@id":"https:\/\/e-mazzoni.it\/es\/#organization","name":"Mazzoni","url":"https:\/\/e-mazzoni.it\/es\/","logo":{"@type":"ImageObject","inLanguage":"es","@id":"https:\/\/e-mazzoni.it\/es\/#\/schema\/logo\/image\/","url":"https:\/\/e-mazzoni.it\/wp-content\/uploads\/2023\/07\/logo.png","contentUrl":"https:\/\/e-mazzoni.it\/wp-content\/uploads\/2023\/07\/logo.png","width":250,"height":109,"caption":"Mazzoni"},"image":{"@id":"https:\/\/e-mazzoni.it\/es\/#\/schema\/logo\/image\/"}}]}},"_links":{"self":[{"href":"https:\/\/e-mazzoni.it\/es\/wp-json\/wp\/v2\/product\/32402","targetHints":{"allow":["GET"]}}],"collection":[{"href":"https:\/\/e-mazzoni.it\/es\/wp-json\/wp\/v2\/product"}],"about":[{"href":"https:\/\/e-mazzoni.it\/es\/wp-json\/wp\/v2\/types\/product"}],"wp:featuredmedia":[{"embeddable":true,"href":"https:\/\/e-mazzoni.it\/es\/wp-json\/wp\/v2\/media\/68634"}],"wp:attachment":[{"href":"https:\/\/e-mazzoni.it\/es\/wp-json\/wp\/v2\/media?parent=32402"}],"wp:term":[{"taxonomy":"product_brand","embeddable":true,"href":"https:\/\/e-mazzoni.it\/es\/wp-json\/wp\/v2\/product_brand?post=32402"},{"taxonomy":"product_cat","embeddable":true,"href":"https:\/\/e-mazzoni.it\/es\/wp-json\/wp\/v2\/product_cat?post=32402"},{"taxonomy":"product_tag","embeddable":true,"href":"https:\/\/e-mazzoni.it\/es\/wp-json\/wp\/v2\/product_tag?post=32402"}],"curies":[{"name":"wp","href":"https:\/\/api.w.org\/{rel}","templated":true}]}}