{"id":30554,"date":"2024-10-15T06:52:47","date_gmt":"2024-10-15T06:52:47","guid":{"rendered":"https:\/\/e-mazzoni.it\/prodotto\/mmd-car-wash-1000-rpm\/"},"modified":"2026-05-02T02:44:22","modified_gmt":"2026-05-02T02:44:22","slug":"mmd-car-wash-1000-rpm","status":"publish","type":"product","link":"https:\/\/e-mazzoni.it\/es\/producto\/mmd-car-wash-1000-rpm\/","title":{"rendered":"MMD-CAR WASH &#8211; 1000 RPM"},"content":{"rendered":"<p>SERIE MMD-CAR WASH -1000RPM: bombas industriales en l\u00ednea de 3 pistones a alta presi\u00f3n con sistema biella\/manivela. Presi\u00f3n m\u00e1xima 250BAR (3625,95psi).<br \/>\nLas altas prestaciones, el m\u00ednimo mantenimiento y la fiabilidad est\u00e1n garantizadas por materiales de calidad que garantizan una larga vida \u00fatil. 100% de producci\u00f3n italiana en nuestras instalaciones de Reggio Emilia.<\/p>\n<div>\n<table style=\"width: 100%\" border=\"1\" id=\"table_options\">\n<tbody>\n<tr>\n<th style=\"color: #fff\" bgcolor=\"#ea2833\">CODIGO<\/th>\n<th style=\"color: #fff\" bgcolor=\"#ea2833\">MODELO<\/th>\n<th style=\"color: #fff\" bgcolor=\"#ea2833\">BAR<\/th>\n<th style=\"color: #fff\" bgcolor=\"#ea2833\">PSI<\/th>\n<th style=\"color: #fff\" bgcolor=\"#ea2833\">L\/MIN &#8211; 1000 RPM<\/th>\n<th style=\"color: #fff\" bgcolor=\"#ea2833\">GPM &#8211; 1000 RPM<\/th>\n<th style=\"color: #fff\" bgcolor=\"#ea2833\">RPM 50 HZ<\/th>\n<th style=\"color: #fff\" bgcolor=\"#ea2833\">HP &#8211; 1000 RPM<\/th>\n<th style=\"color: #fff\" bgcolor=\"#ea2833\">KW &#8211; 1000 RPM<\/th>\n<th style=\"color: #fff\" bgcolor=\"#ea2833\">L\/MIN -1200 RPM<\/th>\n<th style=\"color: #fff\" bgcolor=\"#ea2833\">GPM &#8211; 1200 RPM<\/th>\n<th style=\"color: #fff\" bgcolor=\"#ea2833\">RPM 60 HZ<\/th>\n<th style=\"color: #fff\" bgcolor=\"#ea2833\">HP &#8211; 1200 RPM<\/th>\n<th style=\"color: #fff\" bgcolor=\"#ea2833\">KW &#8211; 1200 RPM<\/th>\n<th style=\"color: #fff\" bgcolor=\"#ea2833\">\u00f8 \u00c1RBOL<\/th>\n<th style=\"color: #fff\" bgcolor=\"#ea2833\">\u00f8 \u00c1RBOL<\/th>\n<th style=\"color: #fff\" bgcolor=\"#ea2833\">LONGITUD DEL EJE<\/th>\n<th style=\"color: #fff\" bgcolor=\"#ea2833\">LONGITUD DEL EJE (INCH)<\/th>\n<th style=\"color: #fff\" bgcolor=\"#ea2833\">\u00c1RBOL<\/th>\n<th style=\"color: #fff\" bgcolor=\"#ea2833\">\u00f8 PIST\u00d3N<\/th>\n<th style=\"color: #fff\" bgcolor=\"#ea2833\">PISTONE De INCH<\/th>\n<th style=\"color: #fff\" bgcolor=\"#ea2833\">MAX TEMPERATURA DE ENTRADA<\/th>\n<th style=\"color: #fff\" bgcolor=\"#ea2833\">MIN PRESION DE ENTRADA (BAR)<\/th>\n<th style=\"color: #fff\" bgcolor=\"#ea2833\">MIN PRESION DE ENTRADA (PSI)<\/th>\n<th style=\"color: #fff\" bgcolor=\"#ea2833\">CAPACIDAD DE ACEITE (LT)<\/th>\n<th style=\"color: #fff\" bgcolor=\"#ea2833\">CAPACIDAD DE ACEITE (GAL)<\/th>\n<th style=\"color: #fff\" bgcolor=\"#ea2833\">INLET<\/th>\n<th style=\"color: #fff\" bgcolor=\"#ea2833\">OUTLET<\/th>\n<th style=\"color: #fff\" bgcolor=\"#ea2833\">PESO NETO (KG)<\/th>\n<th style=\"color: #fff\" bgcolor=\"#ea2833\">PESO NETO (LBS)<\/th>\n<\/tr>\n<tr>\n<td align=\"center !important\">P3.022.009-2<\/td>\n<td align=\"center !important\">MMD CW 15250R<\/td>\n<td align=\"center !important\">250<\/td>\n<td align=\"center !important\">3625<\/td>\n<td align=\"center !important\">15<\/td>\n<td align=\"center !important\">3,96<\/td>\n<td align=\"center !important\">1000<\/td>\n<td align=\"center !important\">9,74<\/td>\n<td align=\"center !important\">7,27<\/td>\n<td align=\"center !important\">18<\/td>\n<td align=\"center !important\">4,75<\/td>\n<td align=\"center !important\">1200<\/td>\n<td align=\"center !important\">11,69<\/td>\n<td align=\"center !important\">8,72<\/td>\n<td align=\"center !important\">24mm<\/td>\n<td align=\"center !important\">0.9 in.<\/td>\n<td align=\"center !important\">40mm<\/td>\n<td align=\"center !important\">1.6 in.<\/td>\n<td align=\"center !important\">Destro\/Right<\/td>\n<td align=\"center !important\">20mm<\/td>\n<td align=\"center !important\">0.8 in.<\/td>\n<td align=\"center !important\">65\u00b0C &#8211; 149\u00b0F<\/td>\n<td align=\"center !important\">0,2<\/td>\n<td align=\"center !important\">2,9<\/td>\n<td align=\"center !important\">0,7<\/td>\n<td align=\"center !important\">0,18<\/td>\n<td align=\"center !important\">G 1\/2&#8243;<\/td>\n<td align=\"center !important\">G 3\/8&#8243;<\/td>\n<td align=\"center !important\">10,4<\/td>\n<td align=\"center !important\">23<\/td>\n<\/tr>\n<tr>\n<td align=\"center !important\">P3.022.010-2<\/td>\n<td align=\"center !important\">MMD CW 15250L<\/td>\n<td align=\"center !important\">250<\/td>\n<td align=\"center !important\">3625<\/td>\n<td align=\"center !important\">15<\/td>\n<td align=\"center !important\">3,96<\/td>\n<td align=\"center !important\">1000<\/td>\n<td align=\"center !important\">9,74<\/td>\n<td align=\"center !important\">7,27<\/td>\n<td align=\"center !important\">18<\/td>\n<td align=\"center !important\">4,75<\/td>\n<td align=\"center !important\">1200<\/td>\n<td align=\"center !important\">11,69<\/td>\n<td align=\"center !important\">8,72<\/td>\n<td align=\"center !important\">24mm<\/td>\n<td align=\"center !important\">0.9 in.<\/td>\n<td align=\"center !important\">40mm<\/td>\n<td align=\"center !important\">1.6 in.<\/td>\n<td align=\"center !important\">Sinistro\/Left<\/td>\n<td align=\"center !important\">20mm<\/td>\n<td align=\"center !important\">0.8 in.<\/td>\n<td align=\"center !important\">65\u00b0C &#8211; 149\u00b0F<\/td>\n<td align=\"center !important\">0,2<\/td>\n<td align=\"center !important\">2,9<\/td>\n<td align=\"center !important\">0,7<\/td>\n<td align=\"center !important\">018<\/td>\n<td align=\"center !important\">G 1\/2&#8243;<\/td>\n<td align=\"center !important\">G 3\/8&#8243;<\/td>\n<td align=\"center !important\">10,7<\/td>\n<td align=\"center !important\">23<\/td>\n<\/tr>\n<\/tbody>\n<\/table>\n<\/div>\n","protected":false},"excerpt":{"rendered":"<p>BOMBAS DE ALTA PRESI\u00d3N MAZZONI<\/p>\n<p>Pistones de gu\u00eda sobredimensionados y rectificados para una reducci\u00f3n de la fricci\u00f3n durante el deslizamiento y una mejor estanqueidad del aceite.<br \/>\nEje sobredimensionado con terminal para una mejor transmisi\u00f3n del par.<br \/>\nPistones de cer\u00e1mica de gran espesor para una mayor durabilidad.<br \/>\nV\u00e1lvulas de aspiraci\u00f3n y salida con pasos de agua aumentados.<br \/>\nBielas sobredimensionadas realizadas con una aleaci\u00f3n especial antifricci\u00f3n.<br \/>\nCabeza de bomba de lat\u00f3n NIQUELADO forjado con dise\u00f1o para alta resistencia.<br \/>\nSistema de sellado de doble junta.<br \/>\nRodamientos de rodillos c\u00f3nicos de alta resistencia.<br \/>\nCuerpo de bomba de dise\u00f1o robusto dise\u00f1ado para resistir el paso del tiempo.<br \/>\nJuntas en \\&#8221;U\\&#8221;<\/p>\n","protected":false},"featured_media":68255,"template":"","meta":{"zakra_page_container_layout":"customizer","zakra_page_sidebar_layout":"customizer","zakra_remove_content_margin":false,"zakra_sidebar":"customizer","zakra_transparent_header":"customizer","zakra_logo":0,"zakra_main_header_style":"default","zakra_menu_item_color":"","zakra_menu_item_hover_color":"","zakra_menu_item_active_color":"","zakra_menu_active_style":"","zakra_page_header":true},"product_brand":[],"product_cat":[3736],"product_tag":[3655,3647,3663],"class_list":{"0":"post-30554","1":"product","2":"type-product","3":"status-publish","4":"has-post-thumbnail","6":"product_cat-bombas-mazzoni","7":"product_tag-agricultura_es","8":"product_tag-limpieza_es","9":"product_tag-tunel_de_lavado_es","11":"first","12":"instock","13":"shipping-taxable","14":"product-type-simple"},"yoast_head":"<!-- This site is optimized with the Yoast SEO plugin v27.5 - https:\/\/yoast.com\/product\/yoast-seo-wordpress\/ -->\n<title>MMD-CAR WASH - 1000 RPM - Mazzoni<\/title>\n<meta name=\"robots\" content=\"index, follow, max-snippet:-1, max-image-preview:large, max-video-preview:-1\" \/>\n<link rel=\"canonical\" href=\"https:\/\/e-mazzoni.it\/es\/producto\/mmd-car-wash-1000-rpm\/\" \/>\n<meta property=\"og:locale\" content=\"es_ES\" \/>\n<meta property=\"og:type\" content=\"article\" \/>\n<meta property=\"og:title\" content=\"MMD-CAR WASH - 1000 RPM - Mazzoni\" \/>\n<meta property=\"og:description\" content=\"BOMBAS DE ALTA PRESI\u00d3N MAZZONI Pistones de gu\u00eda sobredimensionados y rectificados para una reducci\u00f3n de la fricci\u00f3n durante el deslizamiento y una mejor estanqueidad del aceite. Eje sobredimensionado con terminal para una mejor transmisi\u00f3n del par. Pistones de cer\u00e1mica de gran espesor para una mayor durabilidad. V\u00e1lvulas de aspiraci\u00f3n y salida con pasos de agua aumentados. Bielas sobredimensionadas realizadas con una aleaci\u00f3n especial antifricci\u00f3n. Cabeza de bomba de lat\u00f3n NIQUELADO forjado con dise\u00f1o para alta resistencia. Sistema de sellado de doble junta. Rodamientos de rodillos c\u00f3nicos de alta resistencia. Cuerpo de bomba de dise\u00f1o robusto dise\u00f1ado para resistir el paso del tiempo. Juntas en &quot;U&quot;\" \/>\n<meta property=\"og:url\" content=\"https:\/\/e-mazzoni.it\/es\/producto\/mmd-car-wash-1000-rpm\/\" \/>\n<meta property=\"og:site_name\" content=\"Mazzoni\" \/>\n<meta property=\"article:modified_time\" content=\"2026-05-02T02:44:22+00:00\" \/>\n<meta property=\"og:image\" content=\"https:\/\/e-mazzoni.it\/wp-content\/uploads\/2026\/04\/DOC1614537843.jpg\" \/>\n\t<meta property=\"og:image:width\" content=\"800\" \/>\n\t<meta property=\"og:image:height\" content=\"800\" \/>\n\t<meta property=\"og:image:type\" content=\"image\/jpeg\" \/>\n<meta name=\"twitter:card\" content=\"summary_large_image\" \/>\n<meta name=\"twitter:label1\" content=\"Tiempo de lectura\" \/>\n\t<meta name=\"twitter:data1\" content=\"1 minuto\" \/>\n<!-- \/ Yoast SEO plugin. -->","yoast_head_json":{"title":"MMD-CAR WASH - 1000 RPM - Mazzoni","robots":{"index":"index","follow":"follow","max-snippet":"max-snippet:-1","max-image-preview":"max-image-preview:large","max-video-preview":"max-video-preview:-1"},"canonical":"https:\/\/e-mazzoni.it\/es\/producto\/mmd-car-wash-1000-rpm\/","og_locale":"es_ES","og_type":"article","og_title":"MMD-CAR WASH - 1000 RPM - Mazzoni","og_description":"BOMBAS DE ALTA PRESI\u00d3N MAZZONI Pistones de gu\u00eda sobredimensionados y rectificados para una reducci\u00f3n de la fricci\u00f3n durante el deslizamiento y una mejor estanqueidad del aceite. Eje sobredimensionado con terminal para una mejor transmisi\u00f3n del par. Pistones de cer\u00e1mica de gran espesor para una mayor durabilidad. V\u00e1lvulas de aspiraci\u00f3n y salida con pasos de agua aumentados. Bielas sobredimensionadas realizadas con una aleaci\u00f3n especial antifricci\u00f3n. Cabeza de bomba de lat\u00f3n NIQUELADO forjado con dise\u00f1o para alta resistencia. Sistema de sellado de doble junta. Rodamientos de rodillos c\u00f3nicos de alta resistencia. Cuerpo de bomba de dise\u00f1o robusto dise\u00f1ado para resistir el paso del tiempo. Juntas en \"U\"","og_url":"https:\/\/e-mazzoni.it\/es\/producto\/mmd-car-wash-1000-rpm\/","og_site_name":"Mazzoni","article_modified_time":"2026-05-02T02:44:22+00:00","og_image":[{"width":800,"height":800,"url":"https:\/\/e-mazzoni.it\/wp-content\/uploads\/2026\/04\/DOC1614537843.jpg","type":"image\/jpeg"}],"twitter_card":"summary_large_image","twitter_misc":{"Tiempo de lectura":"1 minuto"},"schema":{"@context":"https:\/\/schema.org","@graph":[{"@type":"WebPage","@id":"https:\/\/e-mazzoni.it\/es\/producto\/mmd-car-wash-1000-rpm\/","url":"https:\/\/e-mazzoni.it\/es\/producto\/mmd-car-wash-1000-rpm\/","name":"MMD-CAR WASH - 1000 RPM - Mazzoni","isPartOf":{"@id":"https:\/\/e-mazzoni.it\/es\/#website"},"primaryImageOfPage":{"@id":"https:\/\/e-mazzoni.it\/es\/producto\/mmd-car-wash-1000-rpm\/#primaryimage"},"image":{"@id":"https:\/\/e-mazzoni.it\/es\/producto\/mmd-car-wash-1000-rpm\/#primaryimage"},"thumbnailUrl":"https:\/\/e-mazzoni.it\/wp-content\/uploads\/2026\/04\/DOC1614537843.jpg","datePublished":"2024-10-15T06:52:47+00:00","dateModified":"2026-05-02T02:44:22+00:00","breadcrumb":{"@id":"https:\/\/e-mazzoni.it\/es\/producto\/mmd-car-wash-1000-rpm\/#breadcrumb"},"inLanguage":"es","potentialAction":[{"@type":"ReadAction","target":["https:\/\/e-mazzoni.it\/es\/producto\/mmd-car-wash-1000-rpm\/"]}]},{"@type":"ImageObject","inLanguage":"es","@id":"https:\/\/e-mazzoni.it\/es\/producto\/mmd-car-wash-1000-rpm\/#primaryimage","url":"https:\/\/e-mazzoni.it\/wp-content\/uploads\/2026\/04\/DOC1614537843.jpg","contentUrl":"https:\/\/e-mazzoni.it\/wp-content\/uploads\/2026\/04\/DOC1614537843.jpg","width":800,"height":800},{"@type":"BreadcrumbList","@id":"https:\/\/e-mazzoni.it\/es\/producto\/mmd-car-wash-1000-rpm\/#breadcrumb","itemListElement":[{"@type":"ListItem","position":1,"name":"Home","item":"https:\/\/e-mazzoni.it\/es\/"},{"@type":"ListItem","position":2,"name":"Productos","item":"https:\/\/e-mazzoni.it\/es\/productos\/"},{"@type":"ListItem","position":3,"name":"MMD-CAR WASH &#8211; 1000 RPM"}]},{"@type":"WebSite","@id":"https:\/\/e-mazzoni.it\/es\/#website","url":"https:\/\/e-mazzoni.it\/es\/","name":"Mazzoni","description":"Mazzoni","publisher":{"@id":"https:\/\/e-mazzoni.it\/es\/#organization"},"potentialAction":[{"@type":"SearchAction","target":{"@type":"EntryPoint","urlTemplate":"https:\/\/e-mazzoni.it\/es\/?s={search_term_string}"},"query-input":{"@type":"PropertyValueSpecification","valueRequired":true,"valueName":"search_term_string"}}],"inLanguage":"es"},{"@type":"Organization","@id":"https:\/\/e-mazzoni.it\/es\/#organization","name":"Mazzoni","url":"https:\/\/e-mazzoni.it\/es\/","logo":{"@type":"ImageObject","inLanguage":"es","@id":"https:\/\/e-mazzoni.it\/es\/#\/schema\/logo\/image\/","url":"https:\/\/e-mazzoni.it\/wp-content\/uploads\/2023\/07\/logo.png","contentUrl":"https:\/\/e-mazzoni.it\/wp-content\/uploads\/2023\/07\/logo.png","width":250,"height":109,"caption":"Mazzoni"},"image":{"@id":"https:\/\/e-mazzoni.it\/es\/#\/schema\/logo\/image\/"}}]}},"_links":{"self":[{"href":"https:\/\/e-mazzoni.it\/es\/wp-json\/wp\/v2\/product\/30554","targetHints":{"allow":["GET"]}}],"collection":[{"href":"https:\/\/e-mazzoni.it\/es\/wp-json\/wp\/v2\/product"}],"about":[{"href":"https:\/\/e-mazzoni.it\/es\/wp-json\/wp\/v2\/types\/product"}],"wp:featuredmedia":[{"embeddable":true,"href":"https:\/\/e-mazzoni.it\/es\/wp-json\/wp\/v2\/media\/68255"}],"wp:attachment":[{"href":"https:\/\/e-mazzoni.it\/es\/wp-json\/wp\/v2\/media?parent=30554"}],"wp:term":[{"taxonomy":"product_brand","embeddable":true,"href":"https:\/\/e-mazzoni.it\/es\/wp-json\/wp\/v2\/product_brand?post=30554"},{"taxonomy":"product_cat","embeddable":true,"href":"https:\/\/e-mazzoni.it\/es\/wp-json\/wp\/v2\/product_cat?post=30554"},{"taxonomy":"product_tag","embeddable":true,"href":"https:\/\/e-mazzoni.it\/es\/wp-json\/wp\/v2\/product_tag?post=30554"}],"curies":[{"name":"wp","href":"https:\/\/api.w.org\/{rel}","templated":true}]}}