{"id":30070,"date":"2024-10-15T06:51:11","date_gmt":"2024-10-15T06:51:11","guid":{"rendered":"https:\/\/e-mazzoni.it\/prodotto\/wx-heavy-duty\/"},"modified":"2026-05-02T02:35:35","modified_gmt":"2026-05-02T02:35:35","slug":"wx-heavy-duty","status":"publish","type":"product","link":"https:\/\/e-mazzoni.it\/es\/producto\/wx-heavy-duty\/","title":{"rendered":"WX HEAVY DUTY"},"content":{"rendered":"<p>Las hidrolavadoras de la serie WX, destinadas a un uso profesional y intensivo, est\u00e1n dise\u00f1adas para: &#8211; resistir golpes y corrosiones gracias al chasis en acero barnizado; &#8211; reducir consumos y emisiones, garantizados por motores y calderas de alto rendimiento construidos directamente por Mazzoni; &#8211; trabajar en seguridad: calderas con bloqueo quemador en caso de falta de agua, v\u00e1lvula de seguridad sobrepresiones y control de llamas. CARACTER\u00cdSTICAS T\u00c9CNICAS:<\/p>\n<p>Motor el\u00e9ctrico as\u00edncrono serie MEC servicio continuo, S1 con protecci\u00f3n t\u00e9rmica integrada en los devanados. Motor con mayor eficiencia, por lo tanto, con un alto rendimiento y menor consumo de corriente. Junta el\u00e1stica.<br \/>\nBomba profesional Mazzoni en l\u00ednea (con bielas) con cabezal de lat\u00f3n y tres pistones en cer\u00e1mica.<br \/>\nCable el\u00e9ctrico 5 m.<br \/>\nTubo de alta presi\u00f3n 10 mt<br \/>\nTanque de alimentaci\u00f3n de 30 litros con doble flotador<br \/>\nV\u00e1lvula de derivaci\u00f3n autom\u00e1tica con regulaci\u00f3n de presi\u00f3n<br \/>\nV\u00e1lvula de seguridad para sobrepresiones<br \/>\nIndicadores de control de tensi\u00f3n y reserva de gas\u00f3leo<br \/>\nDispositivo anti cal con dep\u00f3sito de 1,5 l<br \/>\nLanza de acero inoxidable con pistola autom\u00e1tica y conexi\u00f3n r\u00e1pida para accesorios<br \/>\nCabezal con boquilla de acero templado y aspiraci\u00f3n de limpieza a alta presi\u00f3n<br \/>\nMarco de acero pintado con la carcasa de acero inoxidable<br \/>\nCaldera INOX con serpent\u00edn en tubo de acero parada del quemador en caso de falta de agua<br \/>\nVentilador con motor independiente<br \/>\nTermostato de regulaci\u00f3n de la temperatura del agua<br \/>\nBomba de combustible antigripamiento.<br \/>\nControl de nivel de combustible<br \/>\nSistema TST\/DSS (o sistema TVS a petici\u00f3n)<br \/>\nBid\u00f3n de limpieza 5 L<br \/>\nDep\u00f3sito de gas\u00f3leo 25 L<br \/>\nPantalla del contador<br \/>\nFreno de estacionamiento<br \/>\nControl de la llama<\/p>\n<div>\n<table style=\"width: 100%\" border=\"1\" id=\"table_options\">\n<tbody>\n<tr>\n<th style=\"color: #fff\" bgcolor=\"#ea2833\">CODIGO<\/th>\n<th style=\"color: #fff\" bgcolor=\"#ea2833\">MODELO<\/th>\n<th style=\"color: #fff\" bgcolor=\"#ea2833\">L\/MIN &#8211; 1450 RPM<\/th>\n<th style=\"color: #fff\" bgcolor=\"#ea2833\">GPM &#8211; 1450 RPM<\/th>\n<th style=\"color: #fff\" bgcolor=\"#ea2833\">BAR<\/th>\n<th style=\"color: #fff\" bgcolor=\"#ea2833\">PSI<\/th>\n<th style=\"color: #fff\" bgcolor=\"#ea2833\">RPM 50 HZ<\/th>\n<th style=\"color: #fff\" bgcolor=\"#ea2833\">HP<\/th>\n<th style=\"color: #fff\" bgcolor=\"#ea2833\">KW<\/th>\n<th style=\"color: #fff\" bgcolor=\"#ea2833\">VOLTIO<\/th>\n<th style=\"color: #fff\" bgcolor=\"#ea2833\">Hz<\/th>\n<th style=\"color: #fff\" bgcolor=\"#ea2833\">FASE<\/th>\n<th style=\"color: #fff\" bgcolor=\"#ea2833\">A 50 HZ<\/th>\n<th style=\"color: #fff\" bgcolor=\"#ea2833\">BOQUILLA DE AGUA<\/th>\n<th style=\"color: #fff\" bgcolor=\"#ea2833\">KCAL\/H<\/th>\n<th style=\"color: #fff\" bgcolor=\"#ea2833\">DEP\u00d3SITO DE GAS\u00d3LEO <\/th>\n<th style=\"color: #fff\" bgcolor=\"#ea2833\">DEP\u00d3SITO DE GAS\u00d3LEO (GAL)<\/th>\n<th style=\"color: #fff\" bgcolor=\"#ea2833\">TANQUE ANTICAL<\/th>\n<th style=\"color: #fff\" bgcolor=\"#ea2833\">TANQUE ANTICAL (GAL)<\/th>\n<th style=\"color: #fff\" bgcolor=\"#ea2833\">TANQUE DE LIMPIEZA<\/th>\n<th style=\"color: #fff\" bgcolor=\"#ea2833\">TANQUE DE LIMPIEZA (GAL)<\/th>\n<th style=\"color: #fff\" bgcolor=\"#ea2833\">MAX TEMPERATURA SALIDA<\/th>\n<th style=\"color: #fff\" bgcolor=\"#ea2833\">MAX TEMPERATURA SALIDA (F)<\/th>\n<\/tr>\n<tr>\n<td align=\"center !important\">3.023.24.331<\/td>\n<td align=\"center !important\">WX4000<\/td>\n<td align=\"center !important\">15<\/td>\n<td align=\"center !important\">3,9<\/td>\n<td align=\"center !important\">200<\/td>\n<td align=\"center !important\">2900<\/td>\n<td align=\"center !important\">1450<\/td>\n<td align=\"center !important\">7,7<\/td>\n<td align=\"center !important\">5.7<\/td>\n<td align=\"center !important\">400<\/td>\n<td align=\"center !important\">50<\/td>\n<td align=\"center !important\">3<\/td>\n<td align=\"center !important\">11,7<\/td>\n<td align=\"center !important\">15045<\/td>\n<td align=\"center !important\">50.000<\/td>\n<td align=\"center !important\">30L<\/td>\n<td align=\"center !important\">8 gal<\/td>\n<td align=\"center !important\">1,5L<\/td>\n<td align=\"center !important\">0,4 gal<\/td>\n<td align=\"center !important\">5 L<\/td>\n<td align=\"center !important\">1,3 gal<\/td>\n<td align=\"center !important\">150\u00b0C<\/td>\n<td align=\"center !important\">302\u00b0F<\/td>\n<\/tr>\n<tr>\n<td align=\"center !important\">3.023.24.327<\/td>\n<td align=\"center !important\">WX5000<\/td>\n<td align=\"center !important\">21<\/td>\n<td align=\"center !important\">5,5<\/td>\n<td align=\"center !important\">200<\/td>\n<td align=\"center !important\">2900<\/td>\n<td align=\"center !important\">1450<\/td>\n<td align=\"center !important\">10,3<\/td>\n<td align=\"center !important\">7,7<\/td>\n<td align=\"center !important\">400<\/td>\n<td align=\"center !important\">50<\/td>\n<td align=\"center !important\">3<\/td>\n<td align=\"center !important\">15,5<\/td>\n<td align=\"center !important\">1507<\/td>\n<td align=\"center !important\">80.000<\/td>\n<td align=\"center !important\">30L<\/td>\n<td align=\"center !important\">8 gal<\/td>\n<td align=\"center !important\">1,5L<\/td>\n<td align=\"center !important\">0,4 gal<\/td>\n<td align=\"center !important\">5 L<\/td>\n<td align=\"center !important\">1,3 gal<\/td>\n<td align=\"center !important\">150\u00b0<\/td>\n<td align=\"center !important\">302\u00b0F<\/td>\n<\/tr>\n<tr>\n<td align=\"center !important\">3.023.24.363<\/td>\n<td align=\"center !important\">WX6000<\/td>\n<td align=\"center !important\">30<\/td>\n<td align=\"center !important\">7,9<\/td>\n<td align=\"center !important\">200<\/td>\n<td align=\"center !important\">2900<\/td>\n<td align=\"center !important\">1450<\/td>\n<td align=\"center !important\">15,5<\/td>\n<td align=\"center !important\">11,3<\/td>\n<td align=\"center !important\">230 V<\/td>\n<td align=\"center !important\">50<\/td>\n<td align=\"center !important\">3<\/td>\n<td align=\"center !important\">22,1<\/td>\n<td align=\"center !important\">1510<\/td>\n<td align=\"center !important\">110.000<\/td>\n<td align=\"center !important\">30L<\/td>\n<td align=\"center !important\">8 gal<\/td>\n<td align=\"center !important\">1,5L<\/td>\n<td align=\"center !important\">0,4 gal<\/td>\n<td align=\"center !important\">16L<\/td>\n<td align=\"center !important\">4,2 gal<\/td>\n<td align=\"center !important\">150\u00b0<\/td>\n<td align=\"center !important\">302\u00b0F<\/td>\n<\/tr>\n<\/tbody>\n<\/table>\n<\/div>\n","protected":false},"excerpt":{"rendered":"<p>La m\u00e1quina est\u00e1 dise\u00f1ada para ser utilizada en entornos de trabajo altamente profesionales. El marco de acero pintado y la cubierta de acero inoxidable lo hacen extremadamente robusto y resistente a la corrosi\u00f3n. Motor el\u00e9ctrico con acoplamiento el\u00e1stico y protecci\u00f3n t\u00e9rmica, caldera de alto rendimiento y bajo consumo con emisiones de gases de escape muy por debajo de los l\u00edmites previstos por las normas comunitarias. \u00a0 Uso recomendado: Agricultura, talleres mec\u00e1nicos, industria metal\u00fargica, transporte y astilleros, etc. \u00a0<\/p>\n","protected":false},"featured_media":68145,"template":"","meta":{"zakra_page_container_layout":"customizer","zakra_page_sidebar_layout":"customizer","zakra_remove_content_margin":false,"zakra_sidebar":"customizer","zakra_transparent_header":"customizer","zakra_logo":0,"zakra_main_header_style":"default","zakra_menu_item_color":"","zakra_menu_item_hover_color":"","zakra_menu_item_active_color":"","zakra_menu_active_style":"","zakra_page_header":true},"product_brand":[],"product_cat":[3609],"product_tag":[3687,3703,3663],"class_list":{"0":"post-30070","1":"product","2":"type-product","3":"status-publish","4":"has-post-thumbnail","6":"product_cat-limpiadoras-de-alta-presion-en-caliente","7":"product_tag-construccion_es","8":"product_tag-sitio_de_construccion_es","9":"product_tag-tunel_de_lavado_es","11":"first","12":"instock","13":"shipping-taxable","14":"product-type-simple"},"yoast_head":"<!-- This site is optimized with the Yoast SEO plugin v27.5 - https:\/\/yoast.com\/product\/yoast-seo-wordpress\/ -->\n<title>WX HEAVY DUTY - Mazzoni<\/title>\n<meta name=\"robots\" content=\"index, follow, max-snippet:-1, max-image-preview:large, max-video-preview:-1\" \/>\n<link rel=\"canonical\" href=\"https:\/\/e-mazzoni.it\/es\/producto\/wx-heavy-duty\/\" \/>\n<meta property=\"og:locale\" content=\"es_ES\" \/>\n<meta property=\"og:type\" content=\"article\" \/>\n<meta property=\"og:title\" content=\"WX HEAVY DUTY - Mazzoni\" \/>\n<meta property=\"og:description\" content=\"La m\u00e1quina est\u00e1 dise\u00f1ada para ser utilizada en entornos de trabajo altamente profesionales. El marco de acero pintado y la cubierta de acero inoxidable lo hacen extremadamente robusto y resistente a la corrosi\u00f3n. Motor el\u00e9ctrico con acoplamiento el\u00e1stico y protecci\u00f3n t\u00e9rmica, caldera de alto rendimiento y bajo consumo con emisiones de gases de escape muy por debajo de los l\u00edmites previstos por las normas comunitarias. \u00a0 Uso recomendado: Agricultura, talleres mec\u00e1nicos, industria metal\u00fargica, transporte y astilleros, etc. \u00a0\" \/>\n<meta property=\"og:url\" content=\"https:\/\/e-mazzoni.it\/es\/producto\/wx-heavy-duty\/\" \/>\n<meta property=\"og:site_name\" content=\"Mazzoni\" \/>\n<meta property=\"article:modified_time\" content=\"2026-05-02T02:35:35+00:00\" \/>\n<meta property=\"og:image\" content=\"https:\/\/e-mazzoni.it\/wp-content\/uploads\/2026\/04\/DOC9440367147.jpg\" \/>\n\t<meta property=\"og:image:width\" content=\"800\" \/>\n\t<meta property=\"og:image:height\" content=\"800\" \/>\n\t<meta property=\"og:image:type\" content=\"image\/jpeg\" \/>\n<meta name=\"twitter:card\" content=\"summary_large_image\" \/>\n<meta name=\"twitter:label1\" content=\"Tiempo de lectura\" \/>\n\t<meta name=\"twitter:data1\" content=\"2 minutos\" \/>\n<!-- \/ Yoast SEO plugin. -->","yoast_head_json":{"title":"WX HEAVY DUTY - Mazzoni","robots":{"index":"index","follow":"follow","max-snippet":"max-snippet:-1","max-image-preview":"max-image-preview:large","max-video-preview":"max-video-preview:-1"},"canonical":"https:\/\/e-mazzoni.it\/es\/producto\/wx-heavy-duty\/","og_locale":"es_ES","og_type":"article","og_title":"WX HEAVY DUTY - Mazzoni","og_description":"La m\u00e1quina est\u00e1 dise\u00f1ada para ser utilizada en entornos de trabajo altamente profesionales. El marco de acero pintado y la cubierta de acero inoxidable lo hacen extremadamente robusto y resistente a la corrosi\u00f3n. Motor el\u00e9ctrico con acoplamiento el\u00e1stico y protecci\u00f3n t\u00e9rmica, caldera de alto rendimiento y bajo consumo con emisiones de gases de escape muy por debajo de los l\u00edmites previstos por las normas comunitarias. \u00a0 Uso recomendado: Agricultura, talleres mec\u00e1nicos, industria metal\u00fargica, transporte y astilleros, etc. \u00a0","og_url":"https:\/\/e-mazzoni.it\/es\/producto\/wx-heavy-duty\/","og_site_name":"Mazzoni","article_modified_time":"2026-05-02T02:35:35+00:00","og_image":[{"width":800,"height":800,"url":"https:\/\/e-mazzoni.it\/wp-content\/uploads\/2026\/04\/DOC9440367147.jpg","type":"image\/jpeg"}],"twitter_card":"summary_large_image","twitter_misc":{"Tiempo de lectura":"2 minutos"},"schema":{"@context":"https:\/\/schema.org","@graph":[{"@type":"WebPage","@id":"https:\/\/e-mazzoni.it\/es\/producto\/wx-heavy-duty\/","url":"https:\/\/e-mazzoni.it\/es\/producto\/wx-heavy-duty\/","name":"WX HEAVY DUTY - Mazzoni","isPartOf":{"@id":"https:\/\/e-mazzoni.it\/es\/#website"},"primaryImageOfPage":{"@id":"https:\/\/e-mazzoni.it\/es\/producto\/wx-heavy-duty\/#primaryimage"},"image":{"@id":"https:\/\/e-mazzoni.it\/es\/producto\/wx-heavy-duty\/#primaryimage"},"thumbnailUrl":"https:\/\/e-mazzoni.it\/wp-content\/uploads\/2026\/04\/DOC9440367147.jpg","datePublished":"2024-10-15T06:51:11+00:00","dateModified":"2026-05-02T02:35:35+00:00","breadcrumb":{"@id":"https:\/\/e-mazzoni.it\/es\/producto\/wx-heavy-duty\/#breadcrumb"},"inLanguage":"es","potentialAction":[{"@type":"ReadAction","target":["https:\/\/e-mazzoni.it\/es\/producto\/wx-heavy-duty\/"]}]},{"@type":"ImageObject","inLanguage":"es","@id":"https:\/\/e-mazzoni.it\/es\/producto\/wx-heavy-duty\/#primaryimage","url":"https:\/\/e-mazzoni.it\/wp-content\/uploads\/2026\/04\/DOC9440367147.jpg","contentUrl":"https:\/\/e-mazzoni.it\/wp-content\/uploads\/2026\/04\/DOC9440367147.jpg","width":800,"height":800},{"@type":"BreadcrumbList","@id":"https:\/\/e-mazzoni.it\/es\/producto\/wx-heavy-duty\/#breadcrumb","itemListElement":[{"@type":"ListItem","position":1,"name":"Home","item":"https:\/\/e-mazzoni.it\/es\/"},{"@type":"ListItem","position":2,"name":"Productos","item":"https:\/\/e-mazzoni.it\/es\/productos\/"},{"@type":"ListItem","position":3,"name":"WX HEAVY DUTY"}]},{"@type":"WebSite","@id":"https:\/\/e-mazzoni.it\/es\/#website","url":"https:\/\/e-mazzoni.it\/es\/","name":"Mazzoni","description":"Mazzoni","publisher":{"@id":"https:\/\/e-mazzoni.it\/es\/#organization"},"potentialAction":[{"@type":"SearchAction","target":{"@type":"EntryPoint","urlTemplate":"https:\/\/e-mazzoni.it\/es\/?s={search_term_string}"},"query-input":{"@type":"PropertyValueSpecification","valueRequired":true,"valueName":"search_term_string"}}],"inLanguage":"es"},{"@type":"Organization","@id":"https:\/\/e-mazzoni.it\/es\/#organization","name":"Mazzoni","url":"https:\/\/e-mazzoni.it\/es\/","logo":{"@type":"ImageObject","inLanguage":"es","@id":"https:\/\/e-mazzoni.it\/es\/#\/schema\/logo\/image\/","url":"https:\/\/e-mazzoni.it\/wp-content\/uploads\/2023\/07\/logo.png","contentUrl":"https:\/\/e-mazzoni.it\/wp-content\/uploads\/2023\/07\/logo.png","width":250,"height":109,"caption":"Mazzoni"},"image":{"@id":"https:\/\/e-mazzoni.it\/es\/#\/schema\/logo\/image\/"}}]}},"_links":{"self":[{"href":"https:\/\/e-mazzoni.it\/es\/wp-json\/wp\/v2\/product\/30070","targetHints":{"allow":["GET"]}}],"collection":[{"href":"https:\/\/e-mazzoni.it\/es\/wp-json\/wp\/v2\/product"}],"about":[{"href":"https:\/\/e-mazzoni.it\/es\/wp-json\/wp\/v2\/types\/product"}],"wp:featuredmedia":[{"embeddable":true,"href":"https:\/\/e-mazzoni.it\/es\/wp-json\/wp\/v2\/media\/68145"}],"wp:attachment":[{"href":"https:\/\/e-mazzoni.it\/es\/wp-json\/wp\/v2\/media?parent=30070"}],"wp:term":[{"taxonomy":"product_brand","embeddable":true,"href":"https:\/\/e-mazzoni.it\/es\/wp-json\/wp\/v2\/product_brand?post=30070"},{"taxonomy":"product_cat","embeddable":true,"href":"https:\/\/e-mazzoni.it\/es\/wp-json\/wp\/v2\/product_cat?post=30070"},{"taxonomy":"product_tag","embeddable":true,"href":"https:\/\/e-mazzoni.it\/es\/wp-json\/wp\/v2\/product_tag?post=30070"}],"curies":[{"name":"wp","href":"https:\/\/api.w.org\/{rel}","templated":true}]}}