{"id":29806,"date":"2024-10-15T06:50:26","date_gmt":"2024-10-15T06:50:26","guid":{"rendered":"https:\/\/e-mazzoni.it\/prodotto\/ks-heavy-duty\/"},"modified":"2026-05-02T02:31:08","modified_gmt":"2026-05-02T02:31:08","slug":"ks-heavy-duty","status":"publish","type":"product","link":"https:\/\/e-mazzoni.it\/es\/producto\/ks-heavy-duty\/","title":{"rendered":"KS HEAVY DUTY"},"content":{"rendered":"<p>Limpiadora de alta presi\u00f3n KS ideal para eliminar cualquier tipo de suciedad. Los equipos fijos de agua fr\u00eda de la serie KS est\u00e1n dise\u00f1ados para garantizar resultados profesionales, incluso contra la suciedad incrustada, y un uso diario y continuo. Sus caracter\u00edsticas lo hacen adecuado para aplicaciones en el campo de los lavaderos de coches y la industria en general.<\/p>\n<p>Motor el\u00e9ctrico as\u00edncrono serie MEC servicio continuo, S1 con protecci\u00f3n t\u00e9rmica integrada en los devanados. Motor con mayor eficiencia, por lo tanto, con un alto rendimiento y menor consumo de corriente. Junta el\u00e1stica.<br \/>\nBomba profesional Mazzoni en l\u00ednea (con bielas) con cabezal de lat\u00f3n y tres pistones en cer\u00e1mica.<br \/>\nMarco pintado<br \/>\nContador de horas interno<br \/>\nPulm\u00f3n hidropneum\u00e1tico<br \/>\nAccesorios bajo pedido<\/p>\n<div>\n<table style=\"width: 100%\" border=\"1\" id=\"table_options\">\n<tbody>\n<tr>\n<th style=\"color: #fff\" bgcolor=\"#ea2833\">CODIGO<\/th>\n<th style=\"color: #fff\" bgcolor=\"#ea2833\">MODELO<\/th>\n<th style=\"color: #fff\" bgcolor=\"#ea2833\">L\/MIN &#8211; 1450 RPM<\/th>\n<th style=\"color: #fff\" bgcolor=\"#ea2833\">GPM &#8211; 1450 RPM<\/th>\n<th style=\"color: #fff\" bgcolor=\"#ea2833\">BAR<\/th>\n<th style=\"color: #fff\" bgcolor=\"#ea2833\">PSI<\/th>\n<th style=\"color: #fff\" bgcolor=\"#ea2833\">RPM 50 HZ<\/th>\n<th style=\"color: #fff\" bgcolor=\"#ea2833\">HP<\/th>\n<th style=\"color: #fff\" bgcolor=\"#ea2833\">KW<\/th>\n<th style=\"color: #fff\" bgcolor=\"#ea2833\">VOLTIO<\/th>\n<th style=\"color: #fff\" bgcolor=\"#ea2833\">Hz<\/th>\n<th style=\"color: #fff\" bgcolor=\"#ea2833\">FASE<\/th>\n<th style=\"color: #fff\" bgcolor=\"#ea2833\">A 50 HZ<\/th>\n<th style=\"color: #fff\" bgcolor=\"#ea2833\">BOQUILLA DE AGUA<\/th>\n<th style=\"color: #fff\" bgcolor=\"#ea2833\">TANQUE DE LIMPIEZA<\/th>\n<th style=\"color: #fff\" bgcolor=\"#ea2833\">TANQUE DE LIMPIEZA (GAL)<\/th>\n<th style=\"color: #fff\" bgcolor=\"#ea2833\">MAX TEMPERATURA SALIDA<\/th>\n<th style=\"color: #fff\" bgcolor=\"#ea2833\">MAX TEMPERATURA SALIDA (F)<\/th>\n<\/tr>\n<tr>\n<td align=\"center !important\">3.023.14.348<\/td>\n<td align=\"center !important\">KS400<\/td>\n<td align=\"center !important\">15<\/td>\n<td align=\"center !important\">3,9<\/td>\n<td align=\"center !important\">200<\/td>\n<td align=\"center !important\">2900<\/td>\n<td align=\"center !important\">1450<\/td>\n<td align=\"center !important\">7,5<\/td>\n<td align=\"center !important\">5.5<\/td>\n<td align=\"center !important\">400<\/td>\n<td align=\"center !important\">50<\/td>\n<td align=\"center !important\">3<\/td>\n<td align=\"center !important\">11<\/td>\n<td align=\"center !important\">15045<\/td>\n<td align=\"center !important\">&#8212;<\/td>\n<td align=\"center !important\">&#8212;<\/td>\n<td align=\"center !important\">65\u00b0C<\/td>\n<td align=\"center !important\">149\u00b0F<\/td>\n<\/tr>\n<tr>\n<td align=\"center !important\">3.023.14.349<\/td>\n<td align=\"center !important\">KS450<\/td>\n<td align=\"center !important\">21<\/td>\n<td align=\"center !important\">5,5<\/td>\n<td align=\"center !important\">150<\/td>\n<td align=\"center !important\">2175<\/td>\n<td align=\"center !important\">1450<\/td>\n<td align=\"center !important\">7,5<\/td>\n<td align=\"center !important\">5.5<\/td>\n<td align=\"center !important\">400<\/td>\n<td align=\"center !important\">50<\/td>\n<td align=\"center !important\">3<\/td>\n<td align=\"center !important\">11<\/td>\n<td align=\"center !important\">1508<\/td>\n<td align=\"center !important\">&#8212;<\/td>\n<td align=\"center !important\">&#8212;<\/td>\n<td align=\"center !important\">65\u00b0C<\/td>\n<td align=\"center !important\">149\u00b0F<\/td>\n<\/tr>\n<tr>\n<td align=\"center !important\">3.023.14.350<\/td>\n<td align=\"center !important\">KS500<\/td>\n<td align=\"center !important\">21<\/td>\n<td align=\"center !important\">5,5<\/td>\n<td align=\"center !important\">200<\/td>\n<td align=\"center !important\">2900<\/td>\n<td align=\"center !important\">1450<\/td>\n<td align=\"center !important\">10<\/td>\n<td align=\"center !important\">7,5<\/td>\n<td align=\"center !important\">400<\/td>\n<td align=\"center !important\">50<\/td>\n<td align=\"center !important\">3<\/td>\n<td align=\"center !important\">14,7<\/td>\n<td align=\"center !important\">15065<\/td>\n<td align=\"center !important\">&#8212;<\/td>\n<td align=\"center !important\">&#8212;<\/td>\n<td align=\"center !important\">65\u00b0C<\/td>\n<td align=\"center !important\">149\u00b0F<\/td>\n<\/tr>\n<tr>\n<td align=\"center !important\">3.023.14.403<\/td>\n<td align=\"center !important\">KS600<\/td>\n<td align=\"center !important\">30<\/td>\n<td align=\"center !important\">7,9<\/td>\n<td align=\"center !important\">200<\/td>\n<td align=\"center !important\">2900<\/td>\n<td align=\"center !important\">1450<\/td>\n<td align=\"center !important\">15<\/td>\n<td align=\"center !important\">11<\/td>\n<td align=\"center !important\">230 V<\/td>\n<td align=\"center !important\">50<\/td>\n<td align=\"center !important\">3<\/td>\n<td align=\"center !important\">21<\/td>\n<td align=\"center !important\">1510<\/td>\n<td align=\"center !important\">&#8212;<\/td>\n<td align=\"center !important\">&#8212;<\/td>\n<td align=\"center !important\">65\u00b0C<\/td>\n<td align=\"center !important\">149\u00b0F<\/td>\n<\/tr>\n<\/tbody>\n<\/table>\n<\/div>\n","protected":false},"excerpt":{"rendered":"<p>Nueva lavadora de alta presi\u00f3n KS ideal para eliminar cualquier tipo de suciedad. Uso recomendado: talleres, \u00e1reas de servicio, lavado de coches, etc.<\/p>\n","protected":false},"featured_media":68095,"template":"","meta":{"zakra_page_container_layout":"customizer","zakra_page_sidebar_layout":"customizer","zakra_remove_content_margin":false,"zakra_sidebar":"customizer","zakra_transparent_header":"customizer","zakra_logo":0,"zakra_main_header_style":"default","zakra_menu_item_color":"","zakra_menu_item_hover_color":"","zakra_menu_item_active_color":"","zakra_menu_active_style":"","zakra_page_header":true},"product_brand":[],"product_cat":[3604],"product_tag":[3647,3663],"class_list":{"0":"post-29806","1":"product","2":"type-product","3":"status-publish","4":"has-post-thumbnail","6":"product_cat-limpiadoras-de-alta-presion-en-frio","7":"product_tag-limpieza_es","8":"product_tag-tunel_de_lavado_es","10":"first","11":"instock","12":"shipping-taxable","13":"product-type-simple"},"yoast_head":"<!-- This site is optimized with the Yoast SEO plugin v27.5 - https:\/\/yoast.com\/product\/yoast-seo-wordpress\/ -->\n<title>KS HEAVY DUTY - Mazzoni<\/title>\n<meta name=\"robots\" content=\"index, follow, max-snippet:-1, max-image-preview:large, max-video-preview:-1\" \/>\n<link rel=\"canonical\" href=\"https:\/\/e-mazzoni.it\/es\/producto\/ks-heavy-duty\/\" \/>\n<meta property=\"og:locale\" content=\"es_ES\" \/>\n<meta property=\"og:type\" content=\"article\" \/>\n<meta property=\"og:title\" content=\"KS HEAVY DUTY - Mazzoni\" \/>\n<meta property=\"og:description\" content=\"Nueva lavadora de alta presi\u00f3n KS ideal para eliminar cualquier tipo de suciedad. Uso recomendado: talleres, \u00e1reas de servicio, lavado de coches, etc.\" \/>\n<meta property=\"og:url\" content=\"https:\/\/e-mazzoni.it\/es\/producto\/ks-heavy-duty\/\" \/>\n<meta property=\"og:site_name\" content=\"Mazzoni\" \/>\n<meta property=\"article:modified_time\" content=\"2026-05-02T02:31:08+00:00\" \/>\n<meta property=\"og:image\" content=\"https:\/\/e-mazzoni.it\/wp-content\/uploads\/2026\/04\/DOC9542826861.jpg\" \/>\n\t<meta property=\"og:image:width\" content=\"800\" \/>\n\t<meta property=\"og:image:height\" content=\"800\" \/>\n\t<meta property=\"og:image:type\" content=\"image\/jpeg\" \/>\n<meta name=\"twitter:card\" content=\"summary_large_image\" \/>\n<meta name=\"twitter:label1\" content=\"Tiempo de lectura\" \/>\n\t<meta name=\"twitter:data1\" content=\"1 minuto\" \/>\n<!-- \/ Yoast SEO plugin. -->","yoast_head_json":{"title":"KS HEAVY DUTY - Mazzoni","robots":{"index":"index","follow":"follow","max-snippet":"max-snippet:-1","max-image-preview":"max-image-preview:large","max-video-preview":"max-video-preview:-1"},"canonical":"https:\/\/e-mazzoni.it\/es\/producto\/ks-heavy-duty\/","og_locale":"es_ES","og_type":"article","og_title":"KS HEAVY DUTY - Mazzoni","og_description":"Nueva lavadora de alta presi\u00f3n KS ideal para eliminar cualquier tipo de suciedad. Uso recomendado: talleres, \u00e1reas de servicio, lavado de coches, etc.","og_url":"https:\/\/e-mazzoni.it\/es\/producto\/ks-heavy-duty\/","og_site_name":"Mazzoni","article_modified_time":"2026-05-02T02:31:08+00:00","og_image":[{"width":800,"height":800,"url":"https:\/\/e-mazzoni.it\/wp-content\/uploads\/2026\/04\/DOC9542826861.jpg","type":"image\/jpeg"}],"twitter_card":"summary_large_image","twitter_misc":{"Tiempo de lectura":"1 minuto"},"schema":{"@context":"https:\/\/schema.org","@graph":[{"@type":"WebPage","@id":"https:\/\/e-mazzoni.it\/es\/producto\/ks-heavy-duty\/","url":"https:\/\/e-mazzoni.it\/es\/producto\/ks-heavy-duty\/","name":"KS HEAVY DUTY - Mazzoni","isPartOf":{"@id":"https:\/\/e-mazzoni.it\/es\/#website"},"primaryImageOfPage":{"@id":"https:\/\/e-mazzoni.it\/es\/producto\/ks-heavy-duty\/#primaryimage"},"image":{"@id":"https:\/\/e-mazzoni.it\/es\/producto\/ks-heavy-duty\/#primaryimage"},"thumbnailUrl":"https:\/\/e-mazzoni.it\/wp-content\/uploads\/2026\/04\/DOC9542826861.jpg","datePublished":"2024-10-15T06:50:26+00:00","dateModified":"2026-05-02T02:31:08+00:00","breadcrumb":{"@id":"https:\/\/e-mazzoni.it\/es\/producto\/ks-heavy-duty\/#breadcrumb"},"inLanguage":"es","potentialAction":[{"@type":"ReadAction","target":["https:\/\/e-mazzoni.it\/es\/producto\/ks-heavy-duty\/"]}]},{"@type":"ImageObject","inLanguage":"es","@id":"https:\/\/e-mazzoni.it\/es\/producto\/ks-heavy-duty\/#primaryimage","url":"https:\/\/e-mazzoni.it\/wp-content\/uploads\/2026\/04\/DOC9542826861.jpg","contentUrl":"https:\/\/e-mazzoni.it\/wp-content\/uploads\/2026\/04\/DOC9542826861.jpg","width":800,"height":800},{"@type":"BreadcrumbList","@id":"https:\/\/e-mazzoni.it\/es\/producto\/ks-heavy-duty\/#breadcrumb","itemListElement":[{"@type":"ListItem","position":1,"name":"Home","item":"https:\/\/e-mazzoni.it\/es\/"},{"@type":"ListItem","position":2,"name":"Productos","item":"https:\/\/e-mazzoni.it\/es\/productos\/"},{"@type":"ListItem","position":3,"name":"KS HEAVY DUTY"}]},{"@type":"WebSite","@id":"https:\/\/e-mazzoni.it\/es\/#website","url":"https:\/\/e-mazzoni.it\/es\/","name":"Mazzoni","description":"Mazzoni","publisher":{"@id":"https:\/\/e-mazzoni.it\/es\/#organization"},"potentialAction":[{"@type":"SearchAction","target":{"@type":"EntryPoint","urlTemplate":"https:\/\/e-mazzoni.it\/es\/?s={search_term_string}"},"query-input":{"@type":"PropertyValueSpecification","valueRequired":true,"valueName":"search_term_string"}}],"inLanguage":"es"},{"@type":"Organization","@id":"https:\/\/e-mazzoni.it\/es\/#organization","name":"Mazzoni","url":"https:\/\/e-mazzoni.it\/es\/","logo":{"@type":"ImageObject","inLanguage":"es","@id":"https:\/\/e-mazzoni.it\/es\/#\/schema\/logo\/image\/","url":"https:\/\/e-mazzoni.it\/wp-content\/uploads\/2023\/07\/logo.png","contentUrl":"https:\/\/e-mazzoni.it\/wp-content\/uploads\/2023\/07\/logo.png","width":250,"height":109,"caption":"Mazzoni"},"image":{"@id":"https:\/\/e-mazzoni.it\/es\/#\/schema\/logo\/image\/"}}]}},"_links":{"self":[{"href":"https:\/\/e-mazzoni.it\/es\/wp-json\/wp\/v2\/product\/29806","targetHints":{"allow":["GET"]}}],"collection":[{"href":"https:\/\/e-mazzoni.it\/es\/wp-json\/wp\/v2\/product"}],"about":[{"href":"https:\/\/e-mazzoni.it\/es\/wp-json\/wp\/v2\/types\/product"}],"wp:featuredmedia":[{"embeddable":true,"href":"https:\/\/e-mazzoni.it\/es\/wp-json\/wp\/v2\/media\/68095"}],"wp:attachment":[{"href":"https:\/\/e-mazzoni.it\/es\/wp-json\/wp\/v2\/media?parent=29806"}],"wp:term":[{"taxonomy":"product_brand","embeddable":true,"href":"https:\/\/e-mazzoni.it\/es\/wp-json\/wp\/v2\/product_brand?post=29806"},{"taxonomy":"product_cat","embeddable":true,"href":"https:\/\/e-mazzoni.it\/es\/wp-json\/wp\/v2\/product_cat?post=29806"},{"taxonomy":"product_tag","embeddable":true,"href":"https:\/\/e-mazzoni.it\/es\/wp-json\/wp\/v2\/product_tag?post=29806"}],"curies":[{"name":"wp","href":"https:\/\/api.w.org\/{rel}","templated":true}]}}