{"id":29179,"date":"2024-10-15T06:47:49","date_gmt":"2024-10-15T06:47:49","guid":{"rendered":"https:\/\/e-mazzoni.it\/prodotto\/electrobombas-con-cuadro-electrico\/"},"modified":"2026-05-02T02:19:35","modified_gmt":"2026-05-02T02:19:35","slug":"electrobombas-con-cuadro-electrico","status":"publish","type":"product","link":"https:\/\/e-mazzoni.it\/es\/producto\/electrobombas-con-cuadro-electrico\/","title":{"rendered":"ELECTROBOMBAS CON CUADRO EL\u00c9CTRICO"},"content":{"rendered":"<p>La bomba y el motor son f\u00e1cilmente desmontables gracias a la junta el\u00e1stica. Hay 4 cojinetes entre la bomba y el motor. La bomba descarga en el eje motor las vibraciones del movimiento arm\u00f3nico de los pistones.<\/p>\n<p>Cuadro el\u00e9ctrico con interruptor de encendido\/apagado, sistema TST, sistema de seguridad con protecci\u00f3n t\u00e9rmica integrada en el motor.\\&#8221;<\/p>\n<div>\n<table style=\"width: 100%\" border=\"1\" id=\"table_options\">\n<tbody>\n<tr>\n<th style=\"color: #fff\" bgcolor=\"#ea2833\">CODIGO<\/th>\n<th style=\"color: #fff\" bgcolor=\"#ea2833\">L\/MIN &#8211; 1450 RPM<\/th>\n<th style=\"color: #fff\" bgcolor=\"#ea2833\">GPM &#8211; 1450 RPM<\/th>\n<th style=\"color: #fff\" bgcolor=\"#ea2833\">BAR<\/th>\n<th style=\"color: #fff\" bgcolor=\"#ea2833\">PSI<\/th>\n<th style=\"color: #fff\" bgcolor=\"#ea2833\">VOLTIO<\/th>\n<th style=\"color: #fff\" bgcolor=\"#ea2833\">FASE<\/th>\n<th style=\"color: #fff\" bgcolor=\"#ea2833\">KW<\/th>\n<th style=\"color: #fff\" bgcolor=\"#ea2833\">Hz<\/th>\n<th style=\"color: #fff\" bgcolor=\"#ea2833\">RPM 50 HZ<\/th>\n<th style=\"color: #fff\" bgcolor=\"#ea2833\">PESO NETO (KG)<\/th>\n<th style=\"color: #fff\" bgcolor=\"#ea2833\">PESO NETO (LBS)<\/th>\n<\/tr>\n<tr>\n<td align=\"center !important\">3.071.02.020<\/td>\n<td align=\"center !important\">10<\/td>\n<td align=\"center !important\">2.6<\/td>\n<td align=\"center !important\">150<\/td>\n<td align=\"center !important\">2175<\/td>\n<td align=\"center !important\">230<\/td>\n<td align=\"center !important\">1<\/td>\n<td align=\"center !important\">2,2<\/td>\n<td align=\"center !important\">50<\/td>\n<td align=\"center !important\">1450<\/td>\n<td align=\"center !important\">25<\/td>\n<td align=\"center !important\">55<\/td>\n<\/tr>\n<tr>\n<td align=\"center !important\">3.071.02.033<\/td>\n<td align=\"center !important\">15<\/td>\n<td align=\"center !important\">3,9<\/td>\n<td align=\"center !important\">150<\/td>\n<td align=\"center !important\">2175<\/td>\n<td align=\"center !important\">400<\/td>\n<td align=\"center !important\">3<\/td>\n<td align=\"center !important\">4<\/td>\n<td align=\"center !important\">50<\/td>\n<td align=\"center !important\">1450<\/td>\n<td align=\"center !important\">25<\/td>\n<td align=\"center !important\">55<\/td>\n<\/tr>\n<tr>\n<td align=\"center !important\">3.071.02.021<\/td>\n<td align=\"center !important\">13<\/td>\n<td align=\"center !important\">3.38<\/td>\n<td align=\"center !important\">170<\/td>\n<td align=\"center !important\">2465<\/td>\n<td align=\"center !important\">400<\/td>\n<td align=\"center !important\">3<\/td>\n<td align=\"center !important\">4<\/td>\n<td align=\"center !important\">50<\/td>\n<td align=\"center !important\">1450<\/td>\n<td align=\"center !important\">25<\/td>\n<td align=\"center !important\">55<\/td>\n<\/tr>\n<tr>\n<td align=\"center !important\">3.071.02.022<\/td>\n<td align=\"center !important\">15<\/td>\n<td align=\"center !important\">3,9<\/td>\n<td align=\"center !important\">210<\/td>\n<td align=\"center !important\">3045<\/td>\n<td align=\"center !important\">400<\/td>\n<td align=\"center !important\">3<\/td>\n<td align=\"center !important\">5.5<\/td>\n<td align=\"center !important\">50<\/td>\n<td align=\"center !important\">1450<\/td>\n<td align=\"center !important\">32<\/td>\n<td align=\"center !important\">70<\/td>\n<\/tr>\n<tr>\n<td align=\"center !important\">3.071.02.023<\/td>\n<td align=\"center !important\">21<\/td>\n<td align=\"center !important\">5,5<\/td>\n<td align=\"center !important\">150<\/td>\n<td align=\"center !important\">2175<\/td>\n<td align=\"center !important\">400<\/td>\n<td align=\"center !important\">3<\/td>\n<td align=\"center !important\">5.5<\/td>\n<td align=\"center !important\">50<\/td>\n<td align=\"center !important\">1450<\/td>\n<td align=\"center !important\">32<\/td>\n<td align=\"center !important\">70<\/td>\n<\/tr>\n<tr>\n<td align=\"center !important\">3.071.02.024<\/td>\n<td align=\"center !important\">21<\/td>\n<td align=\"center !important\">5,5<\/td>\n<td align=\"center !important\">200<\/td>\n<td align=\"center !important\">2900<\/td>\n<td align=\"center !important\">400<\/td>\n<td align=\"center !important\">3<\/td>\n<td align=\"center !important\">7.5<\/td>\n<td align=\"center !important\">50<\/td>\n<td align=\"center !important\">1450<\/td>\n<td align=\"center !important\">54<\/td>\n<td align=\"center !important\">119<\/td>\n<\/tr>\n<tr>\n<td align=\"center !important\">3.071.02.025<\/td>\n<td align=\"center !important\">25<\/td>\n<td align=\"center !important\">6,6<\/td>\n<td align=\"center !important\">250<\/td>\n<td align=\"center !important\">3625<\/td>\n<td align=\"center !important\">400<\/td>\n<td align=\"center !important\">3<\/td>\n<td align=\"center !important\">11<\/td>\n<td align=\"center !important\">50<\/td>\n<td align=\"center !important\">1450<\/td>\n<td align=\"center !important\">65<\/td>\n<td align=\"center !important\">143<\/td>\n<\/tr>\n<tr>\n<td align=\"center !important\">3.071.02.026<\/td>\n<td align=\"center !important\">30<\/td>\n<td align=\"center !important\">7,9<\/td>\n<td align=\"center !important\">210<\/td>\n<td align=\"center !important\">3025<\/td>\n<td align=\"center !important\">400<\/td>\n<td align=\"center !important\">3<\/td>\n<td align=\"center !important\">11<\/td>\n<td align=\"center !important\">50<\/td>\n<td align=\"center !important\">1450<\/td>\n<td align=\"center !important\">65<\/td>\n<td align=\"center !important\">143<\/td>\n<\/tr>\n<tr>\n<td align=\"center !important\">3.071.02.189<\/td>\n<td align=\"center !important\">90<\/td>\n<td align=\"center !important\">23,8<\/td>\n<td align=\"center !important\">140<\/td>\n<td align=\"center !important\">2010<\/td>\n<td align=\"center !important\">400<\/td>\n<td align=\"center !important\">3<\/td>\n<td align=\"center !important\">22<\/td>\n<td align=\"center !important\">50<\/td>\n<td align=\"center !important\">1450<\/td>\n<td align=\"center !important\">172<\/td>\n<td align=\"center !important\">380<\/td>\n<\/tr>\n<\/tbody>\n<\/table>\n<\/div>\n","protected":false},"excerpt":{"rendered":"<p>La bomba y el motor son f\u00e1cilmente desmontables gracias a la junta el\u00e1stica. Hay 4 cojinetes entre la bomba y el motor. La bomba descarga en el eje motor las vibraciones del movimiento arm\u00f3nico de los pistones.<\/p>\n","protected":false},"featured_media":67965,"template":"","meta":{"zakra_page_container_layout":"customizer","zakra_page_sidebar_layout":"customizer","zakra_remove_content_margin":false,"zakra_sidebar":"customizer","zakra_transparent_header":"customizer","zakra_logo":0,"zakra_main_header_style":"default","zakra_menu_item_color":"","zakra_menu_item_hover_color":"","zakra_menu_item_active_color":"","zakra_menu_active_style":"","zakra_page_header":true},"product_brand":[],"product_cat":[3726],"product_tag":[3655,3647],"class_list":{"0":"post-29179","1":"product","2":"type-product","3":"status-publish","4":"has-post-thumbnail","6":"product_cat-electrobombas","7":"product_tag-agricultura_es","8":"product_tag-limpieza_es","10":"first","11":"instock","12":"shipping-taxable","13":"product-type-simple"},"yoast_head":"<!-- This site is optimized with the Yoast SEO plugin v27.5 - https:\/\/yoast.com\/product\/yoast-seo-wordpress\/ -->\n<title>ELECTROBOMBAS CON CUADRO EL\u00c9CTRICO - Mazzoni<\/title>\n<meta name=\"robots\" content=\"index, follow, max-snippet:-1, max-image-preview:large, max-video-preview:-1\" \/>\n<link rel=\"canonical\" href=\"https:\/\/e-mazzoni.it\/es\/producto\/electrobombas-con-cuadro-electrico\/\" \/>\n<meta property=\"og:locale\" content=\"es_ES\" \/>\n<meta property=\"og:type\" content=\"article\" \/>\n<meta property=\"og:title\" content=\"ELECTROBOMBAS CON CUADRO EL\u00c9CTRICO - Mazzoni\" \/>\n<meta property=\"og:description\" content=\"La bomba y el motor son f\u00e1cilmente desmontables gracias a la junta el\u00e1stica. Hay 4 cojinetes entre la bomba y el motor. La bomba descarga en el eje motor las vibraciones del movimiento arm\u00f3nico de los pistones.\" \/>\n<meta property=\"og:url\" content=\"https:\/\/e-mazzoni.it\/es\/producto\/electrobombas-con-cuadro-electrico\/\" \/>\n<meta property=\"og:site_name\" content=\"Mazzoni\" \/>\n<meta property=\"article:modified_time\" content=\"2026-05-02T02:19:35+00:00\" \/>\n<meta property=\"og:image\" content=\"https:\/\/e-mazzoni.it\/wp-content\/uploads\/2026\/04\/DOC1496172943.jpg\" \/>\n\t<meta property=\"og:image:width\" content=\"800\" \/>\n\t<meta property=\"og:image:height\" content=\"800\" \/>\n\t<meta property=\"og:image:type\" content=\"image\/jpeg\" \/>\n<meta name=\"twitter:card\" content=\"summary_large_image\" \/>\n<!-- \/ Yoast SEO plugin. -->","yoast_head_json":{"title":"ELECTROBOMBAS CON CUADRO EL\u00c9CTRICO - Mazzoni","robots":{"index":"index","follow":"follow","max-snippet":"max-snippet:-1","max-image-preview":"max-image-preview:large","max-video-preview":"max-video-preview:-1"},"canonical":"https:\/\/e-mazzoni.it\/es\/producto\/electrobombas-con-cuadro-electrico\/","og_locale":"es_ES","og_type":"article","og_title":"ELECTROBOMBAS CON CUADRO EL\u00c9CTRICO - Mazzoni","og_description":"La bomba y el motor son f\u00e1cilmente desmontables gracias a la junta el\u00e1stica. Hay 4 cojinetes entre la bomba y el motor. La bomba descarga en el eje motor las vibraciones del movimiento arm\u00f3nico de los pistones.","og_url":"https:\/\/e-mazzoni.it\/es\/producto\/electrobombas-con-cuadro-electrico\/","og_site_name":"Mazzoni","article_modified_time":"2026-05-02T02:19:35+00:00","og_image":[{"width":800,"height":800,"url":"https:\/\/e-mazzoni.it\/wp-content\/uploads\/2026\/04\/DOC1496172943.jpg","type":"image\/jpeg"}],"twitter_card":"summary_large_image","schema":{"@context":"https:\/\/schema.org","@graph":[{"@type":"WebPage","@id":"https:\/\/e-mazzoni.it\/es\/producto\/electrobombas-con-cuadro-electrico\/","url":"https:\/\/e-mazzoni.it\/es\/producto\/electrobombas-con-cuadro-electrico\/","name":"ELECTROBOMBAS CON CUADRO EL\u00c9CTRICO - Mazzoni","isPartOf":{"@id":"https:\/\/e-mazzoni.it\/es\/#website"},"primaryImageOfPage":{"@id":"https:\/\/e-mazzoni.it\/es\/producto\/electrobombas-con-cuadro-electrico\/#primaryimage"},"image":{"@id":"https:\/\/e-mazzoni.it\/es\/producto\/electrobombas-con-cuadro-electrico\/#primaryimage"},"thumbnailUrl":"https:\/\/e-mazzoni.it\/wp-content\/uploads\/2026\/04\/DOC1496172943.jpg","datePublished":"2024-10-15T06:47:49+00:00","dateModified":"2026-05-02T02:19:35+00:00","breadcrumb":{"@id":"https:\/\/e-mazzoni.it\/es\/producto\/electrobombas-con-cuadro-electrico\/#breadcrumb"},"inLanguage":"es","potentialAction":[{"@type":"ReadAction","target":["https:\/\/e-mazzoni.it\/es\/producto\/electrobombas-con-cuadro-electrico\/"]}]},{"@type":"ImageObject","inLanguage":"es","@id":"https:\/\/e-mazzoni.it\/es\/producto\/electrobombas-con-cuadro-electrico\/#primaryimage","url":"https:\/\/e-mazzoni.it\/wp-content\/uploads\/2026\/04\/DOC1496172943.jpg","contentUrl":"https:\/\/e-mazzoni.it\/wp-content\/uploads\/2026\/04\/DOC1496172943.jpg","width":800,"height":800},{"@type":"BreadcrumbList","@id":"https:\/\/e-mazzoni.it\/es\/producto\/electrobombas-con-cuadro-electrico\/#breadcrumb","itemListElement":[{"@type":"ListItem","position":1,"name":"Home","item":"https:\/\/e-mazzoni.it\/es\/"},{"@type":"ListItem","position":2,"name":"Productos","item":"https:\/\/e-mazzoni.it\/es\/productos\/"},{"@type":"ListItem","position":3,"name":"ELECTROBOMBAS CON CUADRO EL\u00c9CTRICO"}]},{"@type":"WebSite","@id":"https:\/\/e-mazzoni.it\/es\/#website","url":"https:\/\/e-mazzoni.it\/es\/","name":"Mazzoni","description":"Mazzoni","publisher":{"@id":"https:\/\/e-mazzoni.it\/es\/#organization"},"potentialAction":[{"@type":"SearchAction","target":{"@type":"EntryPoint","urlTemplate":"https:\/\/e-mazzoni.it\/es\/?s={search_term_string}"},"query-input":{"@type":"PropertyValueSpecification","valueRequired":true,"valueName":"search_term_string"}}],"inLanguage":"es"},{"@type":"Organization","@id":"https:\/\/e-mazzoni.it\/es\/#organization","name":"Mazzoni","url":"https:\/\/e-mazzoni.it\/es\/","logo":{"@type":"ImageObject","inLanguage":"es","@id":"https:\/\/e-mazzoni.it\/es\/#\/schema\/logo\/image\/","url":"https:\/\/e-mazzoni.it\/wp-content\/uploads\/2023\/07\/logo.png","contentUrl":"https:\/\/e-mazzoni.it\/wp-content\/uploads\/2023\/07\/logo.png","width":250,"height":109,"caption":"Mazzoni"},"image":{"@id":"https:\/\/e-mazzoni.it\/es\/#\/schema\/logo\/image\/"}}]}},"_links":{"self":[{"href":"https:\/\/e-mazzoni.it\/es\/wp-json\/wp\/v2\/product\/29179","targetHints":{"allow":["GET"]}}],"collection":[{"href":"https:\/\/e-mazzoni.it\/es\/wp-json\/wp\/v2\/product"}],"about":[{"href":"https:\/\/e-mazzoni.it\/es\/wp-json\/wp\/v2\/types\/product"}],"wp:featuredmedia":[{"embeddable":true,"href":"https:\/\/e-mazzoni.it\/es\/wp-json\/wp\/v2\/media\/67965"}],"wp:attachment":[{"href":"https:\/\/e-mazzoni.it\/es\/wp-json\/wp\/v2\/media?parent=29179"}],"wp:term":[{"taxonomy":"product_brand","embeddable":true,"href":"https:\/\/e-mazzoni.it\/es\/wp-json\/wp\/v2\/product_brand?post=29179"},{"taxonomy":"product_cat","embeddable":true,"href":"https:\/\/e-mazzoni.it\/es\/wp-json\/wp\/v2\/product_cat?post=29179"},{"taxonomy":"product_tag","embeddable":true,"href":"https:\/\/e-mazzoni.it\/es\/wp-json\/wp\/v2\/product_tag?post=29179"}],"curies":[{"name":"wp","href":"https:\/\/api.w.org\/{rel}","templated":true}]}}