{"id":29134,"date":"2024-10-15T06:47:41","date_gmt":"2024-10-15T06:47:41","guid":{"rendered":"https:\/\/e-mazzoni.it\/prodotto\/mec180\/"},"modified":"2026-05-02T02:18:50","modified_gmt":"2026-05-02T02:18:50","slug":"mec180","status":"publish","type":"product","link":"https:\/\/e-mazzoni.it\/es\/producto\/mec180\/","title":{"rendered":"MEC180"},"content":{"rendered":"<p>GARANT\u00cdA 24 MESES &#8211; Cada detalle de los nuevos motores Mazzoni est\u00e1 pensado para garantizar prestaciones superiores y satisfacer un mercado cada vez m\u00e1s exigente. Esto nos permite, a diferencia de todos los dem\u00e1s fabricantes, garantizar 2 a\u00f1os nuestros motores si est\u00e1n correctamente instalados con las t\u00e9rmicas en los devanados conectados al circuito el\u00e9ctrico.<\/p>\n<p>COJINETE Tipo de bola de una sola corona.\u00a0 Los cojinetes est\u00e1n prelubricados y prelubricados con grasa a base de litio, con una temperatura de uso entre -25\u00b0 y +150\u00b0C.<br \/>\nT\u00c9RMICAS EN LOS DEVANADOS &#8211; Las protecciones el\u00e9ctricas presentes en la l\u00ednea de alimentaci\u00f3n del motor pueden ser insuficientes para garantizar la protecci\u00f3n contra sobrecargas.\u00a0 De hecho, si empeoran las condiciones de ventilaci\u00f3n, el motor se sobrecalienta pero las condiciones el\u00e9ctricas no se modifican y esto inhibe los resguardos en la l\u00ednea. Se evita este inconveniente instalando protecciones en los envueltos<\/p>\n<div>\n<table style=\"width: 100%\" border=\"1\" id=\"table_options\">\n<tbody>\n<tr>\n<th style=\"color: #fff\" bgcolor=\"#ea2833\">CODIGO<\/th>\n<th style=\"color: #fff\" bgcolor=\"#ea2833\">VOLTIO<\/th>\n<th style=\"color: #fff\" bgcolor=\"#ea2833\">FASE<\/th>\n<th style=\"color: #fff\" bgcolor=\"#ea2833\">Hz<\/th>\n<th style=\"color: #fff\" bgcolor=\"#ea2833\">Hz 60<\/th>\n<th style=\"color: #fff\" bgcolor=\"#ea2833\">RPM 50 HZ<\/th>\n<th style=\"color: #fff\" bgcolor=\"#ea2833\">GIRI RPM 2<\/th>\n<th style=\"color: #fff\" bgcolor=\"#ea2833\">KW<\/th>\n<th style=\"color: #fff\" bgcolor=\"#ea2833\">A 50 HZ<\/th>\n<th style=\"color: #fff\" bgcolor=\"#ea2833\">A 60Hz<\/th>\n<th style=\"color: #fff\" bgcolor=\"#ea2833\">BOMBA MAZZONI<\/th>\n<th style=\"color: #fff\" bgcolor=\"#ea2833\">IP<\/th>\n<th style=\"color: #fff\" bgcolor=\"#ea2833\">POLOS<\/th>\n<\/tr>\n<tr>\n<td align=\"center !important\">2.081.12.031<\/td>\n<td align=\"center !important\">400\/700<\/td>\n<td align=\"center !important\">3<\/td>\n<td align=\"center !important\">50<\/td>\n<td align=\"center !important\">60<\/td>\n<td align=\"center !important\">1450<\/td>\n<td align=\"center !important\">1740<\/td>\n<td align=\"center !important\">22<\/td>\n<td align=\"center !important\">39,5<\/td>\n<td align=\"center !important\">23<\/td>\n<td align=\"center !important\">GM \/ XM &#8211; L. 45 \/ 55<\/td>\n<td align=\"center !important\">54<\/td>\n<td align=\"center !important\">4<\/td>\n<\/tr>\n<tr>\n<td align=\"center !important\">2.081.12.040<\/td>\n<td align=\"center !important\">400\/692V<\/td>\n<td align=\"center !important\">3<\/td>\n<td align=\"center !important\">50<\/td>\n<td align=\"center !important\">60<\/td>\n<td align=\"center !important\">1450<\/td>\n<td align=\"center !important\">1740<\/td>\n<td align=\"center !important\">22<\/td>\n<td align=\"center !important\">39,5<\/td>\n<td align=\"center !important\">23<\/td>\n<td align=\"center !important\">LM<\/td>\n<td align=\"center !important\">54<\/td>\n<td align=\"center !important\">4<\/td>\n<\/tr>\n<\/tbody>\n<\/table>\n<\/div>\n","protected":false},"excerpt":{"rendered":"<p>Nos moteurs \u00e9lectriques, structurellement et \u00e9lectriquement personnalis\u00e9s, sont con\u00e7us en suivant les directives communautaires ECODESIGN et les normes internationales de r\u00e9f\u00e9rence.\u00a0 Ils sont disponibles en version avec pieds (B3) et \u00e9quip\u00e9s de brides. Des protections thermiques, correctement \u00e9tudi\u00e9es, garantissent son fonctionnement dans tout type de service et contre les utilisations inappropri\u00e9es ou les cas accidentels. \u00a0<\/p>\n","protected":false},"featured_media":67955,"template":"","meta":{"zakra_page_container_layout":"customizer","zakra_page_sidebar_layout":"customizer","zakra_remove_content_margin":false,"zakra_sidebar":"customizer","zakra_transparent_header":"customizer","zakra_logo":0,"zakra_main_header_style":"default","zakra_menu_item_color":"","zakra_menu_item_hover_color":"","zakra_menu_item_active_color":"","zakra_menu_active_style":"","zakra_page_header":true},"product_brand":[],"product_cat":[3721],"product_tag":[3655,3671,3687,3711,3647,3695,3703,3663],"class_list":{"0":"post-29134","1":"product","2":"type-product","3":"status-publish","4":"has-post-thumbnail","6":"product_cat-motores-electricos-ie2-ie3-4-polos","7":"product_tag-agricultura_es","8":"product_tag-alimentaria_es","9":"product_tag-construccion_es","10":"product_tag-industria_pesada_es","11":"product_tag-limpieza_es","12":"product_tag-quimica_es","13":"product_tag-sitio_de_construccion_es","14":"product_tag-tunel_de_lavado_es","16":"first","17":"instock","18":"shipping-taxable","19":"product-type-simple"},"yoast_head":"<!-- This site is optimized with the Yoast SEO plugin v27.5 - https:\/\/yoast.com\/product\/yoast-seo-wordpress\/ -->\n<title>MEC180 - Mazzoni<\/title>\n<meta name=\"robots\" content=\"index, follow, max-snippet:-1, max-image-preview:large, max-video-preview:-1\" \/>\n<link rel=\"canonical\" href=\"https:\/\/e-mazzoni.it\/es\/producto\/mec180\/\" \/>\n<meta property=\"og:locale\" content=\"es_ES\" \/>\n<meta property=\"og:type\" content=\"article\" \/>\n<meta property=\"og:title\" content=\"MEC180 - Mazzoni\" \/>\n<meta property=\"og:description\" content=\"Nos moteurs \u00e9lectriques, structurellement et \u00e9lectriquement personnalis\u00e9s, sont con\u00e7us en suivant les directives communautaires ECODESIGN et les normes internationales de r\u00e9f\u00e9rence.\u00a0 Ils sont disponibles en version avec pieds (B3) et \u00e9quip\u00e9s de brides. Des protections thermiques, correctement \u00e9tudi\u00e9es, garantissent son fonctionnement dans tout type de service et contre les utilisations inappropri\u00e9es ou les cas accidentels. \u00a0\" \/>\n<meta property=\"og:url\" content=\"https:\/\/e-mazzoni.it\/es\/producto\/mec180\/\" \/>\n<meta property=\"og:site_name\" content=\"Mazzoni\" \/>\n<meta property=\"article:modified_time\" content=\"2026-05-02T02:18:50+00:00\" \/>\n<meta property=\"og:image\" content=\"https:\/\/e-mazzoni.it\/wp-content\/uploads\/2026\/04\/DOC2644643742.jpg\" \/>\n\t<meta property=\"og:image:width\" content=\"800\" \/>\n\t<meta property=\"og:image:height\" content=\"800\" \/>\n\t<meta property=\"og:image:type\" content=\"image\/jpeg\" \/>\n<meta name=\"twitter:card\" content=\"summary_large_image\" \/>\n<meta name=\"twitter:label1\" content=\"Tiempo de lectura\" \/>\n\t<meta name=\"twitter:data1\" content=\"1 minuto\" \/>\n<!-- \/ Yoast SEO plugin. -->","yoast_head_json":{"title":"MEC180 - Mazzoni","robots":{"index":"index","follow":"follow","max-snippet":"max-snippet:-1","max-image-preview":"max-image-preview:large","max-video-preview":"max-video-preview:-1"},"canonical":"https:\/\/e-mazzoni.it\/es\/producto\/mec180\/","og_locale":"es_ES","og_type":"article","og_title":"MEC180 - Mazzoni","og_description":"Nos moteurs \u00e9lectriques, structurellement et \u00e9lectriquement personnalis\u00e9s, sont con\u00e7us en suivant les directives communautaires ECODESIGN et les normes internationales de r\u00e9f\u00e9rence.\u00a0 Ils sont disponibles en version avec pieds (B3) et \u00e9quip\u00e9s de brides. Des protections thermiques, correctement \u00e9tudi\u00e9es, garantissent son fonctionnement dans tout type de service et contre les utilisations inappropri\u00e9es ou les cas accidentels. \u00a0","og_url":"https:\/\/e-mazzoni.it\/es\/producto\/mec180\/","og_site_name":"Mazzoni","article_modified_time":"2026-05-02T02:18:50+00:00","og_image":[{"width":800,"height":800,"url":"https:\/\/e-mazzoni.it\/wp-content\/uploads\/2026\/04\/DOC2644643742.jpg","type":"image\/jpeg"}],"twitter_card":"summary_large_image","twitter_misc":{"Tiempo de lectura":"1 minuto"},"schema":{"@context":"https:\/\/schema.org","@graph":[{"@type":"WebPage","@id":"https:\/\/e-mazzoni.it\/es\/producto\/mec180\/","url":"https:\/\/e-mazzoni.it\/es\/producto\/mec180\/","name":"MEC180 - Mazzoni","isPartOf":{"@id":"https:\/\/e-mazzoni.it\/es\/#website"},"primaryImageOfPage":{"@id":"https:\/\/e-mazzoni.it\/es\/producto\/mec180\/#primaryimage"},"image":{"@id":"https:\/\/e-mazzoni.it\/es\/producto\/mec180\/#primaryimage"},"thumbnailUrl":"https:\/\/e-mazzoni.it\/wp-content\/uploads\/2026\/04\/DOC2644643742.jpg","datePublished":"2024-10-15T06:47:41+00:00","dateModified":"2026-05-02T02:18:50+00:00","breadcrumb":{"@id":"https:\/\/e-mazzoni.it\/es\/producto\/mec180\/#breadcrumb"},"inLanguage":"es","potentialAction":[{"@type":"ReadAction","target":["https:\/\/e-mazzoni.it\/es\/producto\/mec180\/"]}]},{"@type":"ImageObject","inLanguage":"es","@id":"https:\/\/e-mazzoni.it\/es\/producto\/mec180\/#primaryimage","url":"https:\/\/e-mazzoni.it\/wp-content\/uploads\/2026\/04\/DOC2644643742.jpg","contentUrl":"https:\/\/e-mazzoni.it\/wp-content\/uploads\/2026\/04\/DOC2644643742.jpg","width":800,"height":800},{"@type":"BreadcrumbList","@id":"https:\/\/e-mazzoni.it\/es\/producto\/mec180\/#breadcrumb","itemListElement":[{"@type":"ListItem","position":1,"name":"Home","item":"https:\/\/e-mazzoni.it\/es\/"},{"@type":"ListItem","position":2,"name":"Productos","item":"https:\/\/e-mazzoni.it\/es\/productos\/"},{"@type":"ListItem","position":3,"name":"MEC180"}]},{"@type":"WebSite","@id":"https:\/\/e-mazzoni.it\/es\/#website","url":"https:\/\/e-mazzoni.it\/es\/","name":"Mazzoni","description":"Mazzoni","publisher":{"@id":"https:\/\/e-mazzoni.it\/es\/#organization"},"potentialAction":[{"@type":"SearchAction","target":{"@type":"EntryPoint","urlTemplate":"https:\/\/e-mazzoni.it\/es\/?s={search_term_string}"},"query-input":{"@type":"PropertyValueSpecification","valueRequired":true,"valueName":"search_term_string"}}],"inLanguage":"es"},{"@type":"Organization","@id":"https:\/\/e-mazzoni.it\/es\/#organization","name":"Mazzoni","url":"https:\/\/e-mazzoni.it\/es\/","logo":{"@type":"ImageObject","inLanguage":"es","@id":"https:\/\/e-mazzoni.it\/es\/#\/schema\/logo\/image\/","url":"https:\/\/e-mazzoni.it\/wp-content\/uploads\/2023\/07\/logo.png","contentUrl":"https:\/\/e-mazzoni.it\/wp-content\/uploads\/2023\/07\/logo.png","width":250,"height":109,"caption":"Mazzoni"},"image":{"@id":"https:\/\/e-mazzoni.it\/es\/#\/schema\/logo\/image\/"}}]}},"_links":{"self":[{"href":"https:\/\/e-mazzoni.it\/es\/wp-json\/wp\/v2\/product\/29134","targetHints":{"allow":["GET"]}}],"collection":[{"href":"https:\/\/e-mazzoni.it\/es\/wp-json\/wp\/v2\/product"}],"about":[{"href":"https:\/\/e-mazzoni.it\/es\/wp-json\/wp\/v2\/types\/product"}],"wp:featuredmedia":[{"embeddable":true,"href":"https:\/\/e-mazzoni.it\/es\/wp-json\/wp\/v2\/media\/67955"}],"wp:attachment":[{"href":"https:\/\/e-mazzoni.it\/es\/wp-json\/wp\/v2\/media?parent=29134"}],"wp:term":[{"taxonomy":"product_brand","embeddable":true,"href":"https:\/\/e-mazzoni.it\/es\/wp-json\/wp\/v2\/product_brand?post=29134"},{"taxonomy":"product_cat","embeddable":true,"href":"https:\/\/e-mazzoni.it\/es\/wp-json\/wp\/v2\/product_cat?post=29134"},{"taxonomy":"product_tag","embeddable":true,"href":"https:\/\/e-mazzoni.it\/es\/wp-json\/wp\/v2\/product_tag?post=29134"}],"curies":[{"name":"wp","href":"https:\/\/api.w.org\/{rel}","templated":true}]}}