{"id":28859,"date":"2024-10-15T06:46:47","date_gmt":"2024-10-15T06:46:47","guid":{"rendered":"https:\/\/e-mazzoni.it\/prodotto\/calderas-medianas-2\/"},"modified":"2026-05-02T02:13:17","modified_gmt":"2026-05-02T02:13:17","slug":"calderas-medianas-2","status":"publish","type":"product","link":"https:\/\/e-mazzoni.it\/es\/producto\/calderas-medianas-2\/","title":{"rendered":"CALDERAS MEDIANAS CON CUADRO EL\u00c9CTRICO"},"content":{"rendered":"<p>En las calderas Mazzoni, la bobina tiene un espesor y una longitud estudiados para permitir el m\u00e1ximo rendimiento en t\u00e9rminos de calentamiento del agua, minimizando el consumo de combustible y maximizando la resistencia. La carcasa y el grupo quemador son de acero inoxidable, un fondo a\u00edsla perfectamente la c\u00e1mara de combusti\u00f3n desde fuera de la caldera, haci\u00e9ndola segura y fiable. CALDERA 15 &#8211; 21 &#8211; 25 &#8211; 30 &#8211; 40 L Estructura realizada en acero inoxidable Fondo de caldera en fibra cer\u00e1mica cocida y comprimida al vac\u00edo GRUPO FIAMMA Boquilla de gas\u00f3leo Electrodos de encendido Tubo de gasoil en cobre Soporte preparado para control de llamas BOMBA DE COMBUSTIBLE Electrov\u00e1lvula incorporada Transformador 2X5000V completo con cables de conexi\u00f3n (400V)  2X14000V completo con cables de conexi\u00f3n (220V) VENTILADOR De aluminio MOTOR DE VENTILADOR  IP 44, 230-400V, 50-60Hz, 2800-3200 revoluciones por minuto<\/p>\n<div>\n<table style=\"width: 100%\" border=\"1\" id=\"table_options\">\n<tbody>\n<tr>\n<th style=\"color: #fff\" bgcolor=\"#ea2833\">CODIGO<\/th>\n<th style=\"color: #fff\" bgcolor=\"#ea2833\">L\/MIN<\/th>\n<th style=\"color: #fff\" bgcolor=\"#ea2833\">GPM<\/th>\n<th style=\"color: #fff\" bgcolor=\"#ea2833\">BAR<\/th>\n<th style=\"color: #fff\" bgcolor=\"#ea2833\">PSI<\/th>\n<th style=\"color: #fff\" bgcolor=\"#ea2833\">VOLTIO<\/th>\n<th style=\"color: #fff\" bgcolor=\"#ea2833\">Hz<\/th>\n<th style=\"color: #fff\" bgcolor=\"#ea2833\">RENDIMIENTO (KW)<\/th>\n<th style=\"color: #fff\" bgcolor=\"#ea2833\">RENDIMIENTO (BTU)<\/th>\n<th style=\"color: #fff\" bgcolor=\"#ea2833\">LONGITUD DE SERPENTINA (MT)<\/th>\n<th style=\"color: #fff\" bgcolor=\"#ea2833\">LONGITUD DE SERPENTINA (FT)<\/th>\n<th style=\"color: #fff\" bgcolor=\"#ea2833\">ESPESOR SERPENT\u00cdN (MM)<\/th>\n<th style=\"color: #fff\" bgcolor=\"#ea2833\">ESPESOR SERPENT\u00cdN (INCH)<\/th>\n<th style=\"color: #fff\" bgcolor=\"#ea2833\">BOQUILLA DE GAS\u00d3LEO<\/th>\n<th style=\"color: #fff\" bgcolor=\"#ea2833\">A 50 HZ<\/th>\n<th style=\"color: #fff\" bgcolor=\"#ea2833\">CONSUMO DE DI\u00c9SEL (LT\/H)<\/th>\n<th style=\"color: #fff\" bgcolor=\"#ea2833\">CONSUMO DE DI\u00c9SEL (GAL\/H)<\/th>\n<th style=\"color: #fff\" bgcolor=\"#ea2833\">KCAL\/H<\/th>\n<th style=\"color: #fff\" bgcolor=\"#ea2833\">MIN PRESION DE ENTRADA (BAR)<\/th>\n<th style=\"color: #fff\" bgcolor=\"#ea2833\">MIN PRESION DE ENTRADA (PSI)<\/th>\n<th style=\"color: #fff\" bgcolor=\"#ea2833\">INLET<\/th>\n<th style=\"color: #fff\" bgcolor=\"#ea2833\">OUTLET<\/th>\n<th style=\"color: #fff\" bgcolor=\"#ea2833\">PESO NETO (KG)<\/th>\n<th style=\"color: #fff\" bgcolor=\"#ea2833\">PESO NETO (LBS)<\/th>\n<th style=\"color: #fff\" bgcolor=\"#ea2833\">MAX TEMPERATURA SALIDA<\/th>\n<th style=\"color: #fff\" bgcolor=\"#ea2833\">MAX TEMPERATURA SALIDA (F)<\/th>\n<\/tr>\n<tr>\n<td align=\"center !important\">3.026.02.068<\/td>\n<td align=\"center !important\">21<\/td>\n<td align=\"center !important\">5,5<\/td>\n<td align=\"center !important\">250<\/td>\n<td align=\"center !important\">3626<\/td>\n<td align=\"center !important\">230<\/td>\n<td align=\"center !important\">50<\/td>\n<td align=\"center !important\">93<\/td>\n<td align=\"center !important\">317.000<\/td>\n<td align=\"center !important\">35<\/td>\n<td align=\"center !important\">114<\/td>\n<td align=\"center !important\">2,6<\/td>\n<td align=\"center !important\">0.1 in.<\/td>\n<td align=\"center !important\">2<\/td>\n<td align=\"center !important\">2,4<\/td>\n<td align=\"center !important\">7,55<\/td>\n<td align=\"center !important\">2<\/td>\n<td align=\"center !important\">80.000<\/td>\n<td align=\"center !important\">20<\/td>\n<td align=\"center !important\">290<\/td>\n<td align=\"center !important\">M 22&#215;1,5<\/td>\n<td align=\"center !important\">M 22&#215;1,5<\/td>\n<td align=\"center !important\">60<\/td>\n<td align=\"center !important\">132<\/td>\n<td align=\"center !important\">150\u00b0C<\/td>\n<td align=\"center !important\">302\u00b0F<\/td>\n<\/tr>\n<tr>\n<td align=\"center !important\">3.026.02.072<\/td>\n<td align=\"center !important\">21<\/td>\n<td align=\"center !important\">5,5<\/td>\n<td align=\"center !important\">250<\/td>\n<td align=\"center !important\">3626<\/td>\n<td align=\"center !important\">24<\/td>\n<td align=\"center !important\">DC<\/td>\n<td align=\"center !important\">93<\/td>\n<td align=\"center !important\">317.000<\/td>\n<td align=\"center !important\">35<\/td>\n<td align=\"center !important\">114<\/td>\n<td align=\"center !important\">2,6<\/td>\n<td align=\"center !important\">0.1 in.<\/td>\n<td align=\"center !important\">2<\/td>\n<td align=\"center !important\">17<\/td>\n<td align=\"center !important\">7,56<\/td>\n<td align=\"center !important\">2<\/td>\n<td align=\"center !important\">80.000<\/td>\n<td align=\"center !important\">20<\/td>\n<td align=\"center !important\">290<\/td>\n<td align=\"center !important\">M 22&#215;1,5<\/td>\n<td align=\"center !important\">M 22&#215;1,5<\/td>\n<td align=\"center !important\">61<\/td>\n<td align=\"center !important\">135<\/td>\n<td align=\"center !important\">150\u00b0C<\/td>\n<td align=\"center !important\">302\u00b0F<\/td>\n<\/tr>\n<tr>\n<td align=\"center !important\">3.026.02.071<\/td>\n<td align=\"center !important\">21<\/td>\n<td align=\"center !important\">5,5<\/td>\n<td align=\"center !important\">250<\/td>\n<td align=\"center !important\">3626<\/td>\n<td align=\"center !important\">12<\/td>\n<td align=\"center !important\">DC<\/td>\n<td align=\"center !important\">93<\/td>\n<td align=\"center !important\">317.000<\/td>\n<td align=\"center !important\">35<\/td>\n<td align=\"center !important\">114<\/td>\n<td align=\"center !important\">2,6<\/td>\n<td align=\"center !important\">0.1 in.<\/td>\n<td align=\"center !important\">2<\/td>\n<td align=\"center !important\">30<\/td>\n<td align=\"center !important\">7,55<\/td>\n<td align=\"center !important\">2<\/td>\n<td align=\"center !important\">80.000<\/td>\n<td align=\"center !important\">20<\/td>\n<td align=\"center !important\">290<\/td>\n<td align=\"center !important\">M 22&#215;1,5<\/td>\n<td align=\"center !important\">M 22&#215;1,5<\/td>\n<td align=\"center !important\">61<\/td>\n<td align=\"center !important\">135<\/td>\n<td align=\"center !important\">150\u00b0C<\/td>\n<td align=\"center !important\">302\u00b0F<\/td>\n<\/tr>\n<tr>\n<td align=\"center !important\">3.026.02.076<\/td>\n<td align=\"center !important\">21<\/td>\n<td align=\"center !important\">5,5<\/td>\n<td align=\"center !important\">500<\/td>\n<td align=\"center !important\">7251<\/td>\n<td align=\"center !important\">230<\/td>\n<td align=\"center !important\">50<\/td>\n<td align=\"center !important\">93<\/td>\n<td align=\"center !important\">317.000<\/td>\n<td align=\"center !important\">35<\/td>\n<td align=\"center !important\">114<\/td>\n<td align=\"center !important\">3<\/td>\n<td align=\"center !important\">0.1 in.<\/td>\n<td align=\"center !important\">2<\/td>\n<td align=\"center !important\">1,1<\/td>\n<td align=\"center !important\">7,55<\/td>\n<td align=\"center !important\">2<\/td>\n<td align=\"center !important\">80.000<\/td>\n<td align=\"center !important\">20<\/td>\n<td align=\"center !important\">290<\/td>\n<td align=\"center !important\">G 1\/2&#8243;<\/td>\n<td align=\"center !important\">G 1\/2&#8243;<\/td>\n<td align=\"center !important\">60<\/td>\n<td align=\"center !important\">132<\/td>\n<td align=\"center !important\">150\u00b0C<\/td>\n<td align=\"center !important\">302\u00b0F<\/td>\n<\/tr>\n<tr>\n<td align=\"center !important\">3.026.02.062<\/td>\n<td align=\"center !important\">25<\/td>\n<td align=\"center !important\">6,6<\/td>\n<td align=\"center !important\">250<\/td>\n<td align=\"center !important\">3626<\/td>\n<td align=\"center !important\">230<\/td>\n<td align=\"center !important\">50<\/td>\n<td align=\"center !important\">105<\/td>\n<td align=\"center !important\">357.000<\/td>\n<td align=\"center !important\">35<\/td>\n<td align=\"center !important\">114<\/td>\n<td align=\"center !important\">2,6<\/td>\n<td align=\"center !important\">0.1 in.<\/td>\n<td align=\"center !important\">2,25<\/td>\n<td align=\"center !important\">2,4<\/td>\n<td align=\"center !important\">8,5<\/td>\n<td align=\"center !important\">2,24<\/td>\n<td align=\"center !important\">90.000<\/td>\n<td align=\"center !important\">20<\/td>\n<td align=\"center !important\">290<\/td>\n<td align=\"center !important\">M 22&#215;1,5<\/td>\n<td align=\"center !important\">M 22&#215;1,5<\/td>\n<td align=\"center !important\">62<\/td>\n<td align=\"center !important\">137<\/td>\n<td align=\"center !important\">150\u00b0C<\/td>\n<td align=\"center !important\">302\u00b0F<\/td>\n<\/tr>\n<tr>\n<td align=\"center !important\">3.026.02.045<\/td>\n<td align=\"center !important\">25<\/td>\n<td align=\"center !important\">6,6<\/td>\n<td align=\"center !important\">250<\/td>\n<td align=\"center !important\">3626<\/td>\n<td align=\"center !important\">24<\/td>\n<td align=\"center !important\">DC<\/td>\n<td align=\"center !important\">105<\/td>\n<td align=\"center !important\">357.000<\/td>\n<td align=\"center !important\">35<\/td>\n<td align=\"center !important\">114<\/td>\n<td align=\"center !important\">2,6<\/td>\n<td align=\"center !important\">0.1 in.<\/td>\n<td align=\"center !important\">2,25<\/td>\n<td align=\"center !important\">17<\/td>\n<td align=\"center !important\">9,45<\/td>\n<td align=\"center !important\">2,5<\/td>\n<td align=\"center !important\">90.000<\/td>\n<td align=\"center !important\">20<\/td>\n<td align=\"center !important\">290<\/td>\n<td align=\"center !important\">M 22&#215;1,5<\/td>\n<td align=\"center !important\">M 22&#215;1,5<\/td>\n<td align=\"center !important\">61<\/td>\n<td align=\"center !important\">134<\/td>\n<td align=\"center !important\">150\u00b0C<\/td>\n<td align=\"center !important\">302\u00b0F<\/td>\n<\/tr>\n<tr>\n<td align=\"center !important\">3.026.02.040<\/td>\n<td align=\"center !important\">25<\/td>\n<td align=\"center !important\">6,6<\/td>\n<td align=\"center !important\">250<\/td>\n<td align=\"center !important\">3626<\/td>\n<td align=\"center !important\">12<\/td>\n<td align=\"center !important\">DC<\/td>\n<td align=\"center !important\">105<\/td>\n<td align=\"center !important\">357.000<\/td>\n<td align=\"center !important\">35<\/td>\n<td align=\"center !important\">114<\/td>\n<td align=\"center !important\">2,6<\/td>\n<td align=\"center !important\">0.1 in.<\/td>\n<td align=\"center !important\">2,25<\/td>\n<td align=\"center !important\">30<\/td>\n<td align=\"center !important\">8,5<\/td>\n<td align=\"center !important\">2,25<\/td>\n<td align=\"center !important\">90.000<\/td>\n<td align=\"center !important\">20<\/td>\n<td align=\"center !important\">290<\/td>\n<td align=\"center !important\">M 22&#215;1,5<\/td>\n<td align=\"center !important\">M 22&#215;1,5<\/td>\n<td align=\"center !important\">61<\/td>\n<td align=\"center !important\">134<\/td>\n<td align=\"center !important\">150\u00b0C<\/td>\n<td align=\"center !important\">302\u00b0F<\/td>\n<\/tr>\n<tr>\n<td align=\"center !important\">3.026.02.065<\/td>\n<td align=\"center !important\">25<\/td>\n<td align=\"center !important\">6,6<\/td>\n<td align=\"center !important\">350<\/td>\n<td align=\"center !important\">5076<\/td>\n<td align=\"center !important\">230<\/td>\n<td align=\"center !important\">50<\/td>\n<td align=\"center !important\">105<\/td>\n<td align=\"center !important\">357.000<\/td>\n<td align=\"center !important\">35<\/td>\n<td align=\"center !important\">114<\/td>\n<td align=\"center !important\">2,6<\/td>\n<td align=\"center !important\">0.1 in.<\/td>\n<td align=\"center !important\">2,25<\/td>\n<td align=\"center !important\">2,4<\/td>\n<td align=\"center !important\">9,45<\/td>\n<td align=\"center !important\">2,5<\/td>\n<td align=\"center !important\">90.000<\/td>\n<td align=\"center !important\">20<\/td>\n<td align=\"center !important\">290<\/td>\n<td align=\"center !important\">M 22&#215;1,5<\/td>\n<td align=\"center !important\">M 22&#215;1,5<\/td>\n<td align=\"center !important\">62<\/td>\n<td align=\"center !important\">137<\/td>\n<td align=\"center !important\">150\u00b0C<\/td>\n<td align=\"center !important\">302\u00b0F<\/td>\n<\/tr>\n<tr>\n<td align=\"center !important\">3.026.02.063<\/td>\n<td align=\"center !important\">25<\/td>\n<td align=\"center !important\">6,6<\/td>\n<td align=\"center !important\">350<\/td>\n<td align=\"center !important\">5076<\/td>\n<td align=\"center !important\">24<\/td>\n<td align=\"center !important\">DC<\/td>\n<td align=\"center !important\">105<\/td>\n<td align=\"center !important\">357.000<\/td>\n<td align=\"center !important\">35<\/td>\n<td align=\"center !important\">114<\/td>\n<td align=\"center !important\">2,6<\/td>\n<td align=\"center !important\">0.1 in.<\/td>\n<td align=\"center !important\">2,25<\/td>\n<td align=\"center !important\">17<\/td>\n<td align=\"center !important\">8,5<\/td>\n<td align=\"center !important\">2,25<\/td>\n<td align=\"center !important\">90.000<\/td>\n<td align=\"center !important\">20<\/td>\n<td align=\"center !important\">290<\/td>\n<td align=\"center !important\">M 22&#215;1,5<\/td>\n<td align=\"center !important\">M 22&#215;1,5<\/td>\n<td align=\"center !important\">61<\/td>\n<td align=\"center !important\">134<\/td>\n<td align=\"center !important\">150\u00b0C<\/td>\n<td align=\"center !important\">302\u00b0F<\/td>\n<\/tr>\n<tr>\n<td align=\"center !important\">3.026.02.064<\/td>\n<td align=\"center !important\">25<\/td>\n<td align=\"center !important\">6,6<\/td>\n<td align=\"center !important\">350<\/td>\n<td align=\"center !important\">5076<\/td>\n<td align=\"center !important\">12<\/td>\n<td align=\"center !important\">DC<\/td>\n<td align=\"center !important\">105<\/td>\n<td align=\"center !important\">357.000<\/td>\n<td align=\"center !important\">35<\/td>\n<td align=\"center !important\">114<\/td>\n<td align=\"center !important\">2,6<\/td>\n<td align=\"center !important\">0.1 in.<\/td>\n<td align=\"center !important\">2,25<\/td>\n<td align=\"center !important\">30<\/td>\n<td align=\"center !important\">8,5<\/td>\n<td align=\"center !important\">2,25<\/td>\n<td align=\"center !important\">90.000<\/td>\n<td align=\"center !important\">20<\/td>\n<td align=\"center !important\">290<\/td>\n<td align=\"center !important\">M 22&#215;1,5<\/td>\n<td align=\"center !important\">M 22&#215;1,5<\/td>\n<td align=\"center !important\">61<\/td>\n<td align=\"center !important\">134<\/td>\n<td align=\"center !important\">150\u00b0C<\/td>\n<td align=\"center !important\">302\u00b0F<\/td>\n<\/tr>\n<\/tbody>\n<\/table>\n<\/div>\n","protected":false},"excerpt":{"rendered":"<p>M\u00e1ximo calentamiento y m\u00ednimo nivel de emisiones contaminantes de \u00f3xido de nitr\u00f3geno en el medio ambiente. Las calderas Mazzoni son sin\u00f3nimo de seguridad y calidad garantizada por materiales de primera calidad y dimensionado estudiado para obtener el m\u00e1ximo rendimiento calor\u00edfico, con un ojo atento al ahorro energ\u00e9tico y a las nuevas normativas medioambientales y sobre la seguridad.   *** Para el montaje de calderas en veh\u00edculos sujetos a vibraciones y oscilaciones recomendamos la caldera con anillo de centrado para el bloqueo del serpent\u00edn  <\/p>\n","protected":false},"featured_media":67885,"template":"","meta":{"zakra_page_container_layout":"customizer","zakra_page_sidebar_layout":"customizer","zakra_remove_content_margin":false,"zakra_sidebar":"customizer","zakra_transparent_header":"customizer","zakra_logo":0,"zakra_main_header_style":"default","zakra_menu_item_color":"","zakra_menu_item_hover_color":"","zakra_menu_item_active_color":"","zakra_menu_active_style":"","zakra_page_header":true},"product_brand":[],"product_cat":[3639],"product_tag":[3655,3671,3687,3711,3647,3703,3663],"class_list":{"0":"post-28859","1":"product","2":"type-product","3":"status-publish","4":"has-post-thumbnail","6":"product_cat-calderas-diesel-con-cuadro-electrico","7":"product_tag-agricultura_es","8":"product_tag-alimentaria_es","9":"product_tag-construccion_es","10":"product_tag-industria_pesada_es","11":"product_tag-limpieza_es","12":"product_tag-sitio_de_construccion_es","13":"product_tag-tunel_de_lavado_es","15":"first","16":"instock","17":"shipping-taxable","18":"product-type-simple"},"yoast_head":"<!-- This site is optimized with the Yoast SEO plugin v27.5 - https:\/\/yoast.com\/product\/yoast-seo-wordpress\/ -->\n<title>CALDERAS MEDIANAS CON CUADRO EL\u00c9CTRICO - Mazzoni<\/title>\n<meta name=\"robots\" content=\"index, follow, max-snippet:-1, max-image-preview:large, max-video-preview:-1\" \/>\n<link rel=\"canonical\" href=\"https:\/\/e-mazzoni.it\/es\/producto\/calderas-medianas-2\/\" \/>\n<meta property=\"og:locale\" content=\"es_ES\" \/>\n<meta property=\"og:type\" content=\"article\" \/>\n<meta property=\"og:title\" content=\"CALDERAS MEDIANAS CON CUADRO EL\u00c9CTRICO - Mazzoni\" \/>\n<meta property=\"og:description\" content=\"M\u00e1ximo calentamiento y m\u00ednimo nivel de emisiones contaminantes de \u00f3xido de nitr\u00f3geno en el medio ambiente. Las calderas Mazzoni son sin\u00f3nimo de seguridad y calidad garantizada por materiales de primera calidad y dimensionado estudiado para obtener el m\u00e1ximo rendimiento calor\u00edfico, con un ojo atento al ahorro energ\u00e9tico y a las nuevas normativas medioambientales y sobre la seguridad.  *** Para el montaje de calderas en veh\u00edculos sujetos a vibraciones y oscilaciones recomendamos la caldera con anillo de centrado para el bloqueo del serpent\u00edn\" \/>\n<meta property=\"og:url\" content=\"https:\/\/e-mazzoni.it\/es\/producto\/calderas-medianas-2\/\" \/>\n<meta property=\"og:site_name\" content=\"Mazzoni\" \/>\n<meta property=\"article:modified_time\" content=\"2026-05-02T02:13:17+00:00\" \/>\n<meta property=\"og:image\" content=\"https:\/\/e-mazzoni.it\/wp-content\/uploads\/2026\/04\/DOC5967542911.jpg\" \/>\n\t<meta property=\"og:image:width\" content=\"800\" \/>\n\t<meta property=\"og:image:height\" content=\"800\" \/>\n\t<meta property=\"og:image:type\" content=\"image\/jpeg\" \/>\n<meta name=\"twitter:card\" content=\"summary_large_image\" \/>\n<meta name=\"twitter:label1\" content=\"Tiempo de lectura\" \/>\n\t<meta name=\"twitter:data1\" content=\"1 minuto\" \/>\n<!-- \/ Yoast SEO plugin. -->","yoast_head_json":{"title":"CALDERAS MEDIANAS CON CUADRO EL\u00c9CTRICO - Mazzoni","robots":{"index":"index","follow":"follow","max-snippet":"max-snippet:-1","max-image-preview":"max-image-preview:large","max-video-preview":"max-video-preview:-1"},"canonical":"https:\/\/e-mazzoni.it\/es\/producto\/calderas-medianas-2\/","og_locale":"es_ES","og_type":"article","og_title":"CALDERAS MEDIANAS CON CUADRO EL\u00c9CTRICO - Mazzoni","og_description":"M\u00e1ximo calentamiento y m\u00ednimo nivel de emisiones contaminantes de \u00f3xido de nitr\u00f3geno en el medio ambiente. Las calderas Mazzoni son sin\u00f3nimo de seguridad y calidad garantizada por materiales de primera calidad y dimensionado estudiado para obtener el m\u00e1ximo rendimiento calor\u00edfico, con un ojo atento al ahorro energ\u00e9tico y a las nuevas normativas medioambientales y sobre la seguridad.  *** Para el montaje de calderas en veh\u00edculos sujetos a vibraciones y oscilaciones recomendamos la caldera con anillo de centrado para el bloqueo del serpent\u00edn","og_url":"https:\/\/e-mazzoni.it\/es\/producto\/calderas-medianas-2\/","og_site_name":"Mazzoni","article_modified_time":"2026-05-02T02:13:17+00:00","og_image":[{"width":800,"height":800,"url":"https:\/\/e-mazzoni.it\/wp-content\/uploads\/2026\/04\/DOC5967542911.jpg","type":"image\/jpeg"}],"twitter_card":"summary_large_image","twitter_misc":{"Tiempo de lectura":"1 minuto"},"schema":{"@context":"https:\/\/schema.org","@graph":[{"@type":"WebPage","@id":"https:\/\/e-mazzoni.it\/es\/producto\/calderas-medianas-2\/","url":"https:\/\/e-mazzoni.it\/es\/producto\/calderas-medianas-2\/","name":"CALDERAS MEDIANAS CON CUADRO EL\u00c9CTRICO - Mazzoni","isPartOf":{"@id":"https:\/\/e-mazzoni.it\/es\/#website"},"primaryImageOfPage":{"@id":"https:\/\/e-mazzoni.it\/es\/producto\/calderas-medianas-2\/#primaryimage"},"image":{"@id":"https:\/\/e-mazzoni.it\/es\/producto\/calderas-medianas-2\/#primaryimage"},"thumbnailUrl":"https:\/\/e-mazzoni.it\/wp-content\/uploads\/2026\/04\/DOC5967542911.jpg","datePublished":"2024-10-15T06:46:47+00:00","dateModified":"2026-05-02T02:13:17+00:00","breadcrumb":{"@id":"https:\/\/e-mazzoni.it\/es\/producto\/calderas-medianas-2\/#breadcrumb"},"inLanguage":"es","potentialAction":[{"@type":"ReadAction","target":["https:\/\/e-mazzoni.it\/es\/producto\/calderas-medianas-2\/"]}]},{"@type":"ImageObject","inLanguage":"es","@id":"https:\/\/e-mazzoni.it\/es\/producto\/calderas-medianas-2\/#primaryimage","url":"https:\/\/e-mazzoni.it\/wp-content\/uploads\/2026\/04\/DOC5967542911.jpg","contentUrl":"https:\/\/e-mazzoni.it\/wp-content\/uploads\/2026\/04\/DOC5967542911.jpg","width":800,"height":800},{"@type":"BreadcrumbList","@id":"https:\/\/e-mazzoni.it\/es\/producto\/calderas-medianas-2\/#breadcrumb","itemListElement":[{"@type":"ListItem","position":1,"name":"Home","item":"https:\/\/e-mazzoni.it\/es\/"},{"@type":"ListItem","position":2,"name":"Productos","item":"https:\/\/e-mazzoni.it\/es\/productos\/"},{"@type":"ListItem","position":3,"name":"CALDERAS MEDIANAS CON CUADRO EL\u00c9CTRICO"}]},{"@type":"WebSite","@id":"https:\/\/e-mazzoni.it\/es\/#website","url":"https:\/\/e-mazzoni.it\/es\/","name":"Mazzoni","description":"Mazzoni","publisher":{"@id":"https:\/\/e-mazzoni.it\/es\/#organization"},"potentialAction":[{"@type":"SearchAction","target":{"@type":"EntryPoint","urlTemplate":"https:\/\/e-mazzoni.it\/es\/?s={search_term_string}"},"query-input":{"@type":"PropertyValueSpecification","valueRequired":true,"valueName":"search_term_string"}}],"inLanguage":"es"},{"@type":"Organization","@id":"https:\/\/e-mazzoni.it\/es\/#organization","name":"Mazzoni","url":"https:\/\/e-mazzoni.it\/es\/","logo":{"@type":"ImageObject","inLanguage":"es","@id":"https:\/\/e-mazzoni.it\/es\/#\/schema\/logo\/image\/","url":"https:\/\/e-mazzoni.it\/wp-content\/uploads\/2023\/07\/logo.png","contentUrl":"https:\/\/e-mazzoni.it\/wp-content\/uploads\/2023\/07\/logo.png","width":250,"height":109,"caption":"Mazzoni"},"image":{"@id":"https:\/\/e-mazzoni.it\/es\/#\/schema\/logo\/image\/"}}]}},"_links":{"self":[{"href":"https:\/\/e-mazzoni.it\/es\/wp-json\/wp\/v2\/product\/28859","targetHints":{"allow":["GET"]}}],"collection":[{"href":"https:\/\/e-mazzoni.it\/es\/wp-json\/wp\/v2\/product"}],"about":[{"href":"https:\/\/e-mazzoni.it\/es\/wp-json\/wp\/v2\/types\/product"}],"wp:featuredmedia":[{"embeddable":true,"href":"https:\/\/e-mazzoni.it\/es\/wp-json\/wp\/v2\/media\/67885"}],"wp:attachment":[{"href":"https:\/\/e-mazzoni.it\/es\/wp-json\/wp\/v2\/media?parent=28859"}],"wp:term":[{"taxonomy":"product_brand","embeddable":true,"href":"https:\/\/e-mazzoni.it\/es\/wp-json\/wp\/v2\/product_brand?post=28859"},{"taxonomy":"product_cat","embeddable":true,"href":"https:\/\/e-mazzoni.it\/es\/wp-json\/wp\/v2\/product_cat?post=28859"},{"taxonomy":"product_tag","embeddable":true,"href":"https:\/\/e-mazzoni.it\/es\/wp-json\/wp\/v2\/product_tag?post=28859"}],"curies":[{"name":"wp","href":"https:\/\/api.w.org\/{rel}","templated":true}]}}