{"id":28672,"date":"2024-10-15T06:45:50","date_gmt":"2024-10-15T06:45:50","guid":{"rendered":"https:\/\/e-mazzoni.it\/prodotto\/calderas-de-gpl\/"},"modified":"2026-05-02T02:09:18","modified_gmt":"2026-05-02T02:09:18","slug":"calderas-de-gpl","status":"publish","type":"product","link":"https:\/\/e-mazzoni.it\/es\/producto\/calderas-de-gpl\/","title":{"rendered":"CALDERAS DE GPL"},"content":{"rendered":"<p>CARACTER\u00cdSTICAS T\u00c9CNICAS: Interruptor ON\/OFF Control de la llama Termostato Tecla de reinicio Control de agua con interruptor de flujo y presostato Control de ventilaci\u00f3n Control de presi\u00f3n m\u00e1xima y m\u00ednima del gas<\/p>\n<div>\n<table style=\"width: 100%\" border=\"1\" id=\"table_options\">\n<tbody>\n<tr>\n<th style=\"color: #fff\" bgcolor=\"#ea2833\">CODIGO<\/th>\n<th style=\"color: #fff\" bgcolor=\"#ea2833\">PORTATA LT RPM1<\/th>\n<th style=\"color: #fff\" bgcolor=\"#ea2833\">PORTATA GPM RPM1<\/th>\n<th style=\"color: #fff\" bgcolor=\"#ea2833\">BAR<\/th>\n<th style=\"color: #fff\" bgcolor=\"#ea2833\">PSI<\/th>\n<th style=\"color: #fff\" bgcolor=\"#ea2833\">VOLTIO<\/th>\n<th style=\"color: #fff\" bgcolor=\"#ea2833\">Hz<\/th>\n<th style=\"color: #fff\" bgcolor=\"#ea2833\">RENDIMIENTO (KW)<\/th>\n<th style=\"color: #fff\" bgcolor=\"#ea2833\">RENDIMIENTO (BTU)<\/th>\n<th style=\"color: #fff\" bgcolor=\"#ea2833\">LONGITUD DE SERPENTINA (MT)<\/th>\n<th style=\"color: #fff\" bgcolor=\"#ea2833\">LONGITUD DE SERPENTINA (FT)<\/th>\n<th style=\"color: #fff\" bgcolor=\"#ea2833\">ESPESOR SERPENT\u00cdN (MM)<\/th>\n<th style=\"color: #fff\" bgcolor=\"#ea2833\">ESPESOR SERPENT\u00cdN (INCH)<\/th>\n<th style=\"color: #fff\" bgcolor=\"#ea2833\">A 50 HZ<\/th>\n<th style=\"color: #fff\" bgcolor=\"#ea2833\">KCAL\/H<\/th>\n<th style=\"color: #fff\" bgcolor=\"#ea2833\">CONSUMO DE GAS (NM3\/H)<\/th>\n<th style=\"color: #fff\" bgcolor=\"#ea2833\">MIN PRESION DE ENTRADA (BAR)<\/th>\n<th style=\"color: #fff\" bgcolor=\"#ea2833\">MIN PRESION DE ENTRADA (PSI)<\/th>\n<th style=\"color: #fff\" bgcolor=\"#ea2833\">INLET<\/th>\n<th style=\"color: #fff\" bgcolor=\"#ea2833\">OUTLET<\/th>\n<th style=\"color: #fff\" bgcolor=\"#ea2833\">PESO NETO (KG)<\/th>\n<th style=\"color: #fff\" bgcolor=\"#ea2833\">PESO NETO (LBS)<\/th>\n<th style=\"color: #fff\" bgcolor=\"#ea2833\">MAX TEMPERATURA SALIDA<\/th>\n<th style=\"color: #fff\" bgcolor=\"#ea2833\">MAX TEMPERATURA SALIDA (F)<\/th>\n<\/tr>\n<tr>\n<td align=\"center !important\">3.026.04.043<\/td>\n<td align=\"center !important\">15<\/td>\n<td align=\"center !important\">3,9<\/td>\n<td align=\"center !important\">250<\/td>\n<td align=\"center !important\">3626<\/td>\n<td align=\"center !important\">230<\/td>\n<td align=\"center !important\">50<\/td>\n<td align=\"center !important\">103<\/td>\n<td align=\"center !important\">218.000<\/td>\n<td align=\"center !important\">24<\/td>\n<td align=\"center !important\">82<\/td>\n<td align=\"center !important\">2,3<\/td>\n<td align=\"center !important\">0.09 in.<\/td>\n<td align=\"center !important\">1,1<\/td>\n<td align=\"center !important\">55.000<\/td>\n<td align=\"center !important\">3.5<\/td>\n<td align=\"center !important\">20<\/td>\n<td align=\"center !important\">290<\/td>\n<td align=\"center !important\">M 22&#215;1,5<\/td>\n<td align=\"center !important\">M 22&#215;1,5<\/td>\n<td align=\"center !important\">47<\/td>\n<td align=\"center !important\">103<\/td>\n<td align=\"center !important\">150\u00b0C<\/td>\n<td align=\"center !important\">302\u00b0F<\/td>\n<\/tr>\n<tr>\n<td align=\"center !important\">3.026.04.039<\/td>\n<td align=\"center !important\">21<\/td>\n<td align=\"center !important\">5,5<\/td>\n<td align=\"center !important\">250<\/td>\n<td align=\"center !important\">3626<\/td>\n<td align=\"center !important\">230<\/td>\n<td align=\"center !important\">50<\/td>\n<td align=\"center !important\">112<\/td>\n<td align=\"center !important\">380.000<\/td>\n<td align=\"center !important\">35<\/td>\n<td align=\"center !important\">114<\/td>\n<td align=\"center !important\">2,6<\/td>\n<td align=\"center !important\">0.1 in.<\/td>\n<td align=\"center !important\">1,1<\/td>\n<td align=\"center !important\">96.000<\/td>\n<td align=\"center !important\">3.9<\/td>\n<td align=\"center !important\">20<\/td>\n<td align=\"center !important\">290<\/td>\n<td align=\"center !important\">M 22&#215;1,5<\/td>\n<td align=\"center !important\">M 22&#215;1,5<\/td>\n<td align=\"center !important\">60<\/td>\n<td align=\"center !important\">132<\/td>\n<td align=\"center !important\">150\u00b0C<\/td>\n<td align=\"center !important\">302\u00b0F<\/td>\n<\/tr>\n<tr>\n<td align=\"center !important\">3.026.04.040<\/td>\n<td align=\"center !important\">30<\/td>\n<td align=\"center !important\">7,9<\/td>\n<td align=\"center !important\">250<\/td>\n<td align=\"center !important\">3626<\/td>\n<td align=\"center !important\">230<\/td>\n<td align=\"center !important\">50<\/td>\n<td align=\"center !important\">134<\/td>\n<td align=\"center !important\">464.000<\/td>\n<td align=\"center !important\">38.5<\/td>\n<td align=\"center !important\">126<\/td>\n<td align=\"center !important\">3<\/td>\n<td align=\"center !important\">0.1 in.<\/td>\n<td align=\"center !important\">2,4<\/td>\n<td align=\"center !important\">117.000<\/td>\n<td align=\"center !important\">4,6<\/td>\n<td align=\"center !important\">20<\/td>\n<td align=\"center !important\">290<\/td>\n<td align=\"center !important\">M 22&#215;1,5<\/td>\n<td align=\"center !important\">M 22&#215;1,5<\/td>\n<td align=\"center !important\">85<\/td>\n<td align=\"center !important\">187<\/td>\n<td align=\"center !important\">150\u00b0C<\/td>\n<td align=\"center !important\">302\u00b0F<\/td>\n<\/tr>\n<\/tbody>\n<\/table>\n<\/div>\n","protected":false},"excerpt":{"rendered":"<p>Calderas completas de cuadro el\u00e9ctrico: interruptor on\/off, control de llama, termostato, control agua (fluosistato y presostato), control gas (doble presostato) control ventilaci\u00f3n (presostato) y telerutor.   ALIMENTACI\u00d3N DE GPL  <\/p>\n","protected":false},"featured_media":67844,"template":"","meta":{"zakra_page_container_layout":"customizer","zakra_page_sidebar_layout":"customizer","zakra_remove_content_margin":false,"zakra_sidebar":"customizer","zakra_transparent_header":"customizer","zakra_logo":0,"zakra_main_header_style":"default","zakra_menu_item_color":"","zakra_menu_item_hover_color":"","zakra_menu_item_active_color":"","zakra_menu_active_style":"","zakra_page_header":true},"product_brand":[],"product_cat":[3629],"product_tag":[3655,3671,3687,3711,3647,3703,3663],"class_list":{"0":"post-28672","1":"product","2":"type-product","3":"status-publish","4":"has-post-thumbnail","6":"product_cat-calderas-de-gas","7":"product_tag-agricultura_es","8":"product_tag-alimentaria_es","9":"product_tag-construccion_es","10":"product_tag-industria_pesada_es","11":"product_tag-limpieza_es","12":"product_tag-sitio_de_construccion_es","13":"product_tag-tunel_de_lavado_es","15":"first","16":"instock","17":"shipping-taxable","18":"product-type-simple"},"yoast_head":"<!-- This site is optimized with the Yoast SEO plugin v27.5 - https:\/\/yoast.com\/product\/yoast-seo-wordpress\/ -->\n<title>CALDERAS DE GPL - Mazzoni<\/title>\n<meta name=\"robots\" content=\"index, follow, max-snippet:-1, max-image-preview:large, max-video-preview:-1\" \/>\n<link rel=\"canonical\" href=\"https:\/\/e-mazzoni.it\/es\/producto\/calderas-de-gpl\/\" \/>\n<meta property=\"og:locale\" content=\"es_ES\" \/>\n<meta property=\"og:type\" content=\"article\" \/>\n<meta property=\"og:title\" content=\"CALDERAS DE GPL - Mazzoni\" \/>\n<meta property=\"og:description\" content=\"Calderas completas de cuadro el\u00e9ctrico: interruptor on\/off, control de llama, termostato, control agua (fluosistato y presostato), control gas (doble presostato) control ventilaci\u00f3n (presostato) y telerutor.  ALIMENTACI\u00d3N DE GPL\" \/>\n<meta property=\"og:url\" content=\"https:\/\/e-mazzoni.it\/es\/producto\/calderas-de-gpl\/\" \/>\n<meta property=\"og:site_name\" content=\"Mazzoni\" \/>\n<meta property=\"article:modified_time\" content=\"2026-05-02T02:09:18+00:00\" \/>\n<meta property=\"og:image\" content=\"https:\/\/e-mazzoni.it\/wp-content\/uploads\/2026\/04\/DOC8814507969.jpg\" \/>\n\t<meta property=\"og:image:width\" content=\"800\" \/>\n\t<meta property=\"og:image:height\" content=\"800\" \/>\n\t<meta property=\"og:image:type\" content=\"image\/jpeg\" \/>\n<meta name=\"twitter:card\" content=\"summary_large_image\" \/>\n<meta name=\"twitter:label1\" content=\"Tiempo de lectura\" \/>\n\t<meta name=\"twitter:data1\" content=\"1 minuto\" \/>\n<!-- \/ Yoast SEO plugin. -->","yoast_head_json":{"title":"CALDERAS DE GPL - Mazzoni","robots":{"index":"index","follow":"follow","max-snippet":"max-snippet:-1","max-image-preview":"max-image-preview:large","max-video-preview":"max-video-preview:-1"},"canonical":"https:\/\/e-mazzoni.it\/es\/producto\/calderas-de-gpl\/","og_locale":"es_ES","og_type":"article","og_title":"CALDERAS DE GPL - Mazzoni","og_description":"Calderas completas de cuadro el\u00e9ctrico: interruptor on\/off, control de llama, termostato, control agua (fluosistato y presostato), control gas (doble presostato) control ventilaci\u00f3n (presostato) y telerutor.  ALIMENTACI\u00d3N DE GPL","og_url":"https:\/\/e-mazzoni.it\/es\/producto\/calderas-de-gpl\/","og_site_name":"Mazzoni","article_modified_time":"2026-05-02T02:09:18+00:00","og_image":[{"width":800,"height":800,"url":"https:\/\/e-mazzoni.it\/wp-content\/uploads\/2026\/04\/DOC8814507969.jpg","type":"image\/jpeg"}],"twitter_card":"summary_large_image","twitter_misc":{"Tiempo de lectura":"1 minuto"},"schema":{"@context":"https:\/\/schema.org","@graph":[{"@type":"WebPage","@id":"https:\/\/e-mazzoni.it\/es\/producto\/calderas-de-gpl\/","url":"https:\/\/e-mazzoni.it\/es\/producto\/calderas-de-gpl\/","name":"CALDERAS DE GPL - Mazzoni","isPartOf":{"@id":"https:\/\/e-mazzoni.it\/es\/#website"},"primaryImageOfPage":{"@id":"https:\/\/e-mazzoni.it\/es\/producto\/calderas-de-gpl\/#primaryimage"},"image":{"@id":"https:\/\/e-mazzoni.it\/es\/producto\/calderas-de-gpl\/#primaryimage"},"thumbnailUrl":"https:\/\/e-mazzoni.it\/wp-content\/uploads\/2026\/04\/DOC8814507969.jpg","datePublished":"2024-10-15T06:45:50+00:00","dateModified":"2026-05-02T02:09:18+00:00","breadcrumb":{"@id":"https:\/\/e-mazzoni.it\/es\/producto\/calderas-de-gpl\/#breadcrumb"},"inLanguage":"es","potentialAction":[{"@type":"ReadAction","target":["https:\/\/e-mazzoni.it\/es\/producto\/calderas-de-gpl\/"]}]},{"@type":"ImageObject","inLanguage":"es","@id":"https:\/\/e-mazzoni.it\/es\/producto\/calderas-de-gpl\/#primaryimage","url":"https:\/\/e-mazzoni.it\/wp-content\/uploads\/2026\/04\/DOC8814507969.jpg","contentUrl":"https:\/\/e-mazzoni.it\/wp-content\/uploads\/2026\/04\/DOC8814507969.jpg","width":800,"height":800},{"@type":"BreadcrumbList","@id":"https:\/\/e-mazzoni.it\/es\/producto\/calderas-de-gpl\/#breadcrumb","itemListElement":[{"@type":"ListItem","position":1,"name":"Home","item":"https:\/\/e-mazzoni.it\/es\/"},{"@type":"ListItem","position":2,"name":"Productos","item":"https:\/\/e-mazzoni.it\/es\/productos\/"},{"@type":"ListItem","position":3,"name":"CALDERAS DE GPL"}]},{"@type":"WebSite","@id":"https:\/\/e-mazzoni.it\/es\/#website","url":"https:\/\/e-mazzoni.it\/es\/","name":"Mazzoni","description":"Mazzoni","publisher":{"@id":"https:\/\/e-mazzoni.it\/es\/#organization"},"potentialAction":[{"@type":"SearchAction","target":{"@type":"EntryPoint","urlTemplate":"https:\/\/e-mazzoni.it\/es\/?s={search_term_string}"},"query-input":{"@type":"PropertyValueSpecification","valueRequired":true,"valueName":"search_term_string"}}],"inLanguage":"es"},{"@type":"Organization","@id":"https:\/\/e-mazzoni.it\/es\/#organization","name":"Mazzoni","url":"https:\/\/e-mazzoni.it\/es\/","logo":{"@type":"ImageObject","inLanguage":"es","@id":"https:\/\/e-mazzoni.it\/es\/#\/schema\/logo\/image\/","url":"https:\/\/e-mazzoni.it\/wp-content\/uploads\/2023\/07\/logo.png","contentUrl":"https:\/\/e-mazzoni.it\/wp-content\/uploads\/2023\/07\/logo.png","width":250,"height":109,"caption":"Mazzoni"},"image":{"@id":"https:\/\/e-mazzoni.it\/es\/#\/schema\/logo\/image\/"}}]}},"_links":{"self":[{"href":"https:\/\/e-mazzoni.it\/es\/wp-json\/wp\/v2\/product\/28672","targetHints":{"allow":["GET"]}}],"collection":[{"href":"https:\/\/e-mazzoni.it\/es\/wp-json\/wp\/v2\/product"}],"about":[{"href":"https:\/\/e-mazzoni.it\/es\/wp-json\/wp\/v2\/types\/product"}],"wp:featuredmedia":[{"embeddable":true,"href":"https:\/\/e-mazzoni.it\/es\/wp-json\/wp\/v2\/media\/67844"}],"wp:attachment":[{"href":"https:\/\/e-mazzoni.it\/es\/wp-json\/wp\/v2\/media?parent=28672"}],"wp:term":[{"taxonomy":"product_brand","embeddable":true,"href":"https:\/\/e-mazzoni.it\/es\/wp-json\/wp\/v2\/product_brand?post=28672"},{"taxonomy":"product_cat","embeddable":true,"href":"https:\/\/e-mazzoni.it\/es\/wp-json\/wp\/v2\/product_cat?post=28672"},{"taxonomy":"product_tag","embeddable":true,"href":"https:\/\/e-mazzoni.it\/es\/wp-json\/wp\/v2\/product_tag?post=28672"}],"curies":[{"name":"wp","href":"https:\/\/api.w.org\/{rel}","templated":true}]}}