{"id":28510,"date":"2024-10-15T06:44:44","date_gmt":"2024-10-15T06:44:44","guid":{"rendered":"https:\/\/e-mazzoni.it\/prodotto\/unidad-de-calefaccion-15-l-small\/"},"modified":"2026-05-02T02:05:35","modified_gmt":"2026-05-02T02:05:35","slug":"unidad-de-calefaccion-15-l-small","status":"publish","type":"product","link":"https:\/\/e-mazzoni.it\/es\/producto\/unidad-de-calefaccion-15-l-small\/","title":{"rendered":"UNIDAD DE CALEFACCION 15 L SMALL"},"content":{"rendered":"<p>Control de la llama<br \/>\nInterruptor de flujo, interruptor de nivel, interruptor de presi\u00f3n<br \/>\nLa bomba de di\u00e9sel est\u00e1 acoplada directamente al ventilador a trav\u00e9s de una junta<br \/>\nLas calderas Mazzoni de alto rendimiento y bajo consumo<br \/>\nPresi\u00f3n m\u00ednima de alimentaci\u00f3n de agua 15 bar<br \/>\nPantalla de contador y luces de alarma<br \/>\nV\u00e1lvula de seguridad<br \/>\nCuadro el\u00e9ctrico con interruptor de encendido y termostato de regulaci\u00f3n de temperatura<br \/>\nCubierta de acero inoxidable y base de acero pintado<\/p>\n<div>\n<table style=\"width: 100%\" border=\"1\" id=\"table_options\">\n<tbody>\n<tr>\n<th style=\"color: #fff\" bgcolor=\"#ea2833\">CODIGO<\/th>\n<th style=\"color: #fff\" bgcolor=\"#ea2833\">L\/MIN<\/th>\n<th style=\"color: #fff\" bgcolor=\"#ea2833\">GPM<\/th>\n<th style=\"color: #fff\" bgcolor=\"#ea2833\">BAR<\/th>\n<th style=\"color: #fff\" bgcolor=\"#ea2833\">PSI<\/th>\n<th style=\"color: #fff\" bgcolor=\"#ea2833\">VOLTIO<\/th>\n<th style=\"color: #fff\" bgcolor=\"#ea2833\">Hz<\/th>\n<th style=\"color: #fff\" bgcolor=\"#ea2833\">RENDIMIENTO (KW)<\/th>\n<th style=\"color: #fff\" bgcolor=\"#ea2833\">RENDIMIENTO (BTU)<\/th>\n<th style=\"color: #fff\" bgcolor=\"#ea2833\">LONGITUD DE SERPENTINA (MT)<\/th>\n<th style=\"color: #fff\" bgcolor=\"#ea2833\">LONGITUD DE SERPENTINA (FT)<\/th>\n<th style=\"color: #fff\" bgcolor=\"#ea2833\">ESPESOR SERPENT\u00cdN (MM)<\/th>\n<th style=\"color: #fff\" bgcolor=\"#ea2833\">ESPESOR SERPENT\u00cdN (INCH)<\/th>\n<th style=\"color: #fff\" bgcolor=\"#ea2833\">BOQUILLA DE GAS\u00d3LEO<\/th>\n<th style=\"color: #fff\" bgcolor=\"#ea2833\">A 50 HZ<\/th>\n<th style=\"color: #fff\" bgcolor=\"#ea2833\">CONSUMO DE DI\u00c9SEL (LT\/H)<\/th>\n<th style=\"color: #fff\" bgcolor=\"#ea2833\">CONSUMO DE DI\u00c9SEL (GAL\/H)<\/th>\n<th style=\"color: #fff\" bgcolor=\"#ea2833\">DEP\u00d3SITO DE GAS\u00d3LEO <\/th>\n<th style=\"color: #fff\" bgcolor=\"#ea2833\">DEP\u00d3SITO DE GAS\u00d3LEO (GAL)<\/th>\n<th style=\"color: #fff\" bgcolor=\"#ea2833\">KCAL\/H<\/th>\n<th style=\"color: #fff\" bgcolor=\"#ea2833\">MIN PRESION DE ENTRADA (BAR)<\/th>\n<th style=\"color: #fff\" bgcolor=\"#ea2833\">MIN PRESION DE ENTRADA (PSI)<\/th>\n<th style=\"color: #fff\" bgcolor=\"#ea2833\">INLET<\/th>\n<th style=\"color: #fff\" bgcolor=\"#ea2833\">OUTLET<\/th>\n<th style=\"color: #fff\" bgcolor=\"#ea2833\">PESO NETO (KG)<\/th>\n<th style=\"color: #fff\" bgcolor=\"#ea2833\">MAX TEMPERATURA SALIDA<\/th>\n<th style=\"color: #fff\" bgcolor=\"#ea2833\">MAX TEMPERATURA SALIDA (F)<\/th>\n<\/tr>\n<tr>\n<td align=\"center !important\">3.064.04.002<\/td>\n<td align=\"center !important\">15<\/td>\n<td align=\"center !important\">3,9<\/td>\n<td align=\"center !important\">250<\/td>\n<td align=\"center !important\">3626<\/td>\n<td align=\"center !important\">230<\/td>\n<td align=\"center !important\">50<\/td>\n<td align=\"center !important\">58,15<\/td>\n<td align=\"center !important\">198.000<\/td>\n<td align=\"center !important\">24<\/td>\n<td align=\"center !important\">82<\/td>\n<td align=\"center !important\">2,3<\/td>\n<td align=\"center !important\">0.1 in.<\/td>\n<td align=\"center !important\">1,25<\/td>\n<td align=\"center !important\">2,36<\/td>\n<td align=\"center !important\">4,70<\/td>\n<td align=\"center !important\">1,25<\/td>\n<td align=\"center !important\">16 L<\/td>\n<td align=\"center !important\">4,2 gal<\/td>\n<td align=\"center !important\">46.000<\/td>\n<td align=\"center !important\">20<\/td>\n<td align=\"center !important\">290<\/td>\n<td align=\"center !important\">G 1\/2&#8243;<\/td>\n<td align=\"center !important\">G 1\/2&#8243;<\/td>\n<td align=\"center !important\">85<\/td>\n<td align=\"center !important\">150\u00b0C<\/td>\n<td align=\"center !important\">302\u00b0F<\/td>\n<\/tr>\n<\/tbody>\n<\/table>\n<\/div>\n","protected":false},"excerpt":{"rendered":"<p>La Firebox Mazzoni genera agua caliente a trav\u00e9s de una caldera di\u00e9sel situada en su interior. Puede ser alimentado tambi\u00e9n por una simple bomba, lo importante es que la presi\u00f3n sea de al menos 15 bar. Para hacer funcionar el motor, solo hay que conectar la corriente el\u00e9ctrica y el gas\u00f3leo a la caldera. Calienta el agua fr\u00eda hasta 150\u00b0 C, indispensable cuando se necesita agua caliente para lavados m\u00e1s eficaces o para usos particulares en agricultura, ganader\u00eda, industrias, piscinas, etc. Puede ser alimentado en diferentes voltajes (12-24-230-400 Volts). La bomba de gas\u00f3leo est\u00e1 acoplada directamente al ventilador a trav\u00e9s de una junta. Las calderas de producci\u00f3n Mazzoni son de alto rendimiento y bajo consumo. Los valores de las emisiones de gases son m\u00e1s bajos que los exigidos por las recientes normativas europeas. La estructura de la caldera es de acero inoxidable en el exterior y el tubo utilizado es de 3\/8\\&#8221;. Cubierta de acero inoxidable y base de acero pintado, suministrado con tanque de gas\u00f3leo 17L y nivel insertado en la estructura. Seguridad presente: v\u00e1lvula de seguridad, control de flujo para falta de agua.<\/p>\n","protected":false},"featured_media":67785,"template":"","meta":{"zakra_page_container_layout":"customizer","zakra_page_sidebar_layout":"customizer","zakra_remove_content_margin":false,"zakra_sidebar":"customizer","zakra_transparent_header":"customizer","zakra_logo":0,"zakra_main_header_style":"default","zakra_menu_item_color":"","zakra_menu_item_hover_color":"","zakra_menu_item_active_color":"","zakra_menu_active_style":"","zakra_page_header":true},"product_brand":[],"product_cat":[3614],"product_tag":[3655,3671,3687,3711,3647,3703,3663],"class_list":{"0":"post-28510","1":"product","2":"type-product","3":"status-publish","4":"has-post-thumbnail","6":"product_cat-unidad-de-calefaccion","7":"product_tag-agricultura_es","8":"product_tag-alimentaria_es","9":"product_tag-construccion_es","10":"product_tag-industria_pesada_es","11":"product_tag-limpieza_es","12":"product_tag-sitio_de_construccion_es","13":"product_tag-tunel_de_lavado_es","15":"first","16":"instock","17":"shipping-taxable","18":"product-type-simple"},"yoast_head":"<!-- This site is optimized with the Yoast SEO plugin v27.5 - https:\/\/yoast.com\/product\/yoast-seo-wordpress\/ -->\n<title>UNIDAD DE CALEFACCION 15 L SMALL - Mazzoni<\/title>\n<meta name=\"robots\" content=\"index, follow, max-snippet:-1, max-image-preview:large, max-video-preview:-1\" \/>\n<link rel=\"canonical\" href=\"https:\/\/e-mazzoni.it\/es\/producto\/unidad-de-calefaccion-15-l-small\/\" \/>\n<meta property=\"og:locale\" content=\"es_ES\" \/>\n<meta property=\"og:type\" content=\"article\" \/>\n<meta property=\"og:title\" content=\"UNIDAD DE CALEFACCION 15 L SMALL - Mazzoni\" \/>\n<meta property=\"og:description\" content=\"La Firebox Mazzoni genera agua caliente a trav\u00e9s de una caldera di\u00e9sel situada en su interior. Puede ser alimentado tambi\u00e9n por una simple bomba, lo importante es que la presi\u00f3n sea de al menos 15 bar. Para hacer funcionar el motor, solo hay que conectar la corriente el\u00e9ctrica y el gas\u00f3leo a la caldera. Calienta el agua fr\u00eda hasta 150\u00b0 C, indispensable cuando se necesita agua caliente para lavados m\u00e1s eficaces o para usos particulares en agricultura, ganader\u00eda, industrias, piscinas, etc. Puede ser alimentado en diferentes voltajes (12-24-230-400 Volts). La bomba de gas\u00f3leo est\u00e1 acoplada directamente al ventilador a trav\u00e9s de una junta. Las calderas de producci\u00f3n Mazzoni son de alto rendimiento y bajo consumo. Los valores de las emisiones de gases son m\u00e1s bajos que los exigidos por las recientes normativas europeas. La estructura de la caldera es de acero inoxidable en el exterior y el tubo utilizado es de 3\/8&quot;. Cubierta de acero inoxidable y base de acero pintado, suministrado con tanque de gas\u00f3leo 17L y nivel insertado en la estructura. Seguridad presente: v\u00e1lvula de seguridad, control de flujo para falta de agua.\" \/>\n<meta property=\"og:url\" content=\"https:\/\/e-mazzoni.it\/es\/producto\/unidad-de-calefaccion-15-l-small\/\" \/>\n<meta property=\"og:site_name\" content=\"Mazzoni\" \/>\n<meta property=\"article:modified_time\" content=\"2026-05-02T02:05:35+00:00\" \/>\n<meta property=\"og:image\" content=\"https:\/\/e-mazzoni.it\/wp-content\/uploads\/2026\/04\/DOC5769283506.jpg\" \/>\n\t<meta property=\"og:image:width\" content=\"800\" \/>\n\t<meta property=\"og:image:height\" content=\"800\" \/>\n\t<meta property=\"og:image:type\" content=\"image\/jpeg\" \/>\n<meta name=\"twitter:card\" content=\"summary_large_image\" \/>\n<meta name=\"twitter:label1\" content=\"Tiempo de lectura\" \/>\n\t<meta name=\"twitter:data1\" content=\"1 minuto\" \/>\n<!-- \/ Yoast SEO plugin. -->","yoast_head_json":{"title":"UNIDAD DE CALEFACCION 15 L SMALL - Mazzoni","robots":{"index":"index","follow":"follow","max-snippet":"max-snippet:-1","max-image-preview":"max-image-preview:large","max-video-preview":"max-video-preview:-1"},"canonical":"https:\/\/e-mazzoni.it\/es\/producto\/unidad-de-calefaccion-15-l-small\/","og_locale":"es_ES","og_type":"article","og_title":"UNIDAD DE CALEFACCION 15 L SMALL - Mazzoni","og_description":"La Firebox Mazzoni genera agua caliente a trav\u00e9s de una caldera di\u00e9sel situada en su interior. Puede ser alimentado tambi\u00e9n por una simple bomba, lo importante es que la presi\u00f3n sea de al menos 15 bar. Para hacer funcionar el motor, solo hay que conectar la corriente el\u00e9ctrica y el gas\u00f3leo a la caldera. Calienta el agua fr\u00eda hasta 150\u00b0 C, indispensable cuando se necesita agua caliente para lavados m\u00e1s eficaces o para usos particulares en agricultura, ganader\u00eda, industrias, piscinas, etc. Puede ser alimentado en diferentes voltajes (12-24-230-400 Volts). La bomba de gas\u00f3leo est\u00e1 acoplada directamente al ventilador a trav\u00e9s de una junta. Las calderas de producci\u00f3n Mazzoni son de alto rendimiento y bajo consumo. Los valores de las emisiones de gases son m\u00e1s bajos que los exigidos por las recientes normativas europeas. La estructura de la caldera es de acero inoxidable en el exterior y el tubo utilizado es de 3\/8\". Cubierta de acero inoxidable y base de acero pintado, suministrado con tanque de gas\u00f3leo 17L y nivel insertado en la estructura. Seguridad presente: v\u00e1lvula de seguridad, control de flujo para falta de agua.","og_url":"https:\/\/e-mazzoni.it\/es\/producto\/unidad-de-calefaccion-15-l-small\/","og_site_name":"Mazzoni","article_modified_time":"2026-05-02T02:05:35+00:00","og_image":[{"width":800,"height":800,"url":"https:\/\/e-mazzoni.it\/wp-content\/uploads\/2026\/04\/DOC5769283506.jpg","type":"image\/jpeg"}],"twitter_card":"summary_large_image","twitter_misc":{"Tiempo de lectura":"1 minuto"},"schema":{"@context":"https:\/\/schema.org","@graph":[{"@type":"WebPage","@id":"https:\/\/e-mazzoni.it\/es\/producto\/unidad-de-calefaccion-15-l-small\/","url":"https:\/\/e-mazzoni.it\/es\/producto\/unidad-de-calefaccion-15-l-small\/","name":"UNIDAD DE CALEFACCION 15 L SMALL - Mazzoni","isPartOf":{"@id":"https:\/\/e-mazzoni.it\/es\/#website"},"primaryImageOfPage":{"@id":"https:\/\/e-mazzoni.it\/es\/producto\/unidad-de-calefaccion-15-l-small\/#primaryimage"},"image":{"@id":"https:\/\/e-mazzoni.it\/es\/producto\/unidad-de-calefaccion-15-l-small\/#primaryimage"},"thumbnailUrl":"https:\/\/e-mazzoni.it\/wp-content\/uploads\/2026\/04\/DOC5769283506.jpg","datePublished":"2024-10-15T06:44:44+00:00","dateModified":"2026-05-02T02:05:35+00:00","breadcrumb":{"@id":"https:\/\/e-mazzoni.it\/es\/producto\/unidad-de-calefaccion-15-l-small\/#breadcrumb"},"inLanguage":"es","potentialAction":[{"@type":"ReadAction","target":["https:\/\/e-mazzoni.it\/es\/producto\/unidad-de-calefaccion-15-l-small\/"]}]},{"@type":"ImageObject","inLanguage":"es","@id":"https:\/\/e-mazzoni.it\/es\/producto\/unidad-de-calefaccion-15-l-small\/#primaryimage","url":"https:\/\/e-mazzoni.it\/wp-content\/uploads\/2026\/04\/DOC5769283506.jpg","contentUrl":"https:\/\/e-mazzoni.it\/wp-content\/uploads\/2026\/04\/DOC5769283506.jpg","width":800,"height":800},{"@type":"BreadcrumbList","@id":"https:\/\/e-mazzoni.it\/es\/producto\/unidad-de-calefaccion-15-l-small\/#breadcrumb","itemListElement":[{"@type":"ListItem","position":1,"name":"Home","item":"https:\/\/e-mazzoni.it\/es\/"},{"@type":"ListItem","position":2,"name":"Productos","item":"https:\/\/e-mazzoni.it\/es\/productos\/"},{"@type":"ListItem","position":3,"name":"UNIDAD DE CALEFACCION 15 L SMALL"}]},{"@type":"WebSite","@id":"https:\/\/e-mazzoni.it\/es\/#website","url":"https:\/\/e-mazzoni.it\/es\/","name":"Mazzoni","description":"Mazzoni","publisher":{"@id":"https:\/\/e-mazzoni.it\/es\/#organization"},"potentialAction":[{"@type":"SearchAction","target":{"@type":"EntryPoint","urlTemplate":"https:\/\/e-mazzoni.it\/es\/?s={search_term_string}"},"query-input":{"@type":"PropertyValueSpecification","valueRequired":true,"valueName":"search_term_string"}}],"inLanguage":"es"},{"@type":"Organization","@id":"https:\/\/e-mazzoni.it\/es\/#organization","name":"Mazzoni","url":"https:\/\/e-mazzoni.it\/es\/","logo":{"@type":"ImageObject","inLanguage":"es","@id":"https:\/\/e-mazzoni.it\/es\/#\/schema\/logo\/image\/","url":"https:\/\/e-mazzoni.it\/wp-content\/uploads\/2023\/07\/logo.png","contentUrl":"https:\/\/e-mazzoni.it\/wp-content\/uploads\/2023\/07\/logo.png","width":250,"height":109,"caption":"Mazzoni"},"image":{"@id":"https:\/\/e-mazzoni.it\/es\/#\/schema\/logo\/image\/"}}]}},"_links":{"self":[{"href":"https:\/\/e-mazzoni.it\/es\/wp-json\/wp\/v2\/product\/28510","targetHints":{"allow":["GET"]}}],"collection":[{"href":"https:\/\/e-mazzoni.it\/es\/wp-json\/wp\/v2\/product"}],"about":[{"href":"https:\/\/e-mazzoni.it\/es\/wp-json\/wp\/v2\/types\/product"}],"wp:featuredmedia":[{"embeddable":true,"href":"https:\/\/e-mazzoni.it\/es\/wp-json\/wp\/v2\/media\/67785"}],"wp:attachment":[{"href":"https:\/\/e-mazzoni.it\/es\/wp-json\/wp\/v2\/media?parent=28510"}],"wp:term":[{"taxonomy":"product_brand","embeddable":true,"href":"https:\/\/e-mazzoni.it\/es\/wp-json\/wp\/v2\/product_brand?post=28510"},{"taxonomy":"product_cat","embeddable":true,"href":"https:\/\/e-mazzoni.it\/es\/wp-json\/wp\/v2\/product_cat?post=28510"},{"taxonomy":"product_tag","embeddable":true,"href":"https:\/\/e-mazzoni.it\/es\/wp-json\/wp\/v2\/product_tag?post=28510"}],"curies":[{"name":"wp","href":"https:\/\/api.w.org\/{rel}","templated":true}]}}