{"id":28502,"date":"2024-10-15T06:44:31","date_gmt":"2024-10-15T06:44:31","guid":{"rendered":"https:\/\/e-mazzoni.it\/prodotto\/ph-industrial\/"},"modified":"2026-05-02T02:04:09","modified_gmt":"2026-05-02T02:04:09","slug":"ph-industrial","status":"publish","type":"product","link":"https:\/\/e-mazzoni.it\/es\/producto\/ph-industrial\/","title":{"rendered":"PH INDUSTRIAL"},"content":{"rendered":"<p>Pr\u00e1ctica, robusta y profesional. Hidrolavadora ideal para todos los profesionales y empresas donde la calidad de la limpieza es un factor importante. Est\u00e1n dise\u00f1adas para:<br \/>\n\u2022 reducir el consumo y las emisiones, garantizados por motores y calderas de alto rendimiento construidos directamente por Mazzoni;<br \/>\n\u2022 mantener constante su potencia y caudal de agua incluso en situaciones y trabajos que requieran un uso continuo y prolongado<\/p>\n<p>CARACTER\u00cdSTICAS T\u00c9CNICAS:<\/p>\n<p>Motor el\u00e9ctrico as\u00edncrono serie MEC servicio continuo, S1 con protecci\u00f3n t\u00e9rmica integrada en los devanados. Junta el\u00e1stica.<br \/>\nBomba profesional Mazzoni en l\u00ednea (con bielas) con cabeza de lat\u00f3n y tres pistones en cer\u00e1mica.<br \/>\nCable el\u00e9ctrico 5 m<br \/>\nTubo de alta presi\u00f3n 10 mt<br \/>\nTanque de alimentaci\u00f3n de agua 3 litros con flotador<br \/>\nV\u00e1lvula de derivaci\u00f3n autom\u00e1tica con regulaci\u00f3n de presi\u00f3n<br \/>\nV\u00e1lvula de seguridad para sobrepresiones<br \/>\nIndicadores de control de tensi\u00f3n y reserva de gas\u00f3leo<br \/>\nDispositivo anti cal con dep\u00f3sito de 1 L.<br \/>\nDep\u00f3sito de detergente 10 L<br \/>\nDep\u00f3sito de gas\u00f3leo 45 L<br \/>\nLanza INOX con pistola autom\u00e1tica y conexi\u00f3n r\u00e1pida para los accesorios<br \/>\nCabezal con boquilla de acero templado y aspiraci\u00f3n de limpieza a alta presi\u00f3n<br \/>\nMarco de acero pintado<br \/>\nCaldera INOX con serpent\u00edn en tubo de acero parada del quemador en caso de falta de agua<br \/>\nVentilador con motor independiente<br \/>\nTermostato de regulaci\u00f3n de la temperatura del agua<br \/>\nBomba de combustible antigripamiento.<br \/>\nControl de nivel de combustible<br \/>\nSistema TST\/DSS<br \/>\nControl de la llama<br \/>\nLuz indicadora de asistencia tras 500 horas de trabajo.<br \/>\nFreno de estacionamiento<br \/>\nPantalla del contador<\/p>\n<div>\n<table style=\"width: 100%\" border=\"1\" id=\"table_options\">\n<tbody>\n<tr>\n<th style=\"color: #fff\" bgcolor=\"#ea2833\">CODIGO<\/th>\n<th style=\"color: #fff\" bgcolor=\"#ea2833\">MODELO<\/th>\n<th style=\"color: #fff\" bgcolor=\"#ea2833\">L\/MIN &#8211; 1450 RPM<\/th>\n<th style=\"color: #fff\" bgcolor=\"#ea2833\">GPM &#8211; 1450 RPM<\/th>\n<th style=\"color: #fff\" bgcolor=\"#ea2833\">BAR<\/th>\n<th style=\"color: #fff\" bgcolor=\"#ea2833\">PSI<\/th>\n<th style=\"color: #fff\" bgcolor=\"#ea2833\">RPM 50 HZ<\/th>\n<th style=\"color: #fff\" bgcolor=\"#ea2833\">HP<\/th>\n<th style=\"color: #fff\" bgcolor=\"#ea2833\">KW<\/th>\n<th style=\"color: #fff\" bgcolor=\"#ea2833\">VOLTIO<\/th>\n<th style=\"color: #fff\" bgcolor=\"#ea2833\">Hz<\/th>\n<th style=\"color: #fff\" bgcolor=\"#ea2833\">FASE<\/th>\n<th style=\"color: #fff\" bgcolor=\"#ea2833\">A 50 HZ<\/th>\n<th style=\"color: #fff\" bgcolor=\"#ea2833\">BOQUILLA DE AGUA<\/th>\n<th style=\"color: #fff\" bgcolor=\"#ea2833\">KCAL\/H<\/th>\n<th style=\"color: #fff\" bgcolor=\"#ea2833\">DEP\u00d3SITO DE GAS\u00d3LEO <\/th>\n<th style=\"color: #fff\" bgcolor=\"#ea2833\">DEP\u00d3SITO DE GAS\u00d3LEO (GAL)<\/th>\n<th style=\"color: #fff\" bgcolor=\"#ea2833\">TANQUE ANTICAL<\/th>\n<th style=\"color: #fff\" bgcolor=\"#ea2833\">TANQUE ANTICAL (GAL)<\/th>\n<th style=\"color: #fff\" bgcolor=\"#ea2833\">TANQUE DE LIMPIEZA<\/th>\n<th style=\"color: #fff\" bgcolor=\"#ea2833\">TANQUE DE LIMPIEZA (GAL)<\/th>\n<th style=\"color: #fff\" bgcolor=\"#ea2833\">MAX TEMPERATURA SALIDA<\/th>\n<th style=\"color: #fff\" bgcolor=\"#ea2833\">MAX TEMPERATURA SALIDA (F)<\/th>\n<\/tr>\n<tr>\n<td align=\"center !important\">3.023.24.353<\/td>\n<td align=\"center !important\">PH3025<\/td>\n<td align=\"center !important\">11<\/td>\n<td align=\"center !important\">2,91<\/td>\n<td align=\"center !important\">140<\/td>\n<td align=\"center !important\">2000<\/td>\n<td align=\"center !important\">1450<\/td>\n<td align=\"center !important\">3,2<\/td>\n<td align=\"center !important\">2,4<\/td>\n<td align=\"center !important\">230<\/td>\n<td align=\"center !important\">50<\/td>\n<td align=\"center !important\">1<\/td>\n<td align=\"center !important\">12,5<\/td>\n<td align=\"center !important\">1505<\/td>\n<td align=\"center !important\">50.000<\/td>\n<td align=\"center !important\">45L<\/td>\n<td align=\"center !important\">11.8 gal<\/td>\n<td align=\"center !important\">1L<\/td>\n<td align=\"center !important\">0.26 gal<\/td>\n<td align=\"center !important\">10L<\/td>\n<td align=\"center !important\">2.6 gal<\/td>\n<td align=\"center !important\">150\u00b0C<\/td>\n<td align=\"center !important\">302\u00b0F<\/td>\n<\/tr>\n<tr>\n<td align=\"center !important\">3.023.24.354<\/td>\n<td align=\"center !important\">PH3040<\/td>\n<td align=\"center !important\">13<\/td>\n<td align=\"center !important\">3,5<\/td>\n<td align=\"center !important\">140<\/td>\n<td align=\"center !important\">2030<\/td>\n<td align=\"center !important\">1450<\/td>\n<td align=\"center !important\">4,3<\/td>\n<td align=\"center !important\">3,2<\/td>\n<td align=\"center !important\">230<\/td>\n<td align=\"center !important\">50<\/td>\n<td align=\"center !important\">1<\/td>\n<td align=\"center !important\">17,1<\/td>\n<td align=\"center !important\">15065<\/td>\n<td align=\"center !important\">50.000<\/td>\n<td align=\"center !important\">45L<\/td>\n<td align=\"center !important\">11.9 gal<\/td>\n<td align=\"center !important\">1L<\/td>\n<td align=\"center !important\">0.26 gal<\/td>\n<td align=\"center !important\">10L<\/td>\n<td align=\"center !important\">2.6 gal<\/td>\n<td align=\"center !important\">150\u00b0C<\/td>\n<td align=\"center !important\">302\u00b0F<\/td>\n<\/tr>\n<tr>\n<td align=\"center !important\">3.023.24.329<\/td>\n<td align=\"center !important\">PH4000<\/td>\n<td align=\"center !important\">15<\/td>\n<td align=\"center !important\">3,9<\/td>\n<td align=\"center !important\">200<\/td>\n<td align=\"center !important\">2900<\/td>\n<td align=\"center !important\">1450<\/td>\n<td align=\"center !important\">7,7<\/td>\n<td align=\"center !important\">5,7<\/td>\n<td align=\"center !important\">400<\/td>\n<td align=\"center !important\">50<\/td>\n<td align=\"center !important\">3<\/td>\n<td align=\"center !important\">11,7<\/td>\n<td align=\"center !important\">15045<\/td>\n<td align=\"center !important\">50.000<\/td>\n<td align=\"center !important\">45L<\/td>\n<td align=\"center !important\">11.9 gal<\/td>\n<td align=\"center !important\">1L<\/td>\n<td align=\"center !important\">0.25 gal<\/td>\n<td align=\"center !important\">10L<\/td>\n<td align=\"center !important\">2.6 gal<\/td>\n<td align=\"center !important\">150\u00b0C<\/td>\n<td align=\"center !important\">302\u00b0F<\/td>\n<\/tr>\n<\/tbody>\n<\/table>\n<\/div>\n","protected":false},"excerpt":{"rendered":"<p>Hidropulidora profesional. Compacta, manejable, ideal para cualquier necesidad de limpieza exterior, vers\u00e1til y de alto rendimiento.<\/p>\n<p>Uso recomendado: Lavados de coches, talleres, \u00e1reas de servicio, concesionarios, agricultura, transporte, pescader\u00edas etc.<\/p>\n","protected":false},"featured_media":67765,"template":"","meta":{"zakra_page_container_layout":"customizer","zakra_page_sidebar_layout":"customizer","zakra_remove_content_margin":false,"zakra_sidebar":"customizer","zakra_transparent_header":"customizer","zakra_logo":0,"zakra_main_header_style":"default","zakra_menu_item_color":"","zakra_menu_item_hover_color":"","zakra_menu_item_active_color":"","zakra_menu_active_style":"","zakra_page_header":true},"product_brand":[],"product_cat":[3609],"product_tag":[3647],"class_list":{"0":"post-28502","1":"product","2":"type-product","3":"status-publish","4":"has-post-thumbnail","6":"product_cat-limpiadoras-de-alta-presion-en-caliente","7":"product_tag-limpieza_es","9":"first","10":"instock","11":"shipping-taxable","12":"product-type-simple"},"yoast_head":"<!-- This site is optimized with the Yoast SEO plugin v27.5 - https:\/\/yoast.com\/product\/yoast-seo-wordpress\/ -->\n<title>PH INDUSTRIAL - Mazzoni<\/title>\n<meta name=\"robots\" content=\"index, follow, max-snippet:-1, max-image-preview:large, max-video-preview:-1\" \/>\n<link rel=\"canonical\" href=\"https:\/\/e-mazzoni.it\/es\/producto\/ph-industrial\/\" \/>\n<meta property=\"og:locale\" content=\"es_ES\" \/>\n<meta property=\"og:type\" content=\"article\" \/>\n<meta property=\"og:title\" content=\"PH INDUSTRIAL - Mazzoni\" \/>\n<meta property=\"og:description\" content=\"Hidropulidora profesional. Compacta, manejable, ideal para cualquier necesidad de limpieza exterior, vers\u00e1til y de alto rendimiento.   Uso recomendado: Lavados de coches, talleres, \u00e1reas de servicio, concesionarios, agricultura, transporte, pescader\u00edas etc.\" \/>\n<meta property=\"og:url\" content=\"https:\/\/e-mazzoni.it\/es\/producto\/ph-industrial\/\" \/>\n<meta property=\"og:site_name\" content=\"Mazzoni\" \/>\n<meta property=\"article:modified_time\" content=\"2026-05-02T02:04:09+00:00\" \/>\n<meta property=\"og:image\" content=\"https:\/\/e-mazzoni.it\/wp-content\/uploads\/2026\/04\/DOC0717132521.jpg\" \/>\n\t<meta property=\"og:image:width\" content=\"800\" \/>\n\t<meta property=\"og:image:height\" content=\"800\" \/>\n\t<meta property=\"og:image:type\" content=\"image\/jpeg\" \/>\n<meta name=\"twitter:card\" content=\"summary_large_image\" \/>\n<meta name=\"twitter:label1\" content=\"Tiempo de lectura\" \/>\n\t<meta name=\"twitter:data1\" content=\"2 minutos\" \/>\n<!-- \/ Yoast SEO plugin. -->","yoast_head_json":{"title":"PH INDUSTRIAL - Mazzoni","robots":{"index":"index","follow":"follow","max-snippet":"max-snippet:-1","max-image-preview":"max-image-preview:large","max-video-preview":"max-video-preview:-1"},"canonical":"https:\/\/e-mazzoni.it\/es\/producto\/ph-industrial\/","og_locale":"es_ES","og_type":"article","og_title":"PH INDUSTRIAL - Mazzoni","og_description":"Hidropulidora profesional. Compacta, manejable, ideal para cualquier necesidad de limpieza exterior, vers\u00e1til y de alto rendimiento.   Uso recomendado: Lavados de coches, talleres, \u00e1reas de servicio, concesionarios, agricultura, transporte, pescader\u00edas etc.","og_url":"https:\/\/e-mazzoni.it\/es\/producto\/ph-industrial\/","og_site_name":"Mazzoni","article_modified_time":"2026-05-02T02:04:09+00:00","og_image":[{"width":800,"height":800,"url":"https:\/\/e-mazzoni.it\/wp-content\/uploads\/2026\/04\/DOC0717132521.jpg","type":"image\/jpeg"}],"twitter_card":"summary_large_image","twitter_misc":{"Tiempo de lectura":"2 minutos"},"schema":{"@context":"https:\/\/schema.org","@graph":[{"@type":"WebPage","@id":"https:\/\/e-mazzoni.it\/es\/producto\/ph-industrial\/","url":"https:\/\/e-mazzoni.it\/es\/producto\/ph-industrial\/","name":"PH INDUSTRIAL - Mazzoni","isPartOf":{"@id":"https:\/\/e-mazzoni.it\/es\/#website"},"primaryImageOfPage":{"@id":"https:\/\/e-mazzoni.it\/es\/producto\/ph-industrial\/#primaryimage"},"image":{"@id":"https:\/\/e-mazzoni.it\/es\/producto\/ph-industrial\/#primaryimage"},"thumbnailUrl":"https:\/\/e-mazzoni.it\/wp-content\/uploads\/2026\/04\/DOC0717132521.jpg","datePublished":"2024-10-15T06:44:31+00:00","dateModified":"2026-05-02T02:04:09+00:00","breadcrumb":{"@id":"https:\/\/e-mazzoni.it\/es\/producto\/ph-industrial\/#breadcrumb"},"inLanguage":"es","potentialAction":[{"@type":"ReadAction","target":["https:\/\/e-mazzoni.it\/es\/producto\/ph-industrial\/"]}]},{"@type":"ImageObject","inLanguage":"es","@id":"https:\/\/e-mazzoni.it\/es\/producto\/ph-industrial\/#primaryimage","url":"https:\/\/e-mazzoni.it\/wp-content\/uploads\/2026\/04\/DOC0717132521.jpg","contentUrl":"https:\/\/e-mazzoni.it\/wp-content\/uploads\/2026\/04\/DOC0717132521.jpg","width":800,"height":800},{"@type":"BreadcrumbList","@id":"https:\/\/e-mazzoni.it\/es\/producto\/ph-industrial\/#breadcrumb","itemListElement":[{"@type":"ListItem","position":1,"name":"Home","item":"https:\/\/e-mazzoni.it\/es\/"},{"@type":"ListItem","position":2,"name":"Productos","item":"https:\/\/e-mazzoni.it\/es\/productos\/"},{"@type":"ListItem","position":3,"name":"PH INDUSTRIAL"}]},{"@type":"WebSite","@id":"https:\/\/e-mazzoni.it\/es\/#website","url":"https:\/\/e-mazzoni.it\/es\/","name":"Mazzoni","description":"Mazzoni","publisher":{"@id":"https:\/\/e-mazzoni.it\/es\/#organization"},"potentialAction":[{"@type":"SearchAction","target":{"@type":"EntryPoint","urlTemplate":"https:\/\/e-mazzoni.it\/es\/?s={search_term_string}"},"query-input":{"@type":"PropertyValueSpecification","valueRequired":true,"valueName":"search_term_string"}}],"inLanguage":"es"},{"@type":"Organization","@id":"https:\/\/e-mazzoni.it\/es\/#organization","name":"Mazzoni","url":"https:\/\/e-mazzoni.it\/es\/","logo":{"@type":"ImageObject","inLanguage":"es","@id":"https:\/\/e-mazzoni.it\/es\/#\/schema\/logo\/image\/","url":"https:\/\/e-mazzoni.it\/wp-content\/uploads\/2023\/07\/logo.png","contentUrl":"https:\/\/e-mazzoni.it\/wp-content\/uploads\/2023\/07\/logo.png","width":250,"height":109,"caption":"Mazzoni"},"image":{"@id":"https:\/\/e-mazzoni.it\/es\/#\/schema\/logo\/image\/"}}]}},"_links":{"self":[{"href":"https:\/\/e-mazzoni.it\/es\/wp-json\/wp\/v2\/product\/28502","targetHints":{"allow":["GET"]}}],"collection":[{"href":"https:\/\/e-mazzoni.it\/es\/wp-json\/wp\/v2\/product"}],"about":[{"href":"https:\/\/e-mazzoni.it\/es\/wp-json\/wp\/v2\/types\/product"}],"wp:featuredmedia":[{"embeddable":true,"href":"https:\/\/e-mazzoni.it\/es\/wp-json\/wp\/v2\/media\/67765"}],"wp:attachment":[{"href":"https:\/\/e-mazzoni.it\/es\/wp-json\/wp\/v2\/media?parent=28502"}],"wp:term":[{"taxonomy":"product_brand","embeddable":true,"href":"https:\/\/e-mazzoni.it\/es\/wp-json\/wp\/v2\/product_brand?post=28502"},{"taxonomy":"product_cat","embeddable":true,"href":"https:\/\/e-mazzoni.it\/es\/wp-json\/wp\/v2\/product_cat?post=28502"},{"taxonomy":"product_tag","embeddable":true,"href":"https:\/\/e-mazzoni.it\/es\/wp-json\/wp\/v2\/product_tag?post=28502"}],"curies":[{"name":"wp","href":"https:\/\/api.w.org\/{rel}","templated":true}]}}