{"id":28494,"date":"2024-10-15T06:44:19","date_gmt":"2024-10-15T06:44:19","guid":{"rendered":"https:\/\/e-mazzoni.it\/prodotto\/ph2000-semiprofessional\/"},"modified":"2026-05-02T02:02:44","modified_gmt":"2026-05-02T02:02:44","slug":"ph2000-semiprofessional","status":"publish","type":"product","link":"https:\/\/e-mazzoni.it\/es\/producto\/ph2000-semiprofessional\/","title":{"rendered":"PH2000 SEMIPROFESSIONAL"},"content":{"rendered":"<p>Halbprofessioneller Hochdruckreiniger. Kompakt, handlich, ideal f\u00fcr alle Outdoor-Reinigungsanforderungen, vielseitig und leistungsstark.<\/p>\n<p>TECHNISCHE MERKMALE<\/p>\n<p>Wartungsfreier elektrischer Motor, asynchron (b\u00fcrstenlos), Serie MEC, kontinuierlicher Betrieb, S1 mit integriertem W\u00e4rmeschutz an den Wicklungen<br \/>\nHalbprofessionelle Axialpumpe mit Messingkopf und drei Stahlkolben mit keramischer F\u00fcllung<br \/>\nStromkabel 5 mt.<br \/>\nAutomatisches Bypass-Ventil<br \/>\nHochdruckschlauch 8 m<br \/>\nLanze aus INOX-Stahl mit automatischer Pistole und Schnellkupplung f\u00fcr Zubeh\u00f6r<br \/>\nEinstellbarer Kopf mit geh\u00e4rteter Stahld\u00fcse und Reinigungssaugung bei niedrigem Druck<br \/>\nThermostat zur Regelung der Wassertemperatur<br \/>\nKessel mit Stahlrohrschlange und Brennersicherung bei Wassermangel<br \/>\nSchwimmer Ebene Diesel-Kontrolle<br \/>\nEntstauungsschutz f\u00fcr Dieselpumpe<br \/>\nSystem TSD<br \/>\nReinigungsbeh\u00e4lter 8 L<br \/>\nDieseltank 18 L<\/p>\n<div>\n<table style=\"width: 100%\" border=\"1\" id=\"table_options\">\n<tbody>\n<tr>\n<th style=\"color: #fff\" bgcolor=\"#ea2833\">CODIGO<\/th>\n<th style=\"color: #fff\" bgcolor=\"#ea2833\">MODELO<\/th>\n<th style=\"color: #fff\" bgcolor=\"#ea2833\">L\/MIN &#8211; 1450 RPM<\/th>\n<th style=\"color: #fff\" bgcolor=\"#ea2833\">GPM &#8211; 1450 RPM<\/th>\n<th style=\"color: #fff\" bgcolor=\"#ea2833\">BAR<\/th>\n<th style=\"color: #fff\" bgcolor=\"#ea2833\">PSI<\/th>\n<th style=\"color: #fff\" bgcolor=\"#ea2833\">RPM 50 HZ<\/th>\n<th style=\"color: #fff\" bgcolor=\"#ea2833\">HP<\/th>\n<th style=\"color: #fff\" bgcolor=\"#ea2833\">KW<\/th>\n<th style=\"color: #fff\" bgcolor=\"#ea2833\">VOLTIO<\/th>\n<th style=\"color: #fff\" bgcolor=\"#ea2833\">Hz<\/th>\n<th style=\"color: #fff\" bgcolor=\"#ea2833\">FASE<\/th>\n<th style=\"color: #fff\" bgcolor=\"#ea2833\">A 50 HZ<\/th>\n<th style=\"color: #fff\" bgcolor=\"#ea2833\">BOQUILLA DE AGUA<\/th>\n<th style=\"color: #fff\" bgcolor=\"#ea2833\">KCAL\/H<\/th>\n<th style=\"color: #fff\" bgcolor=\"#ea2833\">DEP\u00d3SITO DE GAS\u00d3LEO <\/th>\n<th style=\"color: #fff\" bgcolor=\"#ea2833\">DEP\u00d3SITO DE GAS\u00d3LEO (GAL)<\/th>\n<th style=\"color: #fff\" bgcolor=\"#ea2833\">TANQUE ANTICAL<\/th>\n<th style=\"color: #fff\" bgcolor=\"#ea2833\">TANQUE ANTICAL (GAL)<\/th>\n<th style=\"color: #fff\" bgcolor=\"#ea2833\">TANQUE DE LIMPIEZA<\/th>\n<th style=\"color: #fff\" bgcolor=\"#ea2833\">TANQUE DE LIMPIEZA (GAL)<\/th>\n<th style=\"color: #fff\" bgcolor=\"#ea2833\">MAX TEMPERATURA SALIDA<\/th>\n<th style=\"color: #fff\" bgcolor=\"#ea2833\">MAX TEMPERATURA SALIDA (F)<\/th>\n<\/tr>\n<tr>\n<td align=\"center !important\">3.023.24.003N<\/td>\n<td align=\"center !important\">PH2000<\/td>\n<td align=\"center !important\">10<\/td>\n<td align=\"center !important\">2.64<\/td>\n<td align=\"center !important\">140<\/td>\n<td align=\"center !important\">2031<\/td>\n<td align=\"center !important\">2800<\/td>\n<td align=\"center !important\">3<\/td>\n<td align=\"center !important\">2,2<\/td>\n<td align=\"center !important\">230<\/td>\n<td align=\"center !important\">50<\/td>\n<td align=\"center !important\">1<\/td>\n<td align=\"center !important\">11,4<\/td>\n<td align=\"center !important\">1504<\/td>\n<td align=\"center !important\">37.000<\/td>\n<td align=\"center !important\">18L<\/td>\n<td align=\"center !important\">4,7 gal<\/td>\n<td align=\"center !important\">&#8212;<\/td>\n<td align=\"center !important\">&#8212;<\/td>\n<td align=\"center !important\">8L<\/td>\n<td align=\"center !important\">2 gal<\/td>\n<td align=\"center !important\">90\u00b0C<\/td>\n<td align=\"center !important\">194\u00b0F<\/td>\n<\/tr>\n<\/tbody>\n<\/table>\n<\/div>\n","protected":false},"excerpt":{"rendered":"<p>Es ist das leistungsst\u00e4rkste Modell unter den Heisswasserstrahlmaschinen der Einstiegsklasse; f\u00fcr den t\u00e4glichen, wenn auch nicht intensiven Gebrauch konzipiert, montiert eine halbprofessionelle Pumpe mit Messingkopf und drei Stahlkolben mit keramischer Beschichtung.<\/p>\n<p>Ideal f\u00fcr die Reinigung von verkrusteten und hartn\u00e4ckigen Verschmutzungen, mit ihrem Druck und ihrer Durchflussmenge erm\u00f6glichen die Hochdruckreiniger von Mazzoni das Waschen gro\u00dfer Fl\u00e4chen bei geringem Stromverbrauch.<\/p>\n<p>Empfohlene Verwendung: Haushalt, Outdoor, Badeh\u00e4user, Hotels, Clubs, Schwimmb\u00e4der, Autosalons, Werkst\u00e4tten, Maler, Installateure, Lebensmittelindustrie, Reinigungsunternehmen, Fischh\u00e4ndler usw<\/p>\n","protected":false},"featured_media":67754,"template":"","meta":{"zakra_page_container_layout":"customizer","zakra_page_sidebar_layout":"customizer","zakra_remove_content_margin":false,"zakra_sidebar":"customizer","zakra_transparent_header":"customizer","zakra_logo":0,"zakra_main_header_style":"default","zakra_menu_item_color":"","zakra_menu_item_hover_color":"","zakra_menu_item_active_color":"","zakra_menu_active_style":"","zakra_page_header":true},"product_brand":[],"product_cat":[3609],"product_tag":[3647],"class_list":{"0":"post-28494","1":"product","2":"type-product","3":"status-publish","4":"has-post-thumbnail","6":"product_cat-limpiadoras-de-alta-presion-en-caliente","7":"product_tag-limpieza_es","9":"first","10":"instock","11":"shipping-taxable","12":"product-type-simple"},"yoast_head":"<!-- This site is optimized with the Yoast SEO plugin v27.5 - https:\/\/yoast.com\/product\/yoast-seo-wordpress\/ -->\n<title>PH2000 SEMIPROFESSIONAL - Mazzoni<\/title>\n<meta name=\"robots\" content=\"index, follow, max-snippet:-1, max-image-preview:large, max-video-preview:-1\" \/>\n<link rel=\"canonical\" href=\"https:\/\/e-mazzoni.it\/es\/producto\/ph2000-semiprofessional\/\" \/>\n<meta property=\"og:locale\" content=\"es_ES\" \/>\n<meta property=\"og:type\" content=\"article\" \/>\n<meta property=\"og:title\" content=\"PH2000 SEMIPROFESSIONAL - Mazzoni\" \/>\n<meta property=\"og:description\" content=\"Es ist das leistungsst\u00e4rkste Modell unter den Heisswasserstrahlmaschinen der Einstiegsklasse; f\u00fcr den t\u00e4glichen, wenn auch nicht intensiven Gebrauch konzipiert, montiert eine halbprofessionelle Pumpe mit Messingkopf und drei Stahlkolben mit keramischer Beschichtung. Ideal f\u00fcr die Reinigung von verkrusteten und hartn\u00e4ckigen Verschmutzungen, mit ihrem Druck und ihrer Durchflussmenge erm\u00f6glichen die Hochdruckreiniger von Mazzoni das Waschen gro\u00dfer Fl\u00e4chen bei geringem Stromverbrauch.   Empfohlene Verwendung: Haushalt, Outdoor, Badeh\u00e4user, Hotels, Clubs, Schwimmb\u00e4der, Autosalons, Werkst\u00e4tten, Maler, Installateure, Lebensmittelindustrie, Reinigungsunternehmen, Fischh\u00e4ndler usw\" \/>\n<meta property=\"og:url\" content=\"https:\/\/e-mazzoni.it\/es\/producto\/ph2000-semiprofessional\/\" \/>\n<meta property=\"og:site_name\" content=\"Mazzoni\" \/>\n<meta property=\"article:modified_time\" content=\"2026-05-02T02:02:44+00:00\" \/>\n<meta property=\"og:image\" content=\"https:\/\/e-mazzoni.it\/wp-content\/uploads\/2026\/04\/DOC4709177894.jpg\" \/>\n\t<meta property=\"og:image:width\" content=\"800\" \/>\n\t<meta property=\"og:image:height\" content=\"800\" \/>\n\t<meta property=\"og:image:type\" content=\"image\/jpeg\" \/>\n<meta name=\"twitter:card\" content=\"summary_large_image\" \/>\n<meta name=\"twitter:label1\" content=\"Tiempo de lectura\" \/>\n\t<meta name=\"twitter:data1\" content=\"1 minuto\" \/>\n<!-- \/ Yoast SEO plugin. -->","yoast_head_json":{"title":"PH2000 SEMIPROFESSIONAL - Mazzoni","robots":{"index":"index","follow":"follow","max-snippet":"max-snippet:-1","max-image-preview":"max-image-preview:large","max-video-preview":"max-video-preview:-1"},"canonical":"https:\/\/e-mazzoni.it\/es\/producto\/ph2000-semiprofessional\/","og_locale":"es_ES","og_type":"article","og_title":"PH2000 SEMIPROFESSIONAL - Mazzoni","og_description":"Es ist das leistungsst\u00e4rkste Modell unter den Heisswasserstrahlmaschinen der Einstiegsklasse; f\u00fcr den t\u00e4glichen, wenn auch nicht intensiven Gebrauch konzipiert, montiert eine halbprofessionelle Pumpe mit Messingkopf und drei Stahlkolben mit keramischer Beschichtung. Ideal f\u00fcr die Reinigung von verkrusteten und hartn\u00e4ckigen Verschmutzungen, mit ihrem Druck und ihrer Durchflussmenge erm\u00f6glichen die Hochdruckreiniger von Mazzoni das Waschen gro\u00dfer Fl\u00e4chen bei geringem Stromverbrauch.   Empfohlene Verwendung: Haushalt, Outdoor, Badeh\u00e4user, Hotels, Clubs, Schwimmb\u00e4der, Autosalons, Werkst\u00e4tten, Maler, Installateure, Lebensmittelindustrie, Reinigungsunternehmen, Fischh\u00e4ndler usw","og_url":"https:\/\/e-mazzoni.it\/es\/producto\/ph2000-semiprofessional\/","og_site_name":"Mazzoni","article_modified_time":"2026-05-02T02:02:44+00:00","og_image":[{"width":800,"height":800,"url":"https:\/\/e-mazzoni.it\/wp-content\/uploads\/2026\/04\/DOC4709177894.jpg","type":"image\/jpeg"}],"twitter_card":"summary_large_image","twitter_misc":{"Tiempo de lectura":"1 minuto"},"schema":{"@context":"https:\/\/schema.org","@graph":[{"@type":"WebPage","@id":"https:\/\/e-mazzoni.it\/es\/producto\/ph2000-semiprofessional\/","url":"https:\/\/e-mazzoni.it\/es\/producto\/ph2000-semiprofessional\/","name":"PH2000 SEMIPROFESSIONAL - Mazzoni","isPartOf":{"@id":"https:\/\/e-mazzoni.it\/es\/#website"},"primaryImageOfPage":{"@id":"https:\/\/e-mazzoni.it\/es\/producto\/ph2000-semiprofessional\/#primaryimage"},"image":{"@id":"https:\/\/e-mazzoni.it\/es\/producto\/ph2000-semiprofessional\/#primaryimage"},"thumbnailUrl":"https:\/\/e-mazzoni.it\/wp-content\/uploads\/2026\/04\/DOC4709177894.jpg","datePublished":"2024-10-15T06:44:19+00:00","dateModified":"2026-05-02T02:02:44+00:00","breadcrumb":{"@id":"https:\/\/e-mazzoni.it\/es\/producto\/ph2000-semiprofessional\/#breadcrumb"},"inLanguage":"es","potentialAction":[{"@type":"ReadAction","target":["https:\/\/e-mazzoni.it\/es\/producto\/ph2000-semiprofessional\/"]}]},{"@type":"ImageObject","inLanguage":"es","@id":"https:\/\/e-mazzoni.it\/es\/producto\/ph2000-semiprofessional\/#primaryimage","url":"https:\/\/e-mazzoni.it\/wp-content\/uploads\/2026\/04\/DOC4709177894.jpg","contentUrl":"https:\/\/e-mazzoni.it\/wp-content\/uploads\/2026\/04\/DOC4709177894.jpg","width":800,"height":800},{"@type":"BreadcrumbList","@id":"https:\/\/e-mazzoni.it\/es\/producto\/ph2000-semiprofessional\/#breadcrumb","itemListElement":[{"@type":"ListItem","position":1,"name":"Home","item":"https:\/\/e-mazzoni.it\/es\/"},{"@type":"ListItem","position":2,"name":"Productos","item":"https:\/\/e-mazzoni.it\/es\/productos\/"},{"@type":"ListItem","position":3,"name":"PH2000 SEMIPROFESSIONAL"}]},{"@type":"WebSite","@id":"https:\/\/e-mazzoni.it\/es\/#website","url":"https:\/\/e-mazzoni.it\/es\/","name":"Mazzoni","description":"Mazzoni","publisher":{"@id":"https:\/\/e-mazzoni.it\/es\/#organization"},"potentialAction":[{"@type":"SearchAction","target":{"@type":"EntryPoint","urlTemplate":"https:\/\/e-mazzoni.it\/es\/?s={search_term_string}"},"query-input":{"@type":"PropertyValueSpecification","valueRequired":true,"valueName":"search_term_string"}}],"inLanguage":"es"},{"@type":"Organization","@id":"https:\/\/e-mazzoni.it\/es\/#organization","name":"Mazzoni","url":"https:\/\/e-mazzoni.it\/es\/","logo":{"@type":"ImageObject","inLanguage":"es","@id":"https:\/\/e-mazzoni.it\/es\/#\/schema\/logo\/image\/","url":"https:\/\/e-mazzoni.it\/wp-content\/uploads\/2023\/07\/logo.png","contentUrl":"https:\/\/e-mazzoni.it\/wp-content\/uploads\/2023\/07\/logo.png","width":250,"height":109,"caption":"Mazzoni"},"image":{"@id":"https:\/\/e-mazzoni.it\/es\/#\/schema\/logo\/image\/"}}]}},"_links":{"self":[{"href":"https:\/\/e-mazzoni.it\/es\/wp-json\/wp\/v2\/product\/28494","targetHints":{"allow":["GET"]}}],"collection":[{"href":"https:\/\/e-mazzoni.it\/es\/wp-json\/wp\/v2\/product"}],"about":[{"href":"https:\/\/e-mazzoni.it\/es\/wp-json\/wp\/v2\/types\/product"}],"wp:featuredmedia":[{"embeddable":true,"href":"https:\/\/e-mazzoni.it\/es\/wp-json\/wp\/v2\/media\/67754"}],"wp:attachment":[{"href":"https:\/\/e-mazzoni.it\/es\/wp-json\/wp\/v2\/media?parent=28494"}],"wp:term":[{"taxonomy":"product_brand","embeddable":true,"href":"https:\/\/e-mazzoni.it\/es\/wp-json\/wp\/v2\/product_brand?post=28494"},{"taxonomy":"product_cat","embeddable":true,"href":"https:\/\/e-mazzoni.it\/es\/wp-json\/wp\/v2\/product_cat?post=28494"},{"taxonomy":"product_tag","embeddable":true,"href":"https:\/\/e-mazzoni.it\/es\/wp-json\/wp\/v2\/product_tag?post=28494"}],"curies":[{"name":"wp","href":"https:\/\/api.w.org\/{rel}","templated":true}]}}