{"id":28490,"date":"2024-10-15T06:44:14","date_gmt":"2024-10-15T06:44:14","guid":{"rendered":"https:\/\/e-mazzoni.it\/prodotto\/kxsb-heavy-duty\/"},"modified":"2026-05-02T02:02:04","modified_gmt":"2026-05-02T02:02:04","slug":"kxsb-heavy-duty","status":"publish","type":"product","link":"https:\/\/e-mazzoni.it\/es\/producto\/kxsb-heavy-duty\/","title":{"rendered":"KXSB HEAVY DUTY"},"content":{"rendered":"<p>Hidropulidora profesional de agua fr\u00eda con marco de acero pintado y cubierta de acero inoxidable.<\/p>\n<div>\n<table style=\"width: 100%\" border=\"1\" id=\"table_options\">\n<tbody>\n<tr>\n<th style=\"color: #fff\" bgcolor=\"#ea2833\">CODIGO<\/th>\n<th style=\"color: #fff\" bgcolor=\"#ea2833\">MODELO<\/th>\n<th style=\"color: #fff\" bgcolor=\"#ea2833\">L\/MIN<\/th>\n<th style=\"color: #fff\" bgcolor=\"#ea2833\">GPM<\/th>\n<th style=\"color: #fff\" bgcolor=\"#ea2833\">BAR<\/th>\n<th style=\"color: #fff\" bgcolor=\"#ea2833\">PSI<\/th>\n<th style=\"color: #fff\" bgcolor=\"#ea2833\">RPM<\/th>\n<th style=\"color: #fff\" bgcolor=\"#ea2833\">HP<\/th>\n<th style=\"color: #fff\" bgcolor=\"#ea2833\">KW<\/th>\n<th style=\"color: #fff\" bgcolor=\"#ea2833\">ALIMENTACI\u00d3N<\/th>\n<th style=\"color: #fff\" bgcolor=\"#ea2833\">BOQUILLA DE AGUA<\/th>\n<th style=\"color: #fff\" bgcolor=\"#ea2833\">TANQUE DE LIMPIEZA<\/th>\n<th style=\"color: #fff\" bgcolor=\"#ea2833\">TANQUE DE LIMPIEZA (GAL)<\/th>\n<th style=\"color: #fff\" bgcolor=\"#ea2833\">MAX TEMPERATURA SALIDA<\/th>\n<th style=\"color: #fff\" bgcolor=\"#ea2833\">MAX TEMPERATURA SALIDA (F)<\/th>\n<\/tr>\n<tr>\n<td align=\"center !important\">3.023.34.307<\/td>\n<td align=\"center !important\">KXSB15500<\/td>\n<td align=\"center !important\">15<\/td>\n<td align=\"center !important\">3,9<\/td>\n<td align=\"center !important\">500<\/td>\n<td align=\"center !important\">7252<\/td>\n<td align=\"center !important\">1450<\/td>\n<td align=\"center !important\">25<\/td>\n<td align=\"center !important\">18,6<\/td>\n<td align=\"center !important\">BENZINA\/GASOLINE<\/td>\n<td align=\"center !important\">1503<\/td>\n<td align=\"center !important\">&#8212;<\/td>\n<td align=\"center !important\">&#8212;<\/td>\n<td align=\"center !important\">45\u00b0C<\/td>\n<td align=\"center !important\">113\u00b0F<\/td>\n<\/tr>\n<tr>\n<td align=\"center !important\">3.023.34.309<\/td>\n<td align=\"center !important\">KXSB43170<\/td>\n<td align=\"center !important\">43<\/td>\n<td align=\"center !important\">11.36<\/td>\n<td align=\"center !important\">170<\/td>\n<td align=\"center !important\">2466<\/td>\n<td align=\"center !important\">1450<\/td>\n<td align=\"center !important\">25<\/td>\n<td align=\"center !important\">18,6<\/td>\n<td align=\"center !important\">BENZINA\/GASOLINE<\/td>\n<td align=\"center !important\">1514<\/td>\n<td align=\"center !important\">&#8212;<\/td>\n<td align=\"center !important\">&#8212;<\/td>\n<td align=\"center !important\">45\u00b0C<\/td>\n<td align=\"center !important\">113\u00b0F<\/td>\n<\/tr>\n<\/tbody>\n<\/table>\n<\/div>\n","protected":false},"excerpt":{"rendered":"<p>Aptas para su uso diario en la limpieza de edificios, m\u00e1quinas, veh\u00edculos y aparatos. Excelentes para limpiar la suciedad incrustada y obstinada, con su presi\u00f3n y caudal, las hidrolavadoras Mazzoni favorecen el lavado de grandes superficies con un bajo consumo el\u00e9ctrico. \u00a0 Uso recomendado: Agricultura, artesanos, industria alimentaria, metalurgia, entidades municipales, transporte, mercados, construcci\u00f3n naval, etc. \u00a0<\/p>\n","protected":false},"featured_media":67735,"template":"","meta":{"zakra_page_container_layout":"customizer","zakra_page_sidebar_layout":"customizer","zakra_remove_content_margin":false,"zakra_sidebar":"customizer","zakra_transparent_header":"customizer","zakra_logo":0,"zakra_main_header_style":"default","zakra_menu_item_color":"","zakra_menu_item_hover_color":"","zakra_menu_item_active_color":"","zakra_menu_active_style":"","zakra_page_header":true},"product_brand":[],"product_cat":[3604],"product_tag":[3711],"class_list":{"0":"post-28490","1":"product","2":"type-product","3":"status-publish","4":"has-post-thumbnail","6":"product_cat-limpiadoras-de-alta-presion-en-frio","7":"product_tag-industria_pesada_es","9":"first","10":"instock","11":"shipping-taxable","12":"product-type-simple"},"yoast_head":"<!-- This site is optimized with the Yoast SEO plugin v27.5 - https:\/\/yoast.com\/product\/yoast-seo-wordpress\/ -->\n<title>KXSB HEAVY DUTY - Mazzoni<\/title>\n<meta name=\"robots\" content=\"index, follow, max-snippet:-1, max-image-preview:large, max-video-preview:-1\" \/>\n<link rel=\"canonical\" href=\"https:\/\/e-mazzoni.it\/es\/producto\/kxsb-heavy-duty\/\" \/>\n<meta property=\"og:locale\" content=\"es_ES\" \/>\n<meta property=\"og:type\" content=\"article\" \/>\n<meta property=\"og:title\" content=\"KXSB HEAVY DUTY - Mazzoni\" \/>\n<meta property=\"og:description\" content=\"Aptas para su uso diario en la limpieza de edificios, m\u00e1quinas, veh\u00edculos y aparatos. Excelentes para limpiar la suciedad incrustada y obstinada, con su presi\u00f3n y caudal, las hidrolavadoras Mazzoni favorecen el lavado de grandes superficies con un bajo consumo el\u00e9ctrico. \u00a0 Uso recomendado: Agricultura, artesanos, industria alimentaria, metalurgia, entidades municipales, transporte, mercados, construcci\u00f3n naval, etc. \u00a0\" \/>\n<meta property=\"og:url\" content=\"https:\/\/e-mazzoni.it\/es\/producto\/kxsb-heavy-duty\/\" \/>\n<meta property=\"og:site_name\" content=\"Mazzoni\" \/>\n<meta property=\"article:modified_time\" content=\"2026-05-02T02:02:04+00:00\" \/>\n<meta property=\"og:image\" content=\"https:\/\/e-mazzoni.it\/wp-content\/uploads\/2026\/04\/DOC2138336852.png\" \/>\n\t<meta property=\"og:image:width\" content=\"600\" \/>\n\t<meta property=\"og:image:height\" content=\"600\" \/>\n\t<meta property=\"og:image:type\" content=\"image\/png\" \/>\n<meta name=\"twitter:card\" content=\"summary_large_image\" \/>\n<!-- \/ Yoast SEO plugin. -->","yoast_head_json":{"title":"KXSB HEAVY DUTY - Mazzoni","robots":{"index":"index","follow":"follow","max-snippet":"max-snippet:-1","max-image-preview":"max-image-preview:large","max-video-preview":"max-video-preview:-1"},"canonical":"https:\/\/e-mazzoni.it\/es\/producto\/kxsb-heavy-duty\/","og_locale":"es_ES","og_type":"article","og_title":"KXSB HEAVY DUTY - Mazzoni","og_description":"Aptas para su uso diario en la limpieza de edificios, m\u00e1quinas, veh\u00edculos y aparatos. Excelentes para limpiar la suciedad incrustada y obstinada, con su presi\u00f3n y caudal, las hidrolavadoras Mazzoni favorecen el lavado de grandes superficies con un bajo consumo el\u00e9ctrico. \u00a0 Uso recomendado: Agricultura, artesanos, industria alimentaria, metalurgia, entidades municipales, transporte, mercados, construcci\u00f3n naval, etc. \u00a0","og_url":"https:\/\/e-mazzoni.it\/es\/producto\/kxsb-heavy-duty\/","og_site_name":"Mazzoni","article_modified_time":"2026-05-02T02:02:04+00:00","og_image":[{"width":600,"height":600,"url":"https:\/\/e-mazzoni.it\/wp-content\/uploads\/2026\/04\/DOC2138336852.png","type":"image\/png"}],"twitter_card":"summary_large_image","schema":{"@context":"https:\/\/schema.org","@graph":[{"@type":"WebPage","@id":"https:\/\/e-mazzoni.it\/es\/producto\/kxsb-heavy-duty\/","url":"https:\/\/e-mazzoni.it\/es\/producto\/kxsb-heavy-duty\/","name":"KXSB HEAVY DUTY - Mazzoni","isPartOf":{"@id":"https:\/\/e-mazzoni.it\/es\/#website"},"primaryImageOfPage":{"@id":"https:\/\/e-mazzoni.it\/es\/producto\/kxsb-heavy-duty\/#primaryimage"},"image":{"@id":"https:\/\/e-mazzoni.it\/es\/producto\/kxsb-heavy-duty\/#primaryimage"},"thumbnailUrl":"https:\/\/e-mazzoni.it\/wp-content\/uploads\/2026\/04\/DOC2138336852.png","datePublished":"2024-10-15T06:44:14+00:00","dateModified":"2026-05-02T02:02:04+00:00","breadcrumb":{"@id":"https:\/\/e-mazzoni.it\/es\/producto\/kxsb-heavy-duty\/#breadcrumb"},"inLanguage":"es","potentialAction":[{"@type":"ReadAction","target":["https:\/\/e-mazzoni.it\/es\/producto\/kxsb-heavy-duty\/"]}]},{"@type":"ImageObject","inLanguage":"es","@id":"https:\/\/e-mazzoni.it\/es\/producto\/kxsb-heavy-duty\/#primaryimage","url":"https:\/\/e-mazzoni.it\/wp-content\/uploads\/2026\/04\/DOC2138336852.png","contentUrl":"https:\/\/e-mazzoni.it\/wp-content\/uploads\/2026\/04\/DOC2138336852.png","width":600,"height":600},{"@type":"BreadcrumbList","@id":"https:\/\/e-mazzoni.it\/es\/producto\/kxsb-heavy-duty\/#breadcrumb","itemListElement":[{"@type":"ListItem","position":1,"name":"Home","item":"https:\/\/e-mazzoni.it\/es\/"},{"@type":"ListItem","position":2,"name":"Productos","item":"https:\/\/e-mazzoni.it\/es\/productos\/"},{"@type":"ListItem","position":3,"name":"KXSB HEAVY DUTY"}]},{"@type":"WebSite","@id":"https:\/\/e-mazzoni.it\/es\/#website","url":"https:\/\/e-mazzoni.it\/es\/","name":"Mazzoni","description":"Mazzoni","publisher":{"@id":"https:\/\/e-mazzoni.it\/es\/#organization"},"potentialAction":[{"@type":"SearchAction","target":{"@type":"EntryPoint","urlTemplate":"https:\/\/e-mazzoni.it\/es\/?s={search_term_string}"},"query-input":{"@type":"PropertyValueSpecification","valueRequired":true,"valueName":"search_term_string"}}],"inLanguage":"es"},{"@type":"Organization","@id":"https:\/\/e-mazzoni.it\/es\/#organization","name":"Mazzoni","url":"https:\/\/e-mazzoni.it\/es\/","logo":{"@type":"ImageObject","inLanguage":"es","@id":"https:\/\/e-mazzoni.it\/es\/#\/schema\/logo\/image\/","url":"https:\/\/e-mazzoni.it\/wp-content\/uploads\/2023\/07\/logo.png","contentUrl":"https:\/\/e-mazzoni.it\/wp-content\/uploads\/2023\/07\/logo.png","width":250,"height":109,"caption":"Mazzoni"},"image":{"@id":"https:\/\/e-mazzoni.it\/es\/#\/schema\/logo\/image\/"}}]}},"_links":{"self":[{"href":"https:\/\/e-mazzoni.it\/es\/wp-json\/wp\/v2\/product\/28490","targetHints":{"allow":["GET"]}}],"collection":[{"href":"https:\/\/e-mazzoni.it\/es\/wp-json\/wp\/v2\/product"}],"about":[{"href":"https:\/\/e-mazzoni.it\/es\/wp-json\/wp\/v2\/types\/product"}],"wp:featuredmedia":[{"embeddable":true,"href":"https:\/\/e-mazzoni.it\/es\/wp-json\/wp\/v2\/media\/67735"}],"wp:attachment":[{"href":"https:\/\/e-mazzoni.it\/es\/wp-json\/wp\/v2\/media?parent=28490"}],"wp:term":[{"taxonomy":"product_brand","embeddable":true,"href":"https:\/\/e-mazzoni.it\/es\/wp-json\/wp\/v2\/product_brand?post=28490"},{"taxonomy":"product_cat","embeddable":true,"href":"https:\/\/e-mazzoni.it\/es\/wp-json\/wp\/v2\/product_cat?post=28490"},{"taxonomy":"product_tag","embeddable":true,"href":"https:\/\/e-mazzoni.it\/es\/wp-json\/wp\/v2\/product_tag?post=28490"}],"curies":[{"name":"wp","href":"https:\/\/api.w.org\/{rel}","templated":true}]}}