{"id":28486,"date":"2024-10-15T06:44:06","date_gmt":"2024-10-15T06:44:06","guid":{"rendered":"https:\/\/e-mazzoni.it\/prodotto\/kx-professional\/"},"modified":"2026-05-02T02:01:20","modified_gmt":"2026-05-02T02:01:20","slug":"kx-professional","status":"publish","type":"product","link":"https:\/\/e-mazzoni.it\/es\/producto\/kx-professional\/","title":{"rendered":"KX PROFESSIONAL"},"content":{"rendered":"<p>Dise\u00f1ada para el trabajo duro.<\/p>\n<p>Dise\u00f1adas para el uso diario en entornos de trabajo que pueden poner a prueba todos los componentes de la limpiadora de alta presi\u00f3n.<\/p>\n<p>Ideales para la limpieza de suciedad incrustada y obstinada, con su presi\u00f3n y caudal, las hidropulidoras Mazzoni permiten el lavado de grandes superficies con un consumo el\u00e9ctrico reducido.<\/p>\n<p>El bastidor de acero INOX que caracteriza las versiones KX, hace que esta m\u00e1quina sea adecuada para los entornos de trabajo que requieren una estructura fuerte y resistente a los golpes.<\/p>\n<p>Un dise\u00f1o ligero y la tercera rueda delantera garantizan comodidad de uso, manejo y reducen la fatiga.<\/p>\n<p>Uso recomendado: Construcci\u00f3n y obras, industria alimentaria, centros comerciales, supermercados y pescader\u00edas etc.<\/p>\n<div>\n<table style=\"width: 100%\" border=\"1\" id=\"table_options\">\n<tbody>\n<tr>\n<th style=\"color: #fff\" bgcolor=\"#ea2833\">CODIGO<\/th>\n<th style=\"color: #fff\" bgcolor=\"#ea2833\">MODELO<\/th>\n<th style=\"color: #fff\" bgcolor=\"#ea2833\">L\/MIN &#8211; 1450 RPM<\/th>\n<th style=\"color: #fff\" bgcolor=\"#ea2833\">GPM &#8211; 1450 RPM<\/th>\n<th style=\"color: #fff\" bgcolor=\"#ea2833\">BAR<\/th>\n<th style=\"color: #fff\" bgcolor=\"#ea2833\">PSI<\/th>\n<th style=\"color: #fff\" bgcolor=\"#ea2833\">RPM 50 HZ<\/th>\n<th style=\"color: #fff\" bgcolor=\"#ea2833\">HP<\/th>\n<th style=\"color: #fff\" bgcolor=\"#ea2833\">KW<\/th>\n<th style=\"color: #fff\" bgcolor=\"#ea2833\">VOLTIO<\/th>\n<th style=\"color: #fff\" bgcolor=\"#ea2833\">Hz<\/th>\n<th style=\"color: #fff\" bgcolor=\"#ea2833\">FASE<\/th>\n<th style=\"color: #fff\" bgcolor=\"#ea2833\">A 50 HZ<\/th>\n<th style=\"color: #fff\" bgcolor=\"#ea2833\">BOQUILLA DE AGUA<\/th>\n<th style=\"color: #fff\" bgcolor=\"#ea2833\">TANQUE DE LIMPIEZA<\/th>\n<th style=\"color: #fff\" bgcolor=\"#ea2833\">TANQUE DE LIMPIEZA (GAL)<\/th>\n<th style=\"color: #fff\" bgcolor=\"#ea2833\">MAX TEMPERATURA SALIDA<\/th>\n<th style=\"color: #fff\" bgcolor=\"#ea2833\">MAX TEMPERATURA SALIDA (F)<\/th>\n<\/tr>\n<tr>\n<td align=\"center !important\">3.023.14.355<\/td>\n<td align=\"center !important\">KX3005<\/td>\n<td align=\"center !important\">10<\/td>\n<td align=\"center !important\">2,64<\/td>\n<td align=\"center !important\">150<\/td>\n<td align=\"center !important\">2175<\/td>\n<td align=\"center !important\">1450<\/td>\n<td align=\"center !important\">3<\/td>\n<td align=\"center !important\">2,2<\/td>\n<td align=\"center !important\">230<\/td>\n<td align=\"center !important\">50<\/td>\n<td align=\"center !important\">1<\/td>\n<td align=\"center !important\">11,4<\/td>\n<td align=\"center !important\">1504<\/td>\n<td align=\"center !important\">5 L<\/td>\n<td align=\"center !important\">1,3 gal<\/td>\n<td align=\"center !important\">65\u00b0C<\/td>\n<td align=\"center !important\">149\u00b0F<\/td>\n<\/tr>\n<tr>\n<td align=\"center !important\">3.023.14.343<\/td>\n<td align=\"center !important\">KX4005<\/td>\n<td align=\"center !important\">15<\/td>\n<td align=\"center !important\">3,9<\/td>\n<td align=\"center !important\">200<\/td>\n<td align=\"center !important\">2900<\/td>\n<td align=\"center !important\">1450<\/td>\n<td align=\"center !important\">7,5<\/td>\n<td align=\"center !important\">5.5<\/td>\n<td align=\"center !important\">400<\/td>\n<td align=\"center !important\">50<\/td>\n<td align=\"center !important\">3<\/td>\n<td align=\"center !important\">11<\/td>\n<td align=\"center !important\">1505<\/td>\n<td align=\"center !important\">5 L<\/td>\n<td align=\"center !important\">1,3 gal<\/td>\n<td align=\"center !important\">65\u00b0C<\/td>\n<td align=\"center !important\">149\u00b0F<\/td>\n<\/tr>\n<tr>\n<td align=\"center !important\">3.023.14.366<\/td>\n<td align=\"center !important\">KX4055<\/td>\n<td align=\"center !important\">21<\/td>\n<td align=\"center !important\">5,5<\/td>\n<td align=\"center !important\">150<\/td>\n<td align=\"center !important\">2175<\/td>\n<td align=\"center !important\">1450<\/td>\n<td align=\"center !important\">7,5<\/td>\n<td align=\"center !important\">5.5<\/td>\n<td align=\"center !important\">400<\/td>\n<td align=\"center !important\">50<\/td>\n<td align=\"center !important\">3<\/td>\n<td align=\"center !important\">11<\/td>\n<td align=\"center !important\">1508<\/td>\n<td align=\"center !important\">5 L<\/td>\n<td align=\"center !important\">1,3 gal<\/td>\n<td align=\"center !important\">65\u00b0C<\/td>\n<td align=\"center !important\">149\u00b0F<\/td>\n<\/tr>\n<\/tbody>\n<\/table>\n<\/div>\n","protected":false},"excerpt":{"rendered":"<p>Hidropulidora de agua fr\u00eda, con chasis completamente en acero inoxidable fijado sobre 2 ruedas neum\u00e1ticas m\u00e1s 1 giratoria.<\/p>\n<p>Motor el\u00e9ctrico as\u00edncrono serie MEC servicio continuo, S1 con protecci\u00f3n t\u00e9rmica integrada en los devanados. Motor con mayor eficiencia, por lo tanto, con un alto rendimiento y menor consumo de corriente. Junta el\u00e1stica.<\/p>\n<p>Bomba profesional en l\u00ednea (con varillas) con cabezal de lat\u00f3n y tres pistones de cer\u00e1mica<\/p>\n<p>Cable el\u00e9ctrico mt. 5<\/p>\n<p>V\u00e1lvula de derivaci\u00f3n autom\u00e1tica con regulaci\u00f3n de presi\u00f3n<\/p>\n<p>Tubo de alta presi\u00f3n 10 metros<\/p>\n<p>Lanza INOX con pistola autom\u00e1tica y conexi\u00f3n r\u00e1pida para los accesorios<\/p>\n<p>Cabezal de regulaci\u00f3n de presi\u00f3n profesional con boquilla de acero templado y aspiraci\u00f3n de detergente a baja presi\u00f3n<\/p>\n<p>Sistema TST (Time Stop)<\/p>\n<p>Freno de estacionamiento<\/p>\n<p>Contador de horas interno<\/p>\n","protected":false},"featured_media":67725,"template":"","meta":{"zakra_page_container_layout":"customizer","zakra_page_sidebar_layout":"customizer","zakra_remove_content_margin":false,"zakra_sidebar":"customizer","zakra_transparent_header":"customizer","zakra_logo":0,"zakra_main_header_style":"default","zakra_menu_item_color":"","zakra_menu_item_hover_color":"","zakra_menu_item_active_color":"","zakra_menu_active_style":"","zakra_page_header":true},"product_brand":[],"product_cat":[3604],"product_tag":[3647,3663],"class_list":{"0":"post-28486","1":"product","2":"type-product","3":"status-publish","4":"has-post-thumbnail","6":"product_cat-limpiadoras-de-alta-presion-en-frio","7":"product_tag-limpieza_es","8":"product_tag-tunel_de_lavado_es","10":"first","11":"instock","12":"shipping-taxable","13":"product-type-simple"},"yoast_head":"<!-- This site is optimized with the Yoast SEO plugin v27.5 - https:\/\/yoast.com\/product\/yoast-seo-wordpress\/ -->\n<title>KX PROFESSIONAL - Mazzoni<\/title>\n<meta name=\"robots\" content=\"index, follow, max-snippet:-1, max-image-preview:large, max-video-preview:-1\" \/>\n<link rel=\"canonical\" href=\"https:\/\/e-mazzoni.it\/es\/producto\/kx-professional\/\" \/>\n<meta property=\"og:locale\" content=\"es_ES\" \/>\n<meta property=\"og:type\" content=\"article\" \/>\n<meta property=\"og:title\" content=\"KX PROFESSIONAL - Mazzoni\" \/>\n<meta property=\"og:description\" content=\"Hidropulidora de agua fr\u00eda, con chasis completamente en acero inoxidable fijado sobre 2 ruedas neum\u00e1ticas m\u00e1s 1 giratoria.   Motor el\u00e9ctrico as\u00edncrono serie MEC servicio continuo, S1 con protecci\u00f3n t\u00e9rmica integrada en los devanados. Motor con mayor eficiencia, por lo tanto, con un alto rendimiento y menor consumo de corriente. Junta el\u00e1stica.  Bomba profesional en l\u00ednea (con varillas) con cabezal de lat\u00f3n y tres pistones de cer\u00e1mica  Cable el\u00e9ctrico mt. 5  V\u00e1lvula de derivaci\u00f3n autom\u00e1tica con regulaci\u00f3n de presi\u00f3n  Tubo de alta presi\u00f3n 10 metros  Lanza INOX con pistola autom\u00e1tica y conexi\u00f3n r\u00e1pida para los accesorios  Cabezal de regulaci\u00f3n de presi\u00f3n profesional con boquilla de acero templado y aspiraci\u00f3n de detergente a baja presi\u00f3n  Sistema TST (Time Stop)  Freno de estacionamiento  Contador de horas interno\" \/>\n<meta property=\"og:url\" content=\"https:\/\/e-mazzoni.it\/es\/producto\/kx-professional\/\" \/>\n<meta property=\"og:site_name\" content=\"Mazzoni\" \/>\n<meta property=\"article:modified_time\" content=\"2026-05-02T02:01:20+00:00\" \/>\n<meta property=\"og:image\" content=\"https:\/\/e-mazzoni.it\/wp-content\/uploads\/2026\/04\/DOC2810972696.jpg\" \/>\n\t<meta property=\"og:image:width\" content=\"800\" \/>\n\t<meta property=\"og:image:height\" content=\"800\" \/>\n\t<meta property=\"og:image:type\" content=\"image\/jpeg\" \/>\n<meta name=\"twitter:card\" content=\"summary_large_image\" \/>\n<meta name=\"twitter:label1\" content=\"Tiempo de lectura\" \/>\n\t<meta name=\"twitter:data1\" content=\"1 minuto\" \/>\n<!-- \/ Yoast SEO plugin. -->","yoast_head_json":{"title":"KX PROFESSIONAL - Mazzoni","robots":{"index":"index","follow":"follow","max-snippet":"max-snippet:-1","max-image-preview":"max-image-preview:large","max-video-preview":"max-video-preview:-1"},"canonical":"https:\/\/e-mazzoni.it\/es\/producto\/kx-professional\/","og_locale":"es_ES","og_type":"article","og_title":"KX PROFESSIONAL - Mazzoni","og_description":"Hidropulidora de agua fr\u00eda, con chasis completamente en acero inoxidable fijado sobre 2 ruedas neum\u00e1ticas m\u00e1s 1 giratoria.   Motor el\u00e9ctrico as\u00edncrono serie MEC servicio continuo, S1 con protecci\u00f3n t\u00e9rmica integrada en los devanados. Motor con mayor eficiencia, por lo tanto, con un alto rendimiento y menor consumo de corriente. Junta el\u00e1stica.  Bomba profesional en l\u00ednea (con varillas) con cabezal de lat\u00f3n y tres pistones de cer\u00e1mica  Cable el\u00e9ctrico mt. 5  V\u00e1lvula de derivaci\u00f3n autom\u00e1tica con regulaci\u00f3n de presi\u00f3n  Tubo de alta presi\u00f3n 10 metros  Lanza INOX con pistola autom\u00e1tica y conexi\u00f3n r\u00e1pida para los accesorios  Cabezal de regulaci\u00f3n de presi\u00f3n profesional con boquilla de acero templado y aspiraci\u00f3n de detergente a baja presi\u00f3n  Sistema TST (Time Stop)  Freno de estacionamiento  Contador de horas interno","og_url":"https:\/\/e-mazzoni.it\/es\/producto\/kx-professional\/","og_site_name":"Mazzoni","article_modified_time":"2026-05-02T02:01:20+00:00","og_image":[{"width":800,"height":800,"url":"https:\/\/e-mazzoni.it\/wp-content\/uploads\/2026\/04\/DOC2810972696.jpg","type":"image\/jpeg"}],"twitter_card":"summary_large_image","twitter_misc":{"Tiempo de lectura":"1 minuto"},"schema":{"@context":"https:\/\/schema.org","@graph":[{"@type":"WebPage","@id":"https:\/\/e-mazzoni.it\/es\/producto\/kx-professional\/","url":"https:\/\/e-mazzoni.it\/es\/producto\/kx-professional\/","name":"KX PROFESSIONAL - Mazzoni","isPartOf":{"@id":"https:\/\/e-mazzoni.it\/es\/#website"},"primaryImageOfPage":{"@id":"https:\/\/e-mazzoni.it\/es\/producto\/kx-professional\/#primaryimage"},"image":{"@id":"https:\/\/e-mazzoni.it\/es\/producto\/kx-professional\/#primaryimage"},"thumbnailUrl":"https:\/\/e-mazzoni.it\/wp-content\/uploads\/2026\/04\/DOC2810972696.jpg","datePublished":"2024-10-15T06:44:06+00:00","dateModified":"2026-05-02T02:01:20+00:00","breadcrumb":{"@id":"https:\/\/e-mazzoni.it\/es\/producto\/kx-professional\/#breadcrumb"},"inLanguage":"es","potentialAction":[{"@type":"ReadAction","target":["https:\/\/e-mazzoni.it\/es\/producto\/kx-professional\/"]}]},{"@type":"ImageObject","inLanguage":"es","@id":"https:\/\/e-mazzoni.it\/es\/producto\/kx-professional\/#primaryimage","url":"https:\/\/e-mazzoni.it\/wp-content\/uploads\/2026\/04\/DOC2810972696.jpg","contentUrl":"https:\/\/e-mazzoni.it\/wp-content\/uploads\/2026\/04\/DOC2810972696.jpg","width":800,"height":800},{"@type":"BreadcrumbList","@id":"https:\/\/e-mazzoni.it\/es\/producto\/kx-professional\/#breadcrumb","itemListElement":[{"@type":"ListItem","position":1,"name":"Home","item":"https:\/\/e-mazzoni.it\/es\/"},{"@type":"ListItem","position":2,"name":"Productos","item":"https:\/\/e-mazzoni.it\/es\/productos\/"},{"@type":"ListItem","position":3,"name":"KX PROFESSIONAL"}]},{"@type":"WebSite","@id":"https:\/\/e-mazzoni.it\/es\/#website","url":"https:\/\/e-mazzoni.it\/es\/","name":"Mazzoni","description":"Mazzoni","publisher":{"@id":"https:\/\/e-mazzoni.it\/es\/#organization"},"potentialAction":[{"@type":"SearchAction","target":{"@type":"EntryPoint","urlTemplate":"https:\/\/e-mazzoni.it\/es\/?s={search_term_string}"},"query-input":{"@type":"PropertyValueSpecification","valueRequired":true,"valueName":"search_term_string"}}],"inLanguage":"es"},{"@type":"Organization","@id":"https:\/\/e-mazzoni.it\/es\/#organization","name":"Mazzoni","url":"https:\/\/e-mazzoni.it\/es\/","logo":{"@type":"ImageObject","inLanguage":"es","@id":"https:\/\/e-mazzoni.it\/es\/#\/schema\/logo\/image\/","url":"https:\/\/e-mazzoni.it\/wp-content\/uploads\/2023\/07\/logo.png","contentUrl":"https:\/\/e-mazzoni.it\/wp-content\/uploads\/2023\/07\/logo.png","width":250,"height":109,"caption":"Mazzoni"},"image":{"@id":"https:\/\/e-mazzoni.it\/es\/#\/schema\/logo\/image\/"}}]}},"_links":{"self":[{"href":"https:\/\/e-mazzoni.it\/es\/wp-json\/wp\/v2\/product\/28486","targetHints":{"allow":["GET"]}}],"collection":[{"href":"https:\/\/e-mazzoni.it\/es\/wp-json\/wp\/v2\/product"}],"about":[{"href":"https:\/\/e-mazzoni.it\/es\/wp-json\/wp\/v2\/types\/product"}],"wp:featuredmedia":[{"embeddable":true,"href":"https:\/\/e-mazzoni.it\/es\/wp-json\/wp\/v2\/media\/67725"}],"wp:attachment":[{"href":"https:\/\/e-mazzoni.it\/es\/wp-json\/wp\/v2\/media?parent=28486"}],"wp:term":[{"taxonomy":"product_brand","embeddable":true,"href":"https:\/\/e-mazzoni.it\/es\/wp-json\/wp\/v2\/product_brand?post=28486"},{"taxonomy":"product_cat","embeddable":true,"href":"https:\/\/e-mazzoni.it\/es\/wp-json\/wp\/v2\/product_cat?post=28486"},{"taxonomy":"product_tag","embeddable":true,"href":"https:\/\/e-mazzoni.it\/es\/wp-json\/wp\/v2\/product_tag?post=28486"}],"curies":[{"name":"wp","href":"https:\/\/api.w.org\/{rel}","templated":true}]}}