{"id":51159,"date":"2023-06-19T06:37:32","date_gmt":"2023-06-19T06:37:32","guid":{"rendered":"https:\/\/e-mazzoni.it\/politica-de-privacidad-y-cookies\/"},"modified":"2024-10-29T14:18:09","modified_gmt":"2024-10-29T14:18:09","slug":"politica-de-privacidad-y-cookies","status":"publish","type":"page","link":"https:\/\/e-mazzoni.it\/es\/politica-de-privacidad-y-cookies\/","title":{"rendered":"Pol\u00edtica de privacidad y cookies"},"content":{"rendered":"\t\t<div data-elementor-type=\"wp-page\" data-elementor-id=\"51159\" class=\"elementor elementor-51159 elementor-3\">\n\t\t\t\t\t\t<section class=\"elementor-section elementor-top-section elementor-element elementor-element-4c90591a elementor-section-boxed elementor-section-height-default elementor-section-height-default\" data-id=\"4c90591a\" data-element_type=\"section\" data-e-type=\"section\">\n\t\t\t\t\t\t<div class=\"elementor-container elementor-column-gap-default\">\n\t\t\t\t\t<div class=\"elementor-column elementor-col-100 elementor-top-column elementor-element elementor-element-4a5a4ce4\" data-id=\"4a5a4ce4\" data-element_type=\"column\" data-e-type=\"column\">\n\t\t\t<div class=\"elementor-widget-wrap elementor-element-populated\">\n\t\t\t\t\t\t<div class=\"elementor-element elementor-element-114027b elementor-widget elementor-widget-spacer\" data-id=\"114027b\" data-element_type=\"widget\" data-e-type=\"widget\" data-widget_type=\"spacer.default\">\n\t\t\t\t<div class=\"elementor-widget-container\">\n\t\t\t\t\t\t\t<div class=\"elementor-spacer\">\n\t\t\t<div class=\"elementor-spacer-inner\"><\/div>\n\t\t<\/div>\n\t\t\t\t\t\t<\/div>\n\t\t\t\t<\/div>\n\t\t\t\t<div class=\"elementor-element elementor-element-ecd241c elementor-widget elementor-widget-heading\" data-id=\"ecd241c\" data-element_type=\"widget\" data-e-type=\"widget\" data-widget_type=\"heading.default\">\n\t\t\t\t<div class=\"elementor-widget-container\">\n\t\t\t\t\t<h2 class=\"elementor-heading-title elementor-size-default\">pol\u00edtica de privacidad<\/h2>\t\t\t\t<\/div>\n\t\t\t\t<\/div>\n\t\t\t\t<div class=\"elementor-element elementor-element-f43b2cb elementor-widget__width-initial elementor-widget elementor-widget-text-editor\" data-id=\"f43b2cb\" data-element_type=\"widget\" data-e-type=\"widget\" data-widget_type=\"text-editor.default\">\n\t\t\t\t<div class=\"elementor-widget-container\">\n\t\t\t\t\t\t\t\t\t<p><strong>INFORMACI\u00d3N SOBRE EL TRATAMIENTO DE DATOS PERSONALES<\/strong><\/p><p>Estimado cliente,<\/p><p><strong>Mazzoni SRL<\/strong> act\u00faa en total conformidad con el Reglamento Europeo n. 679\/2016 (en adelante, para abreviar: RGPD) y, en cumplimiento de la normativa all\u00ed contenida, con esta informaci\u00f3n se proporciona toda la informaci\u00f3n sobre el tratamiento de sus datos personales y sobre los derechos que le corresponden.<br \/>Por ello, antes de manifestar su consentimiento al tratamiento de sus datos, le invitamos a leer atentamente la informaci\u00f3n.<\/p><ol><li><strong>Titular y Encargado del Tratamiento<\/strong><br \/>El propietario (es decir, el responsable de las decisiones relativas a la finalidad, el modo de tratamiento de los datos personales, la seguridad y los instrumentos utilizados) es Mazzoni SRL, con domicilio social en Via Prati Vecchi 5 \u2013 42025 Cavriago (RE) \u2013 p. CIF 01560810358 en la persona de su representante legal se\u00f1ora Barbara Mazzoni, domiciliada para el cargo en el domicilio social de la Sociedad.<\/li><li><strong>Finalidad del tratamiento y bases legales<\/strong> <br \/>Los datos personales del interesado (es decir, los datos proporcionados a la empresa, tambi\u00e9n mediante registro en el sitio) son proporcionados a Mazzoni SRL, y tratados por esta \u00faltima, tambi\u00e9n mediante comunicaci\u00f3n a terceros cuando sea necesario e instrumental, para los siguientes fines : a) para fines estrictamente relacionados e instrumentales con la ejecuci\u00f3n de las obligaciones derivadas de las relaciones, incluidas las contractuales, establecidas con , para permitir y gestionar su registro en el sitio, para utilizar los servicios ofrecidos y para fines administrativos y contables y para el cumplimiento de obligaciones previstas por la legislaci\u00f3n vigente de conformidad con el art. 6 b) RGPD b) cumplir obligaciones, de cualquier naturaleza, previstas por leyes, reglamentos, normas comunitarias o, en cualquier caso, relacionadas con obligaciones derivadas de disposiciones dictadas por autoridades judiciales, funcionarios administrativos u \u00f3rganos policiales, autorizados para ello por la ley o por \u00f3rganos de control. y control de conformidad con el art. 6 c) del RGPD; c) para fines relacionados con la afirmaci\u00f3n o defensa de un derecho judicial por parte de Mazzoni SRL de conformidad con el art. 6 c) RGPD. La autorizaci\u00f3n para los efectos previstos en los puntos a), b) y c) anteriores es obligatoria; la negativa podr\u00eda imposibilitar a Mazzoni SRL la prestaci\u00f3n de los servicios y\/o el cumplimiento de las obligaciones derivadas de las relaciones establecidas. El tratamiento relacionado encuentra su base jur\u00eddica en el consentimiento del interesado expresado marcando la casilla durante el registro o enviando un correo electr\u00f3nico a info@e-mazzoni.it escribiendo: Expreso mi consentimiento. Adem\u00e1s, el tratamiento satisface los intereses leg\u00edtimos del Responsable del tratamiento, tales como: la ejecuci\u00f3n del contrato, la facturaci\u00f3n, el cobro de deudas. <br \/>Sin embargo, consiente el tratamiento de sus datos para las siguientes finalidades diferentes, funcionales a la actividad de Mazzoni SRL de conformidad con el art. 6 a) RGPD.<br \/>El correspondiente tratamiento requiere el consentimiento de los interesados:<br \/>d) con fines de marketing y\/o promoci\u00f3n en forma automatizada (sms, mms, correo electr\u00f3nico, fax) o en forma tradicional (correo postal, contacto telef\u00f3nico);<br \/>e) para la comunicaci\u00f3n a terceras empresas, con el consiguiente tratamiento por parte de ellas, que podr\u00e1n utilizarlos con fines de marketing y\/o promoci\u00f3n;<br \/>f) para actividades de elaboraci\u00f3n de perfiles y\/o an\u00e1lisis propios relacionados con investigaciones de mercado y\/o estad\u00edsticas.<br \/>El tratamiento relacionado encuentra su base jur\u00eddica en el consentimiento del interesado expresado a trav\u00e9s del tick durante la fase de registro.<\/li><li><strong>Datos especiales<\/strong><br \/>Tienen la consideraci\u00f3n de datos especiales, de conformidad y para los efectos del art. 9 GDPR, todos los datos &#8220;&#8230; adecuados para revelar origen racial y \u00e9tnico, creencias religiosas, filos\u00f3ficas o de otro tipo, opiniones pol\u00edticas, afiliaci\u00f3n a partidos, sindicatos, asociaciones u organizaciones de naturaleza religiosa, filos\u00f3fica o pol\u00edtica o sindical, como as\u00ed como datos gen\u00e9ticos, datos biom\u00e9tricos destinados a identificar un\u00edvocamente a una persona f\u00edsica, datos relativos a la salud o vida sexual u orientaci\u00f3n sexual de la persona&#8221; del interesado. <br \/>Estos datos nunca son recogidos por Mazzoni SRL pero si esto sucediera, la misma los tratar\u00e1 exclusivamente tras una manifestaci\u00f3n espec\u00edfica y expl\u00edcita del consentimiento del interesado, emitida por escrito, de conformidad con y para los fines del art. 9, co 2a) RGPD.<\/li><li><strong>M\u00e9todos de tratamiento<\/strong><br \/>Los datos personales de los interesados recogidos para los fines directamente relacionados con la prestaci\u00f3n de los servicios prestados ser\u00e1n tratados por empleados y colaboradores, internos y externos, de Mazzoni SRL, formalmente designados para ello de conformidad con el art. 4 GDPR como personas formalmente autorizadas para procesar datos personales.<br \/>El tratamiento de los mismos podr\u00e1 realizarse mediante sistemas manuales, inform\u00e1ticos y\/o telem\u00e1ticos, incluidos los automatizados, respetando las normas y principios de licitud y correcci\u00f3n, mediante los m\u00e9todos m\u00e1s adecuados para garantizar su seguridad y confidencialidad; ser\u00e1n comunicados a terceros s\u00f3lo cuando sea estrictamente necesario.<\/li><li><strong>Comunicaci\u00f3n a terceros<\/strong><br \/>Mazzoni SRL, en cumplimiento de todo lo ya previsto en los puntos anteriores, comunica los datos de los interesados a:<br \/>\u2013 a los dise\u00f1adores para permitirles cumplir las obligaciones asumidas por ellos frente a los interesados\/partidarios;<br \/>\u2013 a proveedores de servicios de consultor\u00eda externos a la empresa, tales como, entre otros, jur\u00eddicos, fiscales, tributarios y similares, y\/o a proveedores de servicios inform\u00e1ticos cuyo apoyo Mazzoni SRL pueda contar en el desarrollo de su actividad;<br \/>\u2013 terceros con el fin de medir la satisfacci\u00f3n con la calidad de los servicios prestados, y\/o realizar estudios de mercado, elaboraci\u00f3n de perfiles de clientes.<br \/>Sus datos personales ser\u00e1n tratados en territorio italiano y no ser\u00e1n transferidos al extranjero. En caso de que esto sucediera, la transferencia se realizar\u00e1 de forma que se proporcionen las garant\u00edas adecuadas y apropiadas de conformidad con los art\u00edculos. 46 o 47 o 49 del Reglamento 679\/2016..<\/li><li><strong>Plazo de conservaci\u00f3n de los datos personales y criterios utilizados<\/strong><br \/>Los datos personales comunicados por usted y los recabados por nosotros se conservar\u00e1n durante 10 a\u00f1os desde el final del \u00faltimo uso, salvo que sean necesarios para cumplir obligaciones legales u obligaciones derivadas del ejercicio de derechos en instancias judiciales, o a petici\u00f3n de la Autoridad.<br \/>Cualquier dato procesado, con su consentimiento espec\u00edfico, con fines de marketing y\/o elaboraci\u00f3n de perfiles, se procesar\u00e1 durante un m\u00e1ximo de 24 meses.<\/li><li><strong>Derechos del interesado<\/strong><br \/>El Reglamento Europeo 679\/2016 reconoce los derechos que se detallan a continuaci\u00f3n, que podr\u00e1 ejercitar frente al Responsable del tratamiento. A continuaci\u00f3n encontrar\u00e1 un extracto completo de los siguientes art\u00edculos de ley.<br \/>Las solicitudes relativas a los derechos y\/o cualquier informaci\u00f3n y solicitud de explicaci\u00f3n que pueda necesitar pueden ser enviadas mediante solicitud escrita al Responsable\/Responsable del tratamiento, por correo ordinario a la direcci\u00f3n <strong>Mazzoni SRL, con domicilio social en Via Prati Vecchi 5 \u2013 42025 Cavriago ( RE)<\/strong>, o por correo electr\u00f3nico a la direcci\u00f3n de correo electr\u00f3nico info@e-mazzoni.it.<\/li><\/ol><p><strong>7.1. DERECHO DE ACCESO<\/strong><br \/>El art\u00edculo 15 del Reglamento europeo le permite obtener del responsable del tratamiento confirmaci\u00f3n de si se est\u00e1n realizando o no tratamientos de datos que le conciernen y, en este caso, obtener acceso a dichos datos.<\/p><p><strong>7.2. DERECHO DE CORRECCI\u00d3N<\/strong><br \/>El arte. 16 del Reglamento Europeo le permite obtener del responsable del tratamiento la rectificaci\u00f3n de los datos personales inexactos que le conciernen sin demora injustificada. Teniendo en cuenta las finalidades del tratamiento, el interesado tiene derecho a obtener la integraci\u00f3n de los datos personales incompletos, tambi\u00e9n mediante la presentaci\u00f3n de una declaraci\u00f3n complementaria.<\/p><p><strong>7.3. DERECHO DE CANCELACI\u00d3N<\/strong><br \/>El arte. 17 del Reglamento Europeo le permite obtener del responsable del tratamiento la supresi\u00f3n de los datos personales que le conciernen sin demora injustificada si existe alguno de los motivos previstos por la ley.<\/p><p><strong>7.4. <br \/>LIMITACI\u00d3N DE DERECHOS<\/strong><br \/>El arte. 18 del Reglamento europeo permite obtener del responsable del tratamiento la limitaci\u00f3n del tratamiento cuando se d\u00e9 alguna de las hip\u00f3tesis previstas por la ley.<\/p><p><strong>7.5 DERECHO A LA PORTABILIDAD DE LOS DATOS<\/strong><br \/>El arte. 20 del Reglamento Europeo le permite recibir los datos personales que le conciernen proporcionados a un responsable del tratamiento en un formato estructurado, de uso com\u00fan y legible por m\u00e1quina y tiene derecho a transmitir dichos datos a otro responsable del tratamiento sin impedimentos por parte del responsable del tratamiento. a quien se los proporcion\u00f3.<br \/>Adem\u00e1s, le permite obtener la transmisi\u00f3n directa de datos personales de un responsable del tratamiento a otro, si es t\u00e9cnicamente posible.<\/p><p><strong>7.6 DERECHO DE OPOSICI\u00d3N<\/strong> <br \/>El arte. 21 del Reglamento Europeo le permite oponerse en cualquier momento, por motivos relacionados con su situaci\u00f3n particular, al procesamiento de datos personales que le conciernen de conformidad con el art\u00edculo 6, p\u00e1rrafo 1, letras e) o f), incluida la elaboraci\u00f3n de perfiles sobre la base de estas disposiciones.<\/p><p><strong>7.7. DERECHO A RETIRAR EL CONSENTIMIENTO<br \/><\/strong>El arte. 7 del Reglamento Europeo te permite revocar el consentimiento que has otorgado en cualquier momento. La revocaci\u00f3n del consentimiento no afecta a la licitud del tratamiento basado en el consentimiento anterior a la revocaci\u00f3n.<\/p><p><strong>7.8. DERECHO A QUEJARSE<\/strong><br \/>El arte. 77 del Reglamento Europeo, si cree que el tratamiento que le concierne viola el Reglamento, reconoce el derecho a presentar una reclamaci\u00f3n ante una autoridad de control (Garant\u00eda de Privacidad), en particular en el Estado miembro en el que reside habitualmente, trabaja o el lugar donde ocurri\u00f3 la presunta violaci\u00f3n.<\/p>\t\t\t\t\t\t\t\t<\/div>\n\t\t\t\t<\/div>\n\t\t\t\t<div class=\"elementor-element elementor-element-85840b6 elementor-widget elementor-widget-spacer\" data-id=\"85840b6\" data-element_type=\"widget\" data-e-type=\"widget\" data-widget_type=\"spacer.default\">\n\t\t\t\t<div class=\"elementor-widget-container\">\n\t\t\t\t\t\t\t<div class=\"elementor-spacer\">\n\t\t\t<div class=\"elementor-spacer-inner\"><\/div>\n\t\t<\/div>\n\t\t\t\t\t\t<\/div>\n\t\t\t\t<\/div>\n\t\t\t\t<div class=\"elementor-element elementor-element-6d5f6b7 elementor-widget elementor-widget-heading\" data-id=\"6d5f6b7\" data-element_type=\"widget\" data-e-type=\"widget\" data-widget_type=\"heading.default\">\n\t\t\t\t<div class=\"elementor-widget-container\">\n\t\t\t\t\t<h2 class=\"elementor-heading-title elementor-size-default\">Pol\u00edtica de cookies<\/h2>\t\t\t\t<\/div>\n\t\t\t\t<\/div>\n\t\t\t\t<div class=\"elementor-element elementor-element-bc01054 elementor-widget elementor-widget-html\" data-id=\"bc01054\" data-element_type=\"widget\" data-e-type=\"widget\" data-widget_type=\"html.default\">\n\t\t\t\t<div class=\"elementor-widget-container\">\n\t\t\t\t\t<style>\n    a.cky-banner-element {\n        padding: 8px 30px;\n        background: #F8F9FA;\n        color: #858A8F;\n        border: 1px solid #DEE2E6;\n        box-sizing: border-box;\n        border-radius: 2px;\n        cursor: pointer;\n}\n<\/style>\n<p> \u00daltima actualizaci\u00f3n: 26-feb-2024 <\/p>\n\n&nbsp;\n<h5>\u00bfQu\u00e9 son las galletas?<\/h5>\n<div class=\"cookie-policy-p\"><p>Esta Pol\u00edtica de cookies explica qu\u00e9 son las cookies y c\u00f3mo las usamos, los tipos de cookies que usamos, la informaci\u00f3n que recopilamos usando cookies y c\u00f3mo se usa esa informaci\u00f3n, y c\u00f3mo administrar su configuraci\u00f3n de cookies.<\/p> <p>Las cookies son peque\u00f1os archivos de texto que se utilizan para almacenar peque\u00f1a informaci\u00f3n. Se almacenan en su dispositivo cuando el sitio web se carga en su navegador. Estas cookies nos ayudan a que el sitio web funcione correctamente, hacerlo m\u00e1s seguro, brindar una mejor experiencia de usuario, comprender c\u00f3mo funciona el sitio web y analizar qu\u00e9 funciona y d\u00f3nde necesita mejorar.  <\/p><\/div>\n\n&nbsp;\n<h5>\u00bfC\u00f3mo utilizamos las cookies?<\/h5>\n<div class=\"cookie-policy-p\"><p>Como la mayor\u00eda de los servicios en l\u00ednea, nuestro sitio utiliza cookies propias y de terceros para diversos fines. Las cookies de origen son en su mayor\u00eda necesarias para que el sitio web funcione correctamente y no recopilan ning\u00fan dato de identificaci\u00f3n personal. <\/p> <p>Las cookies de terceros utilizadas en nuestro sitio web se utilizan principalmente para comprender c\u00f3mo funciona el sitio web, c\u00f3mo interact\u00faa con nuestro sitio web, mantener nuestros servicios seguros, brindarle publicidad relevante para usted y, en general, brindarle una mejor experiencia de usuario y mejorado y ayudando a acelerar sus futuras interacciones con nuestro sitio web.<\/p><\/div>\n\n&nbsp;\n    <h5>Tipos de cookies que utilizamos<\/h5>\n\n    <div class=\"cky-audit-table-element\"><\/div>\n\n&nbsp;\n    <h5 style=\"margin-bottom:20px;\">Administrar preferencias de cookies<\/h5>\n\n    <a class=\"cky-banner-element\">Configuraci\u00f3n de cookies<\/a> <br>\n\n    <div><p>Puede cambiar sus preferencias de cookies en cualquier momento haciendo clic en el bot\u00f3n de arriba. Esto le permitir\u00e1 volver a visitar el banner de consentimiento de cookies y cambiar sus preferencias o retirar su consentimiento inmediatamente.  <\/p> <p>Adem\u00e1s de esto, diferentes navegadores ofrecen diferentes m\u00e9todos para bloquear y eliminar las cookies utilizadas por los sitios web. Puede cambiar la configuraci\u00f3n de su navegador para bloquear\/eliminar las cookies. A continuaci\u00f3n se enumeran enlaces a documentos de soporte sobre c\u00f3mo administrar y eliminar cookies de los principales navegadores web.  <\/p> <p>Chrome: <a href=\"https:\/\/support.google.com\/accounts\/answer\/32050\" target=\"_blank\">https:\/\/support.google.com\/accounts\/answer\/32050<\/a><\/p><p>Safari: <a href=\"https:\/\/support.apple.com\/en-in\/guide\/safari\/sfri11471\/mac\" target=\"_blank\">https:\/\/support.apple.com\/en-in\/guide\/safari\/sfri11471\/mac<\/a><\/p><p>Firefox <a href=\"https:\/\/support.mozilla.org\/en-US\/kb\/clear-cookies-and-site-data-firefox?redirectslug=delete-cookies-remove-info-websites-stored&amp;redirectlocale=en-US\" target=\"_blank\">https:\/\/support.mozilla.org\/en-US\/kb\/clear-cookies-and-site-data-firefox?redirectslug=delete-cookies-remove-info-websites-stored&amp;redirectlocale=en-Us<\/a><\/p><p>Internet Explorer: <a href=\"https:\/\/support.microsoft.com\/en-us\/topic\/how-to-delete-cookie-files-in-internet-explorer-bca9446f-d873-78de-77ba-d42645fa52fc\" target=\"_blank\">https:\/\/support.microsoft.com\/en-us\/topic\/how-to-delete-cookie-files-in-internet-explorer-bca9446f-d873-78de-77ba-d42645fa52fc<\/a><\/p><p>Si utiliza otro navegador web, visite los documentos de soporte oficiales de su navegador.<\/p><\/div>\n\n\n&nbsp;\n\t\t\t\t<\/div>\n\t\t\t\t<\/div>\n\t\t\t\t\t<\/div>\n\t\t<\/div>\n\t\t\t\t\t<\/div>\n\t\t<\/section>\n\t\t\t\t<\/div>\n\t\t","protected":false},"excerpt":{"rendered":"<p>pol\u00edtica de privacidad INFORMACI\u00d3N SOBRE EL TRATAMIENTO DE DATOS PERSONALES Estimado cliente, Mazzoni SRL act\u00faa en total conformidad con el Reglamento Europeo n. 679\/2016 (en adelante, para abreviar: RGPD) y, en cumplimiento de la normativa all\u00ed contenida, con esta informaci\u00f3n se proporciona toda la informaci\u00f3n sobre el tratamiento de sus datos personales y sobre los [&hellip;]<\/p>\n","protected":false},"author":1,"featured_media":0,"parent":0,"menu_order":0,"comment_status":"closed","ping_status":"closed","template":"elementor_header_footer","meta":{"zakra_page_container_layout":"customizer","zakra_page_sidebar_layout":"customizer","zakra_remove_content_margin":false,"zakra_sidebar":"customizer","zakra_transparent_header":"customizer","zakra_logo":0,"zakra_main_header_style":"default","zakra_menu_item_color":"","zakra_menu_item_hover_color":"","zakra_menu_item_active_color":"","zakra_menu_active_style":"","zakra_page_header":true,"footnotes":""},"class_list":["post-51159","page","type-page","status-publish","hentry"],"yoast_head":"<!-- This site is optimized with the Yoast SEO plugin v27.5 - https:\/\/yoast.com\/product\/yoast-seo-wordpress\/ -->\n<title>Pol\u00edtica de privacidad y cookies - Mazzoni<\/title>\n<meta name=\"robots\" content=\"index, follow, max-snippet:-1, max-image-preview:large, max-video-preview:-1\" \/>\n<link rel=\"canonical\" href=\"https:\/\/e-mazzoni.it\/es\/politica-de-privacidad-y-cookies\/\" \/>\n<meta property=\"og:locale\" content=\"es_ES\" \/>\n<meta property=\"og:type\" content=\"article\" \/>\n<meta property=\"og:title\" content=\"Pol\u00edtica de privacidad y cookies - Mazzoni\" \/>\n<meta property=\"og:description\" content=\"pol\u00edtica de privacidad INFORMACI\u00d3N SOBRE EL TRATAMIENTO DE DATOS PERSONALES Estimado cliente, Mazzoni SRL act\u00faa en total conformidad con el Reglamento Europeo n. 679\/2016 (en adelante, para abreviar: RGPD) y, en cumplimiento de la normativa all\u00ed contenida, con esta informaci\u00f3n se proporciona toda la informaci\u00f3n sobre el tratamiento de sus datos personales y sobre los [&hellip;]\" \/>\n<meta property=\"og:url\" content=\"https:\/\/e-mazzoni.it\/es\/politica-de-privacidad-y-cookies\/\" \/>\n<meta property=\"og:site_name\" content=\"Mazzoni\" \/>\n<meta property=\"article:modified_time\" content=\"2024-10-29T14:18:09+00:00\" \/>\n<meta name=\"twitter:card\" content=\"summary_large_image\" \/>\n<meta name=\"twitter:label1\" content=\"Tiempo de lectura\" \/>\n\t<meta name=\"twitter:data1\" content=\"10 minutos\" \/>\n<!-- \/ Yoast SEO plugin. -->","yoast_head_json":{"title":"Pol\u00edtica de privacidad y cookies - Mazzoni","robots":{"index":"index","follow":"follow","max-snippet":"max-snippet:-1","max-image-preview":"max-image-preview:large","max-video-preview":"max-video-preview:-1"},"canonical":"https:\/\/e-mazzoni.it\/es\/politica-de-privacidad-y-cookies\/","og_locale":"es_ES","og_type":"article","og_title":"Pol\u00edtica de privacidad y cookies - Mazzoni","og_description":"pol\u00edtica de privacidad INFORMACI\u00d3N SOBRE EL TRATAMIENTO DE DATOS PERSONALES Estimado cliente, Mazzoni SRL act\u00faa en total conformidad con el Reglamento Europeo n. 679\/2016 (en adelante, para abreviar: RGPD) y, en cumplimiento de la normativa all\u00ed contenida, con esta informaci\u00f3n se proporciona toda la informaci\u00f3n sobre el tratamiento de sus datos personales y sobre los [&hellip;]","og_url":"https:\/\/e-mazzoni.it\/es\/politica-de-privacidad-y-cookies\/","og_site_name":"Mazzoni","article_modified_time":"2024-10-29T14:18:09+00:00","twitter_card":"summary_large_image","twitter_misc":{"Tiempo de lectura":"10 minutos"},"schema":{"@context":"https:\/\/schema.org","@graph":[{"@type":"WebPage","@id":"https:\/\/e-mazzoni.it\/es\/politica-de-privacidad-y-cookies\/","url":"https:\/\/e-mazzoni.it\/es\/politica-de-privacidad-y-cookies\/","name":"Pol\u00edtica de privacidad y cookies - Mazzoni","isPartOf":{"@id":"https:\/\/e-mazzoni.it\/es\/#website"},"datePublished":"2023-06-19T06:37:32+00:00","dateModified":"2024-10-29T14:18:09+00:00","breadcrumb":{"@id":"https:\/\/e-mazzoni.it\/es\/politica-de-privacidad-y-cookies\/#breadcrumb"},"inLanguage":"es","potentialAction":[{"@type":"ReadAction","target":["https:\/\/e-mazzoni.it\/es\/politica-de-privacidad-y-cookies\/"]}]},{"@type":"BreadcrumbList","@id":"https:\/\/e-mazzoni.it\/es\/politica-de-privacidad-y-cookies\/#breadcrumb","itemListElement":[{"@type":"ListItem","position":1,"name":"Home","item":"https:\/\/e-mazzoni.it\/es\/"},{"@type":"ListItem","position":2,"name":"Pol\u00edtica de privacidad y cookies"}]},{"@type":"WebSite","@id":"https:\/\/e-mazzoni.it\/es\/#website","url":"https:\/\/e-mazzoni.it\/es\/","name":"Mazzoni","description":"Mazzoni","publisher":{"@id":"https:\/\/e-mazzoni.it\/es\/#organization"},"potentialAction":[{"@type":"SearchAction","target":{"@type":"EntryPoint","urlTemplate":"https:\/\/e-mazzoni.it\/es\/?s={search_term_string}"},"query-input":{"@type":"PropertyValueSpecification","valueRequired":true,"valueName":"search_term_string"}}],"inLanguage":"es"},{"@type":"Organization","@id":"https:\/\/e-mazzoni.it\/es\/#organization","name":"Mazzoni","url":"https:\/\/e-mazzoni.it\/es\/","logo":{"@type":"ImageObject","inLanguage":"es","@id":"https:\/\/e-mazzoni.it\/es\/#\/schema\/logo\/image\/","url":"https:\/\/e-mazzoni.it\/wp-content\/uploads\/2023\/07\/logo.png","contentUrl":"https:\/\/e-mazzoni.it\/wp-content\/uploads\/2023\/07\/logo.png","width":250,"height":109,"caption":"Mazzoni"},"image":{"@id":"https:\/\/e-mazzoni.it\/es\/#\/schema\/logo\/image\/"}}]}},"_links":{"self":[{"href":"https:\/\/e-mazzoni.it\/es\/wp-json\/wp\/v2\/pages\/51159","targetHints":{"allow":["GET"]}}],"collection":[{"href":"https:\/\/e-mazzoni.it\/es\/wp-json\/wp\/v2\/pages"}],"about":[{"href":"https:\/\/e-mazzoni.it\/es\/wp-json\/wp\/v2\/types\/page"}],"author":[{"embeddable":true,"href":"https:\/\/e-mazzoni.it\/es\/wp-json\/wp\/v2\/users\/1"}],"replies":[{"embeddable":true,"href":"https:\/\/e-mazzoni.it\/es\/wp-json\/wp\/v2\/comments?post=51159"}],"version-history":[{"count":6,"href":"https:\/\/e-mazzoni.it\/es\/wp-json\/wp\/v2\/pages\/51159\/revisions"}],"predecessor-version":[{"id":51966,"href":"https:\/\/e-mazzoni.it\/es\/wp-json\/wp\/v2\/pages\/51159\/revisions\/51966"}],"wp:attachment":[{"href":"https:\/\/e-mazzoni.it\/es\/wp-json\/wp\/v2\/media?parent=51159"}],"curies":[{"name":"wp","href":"https:\/\/api.w.org\/{rel}","templated":true}]}}