{"id":57203,"date":"2025-02-26T01:07:01","date_gmt":"2025-02-26T01:07:01","guid":{"rendered":"https:\/\/e-mazzoni.it\/prodotto\/ph3075el\/"},"modified":"2026-04-27T03:20:19","modified_gmt":"2026-04-27T03:20:19","slug":"ph3075el","status":"publish","type":"product","link":"https:\/\/e-mazzoni.it\/de\/Produkt\/ph3075el\/","title":{"rendered":"PH3075EL"},"content":{"rendered":"<p>Praktisch, robust und professionell. Idealer Hochdruckreiniger f\u00fcr alle Profis und Unternehmen, bei denen die Reinigungsqualit\u00e4t ein wichtiger Faktor ist. Sie wurden entwickelt, um: \u2022 den Verbrauch zu reduzieren und die Emissionen von Rauchgasen zu vermeiden, garantiert durch Motoren und elektrische Heizkessel mit hohem Wirkungsgrad, die direkt von Mazzoni hergestellt werden; \u2022 die Leistung auch in Situationen und bei Arbeiten, die einen kontinuierlichen und l\u00e4ngeren Einsatz erfordern, konstant halten TECHNISCHE EIGENSCHAFTEN: Elektromotor der Serie MEC mit Asynchronantrieb, S1 mit integriertem W\u00e4rmeschutz an den Wicklungen. Elastische Verbindung. Professionelle Mazzoni Pumpe in Linie (Pleuel) mit Messing-Kopf und drei Kolben aus Keramik. Elektrisches Kabel 5 mt Hochdruckschlauch 10 mt Wasserzufuhrbeh\u00e4lter 3 Liter mit Schwimmer Automatisches Bypass-Ventil mit Druckregulierung Sicherheitsventil f\u00fcr \u00dcberdr\u00fccke Spannungskontrollleuchten. Kalkschutzvorrichtung mit 1 L-Tank. 10 L Reinigungsbeh\u00e4lter INOX-Strahlrohr mit automatischer Pistole und Schnellkupplung f\u00fcr Zubeh\u00f6r B\u00fcrstenkopf mit D\u00fcse aus geh\u00e4rtetem Stahl und Absaugung des Reinigers unter hohem Druck Rahmen aus lackiertem Stahl Elektrischer Kessel mit 4 Widerst\u00e4nde Kesselabschaltung im Falle eines Wassermangels Digitaler Thermostat zur Regelung der Wassertemperatur. TST\/DSS-System Beleuchtete Anzeige f\u00fcr die Unterst\u00fctzung nach 500 Betriebsstunden. Feststellbremse<\/p>\n<div>\n<table style=\"width: 100%\" border=\"1\" id=\"table_options\">\n<tbody>\n<tr>\n<th style=\"color: #fff\" bgcolor=\"#ea2833\">CODE<\/th>\n<th style=\"color: #fff\" bgcolor=\"#ea2833\">MODELL<\/th>\n<th style=\"color: #fff\" bgcolor=\"#ea2833\">L\/MIN &#8211; 1450 RPM<\/th>\n<th style=\"color: #fff\" bgcolor=\"#ea2833\">GPM &#8211; 1450 RPM<\/th>\n<th style=\"color: #fff\" bgcolor=\"#ea2833\">BAR<\/th>\n<th style=\"color: #fff\" bgcolor=\"#ea2833\">PSI<\/th>\n<th style=\"color: #fff\" bgcolor=\"#ea2833\">RPM 50 HZ<\/th>\n<th style=\"color: #fff\" bgcolor=\"#ea2833\">HP<\/th>\n<th style=\"color: #fff\" bgcolor=\"#ea2833\">KW<\/th>\n<th style=\"color: #fff\" bgcolor=\"#ea2833\">VOLT<\/th>\n<th style=\"color: #fff\" bgcolor=\"#ea2833\">Hz<\/th>\n<th style=\"color: #fff\" bgcolor=\"#ea2833\">PHASE<\/th>\n<th style=\"color: #fff\" bgcolor=\"#ea2833\">D\u00dcSE WASSER<\/th>\n<th style=\"color: #fff\" bgcolor=\"#ea2833\">ANTIKALKWASSERTANK<\/th>\n<th style=\"color: #fff\" bgcolor=\"#ea2833\">REINIGUNGSMITTELTANK<\/th>\n<th style=\"color: #fff\" bgcolor=\"#ea2833\">MAX AUSTRITTSTEMPERATUR<\/th>\n<\/tr>\n<tr>\n<td align=\"center !important\">3.023.24.474<\/td>\n<td align=\"center !important\">PH3075EL<\/td>\n<td align=\"center !important\">12<\/td>\n<td align=\"center !important\">3.17<\/td>\n<td align=\"center !important\">150<\/td>\n<td align=\"center !important\">2175,5<\/td>\n<td align=\"center !important\">1450<\/td>\n<td align=\"center !important\">51<\/td>\n<td align=\"center !important\">38<\/td>\n<td align=\"center !important\">400<\/td>\n<td align=\"center !important\">50<\/td>\n<td align=\"center !important\">3<\/td>\n<td align=\"center !important\">15045<\/td>\n<td align=\"center !important\">1L<\/td>\n<td align=\"center !important\">10L<\/td>\n<td align=\"center !important\">85\u00b0C<\/td>\n<\/tr>\n<\/tbody>\n<\/table>\n<\/div>\n","protected":false},"excerpt":{"rendered":"<p>Professional high pressure cleaner. Fully electric ideal for every need of outdoor cleaning, versatile and high performance. Recommended use: Car washes, workshops, service areas, auto salons, agriculture, transport, fish etc.<\/p>\n","protected":false},"featured_media":68770,"template":"","meta":{"zakra_page_container_layout":"customizer","zakra_page_sidebar_layout":"customizer","zakra_remove_content_margin":false,"zakra_sidebar":"customizer","zakra_transparent_header":"customizer","zakra_logo":0,"zakra_main_header_style":"default","zakra_menu_item_color":"","zakra_menu_item_hover_color":"","zakra_menu_item_active_color":"","zakra_menu_active_style":"","zakra_page_header":true},"product_brand":[],"product_cat":[4087],"product_tag":[],"class_list":{"0":"post-57203","1":"product","2":"type-product","3":"status-publish","4":"has-post-thumbnail","6":"product_cat-100-elektrischer-heisser-hochdruckreiniger","8":"first","9":"instock","10":"shipping-taxable","11":"product-type-simple"},"yoast_head":"<!-- This site is optimized with the Yoast SEO plugin v27.5 - https:\/\/yoast.com\/product\/yoast-seo-wordpress\/ -->\n<title>PH3075EL - Mazzoni<\/title>\n<meta name=\"robots\" content=\"index, follow, max-snippet:-1, max-image-preview:large, max-video-preview:-1\" \/>\n<link rel=\"canonical\" href=\"https:\/\/e-mazzoni.it\/de\/Produkt\/ph3075el\/\" \/>\n<meta property=\"og:locale\" content=\"de_DE\" \/>\n<meta property=\"og:type\" content=\"article\" \/>\n<meta property=\"og:title\" content=\"PH3075EL - Mazzoni\" \/>\n<meta property=\"og:description\" content=\"Professional high pressure cleaner. Fully electric ideal for every need of outdoor cleaning, versatile and high performance. Recommended use: Car washes, workshops, service areas, auto salons, agriculture, transport, fish etc.\" \/>\n<meta property=\"og:url\" content=\"https:\/\/e-mazzoni.it\/de\/Produkt\/ph3075el\/\" \/>\n<meta property=\"og:site_name\" content=\"Mazzoni\" \/>\n<meta property=\"article:modified_time\" content=\"2026-04-27T03:20:19+00:00\" \/>\n<meta property=\"og:image\" content=\"https:\/\/e-mazzoni.it\/wp-content\/uploads\/2026\/04\/DOC4082128326.jpg\" \/>\n\t<meta property=\"og:image:width\" content=\"1600\" \/>\n\t<meta property=\"og:image:height\" content=\"1372\" \/>\n\t<meta property=\"og:image:type\" content=\"image\/jpeg\" \/>\n<meta name=\"twitter:card\" content=\"summary_large_image\" \/>\n<meta name=\"twitter:label1\" content=\"Gesch\u00e4tzte Lesezeit\" \/>\n\t<meta name=\"twitter:data1\" content=\"1\u00a0Minute\" \/>\n<!-- \/ Yoast SEO plugin. -->","yoast_head_json":{"title":"PH3075EL - Mazzoni","robots":{"index":"index","follow":"follow","max-snippet":"max-snippet:-1","max-image-preview":"max-image-preview:large","max-video-preview":"max-video-preview:-1"},"canonical":"https:\/\/e-mazzoni.it\/de\/Produkt\/ph3075el\/","og_locale":"de_DE","og_type":"article","og_title":"PH3075EL - Mazzoni","og_description":"Professional high pressure cleaner. Fully electric ideal for every need of outdoor cleaning, versatile and high performance. Recommended use: Car washes, workshops, service areas, auto salons, agriculture, transport, fish etc.","og_url":"https:\/\/e-mazzoni.it\/de\/Produkt\/ph3075el\/","og_site_name":"Mazzoni","article_modified_time":"2026-04-27T03:20:19+00:00","og_image":[{"width":1600,"height":1372,"url":"https:\/\/e-mazzoni.it\/wp-content\/uploads\/2026\/04\/DOC4082128326.jpg","type":"image\/jpeg"}],"twitter_card":"summary_large_image","twitter_misc":{"Gesch\u00e4tzte Lesezeit":"1\u00a0Minute"},"schema":{"@context":"https:\/\/schema.org","@graph":[{"@type":"WebPage","@id":"https:\/\/e-mazzoni.it\/de\/Produkt\/ph3075el\/","url":"https:\/\/e-mazzoni.it\/de\/Produkt\/ph3075el\/","name":"PH3075EL - Mazzoni","isPartOf":{"@id":"https:\/\/e-mazzoni.it\/de\/#website"},"primaryImageOfPage":{"@id":"https:\/\/e-mazzoni.it\/de\/Produkt\/ph3075el\/#primaryimage"},"image":{"@id":"https:\/\/e-mazzoni.it\/de\/Produkt\/ph3075el\/#primaryimage"},"thumbnailUrl":"https:\/\/e-mazzoni.it\/wp-content\/uploads\/2026\/04\/DOC4082128326.jpg","datePublished":"2025-02-26T01:07:01+00:00","dateModified":"2026-04-27T03:20:19+00:00","breadcrumb":{"@id":"https:\/\/e-mazzoni.it\/de\/Produkt\/ph3075el\/#breadcrumb"},"inLanguage":"de","potentialAction":[{"@type":"ReadAction","target":["https:\/\/e-mazzoni.it\/de\/Produkt\/ph3075el\/"]}]},{"@type":"ImageObject","inLanguage":"de","@id":"https:\/\/e-mazzoni.it\/de\/Produkt\/ph3075el\/#primaryimage","url":"https:\/\/e-mazzoni.it\/wp-content\/uploads\/2026\/04\/DOC4082128326.jpg","contentUrl":"https:\/\/e-mazzoni.it\/wp-content\/uploads\/2026\/04\/DOC4082128326.jpg","width":1600,"height":1372},{"@type":"BreadcrumbList","@id":"https:\/\/e-mazzoni.it\/de\/Produkt\/ph3075el\/#breadcrumb","itemListElement":[{"@type":"ListItem","position":1,"name":"Home","item":"https:\/\/e-mazzoni.it\/de\/"},{"@type":"ListItem","position":2,"name":"Produkte","item":"https:\/\/e-mazzoni.it\/de\/produkte\/"},{"@type":"ListItem","position":3,"name":"PH3075EL"}]},{"@type":"WebSite","@id":"https:\/\/e-mazzoni.it\/de\/#website","url":"https:\/\/e-mazzoni.it\/de\/","name":"Mazzoni","description":"Mazzoni","publisher":{"@id":"https:\/\/e-mazzoni.it\/de\/#organization"},"potentialAction":[{"@type":"SearchAction","target":{"@type":"EntryPoint","urlTemplate":"https:\/\/e-mazzoni.it\/de\/?s={search_term_string}"},"query-input":{"@type":"PropertyValueSpecification","valueRequired":true,"valueName":"search_term_string"}}],"inLanguage":"de"},{"@type":"Organization","@id":"https:\/\/e-mazzoni.it\/de\/#organization","name":"Mazzoni","url":"https:\/\/e-mazzoni.it\/de\/","logo":{"@type":"ImageObject","inLanguage":"de","@id":"https:\/\/e-mazzoni.it\/de\/#\/schema\/logo\/image\/","url":"https:\/\/e-mazzoni.it\/wp-content\/uploads\/2023\/07\/logo.png","contentUrl":"https:\/\/e-mazzoni.it\/wp-content\/uploads\/2023\/07\/logo.png","width":250,"height":109,"caption":"Mazzoni"},"image":{"@id":"https:\/\/e-mazzoni.it\/de\/#\/schema\/logo\/image\/"}}]}},"_links":{"self":[{"href":"https:\/\/e-mazzoni.it\/de\/wp-json\/wp\/v2\/product\/57203","targetHints":{"allow":["GET"]}}],"collection":[{"href":"https:\/\/e-mazzoni.it\/de\/wp-json\/wp\/v2\/product"}],"about":[{"href":"https:\/\/e-mazzoni.it\/de\/wp-json\/wp\/v2\/types\/product"}],"wp:featuredmedia":[{"embeddable":true,"href":"https:\/\/e-mazzoni.it\/de\/wp-json\/wp\/v2\/media\/68770"}],"wp:attachment":[{"href":"https:\/\/e-mazzoni.it\/de\/wp-json\/wp\/v2\/media?parent=57203"}],"wp:term":[{"taxonomy":"product_brand","embeddable":true,"href":"https:\/\/e-mazzoni.it\/de\/wp-json\/wp\/v2\/product_brand?post=57203"},{"taxonomy":"product_cat","embeddable":true,"href":"https:\/\/e-mazzoni.it\/de\/wp-json\/wp\/v2\/product_cat?post=57203"},{"taxonomy":"product_tag","embeddable":true,"href":"https:\/\/e-mazzoni.it\/de\/wp-json\/wp\/v2\/product_tag?post=57203"}],"curies":[{"name":"wp","href":"https:\/\/api.w.org\/{rel}","templated":true}]}}