{"id":54473,"date":"2025-02-12T01:08:23","date_gmt":"2025-02-12T01:08:23","guid":{"rendered":"https:\/\/e-mazzoni.it\/prodotto\/kx-hochtemperatur-version\/"},"modified":"2026-03-27T05:00:25","modified_gmt":"2026-03-27T05:00:25","slug":"kx-hochtemperatur-version","status":"publish","type":"product","link":"https:\/\/e-mazzoni.it\/de\/Produkt\/kx-hochtemperatur-version\/","title":{"rendered":"KX -HOCHTEMPERATUR-VERSION"},"content":{"rendered":"<p>Professioneller Kaltwasser-Hochdruckreiniger mit lackiertem Stahlrahmen und Edelstahloberteil.<\/p>\n<div>\n<table style=\"width: 100%\" border=\"1\" id=\"table_options\">\n<tbody>\n<tr>\n<th style=\"color: #fff\" bgcolor=\"#ea2833\">CODE<\/th>\n<th style=\"color: #fff\" bgcolor=\"#ea2833\">MODELL<\/th>\n<th style=\"color: #fff\" bgcolor=\"#ea2833\">L\/MIN &#8211; 1450 RPM<\/th>\n<th style=\"color: #fff\" bgcolor=\"#ea2833\">GPM &#8211; 1450 RPM<\/th>\n<th style=\"color: #fff\" bgcolor=\"#ea2833\">BAR<\/th>\n<th style=\"color: #fff\" bgcolor=\"#ea2833\">PSI<\/th>\n<th style=\"color: #fff\" bgcolor=\"#ea2833\">RPM 50 HZ<\/th>\n<th style=\"color: #fff\" bgcolor=\"#ea2833\">HP<\/th>\n<th style=\"color: #fff\" bgcolor=\"#ea2833\">KW<\/th>\n<th style=\"color: #fff\" bgcolor=\"#ea2833\">VOLT<\/th>\n<th style=\"color: #fff\" bgcolor=\"#ea2833\">Hz<\/th>\n<th style=\"color: #fff\" bgcolor=\"#ea2833\">PHASE<\/th>\n<th style=\"color: #fff\" bgcolor=\"#ea2833\">ZU 50 HZ<\/th>\n<th style=\"color: #fff\" bgcolor=\"#ea2833\">D\u00dcSE WASSER<\/th>\n<th style=\"color: #fff\" bgcolor=\"#ea2833\">REINIGUNGSMITTELTANK<\/th>\n<th style=\"color: #fff\" bgcolor=\"#ea2833\">REINIGUNGSMITTELTANK (GAL)<\/th>\n<th style=\"color: #fff\" bgcolor=\"#ea2833\">MAX AUSTRITTSTEMPERATUR<\/th>\n<th style=\"color: #fff\" bgcolor=\"#ea2833\">MAX TEMPERATUR AUSGANG (F)<\/th>\n<\/tr>\n<tr>\n<td align=\"center !important\">3.023.14.493<\/td>\n<td align=\"center !important\">KX3005<\/td>\n<td align=\"center !important\">10<\/td>\n<td align=\"center !important\">2,64<\/td>\n<td align=\"center !important\">150<\/td>\n<td align=\"center !important\">2175<\/td>\n<td align=\"center !important\">1450<\/td>\n<td align=\"center !important\">3<\/td>\n<td align=\"center !important\">2,2<\/td>\n<td align=\"center !important\">230<\/td>\n<td align=\"center !important\">50<\/td>\n<td align=\"center !important\">1<\/td>\n<td align=\"center !important\">11,4<\/td>\n<td align=\"center !important\">1505<\/td>\n<td align=\"center !important\">5 L<\/td>\n<td align=\"center !important\">1,3 gal<\/td>\n<td align=\"center !important\">85\u00b0C<\/td>\n<td align=\"center !important\">185\u00b0F<\/td>\n<\/tr>\n<tr>\n<td align=\"center !important\">3.023.14.467<\/td>\n<td align=\"center !important\">KX4005<\/td>\n<td align=\"center !important\">15<\/td>\n<td align=\"center !important\">3,96<\/td>\n<td align=\"center !important\">200<\/td>\n<td align=\"center !important\">2901<\/td>\n<td align=\"center !important\">1450<\/td>\n<td align=\"center !important\">7,5<\/td>\n<td align=\"center !important\">5,5<\/td>\n<td align=\"center !important\">400<\/td>\n<td align=\"center !important\">50<\/td>\n<td align=\"center !important\">3<\/td>\n<td align=\"center !important\">11<\/td>\n<td align=\"center !important\">1505<\/td>\n<td align=\"center !important\">5 L<\/td>\n<td align=\"center !important\">1,3 gal<\/td>\n<td align=\"center !important\">85\u00b0C<\/td>\n<td align=\"center !important\">185\u00b0F<\/td>\n<\/tr>\n<tr>\n<td align=\"center !important\">3.023.14.419<\/td>\n<td align=\"center !important\">KX4055 HT TST<\/td>\n<td align=\"center !important\">21<\/td>\n<td align=\"center !important\">5,5<\/td>\n<td align=\"center !important\">150<\/td>\n<td align=\"center !important\">2900<\/td>\n<td align=\"center !important\">1450<\/td>\n<td align=\"center !important\">7,5<\/td>\n<td align=\"center !important\">5.5<\/td>\n<td align=\"center !important\">400<\/td>\n<td align=\"center !important\">50<\/td>\n<td align=\"center !important\">3<\/td>\n<td align=\"center !important\">11<\/td>\n<td align=\"center !important\">1508<\/td>\n<td align=\"center !important\">5 L<\/td>\n<td align=\"center !important\">1,3 gal<\/td>\n<td align=\"center !important\">85\u00b0C<\/td>\n<td align=\"center !important\">185\u00b0F<\/td>\n<\/tr>\n<\/tbody>\n<\/table>\n<\/div>\n","protected":false},"excerpt":{"rendered":"<p>Geeignet f\u00fcr den t\u00e4glichen Gebrauch bei der Reinigung von Geb\u00e4uden, Maschinen, Fahrzeugen und Ger\u00e4ten. Die Mazzoni-Hochdruckreiniger eignen sich hervorragend zur Reinigung von verkrustetem und hartn\u00e4ckigem Schmutz, da sie mit ihrem Druck und ihrer F\u00f6rderleistung das Waschen gro\u00dfer Fl\u00e4chen bei geringem Stromverbrauch beg\u00fcnstigen. Empfohlene Verwendung: Landwirtschaft, Handwerker, Lebensmittelindustrie, Metallurgie , kommunale Einrichtungen, Transport, M\u00e4rkte, Schiffbau usw.<\/p>\n","protected":false},"featured_media":68780,"template":"","meta":{"zakra_page_container_layout":"customizer","zakra_page_sidebar_layout":"customizer","zakra_remove_content_margin":false,"zakra_sidebar":"customizer","zakra_transparent_header":"customizer","zakra_logo":0,"zakra_main_header_style":"default","zakra_menu_item_color":"","zakra_menu_item_hover_color":"","zakra_menu_item_active_color":"","zakra_menu_active_style":"","zakra_page_header":true},"product_brand":[],"product_cat":[3605],"product_tag":[3664,3648],"class_list":{"0":"post-54473","1":"product","2":"type-product","3":"status-publish","4":"has-post-thumbnail","6":"product_cat-kaltgeraete-fuer-hochdruckreiniger","7":"product_tag-autowaschanlage_de","8":"product_tag-reinigung_de","10":"first","11":"instock","12":"shipping-taxable","13":"product-type-simple"},"yoast_head":"<!-- This site is optimized with the Yoast SEO plugin v27.5 - https:\/\/yoast.com\/product\/yoast-seo-wordpress\/ -->\n<title>KX -HOCHTEMPERATUR-VERSION - Mazzoni<\/title>\n<meta name=\"robots\" content=\"index, follow, max-snippet:-1, max-image-preview:large, max-video-preview:-1\" \/>\n<link rel=\"canonical\" href=\"https:\/\/e-mazzoni.it\/de\/Produkt\/kx-hochtemperatur-version\/\" \/>\n<meta property=\"og:locale\" content=\"de_DE\" \/>\n<meta property=\"og:type\" content=\"article\" \/>\n<meta property=\"og:title\" content=\"KX -HOCHTEMPERATUR-VERSION - Mazzoni\" \/>\n<meta property=\"og:description\" content=\"Geeignet f\u00fcr den t\u00e4glichen Gebrauch bei der Reinigung von Geb\u00e4uden, Maschinen, Fahrzeugen und Ger\u00e4ten. Die Mazzoni-Hochdruckreiniger eignen sich hervorragend zur Reinigung von verkrustetem und hartn\u00e4ckigem Schmutz, da sie mit ihrem Druck und ihrer F\u00f6rderleistung das Waschen gro\u00dfer Fl\u00e4chen bei geringem Stromverbrauch beg\u00fcnstigen. Empfohlene Verwendung: Landwirtschaft, Handwerker, Lebensmittelindustrie, Metallurgie , kommunale Einrichtungen, Transport, M\u00e4rkte, Schiffbau usw.\" \/>\n<meta property=\"og:url\" content=\"https:\/\/e-mazzoni.it\/de\/Produkt\/kx-hochtemperatur-version\/\" \/>\n<meta property=\"og:site_name\" content=\"Mazzoni\" \/>\n<meta property=\"article:modified_time\" content=\"2026-03-27T05:00:25+00:00\" \/>\n<meta property=\"og:image\" content=\"https:\/\/e-mazzoni.it\/wp-content\/uploads\/2025\/11\/DOC4833734228.jpg\" \/>\n\t<meta property=\"og:image:width\" content=\"800\" \/>\n\t<meta property=\"og:image:height\" content=\"800\" \/>\n\t<meta property=\"og:image:type\" content=\"image\/jpeg\" \/>\n<meta name=\"twitter:card\" content=\"summary_large_image\" \/>\n<!-- \/ Yoast SEO plugin. -->","yoast_head_json":{"title":"KX -HOCHTEMPERATUR-VERSION - Mazzoni","robots":{"index":"index","follow":"follow","max-snippet":"max-snippet:-1","max-image-preview":"max-image-preview:large","max-video-preview":"max-video-preview:-1"},"canonical":"https:\/\/e-mazzoni.it\/de\/Produkt\/kx-hochtemperatur-version\/","og_locale":"de_DE","og_type":"article","og_title":"KX -HOCHTEMPERATUR-VERSION - Mazzoni","og_description":"Geeignet f\u00fcr den t\u00e4glichen Gebrauch bei der Reinigung von Geb\u00e4uden, Maschinen, Fahrzeugen und Ger\u00e4ten. Die Mazzoni-Hochdruckreiniger eignen sich hervorragend zur Reinigung von verkrustetem und hartn\u00e4ckigem Schmutz, da sie mit ihrem Druck und ihrer F\u00f6rderleistung das Waschen gro\u00dfer Fl\u00e4chen bei geringem Stromverbrauch beg\u00fcnstigen. Empfohlene Verwendung: Landwirtschaft, Handwerker, Lebensmittelindustrie, Metallurgie , kommunale Einrichtungen, Transport, M\u00e4rkte, Schiffbau usw.","og_url":"https:\/\/e-mazzoni.it\/de\/Produkt\/kx-hochtemperatur-version\/","og_site_name":"Mazzoni","article_modified_time":"2026-03-27T05:00:25+00:00","og_image":[{"width":800,"height":800,"url":"https:\/\/e-mazzoni.it\/wp-content\/uploads\/2025\/11\/DOC4833734228.jpg","type":"image\/jpeg"}],"twitter_card":"summary_large_image","schema":{"@context":"https:\/\/schema.org","@graph":[{"@type":"WebPage","@id":"https:\/\/e-mazzoni.it\/de\/Produkt\/kx-hochtemperatur-version\/","url":"https:\/\/e-mazzoni.it\/de\/Produkt\/kx-hochtemperatur-version\/","name":"KX -HOCHTEMPERATUR-VERSION - Mazzoni","isPartOf":{"@id":"https:\/\/e-mazzoni.it\/de\/#website"},"primaryImageOfPage":{"@id":"https:\/\/e-mazzoni.it\/de\/Produkt\/kx-hochtemperatur-version\/#primaryimage"},"image":{"@id":"https:\/\/e-mazzoni.it\/de\/Produkt\/kx-hochtemperatur-version\/#primaryimage"},"thumbnailUrl":"https:\/\/e-mazzoni.it\/wp-content\/uploads\/2026\/04\/DOC6847960122.jpg","datePublished":"2025-02-12T01:08:23+00:00","dateModified":"2026-03-27T05:00:25+00:00","breadcrumb":{"@id":"https:\/\/e-mazzoni.it\/de\/Produkt\/kx-hochtemperatur-version\/#breadcrumb"},"inLanguage":"de","potentialAction":[{"@type":"ReadAction","target":["https:\/\/e-mazzoni.it\/de\/Produkt\/kx-hochtemperatur-version\/"]}]},{"@type":"ImageObject","inLanguage":"de","@id":"https:\/\/e-mazzoni.it\/de\/Produkt\/kx-hochtemperatur-version\/#primaryimage","url":"https:\/\/e-mazzoni.it\/wp-content\/uploads\/2026\/04\/DOC6847960122.jpg","contentUrl":"https:\/\/e-mazzoni.it\/wp-content\/uploads\/2026\/04\/DOC6847960122.jpg","width":800,"height":800},{"@type":"BreadcrumbList","@id":"https:\/\/e-mazzoni.it\/de\/Produkt\/kx-hochtemperatur-version\/#breadcrumb","itemListElement":[{"@type":"ListItem","position":1,"name":"Home","item":"https:\/\/e-mazzoni.it\/de\/"},{"@type":"ListItem","position":2,"name":"Produkte","item":"https:\/\/e-mazzoni.it\/de\/produkte\/"},{"@type":"ListItem","position":3,"name":"KX -HOCHTEMPERATUR-VERSION"}]},{"@type":"WebSite","@id":"https:\/\/e-mazzoni.it\/de\/#website","url":"https:\/\/e-mazzoni.it\/de\/","name":"Mazzoni","description":"Mazzoni","publisher":{"@id":"https:\/\/e-mazzoni.it\/de\/#organization"},"potentialAction":[{"@type":"SearchAction","target":{"@type":"EntryPoint","urlTemplate":"https:\/\/e-mazzoni.it\/de\/?s={search_term_string}"},"query-input":{"@type":"PropertyValueSpecification","valueRequired":true,"valueName":"search_term_string"}}],"inLanguage":"de"},{"@type":"Organization","@id":"https:\/\/e-mazzoni.it\/de\/#organization","name":"Mazzoni","url":"https:\/\/e-mazzoni.it\/de\/","logo":{"@type":"ImageObject","inLanguage":"de","@id":"https:\/\/e-mazzoni.it\/de\/#\/schema\/logo\/image\/","url":"https:\/\/e-mazzoni.it\/wp-content\/uploads\/2023\/07\/logo.png","contentUrl":"https:\/\/e-mazzoni.it\/wp-content\/uploads\/2023\/07\/logo.png","width":250,"height":109,"caption":"Mazzoni"},"image":{"@id":"https:\/\/e-mazzoni.it\/de\/#\/schema\/logo\/image\/"}}]}},"_links":{"self":[{"href":"https:\/\/e-mazzoni.it\/de\/wp-json\/wp\/v2\/product\/54473","targetHints":{"allow":["GET"]}}],"collection":[{"href":"https:\/\/e-mazzoni.it\/de\/wp-json\/wp\/v2\/product"}],"about":[{"href":"https:\/\/e-mazzoni.it\/de\/wp-json\/wp\/v2\/types\/product"}],"wp:featuredmedia":[{"embeddable":true,"href":"https:\/\/e-mazzoni.it\/de\/wp-json\/wp\/v2\/media\/68780"}],"wp:attachment":[{"href":"https:\/\/e-mazzoni.it\/de\/wp-json\/wp\/v2\/media?parent=54473"}],"wp:term":[{"taxonomy":"product_brand","embeddable":true,"href":"https:\/\/e-mazzoni.it\/de\/wp-json\/wp\/v2\/product_brand?post=54473"},{"taxonomy":"product_cat","embeddable":true,"href":"https:\/\/e-mazzoni.it\/de\/wp-json\/wp\/v2\/product_cat?post=54473"},{"taxonomy":"product_tag","embeddable":true,"href":"https:\/\/e-mazzoni.it\/de\/wp-json\/wp\/v2\/product_tag?post=54473"}],"curies":[{"name":"wp","href":"https:\/\/api.w.org\/{rel}","templated":true}]}}