{"id":50988,"date":"2024-10-15T06:46:55","date_gmt":"2024-10-15T06:46:55","guid":{"rendered":"https:\/\/e-mazzoni.it\/prodotto\/drei-widerstaende\/"},"modified":"2026-05-02T02:14:11","modified_gmt":"2026-05-02T02:14:11","slug":"drei-widerstaende","status":"publish","type":"product","link":"https:\/\/e-mazzoni.it\/de\/Produkt\/drei-widerstaende\/","title":{"rendered":"DREI WIDERST\u00c4NDE"},"content":{"rendered":"<p>Mazzoni Elektrokessel 12 L\/MIN 400 V Temperatur max. 85\u00b0C Leistung 24 kW<\/p>\n<div>\n<table style=\"width: 100%\" border=\"1\" id=\"table_options\">\n<tbody>\n<tr>\n<th style=\"color: #fff\" bgcolor=\"#ea2833\">CODE<\/th>\n<th style=\"color: #fff\" bgcolor=\"#ea2833\">L\/MIN &#8211; 1450 RPM<\/th>\n<th style=\"color: #fff\" bgcolor=\"#ea2833\">GPM &#8211; 1450 RPM<\/th>\n<th style=\"color: #fff\" bgcolor=\"#ea2833\">BAR<\/th>\n<th style=\"color: #fff\" bgcolor=\"#ea2833\">PSI<\/th>\n<th style=\"color: #fff\" bgcolor=\"#ea2833\">VOLT<\/th>\n<th style=\"color: #fff\" bgcolor=\"#ea2833\">Hz<\/th>\n<th style=\"color: #fff\" bgcolor=\"#ea2833\">ZU 50 HZ<\/th>\n<th style=\"color: #fff\" bgcolor=\"#ea2833\">KW<\/th>\n<th style=\"color: #fff\" bgcolor=\"#ea2833\">MAX TEMPERATUR AUSGANG (\u00b0C)<\/th>\n<th style=\"color: #fff\" bgcolor=\"#ea2833\">MAX TEMPERATUR AUSGANG (F)<\/th>\n<th style=\"color: #fff\" bgcolor=\"#ea2833\">INLET<\/th>\n<th style=\"color: #fff\" bgcolor=\"#ea2833\">OUTLET<\/th>\n<th style=\"color: #fff\" bgcolor=\"#ea2833\">MIN EINGANGSDRUCK (BAR)<\/th>\n<th style=\"color: #fff\" bgcolor=\"#ea2833\">MIN EINGANGSDRUCK (PSI)<\/th>\n<th style=\"color: #fff\" bgcolor=\"#ea2833\">EIGENGEWICHT (KG)<\/th>\n<th style=\"color: #fff\" bgcolor=\"#ea2833\">EIGENGEWICHT (LBS)<\/th>\n<\/tr>\n<tr>\n<td align=\"center !important\">3.026.04.087<\/td>\n<td align=\"center !important\">12<\/td>\n<td align=\"center !important\">3.17<\/td>\n<td align=\"center !important\"><\/td>\n<td align=\"center !important\"><\/td>\n<td align=\"center !important\">400<\/td>\n<td align=\"center !important\">50<\/td>\n<td align=\"center !important\">37<\/td>\n<td align=\"center !important\">25.5<\/td>\n<td align=\"center !important\">85\u00b0C<\/td>\n<td align=\"center !important\">185\u00b0F<\/td>\n<td align=\"center !important\">G 3\/4&#8243;<\/td>\n<td align=\"center !important\">G 1\/2&#8243;<\/td>\n<td align=\"center !important\">1<\/td>\n<td align=\"center !important\">14.5<\/td>\n<td align=\"center !important\">32<\/td>\n<td align=\"center !important\">70.5<\/td>\n<\/tr>\n<\/tbody>\n<\/table>\n<\/div>\n","protected":false},"excerpt":{"rendered":"<p>Maximale Erw\u00e4rmung und minimale Emission von Stickoxiden in die Umwelt. Die Heizkessel von Mazzoni stehen f\u00fcr Sicherheit und Qualit\u00e4t, garantiert durch hochwertige Materialien und eine Dimensionierung, die auf maximale Kalorieneffizienz ausgelegt ist, mit einem aufmerksamen Blick auf Energieeinsparungen und neue Umwelt- und Sicherheitsvorschriften. \u00a0<\/p>\n","protected":false},"featured_media":67900,"template":"","meta":{"zakra_page_container_layout":"customizer","zakra_page_sidebar_layout":"customizer","zakra_remove_content_margin":false,"zakra_sidebar":"customizer","zakra_transparent_header":"customizer","zakra_logo":0,"zakra_main_header_style":"default","zakra_menu_item_color":"","zakra_menu_item_hover_color":"","zakra_menu_item_active_color":"","zakra_menu_active_style":"","zakra_page_header":true},"product_brand":[],"product_cat":[3717],"product_tag":[3664,3688,3672,3656,3648,3704,3712],"class_list":{"0":"post-50988","1":"product","2":"type-product","3":"status-publish","4":"has-post-thumbnail","6":"product_cat-elektrokessel","7":"product_tag-autowaschanlage_de","8":"product_tag-bauwesen_de","9":"product_tag-industrie_lebensmittel_de","10":"product_tag-landwirtschaft_de","11":"product_tag-reinigung_de","12":"product_tag-schiffbau_de","13":"product_tag-schwerindustrie_de","15":"first","16":"instock","17":"shipping-taxable","18":"product-type-simple"},"yoast_head":"<!-- This site is optimized with the Yoast SEO plugin v27.5 - https:\/\/yoast.com\/product\/yoast-seo-wordpress\/ -->\n<title>DREI WIDERST\u00c4NDE - Mazzoni<\/title>\n<meta name=\"robots\" content=\"index, follow, max-snippet:-1, max-image-preview:large, max-video-preview:-1\" \/>\n<link rel=\"canonical\" href=\"https:\/\/e-mazzoni.it\/de\/Produkt\/drei-widerstaende\/\" \/>\n<meta property=\"og:locale\" content=\"de_DE\" \/>\n<meta property=\"og:type\" content=\"article\" \/>\n<meta property=\"og:title\" content=\"DREI WIDERST\u00c4NDE - Mazzoni\" \/>\n<meta property=\"og:description\" content=\"Maximale Erw\u00e4rmung und minimale Emission von Stickoxiden in die Umwelt. Die Heizkessel von Mazzoni stehen f\u00fcr Sicherheit und Qualit\u00e4t, garantiert durch hochwertige Materialien und eine Dimensionierung, die auf maximale Kalorieneffizienz ausgelegt ist, mit einem aufmerksamen Blick auf Energieeinsparungen und neue Umwelt- und Sicherheitsvorschriften. \u00a0\" \/>\n<meta property=\"og:url\" content=\"https:\/\/e-mazzoni.it\/de\/Produkt\/drei-widerstaende\/\" \/>\n<meta property=\"og:site_name\" content=\"Mazzoni\" \/>\n<meta property=\"article:modified_time\" content=\"2026-05-02T02:14:11+00:00\" \/>\n<meta property=\"og:image\" content=\"https:\/\/e-mazzoni.it\/wp-content\/uploads\/2026\/04\/DOC1363251038.jpg\" \/>\n\t<meta property=\"og:image:width\" content=\"1440\" \/>\n\t<meta property=\"og:image:height\" content=\"1080\" \/>\n\t<meta property=\"og:image:type\" content=\"image\/jpeg\" \/>\n<meta name=\"twitter:card\" content=\"summary_large_image\" \/>\n<!-- \/ Yoast SEO plugin. -->","yoast_head_json":{"title":"DREI WIDERST\u00c4NDE - Mazzoni","robots":{"index":"index","follow":"follow","max-snippet":"max-snippet:-1","max-image-preview":"max-image-preview:large","max-video-preview":"max-video-preview:-1"},"canonical":"https:\/\/e-mazzoni.it\/de\/Produkt\/drei-widerstaende\/","og_locale":"de_DE","og_type":"article","og_title":"DREI WIDERST\u00c4NDE - Mazzoni","og_description":"Maximale Erw\u00e4rmung und minimale Emission von Stickoxiden in die Umwelt. Die Heizkessel von Mazzoni stehen f\u00fcr Sicherheit und Qualit\u00e4t, garantiert durch hochwertige Materialien und eine Dimensionierung, die auf maximale Kalorieneffizienz ausgelegt ist, mit einem aufmerksamen Blick auf Energieeinsparungen und neue Umwelt- und Sicherheitsvorschriften. \u00a0","og_url":"https:\/\/e-mazzoni.it\/de\/Produkt\/drei-widerstaende\/","og_site_name":"Mazzoni","article_modified_time":"2026-05-02T02:14:11+00:00","og_image":[{"width":1440,"height":1080,"url":"https:\/\/e-mazzoni.it\/wp-content\/uploads\/2026\/04\/DOC1363251038.jpg","type":"image\/jpeg"}],"twitter_card":"summary_large_image","schema":{"@context":"https:\/\/schema.org","@graph":[{"@type":"WebPage","@id":"https:\/\/e-mazzoni.it\/de\/Produkt\/drei-widerstaende\/","url":"https:\/\/e-mazzoni.it\/de\/Produkt\/drei-widerstaende\/","name":"DREI WIDERST\u00c4NDE - Mazzoni","isPartOf":{"@id":"https:\/\/e-mazzoni.it\/de\/#website"},"primaryImageOfPage":{"@id":"https:\/\/e-mazzoni.it\/de\/Produkt\/drei-widerstaende\/#primaryimage"},"image":{"@id":"https:\/\/e-mazzoni.it\/de\/Produkt\/drei-widerstaende\/#primaryimage"},"thumbnailUrl":"https:\/\/e-mazzoni.it\/wp-content\/uploads\/2026\/04\/DOC1363251038.jpg","datePublished":"2024-10-15T06:46:55+00:00","dateModified":"2026-05-02T02:14:11+00:00","breadcrumb":{"@id":"https:\/\/e-mazzoni.it\/de\/Produkt\/drei-widerstaende\/#breadcrumb"},"inLanguage":"de","potentialAction":[{"@type":"ReadAction","target":["https:\/\/e-mazzoni.it\/de\/Produkt\/drei-widerstaende\/"]}]},{"@type":"ImageObject","inLanguage":"de","@id":"https:\/\/e-mazzoni.it\/de\/Produkt\/drei-widerstaende\/#primaryimage","url":"https:\/\/e-mazzoni.it\/wp-content\/uploads\/2026\/04\/DOC1363251038.jpg","contentUrl":"https:\/\/e-mazzoni.it\/wp-content\/uploads\/2026\/04\/DOC1363251038.jpg","width":1440,"height":1080},{"@type":"BreadcrumbList","@id":"https:\/\/e-mazzoni.it\/de\/Produkt\/drei-widerstaende\/#breadcrumb","itemListElement":[{"@type":"ListItem","position":1,"name":"Home","item":"https:\/\/e-mazzoni.it\/de\/"},{"@type":"ListItem","position":2,"name":"Produkte","item":"https:\/\/e-mazzoni.it\/de\/produkte\/"},{"@type":"ListItem","position":3,"name":"DREI WIDERST\u00c4NDE"}]},{"@type":"WebSite","@id":"https:\/\/e-mazzoni.it\/de\/#website","url":"https:\/\/e-mazzoni.it\/de\/","name":"Mazzoni","description":"Mazzoni","publisher":{"@id":"https:\/\/e-mazzoni.it\/de\/#organization"},"potentialAction":[{"@type":"SearchAction","target":{"@type":"EntryPoint","urlTemplate":"https:\/\/e-mazzoni.it\/de\/?s={search_term_string}"},"query-input":{"@type":"PropertyValueSpecification","valueRequired":true,"valueName":"search_term_string"}}],"inLanguage":"de"},{"@type":"Organization","@id":"https:\/\/e-mazzoni.it\/de\/#organization","name":"Mazzoni","url":"https:\/\/e-mazzoni.it\/de\/","logo":{"@type":"ImageObject","inLanguage":"de","@id":"https:\/\/e-mazzoni.it\/de\/#\/schema\/logo\/image\/","url":"https:\/\/e-mazzoni.it\/wp-content\/uploads\/2023\/07\/logo.png","contentUrl":"https:\/\/e-mazzoni.it\/wp-content\/uploads\/2023\/07\/logo.png","width":250,"height":109,"caption":"Mazzoni"},"image":{"@id":"https:\/\/e-mazzoni.it\/de\/#\/schema\/logo\/image\/"}}]}},"_links":{"self":[{"href":"https:\/\/e-mazzoni.it\/de\/wp-json\/wp\/v2\/product\/50988","targetHints":{"allow":["GET"]}}],"collection":[{"href":"https:\/\/e-mazzoni.it\/de\/wp-json\/wp\/v2\/product"}],"about":[{"href":"https:\/\/e-mazzoni.it\/de\/wp-json\/wp\/v2\/types\/product"}],"wp:featuredmedia":[{"embeddable":true,"href":"https:\/\/e-mazzoni.it\/de\/wp-json\/wp\/v2\/media\/67900"}],"wp:attachment":[{"href":"https:\/\/e-mazzoni.it\/de\/wp-json\/wp\/v2\/media?parent=50988"}],"wp:term":[{"taxonomy":"product_brand","embeddable":true,"href":"https:\/\/e-mazzoni.it\/de\/wp-json\/wp\/v2\/product_brand?post=50988"},{"taxonomy":"product_cat","embeddable":true,"href":"https:\/\/e-mazzoni.it\/de\/wp-json\/wp\/v2\/product_cat?post=50988"},{"taxonomy":"product_tag","embeddable":true,"href":"https:\/\/e-mazzoni.it\/de\/wp-json\/wp\/v2\/product_tag?post=50988"}],"curies":[{"name":"wp","href":"https:\/\/api.w.org\/{rel}","templated":true}]}}