{"id":32897,"date":"2024-10-15T06:58:52","date_gmt":"2024-10-15T06:58:52","guid":{"rendered":"https:\/\/e-mazzoni.it\/prodotto\/werkzeuge-fuer-die-wartung-von-pumpen\/"},"modified":"2026-04-27T03:17:22","modified_gmt":"2026-04-27T03:17:22","slug":"werkzeuge-fuer-die-wartung-von-pumpen","status":"publish","type":"product","link":"https:\/\/e-mazzoni.it\/de\/Produkt\/werkzeuge-fuer-die-wartung-von-pumpen\/","title":{"rendered":"WERKZEUGE F\u00dcR DIE WARTUNG VON PUMPEN"},"content":{"rendered":"<div>\n<table style=\"width: 100%\" border=\"1\" id=\"table_options\">\n<tbody>\n<tr>\n<th style=\"color: #fff\" bgcolor=\"#ea2833\">CODE<\/th>\n<th style=\"color: #fff\" bgcolor=\"#ea2833\">MODELL<\/th>\n<\/tr>\n<tr>\n<td>P3.200.001<\/td>\n<td>KOLBENDICHTUNGSPAD \u00f818 PUMPE PM-PMD<\/td>\n<\/tr>\n<tr>\n<td>P3.200.003<\/td>\n<td>KOLBENDICHTUNGSPAD \u00f820-22  PUMPE GM<\/td>\n<\/tr>\n<tr>\n<td>P3.200.004<\/td>\n<td>KOLBENDICHTUNGSPAD \u00f825- 28 PUMPE GM<\/td>\n<\/tr>\n<tr>\n<td>P3.200.005<\/td>\n<td>KOLBENDICHTUNGSPAD \u00f816 PUMPE XM<\/td>\n<\/tr>\n<tr>\n<td>1.061.02.001<\/td>\n<td>GLEITHAMMER FUR HOCHDRUCK<\/td>\n<\/tr>\n<tr>\n<td>1.038.02.002<\/td>\n<td>20-30 ZANGE EXTRAKTION DRUCKPUMPE (MMD\/GM\/LM))<\/td>\n<\/tr>\n<tr>\n<td>1.038.02.001<\/td>\n<td>14-20 ZANGE EXTRAKTION DRUCKPUMPE (PMD\/MMD\/XM\/LMX)<\/td>\n<\/tr>\n<tr>\n<td>P3.201.001<\/td>\n<td>CORTECO PUMPE ABZIEHER DICHTRING PM-MM<\/td>\n<\/tr>\n<tr>\n<td>P3.201.002<\/td>\n<td>CORTECO ABZIEHER PUMPE GM-XM<\/td>\n<\/tr>\n<tr>\n<td>P3.200.008<\/td>\n<td>Stempel f\u00fcr Kolbendichtring \u00d818 Pumpe PM\/PMD \u2013 \u00d820 Pumpe MMD<\/td>\n<\/tr>\n<tr>\n<td>P3.200.009<\/td>\n<td>EINF\u00dcGEPUFFER \u00d6LDICHTRING GM &#8211; XM<\/td>\n<\/tr>\n<tr>\n<td>P3.201.003<\/td>\n<td>VAM XM-1 EXTRAKTOR<\/td>\n<\/tr>\n<tr>\n<td>9.034.02.001<\/td>\n<td>LUBRIFICANTE OLIO MOBIL DTE HY MED CONF.DA LITRO<\/td>\n<\/tr>\n<tr>\n<td>9.034.02.002<\/td>\n<td>OLPUMPE *SAE 15 W 40 *1LT*<\/td>\n<\/tr>\n<tr>\n<td>9.034.02.003<\/td>\n<td>OLIO RIDUTTORE PA *1LT*<\/td>\n<\/tr>\n<\/tbody>\n<\/table>\n<\/div>\n","protected":false},"excerpt":{"rendered":"<p>CODE MODELL P3.200.001 KOLBENDICHTUNGSPAD \u00f818 PUMPE PM-PMD P3.200.003 KOLBENDICHTUNGSPAD \u00f820-22 PUMPE GM P3.200.004 KOLBENDICHTUNGSPAD \u00f825- 28 PUMPE GM P3.200.005 KOLBENDICHTUNGSPAD \u00f816 PUMPE XM 1.061.02.001 GLEITHAMMER FUR HOCHDRUCK 1.038.02.002 20-30 ZANGE EXTRAKTION DRUCKPUMPE (MMD\/GM\/LM)) 1.038.02.001 14-20 ZANGE EXTRAKTION DRUCKPUMPE (PMD\/MMD\/XM\/LMX) P3.201.001 CORTECO PUMPE ABZIEHER DICHTRING PM-MM P3.201.002 CORTECO ABZIEHER PUMPE GM-XM P3.200.008 Stempel f\u00fcr Kolbendichtring \u00d818 [&hellip;]<\/p>\n","protected":false},"featured_media":68730,"template":"","meta":{"zakra_page_container_layout":"customizer","zakra_page_sidebar_layout":"customizer","zakra_remove_content_margin":false,"zakra_sidebar":"customizer","zakra_transparent_header":"customizer","zakra_logo":0,"zakra_main_header_style":"default","zakra_menu_item_color":"","zakra_menu_item_hover_color":"","zakra_menu_item_active_color":"","zakra_menu_active_style":"","zakra_page_header":true},"product_brand":[],"product_cat":[3757],"product_tag":[],"class_list":{"0":"post-32897","1":"product","2":"type-product","3":"status-publish","4":"has-post-thumbnail","6":"product_cat-ersatzteile-pumpen","8":"first","9":"instock","10":"shipping-taxable","11":"product-type-simple"},"yoast_head":"<!-- This site is optimized with the Yoast SEO plugin v27.5 - https:\/\/yoast.com\/product\/yoast-seo-wordpress\/ -->\n<title>WERKZEUGE F\u00dcR DIE WARTUNG VON PUMPEN - Mazzoni<\/title>\n<meta name=\"robots\" content=\"index, follow, max-snippet:-1, max-image-preview:large, max-video-preview:-1\" \/>\n<link rel=\"canonical\" href=\"https:\/\/e-mazzoni.it\/de\/Produkt\/werkzeuge-fuer-die-wartung-von-pumpen\/\" \/>\n<meta property=\"og:locale\" content=\"de_DE\" \/>\n<meta property=\"og:type\" content=\"article\" \/>\n<meta property=\"og:title\" content=\"WERKZEUGE F\u00dcR DIE WARTUNG VON PUMPEN - Mazzoni\" \/>\n<meta property=\"og:description\" content=\"CODE MODELL P3.200.001 KOLBENDICHTUNGSPAD \u00f818 PUMPE PM-PMD P3.200.003 KOLBENDICHTUNGSPAD \u00f820-22 PUMPE GM P3.200.004 KOLBENDICHTUNGSPAD \u00f825- 28 PUMPE GM P3.200.005 KOLBENDICHTUNGSPAD \u00f816 PUMPE XM 1.061.02.001 GLEITHAMMER FUR HOCHDRUCK 1.038.02.002 20-30 ZANGE EXTRAKTION DRUCKPUMPE (MMD\/GM\/LM)) 1.038.02.001 14-20 ZANGE EXTRAKTION DRUCKPUMPE (PMD\/MMD\/XM\/LMX) P3.201.001 CORTECO PUMPE ABZIEHER DICHTRING PM-MM P3.201.002 CORTECO ABZIEHER PUMPE GM-XM P3.200.008 Stempel f\u00fcr Kolbendichtring \u00d818 [&hellip;]\" \/>\n<meta property=\"og:url\" content=\"https:\/\/e-mazzoni.it\/de\/Produkt\/werkzeuge-fuer-die-wartung-von-pumpen\/\" \/>\n<meta property=\"og:site_name\" content=\"Mazzoni\" \/>\n<meta property=\"article:modified_time\" content=\"2026-04-27T03:17:22+00:00\" \/>\n<meta property=\"og:image\" content=\"https:\/\/e-mazzoni.it\/wp-content\/uploads\/2026\/04\/DOC6641664328.jpg\" \/>\n\t<meta property=\"og:image:width\" content=\"492\" \/>\n\t<meta property=\"og:image:height\" content=\"188\" \/>\n\t<meta property=\"og:image:type\" content=\"image\/jpeg\" \/>\n<meta name=\"twitter:card\" content=\"summary_large_image\" \/>\n<!-- \/ Yoast SEO plugin. -->","yoast_head_json":{"title":"WERKZEUGE F\u00dcR DIE WARTUNG VON PUMPEN - Mazzoni","robots":{"index":"index","follow":"follow","max-snippet":"max-snippet:-1","max-image-preview":"max-image-preview:large","max-video-preview":"max-video-preview:-1"},"canonical":"https:\/\/e-mazzoni.it\/de\/Produkt\/werkzeuge-fuer-die-wartung-von-pumpen\/","og_locale":"de_DE","og_type":"article","og_title":"WERKZEUGE F\u00dcR DIE WARTUNG VON PUMPEN - Mazzoni","og_description":"CODE MODELL P3.200.001 KOLBENDICHTUNGSPAD \u00f818 PUMPE PM-PMD P3.200.003 KOLBENDICHTUNGSPAD \u00f820-22 PUMPE GM P3.200.004 KOLBENDICHTUNGSPAD \u00f825- 28 PUMPE GM P3.200.005 KOLBENDICHTUNGSPAD \u00f816 PUMPE XM 1.061.02.001 GLEITHAMMER FUR HOCHDRUCK 1.038.02.002 20-30 ZANGE EXTRAKTION DRUCKPUMPE (MMD\/GM\/LM)) 1.038.02.001 14-20 ZANGE EXTRAKTION DRUCKPUMPE (PMD\/MMD\/XM\/LMX) P3.201.001 CORTECO PUMPE ABZIEHER DICHTRING PM-MM P3.201.002 CORTECO ABZIEHER PUMPE GM-XM P3.200.008 Stempel f\u00fcr Kolbendichtring \u00d818 [&hellip;]","og_url":"https:\/\/e-mazzoni.it\/de\/Produkt\/werkzeuge-fuer-die-wartung-von-pumpen\/","og_site_name":"Mazzoni","article_modified_time":"2026-04-27T03:17:22+00:00","og_image":[{"width":492,"height":188,"url":"https:\/\/e-mazzoni.it\/wp-content\/uploads\/2026\/04\/DOC6641664328.jpg","type":"image\/jpeg"}],"twitter_card":"summary_large_image","schema":{"@context":"https:\/\/schema.org","@graph":[{"@type":"WebPage","@id":"https:\/\/e-mazzoni.it\/de\/Produkt\/werkzeuge-fuer-die-wartung-von-pumpen\/","url":"https:\/\/e-mazzoni.it\/de\/Produkt\/werkzeuge-fuer-die-wartung-von-pumpen\/","name":"WERKZEUGE F\u00dcR DIE WARTUNG VON PUMPEN - Mazzoni","isPartOf":{"@id":"https:\/\/e-mazzoni.it\/de\/#website"},"primaryImageOfPage":{"@id":"https:\/\/e-mazzoni.it\/de\/Produkt\/werkzeuge-fuer-die-wartung-von-pumpen\/#primaryimage"},"image":{"@id":"https:\/\/e-mazzoni.it\/de\/Produkt\/werkzeuge-fuer-die-wartung-von-pumpen\/#primaryimage"},"thumbnailUrl":"https:\/\/e-mazzoni.it\/wp-content\/uploads\/2026\/04\/DOC6641664328.jpg","datePublished":"2024-10-15T06:58:52+00:00","dateModified":"2026-04-27T03:17:22+00:00","breadcrumb":{"@id":"https:\/\/e-mazzoni.it\/de\/Produkt\/werkzeuge-fuer-die-wartung-von-pumpen\/#breadcrumb"},"inLanguage":"de","potentialAction":[{"@type":"ReadAction","target":["https:\/\/e-mazzoni.it\/de\/Produkt\/werkzeuge-fuer-die-wartung-von-pumpen\/"]}]},{"@type":"ImageObject","inLanguage":"de","@id":"https:\/\/e-mazzoni.it\/de\/Produkt\/werkzeuge-fuer-die-wartung-von-pumpen\/#primaryimage","url":"https:\/\/e-mazzoni.it\/wp-content\/uploads\/2026\/04\/DOC6641664328.jpg","contentUrl":"https:\/\/e-mazzoni.it\/wp-content\/uploads\/2026\/04\/DOC6641664328.jpg","width":492,"height":188},{"@type":"BreadcrumbList","@id":"https:\/\/e-mazzoni.it\/de\/Produkt\/werkzeuge-fuer-die-wartung-von-pumpen\/#breadcrumb","itemListElement":[{"@type":"ListItem","position":1,"name":"Home","item":"https:\/\/e-mazzoni.it\/de\/"},{"@type":"ListItem","position":2,"name":"Produkte","item":"https:\/\/e-mazzoni.it\/de\/produkte\/"},{"@type":"ListItem","position":3,"name":"WERKZEUGE F\u00dcR DIE WARTUNG VON PUMPEN"}]},{"@type":"WebSite","@id":"https:\/\/e-mazzoni.it\/de\/#website","url":"https:\/\/e-mazzoni.it\/de\/","name":"Mazzoni","description":"Mazzoni","publisher":{"@id":"https:\/\/e-mazzoni.it\/de\/#organization"},"potentialAction":[{"@type":"SearchAction","target":{"@type":"EntryPoint","urlTemplate":"https:\/\/e-mazzoni.it\/de\/?s={search_term_string}"},"query-input":{"@type":"PropertyValueSpecification","valueRequired":true,"valueName":"search_term_string"}}],"inLanguage":"de"},{"@type":"Organization","@id":"https:\/\/e-mazzoni.it\/de\/#organization","name":"Mazzoni","url":"https:\/\/e-mazzoni.it\/de\/","logo":{"@type":"ImageObject","inLanguage":"de","@id":"https:\/\/e-mazzoni.it\/de\/#\/schema\/logo\/image\/","url":"https:\/\/e-mazzoni.it\/wp-content\/uploads\/2023\/07\/logo.png","contentUrl":"https:\/\/e-mazzoni.it\/wp-content\/uploads\/2023\/07\/logo.png","width":250,"height":109,"caption":"Mazzoni"},"image":{"@id":"https:\/\/e-mazzoni.it\/de\/#\/schema\/logo\/image\/"}}]}},"_links":{"self":[{"href":"https:\/\/e-mazzoni.it\/de\/wp-json\/wp\/v2\/product\/32897","targetHints":{"allow":["GET"]}}],"collection":[{"href":"https:\/\/e-mazzoni.it\/de\/wp-json\/wp\/v2\/product"}],"about":[{"href":"https:\/\/e-mazzoni.it\/de\/wp-json\/wp\/v2\/types\/product"}],"wp:featuredmedia":[{"embeddable":true,"href":"https:\/\/e-mazzoni.it\/de\/wp-json\/wp\/v2\/media\/68730"}],"wp:attachment":[{"href":"https:\/\/e-mazzoni.it\/de\/wp-json\/wp\/v2\/media?parent=32897"}],"wp:term":[{"taxonomy":"product_brand","embeddable":true,"href":"https:\/\/e-mazzoni.it\/de\/wp-json\/wp\/v2\/product_brand?post=32897"},{"taxonomy":"product_cat","embeddable":true,"href":"https:\/\/e-mazzoni.it\/de\/wp-json\/wp\/v2\/product_cat?post=32897"},{"taxonomy":"product_tag","embeddable":true,"href":"https:\/\/e-mazzoni.it\/de\/wp-json\/wp\/v2\/product_tag?post=32897"}],"curies":[{"name":"wp","href":"https:\/\/api.w.org\/{rel}","templated":true}]}}