{"id":32809,"date":"2024-10-15T06:58:39","date_gmt":"2024-10-15T06:58:39","guid":{"rendered":"https:\/\/e-mazzoni.it\/prodotto\/komplettes-kit-fuer-den-pruefkopf\/"},"modified":"2026-04-27T03:16:01","modified_gmt":"2026-04-27T03:16:01","slug":"komplettes-kit-fuer-den-pruefkopf","status":"publish","type":"product","link":"https:\/\/e-mazzoni.it\/de\/Produkt\/komplettes-kit-fuer-den-pruefkopf\/","title":{"rendered":"KOMPLETTES KIT F\u00dcR DEN PR\u00dcFKOPF"},"content":{"rendered":"<div>\n<table style=\"width: 100%\" border=\"1\" id=\"table_options\">\n<tbody>\n<tr>\n<th style=\"color: #fff\" bgcolor=\"#ea2833\">CODE<\/th>\n<th style=\"color: #fff\" bgcolor=\"#ea2833\">MODELL<\/th>\n<\/tr>\n<tr>\n<td>P9.040.002<\/td>\n<td>Kopf voller KOLBENPUMPE \u00f818 PM<\/td>\n<\/tr>\n<tr>\n<td>P9.040.013<\/td>\n<td>KIT KOMPLETTE KOPF  D.18   PUMPE PM CARWASH<\/td>\n<\/tr>\n<tr>\n<td>P9.040.034<\/td>\n<td>TESTATA COMPLETA PISTONE \u00f814 POMPA PM &#8211; EDM<\/td>\n<\/tr>\n<tr>\n<td>P9.040.015<\/td>\n<td>KIT KOMPLETTE KOPF  D.18  PUMPE TPM HT<\/td>\n<\/tr>\n<tr>\n<td>P9.040.017<\/td>\n<td>Kopf voller KOLBENPUMPE \u00f820 MM\/MM-1\/MMD<\/td>\n<\/tr>\n<tr>\n<td>P9.040.018<\/td>\n<td>KIT TESTATA COMPLETA PISTONE \u00f820 POMPA MMD CW<\/td>\n<\/tr>\n<tr>\n<td>P9.040.019<\/td>\n<td>KOMPLETE KOPF D.20 TMM\/TMM-11\/TMM-2 TMM-2HT<\/td>\n<\/tr>\n<tr>\n<td>P9.040.033<\/td>\n<td>KIT TESTATA COMPLETA PISTONE \u00f815 POMPA MMD &#8211; EDM<\/td>\n<\/tr>\n<tr>\n<td>P9.040.009<\/td>\n<td>KOMPLETTER KOPF DER PUMPE GM-1 D.20<\/td>\n<\/tr>\n<tr>\n<td>P9.040.010<\/td>\n<td>KOMPLETTER KOPF DER PUMPE GM-1 D.22<\/td>\n<\/tr>\n<tr>\n<td>P9.040.011<\/td>\n<td>KOMPLETTER KOPF DER PUMPE GM-1 D.25<\/td>\n<\/tr>\n<tr>\n<td>P9.040.012<\/td>\n<td>TESTATA COMPLETA PISTONE \u00f828 POMPA GM-1<\/td>\n<\/tr>\n<tr>\n<td>P9.040.024<\/td>\n<td>TESTATA COMPLETA PISTONE \u00f820 POMPA GM-1 CW<\/td>\n<\/tr>\n<tr>\n<td>P9.040.025<\/td>\n<td>TESTATA COMPLETA PISTONE \u00f822 POMPA GM-1 CW<\/td>\n<\/tr>\n<tr>\n<td>P9.040.026<\/td>\n<td>TESTATA COMPLETA PISTONE \u00f825 POMPA GM-1 CW<\/td>\n<\/tr>\n<tr>\n<td>P9.040.027<\/td>\n<td>TESTATA COMPLETA PISTONE \u00f828 POMPA GM-1 CW<\/td>\n<\/tr>\n<tr>\n<td>P9.040.028<\/td>\n<td>TESTATA COMPLETA PISTONE \u00f820 POMPA GMX<\/td>\n<\/tr>\n<tr>\n<td>P9.040.029<\/td>\n<td>TESTATA COMPLETA PISTONE \u00f822 POMPA GMX<\/td>\n<\/tr>\n<tr>\n<td>P9.040.030<\/td>\n<td>TESTATA COMPLETA PISTONE \u00f825 POMPA GMX<\/td>\n<\/tr>\n<tr>\n<td>P9.040.020<\/td>\n<td>TESTATA COMPLETA PISTONE \u00f820 POMPA GM-1 HT<\/td>\n<\/tr>\n<tr>\n<td>P9.040.031<\/td>\n<td>TESTATA COMPLETA PISTONE \u00f828 POMPA GMX<\/td>\n<\/tr>\n<tr>\n<td>P9.040.021<\/td>\n<td>TESTATA COMPLETA PISTONE \u00f822 POMPA GM-1 HT<\/td>\n<\/tr>\n<tr>\n<td>P9.040.022<\/td>\n<td>TESTATA COMPLETA PISTONE \u00f825 POMPA GM-1 HT<\/td>\n<\/tr>\n<tr>\n<td>P9.040.023<\/td>\n<td>TESTATA COMPLETA PISTONE \u00f828 POMPA GM-1 HT<\/td>\n<\/tr>\n<tr>\n<td>P9.040.007<\/td>\n<td>KIT KOMPLETTE KOPF  D.16   PUMPE XM<\/td>\n<\/tr>\n<tr>\n<td>P9.040.037<\/td>\n<td>RICAMBIO TESTATA COMPLETA  LM D.20<\/td>\n<\/tr>\n<tr>\n<td>P9.040.038<\/td>\n<td>RICAMBIO TESTATA COMPLETA  LM D.30<\/td>\n<\/tr>\n<tr>\n<td>P9.040.039<\/td>\n<td>RICAMBIO TESTATA COMPLETA  LM D.40<\/td>\n<\/tr>\n<\/tbody>\n<\/table>\n<\/div>\n","protected":false},"excerpt":{"rendered":"<p>CODE MODELL P9.040.002 Kopf voller KOLBENPUMPE \u00f818 PM P9.040.013 KIT KOMPLETTE KOPF D.18 PUMPE PM CARWASH P9.040.034 TESTATA COMPLETA PISTONE \u00f814 POMPA PM &#8211; EDM P9.040.015 KIT KOMPLETTE KOPF D.18 PUMPE TPM HT P9.040.017 Kopf voller KOLBENPUMPE \u00f820 MM\/MM-1\/MMD P9.040.018 KIT TESTATA COMPLETA PISTONE \u00f820 POMPA MMD CW P9.040.019 KOMPLETE KOPF D.20 TMM\/TMM-11\/TMM-2 TMM-2HT P9.040.033 [&hellip;]<\/p>\n","protected":false},"featured_media":68710,"template":"","meta":{"zakra_page_container_layout":"customizer","zakra_page_sidebar_layout":"customizer","zakra_remove_content_margin":false,"zakra_sidebar":"customizer","zakra_transparent_header":"customizer","zakra_logo":0,"zakra_main_header_style":"default","zakra_menu_item_color":"","zakra_menu_item_hover_color":"","zakra_menu_item_active_color":"","zakra_menu_active_style":"","zakra_page_header":true},"product_brand":[],"product_cat":[3757],"product_tag":[],"class_list":{"0":"post-32809","1":"product","2":"type-product","3":"status-publish","4":"has-post-thumbnail","6":"product_cat-ersatzteile-pumpen","8":"first","9":"instock","10":"shipping-taxable","11":"product-type-simple"},"yoast_head":"<!-- This site is optimized with the Yoast SEO plugin v27.5 - https:\/\/yoast.com\/product\/yoast-seo-wordpress\/ -->\n<title>KOMPLETTES KIT F\u00dcR DEN PR\u00dcFKOPF - Mazzoni<\/title>\n<meta name=\"robots\" content=\"index, follow, max-snippet:-1, max-image-preview:large, max-video-preview:-1\" \/>\n<link rel=\"canonical\" href=\"https:\/\/e-mazzoni.it\/de\/Produkt\/komplettes-kit-fuer-den-pruefkopf\/\" \/>\n<meta property=\"og:locale\" content=\"de_DE\" \/>\n<meta property=\"og:type\" content=\"article\" \/>\n<meta property=\"og:title\" content=\"KOMPLETTES KIT F\u00dcR DEN PR\u00dcFKOPF - Mazzoni\" \/>\n<meta property=\"og:description\" content=\"CODE MODELL P9.040.002 Kopf voller KOLBENPUMPE \u00f818 PM P9.040.013 KIT KOMPLETTE KOPF D.18 PUMPE PM CARWASH P9.040.034 TESTATA COMPLETA PISTONE \u00f814 POMPA PM &#8211; EDM P9.040.015 KIT KOMPLETTE KOPF D.18 PUMPE TPM HT P9.040.017 Kopf voller KOLBENPUMPE \u00f820 MM\/MM-1\/MMD P9.040.018 KIT TESTATA COMPLETA PISTONE \u00f820 POMPA MMD CW P9.040.019 KOMPLETE KOPF D.20 TMM\/TMM-11\/TMM-2 TMM-2HT P9.040.033 [&hellip;]\" \/>\n<meta property=\"og:url\" content=\"https:\/\/e-mazzoni.it\/de\/Produkt\/komplettes-kit-fuer-den-pruefkopf\/\" \/>\n<meta property=\"og:site_name\" content=\"Mazzoni\" \/>\n<meta property=\"article:modified_time\" content=\"2026-04-27T03:16:01+00:00\" \/>\n<meta property=\"og:image\" content=\"https:\/\/e-mazzoni.it\/wp-content\/uploads\/2026\/04\/DOC0173435537.jpg\" \/>\n\t<meta property=\"og:image:width\" content=\"416\" \/>\n\t<meta property=\"og:image:height\" content=\"396\" \/>\n\t<meta property=\"og:image:type\" content=\"image\/jpeg\" \/>\n<meta name=\"twitter:card\" content=\"summary_large_image\" \/>\n<meta name=\"twitter:label1\" content=\"Gesch\u00e4tzte Lesezeit\" \/>\n\t<meta name=\"twitter:data1\" content=\"1\u00a0Minute\" \/>\n<!-- \/ Yoast SEO plugin. -->","yoast_head_json":{"title":"KOMPLETTES KIT F\u00dcR DEN PR\u00dcFKOPF - Mazzoni","robots":{"index":"index","follow":"follow","max-snippet":"max-snippet:-1","max-image-preview":"max-image-preview:large","max-video-preview":"max-video-preview:-1"},"canonical":"https:\/\/e-mazzoni.it\/de\/Produkt\/komplettes-kit-fuer-den-pruefkopf\/","og_locale":"de_DE","og_type":"article","og_title":"KOMPLETTES KIT F\u00dcR DEN PR\u00dcFKOPF - Mazzoni","og_description":"CODE MODELL P9.040.002 Kopf voller KOLBENPUMPE \u00f818 PM P9.040.013 KIT KOMPLETTE KOPF D.18 PUMPE PM CARWASH P9.040.034 TESTATA COMPLETA PISTONE \u00f814 POMPA PM &#8211; EDM P9.040.015 KIT KOMPLETTE KOPF D.18 PUMPE TPM HT P9.040.017 Kopf voller KOLBENPUMPE \u00f820 MM\/MM-1\/MMD P9.040.018 KIT TESTATA COMPLETA PISTONE \u00f820 POMPA MMD CW P9.040.019 KOMPLETE KOPF D.20 TMM\/TMM-11\/TMM-2 TMM-2HT P9.040.033 [&hellip;]","og_url":"https:\/\/e-mazzoni.it\/de\/Produkt\/komplettes-kit-fuer-den-pruefkopf\/","og_site_name":"Mazzoni","article_modified_time":"2026-04-27T03:16:01+00:00","og_image":[{"width":416,"height":396,"url":"https:\/\/e-mazzoni.it\/wp-content\/uploads\/2026\/04\/DOC0173435537.jpg","type":"image\/jpeg"}],"twitter_card":"summary_large_image","twitter_misc":{"Gesch\u00e4tzte Lesezeit":"1\u00a0Minute"},"schema":{"@context":"https:\/\/schema.org","@graph":[{"@type":"WebPage","@id":"https:\/\/e-mazzoni.it\/de\/Produkt\/komplettes-kit-fuer-den-pruefkopf\/","url":"https:\/\/e-mazzoni.it\/de\/Produkt\/komplettes-kit-fuer-den-pruefkopf\/","name":"KOMPLETTES KIT F\u00dcR DEN PR\u00dcFKOPF - Mazzoni","isPartOf":{"@id":"https:\/\/e-mazzoni.it\/de\/#website"},"primaryImageOfPage":{"@id":"https:\/\/e-mazzoni.it\/de\/Produkt\/komplettes-kit-fuer-den-pruefkopf\/#primaryimage"},"image":{"@id":"https:\/\/e-mazzoni.it\/de\/Produkt\/komplettes-kit-fuer-den-pruefkopf\/#primaryimage"},"thumbnailUrl":"https:\/\/e-mazzoni.it\/wp-content\/uploads\/2026\/04\/DOC0173435537.jpg","datePublished":"2024-10-15T06:58:39+00:00","dateModified":"2026-04-27T03:16:01+00:00","breadcrumb":{"@id":"https:\/\/e-mazzoni.it\/de\/Produkt\/komplettes-kit-fuer-den-pruefkopf\/#breadcrumb"},"inLanguage":"de","potentialAction":[{"@type":"ReadAction","target":["https:\/\/e-mazzoni.it\/de\/Produkt\/komplettes-kit-fuer-den-pruefkopf\/"]}]},{"@type":"ImageObject","inLanguage":"de","@id":"https:\/\/e-mazzoni.it\/de\/Produkt\/komplettes-kit-fuer-den-pruefkopf\/#primaryimage","url":"https:\/\/e-mazzoni.it\/wp-content\/uploads\/2026\/04\/DOC0173435537.jpg","contentUrl":"https:\/\/e-mazzoni.it\/wp-content\/uploads\/2026\/04\/DOC0173435537.jpg","width":416,"height":396},{"@type":"BreadcrumbList","@id":"https:\/\/e-mazzoni.it\/de\/Produkt\/komplettes-kit-fuer-den-pruefkopf\/#breadcrumb","itemListElement":[{"@type":"ListItem","position":1,"name":"Home","item":"https:\/\/e-mazzoni.it\/de\/"},{"@type":"ListItem","position":2,"name":"Produkte","item":"https:\/\/e-mazzoni.it\/de\/produkte\/"},{"@type":"ListItem","position":3,"name":"KOMPLETTES KIT F\u00dcR DEN PR\u00dcFKOPF"}]},{"@type":"WebSite","@id":"https:\/\/e-mazzoni.it\/de\/#website","url":"https:\/\/e-mazzoni.it\/de\/","name":"Mazzoni","description":"Mazzoni","publisher":{"@id":"https:\/\/e-mazzoni.it\/de\/#organization"},"potentialAction":[{"@type":"SearchAction","target":{"@type":"EntryPoint","urlTemplate":"https:\/\/e-mazzoni.it\/de\/?s={search_term_string}"},"query-input":{"@type":"PropertyValueSpecification","valueRequired":true,"valueName":"search_term_string"}}],"inLanguage":"de"},{"@type":"Organization","@id":"https:\/\/e-mazzoni.it\/de\/#organization","name":"Mazzoni","url":"https:\/\/e-mazzoni.it\/de\/","logo":{"@type":"ImageObject","inLanguage":"de","@id":"https:\/\/e-mazzoni.it\/de\/#\/schema\/logo\/image\/","url":"https:\/\/e-mazzoni.it\/wp-content\/uploads\/2023\/07\/logo.png","contentUrl":"https:\/\/e-mazzoni.it\/wp-content\/uploads\/2023\/07\/logo.png","width":250,"height":109,"caption":"Mazzoni"},"image":{"@id":"https:\/\/e-mazzoni.it\/de\/#\/schema\/logo\/image\/"}}]}},"_links":{"self":[{"href":"https:\/\/e-mazzoni.it\/de\/wp-json\/wp\/v2\/product\/32809","targetHints":{"allow":["GET"]}}],"collection":[{"href":"https:\/\/e-mazzoni.it\/de\/wp-json\/wp\/v2\/product"}],"about":[{"href":"https:\/\/e-mazzoni.it\/de\/wp-json\/wp\/v2\/types\/product"}],"wp:featuredmedia":[{"embeddable":true,"href":"https:\/\/e-mazzoni.it\/de\/wp-json\/wp\/v2\/media\/68710"}],"wp:attachment":[{"href":"https:\/\/e-mazzoni.it\/de\/wp-json\/wp\/v2\/media?parent=32809"}],"wp:term":[{"taxonomy":"product_brand","embeddable":true,"href":"https:\/\/e-mazzoni.it\/de\/wp-json\/wp\/v2\/product_brand?post=32809"},{"taxonomy":"product_cat","embeddable":true,"href":"https:\/\/e-mazzoni.it\/de\/wp-json\/wp\/v2\/product_cat?post=32809"},{"taxonomy":"product_tag","embeddable":true,"href":"https:\/\/e-mazzoni.it\/de\/wp-json\/wp\/v2\/product_tag?post=32809"}],"curies":[{"name":"wp","href":"https:\/\/api.w.org\/{rel}","templated":true}]}}