{"id":32633,"date":"2024-10-15T06:58:13","date_gmt":"2024-10-15T06:58:13","guid":{"rendered":"https:\/\/e-mazzoni.it\/prodotto\/wasserdichtungen-kit\/"},"modified":"2026-04-27T03:13:07","modified_gmt":"2026-04-27T03:13:07","slug":"wasserdichtungen-kit","status":"publish","type":"product","link":"https:\/\/e-mazzoni.it\/de\/Produkt\/wasserdichtungen-kit\/","title":{"rendered":"WASSERDICHTUNGEN KIT"},"content":{"rendered":"<div>\n<table style=\"width: 100%\" border=\"1\" id=\"table_options\">\n<tbody>\n<tr>\n<th style=\"color: #fff\" bgcolor=\"#ea2833\">CODE<\/th>\n<th style=\"color: #fff\" bgcolor=\"#ea2833\">MODELL<\/th>\n<\/tr>\n<tr>\n<td>P9.003.003<\/td>\n<td>KIT vollst\u00e4ndige Abdichtung VERPACKUNG D.18 PUMP PM\/PM CW\/PM-HY<\/td>\n<\/tr>\n<tr>\n<td>P9.003.050<\/td>\n<td>GUARNIZIONE PISTONE \u00f814 POMPA PM &#8211; EDM<\/td>\n<\/tr>\n<tr>\n<td>P9.003.015<\/td>\n<td>KIT KOLBENDICHTUNGEN \u00f818  TPM &#8211; HT PUMPE<\/td>\n<\/tr>\n<tr>\n<td>P9.003.055<\/td>\n<td>GUARNIZIONE PISTONE \u00f818 POMPA PM CW<\/td>\n<\/tr>\n<tr>\n<td>P9.003.025<\/td>\n<td>DICHTUNGEN F.KOLBEN D.20 MMD<\/td>\n<\/tr>\n<tr>\n<td>P9.003.053<\/td>\n<td>GUARNIZIONE PISTONE \u00f820 POMPA MMD CW<\/td>\n<\/tr>\n<tr>\n<td>P9.003.049<\/td>\n<td>KIT GUARNIZIONE PISTONE \u00f815 POMPA MMD &#8211; EDM<\/td>\n<\/tr>\n<tr>\n<td>P9.003.017<\/td>\n<td>KIT KOLBENDICHTUNGEN \u00f820 TMM PUMPE<\/td>\n<\/tr>\n<tr>\n<td>P9.003.005<\/td>\n<td>MANSCHETTENKIT D.20 GM\/GM-1<\/td>\n<\/tr>\n<tr>\n<td>P9.003.007<\/td>\n<td>MANSCHETTENKIT \u00d822 POMPA GM\/GM-1<\/td>\n<\/tr>\n<tr>\n<td>P9.003.009<\/td>\n<td>KIT KOLBENDICHTUNGEN \u00f825  GM\/GM-1  PUMPE<\/td>\n<\/tr>\n<tr>\n<td>P9.003.011<\/td>\n<td>KIT KOLBENDICHTUNGEN \u00f828 GM + GM-1<\/td>\n<\/tr>\n<tr>\n<td>P9.003.032<\/td>\n<td>Kolbendichtung \u00f820 fur pumpe GH HT<\/td>\n<\/tr>\n<tr>\n<td>P9.003.033<\/td>\n<td>GUARNIZIONE PISTONE \u00f822 POMPA GM-1 HT<\/td>\n<\/tr>\n<tr>\n<td>P9.003.034<\/td>\n<td>GUARNIZIONE PISTONE \u00f825 POMPA GM-1 HT<\/td>\n<\/tr>\n<tr>\n<td>P9.003.046<\/td>\n<td>KIT KOLBENDICHTUNGEN \u00f816  XM PUMPE<\/td>\n<\/tr>\n<tr>\n<td>P9.003.057<\/td>\n<td>GUARNIZIONE PISTONE \u00f820 POMPA LM<\/td>\n<\/tr>\n<tr>\n<td>P9.003.058<\/td>\n<td>GUARNIZIONE PISTONE \u00d830 POMPA LM<\/td>\n<\/tr>\n<tr>\n<td>P9.003.059<\/td>\n<td>GUARNIZIONE PISTONE \u00d840 POMPA LM<\/td>\n<\/tr>\n<\/tbody>\n<\/table>\n<\/div>\n","protected":false},"excerpt":{"rendered":"<p>CODE MODELL P9.003.003 KIT vollst\u00e4ndige Abdichtung VERPACKUNG D.18 PUMP PM\/PM CW\/PM-HY P9.003.050 GUARNIZIONE PISTONE \u00f814 POMPA PM &#8211; EDM P9.003.015 KIT KOLBENDICHTUNGEN \u00f818 TPM &#8211; HT PUMPE P9.003.055 GUARNIZIONE PISTONE \u00f818 POMPA PM CW P9.003.025 DICHTUNGEN F.KOLBEN D.20 MMD P9.003.053 GUARNIZIONE PISTONE \u00f820 POMPA MMD CW P9.003.049 KIT GUARNIZIONE PISTONE \u00f815 POMPA MMD &#8211; EDM [&hellip;]<\/p>\n","protected":false},"featured_media":68670,"template":"","meta":{"zakra_page_container_layout":"customizer","zakra_page_sidebar_layout":"customizer","zakra_remove_content_margin":false,"zakra_sidebar":"customizer","zakra_transparent_header":"customizer","zakra_logo":0,"zakra_main_header_style":"default","zakra_menu_item_color":"","zakra_menu_item_hover_color":"","zakra_menu_item_active_color":"","zakra_menu_active_style":"","zakra_page_header":true},"product_brand":[],"product_cat":[3757],"product_tag":[],"class_list":{"0":"post-32633","1":"product","2":"type-product","3":"status-publish","4":"has-post-thumbnail","6":"product_cat-ersatzteile-pumpen","8":"first","9":"instock","10":"shipping-taxable","11":"product-type-simple"},"yoast_head":"<!-- This site is optimized with the Yoast SEO plugin v27.5 - https:\/\/yoast.com\/product\/yoast-seo-wordpress\/ -->\n<title>WASSERDICHTUNGEN KIT - Mazzoni<\/title>\n<meta name=\"robots\" content=\"index, follow, max-snippet:-1, max-image-preview:large, max-video-preview:-1\" \/>\n<link rel=\"canonical\" href=\"https:\/\/e-mazzoni.it\/de\/Produkt\/wasserdichtungen-kit\/\" \/>\n<meta property=\"og:locale\" content=\"de_DE\" \/>\n<meta property=\"og:type\" content=\"article\" \/>\n<meta property=\"og:title\" content=\"WASSERDICHTUNGEN KIT - Mazzoni\" \/>\n<meta property=\"og:description\" content=\"CODE MODELL P9.003.003 KIT vollst\u00e4ndige Abdichtung VERPACKUNG D.18 PUMP PM\/PM CW\/PM-HY P9.003.050 GUARNIZIONE PISTONE \u00f814 POMPA PM &#8211; EDM P9.003.015 KIT KOLBENDICHTUNGEN \u00f818 TPM &#8211; HT PUMPE P9.003.055 GUARNIZIONE PISTONE \u00f818 POMPA PM CW P9.003.025 DICHTUNGEN F.KOLBEN D.20 MMD P9.003.053 GUARNIZIONE PISTONE \u00f820 POMPA MMD CW P9.003.049 KIT GUARNIZIONE PISTONE \u00f815 POMPA MMD &#8211; EDM [&hellip;]\" \/>\n<meta property=\"og:url\" content=\"https:\/\/e-mazzoni.it\/de\/Produkt\/wasserdichtungen-kit\/\" \/>\n<meta property=\"og:site_name\" content=\"Mazzoni\" \/>\n<meta property=\"article:modified_time\" content=\"2026-04-27T03:13:07+00:00\" \/>\n<meta property=\"og:image\" content=\"https:\/\/e-mazzoni.it\/wp-content\/uploads\/2026\/04\/DOC6392983003.jpg\" \/>\n\t<meta property=\"og:image:width\" content=\"217\" \/>\n\t<meta property=\"og:image:height\" content=\"242\" \/>\n\t<meta property=\"og:image:type\" content=\"image\/jpeg\" \/>\n<meta name=\"twitter:card\" content=\"summary_large_image\" \/>\n<meta name=\"twitter:label1\" content=\"Gesch\u00e4tzte Lesezeit\" \/>\n\t<meta name=\"twitter:data1\" content=\"1\u00a0Minute\" \/>\n<!-- \/ Yoast SEO plugin. -->","yoast_head_json":{"title":"WASSERDICHTUNGEN KIT - Mazzoni","robots":{"index":"index","follow":"follow","max-snippet":"max-snippet:-1","max-image-preview":"max-image-preview:large","max-video-preview":"max-video-preview:-1"},"canonical":"https:\/\/e-mazzoni.it\/de\/Produkt\/wasserdichtungen-kit\/","og_locale":"de_DE","og_type":"article","og_title":"WASSERDICHTUNGEN KIT - Mazzoni","og_description":"CODE MODELL P9.003.003 KIT vollst\u00e4ndige Abdichtung VERPACKUNG D.18 PUMP PM\/PM CW\/PM-HY P9.003.050 GUARNIZIONE PISTONE \u00f814 POMPA PM &#8211; EDM P9.003.015 KIT KOLBENDICHTUNGEN \u00f818 TPM &#8211; HT PUMPE P9.003.055 GUARNIZIONE PISTONE \u00f818 POMPA PM CW P9.003.025 DICHTUNGEN F.KOLBEN D.20 MMD P9.003.053 GUARNIZIONE PISTONE \u00f820 POMPA MMD CW P9.003.049 KIT GUARNIZIONE PISTONE \u00f815 POMPA MMD &#8211; EDM [&hellip;]","og_url":"https:\/\/e-mazzoni.it\/de\/Produkt\/wasserdichtungen-kit\/","og_site_name":"Mazzoni","article_modified_time":"2026-04-27T03:13:07+00:00","og_image":[{"width":217,"height":242,"url":"https:\/\/e-mazzoni.it\/wp-content\/uploads\/2026\/04\/DOC6392983003.jpg","type":"image\/jpeg"}],"twitter_card":"summary_large_image","twitter_misc":{"Gesch\u00e4tzte Lesezeit":"1\u00a0Minute"},"schema":{"@context":"https:\/\/schema.org","@graph":[{"@type":"WebPage","@id":"https:\/\/e-mazzoni.it\/de\/Produkt\/wasserdichtungen-kit\/","url":"https:\/\/e-mazzoni.it\/de\/Produkt\/wasserdichtungen-kit\/","name":"WASSERDICHTUNGEN KIT - Mazzoni","isPartOf":{"@id":"https:\/\/e-mazzoni.it\/de\/#website"},"primaryImageOfPage":{"@id":"https:\/\/e-mazzoni.it\/de\/Produkt\/wasserdichtungen-kit\/#primaryimage"},"image":{"@id":"https:\/\/e-mazzoni.it\/de\/Produkt\/wasserdichtungen-kit\/#primaryimage"},"thumbnailUrl":"https:\/\/e-mazzoni.it\/wp-content\/uploads\/2026\/04\/DOC6392983003.jpg","datePublished":"2024-10-15T06:58:13+00:00","dateModified":"2026-04-27T03:13:07+00:00","breadcrumb":{"@id":"https:\/\/e-mazzoni.it\/de\/Produkt\/wasserdichtungen-kit\/#breadcrumb"},"inLanguage":"de","potentialAction":[{"@type":"ReadAction","target":["https:\/\/e-mazzoni.it\/de\/Produkt\/wasserdichtungen-kit\/"]}]},{"@type":"ImageObject","inLanguage":"de","@id":"https:\/\/e-mazzoni.it\/de\/Produkt\/wasserdichtungen-kit\/#primaryimage","url":"https:\/\/e-mazzoni.it\/wp-content\/uploads\/2026\/04\/DOC6392983003.jpg","contentUrl":"https:\/\/e-mazzoni.it\/wp-content\/uploads\/2026\/04\/DOC6392983003.jpg","width":217,"height":242},{"@type":"BreadcrumbList","@id":"https:\/\/e-mazzoni.it\/de\/Produkt\/wasserdichtungen-kit\/#breadcrumb","itemListElement":[{"@type":"ListItem","position":1,"name":"Home","item":"https:\/\/e-mazzoni.it\/de\/"},{"@type":"ListItem","position":2,"name":"Produkte","item":"https:\/\/e-mazzoni.it\/de\/produkte\/"},{"@type":"ListItem","position":3,"name":"WASSERDICHTUNGEN KIT"}]},{"@type":"WebSite","@id":"https:\/\/e-mazzoni.it\/de\/#website","url":"https:\/\/e-mazzoni.it\/de\/","name":"Mazzoni","description":"Mazzoni","publisher":{"@id":"https:\/\/e-mazzoni.it\/de\/#organization"},"potentialAction":[{"@type":"SearchAction","target":{"@type":"EntryPoint","urlTemplate":"https:\/\/e-mazzoni.it\/de\/?s={search_term_string}"},"query-input":{"@type":"PropertyValueSpecification","valueRequired":true,"valueName":"search_term_string"}}],"inLanguage":"de"},{"@type":"Organization","@id":"https:\/\/e-mazzoni.it\/de\/#organization","name":"Mazzoni","url":"https:\/\/e-mazzoni.it\/de\/","logo":{"@type":"ImageObject","inLanguage":"de","@id":"https:\/\/e-mazzoni.it\/de\/#\/schema\/logo\/image\/","url":"https:\/\/e-mazzoni.it\/wp-content\/uploads\/2023\/07\/logo.png","contentUrl":"https:\/\/e-mazzoni.it\/wp-content\/uploads\/2023\/07\/logo.png","width":250,"height":109,"caption":"Mazzoni"},"image":{"@id":"https:\/\/e-mazzoni.it\/de\/#\/schema\/logo\/image\/"}}]}},"_links":{"self":[{"href":"https:\/\/e-mazzoni.it\/de\/wp-json\/wp\/v2\/product\/32633","targetHints":{"allow":["GET"]}}],"collection":[{"href":"https:\/\/e-mazzoni.it\/de\/wp-json\/wp\/v2\/product"}],"about":[{"href":"https:\/\/e-mazzoni.it\/de\/wp-json\/wp\/v2\/types\/product"}],"wp:featuredmedia":[{"embeddable":true,"href":"https:\/\/e-mazzoni.it\/de\/wp-json\/wp\/v2\/media\/68670"}],"wp:attachment":[{"href":"https:\/\/e-mazzoni.it\/de\/wp-json\/wp\/v2\/media?parent=32633"}],"wp:term":[{"taxonomy":"product_brand","embeddable":true,"href":"https:\/\/e-mazzoni.it\/de\/wp-json\/wp\/v2\/product_brand?post=32633"},{"taxonomy":"product_cat","embeddable":true,"href":"https:\/\/e-mazzoni.it\/de\/wp-json\/wp\/v2\/product_cat?post=32633"},{"taxonomy":"product_tag","embeddable":true,"href":"https:\/\/e-mazzoni.it\/de\/wp-json\/wp\/v2\/product_tag?post=32633"}],"curies":[{"name":"wp","href":"https:\/\/api.w.org\/{rel}","templated":true}]}}