{"id":32589,"date":"2024-10-15T06:58:08","date_gmt":"2024-10-15T06:58:08","guid":{"rendered":"https:\/\/e-mazzoni.it\/prodotto\/ventilsatz\/"},"modified":"2026-04-27T03:12:22","modified_gmt":"2026-04-27T03:12:22","slug":"ventilsatz","status":"publish","type":"product","link":"https:\/\/e-mazzoni.it\/de\/Produkt\/ventilsatz\/","title":{"rendered":"VENTILSATZ"},"content":{"rendered":"<div>\n<table style=\"width: 100%\" border=\"1\" id=\"table_options\">\n<tbody>\n<tr>\n<th style=\"color: #fff\" bgcolor=\"#ea2833\">CODE<\/th>\n<th style=\"color: #fff\" bgcolor=\"#ea2833\">MODELL<\/th>\n<\/tr>\n<tr>\n<td>P9.001.002<\/td>\n<td>VENTIL SET PM\/TPM\/CAR WASH \/PM-HY\/PM-EDM<\/td>\n<\/tr>\n<tr>\n<td>P9.001.005<\/td>\n<td>Ventil Kit  MMD\/TMM\/MMD CW\/MMD-HY\/MMD-EDM<\/td>\n<\/tr>\n<tr>\n<td>P9.001.011<\/td>\n<td>VENTILKIT F\u00dcR PUMPE MMX<\/td>\n<\/tr>\n<tr>\n<td>P9.001.007<\/td>\n<td>KIT VENTILE GM-1 D.20\/22<\/td>\n<\/tr>\n<tr>\n<td>P9.001.008<\/td>\n<td>KIT VENTILE GM-1; D.25\/28<\/td>\n<\/tr>\n<tr>\n<td>P9.001.009<\/td>\n<td>VALVOLA COMPLETA POMPA GMX \u00f820 &#8211; \u00f822<\/td>\n<\/tr>\n<tr>\n<td>P9.001.010<\/td>\n<td>VALVOLA COMPLETA POMPA GMX \u00f825 &#8211; \u00f828<\/td>\n<\/tr>\n<tr>\n<td>P9.001.004<\/td>\n<td>KITVENTILE F\u00dcR XM PUMPE<\/td>\n<\/tr>\n<tr>\n<td>P9.001.012<\/td>\n<td>VALVOLA COMPLETA POMPA LM \u00d820<\/td>\n<\/tr>\n<tr>\n<td>P9.001.013<\/td>\n<td>VALVOLA COMPLETA POMPA LM \u00d830<\/td>\n<\/tr>\n<tr>\n<td>P9.001.014<\/td>\n<td>VALVOLA COMPLETA POMPA LM \u00d840<\/td>\n<\/tr>\n<tr>\n<td>P9.001.016<\/td>\n<td>KIT VALVOLA COMPLETA POMPA MMD EDM<\/td>\n<\/tr>\n<tr>\n<td>P9.001.017<\/td>\n<td>VALVOLA COMPLETA POMPA PM EDM<\/td>\n<\/tr>\n<\/tbody>\n<\/table>\n<\/div>\n","protected":false},"excerpt":{"rendered":"<p>CODE MODELL P9.001.002 VENTIL SET PM\/TPM\/CAR WASH \/PM-HY\/PM-EDM P9.001.005 Ventil Kit MMD\/TMM\/MMD CW\/MMD-HY\/MMD-EDM P9.001.011 VENTILKIT F\u00dcR PUMPE MMX P9.001.007 KIT VENTILE GM-1 D.20\/22 P9.001.008 KIT VENTILE GM-1; D.25\/28 P9.001.009 VALVOLA COMPLETA POMPA GMX \u00f820 &#8211; \u00f822 P9.001.010 VALVOLA COMPLETA POMPA GMX \u00f825 &#8211; \u00f828 P9.001.004 KITVENTILE F\u00dcR XM PUMPE P9.001.012 VALVOLA COMPLETA POMPA LM \u00d820 [&hellip;]<\/p>\n","protected":false},"featured_media":68660,"template":"","meta":{"zakra_page_container_layout":"customizer","zakra_page_sidebar_layout":"customizer","zakra_remove_content_margin":false,"zakra_sidebar":"customizer","zakra_transparent_header":"customizer","zakra_logo":0,"zakra_main_header_style":"default","zakra_menu_item_color":"","zakra_menu_item_hover_color":"","zakra_menu_item_active_color":"","zakra_menu_active_style":"","zakra_page_header":true},"product_brand":[],"product_cat":[3757],"product_tag":[],"class_list":{"0":"post-32589","1":"product","2":"type-product","3":"status-publish","4":"has-post-thumbnail","6":"product_cat-ersatzteile-pumpen","8":"first","9":"instock","10":"shipping-taxable","11":"product-type-simple"},"yoast_head":"<!-- This site is optimized with the Yoast SEO plugin v27.5 - https:\/\/yoast.com\/product\/yoast-seo-wordpress\/ -->\n<title>VENTILSATZ - Mazzoni<\/title>\n<meta name=\"robots\" content=\"index, follow, max-snippet:-1, max-image-preview:large, max-video-preview:-1\" \/>\n<link rel=\"canonical\" href=\"https:\/\/e-mazzoni.it\/de\/Produkt\/ventilsatz\/\" \/>\n<meta property=\"og:locale\" content=\"de_DE\" \/>\n<meta property=\"og:type\" content=\"article\" \/>\n<meta property=\"og:title\" content=\"VENTILSATZ - Mazzoni\" \/>\n<meta property=\"og:description\" content=\"CODE MODELL P9.001.002 VENTIL SET PM\/TPM\/CAR WASH \/PM-HY\/PM-EDM P9.001.005 Ventil Kit MMD\/TMM\/MMD CW\/MMD-HY\/MMD-EDM P9.001.011 VENTILKIT F\u00dcR PUMPE MMX P9.001.007 KIT VENTILE GM-1 D.20\/22 P9.001.008 KIT VENTILE GM-1; D.25\/28 P9.001.009 VALVOLA COMPLETA POMPA GMX \u00f820 &#8211; \u00f822 P9.001.010 VALVOLA COMPLETA POMPA GMX \u00f825 &#8211; \u00f828 P9.001.004 KITVENTILE F\u00dcR XM PUMPE P9.001.012 VALVOLA COMPLETA POMPA LM \u00d820 [&hellip;]\" \/>\n<meta property=\"og:url\" content=\"https:\/\/e-mazzoni.it\/de\/Produkt\/ventilsatz\/\" \/>\n<meta property=\"og:site_name\" content=\"Mazzoni\" \/>\n<meta property=\"article:modified_time\" content=\"2026-04-27T03:12:22+00:00\" \/>\n<meta property=\"og:image\" content=\"https:\/\/e-mazzoni.it\/wp-content\/uploads\/2026\/04\/DOC3894359406.jpg\" \/>\n\t<meta property=\"og:image:width\" content=\"228\" \/>\n\t<meta property=\"og:image:height\" content=\"258\" \/>\n\t<meta property=\"og:image:type\" content=\"image\/jpeg\" \/>\n<meta name=\"twitter:card\" content=\"summary_large_image\" \/>\n<!-- \/ Yoast SEO plugin. -->","yoast_head_json":{"title":"VENTILSATZ - Mazzoni","robots":{"index":"index","follow":"follow","max-snippet":"max-snippet:-1","max-image-preview":"max-image-preview:large","max-video-preview":"max-video-preview:-1"},"canonical":"https:\/\/e-mazzoni.it\/de\/Produkt\/ventilsatz\/","og_locale":"de_DE","og_type":"article","og_title":"VENTILSATZ - Mazzoni","og_description":"CODE MODELL P9.001.002 VENTIL SET PM\/TPM\/CAR WASH \/PM-HY\/PM-EDM P9.001.005 Ventil Kit MMD\/TMM\/MMD CW\/MMD-HY\/MMD-EDM P9.001.011 VENTILKIT F\u00dcR PUMPE MMX P9.001.007 KIT VENTILE GM-1 D.20\/22 P9.001.008 KIT VENTILE GM-1; D.25\/28 P9.001.009 VALVOLA COMPLETA POMPA GMX \u00f820 &#8211; \u00f822 P9.001.010 VALVOLA COMPLETA POMPA GMX \u00f825 &#8211; \u00f828 P9.001.004 KITVENTILE F\u00dcR XM PUMPE P9.001.012 VALVOLA COMPLETA POMPA LM \u00d820 [&hellip;]","og_url":"https:\/\/e-mazzoni.it\/de\/Produkt\/ventilsatz\/","og_site_name":"Mazzoni","article_modified_time":"2026-04-27T03:12:22+00:00","og_image":[{"width":228,"height":258,"url":"https:\/\/e-mazzoni.it\/wp-content\/uploads\/2026\/04\/DOC3894359406.jpg","type":"image\/jpeg"}],"twitter_card":"summary_large_image","schema":{"@context":"https:\/\/schema.org","@graph":[{"@type":"WebPage","@id":"https:\/\/e-mazzoni.it\/de\/Produkt\/ventilsatz\/","url":"https:\/\/e-mazzoni.it\/de\/Produkt\/ventilsatz\/","name":"VENTILSATZ - Mazzoni","isPartOf":{"@id":"https:\/\/e-mazzoni.it\/de\/#website"},"primaryImageOfPage":{"@id":"https:\/\/e-mazzoni.it\/de\/Produkt\/ventilsatz\/#primaryimage"},"image":{"@id":"https:\/\/e-mazzoni.it\/de\/Produkt\/ventilsatz\/#primaryimage"},"thumbnailUrl":"https:\/\/e-mazzoni.it\/wp-content\/uploads\/2026\/04\/DOC3894359406.jpg","datePublished":"2024-10-15T06:58:08+00:00","dateModified":"2026-04-27T03:12:22+00:00","breadcrumb":{"@id":"https:\/\/e-mazzoni.it\/de\/Produkt\/ventilsatz\/#breadcrumb"},"inLanguage":"de","potentialAction":[{"@type":"ReadAction","target":["https:\/\/e-mazzoni.it\/de\/Produkt\/ventilsatz\/"]}]},{"@type":"ImageObject","inLanguage":"de","@id":"https:\/\/e-mazzoni.it\/de\/Produkt\/ventilsatz\/#primaryimage","url":"https:\/\/e-mazzoni.it\/wp-content\/uploads\/2026\/04\/DOC3894359406.jpg","contentUrl":"https:\/\/e-mazzoni.it\/wp-content\/uploads\/2026\/04\/DOC3894359406.jpg","width":228,"height":258},{"@type":"BreadcrumbList","@id":"https:\/\/e-mazzoni.it\/de\/Produkt\/ventilsatz\/#breadcrumb","itemListElement":[{"@type":"ListItem","position":1,"name":"Home","item":"https:\/\/e-mazzoni.it\/de\/"},{"@type":"ListItem","position":2,"name":"Produkte","item":"https:\/\/e-mazzoni.it\/de\/produkte\/"},{"@type":"ListItem","position":3,"name":"VENTILSATZ"}]},{"@type":"WebSite","@id":"https:\/\/e-mazzoni.it\/de\/#website","url":"https:\/\/e-mazzoni.it\/de\/","name":"Mazzoni","description":"Mazzoni","publisher":{"@id":"https:\/\/e-mazzoni.it\/de\/#organization"},"potentialAction":[{"@type":"SearchAction","target":{"@type":"EntryPoint","urlTemplate":"https:\/\/e-mazzoni.it\/de\/?s={search_term_string}"},"query-input":{"@type":"PropertyValueSpecification","valueRequired":true,"valueName":"search_term_string"}}],"inLanguage":"de"},{"@type":"Organization","@id":"https:\/\/e-mazzoni.it\/de\/#organization","name":"Mazzoni","url":"https:\/\/e-mazzoni.it\/de\/","logo":{"@type":"ImageObject","inLanguage":"de","@id":"https:\/\/e-mazzoni.it\/de\/#\/schema\/logo\/image\/","url":"https:\/\/e-mazzoni.it\/wp-content\/uploads\/2023\/07\/logo.png","contentUrl":"https:\/\/e-mazzoni.it\/wp-content\/uploads\/2023\/07\/logo.png","width":250,"height":109,"caption":"Mazzoni"},"image":{"@id":"https:\/\/e-mazzoni.it\/de\/#\/schema\/logo\/image\/"}}]}},"_links":{"self":[{"href":"https:\/\/e-mazzoni.it\/de\/wp-json\/wp\/v2\/product\/32589","targetHints":{"allow":["GET"]}}],"collection":[{"href":"https:\/\/e-mazzoni.it\/de\/wp-json\/wp\/v2\/product"}],"about":[{"href":"https:\/\/e-mazzoni.it\/de\/wp-json\/wp\/v2\/types\/product"}],"wp:featuredmedia":[{"embeddable":true,"href":"https:\/\/e-mazzoni.it\/de\/wp-json\/wp\/v2\/media\/68660"}],"wp:attachment":[{"href":"https:\/\/e-mazzoni.it\/de\/wp-json\/wp\/v2\/media?parent=32589"}],"wp:term":[{"taxonomy":"product_brand","embeddable":true,"href":"https:\/\/e-mazzoni.it\/de\/wp-json\/wp\/v2\/product_brand?post=32589"},{"taxonomy":"product_cat","embeddable":true,"href":"https:\/\/e-mazzoni.it\/de\/wp-json\/wp\/v2\/product_cat?post=32589"},{"taxonomy":"product_tag","embeddable":true,"href":"https:\/\/e-mazzoni.it\/de\/wp-json\/wp\/v2\/product_tag?post=32589"}],"curies":[{"name":"wp","href":"https:\/\/api.w.org\/{rel}","templated":true}]}}