{"id":31181,"date":"2024-10-15T06:54:51","date_gmt":"2024-10-15T06:54:51","guid":{"rendered":"https:\/\/e-mazzoni.it\/prodotto\/lm\/"},"modified":"2026-05-02T02:55:47","modified_gmt":"2026-05-02T02:55:47","slug":"lm","status":"publish","type":"product","link":"https:\/\/e-mazzoni.it\/de\/Produkt\/lm\/","title":{"rendered":"LM"},"content":{"rendered":"<p>SERIE LM: industrielle Pumpen in Linie mit 3 Kolben und hohem Druck mit Pleuelstange\/Kurbel. Maximaler Druck 280BAR (4060PSI)<br \/>\nHohe Leistung, minimale Wartung und Zuverl\u00e4ssigkeit werden durch hochwertige Materialien garantiert, die eine lange Lebensdauer gew\u00e4hrleisten. 100% italienische Produktion in unseren Werken in Reggio Emilia.<\/p>\n<div>\n<table style=\"width: 100%\" border=\"1\" id=\"table_options\">\n<tbody>\n<tr>\n<th style=\"color: #fff\" bgcolor=\"#ea2833\">CODE<\/th>\n<th style=\"color: #fff\" bgcolor=\"#ea2833\">MODELL<\/th>\n<th style=\"color: #fff\" bgcolor=\"#ea2833\">BAR<\/th>\n<th style=\"color: #fff\" bgcolor=\"#ea2833\">PSI<\/th>\n<th style=\"color: #fff\" bgcolor=\"#ea2833\">PORTATA LT RPM1<\/th>\n<th style=\"color: #fff\" bgcolor=\"#ea2833\">PORTATA GPM RPM1<\/th>\n<th style=\"color: #fff\" bgcolor=\"#ea2833\">GIRI RPM 1<\/th>\n<th style=\"color: #fff\" bgcolor=\"#ea2833\">POTENZA HP RPM1<\/th>\n<th style=\"color: #fff\" bgcolor=\"#ea2833\">POTENZA KW RPM1<\/th>\n<th style=\"color: #fff\" bgcolor=\"#ea2833\">PORTATA LT RPM2<\/th>\n<th style=\"color: #fff\" bgcolor=\"#ea2833\">PORTATA GPM RPM2<\/th>\n<th style=\"color: #fff\" bgcolor=\"#ea2833\">GIRI RPM 2<\/th>\n<th style=\"color: #fff\" bgcolor=\"#ea2833\">POTENZA HP RPM2<\/th>\n<th style=\"color: #fff\" bgcolor=\"#ea2833\">POTENZA KW RPM2<\/th>\n<th style=\"color: #fff\" bgcolor=\"#ea2833\">\u00f8 BAUM<\/th>\n<th style=\"color: #fff\" bgcolor=\"#ea2833\">\u00f8 BAUM<\/th>\n<th style=\"color: #fff\" bgcolor=\"#ea2833\">BAUML\u00c4NGE<\/th>\n<th style=\"color: #fff\" bgcolor=\"#ea2833\">BAUML\u00c4NGE (INCH)<\/th>\n<th style=\"color: #fff\" bgcolor=\"#ea2833\">BAUM<\/th>\n<th style=\"color: #fff\" bgcolor=\"#ea2833\">\u00f8 KOLBEN<\/th>\n<th style=\"color: #fff\" bgcolor=\"#ea2833\">PISTONE De INCH<\/th>\n<th style=\"color: #fff\" bgcolor=\"#ea2833\">MAX EINTRITTSTEMPERATUR <\/th>\n<th style=\"color: #fff\" bgcolor=\"#ea2833\">MIN EINGANGSDRUCK (BAR)<\/th>\n<th style=\"color: #fff\" bgcolor=\"#ea2833\">MIN EINGANGSDRUCK (PSI)<\/th>\n<th style=\"color: #fff\" bgcolor=\"#ea2833\">KAPAZIT\u00c4T DES \u00d6LS (LT)<\/th>\n<th style=\"color: #fff\" bgcolor=\"#ea2833\">KAPAZIT\u00c4T DES \u00d6LS (GAL)<\/th>\n<th style=\"color: #fff\" bgcolor=\"#ea2833\">INLET<\/th>\n<th style=\"color: #fff\" bgcolor=\"#ea2833\">OUTLET<\/th>\n<th style=\"color: #fff\" bgcolor=\"#ea2833\">EIGENGEWICHT (KG)<\/th>\n<th style=\"color: #fff\" bgcolor=\"#ea2833\">EIGENGEWICHT (LBS)<\/th>\n<\/tr>\n<tr>\n<td align=\"center !important\">P3.040.006<\/td>\n<td align=\"center !important\">LM40280R<\/td>\n<td align=\"center !important\">280<\/td>\n<td align=\"center !important\">4061<\/td>\n<td align=\"center !important\">40<\/td>\n<td align=\"center !important\">10,4<\/td>\n<td align=\"center !important\">1450<\/td>\n<td align=\"center !important\">29,09<\/td>\n<td align=\"center !important\">21,55<\/td>\n<td align=\"center !important\"><\/td>\n<td align=\"center !important\"><\/td>\n<td align=\"center !important\"><\/td>\n<td align=\"center !important\"><\/td>\n<td align=\"center !important\"><\/td>\n<td align=\"center !important\">40mm<\/td>\n<td align=\"center !important\">1.6 in.<\/td>\n<td align=\"center !important\">80mm<\/td>\n<td align=\"center !important\">3.1 in.<\/td>\n<td align=\"center !important\">Destro\/Right<\/td>\n<td align=\"center !important\">30mm<\/td>\n<td align=\"center !important\">1.2 in.<\/td>\n<td align=\"center !important\">65\u00b0C-149\u00b0F<\/td>\n<td align=\"center !important\">0,2<\/td>\n<td align=\"center !important\">2,9<\/td>\n<td align=\"center !important\">3,1<\/td>\n<td align=\"center !important\">0,82<\/td>\n<td align=\"center !important\">G 1<\/td>\n<td align=\"center !important\">G 3\/4<\/td>\n<td align=\"center !important\">50<\/td>\n<td align=\"center !important\">110<\/td>\n<\/tr>\n<tr>\n<td align=\"center !important\">P3.040.007<\/td>\n<td align=\"center !important\">LM67280R<\/td>\n<td align=\"center !important\">280<\/td>\n<td align=\"center !important\">4061<\/td>\n<td align=\"center !important\">67<\/td>\n<td align=\"center !important\">17,4<\/td>\n<td align=\"center !important\">1450<\/td>\n<td align=\"center !important\">43,64<\/td>\n<td align=\"center !important\">32,32<\/td>\n<td align=\"center !important\"><\/td>\n<td align=\"center !important\"><\/td>\n<td align=\"center !important\"><\/td>\n<td align=\"center !important\"><\/td>\n<td align=\"center !important\"><\/td>\n<td align=\"center !important\">40mm<\/td>\n<td align=\"center !important\">1.6 in.<\/td>\n<td align=\"center !important\">80mm<\/td>\n<td align=\"center !important\">3.1 in.<\/td>\n<td align=\"center !important\">Destro\/Right<\/td>\n<td align=\"center !important\">30mm<\/td>\n<td align=\"center !important\">1.2 in.<\/td>\n<td align=\"center !important\">65\u00b0C-149\u00b0F<\/td>\n<td align=\"center !important\">0,2<\/td>\n<td align=\"center !important\">2,9<\/td>\n<td align=\"center !important\">3,1<\/td>\n<td align=\"center !important\">0,82<\/td>\n<td align=\"center !important\">G 1<\/td>\n<td align=\"center !important\">G 3\/4<\/td>\n<td align=\"center !important\">50<\/td>\n<td align=\"center !important\">110<\/td>\n<\/tr>\n<tr>\n<td align=\"center !important\">P3.040.008<\/td>\n<td align=\"center !important\">LM80280R<\/td>\n<td align=\"center !important\">280<\/td>\n<td align=\"center !important\">4061<\/td>\n<td align=\"center !important\">80<\/td>\n<td align=\"center !important\">21,1<\/td>\n<td align=\"center !important\">1450<\/td>\n<td align=\"center !important\">58,18<\/td>\n<td align=\"center !important\">43,10<\/td>\n<td align=\"center !important\"><\/td>\n<td align=\"center !important\"><\/td>\n<td align=\"center !important\"><\/td>\n<td align=\"center !important\"><\/td>\n<td align=\"center !important\"><\/td>\n<td align=\"center !important\">40mm<\/td>\n<td align=\"center !important\">1.6 in.<\/td>\n<td align=\"center !important\">80mm<\/td>\n<td align=\"center !important\">3.1 in.<\/td>\n<td align=\"center !important\">Destro\/Right<\/td>\n<td align=\"center !important\">30mm<\/td>\n<td align=\"center !important\">1.2 in.<\/td>\n<td align=\"center !important\">65\u00b0C-149\u00b0F<\/td>\n<td align=\"center !important\">0,2<\/td>\n<td align=\"center !important\">2,9<\/td>\n<td align=\"center !important\">3,1<\/td>\n<td align=\"center !important\">0,82<\/td>\n<td align=\"center !important\">G 1<\/td>\n<td align=\"center !important\">G 3\/4<\/td>\n<td align=\"center !important\">50<\/td>\n<td align=\"center !important\">110<\/td>\n<\/tr>\n<tr>\n<td align=\"center !important\">P3.040.017<\/td>\n<td align=\"center !important\">LM40280L<\/td>\n<td align=\"center !important\">280<\/td>\n<td align=\"center !important\">4061<\/td>\n<td align=\"center !important\">40<\/td>\n<td align=\"center !important\">10,4<\/td>\n<td align=\"center !important\">1450<\/td>\n<td align=\"center !important\">29,09<\/td>\n<td align=\"center !important\">21,55<\/td>\n<td align=\"center !important\"><\/td>\n<td align=\"center !important\"><\/td>\n<td align=\"center !important\"><\/td>\n<td align=\"center !important\"><\/td>\n<td align=\"center !important\"><\/td>\n<td align=\"center !important\">40mm<\/td>\n<td align=\"center !important\">1.6 in.<\/td>\n<td align=\"center !important\">80mm<\/td>\n<td align=\"center !important\">3.1 in.<\/td>\n<td align=\"center !important\">Sinistro\/Left<\/td>\n<td align=\"center !important\">30mm<\/td>\n<td align=\"center !important\">1.2 in.<\/td>\n<td align=\"center !important\">65\u00b0C-149\u00b0F<\/td>\n<td align=\"center !important\">0,2<\/td>\n<td align=\"center !important\">2,9<\/td>\n<td align=\"center !important\">3,1<\/td>\n<td align=\"center !important\">0,82<\/td>\n<td align=\"center !important\">G 1<\/td>\n<td align=\"center !important\">G 3\/4<\/td>\n<td align=\"center !important\">50<\/td>\n<td align=\"center !important\">110<\/td>\n<\/tr>\n<tr>\n<td align=\"center !important\">P3.040.018<\/td>\n<td align=\"center !important\">LM67280L<\/td>\n<td align=\"center !important\">280<\/td>\n<td align=\"center !important\">4061<\/td>\n<td align=\"center !important\">67<\/td>\n<td align=\"center !important\">17,4<\/td>\n<td align=\"center !important\">1450<\/td>\n<td align=\"center !important\">43,64<\/td>\n<td align=\"center !important\">32,32<\/td>\n<td align=\"center !important\"><\/td>\n<td align=\"center !important\"><\/td>\n<td align=\"center !important\"><\/td>\n<td align=\"center !important\"><\/td>\n<td align=\"center !important\"><\/td>\n<td align=\"center !important\">40mm<\/td>\n<td align=\"center !important\">1.6 in.<\/td>\n<td align=\"center !important\">80mm<\/td>\n<td align=\"center !important\">3.1 in.<\/td>\n<td align=\"center !important\">Sinistro\/Left<\/td>\n<td align=\"center !important\">30mm<\/td>\n<td align=\"center !important\">1.2 in.<\/td>\n<td align=\"center !important\">65\u00b0C-149\u00b0F<\/td>\n<td align=\"center !important\">0,2<\/td>\n<td align=\"center !important\">2,9<\/td>\n<td align=\"center !important\">3,1<\/td>\n<td align=\"center !important\">0,82<\/td>\n<td align=\"center !important\">G 1<\/td>\n<td align=\"center !important\">G 3\/4<\/td>\n<td align=\"center !important\">50<\/td>\n<td align=\"center !important\">110<\/td>\n<\/tr>\n<tr>\n<td align=\"center !important\">P3.040.019<\/td>\n<td align=\"center !important\">LM80280L<\/td>\n<td align=\"center !important\">280<\/td>\n<td align=\"center !important\">4061<\/td>\n<td align=\"center !important\">80<\/td>\n<td align=\"center !important\">21,1<\/td>\n<td align=\"center !important\">1450<\/td>\n<td align=\"center !important\">58,18<\/td>\n<td align=\"center !important\">43,10<\/td>\n<td align=\"center !important\"><\/td>\n<td align=\"center !important\"><\/td>\n<td align=\"center !important\"><\/td>\n<td align=\"center !important\"><\/td>\n<td align=\"center !important\"><\/td>\n<td align=\"center !important\">40mm<\/td>\n<td align=\"center !important\">1.6 in.<\/td>\n<td align=\"center !important\">80mm<\/td>\n<td align=\"center !important\">3.1 in.<\/td>\n<td align=\"center !important\">Sinistro\/Left<\/td>\n<td align=\"center !important\">30mm<\/td>\n<td align=\"center !important\">1.2 in.<\/td>\n<td align=\"center !important\">65\u00b0C-149\u00b0F<\/td>\n<td align=\"center !important\">0,2<\/td>\n<td align=\"center !important\">2,9<\/td>\n<td align=\"center !important\">3,1<\/td>\n<td align=\"center !important\">0,82<\/td>\n<td align=\"center !important\">G 1<\/td>\n<td align=\"center !important\">G 3\/4<\/td>\n<td align=\"center !important\">50<\/td>\n<td align=\"center !important\">110<\/td>\n<\/tr>\n<tr>\n<td align=\"center !important\">P3.040.025<\/td>\n<td align=\"center !important\">LM1002500R<\/td>\n<td align=\"center !important\">250<\/td>\n<td align=\"center !important\">3626<\/td>\n<td align=\"center !important\">100<\/td>\n<td align=\"center !important\">26<\/td>\n<td align=\"center !important\">1450<\/td>\n<td align=\"center !important\">63<\/td>\n<td align=\"center !important\">47<\/td>\n<td align=\"center !important\">110<\/td>\n<td align=\"center !important\">29.0<\/td>\n<td align=\"center !important\">1740<\/td>\n<td align=\"center !important\">88<\/td>\n<td align=\"center !important\">66<\/td>\n<td align=\"center !important\">40mm<\/td>\n<td align=\"center !important\">1.6 in.<\/td>\n<td align=\"center !important\">80mm<\/td>\n<td align=\"center !important\">3.1 in.<\/td>\n<td align=\"center !important\">Destro\/Right<\/td>\n<td align=\"center !important\">30mm<\/td>\n<td align=\"center !important\">1.2 in.<\/td>\n<td align=\"center !important\">65\u00b0C-149\u00b0F<\/td>\n<td align=\"center !important\">0,2<\/td>\n<td align=\"center !important\">2,9<\/td>\n<td align=\"center !important\">3,1<\/td>\n<td align=\"center !important\">0,82<\/td>\n<td align=\"center !important\">G 1<\/td>\n<td align=\"center !important\">G 3\/4<\/td>\n<td align=\"center !important\">54<\/td>\n<td align=\"center !important\">119<\/td>\n<\/tr>\n<tr>\n<td align=\"center !important\">P3.040.026<\/td>\n<td align=\"center !important\">LM1002500L<\/td>\n<td align=\"center !important\">250<\/td>\n<td align=\"center !important\">3626<\/td>\n<td align=\"center !important\">100<\/td>\n<td align=\"center !important\">26<\/td>\n<td align=\"center !important\">1450<\/td>\n<td align=\"center !important\">63<\/td>\n<td align=\"center !important\">47<\/td>\n<td align=\"center !important\">110<\/td>\n<td align=\"center !important\">29.0<\/td>\n<td align=\"center !important\">1740<\/td>\n<td align=\"center !important\">88<\/td>\n<td align=\"center !important\">66<\/td>\n<td align=\"center !important\">40mm<\/td>\n<td align=\"center !important\">1.6 in.<\/td>\n<td align=\"center !important\">80mm<\/td>\n<td align=\"center !important\">3.1 in.<\/td>\n<td align=\"center !important\">Sinistro\/Left<\/td>\n<td align=\"center !important\">30mm<\/td>\n<td align=\"center !important\">1.2 in.<\/td>\n<td align=\"center !important\">65\u00b0C-149\u00b0F<\/td>\n<td align=\"center !important\">0,2<\/td>\n<td align=\"center !important\">2,9<\/td>\n<td align=\"center !important\">3,1<\/td>\n<td align=\"center !important\">0,82<\/td>\n<td align=\"center !important\">G 1<\/td>\n<td align=\"center !important\">G 3\/4<\/td>\n<td align=\"center !important\">54<\/td>\n<td align=\"center !important\">119<\/td>\n<\/tr>\n<tr>\n<td align=\"center !important\">P3.040.023<\/td>\n<td align=\"center !important\">LM90280R<\/td>\n<td align=\"center !important\">280<\/td>\n<td align=\"center !important\">4061<\/td>\n<td align=\"center !important\">90<\/td>\n<td align=\"center !important\">23,4<\/td>\n<td align=\"center !important\">1450<\/td>\n<td align=\"center !important\">65,5<\/td>\n<td align=\"center !important\">48,15<\/td>\n<td align=\"center !important\"><\/td>\n<td align=\"center !important\"><\/td>\n<td align=\"center !important\"><\/td>\n<td align=\"center !important\"><\/td>\n<td align=\"center !important\"><\/td>\n<td align=\"center !important\">40mm<\/td>\n<td align=\"center !important\">1.6 in.<\/td>\n<td align=\"center !important\">80mm<\/td>\n<td align=\"center !important\">3.1 in.<\/td>\n<td align=\"center !important\">Destro\/Right<\/td>\n<td align=\"center !important\">30mm<\/td>\n<td align=\"center !important\">1.2 in.<\/td>\n<td align=\"center !important\">65\u00b0C-149\u00b0F<\/td>\n<td align=\"center !important\">0,2<\/td>\n<td align=\"center !important\">2,9<\/td>\n<td align=\"center !important\">3,1<\/td>\n<td align=\"center !important\">0,82<\/td>\n<td align=\"center !important\">G 1<\/td>\n<td align=\"center !important\">G 3\/4<\/td>\n<td align=\"center !important\">54<\/td>\n<td align=\"center !important\">119<\/td>\n<\/tr>\n<tr>\n<td align=\"center !important\">P3.040.024<\/td>\n<td align=\"center !important\">LM90280L<\/td>\n<td align=\"center !important\">280<\/td>\n<td align=\"center !important\">4061<\/td>\n<td align=\"center !important\">90<\/td>\n<td align=\"center !important\">23,4<\/td>\n<td align=\"center !important\">1450<\/td>\n<td align=\"center !important\">65,5<\/td>\n<td align=\"center !important\">48,15<\/td>\n<td align=\"center !important\"><\/td>\n<td align=\"center !important\"><\/td>\n<td align=\"center !important\">1740<\/td>\n<td align=\"center !important\"><\/td>\n<td align=\"center !important\"><\/td>\n<td align=\"center !important\">40mm<\/td>\n<td align=\"center !important\">1.6 in.<\/td>\n<td align=\"center !important\">80mm<\/td>\n<td align=\"center !important\">3.1 in.<\/td>\n<td align=\"center !important\">Sinistro\/Left<\/td>\n<td align=\"center !important\">30mm<\/td>\n<td align=\"center !important\">1.2 in.<\/td>\n<td align=\"center !important\">65\u00b0C-149\u00b0F<\/td>\n<td align=\"center !important\">0,2<\/td>\n<td align=\"center !important\">2,9<\/td>\n<td align=\"center !important\">3,1<\/td>\n<td align=\"center !important\">0,82<\/td>\n<td align=\"center !important\">G 1<\/td>\n<td align=\"center !important\">G 3\/4<\/td>\n<td align=\"center !important\">50<\/td>\n<td align=\"center !important\">110<\/td>\n<\/tr>\n<\/tbody>\n<\/table>\n<\/div>\n","protected":false},"excerpt":{"rendered":"<p>MAZZONI HOCHDRUCKPUMPEN<\/p>\n<p>\u00dcberdimensionierte und geschliffene F\u00fchrungskolbenstangen f\u00fcr eine Verringerung der Reibung beim Gleiten und eine bessere \u00d6ldichtheit.<br \/>\n\u00dcberdimensionierte Welle mit Klemme f\u00fcr eine bessere \u00dcbertragung des Drehmoments.<br \/>\nDickwandige Keramik-Kolben f\u00fcr eine l\u00e4ngere Lebensdauer.<br \/>\nSaug- und Druckventile mit vergr\u00f6\u00dferten Wasserdurchg\u00e4ngen.<br \/>\n\u00dcberdimensionierte Pleuelstangen aus einer speziellen Reibungsschutzlegierung.<br \/>\nPumpenkopf aus Gusseisen.<br \/>\nDichtungssystem mit doppelter Dichtung.<br \/>\nKonische Rollenlager mit hohem Widerstand.<br \/>\nPumpenk\u00f6rper mit robuster Konstruktion, die f\u00fcr lange Lebensdauer konzipiert ist<\/p>\n","protected":false},"featured_media":68395,"template":"","meta":{"zakra_page_container_layout":"customizer","zakra_page_sidebar_layout":"customizer","zakra_remove_content_margin":false,"zakra_sidebar":"customizer","zakra_transparent_header":"customizer","zakra_logo":0,"zakra_main_header_style":"default","zakra_menu_item_color":"","zakra_menu_item_hover_color":"","zakra_menu_item_active_color":"","zakra_menu_active_style":"","zakra_page_header":true},"product_brand":[],"product_cat":[3737],"product_tag":[3688,3648,3712],"class_list":{"0":"post-31181","1":"product","2":"type-product","3":"status-publish","4":"has-post-thumbnail","6":"product_cat-pumpen-mazzoni","7":"product_tag-bauwesen_de","8":"product_tag-reinigung_de","9":"product_tag-schwerindustrie_de","11":"first","12":"instock","13":"shipping-taxable","14":"product-type-simple"},"yoast_head":"<!-- This site is optimized with the Yoast SEO plugin v27.5 - https:\/\/yoast.com\/product\/yoast-seo-wordpress\/ -->\n<title>LM - Mazzoni<\/title>\n<meta name=\"robots\" content=\"index, follow, max-snippet:-1, max-image-preview:large, max-video-preview:-1\" \/>\n<link rel=\"canonical\" href=\"https:\/\/e-mazzoni.it\/de\/Produkt\/lm\/\" \/>\n<meta property=\"og:locale\" content=\"de_DE\" \/>\n<meta property=\"og:type\" content=\"article\" \/>\n<meta property=\"og:title\" content=\"LM - Mazzoni\" \/>\n<meta property=\"og:description\" content=\"MAZZONI HOCHDRUCKPUMPEN \u00dcberdimensionierte und geschliffene F\u00fchrungskolbenstangen f\u00fcr eine Verringerung der Reibung beim Gleiten und eine bessere \u00d6ldichtheit. \u00dcberdimensionierte Welle mit Klemme f\u00fcr eine bessere \u00dcbertragung des Drehmoments. Dickwandige Keramik-Kolben f\u00fcr eine l\u00e4ngere Lebensdauer. Saug- und Druckventile mit vergr\u00f6\u00dferten Wasserdurchg\u00e4ngen. \u00dcberdimensionierte Pleuelstangen aus einer speziellen Reibungsschutzlegierung. Pumpenkopf aus Gusseisen. Dichtungssystem mit doppelter Dichtung. Konische Rollenlager mit hohem Widerstand. Pumpenk\u00f6rper mit robuster Konstruktion, die f\u00fcr lange Lebensdauer konzipiert ist\" \/>\n<meta property=\"og:url\" content=\"https:\/\/e-mazzoni.it\/de\/Produkt\/lm\/\" \/>\n<meta property=\"og:site_name\" content=\"Mazzoni\" \/>\n<meta property=\"article:modified_time\" content=\"2026-05-02T02:55:47+00:00\" \/>\n<meta property=\"og:image\" content=\"https:\/\/e-mazzoni.it\/wp-content\/uploads\/2026\/04\/DOC2281385224.jpg\" \/>\n\t<meta property=\"og:image:width\" content=\"1600\" \/>\n\t<meta property=\"og:image:height\" content=\"1236\" \/>\n\t<meta property=\"og:image:type\" content=\"image\/jpeg\" \/>\n<meta name=\"twitter:card\" content=\"summary_large_image\" \/>\n<meta name=\"twitter:label1\" content=\"Gesch\u00e4tzte Lesezeit\" \/>\n\t<meta name=\"twitter:data1\" content=\"1\u00a0Minute\" \/>\n<!-- \/ Yoast SEO plugin. -->","yoast_head_json":{"title":"LM - Mazzoni","robots":{"index":"index","follow":"follow","max-snippet":"max-snippet:-1","max-image-preview":"max-image-preview:large","max-video-preview":"max-video-preview:-1"},"canonical":"https:\/\/e-mazzoni.it\/de\/Produkt\/lm\/","og_locale":"de_DE","og_type":"article","og_title":"LM - Mazzoni","og_description":"MAZZONI HOCHDRUCKPUMPEN \u00dcberdimensionierte und geschliffene F\u00fchrungskolbenstangen f\u00fcr eine Verringerung der Reibung beim Gleiten und eine bessere \u00d6ldichtheit. \u00dcberdimensionierte Welle mit Klemme f\u00fcr eine bessere \u00dcbertragung des Drehmoments. Dickwandige Keramik-Kolben f\u00fcr eine l\u00e4ngere Lebensdauer. Saug- und Druckventile mit vergr\u00f6\u00dferten Wasserdurchg\u00e4ngen. \u00dcberdimensionierte Pleuelstangen aus einer speziellen Reibungsschutzlegierung. Pumpenkopf aus Gusseisen. Dichtungssystem mit doppelter Dichtung. Konische Rollenlager mit hohem Widerstand. Pumpenk\u00f6rper mit robuster Konstruktion, die f\u00fcr lange Lebensdauer konzipiert ist","og_url":"https:\/\/e-mazzoni.it\/de\/Produkt\/lm\/","og_site_name":"Mazzoni","article_modified_time":"2026-05-02T02:55:47+00:00","og_image":[{"width":1600,"height":1236,"url":"https:\/\/e-mazzoni.it\/wp-content\/uploads\/2026\/04\/DOC2281385224.jpg","type":"image\/jpeg"}],"twitter_card":"summary_large_image","twitter_misc":{"Gesch\u00e4tzte Lesezeit":"1\u00a0Minute"},"schema":{"@context":"https:\/\/schema.org","@graph":[{"@type":"WebPage","@id":"https:\/\/e-mazzoni.it\/de\/Produkt\/lm\/","url":"https:\/\/e-mazzoni.it\/de\/Produkt\/lm\/","name":"LM - Mazzoni","isPartOf":{"@id":"https:\/\/e-mazzoni.it\/de\/#website"},"primaryImageOfPage":{"@id":"https:\/\/e-mazzoni.it\/de\/Produkt\/lm\/#primaryimage"},"image":{"@id":"https:\/\/e-mazzoni.it\/de\/Produkt\/lm\/#primaryimage"},"thumbnailUrl":"https:\/\/e-mazzoni.it\/wp-content\/uploads\/2026\/04\/DOC2281385224.jpg","datePublished":"2024-10-15T06:54:51+00:00","dateModified":"2026-05-02T02:55:47+00:00","breadcrumb":{"@id":"https:\/\/e-mazzoni.it\/de\/Produkt\/lm\/#breadcrumb"},"inLanguage":"de","potentialAction":[{"@type":"ReadAction","target":["https:\/\/e-mazzoni.it\/de\/Produkt\/lm\/"]}]},{"@type":"ImageObject","inLanguage":"de","@id":"https:\/\/e-mazzoni.it\/de\/Produkt\/lm\/#primaryimage","url":"https:\/\/e-mazzoni.it\/wp-content\/uploads\/2026\/04\/DOC2281385224.jpg","contentUrl":"https:\/\/e-mazzoni.it\/wp-content\/uploads\/2026\/04\/DOC2281385224.jpg","width":1600,"height":1236},{"@type":"BreadcrumbList","@id":"https:\/\/e-mazzoni.it\/de\/Produkt\/lm\/#breadcrumb","itemListElement":[{"@type":"ListItem","position":1,"name":"Home","item":"https:\/\/e-mazzoni.it\/de\/"},{"@type":"ListItem","position":2,"name":"Produkte","item":"https:\/\/e-mazzoni.it\/de\/produkte\/"},{"@type":"ListItem","position":3,"name":"LM"}]},{"@type":"WebSite","@id":"https:\/\/e-mazzoni.it\/de\/#website","url":"https:\/\/e-mazzoni.it\/de\/","name":"Mazzoni","description":"Mazzoni","publisher":{"@id":"https:\/\/e-mazzoni.it\/de\/#organization"},"potentialAction":[{"@type":"SearchAction","target":{"@type":"EntryPoint","urlTemplate":"https:\/\/e-mazzoni.it\/de\/?s={search_term_string}"},"query-input":{"@type":"PropertyValueSpecification","valueRequired":true,"valueName":"search_term_string"}}],"inLanguage":"de"},{"@type":"Organization","@id":"https:\/\/e-mazzoni.it\/de\/#organization","name":"Mazzoni","url":"https:\/\/e-mazzoni.it\/de\/","logo":{"@type":"ImageObject","inLanguage":"de","@id":"https:\/\/e-mazzoni.it\/de\/#\/schema\/logo\/image\/","url":"https:\/\/e-mazzoni.it\/wp-content\/uploads\/2023\/07\/logo.png","contentUrl":"https:\/\/e-mazzoni.it\/wp-content\/uploads\/2023\/07\/logo.png","width":250,"height":109,"caption":"Mazzoni"},"image":{"@id":"https:\/\/e-mazzoni.it\/de\/#\/schema\/logo\/image\/"}}]}},"_links":{"self":[{"href":"https:\/\/e-mazzoni.it\/de\/wp-json\/wp\/v2\/product\/31181","targetHints":{"allow":["GET"]}}],"collection":[{"href":"https:\/\/e-mazzoni.it\/de\/wp-json\/wp\/v2\/product"}],"about":[{"href":"https:\/\/e-mazzoni.it\/de\/wp-json\/wp\/v2\/types\/product"}],"wp:featuredmedia":[{"embeddable":true,"href":"https:\/\/e-mazzoni.it\/de\/wp-json\/wp\/v2\/media\/68395"}],"wp:attachment":[{"href":"https:\/\/e-mazzoni.it\/de\/wp-json\/wp\/v2\/media?parent=31181"}],"wp:term":[{"taxonomy":"product_brand","embeddable":true,"href":"https:\/\/e-mazzoni.it\/de\/wp-json\/wp\/v2\/product_brand?post=31181"},{"taxonomy":"product_cat","embeddable":true,"href":"https:\/\/e-mazzoni.it\/de\/wp-json\/wp\/v2\/product_cat?post=31181"},{"taxonomy":"product_tag","embeddable":true,"href":"https:\/\/e-mazzoni.it\/de\/wp-json\/wp\/v2\/product_tag?post=31181"}],"curies":[{"name":"wp","href":"https:\/\/api.w.org\/{rel}","templated":true}]}}