{"id":30741,"date":"2024-10-15T06:53:11","date_gmt":"2024-10-15T06:53:11","guid":{"rendered":"https:\/\/e-mazzoni.it\/prodotto\/mmx-1000-rpm\/"},"modified":"2026-05-02T02:47:41","modified_gmt":"2026-05-02T02:47:41","slug":"mmx-1000-rpm","status":"publish","type":"product","link":"https:\/\/e-mazzoni.it\/de\/Produkt\/mmx-1000-rpm\/","title":{"rendered":"MMX &#8211; 1000 RPM"},"content":{"rendered":"<p>SERIE MMX-1000RPM: industrielle Pumpen in Linie mit 3 Kolben und hohem Druck mit Pleuelstange\/Kurbel. Maximaler Druck von 200BAR (2900psi).<br \/>\nHohe Leistung, minimale Wartung und Zuverl\u00e4ssigkeit werden durch hochwertige Materialien garantiert, die eine lange Lebensdauer gew\u00e4hrleisten. 100% italienische Produktion in unseren Werken in Reggio Emilia.<\/p>\n<div>\n<table style=\"width: 100%\" border=\"1\" id=\"table_options\">\n<tbody>\n<tr>\n<th style=\"color: #fff\" bgcolor=\"#ea2833\">CODE<\/th>\n<th style=\"color: #fff\" bgcolor=\"#ea2833\">MODELL<\/th>\n<th style=\"color: #fff\" bgcolor=\"#ea2833\">BAR<\/th>\n<th style=\"color: #fff\" bgcolor=\"#ea2833\">PSI<\/th>\n<th style=\"color: #fff\" bgcolor=\"#ea2833\">L\/MIN &#8211; 1000 RPM<\/th>\n<th style=\"color: #fff\" bgcolor=\"#ea2833\">GPM &#8211; 1000 RPM<\/th>\n<th style=\"color: #fff\" bgcolor=\"#ea2833\">RPM 50 HZ<\/th>\n<th style=\"color: #fff\" bgcolor=\"#ea2833\">HP &#8211; 1000 RPM<\/th>\n<th style=\"color: #fff\" bgcolor=\"#ea2833\">KW &#8211; 1000 RPM<\/th>\n<th style=\"color: #fff\" bgcolor=\"#ea2833\">L\/MIN -1200 RPM<\/th>\n<th style=\"color: #fff\" bgcolor=\"#ea2833\">GPM &#8211; 1200 RPM<\/th>\n<th style=\"color: #fff\" bgcolor=\"#ea2833\">RPM 60 HZ<\/th>\n<th style=\"color: #fff\" bgcolor=\"#ea2833\">HP &#8211; 1200 RPM<\/th>\n<th style=\"color: #fff\" bgcolor=\"#ea2833\">KW &#8211; 1200 RPM<\/th>\n<th style=\"color: #fff\" bgcolor=\"#ea2833\">\u00f8 BAUM<\/th>\n<th style=\"color: #fff\" bgcolor=\"#ea2833\">\u00f8 BAUM<\/th>\n<th style=\"color: #fff\" bgcolor=\"#ea2833\">BAUML\u00c4NGE<\/th>\n<th style=\"color: #fff\" bgcolor=\"#ea2833\">BAUML\u00c4NGE (INCH)<\/th>\n<th style=\"color: #fff\" bgcolor=\"#ea2833\">BAUM<\/th>\n<th style=\"color: #fff\" bgcolor=\"#ea2833\">\u00f8 KOLBEN<\/th>\n<th style=\"color: #fff\" bgcolor=\"#ea2833\">PISTONE De INCH<\/th>\n<th style=\"color: #fff\" bgcolor=\"#ea2833\">MAX EINTRITTSTEMPERATUR <\/th>\n<th style=\"color: #fff\" bgcolor=\"#ea2833\">MIN EINGANGSDRUCK (BAR)<\/th>\n<th style=\"color: #fff\" bgcolor=\"#ea2833\">MIN EINGANGSDRUCK (PSI)<\/th>\n<th style=\"color: #fff\" bgcolor=\"#ea2833\">KAPAZIT\u00c4T DES \u00d6LS (LT)<\/th>\n<th style=\"color: #fff\" bgcolor=\"#ea2833\">KAPAZIT\u00c4T DES \u00d6LS (GAL)<\/th>\n<th style=\"color: #fff\" bgcolor=\"#ea2833\">INLET<\/th>\n<th style=\"color: #fff\" bgcolor=\"#ea2833\">OUTLET<\/th>\n<th style=\"color: #fff\" bgcolor=\"#ea2833\">EIGENGEWICHT (KG)<\/th>\n<th style=\"color: #fff\" bgcolor=\"#ea2833\">EIGENGEWICHT (LBS)<\/th>\n<\/tr>\n<tr>\n<td align=\"center !important\">P3.023.005-2<\/td>\n<td align=\"center !important\">MMX15200R<\/td>\n<td align=\"center !important\">200<\/td>\n<td align=\"center !important\">2900<\/td>\n<td align=\"center !important\">15<\/td>\n<td align=\"center !important\">3,96<\/td>\n<td align=\"center !important\">1000<\/td>\n<td align=\"center !important\">7,79<\/td>\n<td align=\"center !important\">5,80<\/td>\n<td align=\"center !important\">18<\/td>\n<td align=\"center !important\">4,75<\/td>\n<td align=\"center !important\">1200<\/td>\n<td align=\"center !important\">9,35<\/td>\n<td align=\"center !important\">6,97<\/td>\n<td align=\"center !important\">24mm<\/td>\n<td align=\"center !important\">0.9 in.<\/td>\n<td align=\"center !important\">40mm<\/td>\n<td align=\"center !important\">1.6 in.<\/td>\n<td align=\"center !important\">Destro\/Right<\/td>\n<td align=\"center !important\">20mm<\/td>\n<td align=\"center !important\">0.8 in.<\/td>\n<td align=\"center !important\">85\u00b0C-185\u00b0F<\/td>\n<td align=\"center !important\">3<\/td>\n<td align=\"center !important\">43,51<\/td>\n<td align=\"center !important\">0,7<\/td>\n<td align=\"center !important\">0,18<\/td>\n<td align=\"center !important\">G 1\/2<\/td>\n<td align=\"center !important\">G 3\/8<\/td>\n<td align=\"center !important\">10,4<\/td>\n<td align=\"center !important\">23<\/td>\n<\/tr>\n<tr>\n<td align=\"center !important\">P3.023.010-2<\/td>\n<td align=\"center !important\">MMX15200L<\/td>\n<td align=\"center !important\">200<\/td>\n<td align=\"center !important\">2900<\/td>\n<td align=\"center !important\">15<\/td>\n<td align=\"center !important\">3,96<\/td>\n<td align=\"center !important\">1000<\/td>\n<td align=\"center !important\">7,79<\/td>\n<td align=\"center !important\">5,80<\/td>\n<td align=\"center !important\">18<\/td>\n<td align=\"center !important\">4,75<\/td>\n<td align=\"center !important\">1200<\/td>\n<td align=\"center !important\">9,35<\/td>\n<td align=\"center !important\">6,97<\/td>\n<td align=\"center !important\">24mm<\/td>\n<td align=\"center !important\">0.9 in.<\/td>\n<td align=\"center !important\">40mm<\/td>\n<td align=\"center !important\">1.6 in.<\/td>\n<td align=\"center !important\">Sinistro\/Left<\/td>\n<td align=\"center !important\">20mm<\/td>\n<td align=\"center !important\">0.8 in.<\/td>\n<td align=\"center !important\">85\u00b0C-185\u00b0F<\/td>\n<td align=\"center !important\">3<\/td>\n<td align=\"center !important\">43,51<\/td>\n<td align=\"center !important\">0,7<\/td>\n<td align=\"center !important\">0,18<\/td>\n<td align=\"center !important\">G 1\/2<\/td>\n<td align=\"center !important\">G 3\/8<\/td>\n<td align=\"center !important\">10,4<\/td>\n<td align=\"center !important\">23<\/td>\n<\/tr>\n<\/tbody>\n<\/table>\n<\/div>\n","protected":false},"excerpt":{"rendered":"<p>MAZZONI HOCHDRUCKPUMPEN<\/p>\n<p>\u00dcberdimensionierte und geschliffene F\u00fchrungskolbenstangen f\u00fcr eine Verringerung der Reibung beim Gleiten und eine bessere \u00d6ldichtheit.<br \/>\n\u00dcberdimensionierte Welle mit Klemme f\u00fcr eine bessere \u00dcbertragung des Drehmoments.<br \/>\nDickwandige Keramik-Kolben f\u00fcr eine l\u00e4ngere Lebensdauer.<br \/>\nSaug- und Druckventile mit vergr\u00f6\u00dferten Wasserdurchg\u00e4ngen.<br \/>\n\u00dcberdimensionierte Pleuelstangen aus einer speziellen Reibungsschutzlegierung.<br \/>\nPumpenkopf aus Stahl AISI316.<br \/>\nDichtungssystem mit doppelter Dichtung.<br \/>\nKonische Rollenlager mit hoher Widerstandsf\u00e4higkeit.<br \/>\nPumpenk\u00f6rper mit robuster Konstruktion, die f\u00fcr lange Lebensdauer konzipiert ist.<\/p>\n","protected":false},"featured_media":68295,"template":"","meta":{"zakra_page_container_layout":"customizer","zakra_page_sidebar_layout":"customizer","zakra_remove_content_margin":false,"zakra_sidebar":"customizer","zakra_transparent_header":"customizer","zakra_logo":0,"zakra_main_header_style":"default","zakra_menu_item_color":"","zakra_menu_item_hover_color":"","zakra_menu_item_active_color":"","zakra_menu_active_style":"","zakra_page_header":true},"product_brand":[],"product_cat":[3737],"product_tag":[3696,3672],"class_list":{"0":"post-30741","1":"product","2":"type-product","3":"status-publish","4":"has-post-thumbnail","6":"product_cat-pumpen-mazzoni","7":"product_tag-chemisch_de","8":"product_tag-industrie_lebensmittel_de","10":"first","11":"instock","12":"shipping-taxable","13":"product-type-simple"},"yoast_head":"<!-- This site is optimized with the Yoast SEO plugin v27.5 - https:\/\/yoast.com\/product\/yoast-seo-wordpress\/ -->\n<title>MMX - 1000 RPM - Mazzoni<\/title>\n<meta name=\"robots\" content=\"index, follow, max-snippet:-1, max-image-preview:large, max-video-preview:-1\" \/>\n<link rel=\"canonical\" href=\"https:\/\/e-mazzoni.it\/de\/Produkt\/mmx-1000-rpm\/\" \/>\n<meta property=\"og:locale\" content=\"de_DE\" \/>\n<meta property=\"og:type\" content=\"article\" \/>\n<meta property=\"og:title\" content=\"MMX - 1000 RPM - Mazzoni\" \/>\n<meta property=\"og:description\" content=\"MAZZONI HOCHDRUCKPUMPEN \u00dcberdimensionierte und geschliffene F\u00fchrungskolbenstangen f\u00fcr eine Verringerung der Reibung beim Gleiten und eine bessere \u00d6ldichtheit. \u00dcberdimensionierte Welle mit Klemme f\u00fcr eine bessere \u00dcbertragung des Drehmoments. Dickwandige Keramik-Kolben f\u00fcr eine l\u00e4ngere Lebensdauer. Saug- und Druckventile mit vergr\u00f6\u00dferten Wasserdurchg\u00e4ngen. \u00dcberdimensionierte Pleuelstangen aus einer speziellen Reibungsschutzlegierung. Pumpenkopf aus Stahl AISI316. Dichtungssystem mit doppelter Dichtung. Konische Rollenlager mit hoher Widerstandsf\u00e4higkeit. Pumpenk\u00f6rper mit robuster Konstruktion, die f\u00fcr lange Lebensdauer konzipiert ist.\" \/>\n<meta property=\"og:url\" content=\"https:\/\/e-mazzoni.it\/de\/Produkt\/mmx-1000-rpm\/\" \/>\n<meta property=\"og:site_name\" content=\"Mazzoni\" \/>\n<meta property=\"article:modified_time\" content=\"2026-05-02T02:47:41+00:00\" \/>\n<meta property=\"og:image\" content=\"https:\/\/e-mazzoni.it\/wp-content\/uploads\/2026\/04\/DOC5376820604.jpg\" \/>\n\t<meta property=\"og:image:width\" content=\"800\" \/>\n\t<meta property=\"og:image:height\" content=\"800\" \/>\n\t<meta property=\"og:image:type\" content=\"image\/jpeg\" \/>\n<meta name=\"twitter:card\" content=\"summary_large_image\" \/>\n<meta name=\"twitter:label1\" content=\"Gesch\u00e4tzte Lesezeit\" \/>\n\t<meta name=\"twitter:data1\" content=\"1\u00a0Minute\" \/>\n<!-- \/ Yoast SEO plugin. -->","yoast_head_json":{"title":"MMX - 1000 RPM - Mazzoni","robots":{"index":"index","follow":"follow","max-snippet":"max-snippet:-1","max-image-preview":"max-image-preview:large","max-video-preview":"max-video-preview:-1"},"canonical":"https:\/\/e-mazzoni.it\/de\/Produkt\/mmx-1000-rpm\/","og_locale":"de_DE","og_type":"article","og_title":"MMX - 1000 RPM - Mazzoni","og_description":"MAZZONI HOCHDRUCKPUMPEN \u00dcberdimensionierte und geschliffene F\u00fchrungskolbenstangen f\u00fcr eine Verringerung der Reibung beim Gleiten und eine bessere \u00d6ldichtheit. \u00dcberdimensionierte Welle mit Klemme f\u00fcr eine bessere \u00dcbertragung des Drehmoments. Dickwandige Keramik-Kolben f\u00fcr eine l\u00e4ngere Lebensdauer. Saug- und Druckventile mit vergr\u00f6\u00dferten Wasserdurchg\u00e4ngen. \u00dcberdimensionierte Pleuelstangen aus einer speziellen Reibungsschutzlegierung. Pumpenkopf aus Stahl AISI316. Dichtungssystem mit doppelter Dichtung. Konische Rollenlager mit hoher Widerstandsf\u00e4higkeit. Pumpenk\u00f6rper mit robuster Konstruktion, die f\u00fcr lange Lebensdauer konzipiert ist.","og_url":"https:\/\/e-mazzoni.it\/de\/Produkt\/mmx-1000-rpm\/","og_site_name":"Mazzoni","article_modified_time":"2026-05-02T02:47:41+00:00","og_image":[{"width":800,"height":800,"url":"https:\/\/e-mazzoni.it\/wp-content\/uploads\/2026\/04\/DOC5376820604.jpg","type":"image\/jpeg"}],"twitter_card":"summary_large_image","twitter_misc":{"Gesch\u00e4tzte Lesezeit":"1\u00a0Minute"},"schema":{"@context":"https:\/\/schema.org","@graph":[{"@type":"WebPage","@id":"https:\/\/e-mazzoni.it\/de\/Produkt\/mmx-1000-rpm\/","url":"https:\/\/e-mazzoni.it\/de\/Produkt\/mmx-1000-rpm\/","name":"MMX - 1000 RPM - Mazzoni","isPartOf":{"@id":"https:\/\/e-mazzoni.it\/de\/#website"},"primaryImageOfPage":{"@id":"https:\/\/e-mazzoni.it\/de\/Produkt\/mmx-1000-rpm\/#primaryimage"},"image":{"@id":"https:\/\/e-mazzoni.it\/de\/Produkt\/mmx-1000-rpm\/#primaryimage"},"thumbnailUrl":"https:\/\/e-mazzoni.it\/wp-content\/uploads\/2026\/04\/DOC5376820604.jpg","datePublished":"2024-10-15T06:53:11+00:00","dateModified":"2026-05-02T02:47:41+00:00","breadcrumb":{"@id":"https:\/\/e-mazzoni.it\/de\/Produkt\/mmx-1000-rpm\/#breadcrumb"},"inLanguage":"de","potentialAction":[{"@type":"ReadAction","target":["https:\/\/e-mazzoni.it\/de\/Produkt\/mmx-1000-rpm\/"]}]},{"@type":"ImageObject","inLanguage":"de","@id":"https:\/\/e-mazzoni.it\/de\/Produkt\/mmx-1000-rpm\/#primaryimage","url":"https:\/\/e-mazzoni.it\/wp-content\/uploads\/2026\/04\/DOC5376820604.jpg","contentUrl":"https:\/\/e-mazzoni.it\/wp-content\/uploads\/2026\/04\/DOC5376820604.jpg","width":800,"height":800},{"@type":"BreadcrumbList","@id":"https:\/\/e-mazzoni.it\/de\/Produkt\/mmx-1000-rpm\/#breadcrumb","itemListElement":[{"@type":"ListItem","position":1,"name":"Home","item":"https:\/\/e-mazzoni.it\/de\/"},{"@type":"ListItem","position":2,"name":"Produkte","item":"https:\/\/e-mazzoni.it\/de\/produkte\/"},{"@type":"ListItem","position":3,"name":"MMX &#8211; 1000 RPM"}]},{"@type":"WebSite","@id":"https:\/\/e-mazzoni.it\/de\/#website","url":"https:\/\/e-mazzoni.it\/de\/","name":"Mazzoni","description":"Mazzoni","publisher":{"@id":"https:\/\/e-mazzoni.it\/de\/#organization"},"potentialAction":[{"@type":"SearchAction","target":{"@type":"EntryPoint","urlTemplate":"https:\/\/e-mazzoni.it\/de\/?s={search_term_string}"},"query-input":{"@type":"PropertyValueSpecification","valueRequired":true,"valueName":"search_term_string"}}],"inLanguage":"de"},{"@type":"Organization","@id":"https:\/\/e-mazzoni.it\/de\/#organization","name":"Mazzoni","url":"https:\/\/e-mazzoni.it\/de\/","logo":{"@type":"ImageObject","inLanguage":"de","@id":"https:\/\/e-mazzoni.it\/de\/#\/schema\/logo\/image\/","url":"https:\/\/e-mazzoni.it\/wp-content\/uploads\/2023\/07\/logo.png","contentUrl":"https:\/\/e-mazzoni.it\/wp-content\/uploads\/2023\/07\/logo.png","width":250,"height":109,"caption":"Mazzoni"},"image":{"@id":"https:\/\/e-mazzoni.it\/de\/#\/schema\/logo\/image\/"}}]}},"_links":{"self":[{"href":"https:\/\/e-mazzoni.it\/de\/wp-json\/wp\/v2\/product\/30741","targetHints":{"allow":["GET"]}}],"collection":[{"href":"https:\/\/e-mazzoni.it\/de\/wp-json\/wp\/v2\/product"}],"about":[{"href":"https:\/\/e-mazzoni.it\/de\/wp-json\/wp\/v2\/types\/product"}],"wp:featuredmedia":[{"embeddable":true,"href":"https:\/\/e-mazzoni.it\/de\/wp-json\/wp\/v2\/media\/68295"}],"wp:attachment":[{"href":"https:\/\/e-mazzoni.it\/de\/wp-json\/wp\/v2\/media?parent=30741"}],"wp:term":[{"taxonomy":"product_brand","embeddable":true,"href":"https:\/\/e-mazzoni.it\/de\/wp-json\/wp\/v2\/product_brand?post=30741"},{"taxonomy":"product_cat","embeddable":true,"href":"https:\/\/e-mazzoni.it\/de\/wp-json\/wp\/v2\/product_cat?post=30741"},{"taxonomy":"product_tag","embeddable":true,"href":"https:\/\/e-mazzoni.it\/de\/wp-json\/wp\/v2\/product_tag?post=30741"}],"curies":[{"name":"wp","href":"https:\/\/api.w.org\/{rel}","templated":true}]}}