{"id":30301,"date":"2024-10-15T06:51:44","date_gmt":"2024-10-15T06:51:44","guid":{"rendered":"https:\/\/e-mazzoni.it\/prodotto\/maxi-kessel-2\/"},"modified":"2026-05-02T02:39:44","modified_gmt":"2026-05-02T02:39:44","slug":"maxi-kessel-2","status":"publish","type":"product","link":"https:\/\/e-mazzoni.it\/de\/Produkt\/maxi-kessel-2\/","title":{"rendered":"MAXI-KESSEL MIT SCHALTTAFEL"},"content":{"rendered":"<p>Bei den Heizkesseln von Mazzoni hat die Schlange eine Dicke und eine L\u00e4nge, die f\u00fcr maximale Effizienz in Bezug auf die Erw\u00e4rmung des Wassers ausgelegt sind, wobei der Kraftstoffverbrauch minimiert und der Widerstand maximiert wird. Das Geh\u00e4use und die Brennereinheit sind aus Edelstahl, eine Bodenplatte isoliert perfekt den Brennraum von au\u00dfen, wodurch er sicher und zuverl\u00e4ssig ist. KESSEL 15 &#8211; 21 &#8211; 25 &#8211; 30 &#8211; 40 L Gestell aus rostfreiem Stahl Kesselboden aus gebrannten und komprimierten Keramikfasern FIAMMA GRUPPE D\u00fcse f\u00fcr Diesel Elektroden f\u00fcr die Z\u00fcndung Dieselrohr aus Kupfer Halter f\u00fcr Flammenschutz PUMPE DIESEL Eingebautes Magnetventil Verarbeiter 2X5000V komplett mit Anschlusskabel (400V) 2X14000V komplett mit Anschlusskabel (220V) VENTILATOR Aus Aluminium MOTOR VENTILATOR IP 44, 230-400V, 50-60Hz, 2800-3200 Umdrehungen pro Minute<\/p>\n<div>\n<table style=\"width: 100%\" border=\"1\" id=\"table_options\">\n<tbody>\n<tr>\n<th style=\"color: #fff\" bgcolor=\"#ea2833\">CODE<\/th>\n<th style=\"color: #fff\" bgcolor=\"#ea2833\">L\/MIN<\/th>\n<th style=\"color: #fff\" bgcolor=\"#ea2833\">GPM<\/th>\n<th style=\"color: #fff\" bgcolor=\"#ea2833\">BAR<\/th>\n<th style=\"color: #fff\" bgcolor=\"#ea2833\">PSI<\/th>\n<th style=\"color: #fff\" bgcolor=\"#ea2833\">VOLT<\/th>\n<th style=\"color: #fff\" bgcolor=\"#ea2833\">Hz<\/th>\n<th style=\"color: #fff\" bgcolor=\"#ea2833\">RENDITE (KW)<\/th>\n<th style=\"color: #fff\" bgcolor=\"#ea2833\">RENDITE (BTU)<\/th>\n<th style=\"color: #fff\" bgcolor=\"#ea2833\">L\u00c4NGE DER SCHLANGE (MT)<\/th>\n<th style=\"color: #fff\" bgcolor=\"#ea2833\">L\u00c4NGE DER SCHLANGE (FT)<\/th>\n<th style=\"color: #fff\" bgcolor=\"#ea2833\">DICKE DER SCHLANGE (MM)<\/th>\n<th style=\"color: #fff\" bgcolor=\"#ea2833\">DICKE DER SCHLANGE (INCH)<\/th>\n<th style=\"color: #fff\" bgcolor=\"#ea2833\">DIESEL D\u00dcSE<\/th>\n<th style=\"color: #fff\" bgcolor=\"#ea2833\">ZU 50 HZ<\/th>\n<th style=\"color: #fff\" bgcolor=\"#ea2833\">DIESELVERBRAUCH (LT\/H)<\/th>\n<th style=\"color: #fff\" bgcolor=\"#ea2833\">DIESELVERBRAUCH (GAL\/H)<\/th>\n<th style=\"color: #fff\" bgcolor=\"#ea2833\">KCAL\/H<\/th>\n<th style=\"color: #fff\" bgcolor=\"#ea2833\">MIN EINGANGSDRUCK (BAR)<\/th>\n<th style=\"color: #fff\" bgcolor=\"#ea2833\">MIN EINGANGSDRUCK (PSI)<\/th>\n<th style=\"color: #fff\" bgcolor=\"#ea2833\">INLET<\/th>\n<th style=\"color: #fff\" bgcolor=\"#ea2833\">OUTLET<\/th>\n<th style=\"color: #fff\" bgcolor=\"#ea2833\">EIGENGEWICHT (KG)<\/th>\n<th style=\"color: #fff\" bgcolor=\"#ea2833\">EIGENGEWICHT (LBS)<\/th>\n<th style=\"color: #fff\" bgcolor=\"#ea2833\">MAX TEMPERATUR AUSGANG (\u00b0C)<\/th>\n<th style=\"color: #fff\" bgcolor=\"#ea2833\">MAX TEMPERATUR AUSGANG (F)<\/th>\n<\/tr>\n<tr>\n<td align=\"center !important\">3.026.02.110<\/td>\n<td align=\"center !important\">40<\/td>\n<td align=\"center !important\">10,50<\/td>\n<td align=\"center !important\">350<\/td>\n<td align=\"center !important\">5076<\/td>\n<td align=\"center !important\">230<\/td>\n<td align=\"center !important\">50<\/td>\n<td align=\"center !important\">157<\/td>\n<td align=\"center !important\">536.000<\/td>\n<td align=\"center !important\">48<\/td>\n<td align=\"center !important\">157<\/td>\n<td align=\"center !important\">3<\/td>\n<td align=\"center !important\">0.1 in.<\/td>\n<td align=\"center !important\">3,5<\/td>\n<td align=\"center !important\">3,8<\/td>\n<td align=\"center !important\">13,23<\/td>\n<td align=\"center !important\">3,5<\/td>\n<td align=\"center !important\">135.000<\/td>\n<td align=\"center !important\">20<\/td>\n<td align=\"center !important\">290<\/td>\n<td align=\"center !important\">M 22&#215;1,5<\/td>\n<td align=\"center !important\">M 22&#215;1,5<\/td>\n<td align=\"center !important\">130<\/td>\n<td align=\"center !important\">287<\/td>\n<td align=\"center !important\">150\u00b0C<\/td>\n<td align=\"center !important\">302\u00b0F<\/td>\n<\/tr>\n<tr>\n<td align=\"center !important\">3.026.02.111<\/td>\n<td align=\"center !important\">40<\/td>\n<td align=\"center !important\">10,50<\/td>\n<td align=\"center !important\">350<\/td>\n<td align=\"center !important\">5076<\/td>\n<td align=\"center !important\">12<\/td>\n<td align=\"center !important\">DC<\/td>\n<td align=\"center !important\">157<\/td>\n<td align=\"center !important\">536.000<\/td>\n<td align=\"center !important\">48<\/td>\n<td align=\"center !important\">157<\/td>\n<td align=\"center !important\">3<\/td>\n<td align=\"center !important\">0.1 in.<\/td>\n<td align=\"center !important\">3,5<\/td>\n<td align=\"center !important\">62<\/td>\n<td align=\"center !important\">13,23<\/td>\n<td align=\"center !important\">3,5<\/td>\n<td align=\"center !important\">135.000<\/td>\n<td align=\"center !important\">20<\/td>\n<td align=\"center !important\">290<\/td>\n<td align=\"center !important\">M 22&#215;1,5<\/td>\n<td align=\"center !important\">M 22&#215;1,5<\/td>\n<td align=\"center !important\">130<\/td>\n<td align=\"center !important\">287<\/td>\n<td align=\"center !important\">150\u00b0C<\/td>\n<td align=\"center !important\">302\u00b0F<\/td>\n<\/tr>\n<tr>\n<td align=\"center !important\">3.026.02.112<\/td>\n<td align=\"center !important\">40<\/td>\n<td align=\"center !important\">10,50<\/td>\n<td align=\"center !important\">350<\/td>\n<td align=\"center !important\">5076<\/td>\n<td align=\"center !important\">24<\/td>\n<td align=\"center !important\">DC<\/td>\n<td align=\"center !important\">157<\/td>\n<td align=\"center !important\">536.000<\/td>\n<td align=\"center !important\">48<\/td>\n<td align=\"center !important\">157<\/td>\n<td align=\"center !important\">3<\/td>\n<td align=\"center !important\">0.1 in.<\/td>\n<td align=\"center !important\">3,5<\/td>\n<td align=\"center !important\">30<\/td>\n<td align=\"center !important\">13,23<\/td>\n<td align=\"center !important\">3,5<\/td>\n<td align=\"center !important\">135.000<\/td>\n<td align=\"center !important\">20<\/td>\n<td align=\"center !important\">290<\/td>\n<td align=\"center !important\">M 22&#215;1,5<\/td>\n<td align=\"center !important\">M 22&#215;1,5<\/td>\n<td align=\"center !important\">130<\/td>\n<td align=\"center !important\">287<\/td>\n<td align=\"center !important\">150\u00b0C<\/td>\n<td align=\"center !important\">302\u00b0F<\/td>\n<\/tr>\n<tr>\n<td align=\"center !important\">3.026.02.113<\/td>\n<td align=\"center !important\">40<\/td>\n<td align=\"center !important\">10,50<\/td>\n<td align=\"center !important\">500<\/td>\n<td align=\"center !important\">7251<\/td>\n<td align=\"center !important\">230<\/td>\n<td align=\"center !important\">50<\/td>\n<td align=\"center !important\">157<\/td>\n<td align=\"center !important\">536.000<\/td>\n<td align=\"center !important\">48<\/td>\n<td align=\"center !important\">126<\/td>\n<td align=\"center !important\">3<\/td>\n<td align=\"center !important\">0.1 in.<\/td>\n<td align=\"center !important\">3,5<\/td>\n<td align=\"center !important\">4<\/td>\n<td align=\"center !important\">13,23<\/td>\n<td align=\"center !important\">3,5<\/td>\n<td align=\"center !important\">135.000<\/td>\n<td align=\"center !important\">20<\/td>\n<td align=\"center !important\">290<\/td>\n<td align=\"center !important\">G 1\/2&#8243;<\/td>\n<td align=\"center !important\">G 1\/2&#8243;<\/td>\n<td align=\"center !important\">130<\/td>\n<td align=\"center !important\">287<\/td>\n<td align=\"center !important\">150\u00b0C<\/td>\n<td align=\"center !important\">302\u00b0F<\/td>\n<\/tr>\n<tr>\n<td align=\"center !important\">3.026.02.114<\/td>\n<td align=\"center !important\">40<\/td>\n<td align=\"center !important\">10,50<\/td>\n<td align=\"center !important\">500<\/td>\n<td align=\"center !important\">7251<\/td>\n<td align=\"center !important\">12<\/td>\n<td align=\"center !important\">DC<\/td>\n<td align=\"center !important\">157<\/td>\n<td align=\"center !important\">536.000<\/td>\n<td align=\"center !important\">48<\/td>\n<td align=\"center !important\">157<\/td>\n<td align=\"center !important\">3<\/td>\n<td align=\"center !important\">0.1 in.<\/td>\n<td align=\"center !important\">3,5<\/td>\n<td align=\"center !important\">62<\/td>\n<td align=\"center !important\">13,23<\/td>\n<td align=\"center !important\">3,5<\/td>\n<td align=\"center !important\">135.000<\/td>\n<td align=\"center !important\">20<\/td>\n<td align=\"center !important\">290<\/td>\n<td align=\"center !important\">G 1\/2&#8243;<\/td>\n<td align=\"center !important\">G 1\/2&#8243;<\/td>\n<td align=\"center !important\">130<\/td>\n<td align=\"center !important\">287<\/td>\n<td align=\"center !important\">150\u00b0C<\/td>\n<td align=\"center !important\">302\u00b0F<\/td>\n<\/tr>\n<tr>\n<td align=\"center !important\">3.026.02.115<\/td>\n<td align=\"center !important\">40<\/td>\n<td align=\"center !important\">10,50<\/td>\n<td align=\"center !important\">500<\/td>\n<td align=\"center !important\">7251<\/td>\n<td align=\"center !important\">24<\/td>\n<td align=\"center !important\">DC<\/td>\n<td align=\"center !important\">157<\/td>\n<td align=\"center !important\">536.000<\/td>\n<td align=\"center !important\">48<\/td>\n<td align=\"center !important\">157<\/td>\n<td align=\"center !important\">3<\/td>\n<td align=\"center !important\">0.1 in.<\/td>\n<td align=\"center !important\">3,5<\/td>\n<td align=\"center !important\">30<\/td>\n<td align=\"center !important\">13,23<\/td>\n<td align=\"center !important\">3,5<\/td>\n<td align=\"center !important\">135.000<\/td>\n<td align=\"center !important\">20<\/td>\n<td align=\"center !important\">290<\/td>\n<td align=\"center !important\">G 1\/2&#8243;<\/td>\n<td align=\"center !important\">G 1\/2&#8243;<\/td>\n<td align=\"center !important\">130<\/td>\n<td align=\"center !important\">287<\/td>\n<td align=\"center !important\">150\u00b0C<\/td>\n<td align=\"center !important\">302\u00b0F<\/td>\n<\/tr>\n<\/tbody>\n<\/table>\n<\/div>\n","protected":false},"excerpt":{"rendered":"<p>Maximale Erw\u00e4rmung und minimale Emission von Stickoxiden in die Umwelt. Die Heizkessel von Mazzoni stehen f\u00fcr Sicherheit und garantierte Qualit\u00e4t durch hochwertige Materialien und eine Dimensionierung, die auf maximale Kalorieneffizienz ausgelegt ist, mit einem aufmerksamen Blick auf Energieeinsparung und neue Umwelt- und Sicherheitsvorschriften. *** F\u00fcr die Montage von Kesseln an Fahrzeugen, welche Vibrationen und Schwingungen ausgesetzt sind, empfehlen wir den Kessel mit dem Zentrierring f\u00fcr den Serpentinenblock<\/p>\n","protected":false},"featured_media":68195,"template":"","meta":{"zakra_page_container_layout":"customizer","zakra_page_sidebar_layout":"customizer","zakra_remove_content_margin":false,"zakra_sidebar":"customizer","zakra_transparent_header":"customizer","zakra_logo":0,"zakra_main_header_style":"default","zakra_menu_item_color":"","zakra_menu_item_hover_color":"","zakra_menu_item_active_color":"","zakra_menu_active_style":"","zakra_page_header":true},"product_brand":[],"product_cat":[3640],"product_tag":[3664,3688,3672,3656,3648,3704,3712],"class_list":{"0":"post-30301","1":"product","2":"type-product","3":"status-publish","4":"has-post-thumbnail","6":"product_cat-dieselkessel-mit-elektrisches-schaltschrank","7":"product_tag-autowaschanlage_de","8":"product_tag-bauwesen_de","9":"product_tag-industrie_lebensmittel_de","10":"product_tag-landwirtschaft_de","11":"product_tag-reinigung_de","12":"product_tag-schiffbau_de","13":"product_tag-schwerindustrie_de","15":"first","16":"instock","17":"shipping-taxable","18":"product-type-simple"},"yoast_head":"<!-- This site is optimized with the Yoast SEO plugin v27.5 - https:\/\/yoast.com\/product\/yoast-seo-wordpress\/ -->\n<title>MAXI-KESSEL MIT SCHALTTAFEL - Mazzoni<\/title>\n<meta name=\"robots\" content=\"index, follow, max-snippet:-1, max-image-preview:large, max-video-preview:-1\" \/>\n<link rel=\"canonical\" href=\"https:\/\/e-mazzoni.it\/de\/Produkt\/maxi-kessel-2\/\" \/>\n<meta property=\"og:locale\" content=\"de_DE\" \/>\n<meta property=\"og:type\" content=\"article\" \/>\n<meta property=\"og:title\" content=\"MAXI-KESSEL MIT SCHALTTAFEL - Mazzoni\" \/>\n<meta property=\"og:description\" content=\"Maximale Erw\u00e4rmung und minimale Emission von Stickoxiden in die Umwelt. Die Heizkessel von Mazzoni stehen f\u00fcr Sicherheit und garantierte Qualit\u00e4t durch hochwertige Materialien und eine Dimensionierung, die auf maximale Kalorieneffizienz ausgelegt ist, mit einem aufmerksamen Blick auf Energieeinsparung und neue Umwelt- und Sicherheitsvorschriften. *** F\u00fcr die Montage von Kesseln an Fahrzeugen, welche Vibrationen und Schwingungen ausgesetzt sind, empfehlen wir den Kessel mit dem Zentrierring f\u00fcr den Serpentinenblock\" \/>\n<meta property=\"og:url\" content=\"https:\/\/e-mazzoni.it\/de\/Produkt\/maxi-kessel-2\/\" \/>\n<meta property=\"og:site_name\" content=\"Mazzoni\" \/>\n<meta property=\"article:modified_time\" content=\"2026-05-02T02:39:44+00:00\" \/>\n<meta property=\"og:image\" content=\"https:\/\/e-mazzoni.it\/wp-content\/uploads\/2026\/04\/DOC4376678873-scaled.jpg\" \/>\n\t<meta property=\"og:image:width\" content=\"1600\" \/>\n\t<meta property=\"og:image:height\" content=\"1557\" \/>\n\t<meta property=\"og:image:type\" content=\"image\/jpeg\" \/>\n<meta name=\"twitter:card\" content=\"summary_large_image\" \/>\n<meta name=\"twitter:label1\" content=\"Gesch\u00e4tzte Lesezeit\" \/>\n\t<meta name=\"twitter:data1\" content=\"1\u00a0Minute\" \/>\n<!-- \/ Yoast SEO plugin. -->","yoast_head_json":{"title":"MAXI-KESSEL MIT SCHALTTAFEL - Mazzoni","robots":{"index":"index","follow":"follow","max-snippet":"max-snippet:-1","max-image-preview":"max-image-preview:large","max-video-preview":"max-video-preview:-1"},"canonical":"https:\/\/e-mazzoni.it\/de\/Produkt\/maxi-kessel-2\/","og_locale":"de_DE","og_type":"article","og_title":"MAXI-KESSEL MIT SCHALTTAFEL - Mazzoni","og_description":"Maximale Erw\u00e4rmung und minimale Emission von Stickoxiden in die Umwelt. Die Heizkessel von Mazzoni stehen f\u00fcr Sicherheit und garantierte Qualit\u00e4t durch hochwertige Materialien und eine Dimensionierung, die auf maximale Kalorieneffizienz ausgelegt ist, mit einem aufmerksamen Blick auf Energieeinsparung und neue Umwelt- und Sicherheitsvorschriften. *** F\u00fcr die Montage von Kesseln an Fahrzeugen, welche Vibrationen und Schwingungen ausgesetzt sind, empfehlen wir den Kessel mit dem Zentrierring f\u00fcr den Serpentinenblock","og_url":"https:\/\/e-mazzoni.it\/de\/Produkt\/maxi-kessel-2\/","og_site_name":"Mazzoni","article_modified_time":"2026-05-02T02:39:44+00:00","og_image":[{"width":1600,"height":1557,"url":"https:\/\/e-mazzoni.it\/wp-content\/uploads\/2026\/04\/DOC4376678873-scaled.jpg","type":"image\/jpeg"}],"twitter_card":"summary_large_image","twitter_misc":{"Gesch\u00e4tzte Lesezeit":"1\u00a0Minute"},"schema":{"@context":"https:\/\/schema.org","@graph":[{"@type":"WebPage","@id":"https:\/\/e-mazzoni.it\/de\/Produkt\/maxi-kessel-2\/","url":"https:\/\/e-mazzoni.it\/de\/Produkt\/maxi-kessel-2\/","name":"MAXI-KESSEL MIT SCHALTTAFEL - Mazzoni","isPartOf":{"@id":"https:\/\/e-mazzoni.it\/de\/#website"},"primaryImageOfPage":{"@id":"https:\/\/e-mazzoni.it\/de\/Produkt\/maxi-kessel-2\/#primaryimage"},"image":{"@id":"https:\/\/e-mazzoni.it\/de\/Produkt\/maxi-kessel-2\/#primaryimage"},"thumbnailUrl":"https:\/\/e-mazzoni.it\/wp-content\/uploads\/2026\/04\/DOC4376678873-scaled.jpg","datePublished":"2024-10-15T06:51:44+00:00","dateModified":"2026-05-02T02:39:44+00:00","breadcrumb":{"@id":"https:\/\/e-mazzoni.it\/de\/Produkt\/maxi-kessel-2\/#breadcrumb"},"inLanguage":"de","potentialAction":[{"@type":"ReadAction","target":["https:\/\/e-mazzoni.it\/de\/Produkt\/maxi-kessel-2\/"]}]},{"@type":"ImageObject","inLanguage":"de","@id":"https:\/\/e-mazzoni.it\/de\/Produkt\/maxi-kessel-2\/#primaryimage","url":"https:\/\/e-mazzoni.it\/wp-content\/uploads\/2026\/04\/DOC4376678873-scaled.jpg","contentUrl":"https:\/\/e-mazzoni.it\/wp-content\/uploads\/2026\/04\/DOC4376678873-scaled.jpg","width":1600,"height":1557},{"@type":"BreadcrumbList","@id":"https:\/\/e-mazzoni.it\/de\/Produkt\/maxi-kessel-2\/#breadcrumb","itemListElement":[{"@type":"ListItem","position":1,"name":"Home","item":"https:\/\/e-mazzoni.it\/de\/"},{"@type":"ListItem","position":2,"name":"Produkte","item":"https:\/\/e-mazzoni.it\/de\/produkte\/"},{"@type":"ListItem","position":3,"name":"MAXI-KESSEL MIT SCHALTTAFEL"}]},{"@type":"WebSite","@id":"https:\/\/e-mazzoni.it\/de\/#website","url":"https:\/\/e-mazzoni.it\/de\/","name":"Mazzoni","description":"Mazzoni","publisher":{"@id":"https:\/\/e-mazzoni.it\/de\/#organization"},"potentialAction":[{"@type":"SearchAction","target":{"@type":"EntryPoint","urlTemplate":"https:\/\/e-mazzoni.it\/de\/?s={search_term_string}"},"query-input":{"@type":"PropertyValueSpecification","valueRequired":true,"valueName":"search_term_string"}}],"inLanguage":"de"},{"@type":"Organization","@id":"https:\/\/e-mazzoni.it\/de\/#organization","name":"Mazzoni","url":"https:\/\/e-mazzoni.it\/de\/","logo":{"@type":"ImageObject","inLanguage":"de","@id":"https:\/\/e-mazzoni.it\/de\/#\/schema\/logo\/image\/","url":"https:\/\/e-mazzoni.it\/wp-content\/uploads\/2023\/07\/logo.png","contentUrl":"https:\/\/e-mazzoni.it\/wp-content\/uploads\/2023\/07\/logo.png","width":250,"height":109,"caption":"Mazzoni"},"image":{"@id":"https:\/\/e-mazzoni.it\/de\/#\/schema\/logo\/image\/"}}]}},"_links":{"self":[{"href":"https:\/\/e-mazzoni.it\/de\/wp-json\/wp\/v2\/product\/30301","targetHints":{"allow":["GET"]}}],"collection":[{"href":"https:\/\/e-mazzoni.it\/de\/wp-json\/wp\/v2\/product"}],"about":[{"href":"https:\/\/e-mazzoni.it\/de\/wp-json\/wp\/v2\/types\/product"}],"wp:featuredmedia":[{"embeddable":true,"href":"https:\/\/e-mazzoni.it\/de\/wp-json\/wp\/v2\/media\/68195"}],"wp:attachment":[{"href":"https:\/\/e-mazzoni.it\/de\/wp-json\/wp\/v2\/media?parent=30301"}],"wp:term":[{"taxonomy":"product_brand","embeddable":true,"href":"https:\/\/e-mazzoni.it\/de\/wp-json\/wp\/v2\/product_brand?post=30301"},{"taxonomy":"product_cat","embeddable":true,"href":"https:\/\/e-mazzoni.it\/de\/wp-json\/wp\/v2\/product_cat?post=30301"},{"taxonomy":"product_tag","embeddable":true,"href":"https:\/\/e-mazzoni.it\/de\/wp-json\/wp\/v2\/product_tag?post=30301"}],"curies":[{"name":"wp","href":"https:\/\/api.w.org\/{rel}","templated":true}]}}