{"id":30081,"date":"2024-10-15T06:51:11","date_gmt":"2024-10-15T06:51:11","guid":{"rendered":"https:\/\/e-mazzoni.it\/prodotto\/wx-heavy-duty\/"},"modified":"2026-05-02T02:35:41","modified_gmt":"2026-05-02T02:35:41","slug":"wx-heavy-duty","status":"publish","type":"product","link":"https:\/\/e-mazzoni.it\/de\/Produkt\/wx-heavy-duty\/","title":{"rendered":"WX HEAVY DUTY"},"content":{"rendered":"<p>Die Hochdruckreiniger der WX-Serie, die f\u00fcr den professionellen und intensiven Einsatz bestimmt sind, sind so konzipiert, dass sie: &#8211; dank des lackierten Stahlrahmens St\u00f6\u00dfen und Korrosion widerstehen; &#8211; Verbrauch und Emissionen reduzieren, garantiert durch Motoren und Hochleistungskessel, die direkt von Mazzoni gebaut wurden; &#8211; sicher arbeiten: Kessel mit Brennerblock bei Wassermangel, Sicherheitsventil f\u00fcr \u00dcberdruck und Flammenkontrolle. TECHNISCHE MERKMALE:<\/p>\n<p>Asynchronmotor der Serie MEC mit kontinuierlichem Betrieb, S1 mit integriertem W\u00e4rmeschutz an den Wicklungen. Motor mit h\u00f6herem Wirkungsgrad, daher hohe Leistung und weniger Stromverbrauch. Elastische Kupplung.<br \/>\nProfessionelle Mazzoni Pumpe in Linie (Pleuelstangen) mit Messingkopf und drei Keramik-Kolben.<br \/>\nStromkabel 5 m.<br \/>\nHochdruckschlauch 10 mt<br \/>\nF\u00fctterungsbecken 30 Liter mit doppeltem Schwimmer<br \/>\nAutomatisches Bypass-Ventil mit Druckregelung<br \/>\nSicherheitsventil f\u00fcr \u00dcberdruck<br \/>\nKontroll-Kontrollleuchten f\u00fcr Spannung und Dieselreserve<br \/>\nKalkschutzvorrichtung mit 1,5 l Tank<br \/>\nEdelstahl-Lanze mit automatischer Pistole und Schnellkupplung f\u00fcr Zubeh\u00f6r<br \/>\nB\u00fcrstenkopf mit geh\u00e4rteter Stahld\u00fcse und Hochdruck-Reinigungssaug<br \/>\nRahmen aus lackiertem Stahl mit Schale aus rostfreiem Stahl<br \/>\nKessel INOX mit Stahlrohrschlange Brennerstopp bei Wassermangel<br \/>\nVentilator mit unabh\u00e4ngigem Motor<br \/>\nThermostat zur Regelung der Wassertemperatur<br \/>\nDieselpumpe gegen Festfressen.<br \/>\nSchwimmer Ebene Diesel-Kontrolle<br \/>\nSystem TST\/DSS (oder TVS-System auf Anfrage)<br \/>\nWaschkanister 5 L<br \/>\nDieseltank 25 L<br \/>\nDisplay Z\u00e4hler<br \/>\nFeststellbremse<br \/>\nFlammenkontrolle<\/p>\n<div>\n<table style=\"width: 100%\" border=\"1\" id=\"table_options\">\n<tbody>\n<tr>\n<th style=\"color: #fff\" bgcolor=\"#ea2833\">CODE<\/th>\n<th style=\"color: #fff\" bgcolor=\"#ea2833\">MODELL<\/th>\n<th style=\"color: #fff\" bgcolor=\"#ea2833\">L\/MIN &#8211; 1450 RPM<\/th>\n<th style=\"color: #fff\" bgcolor=\"#ea2833\">GPM &#8211; 1450 RPM<\/th>\n<th style=\"color: #fff\" bgcolor=\"#ea2833\">BAR<\/th>\n<th style=\"color: #fff\" bgcolor=\"#ea2833\">PSI<\/th>\n<th style=\"color: #fff\" bgcolor=\"#ea2833\">RPM 50 HZ<\/th>\n<th style=\"color: #fff\" bgcolor=\"#ea2833\">HP<\/th>\n<th style=\"color: #fff\" bgcolor=\"#ea2833\">KW<\/th>\n<th style=\"color: #fff\" bgcolor=\"#ea2833\">VOLT<\/th>\n<th style=\"color: #fff\" bgcolor=\"#ea2833\">Hz<\/th>\n<th style=\"color: #fff\" bgcolor=\"#ea2833\">PHASE<\/th>\n<th style=\"color: #fff\" bgcolor=\"#ea2833\">ZU 50 HZ<\/th>\n<th style=\"color: #fff\" bgcolor=\"#ea2833\">D\u00dcSE WASSER<\/th>\n<th style=\"color: #fff\" bgcolor=\"#ea2833\">KCAL\/H<\/th>\n<th style=\"color: #fff\" bgcolor=\"#ea2833\">DIESELTANK <\/th>\n<th style=\"color: #fff\" bgcolor=\"#ea2833\">DIESELTANK (GAL)<\/th>\n<th style=\"color: #fff\" bgcolor=\"#ea2833\">ANTIKALKWASSERTANK<\/th>\n<th style=\"color: #fff\" bgcolor=\"#ea2833\">ANTIKALKWASSERTANK (GAL)<\/th>\n<th style=\"color: #fff\" bgcolor=\"#ea2833\">REINIGUNGSMITTELTANK<\/th>\n<th style=\"color: #fff\" bgcolor=\"#ea2833\">REINIGUNGSMITTELTANK (GAL)<\/th>\n<th style=\"color: #fff\" bgcolor=\"#ea2833\">MAX AUSTRITTSTEMPERATUR<\/th>\n<th style=\"color: #fff\" bgcolor=\"#ea2833\">MAX TEMPERATUR AUSGANG (F)<\/th>\n<\/tr>\n<tr>\n<td align=\"center !important\">3.023.24.331<\/td>\n<td align=\"center !important\">WX4000<\/td>\n<td align=\"center !important\">15<\/td>\n<td align=\"center !important\">3,9<\/td>\n<td align=\"center !important\">200<\/td>\n<td align=\"center !important\">2900<\/td>\n<td align=\"center !important\">1450<\/td>\n<td align=\"center !important\">7,7<\/td>\n<td align=\"center !important\">5.7<\/td>\n<td align=\"center !important\">400<\/td>\n<td align=\"center !important\">50<\/td>\n<td align=\"center !important\">3<\/td>\n<td align=\"center !important\">11,7<\/td>\n<td align=\"center !important\">15045<\/td>\n<td align=\"center !important\">50.000<\/td>\n<td align=\"center !important\">30L<\/td>\n<td align=\"center !important\">8 gal<\/td>\n<td align=\"center !important\">1,5L<\/td>\n<td align=\"center !important\">0,4 gal<\/td>\n<td align=\"center !important\">5 L<\/td>\n<td align=\"center !important\">1,3 gal<\/td>\n<td align=\"center !important\">150\u00b0C<\/td>\n<td align=\"center !important\">302\u00b0F<\/td>\n<\/tr>\n<tr>\n<td align=\"center !important\">3.023.24.327<\/td>\n<td align=\"center !important\">WX5000<\/td>\n<td align=\"center !important\">21<\/td>\n<td align=\"center !important\">5,5<\/td>\n<td align=\"center !important\">200<\/td>\n<td align=\"center !important\">2900<\/td>\n<td align=\"center !important\">1450<\/td>\n<td align=\"center !important\">10,3<\/td>\n<td align=\"center !important\">7,7<\/td>\n<td align=\"center !important\">400<\/td>\n<td align=\"center !important\">50<\/td>\n<td align=\"center !important\">3<\/td>\n<td align=\"center !important\">15,5<\/td>\n<td align=\"center !important\">1507<\/td>\n<td align=\"center !important\">80.000<\/td>\n<td align=\"center !important\">30L<\/td>\n<td align=\"center !important\">8 gal<\/td>\n<td align=\"center !important\">1,5L<\/td>\n<td align=\"center !important\">0,4 gal<\/td>\n<td align=\"center !important\">5 L<\/td>\n<td align=\"center !important\">1,3 gal<\/td>\n<td align=\"center !important\">150\u00b0<\/td>\n<td align=\"center !important\">302\u00b0F<\/td>\n<\/tr>\n<tr>\n<td align=\"center !important\">3.023.24.363<\/td>\n<td align=\"center !important\">WX6000<\/td>\n<td align=\"center !important\">30<\/td>\n<td align=\"center !important\">7,9<\/td>\n<td align=\"center !important\">200<\/td>\n<td align=\"center !important\">2900<\/td>\n<td align=\"center !important\">1450<\/td>\n<td align=\"center !important\">15,5<\/td>\n<td align=\"center !important\">11,3<\/td>\n<td align=\"center !important\">230 V<\/td>\n<td align=\"center !important\">50<\/td>\n<td align=\"center !important\">3<\/td>\n<td align=\"center !important\">22,1<\/td>\n<td align=\"center !important\">1510<\/td>\n<td align=\"center !important\">110.000<\/td>\n<td align=\"center !important\">30L<\/td>\n<td align=\"center !important\">8 gal<\/td>\n<td align=\"center !important\">1,5L<\/td>\n<td align=\"center !important\">0,4 gal<\/td>\n<td align=\"center !important\">16L<\/td>\n<td align=\"center !important\">4,2 gal<\/td>\n<td align=\"center !important\">150\u00b0<\/td>\n<td align=\"center !important\">302\u00b0F<\/td>\n<\/tr>\n<\/tbody>\n<\/table>\n<\/div>\n","protected":false},"excerpt":{"rendered":"<p>Die Maschine ist f\u00fcr den Einsatz in hochprofessionellen Arbeitsumgebungen konzipiert. Der lackierte Stahlrahmen und die INOX-Abdeckung machen ihn extrem robust und korrosionsbest\u00e4ndig. Elektromotor mit elastischer Kupplung und thermischem Schutz, Kessel mit hohem Wirkungsgrad und geringem Verbrauch mit Abgasemissionen weit unter den in den Gemeinschaftsnormen vorgesehenen Grenzwerten. \u00a0 Empfohlene Verwendung: Landwirtschaft, Maschinenbau, Metallindustrie, Transport und Schiffsbau usw. \u00a0<\/p>\n","protected":false},"featured_media":68145,"template":"","meta":{"zakra_page_container_layout":"customizer","zakra_page_sidebar_layout":"customizer","zakra_remove_content_margin":false,"zakra_sidebar":"customizer","zakra_transparent_header":"customizer","zakra_logo":0,"zakra_main_header_style":"default","zakra_menu_item_color":"","zakra_menu_item_hover_color":"","zakra_menu_item_active_color":"","zakra_menu_active_style":"","zakra_page_header":true},"product_brand":[],"product_cat":[3610],"product_tag":[3664,3688,3704],"class_list":{"0":"post-30081","1":"product","2":"type-product","3":"status-publish","4":"has-post-thumbnail","6":"product_cat-heiss-hochdruckreiniger","7":"product_tag-autowaschanlage_de","8":"product_tag-bauwesen_de","9":"product_tag-schiffbau_de","11":"first","12":"instock","13":"shipping-taxable","14":"product-type-simple"},"yoast_head":"<!-- This site is optimized with the Yoast SEO plugin v27.5 - https:\/\/yoast.com\/product\/yoast-seo-wordpress\/ -->\n<title>WX HEAVY DUTY - Mazzoni<\/title>\n<meta name=\"robots\" content=\"index, follow, max-snippet:-1, max-image-preview:large, max-video-preview:-1\" \/>\n<link rel=\"canonical\" href=\"https:\/\/e-mazzoni.it\/de\/Produkt\/wx-heavy-duty\/\" \/>\n<meta property=\"og:locale\" content=\"de_DE\" \/>\n<meta property=\"og:type\" content=\"article\" \/>\n<meta property=\"og:title\" content=\"WX HEAVY DUTY - Mazzoni\" \/>\n<meta property=\"og:description\" content=\"Die Maschine ist f\u00fcr den Einsatz in hochprofessionellen Arbeitsumgebungen konzipiert. Der lackierte Stahlrahmen und die INOX-Abdeckung machen ihn extrem robust und korrosionsbest\u00e4ndig. Elektromotor mit elastischer Kupplung und thermischem Schutz, Kessel mit hohem Wirkungsgrad und geringem Verbrauch mit Abgasemissionen weit unter den in den Gemeinschaftsnormen vorgesehenen Grenzwerten. \u00a0 Empfohlene Verwendung: Landwirtschaft, Maschinenbau, Metallindustrie, Transport und Schiffsbau usw. \u00a0\" \/>\n<meta property=\"og:url\" content=\"https:\/\/e-mazzoni.it\/de\/Produkt\/wx-heavy-duty\/\" \/>\n<meta property=\"og:site_name\" content=\"Mazzoni\" \/>\n<meta property=\"article:modified_time\" content=\"2026-05-02T02:35:41+00:00\" \/>\n<meta property=\"og:image\" content=\"https:\/\/e-mazzoni.it\/wp-content\/uploads\/2026\/04\/DOC9440367147.jpg\" \/>\n\t<meta property=\"og:image:width\" content=\"800\" \/>\n\t<meta property=\"og:image:height\" content=\"800\" \/>\n\t<meta property=\"og:image:type\" content=\"image\/jpeg\" \/>\n<meta name=\"twitter:card\" content=\"summary_large_image\" \/>\n<meta name=\"twitter:label1\" content=\"Gesch\u00e4tzte Lesezeit\" \/>\n\t<meta name=\"twitter:data1\" content=\"1\u00a0Minute\" \/>\n<!-- \/ Yoast SEO plugin. -->","yoast_head_json":{"title":"WX HEAVY DUTY - Mazzoni","robots":{"index":"index","follow":"follow","max-snippet":"max-snippet:-1","max-image-preview":"max-image-preview:large","max-video-preview":"max-video-preview:-1"},"canonical":"https:\/\/e-mazzoni.it\/de\/Produkt\/wx-heavy-duty\/","og_locale":"de_DE","og_type":"article","og_title":"WX HEAVY DUTY - Mazzoni","og_description":"Die Maschine ist f\u00fcr den Einsatz in hochprofessionellen Arbeitsumgebungen konzipiert. Der lackierte Stahlrahmen und die INOX-Abdeckung machen ihn extrem robust und korrosionsbest\u00e4ndig. Elektromotor mit elastischer Kupplung und thermischem Schutz, Kessel mit hohem Wirkungsgrad und geringem Verbrauch mit Abgasemissionen weit unter den in den Gemeinschaftsnormen vorgesehenen Grenzwerten. \u00a0 Empfohlene Verwendung: Landwirtschaft, Maschinenbau, Metallindustrie, Transport und Schiffsbau usw. \u00a0","og_url":"https:\/\/e-mazzoni.it\/de\/Produkt\/wx-heavy-duty\/","og_site_name":"Mazzoni","article_modified_time":"2026-05-02T02:35:41+00:00","og_image":[{"width":800,"height":800,"url":"https:\/\/e-mazzoni.it\/wp-content\/uploads\/2026\/04\/DOC9440367147.jpg","type":"image\/jpeg"}],"twitter_card":"summary_large_image","twitter_misc":{"Gesch\u00e4tzte Lesezeit":"1\u00a0Minute"},"schema":{"@context":"https:\/\/schema.org","@graph":[{"@type":"WebPage","@id":"https:\/\/e-mazzoni.it\/de\/Produkt\/wx-heavy-duty\/","url":"https:\/\/e-mazzoni.it\/de\/Produkt\/wx-heavy-duty\/","name":"WX HEAVY DUTY - Mazzoni","isPartOf":{"@id":"https:\/\/e-mazzoni.it\/de\/#website"},"primaryImageOfPage":{"@id":"https:\/\/e-mazzoni.it\/de\/Produkt\/wx-heavy-duty\/#primaryimage"},"image":{"@id":"https:\/\/e-mazzoni.it\/de\/Produkt\/wx-heavy-duty\/#primaryimage"},"thumbnailUrl":"https:\/\/e-mazzoni.it\/wp-content\/uploads\/2026\/04\/DOC9440367147.jpg","datePublished":"2024-10-15T06:51:11+00:00","dateModified":"2026-05-02T02:35:41+00:00","breadcrumb":{"@id":"https:\/\/e-mazzoni.it\/de\/Produkt\/wx-heavy-duty\/#breadcrumb"},"inLanguage":"de","potentialAction":[{"@type":"ReadAction","target":["https:\/\/e-mazzoni.it\/de\/Produkt\/wx-heavy-duty\/"]}]},{"@type":"ImageObject","inLanguage":"de","@id":"https:\/\/e-mazzoni.it\/de\/Produkt\/wx-heavy-duty\/#primaryimage","url":"https:\/\/e-mazzoni.it\/wp-content\/uploads\/2026\/04\/DOC9440367147.jpg","contentUrl":"https:\/\/e-mazzoni.it\/wp-content\/uploads\/2026\/04\/DOC9440367147.jpg","width":800,"height":800},{"@type":"BreadcrumbList","@id":"https:\/\/e-mazzoni.it\/de\/Produkt\/wx-heavy-duty\/#breadcrumb","itemListElement":[{"@type":"ListItem","position":1,"name":"Home","item":"https:\/\/e-mazzoni.it\/de\/"},{"@type":"ListItem","position":2,"name":"Produkte","item":"https:\/\/e-mazzoni.it\/de\/produkte\/"},{"@type":"ListItem","position":3,"name":"WX HEAVY DUTY"}]},{"@type":"WebSite","@id":"https:\/\/e-mazzoni.it\/de\/#website","url":"https:\/\/e-mazzoni.it\/de\/","name":"Mazzoni","description":"Mazzoni","publisher":{"@id":"https:\/\/e-mazzoni.it\/de\/#organization"},"potentialAction":[{"@type":"SearchAction","target":{"@type":"EntryPoint","urlTemplate":"https:\/\/e-mazzoni.it\/de\/?s={search_term_string}"},"query-input":{"@type":"PropertyValueSpecification","valueRequired":true,"valueName":"search_term_string"}}],"inLanguage":"de"},{"@type":"Organization","@id":"https:\/\/e-mazzoni.it\/de\/#organization","name":"Mazzoni","url":"https:\/\/e-mazzoni.it\/de\/","logo":{"@type":"ImageObject","inLanguage":"de","@id":"https:\/\/e-mazzoni.it\/de\/#\/schema\/logo\/image\/","url":"https:\/\/e-mazzoni.it\/wp-content\/uploads\/2023\/07\/logo.png","contentUrl":"https:\/\/e-mazzoni.it\/wp-content\/uploads\/2023\/07\/logo.png","width":250,"height":109,"caption":"Mazzoni"},"image":{"@id":"https:\/\/e-mazzoni.it\/de\/#\/schema\/logo\/image\/"}}]}},"_links":{"self":[{"href":"https:\/\/e-mazzoni.it\/de\/wp-json\/wp\/v2\/product\/30081","targetHints":{"allow":["GET"]}}],"collection":[{"href":"https:\/\/e-mazzoni.it\/de\/wp-json\/wp\/v2\/product"}],"about":[{"href":"https:\/\/e-mazzoni.it\/de\/wp-json\/wp\/v2\/types\/product"}],"wp:featuredmedia":[{"embeddable":true,"href":"https:\/\/e-mazzoni.it\/de\/wp-json\/wp\/v2\/media\/68145"}],"wp:attachment":[{"href":"https:\/\/e-mazzoni.it\/de\/wp-json\/wp\/v2\/media?parent=30081"}],"wp:term":[{"taxonomy":"product_brand","embeddable":true,"href":"https:\/\/e-mazzoni.it\/de\/wp-json\/wp\/v2\/product_brand?post=30081"},{"taxonomy":"product_cat","embeddable":true,"href":"https:\/\/e-mazzoni.it\/de\/wp-json\/wp\/v2\/product_cat?post=30081"},{"taxonomy":"product_tag","embeddable":true,"href":"https:\/\/e-mazzoni.it\/de\/wp-json\/wp\/v2\/product_tag?post=30081"}],"curies":[{"name":"wp","href":"https:\/\/api.w.org\/{rel}","templated":true}]}}