{"id":29949,"date":"2024-10-15T06:50:49","date_gmt":"2024-10-15T06:50:49","guid":{"rendered":"https:\/\/e-mazzoni.it\/prodotto\/kxs-heavy-duty\/"},"modified":"2026-05-02T02:33:22","modified_gmt":"2026-05-02T02:33:22","slug":"kxs-heavy-duty","status":"publish","type":"product","link":"https:\/\/e-mazzoni.it\/de\/Produkt\/kxs-heavy-duty\/","title":{"rendered":"KXS HEAVY DUTY"},"content":{"rendered":"<p>Sicherheitsventil<br \/>\nBypass-Ventil<br \/>\nRahmen aus lackiertem Stahl<br \/>\nFeststellbremse<br \/>\nInterner Z\u00e4hler ( ohne KXSB)<br \/>\nElektrischer Anlasser ( nur KXSB)<\/p>\n<div>\n<table style=\"width: 100%\" border=\"1\" id=\"table_options\">\n<tbody>\n<tr>\n<th style=\"color: #fff\" bgcolor=\"#ea2833\">CODE<\/th>\n<th style=\"color: #fff\" bgcolor=\"#ea2833\">MODELL<\/th>\n<th style=\"color: #fff\" bgcolor=\"#ea2833\">L\/MIN &#8211; 1450 RPM<\/th>\n<th style=\"color: #fff\" bgcolor=\"#ea2833\">GPM &#8211; 1450 RPM<\/th>\n<th style=\"color: #fff\" bgcolor=\"#ea2833\">BAR<\/th>\n<th style=\"color: #fff\" bgcolor=\"#ea2833\">PSI<\/th>\n<th style=\"color: #fff\" bgcolor=\"#ea2833\">RPM 50 HZ<\/th>\n<th style=\"color: #fff\" bgcolor=\"#ea2833\">HP<\/th>\n<th style=\"color: #fff\" bgcolor=\"#ea2833\">KW<\/th>\n<th style=\"color: #fff\" bgcolor=\"#ea2833\">VOLT<\/th>\n<th style=\"color: #fff\" bgcolor=\"#ea2833\">Hz<\/th>\n<th style=\"color: #fff\" bgcolor=\"#ea2833\">PHASE<\/th>\n<th style=\"color: #fff\" bgcolor=\"#ea2833\">ZU 50 HZ<\/th>\n<th style=\"color: #fff\" bgcolor=\"#ea2833\">D\u00dcSE WASSER<\/th>\n<th style=\"color: #fff\" bgcolor=\"#ea2833\">REINIGUNGSMITTELTANK<\/th>\n<th style=\"color: #fff\" bgcolor=\"#ea2833\">REINIGUNGSMITTELTANK (GAL)<\/th>\n<th style=\"color: #fff\" bgcolor=\"#ea2833\">MAX AUSTRITTSTEMPERATUR<\/th>\n<th style=\"color: #fff\" bgcolor=\"#ea2833\">MAX TEMPERATUR AUSGANG (F)<\/th>\n<\/tr>\n<tr>\n<td align=\"center !important\">3.023.14.452<\/td>\n<td align=\"center !important\">KXS 15500<\/td>\n<td align=\"center !important\">15<\/td>\n<td align=\"center !important\">3,9<\/td>\n<td align=\"center !important\">500<\/td>\n<td align=\"center !important\">7252<\/td>\n<td align=\"center !important\">1450<\/td>\n<td align=\"center !important\">20<\/td>\n<td align=\"center !important\">15<\/td>\n<td align=\"center !important\">400<\/td>\n<td align=\"center !important\">50<\/td>\n<td align=\"center !important\">3<\/td>\n<td align=\"center !important\">28<\/td>\n<td align=\"center !important\">15025<\/td>\n<td align=\"center !important\">&#8212;<\/td>\n<td align=\"center !important\">&#8212;<\/td>\n<td align=\"center !important\">65\u00b0C<\/td>\n<td align=\"center !important\">149\u00b0F<\/td>\n<\/tr>\n<tr>\n<td align=\"center !important\">3.023.14.446<\/td>\n<td align=\"center !important\">KXS 21500<\/td>\n<td align=\"center !important\">21<\/td>\n<td align=\"center !important\">5,5<\/td>\n<td align=\"center !important\">500<\/td>\n<td align=\"center !important\">7252<\/td>\n<td align=\"center !important\">1450<\/td>\n<td align=\"center !important\">30<\/td>\n<td align=\"center !important\">22<\/td>\n<td align=\"center !important\">400<\/td>\n<td align=\"center !important\">50<\/td>\n<td align=\"center !important\">3<\/td>\n<td align=\"center !important\">39,5<\/td>\n<td align=\"center !important\">1504<\/td>\n<td align=\"center !important\">&#8212;<\/td>\n<td align=\"center !important\">&#8212;<\/td>\n<td align=\"center !important\">65\u00b0C<\/td>\n<td align=\"center !important\">149\u00b0F<\/td>\n<\/tr>\n<tr>\n<td align=\"center !important\">3.023.14.437<\/td>\n<td align=\"center !important\">KXS 43\/190<\/td>\n<td align=\"center !important\">43<\/td>\n<td align=\"center !important\">11,4<\/td>\n<td align=\"center !important\">190<\/td>\n<td align=\"center !important\">2756<\/td>\n<td align=\"center !important\">1450<\/td>\n<td align=\"center !important\">20<\/td>\n<td align=\"center !important\">15<\/td>\n<td align=\"center !important\">400<\/td>\n<td align=\"center !important\">50<\/td>\n<td align=\"center !important\">3<\/td>\n<td align=\"center !important\">28<\/td>\n<td align=\"center !important\">1514<\/td>\n<td align=\"center !important\">&#8212;<\/td>\n<td align=\"center !important\">&#8212;<\/td>\n<td align=\"center !important\">65\u00b0C<\/td>\n<td align=\"center !important\">149\u00b0F<\/td>\n<\/tr>\n<\/tbody>\n<\/table>\n<\/div>\n","protected":false},"excerpt":{"rendered":"<p>Geeignet f\u00fcr den t\u00e4glichen Gebrauch bei der Reinigung von Geb\u00e4uden, Maschinen, Fahrzeugen und Ger\u00e4ten. Die Mazzoni-Hochdruckreiniger eignen sich hervorragend zur Reinigung von verkrustetem und hartn\u00e4ckigem Schmutz, da sie mit ihrem Druck und ihrer F\u00f6rderleistung das Waschen gro\u00dfer Fl\u00e4chen bei geringem Stromverbrauch beg\u00fcnstigen. Kaltwasser-Hochdruckreiniger mit Elektro- oder Benzinmotor bis 500 bar. \u00a0 Empfohlene Verwendung: Landwirtschaft, Handwerker, Lebensmittelindustrie, Metallurgie , kommunale Einrichtungen, Transport, M\u00e4rkte, Schiffbau usw. \u00a0<\/p>\n","protected":false},"featured_media":68115,"template":"","meta":{"zakra_page_container_layout":"customizer","zakra_page_sidebar_layout":"customizer","zakra_remove_content_margin":false,"zakra_sidebar":"customizer","zakra_transparent_header":"customizer","zakra_logo":0,"zakra_main_header_style":"default","zakra_menu_item_color":"","zakra_menu_item_hover_color":"","zakra_menu_item_active_color":"","zakra_menu_active_style":"","zakra_page_header":true},"product_brand":[],"product_cat":[3605],"product_tag":[3712],"class_list":{"0":"post-29949","1":"product","2":"type-product","3":"status-publish","4":"has-post-thumbnail","6":"product_cat-kaltgeraete-fuer-hochdruckreiniger","7":"product_tag-schwerindustrie_de","9":"first","10":"instock","11":"shipping-taxable","12":"product-type-simple"},"yoast_head":"<!-- This site is optimized with the Yoast SEO plugin v27.5 - https:\/\/yoast.com\/product\/yoast-seo-wordpress\/ -->\n<title>KXS HEAVY DUTY - Mazzoni<\/title>\n<meta name=\"robots\" content=\"index, follow, max-snippet:-1, max-image-preview:large, max-video-preview:-1\" \/>\n<link rel=\"canonical\" href=\"https:\/\/e-mazzoni.it\/de\/Produkt\/kxs-heavy-duty\/\" \/>\n<meta property=\"og:locale\" content=\"de_DE\" \/>\n<meta property=\"og:type\" content=\"article\" \/>\n<meta property=\"og:title\" content=\"KXS HEAVY DUTY - Mazzoni\" \/>\n<meta property=\"og:description\" content=\"Geeignet f\u00fcr den t\u00e4glichen Gebrauch bei der Reinigung von Geb\u00e4uden, Maschinen, Fahrzeugen und Ger\u00e4ten. Die Mazzoni-Hochdruckreiniger eignen sich hervorragend zur Reinigung von verkrustetem und hartn\u00e4ckigem Schmutz, da sie mit ihrem Druck und ihrer F\u00f6rderleistung das Waschen gro\u00dfer Fl\u00e4chen bei geringem Stromverbrauch beg\u00fcnstigen. Kaltwasser-Hochdruckreiniger mit Elektro- oder Benzinmotor bis 500 bar. \u00a0 Empfohlene Verwendung: Landwirtschaft, Handwerker, Lebensmittelindustrie, Metallurgie , kommunale Einrichtungen, Transport, M\u00e4rkte, Schiffbau usw. \u00a0\" \/>\n<meta property=\"og:url\" content=\"https:\/\/e-mazzoni.it\/de\/Produkt\/kxs-heavy-duty\/\" \/>\n<meta property=\"og:site_name\" content=\"Mazzoni\" \/>\n<meta property=\"article:modified_time\" content=\"2026-05-02T02:33:22+00:00\" \/>\n<meta property=\"og:image\" content=\"https:\/\/e-mazzoni.it\/wp-content\/uploads\/2026\/04\/DOC0159361294.jpg\" \/>\n\t<meta property=\"og:image:width\" content=\"800\" \/>\n\t<meta property=\"og:image:height\" content=\"800\" \/>\n\t<meta property=\"og:image:type\" content=\"image\/jpeg\" \/>\n<meta name=\"twitter:card\" content=\"summary_large_image\" \/>\n<!-- \/ Yoast SEO plugin. -->","yoast_head_json":{"title":"KXS HEAVY DUTY - Mazzoni","robots":{"index":"index","follow":"follow","max-snippet":"max-snippet:-1","max-image-preview":"max-image-preview:large","max-video-preview":"max-video-preview:-1"},"canonical":"https:\/\/e-mazzoni.it\/de\/Produkt\/kxs-heavy-duty\/","og_locale":"de_DE","og_type":"article","og_title":"KXS HEAVY DUTY - Mazzoni","og_description":"Geeignet f\u00fcr den t\u00e4glichen Gebrauch bei der Reinigung von Geb\u00e4uden, Maschinen, Fahrzeugen und Ger\u00e4ten. Die Mazzoni-Hochdruckreiniger eignen sich hervorragend zur Reinigung von verkrustetem und hartn\u00e4ckigem Schmutz, da sie mit ihrem Druck und ihrer F\u00f6rderleistung das Waschen gro\u00dfer Fl\u00e4chen bei geringem Stromverbrauch beg\u00fcnstigen. Kaltwasser-Hochdruckreiniger mit Elektro- oder Benzinmotor bis 500 bar. \u00a0 Empfohlene Verwendung: Landwirtschaft, Handwerker, Lebensmittelindustrie, Metallurgie , kommunale Einrichtungen, Transport, M\u00e4rkte, Schiffbau usw. \u00a0","og_url":"https:\/\/e-mazzoni.it\/de\/Produkt\/kxs-heavy-duty\/","og_site_name":"Mazzoni","article_modified_time":"2026-05-02T02:33:22+00:00","og_image":[{"width":800,"height":800,"url":"https:\/\/e-mazzoni.it\/wp-content\/uploads\/2026\/04\/DOC0159361294.jpg","type":"image\/jpeg"}],"twitter_card":"summary_large_image","schema":{"@context":"https:\/\/schema.org","@graph":[{"@type":"WebPage","@id":"https:\/\/e-mazzoni.it\/de\/Produkt\/kxs-heavy-duty\/","url":"https:\/\/e-mazzoni.it\/de\/Produkt\/kxs-heavy-duty\/","name":"KXS HEAVY DUTY - Mazzoni","isPartOf":{"@id":"https:\/\/e-mazzoni.it\/de\/#website"},"primaryImageOfPage":{"@id":"https:\/\/e-mazzoni.it\/de\/Produkt\/kxs-heavy-duty\/#primaryimage"},"image":{"@id":"https:\/\/e-mazzoni.it\/de\/Produkt\/kxs-heavy-duty\/#primaryimage"},"thumbnailUrl":"https:\/\/e-mazzoni.it\/wp-content\/uploads\/2026\/04\/DOC0159361294.jpg","datePublished":"2024-10-15T06:50:49+00:00","dateModified":"2026-05-02T02:33:22+00:00","breadcrumb":{"@id":"https:\/\/e-mazzoni.it\/de\/Produkt\/kxs-heavy-duty\/#breadcrumb"},"inLanguage":"de","potentialAction":[{"@type":"ReadAction","target":["https:\/\/e-mazzoni.it\/de\/Produkt\/kxs-heavy-duty\/"]}]},{"@type":"ImageObject","inLanguage":"de","@id":"https:\/\/e-mazzoni.it\/de\/Produkt\/kxs-heavy-duty\/#primaryimage","url":"https:\/\/e-mazzoni.it\/wp-content\/uploads\/2026\/04\/DOC0159361294.jpg","contentUrl":"https:\/\/e-mazzoni.it\/wp-content\/uploads\/2026\/04\/DOC0159361294.jpg","width":800,"height":800},{"@type":"BreadcrumbList","@id":"https:\/\/e-mazzoni.it\/de\/Produkt\/kxs-heavy-duty\/#breadcrumb","itemListElement":[{"@type":"ListItem","position":1,"name":"Home","item":"https:\/\/e-mazzoni.it\/de\/"},{"@type":"ListItem","position":2,"name":"Produkte","item":"https:\/\/e-mazzoni.it\/de\/produkte\/"},{"@type":"ListItem","position":3,"name":"KXS HEAVY DUTY"}]},{"@type":"WebSite","@id":"https:\/\/e-mazzoni.it\/de\/#website","url":"https:\/\/e-mazzoni.it\/de\/","name":"Mazzoni","description":"Mazzoni","publisher":{"@id":"https:\/\/e-mazzoni.it\/de\/#organization"},"potentialAction":[{"@type":"SearchAction","target":{"@type":"EntryPoint","urlTemplate":"https:\/\/e-mazzoni.it\/de\/?s={search_term_string}"},"query-input":{"@type":"PropertyValueSpecification","valueRequired":true,"valueName":"search_term_string"}}],"inLanguage":"de"},{"@type":"Organization","@id":"https:\/\/e-mazzoni.it\/de\/#organization","name":"Mazzoni","url":"https:\/\/e-mazzoni.it\/de\/","logo":{"@type":"ImageObject","inLanguage":"de","@id":"https:\/\/e-mazzoni.it\/de\/#\/schema\/logo\/image\/","url":"https:\/\/e-mazzoni.it\/wp-content\/uploads\/2023\/07\/logo.png","contentUrl":"https:\/\/e-mazzoni.it\/wp-content\/uploads\/2023\/07\/logo.png","width":250,"height":109,"caption":"Mazzoni"},"image":{"@id":"https:\/\/e-mazzoni.it\/de\/#\/schema\/logo\/image\/"}}]}},"_links":{"self":[{"href":"https:\/\/e-mazzoni.it\/de\/wp-json\/wp\/v2\/product\/29949","targetHints":{"allow":["GET"]}}],"collection":[{"href":"https:\/\/e-mazzoni.it\/de\/wp-json\/wp\/v2\/product"}],"about":[{"href":"https:\/\/e-mazzoni.it\/de\/wp-json\/wp\/v2\/types\/product"}],"wp:featuredmedia":[{"embeddable":true,"href":"https:\/\/e-mazzoni.it\/de\/wp-json\/wp\/v2\/media\/68115"}],"wp:attachment":[{"href":"https:\/\/e-mazzoni.it\/de\/wp-json\/wp\/v2\/media?parent=29949"}],"wp:term":[{"taxonomy":"product_brand","embeddable":true,"href":"https:\/\/e-mazzoni.it\/de\/wp-json\/wp\/v2\/product_brand?post=29949"},{"taxonomy":"product_cat","embeddable":true,"href":"https:\/\/e-mazzoni.it\/de\/wp-json\/wp\/v2\/product_cat?post=29949"},{"taxonomy":"product_tag","embeddable":true,"href":"https:\/\/e-mazzoni.it\/de\/wp-json\/wp\/v2\/product_tag?post=29949"}],"curies":[{"name":"wp","href":"https:\/\/api.w.org\/{rel}","templated":true}]}}