{"id":29641,"date":"2024-10-15T06:49:30","date_gmt":"2024-10-15T06:49:30","guid":{"rendered":"https:\/\/e-mazzoni.it\/prodotto\/kc-heavy-duty\/"},"modified":"2026-05-02T02:28:20","modified_gmt":"2026-05-02T02:28:20","slug":"kc-heavy-duty","status":"publish","type":"product","link":"https:\/\/e-mazzoni.it\/de\/Produkt\/kc-heavy-duty\/","title":{"rendered":"KC HEAVY DUTY"},"content":{"rendered":"<p>Professioneller Kaltwasser-Hochdruckreiniger. Kompakt, handlich, ideal f\u00fcr alle Outdoor-Reinigungsanforderungen, vielseitig und leistungsstark.<\/p>\n<p>Asynchronmotor der Serie MEC mit kontinuierlichem Betrieb, S1 mit integriertem W\u00e4rmeschutz an den Wicklungen. Motor mit h\u00f6herem Wirkungsgrad, daher hohe Leistung und weniger Stromverbrauch. Elastische Kupplung.<br \/>\nProfessionelle Mazzoni Pumpe in Linie (Stangen) mit Messingkopf und drei Keramik-Kolben.<br \/>\nStromkabel mt.5<br \/>\nAutomatisches Bypass-Ventil mit Druckregelung<br \/>\nHochdruckschlauch 10 Meter 3\/8\\&#8221;<br \/>\nEdelstahl-Lanze mit automatischer Pistole und Schnellkupplung f\u00fcr Zubeh\u00f6r<br \/>\nProfessioneller Druckkopf mit geh\u00e4rteter Stahld\u00fcse und Reinigungssaugung bei niedrigem Druck<br \/>\nLackierter Stahlwagen mit komfortablem und robustem Tragegriff<br \/>\nHalterung f\u00fcr Lanze, Schlauch und Stromkabel<br \/>\nSystem TST (Time Stop)<br \/>\nInterner Z\u00e4hler<br \/>\nFeststellbremse<\/p>\n<div>\n<table style=\"width: 100%\" border=\"1\" id=\"table_options\">\n<tbody>\n<tr>\n<th style=\"color: #fff\" bgcolor=\"#ea2833\">CODE<\/th>\n<th style=\"color: #fff\" bgcolor=\"#ea2833\">MODELL<\/th>\n<th style=\"color: #fff\" bgcolor=\"#ea2833\">L\/MIN &#8211; 1450 RPM<\/th>\n<th style=\"color: #fff\" bgcolor=\"#ea2833\">GPM &#8211; 1450 RPM<\/th>\n<th style=\"color: #fff\" bgcolor=\"#ea2833\">BAR<\/th>\n<th style=\"color: #fff\" bgcolor=\"#ea2833\">PSI<\/th>\n<th style=\"color: #fff\" bgcolor=\"#ea2833\">RPM 50 HZ<\/th>\n<th style=\"color: #fff\" bgcolor=\"#ea2833\">HP<\/th>\n<th style=\"color: #fff\" bgcolor=\"#ea2833\">KW<\/th>\n<th style=\"color: #fff\" bgcolor=\"#ea2833\">VOLT<\/th>\n<th style=\"color: #fff\" bgcolor=\"#ea2833\">Hz<\/th>\n<th style=\"color: #fff\" bgcolor=\"#ea2833\">PHASE<\/th>\n<th style=\"color: #fff\" bgcolor=\"#ea2833\">ZU 50 HZ<\/th>\n<th style=\"color: #fff\" bgcolor=\"#ea2833\">D\u00dcSE WASSER<\/th>\n<th style=\"color: #fff\" bgcolor=\"#ea2833\">REINIGUNGSMITTELTANK<\/th>\n<th style=\"color: #fff\" bgcolor=\"#ea2833\">REINIGUNGSMITTELTANK (GAL)<\/th>\n<th style=\"color: #fff\" bgcolor=\"#ea2833\">MAX AUSTRITTSTEMPERATUR<\/th>\n<th style=\"color: #fff\" bgcolor=\"#ea2833\">MAX TEMPERATUR AUSGANG (F)<\/th>\n<\/tr>\n<tr>\n<td align=\"center !important\">3.023.14.361<\/td>\n<td align=\"center !important\">KC5000<\/td>\n<td align=\"center !important\">21<\/td>\n<td align=\"center !important\">5,5<\/td>\n<td align=\"center !important\">200<\/td>\n<td align=\"center !important\">2900<\/td>\n<td align=\"center !important\">1450<\/td>\n<td align=\"center !important\">10<\/td>\n<td align=\"center !important\">7.5<\/td>\n<td align=\"center !important\">400<\/td>\n<td align=\"center !important\">50<\/td>\n<td align=\"center !important\">3<\/td>\n<td align=\"center !important\">14.7<\/td>\n<td align=\"center !important\">1507<\/td>\n<td align=\"center !important\">&#8212;<\/td>\n<td align=\"center !important\">&#8212;<\/td>\n<td align=\"center !important\">65\u00b0C<\/td>\n<td align=\"center !important\">149\u00b0F<\/td>\n<\/tr>\n<tr>\n<td align=\"center !important\">3.023.14.392<\/td>\n<td align=\"center !important\">KC5050<\/td>\n<td align=\"center !important\">25<\/td>\n<td align=\"center !important\">6,6<\/td>\n<td align=\"center !important\">200<\/td>\n<td align=\"center !important\">2900<\/td>\n<td align=\"center !important\">1450<\/td>\n<td align=\"center !important\">15<\/td>\n<td align=\"center !important\">11<\/td>\n<td align=\"center !important\">400<\/td>\n<td align=\"center !important\">50<\/td>\n<td align=\"center !important\">3<\/td>\n<td align=\"center !important\">21<\/td>\n<td align=\"center !important\">1508<\/td>\n<td align=\"center !important\">&#8212;<\/td>\n<td align=\"center !important\">&#8212;<\/td>\n<td align=\"center !important\">65\u00b0C<\/td>\n<td align=\"center !important\">149\u00b0F<\/td>\n<\/tr>\n<tr>\n<td align=\"center !important\">3.023.14.391<\/td>\n<td align=\"center !important\">KC6000<\/td>\n<td align=\"center !important\">30<\/td>\n<td align=\"center !important\">7,9<\/td>\n<td align=\"center !important\">200<\/td>\n<td align=\"center !important\">2900<\/td>\n<td align=\"center !important\">1450<\/td>\n<td align=\"center !important\">15<\/td>\n<td align=\"center !important\">11<\/td>\n<td align=\"center !important\">400<\/td>\n<td align=\"center !important\">50<\/td>\n<td align=\"center !important\">3<\/td>\n<td align=\"center !important\">21<\/td>\n<td align=\"center !important\">1510<\/td>\n<td align=\"center !important\">&#8212;<\/td>\n<td align=\"center !important\">&#8212;<\/td>\n<td align=\"center !important\">65\u00b0C<\/td>\n<td align=\"center !important\">149\u00b0F<\/td>\n<\/tr>\n<\/tbody>\n<\/table>\n<\/div>\n","protected":false},"excerpt":{"rendered":"<p>F\u00fcr den t\u00e4glichen und intensiven Einsatz zur Reinigung von Geb\u00e4uden, Maschinen, Fahrzeugen und Ger\u00e4ten. Ideal f\u00fcr die Reinigung von verkrusteten und hartn\u00e4ckigen Verschmutzungen, mit ihrem Druck und ihrer Durchflussmenge erm\u00f6glichen die Hochdruckreiniger von Mazzoni das Waschen gro\u00dfer Fl\u00e4chen bei geringem Stromverbrauch. Empfohlene Verwendung: Landwirtschaft, Handwerker, Lebensmittelindustrie, Metallurgie , Hotels und Sportzentren, kommunale Einrichtungen, Transport, M\u00e4rkte, Schiffbau usw.<\/p>\n","protected":false},"featured_media":68055,"template":"","meta":{"zakra_page_container_layout":"customizer","zakra_page_sidebar_layout":"customizer","zakra_remove_content_margin":false,"zakra_sidebar":"customizer","zakra_transparent_header":"customizer","zakra_logo":0,"zakra_main_header_style":"default","zakra_menu_item_color":"","zakra_menu_item_hover_color":"","zakra_menu_item_active_color":"","zakra_menu_active_style":"","zakra_page_header":true},"product_brand":[],"product_cat":[3605],"product_tag":[3664,3688,3648,3704],"class_list":{"0":"post-29641","1":"product","2":"type-product","3":"status-publish","4":"has-post-thumbnail","6":"product_cat-kaltgeraete-fuer-hochdruckreiniger","7":"product_tag-autowaschanlage_de","8":"product_tag-bauwesen_de","9":"product_tag-reinigung_de","10":"product_tag-schiffbau_de","12":"first","13":"instock","14":"shipping-taxable","15":"product-type-simple"},"yoast_head":"<!-- This site is optimized with the Yoast SEO plugin v27.5 - https:\/\/yoast.com\/product\/yoast-seo-wordpress\/ -->\n<title>KC HEAVY DUTY - Mazzoni<\/title>\n<meta name=\"robots\" content=\"index, follow, max-snippet:-1, max-image-preview:large, max-video-preview:-1\" \/>\n<link rel=\"canonical\" href=\"https:\/\/e-mazzoni.it\/de\/Produkt\/kc-heavy-duty\/\" \/>\n<meta property=\"og:locale\" content=\"de_DE\" \/>\n<meta property=\"og:type\" content=\"article\" \/>\n<meta property=\"og:title\" content=\"KC HEAVY DUTY - Mazzoni\" \/>\n<meta property=\"og:description\" content=\"F\u00fcr den t\u00e4glichen und intensiven Einsatz zur Reinigung von Geb\u00e4uden, Maschinen, Fahrzeugen und Ger\u00e4ten. Ideal f\u00fcr die Reinigung von verkrusteten und hartn\u00e4ckigen Verschmutzungen, mit ihrem Druck und ihrer Durchflussmenge erm\u00f6glichen die Hochdruckreiniger von Mazzoni das Waschen gro\u00dfer Fl\u00e4chen bei geringem Stromverbrauch. Empfohlene Verwendung: Landwirtschaft, Handwerker, Lebensmittelindustrie, Metallurgie , Hotels und Sportzentren, kommunale Einrichtungen, Transport, M\u00e4rkte, Schiffbau usw.\" \/>\n<meta property=\"og:url\" content=\"https:\/\/e-mazzoni.it\/de\/Produkt\/kc-heavy-duty\/\" \/>\n<meta property=\"og:site_name\" content=\"Mazzoni\" \/>\n<meta property=\"article:modified_time\" content=\"2026-05-02T02:28:20+00:00\" \/>\n<meta property=\"og:image\" content=\"https:\/\/e-mazzoni.it\/wp-content\/uploads\/2026\/04\/DOC2262562698.jpg\" \/>\n\t<meta property=\"og:image:width\" content=\"800\" \/>\n\t<meta property=\"og:image:height\" content=\"800\" \/>\n\t<meta property=\"og:image:type\" content=\"image\/jpeg\" \/>\n<meta name=\"twitter:card\" content=\"summary_large_image\" \/>\n<meta name=\"twitter:label1\" content=\"Gesch\u00e4tzte Lesezeit\" \/>\n\t<meta name=\"twitter:data1\" content=\"1\u00a0Minute\" \/>\n<!-- \/ Yoast SEO plugin. -->","yoast_head_json":{"title":"KC HEAVY DUTY - Mazzoni","robots":{"index":"index","follow":"follow","max-snippet":"max-snippet:-1","max-image-preview":"max-image-preview:large","max-video-preview":"max-video-preview:-1"},"canonical":"https:\/\/e-mazzoni.it\/de\/Produkt\/kc-heavy-duty\/","og_locale":"de_DE","og_type":"article","og_title":"KC HEAVY DUTY - Mazzoni","og_description":"F\u00fcr den t\u00e4glichen und intensiven Einsatz zur Reinigung von Geb\u00e4uden, Maschinen, Fahrzeugen und Ger\u00e4ten. Ideal f\u00fcr die Reinigung von verkrusteten und hartn\u00e4ckigen Verschmutzungen, mit ihrem Druck und ihrer Durchflussmenge erm\u00f6glichen die Hochdruckreiniger von Mazzoni das Waschen gro\u00dfer Fl\u00e4chen bei geringem Stromverbrauch. Empfohlene Verwendung: Landwirtschaft, Handwerker, Lebensmittelindustrie, Metallurgie , Hotels und Sportzentren, kommunale Einrichtungen, Transport, M\u00e4rkte, Schiffbau usw.","og_url":"https:\/\/e-mazzoni.it\/de\/Produkt\/kc-heavy-duty\/","og_site_name":"Mazzoni","article_modified_time":"2026-05-02T02:28:20+00:00","og_image":[{"width":800,"height":800,"url":"https:\/\/e-mazzoni.it\/wp-content\/uploads\/2026\/04\/DOC2262562698.jpg","type":"image\/jpeg"}],"twitter_card":"summary_large_image","twitter_misc":{"Gesch\u00e4tzte Lesezeit":"1\u00a0Minute"},"schema":{"@context":"https:\/\/schema.org","@graph":[{"@type":"WebPage","@id":"https:\/\/e-mazzoni.it\/de\/Produkt\/kc-heavy-duty\/","url":"https:\/\/e-mazzoni.it\/de\/Produkt\/kc-heavy-duty\/","name":"KC HEAVY DUTY - Mazzoni","isPartOf":{"@id":"https:\/\/e-mazzoni.it\/de\/#website"},"primaryImageOfPage":{"@id":"https:\/\/e-mazzoni.it\/de\/Produkt\/kc-heavy-duty\/#primaryimage"},"image":{"@id":"https:\/\/e-mazzoni.it\/de\/Produkt\/kc-heavy-duty\/#primaryimage"},"thumbnailUrl":"https:\/\/e-mazzoni.it\/wp-content\/uploads\/2026\/04\/DOC2262562698.jpg","datePublished":"2024-10-15T06:49:30+00:00","dateModified":"2026-05-02T02:28:20+00:00","breadcrumb":{"@id":"https:\/\/e-mazzoni.it\/de\/Produkt\/kc-heavy-duty\/#breadcrumb"},"inLanguage":"de","potentialAction":[{"@type":"ReadAction","target":["https:\/\/e-mazzoni.it\/de\/Produkt\/kc-heavy-duty\/"]}]},{"@type":"ImageObject","inLanguage":"de","@id":"https:\/\/e-mazzoni.it\/de\/Produkt\/kc-heavy-duty\/#primaryimage","url":"https:\/\/e-mazzoni.it\/wp-content\/uploads\/2026\/04\/DOC2262562698.jpg","contentUrl":"https:\/\/e-mazzoni.it\/wp-content\/uploads\/2026\/04\/DOC2262562698.jpg","width":800,"height":800},{"@type":"BreadcrumbList","@id":"https:\/\/e-mazzoni.it\/de\/Produkt\/kc-heavy-duty\/#breadcrumb","itemListElement":[{"@type":"ListItem","position":1,"name":"Home","item":"https:\/\/e-mazzoni.it\/de\/"},{"@type":"ListItem","position":2,"name":"Produkte","item":"https:\/\/e-mazzoni.it\/de\/produkte\/"},{"@type":"ListItem","position":3,"name":"KC HEAVY DUTY"}]},{"@type":"WebSite","@id":"https:\/\/e-mazzoni.it\/de\/#website","url":"https:\/\/e-mazzoni.it\/de\/","name":"Mazzoni","description":"Mazzoni","publisher":{"@id":"https:\/\/e-mazzoni.it\/de\/#organization"},"potentialAction":[{"@type":"SearchAction","target":{"@type":"EntryPoint","urlTemplate":"https:\/\/e-mazzoni.it\/de\/?s={search_term_string}"},"query-input":{"@type":"PropertyValueSpecification","valueRequired":true,"valueName":"search_term_string"}}],"inLanguage":"de"},{"@type":"Organization","@id":"https:\/\/e-mazzoni.it\/de\/#organization","name":"Mazzoni","url":"https:\/\/e-mazzoni.it\/de\/","logo":{"@type":"ImageObject","inLanguage":"de","@id":"https:\/\/e-mazzoni.it\/de\/#\/schema\/logo\/image\/","url":"https:\/\/e-mazzoni.it\/wp-content\/uploads\/2023\/07\/logo.png","contentUrl":"https:\/\/e-mazzoni.it\/wp-content\/uploads\/2023\/07\/logo.png","width":250,"height":109,"caption":"Mazzoni"},"image":{"@id":"https:\/\/e-mazzoni.it\/de\/#\/schema\/logo\/image\/"}}]}},"_links":{"self":[{"href":"https:\/\/e-mazzoni.it\/de\/wp-json\/wp\/v2\/product\/29641","targetHints":{"allow":["GET"]}}],"collection":[{"href":"https:\/\/e-mazzoni.it\/de\/wp-json\/wp\/v2\/product"}],"about":[{"href":"https:\/\/e-mazzoni.it\/de\/wp-json\/wp\/v2\/types\/product"}],"wp:featuredmedia":[{"embeddable":true,"href":"https:\/\/e-mazzoni.it\/de\/wp-json\/wp\/v2\/media\/68055"}],"wp:attachment":[{"href":"https:\/\/e-mazzoni.it\/de\/wp-json\/wp\/v2\/media?parent=29641"}],"wp:term":[{"taxonomy":"product_brand","embeddable":true,"href":"https:\/\/e-mazzoni.it\/de\/wp-json\/wp\/v2\/product_brand?post=29641"},{"taxonomy":"product_cat","embeddable":true,"href":"https:\/\/e-mazzoni.it\/de\/wp-json\/wp\/v2\/product_cat?post=29641"},{"taxonomy":"product_tag","embeddable":true,"href":"https:\/\/e-mazzoni.it\/de\/wp-json\/wp\/v2\/product_tag?post=29641"}],"curies":[{"name":"wp","href":"https:\/\/api.w.org\/{rel}","templated":true}]}}