{"id":29145,"date":"2024-10-15T06:47:41","date_gmt":"2024-10-15T06:47:41","guid":{"rendered":"https:\/\/e-mazzoni.it\/prodotto\/mec180\/"},"modified":"2026-05-02T02:18:56","modified_gmt":"2026-05-02T02:18:56","slug":"mec180","status":"publish","type":"product","link":"https:\/\/e-mazzoni.it\/de\/Produkt\/mec180\/","title":{"rendered":"MEC180"},"content":{"rendered":"<p>43 MONATE GARANTIE &#8211; Jedes einzelne Detail der neuen Motoren von Mazzoni ist so konzipiert, dass es eine \u00fcberlegene Leistung garantiert und einen immer anspruchsvolleren Markt befriedigt. Dies erm\u00f6glicht uns, im Gegensatz zu allen anderen Herstellern, 2 Jahre zu garantieren unsere Motoren, wenn sie richtig installiert sind mit W\u00e4rmestrahlungen auf den Wicklungen in der elektrischen Schaltung.<\/p>\n<p>LAGER Einkronige Kugelform.\u00a0 Die Lager sind geschlossen und mit Lithiumfett vorgeschmiert, bei einer Einsatztemperatur von -25\u00b0 bis +150\u00b0C.<br \/>\nTHERMISCHE WICKLUNGEN &#8211; Die elektrischen Schutzvorrichtungen an der Motorzuleitung k\u00f6nnen nicht ausreichend sein, um eine \u00dcberlastung zu verhindern.\u00a0 Wenn sich die Bel\u00fcftungsbedingungen verschlechtern, erw\u00e4rmt sich der Motor, aber die elektrischen Bedingungen bleiben unver\u00e4ndert und die Schutzvorrichtungen in der Leitung werden gehemmt. Dieser Nachteil wird durch die Installation von Schutzvorrichtungen auf den Ummantelungen<\/p>\n<div>\n<table style=\"width: 100%\" border=\"1\" id=\"table_options\">\n<tbody>\n<tr>\n<th style=\"color: #fff\" bgcolor=\"#ea2833\">CODE<\/th>\n<th style=\"color: #fff\" bgcolor=\"#ea2833\">VOLT<\/th>\n<th style=\"color: #fff\" bgcolor=\"#ea2833\">PHASE<\/th>\n<th style=\"color: #fff\" bgcolor=\"#ea2833\">Hz<\/th>\n<th style=\"color: #fff\" bgcolor=\"#ea2833\">Hz 60<\/th>\n<th style=\"color: #fff\" bgcolor=\"#ea2833\">RPM 50 HZ<\/th>\n<th style=\"color: #fff\" bgcolor=\"#ea2833\">GIRI RPM 2<\/th>\n<th style=\"color: #fff\" bgcolor=\"#ea2833\">KW<\/th>\n<th style=\"color: #fff\" bgcolor=\"#ea2833\">ZU 50 HZ<\/th>\n<th style=\"color: #fff\" bgcolor=\"#ea2833\">A 60Hz<\/th>\n<th style=\"color: #fff\" bgcolor=\"#ea2833\">PUMPEN MAZZONI<\/th>\n<th style=\"color: #fff\" bgcolor=\"#ea2833\">IP<\/th>\n<th style=\"color: #fff\" bgcolor=\"#ea2833\">POLE<\/th>\n<\/tr>\n<tr>\n<td align=\"center !important\">2.081.12.031<\/td>\n<td align=\"center !important\">400\/700<\/td>\n<td align=\"center !important\">3<\/td>\n<td align=\"center !important\">50<\/td>\n<td align=\"center !important\">60<\/td>\n<td align=\"center !important\">1450<\/td>\n<td align=\"center !important\">1740<\/td>\n<td align=\"center !important\">22<\/td>\n<td align=\"center !important\">39,5<\/td>\n<td align=\"center !important\">23<\/td>\n<td align=\"center !important\">GM \/ XM &#8211; L. 45 \/ 55<\/td>\n<td align=\"center !important\">54<\/td>\n<td align=\"center !important\">4<\/td>\n<\/tr>\n<tr>\n<td align=\"center !important\">2.081.12.040<\/td>\n<td align=\"center !important\">400\/692V<\/td>\n<td align=\"center !important\">3<\/td>\n<td align=\"center !important\">50<\/td>\n<td align=\"center !important\">60<\/td>\n<td align=\"center !important\">1450<\/td>\n<td align=\"center !important\">1740<\/td>\n<td align=\"center !important\">22<\/td>\n<td align=\"center !important\">39,5<\/td>\n<td align=\"center !important\">23<\/td>\n<td align=\"center !important\">LM<\/td>\n<td align=\"center !important\">54<\/td>\n<td align=\"center !important\">4<\/td>\n<\/tr>\n<\/tbody>\n<\/table>\n<\/div>\n","protected":false},"excerpt":{"rendered":"<p>Unsere Elektromotoren, die strukturell und elektrisch angepasst sind, werden nach den EU-Richtlinien ECODESIGN und den internationalen Referenznormen entwickelt.\u00a0 Konstruktiv sind sie in Version mit F\u00fcssen (B3) und mit Flanschen erh\u00e4ltlich. Die entsprechend ausgearbeiteten W\u00e4rmeschutzvorrichtungen garantieren den Betrieb bei jeder Art von Dienst und gegen unsachgem\u00e4\u00dfe Verwendung oder Unf\u00e4lle. \u00a0<\/p>\n","protected":false},"featured_media":67955,"template":"","meta":{"zakra_page_container_layout":"customizer","zakra_page_sidebar_layout":"customizer","zakra_remove_content_margin":false,"zakra_sidebar":"customizer","zakra_transparent_header":"customizer","zakra_logo":0,"zakra_main_header_style":"default","zakra_menu_item_color":"","zakra_menu_item_hover_color":"","zakra_menu_item_active_color":"","zakra_menu_active_style":"","zakra_page_header":true},"product_brand":[],"product_cat":[3722],"product_tag":[3664,3688,3696,3672,3656,3648,3704,3712],"class_list":{"0":"post-29145","1":"product","2":"type-product","3":"status-publish","4":"has-post-thumbnail","6":"product_cat-ie2-ie3-4-polige-elektromotren","7":"product_tag-autowaschanlage_de","8":"product_tag-bauwesen_de","9":"product_tag-chemisch_de","10":"product_tag-industrie_lebensmittel_de","11":"product_tag-landwirtschaft_de","12":"product_tag-reinigung_de","13":"product_tag-schiffbau_de","14":"product_tag-schwerindustrie_de","16":"first","17":"instock","18":"shipping-taxable","19":"product-type-simple"},"yoast_head":"<!-- This site is optimized with the Yoast SEO plugin v27.5 - https:\/\/yoast.com\/product\/yoast-seo-wordpress\/ -->\n<title>MEC180 - Mazzoni<\/title>\n<meta name=\"robots\" content=\"index, follow, max-snippet:-1, max-image-preview:large, max-video-preview:-1\" \/>\n<link rel=\"canonical\" href=\"https:\/\/e-mazzoni.it\/de\/Produkt\/mec180\/\" \/>\n<meta property=\"og:locale\" content=\"de_DE\" \/>\n<meta property=\"og:type\" content=\"article\" \/>\n<meta property=\"og:title\" content=\"MEC180 - Mazzoni\" \/>\n<meta property=\"og:description\" content=\"Unsere Elektromotoren, die strukturell und elektrisch angepasst sind, werden nach den EU-Richtlinien ECODESIGN und den internationalen Referenznormen entwickelt.\u00a0 Konstruktiv sind sie in Version mit F\u00fcssen (B3) und mit Flanschen erh\u00e4ltlich. Die entsprechend ausgearbeiteten W\u00e4rmeschutzvorrichtungen garantieren den Betrieb bei jeder Art von Dienst und gegen unsachgem\u00e4\u00dfe Verwendung oder Unf\u00e4lle. \u00a0\" \/>\n<meta property=\"og:url\" content=\"https:\/\/e-mazzoni.it\/de\/Produkt\/mec180\/\" \/>\n<meta property=\"og:site_name\" content=\"Mazzoni\" \/>\n<meta property=\"article:modified_time\" content=\"2026-05-02T02:18:56+00:00\" \/>\n<meta property=\"og:image\" content=\"https:\/\/e-mazzoni.it\/wp-content\/uploads\/2026\/04\/DOC2644643742.jpg\" \/>\n\t<meta property=\"og:image:width\" content=\"800\" \/>\n\t<meta property=\"og:image:height\" content=\"800\" \/>\n\t<meta property=\"og:image:type\" content=\"image\/jpeg\" \/>\n<meta name=\"twitter:card\" content=\"summary_large_image\" \/>\n<meta name=\"twitter:label1\" content=\"Gesch\u00e4tzte Lesezeit\" \/>\n\t<meta name=\"twitter:data1\" content=\"1\u00a0Minute\" \/>\n<!-- \/ Yoast SEO plugin. -->","yoast_head_json":{"title":"MEC180 - Mazzoni","robots":{"index":"index","follow":"follow","max-snippet":"max-snippet:-1","max-image-preview":"max-image-preview:large","max-video-preview":"max-video-preview:-1"},"canonical":"https:\/\/e-mazzoni.it\/de\/Produkt\/mec180\/","og_locale":"de_DE","og_type":"article","og_title":"MEC180 - Mazzoni","og_description":"Unsere Elektromotoren, die strukturell und elektrisch angepasst sind, werden nach den EU-Richtlinien ECODESIGN und den internationalen Referenznormen entwickelt.\u00a0 Konstruktiv sind sie in Version mit F\u00fcssen (B3) und mit Flanschen erh\u00e4ltlich. Die entsprechend ausgearbeiteten W\u00e4rmeschutzvorrichtungen garantieren den Betrieb bei jeder Art von Dienst und gegen unsachgem\u00e4\u00dfe Verwendung oder Unf\u00e4lle. \u00a0","og_url":"https:\/\/e-mazzoni.it\/de\/Produkt\/mec180\/","og_site_name":"Mazzoni","article_modified_time":"2026-05-02T02:18:56+00:00","og_image":[{"width":800,"height":800,"url":"https:\/\/e-mazzoni.it\/wp-content\/uploads\/2026\/04\/DOC2644643742.jpg","type":"image\/jpeg"}],"twitter_card":"summary_large_image","twitter_misc":{"Gesch\u00e4tzte Lesezeit":"1\u00a0Minute"},"schema":{"@context":"https:\/\/schema.org","@graph":[{"@type":"WebPage","@id":"https:\/\/e-mazzoni.it\/de\/Produkt\/mec180\/","url":"https:\/\/e-mazzoni.it\/de\/Produkt\/mec180\/","name":"MEC180 - Mazzoni","isPartOf":{"@id":"https:\/\/e-mazzoni.it\/de\/#website"},"primaryImageOfPage":{"@id":"https:\/\/e-mazzoni.it\/de\/Produkt\/mec180\/#primaryimage"},"image":{"@id":"https:\/\/e-mazzoni.it\/de\/Produkt\/mec180\/#primaryimage"},"thumbnailUrl":"https:\/\/e-mazzoni.it\/wp-content\/uploads\/2026\/04\/DOC2644643742.jpg","datePublished":"2024-10-15T06:47:41+00:00","dateModified":"2026-05-02T02:18:56+00:00","breadcrumb":{"@id":"https:\/\/e-mazzoni.it\/de\/Produkt\/mec180\/#breadcrumb"},"inLanguage":"de","potentialAction":[{"@type":"ReadAction","target":["https:\/\/e-mazzoni.it\/de\/Produkt\/mec180\/"]}]},{"@type":"ImageObject","inLanguage":"de","@id":"https:\/\/e-mazzoni.it\/de\/Produkt\/mec180\/#primaryimage","url":"https:\/\/e-mazzoni.it\/wp-content\/uploads\/2026\/04\/DOC2644643742.jpg","contentUrl":"https:\/\/e-mazzoni.it\/wp-content\/uploads\/2026\/04\/DOC2644643742.jpg","width":800,"height":800},{"@type":"BreadcrumbList","@id":"https:\/\/e-mazzoni.it\/de\/Produkt\/mec180\/#breadcrumb","itemListElement":[{"@type":"ListItem","position":1,"name":"Home","item":"https:\/\/e-mazzoni.it\/de\/"},{"@type":"ListItem","position":2,"name":"Produkte","item":"https:\/\/e-mazzoni.it\/de\/produkte\/"},{"@type":"ListItem","position":3,"name":"MEC180"}]},{"@type":"WebSite","@id":"https:\/\/e-mazzoni.it\/de\/#website","url":"https:\/\/e-mazzoni.it\/de\/","name":"Mazzoni","description":"Mazzoni","publisher":{"@id":"https:\/\/e-mazzoni.it\/de\/#organization"},"potentialAction":[{"@type":"SearchAction","target":{"@type":"EntryPoint","urlTemplate":"https:\/\/e-mazzoni.it\/de\/?s={search_term_string}"},"query-input":{"@type":"PropertyValueSpecification","valueRequired":true,"valueName":"search_term_string"}}],"inLanguage":"de"},{"@type":"Organization","@id":"https:\/\/e-mazzoni.it\/de\/#organization","name":"Mazzoni","url":"https:\/\/e-mazzoni.it\/de\/","logo":{"@type":"ImageObject","inLanguage":"de","@id":"https:\/\/e-mazzoni.it\/de\/#\/schema\/logo\/image\/","url":"https:\/\/e-mazzoni.it\/wp-content\/uploads\/2023\/07\/logo.png","contentUrl":"https:\/\/e-mazzoni.it\/wp-content\/uploads\/2023\/07\/logo.png","width":250,"height":109,"caption":"Mazzoni"},"image":{"@id":"https:\/\/e-mazzoni.it\/de\/#\/schema\/logo\/image\/"}}]}},"_links":{"self":[{"href":"https:\/\/e-mazzoni.it\/de\/wp-json\/wp\/v2\/product\/29145","targetHints":{"allow":["GET"]}}],"collection":[{"href":"https:\/\/e-mazzoni.it\/de\/wp-json\/wp\/v2\/product"}],"about":[{"href":"https:\/\/e-mazzoni.it\/de\/wp-json\/wp\/v2\/types\/product"}],"wp:featuredmedia":[{"embeddable":true,"href":"https:\/\/e-mazzoni.it\/de\/wp-json\/wp\/v2\/media\/67955"}],"wp:attachment":[{"href":"https:\/\/e-mazzoni.it\/de\/wp-json\/wp\/v2\/media?parent=29145"}],"wp:term":[{"taxonomy":"product_brand","embeddable":true,"href":"https:\/\/e-mazzoni.it\/de\/wp-json\/wp\/v2\/product_brand?post=29145"},{"taxonomy":"product_cat","embeddable":true,"href":"https:\/\/e-mazzoni.it\/de\/wp-json\/wp\/v2\/product_cat?post=29145"},{"taxonomy":"product_tag","embeddable":true,"href":"https:\/\/e-mazzoni.it\/de\/wp-json\/wp\/v2\/product_tag?post=29145"}],"curies":[{"name":"wp","href":"https:\/\/api.w.org\/{rel}","templated":true}]}}