{"id":28738,"date":"2024-10-15T06:46:15","date_gmt":"2024-10-15T06:46:15","guid":{"rendered":"https:\/\/e-mazzoni.it\/prodotto\/kleine-kessel\/"},"modified":"2026-05-02T02:10:57","modified_gmt":"2026-05-02T02:10:57","slug":"kleine-kessel","status":"publish","type":"product","link":"https:\/\/e-mazzoni.it\/de\/Produkt\/kleine-kessel\/","title":{"rendered":"KLEINE KESSEL"},"content":{"rendered":"<p>Bei den Heizkesseln von Mazzoni hat die Schlange eine Dicke und eine L\u00e4nge, die entwickelt wurden, um eine maximale Leistung in Bezug auf die Erw\u00e4rmung des Wassers zu erm\u00f6glichen, den Kraftstoffverbrauch zu minimieren und den Widerstand zu maximieren. Das Geh\u00e4use und die Brennereinheit sind aus Edelstahl, eine Bodenplatte isoliert perfekt den Brennraum von au\u00dfen, wodurch er sicher und zuverl\u00e4ssig ist. BOILER 15 L Gestell aus rostfreiem Stahl Kesselboden aus gebrannten und komprimierten Keramikfasern FIAMMA GRUPPE D\u00fcse f\u00fcr Diesel Elektroden f\u00fcr die Z\u00fcndung Dieselrohr aus Kupfer Halter f\u00fcr Flammenschutz PUMPE DIESEL Eingebautes Magnetventil Verarbeiter 2X5000V komplett mit Anschlusskabel (400V) 2X14000V komplett mit Anschlusskabel (220V) VENTILATOR Aus Aluminium MOTOR VENTILATOR IP 44, 230-400V, 50-60Hz, 2800-3200 Umdrehungen pro Minute<\/p>\n<div>\n<table style=\"width: 100%\" border=\"1\" id=\"table_options\">\n<tbody>\n<tr>\n<th style=\"color: #fff\" bgcolor=\"#ea2833\">CODE<\/th>\n<th style=\"color: #fff\" bgcolor=\"#ea2833\">L\/MIN<\/th>\n<th style=\"color: #fff\" bgcolor=\"#ea2833\">GPM<\/th>\n<th style=\"color: #fff\" bgcolor=\"#ea2833\">BAR<\/th>\n<th style=\"color: #fff\" bgcolor=\"#ea2833\">PSI<\/th>\n<th style=\"color: #fff\" bgcolor=\"#ea2833\">VOLT<\/th>\n<th style=\"color: #fff\" bgcolor=\"#ea2833\">Hz<\/th>\n<th style=\"color: #fff\" bgcolor=\"#ea2833\">RENDITE (KW)<\/th>\n<th style=\"color: #fff\" bgcolor=\"#ea2833\">RENDITE (BTU)<\/th>\n<th style=\"color: #fff\" bgcolor=\"#ea2833\">L\u00c4NGE DER SCHLANGE (MT)<\/th>\n<th style=\"color: #fff\" bgcolor=\"#ea2833\">L\u00c4NGE DER SCHLANGE (FT)<\/th>\n<th style=\"color: #fff\" bgcolor=\"#ea2833\">DICKE DER SCHLANGE (MM)<\/th>\n<th style=\"color: #fff\" bgcolor=\"#ea2833\">DICKE DER SCHLANGE (INCH)<\/th>\n<th style=\"color: #fff\" bgcolor=\"#ea2833\">DIESEL D\u00dcSE<\/th>\n<th style=\"color: #fff\" bgcolor=\"#ea2833\">ZU 50 HZ<\/th>\n<th style=\"color: #fff\" bgcolor=\"#ea2833\">DIESELVERBRAUCH (LT\/H)<\/th>\n<th style=\"color: #fff\" bgcolor=\"#ea2833\">DIESELVERBRAUCH (GAL\/H)<\/th>\n<th style=\"color: #fff\" bgcolor=\"#ea2833\">KCAL\/H<\/th>\n<th style=\"color: #fff\" bgcolor=\"#ea2833\">MIN EINGANGSDRUCK (BAR)<\/th>\n<th style=\"color: #fff\" bgcolor=\"#ea2833\">MIN EINGANGSDRUCK (PSI)<\/th>\n<th style=\"color: #fff\" bgcolor=\"#ea2833\">INLET<\/th>\n<th style=\"color: #fff\" bgcolor=\"#ea2833\">OUTLET<\/th>\n<th style=\"color: #fff\" bgcolor=\"#ea2833\">EIGENGEWICHT (KG)<\/th>\n<th style=\"color: #fff\" bgcolor=\"#ea2833\">EIGENGEWICHT (LBS)<\/th>\n<th style=\"color: #fff\" bgcolor=\"#ea2833\">MAX TEMPERATUR AUSGANG (\u00b0C)<\/th>\n<th style=\"color: #fff\" bgcolor=\"#ea2833\">MAX TEMPERATUR AUSGANG (F)<\/th>\n<\/tr>\n<tr>\n<td align=\"center !important\">3.026.02.025<\/td>\n<td align=\"center !important\">15<\/td>\n<td align=\"center !important\">3,9<\/td>\n<td align=\"center !important\">250<\/td>\n<td align=\"center !important\">3626<\/td>\n<td align=\"center !important\">12<\/td>\n<td align=\"center !important\">DC<\/td>\n<td align=\"center !important\">58,15<\/td>\n<td align=\"center !important\">198.000<\/td>\n<td align=\"center !important\">24<\/td>\n<td align=\"center !important\">82<\/td>\n<td align=\"center !important\">2,3<\/td>\n<td align=\"center !important\">0.1 in.<\/td>\n<td align=\"center !important\">1,25<\/td>\n<td align=\"center !important\">36<\/td>\n<td align=\"center !important\">4,73<\/td>\n<td align=\"center !important\">1,25<\/td>\n<td align=\"center !important\">50.000<\/td>\n<td align=\"center !important\">3<\/td>\n<td align=\"center !important\">43,50<\/td>\n<td align=\"center !important\">G 1\/2&#8243;<\/td>\n<td align=\"center !important\">G 1\/2&#8243;<\/td>\n<td align=\"center !important\">45<\/td>\n<td align=\"center !important\">99<\/td>\n<td align=\"center !important\">150\u00b0C<\/td>\n<td align=\"center !important\">302\u00b0F<\/td>\n<\/tr>\n<tr>\n<td align=\"center !important\">3.026.02.026<\/td>\n<td align=\"center !important\">15<\/td>\n<td align=\"center !important\">3,9<\/td>\n<td align=\"center !important\">250<\/td>\n<td align=\"center !important\">3626<\/td>\n<td align=\"center !important\">24<\/td>\n<td align=\"center !important\">DC<\/td>\n<td align=\"center !important\">58,15<\/td>\n<td align=\"center !important\">198.000<\/td>\n<td align=\"center !important\">24<\/td>\n<td align=\"center !important\">82<\/td>\n<td align=\"center !important\">2,3<\/td>\n<td align=\"center !important\">0.1 in.<\/td>\n<td align=\"center !important\">1,25<\/td>\n<td align=\"center !important\">15.5<\/td>\n<td align=\"center !important\">4,70<\/td>\n<td align=\"center !important\">1,25<\/td>\n<td align=\"center !important\">50.000<\/td>\n<td align=\"center !important\">3<\/td>\n<td align=\"center !important\">43,50<\/td>\n<td align=\"center !important\">G 1\/2&#8243;<\/td>\n<td align=\"center !important\">G 1\/2&#8243;<\/td>\n<td align=\"center !important\">45<\/td>\n<td align=\"center !important\">99<\/td>\n<td align=\"center !important\">150\u00b0C<\/td>\n<td align=\"center !important\">302\u00b0F<\/td>\n<\/tr>\n<tr>\n<td align=\"center !important\">3.026.02.027<\/td>\n<td align=\"center !important\">15<\/td>\n<td align=\"center !important\">3,9<\/td>\n<td align=\"center !important\">250<\/td>\n<td align=\"center !important\">3626<\/td>\n<td align=\"center !important\">230<\/td>\n<td align=\"center !important\">50<\/td>\n<td align=\"center !important\">58,15<\/td>\n<td align=\"center !important\">198.000<\/td>\n<td align=\"center !important\">24<\/td>\n<td align=\"center !important\">82<\/td>\n<td align=\"center !important\">2,3<\/td>\n<td align=\"center !important\">0.1 in.<\/td>\n<td align=\"center !important\">1,25<\/td>\n<td align=\"center !important\">1,4<\/td>\n<td align=\"center !important\">4,70<\/td>\n<td align=\"center !important\">1,25<\/td>\n<td align=\"center !important\">50.000<\/td>\n<td align=\"center !important\">3<\/td>\n<td align=\"center !important\">43,50<\/td>\n<td align=\"center !important\">G 1\/2&#8243;<\/td>\n<td align=\"center !important\">G 1\/2&#8243;<\/td>\n<td align=\"center !important\">44<\/td>\n<td align=\"center !important\">97<\/td>\n<td align=\"center !important\">150\u00b0C<\/td>\n<td align=\"center !important\">302\u00b0F<\/td>\n<\/tr>\n<tr>\n<td align=\"center !important\">3.026.02.028<\/td>\n<td align=\"center !important\">15<\/td>\n<td align=\"center !important\">3,9<\/td>\n<td align=\"center !important\">250<\/td>\n<td align=\"center !important\">3626<\/td>\n<td align=\"center !important\">400<\/td>\n<td align=\"center !important\">50<\/td>\n<td align=\"center !important\">58,15<\/td>\n<td align=\"center !important\">198.000<\/td>\n<td align=\"center !important\">24<\/td>\n<td align=\"center !important\">82<\/td>\n<td align=\"center !important\">2,3<\/td>\n<td align=\"center !important\">0.1 in.<\/td>\n<td align=\"center !important\">1,25<\/td>\n<td align=\"center !important\">1,4<\/td>\n<td align=\"center !important\">4,70<\/td>\n<td align=\"center !important\">1,25<\/td>\n<td align=\"center !important\">50.000<\/td>\n<td align=\"center !important\">3<\/td>\n<td align=\"center !important\">43,50<\/td>\n<td align=\"center !important\">G 1\/2&#8243;<\/td>\n<td align=\"center !important\">G 1\/2&#8243;<\/td>\n<td align=\"center !important\">44<\/td>\n<td align=\"center !important\">97<\/td>\n<td align=\"center !important\">150\u00b0C<\/td>\n<td align=\"center !important\">302\u00b0F<\/td>\n<\/tr>\n<tr>\n<td align=\"center !important\">3.026.02.031<\/td>\n<td align=\"center !important\">15<\/td>\n<td align=\"center !important\">3,9<\/td>\n<td align=\"center !important\">250<\/td>\n<td align=\"center !important\">3626<\/td>\n<td align=\"center !important\">400<\/td>\n<td align=\"center !important\">50<\/td>\n<td align=\"center !important\">58,15<\/td>\n<td align=\"center !important\">317.000<\/td>\n<td align=\"center !important\">35<\/td>\n<td align=\"center !important\">114<\/td>\n<td align=\"center !important\">2,6<\/td>\n<td align=\"center !important\">0.1 in.<\/td>\n<td align=\"center !important\">1,65<\/td>\n<td align=\"center !important\">0,7<\/td>\n<td align=\"center !important\">4,70<\/td>\n<td align=\"center !important\">1,25<\/td>\n<td align=\"center !important\">80.000<\/td>\n<td align=\"center !important\">3<\/td>\n<td align=\"center !important\">43,50<\/td>\n<td align=\"center !important\">G 1\/2&#8243;<\/td>\n<td align=\"center !important\">G 1\/2&#8243;<\/td>\n<td align=\"center !important\">45<\/td>\n<td align=\"center !important\">99<\/td>\n<td align=\"center !important\">150\u00b0C<\/td>\n<td align=\"center !important\">302\u00b0F<\/td>\n<\/tr>\n<\/tbody>\n<\/table>\n<\/div>\n","protected":false},"excerpt":{"rendered":"<p>Maximale Erw\u00e4rmung und minimale Emission von Stickoxiden in die Umwelt. Die Heizkessel von Mazzoni stehen f\u00fcr Sicherheit und garantierte Qualit\u00e4t durch hochwertige Materialien und eine Dimensionierung, die auf maximale Kalorieneffizienz ausgelegt ist, mit einem aufmerksamen Blick auf Energieeinsparung und neue Umwelt- und Sicherheitsvorschriften.  <\/p>\n","protected":false},"featured_media":67855,"template":"","meta":{"zakra_page_container_layout":"customizer","zakra_page_sidebar_layout":"customizer","zakra_remove_content_margin":false,"zakra_sidebar":"customizer","zakra_transparent_header":"customizer","zakra_logo":0,"zakra_main_header_style":"default","zakra_menu_item_color":"","zakra_menu_item_hover_color":"","zakra_menu_item_active_color":"","zakra_menu_active_style":"","zakra_page_header":true},"product_brand":[],"product_cat":[3635],"product_tag":[3664,3688,3672,3656,3648,3704,3712],"class_list":{"0":"post-28738","1":"product","2":"type-product","3":"status-publish","4":"has-post-thumbnail","6":"product_cat-dieselkessel","7":"product_tag-autowaschanlage_de","8":"product_tag-bauwesen_de","9":"product_tag-industrie_lebensmittel_de","10":"product_tag-landwirtschaft_de","11":"product_tag-reinigung_de","12":"product_tag-schiffbau_de","13":"product_tag-schwerindustrie_de","15":"first","16":"instock","17":"shipping-taxable","18":"product-type-simple"},"yoast_head":"<!-- This site is optimized with the Yoast SEO plugin v27.5 - https:\/\/yoast.com\/product\/yoast-seo-wordpress\/ -->\n<title>KLEINE KESSEL - Mazzoni<\/title>\n<meta name=\"robots\" content=\"index, follow, max-snippet:-1, max-image-preview:large, max-video-preview:-1\" \/>\n<link rel=\"canonical\" href=\"https:\/\/e-mazzoni.it\/de\/Produkt\/kleine-kessel\/\" \/>\n<meta property=\"og:locale\" content=\"de_DE\" \/>\n<meta property=\"og:type\" content=\"article\" \/>\n<meta property=\"og:title\" content=\"KLEINE KESSEL - Mazzoni\" \/>\n<meta property=\"og:description\" content=\"Maximale Erw\u00e4rmung und minimale Emission von Stickoxiden in die Umwelt. Die Heizkessel von Mazzoni stehen f\u00fcr Sicherheit und garantierte Qualit\u00e4t durch hochwertige Materialien und eine Dimensionierung, die auf maximale Kalorieneffizienz ausgelegt ist, mit einem aufmerksamen Blick auf Energieeinsparung und neue Umwelt- und Sicherheitsvorschriften.\" \/>\n<meta property=\"og:url\" content=\"https:\/\/e-mazzoni.it\/de\/Produkt\/kleine-kessel\/\" \/>\n<meta property=\"og:site_name\" content=\"Mazzoni\" \/>\n<meta property=\"article:modified_time\" content=\"2026-05-02T02:10:57+00:00\" \/>\n<meta property=\"og:image\" content=\"https:\/\/e-mazzoni.it\/wp-content\/uploads\/2026\/04\/DOC3559757181.jpg\" \/>\n\t<meta property=\"og:image:width\" content=\"800\" \/>\n\t<meta property=\"og:image:height\" content=\"800\" \/>\n\t<meta property=\"og:image:type\" content=\"image\/jpeg\" \/>\n<meta name=\"twitter:card\" content=\"summary_large_image\" \/>\n<meta name=\"twitter:label1\" content=\"Gesch\u00e4tzte Lesezeit\" \/>\n\t<meta name=\"twitter:data1\" content=\"1\u00a0Minute\" \/>\n<!-- \/ Yoast SEO plugin. -->","yoast_head_json":{"title":"KLEINE KESSEL - Mazzoni","robots":{"index":"index","follow":"follow","max-snippet":"max-snippet:-1","max-image-preview":"max-image-preview:large","max-video-preview":"max-video-preview:-1"},"canonical":"https:\/\/e-mazzoni.it\/de\/Produkt\/kleine-kessel\/","og_locale":"de_DE","og_type":"article","og_title":"KLEINE KESSEL - Mazzoni","og_description":"Maximale Erw\u00e4rmung und minimale Emission von Stickoxiden in die Umwelt. Die Heizkessel von Mazzoni stehen f\u00fcr Sicherheit und garantierte Qualit\u00e4t durch hochwertige Materialien und eine Dimensionierung, die auf maximale Kalorieneffizienz ausgelegt ist, mit einem aufmerksamen Blick auf Energieeinsparung und neue Umwelt- und Sicherheitsvorschriften.","og_url":"https:\/\/e-mazzoni.it\/de\/Produkt\/kleine-kessel\/","og_site_name":"Mazzoni","article_modified_time":"2026-05-02T02:10:57+00:00","og_image":[{"width":800,"height":800,"url":"https:\/\/e-mazzoni.it\/wp-content\/uploads\/2026\/04\/DOC3559757181.jpg","type":"image\/jpeg"}],"twitter_card":"summary_large_image","twitter_misc":{"Gesch\u00e4tzte Lesezeit":"1\u00a0Minute"},"schema":{"@context":"https:\/\/schema.org","@graph":[{"@type":"WebPage","@id":"https:\/\/e-mazzoni.it\/de\/Produkt\/kleine-kessel\/","url":"https:\/\/e-mazzoni.it\/de\/Produkt\/kleine-kessel\/","name":"KLEINE KESSEL - Mazzoni","isPartOf":{"@id":"https:\/\/e-mazzoni.it\/de\/#website"},"primaryImageOfPage":{"@id":"https:\/\/e-mazzoni.it\/de\/Produkt\/kleine-kessel\/#primaryimage"},"image":{"@id":"https:\/\/e-mazzoni.it\/de\/Produkt\/kleine-kessel\/#primaryimage"},"thumbnailUrl":"https:\/\/e-mazzoni.it\/wp-content\/uploads\/2026\/04\/DOC3559757181.jpg","datePublished":"2024-10-15T06:46:15+00:00","dateModified":"2026-05-02T02:10:57+00:00","breadcrumb":{"@id":"https:\/\/e-mazzoni.it\/de\/Produkt\/kleine-kessel\/#breadcrumb"},"inLanguage":"de","potentialAction":[{"@type":"ReadAction","target":["https:\/\/e-mazzoni.it\/de\/Produkt\/kleine-kessel\/"]}]},{"@type":"ImageObject","inLanguage":"de","@id":"https:\/\/e-mazzoni.it\/de\/Produkt\/kleine-kessel\/#primaryimage","url":"https:\/\/e-mazzoni.it\/wp-content\/uploads\/2026\/04\/DOC3559757181.jpg","contentUrl":"https:\/\/e-mazzoni.it\/wp-content\/uploads\/2026\/04\/DOC3559757181.jpg","width":800,"height":800},{"@type":"BreadcrumbList","@id":"https:\/\/e-mazzoni.it\/de\/Produkt\/kleine-kessel\/#breadcrumb","itemListElement":[{"@type":"ListItem","position":1,"name":"Home","item":"https:\/\/e-mazzoni.it\/de\/"},{"@type":"ListItem","position":2,"name":"Produkte","item":"https:\/\/e-mazzoni.it\/de\/produkte\/"},{"@type":"ListItem","position":3,"name":"KLEINE KESSEL"}]},{"@type":"WebSite","@id":"https:\/\/e-mazzoni.it\/de\/#website","url":"https:\/\/e-mazzoni.it\/de\/","name":"Mazzoni","description":"Mazzoni","publisher":{"@id":"https:\/\/e-mazzoni.it\/de\/#organization"},"potentialAction":[{"@type":"SearchAction","target":{"@type":"EntryPoint","urlTemplate":"https:\/\/e-mazzoni.it\/de\/?s={search_term_string}"},"query-input":{"@type":"PropertyValueSpecification","valueRequired":true,"valueName":"search_term_string"}}],"inLanguage":"de"},{"@type":"Organization","@id":"https:\/\/e-mazzoni.it\/de\/#organization","name":"Mazzoni","url":"https:\/\/e-mazzoni.it\/de\/","logo":{"@type":"ImageObject","inLanguage":"de","@id":"https:\/\/e-mazzoni.it\/de\/#\/schema\/logo\/image\/","url":"https:\/\/e-mazzoni.it\/wp-content\/uploads\/2023\/07\/logo.png","contentUrl":"https:\/\/e-mazzoni.it\/wp-content\/uploads\/2023\/07\/logo.png","width":250,"height":109,"caption":"Mazzoni"},"image":{"@id":"https:\/\/e-mazzoni.it\/de\/#\/schema\/logo\/image\/"}}]}},"_links":{"self":[{"href":"https:\/\/e-mazzoni.it\/de\/wp-json\/wp\/v2\/product\/28738","targetHints":{"allow":["GET"]}}],"collection":[{"href":"https:\/\/e-mazzoni.it\/de\/wp-json\/wp\/v2\/product"}],"about":[{"href":"https:\/\/e-mazzoni.it\/de\/wp-json\/wp\/v2\/types\/product"}],"wp:featuredmedia":[{"embeddable":true,"href":"https:\/\/e-mazzoni.it\/de\/wp-json\/wp\/v2\/media\/67855"}],"wp:attachment":[{"href":"https:\/\/e-mazzoni.it\/de\/wp-json\/wp\/v2\/media?parent=28738"}],"wp:term":[{"taxonomy":"product_brand","embeddable":true,"href":"https:\/\/e-mazzoni.it\/de\/wp-json\/wp\/v2\/product_brand?post=28738"},{"taxonomy":"product_cat","embeddable":true,"href":"https:\/\/e-mazzoni.it\/de\/wp-json\/wp\/v2\/product_cat?post=28738"},{"taxonomy":"product_tag","embeddable":true,"href":"https:\/\/e-mazzoni.it\/de\/wp-json\/wp\/v2\/product_tag?post=28738"}],"curies":[{"name":"wp","href":"https:\/\/api.w.org\/{rel}","templated":true}]}}