{"id":28515,"date":"2024-10-15T06:44:51","date_gmt":"2024-10-15T06:44:51","guid":{"rendered":"https:\/\/e-mazzoni.it\/prodotto\/heizungsgruppe-30-l-big\/"},"modified":"2026-05-02T02:06:27","modified_gmt":"2026-05-02T02:06:27","slug":"heizungsgruppe-30-l-big","status":"publish","type":"product","link":"https:\/\/e-mazzoni.it\/de\/Produkt\/heizungsgruppe-30-l-big\/","title":{"rendered":"HEIZUNGSGRUPPE 30 L  BIG"},"content":{"rendered":"<p>Flammenkontrolle<br \/>\nDurchflussmesser, Niveauschalter, Druckschalter<br \/>\nDie Dieselpumpe ist direkt mit dem Ventilator \u00fcber ein Gelenk verbunden<br \/>\nDie Mazzoni-Kessel mit hohem Wirkungsgrad und geringem Verbrauch<br \/>\nMindestwasserdruck 15 bar<br \/>\nAnzeige von Z\u00e4hler und Warnleuchten<br \/>\nSicherheitsventil<br \/>\nSchaltschrank mit Z\u00fcndschalter und Temperaturregler<br \/>\nAbdeckung aus rostfreiem Stahl und Basis aus lackiertem Stahl<\/p>\n<div>\n<table style=\"width: 100%\" border=\"1\" id=\"table_options\">\n<tbody>\n<tr>\n<th style=\"color: #fff\" bgcolor=\"#ea2833\">CODE<\/th>\n<th style=\"color: #fff\" bgcolor=\"#ea2833\">L\/MIN<\/th>\n<th style=\"color: #fff\" bgcolor=\"#ea2833\">GPM<\/th>\n<th style=\"color: #fff\" bgcolor=\"#ea2833\">BAR<\/th>\n<th style=\"color: #fff\" bgcolor=\"#ea2833\">PSI<\/th>\n<th style=\"color: #fff\" bgcolor=\"#ea2833\">VOLT<\/th>\n<th style=\"color: #fff\" bgcolor=\"#ea2833\">Hz<\/th>\n<th style=\"color: #fff\" bgcolor=\"#ea2833\">RENDITE (KW)<\/th>\n<th style=\"color: #fff\" bgcolor=\"#ea2833\">RENDITE (BTU)<\/th>\n<th style=\"color: #fff\" bgcolor=\"#ea2833\">L\u00c4NGE DER SCHLANGE (MT)<\/th>\n<th style=\"color: #fff\" bgcolor=\"#ea2833\">L\u00c4NGE DER SCHLANGE (FT)<\/th>\n<th style=\"color: #fff\" bgcolor=\"#ea2833\">DICKE DER SCHLANGE (MM)<\/th>\n<th style=\"color: #fff\" bgcolor=\"#ea2833\">DICKE DER SCHLANGE (INCH)<\/th>\n<th style=\"color: #fff\" bgcolor=\"#ea2833\">DIESEL D\u00dcSE<\/th>\n<th style=\"color: #fff\" bgcolor=\"#ea2833\">ZU 50 HZ<\/th>\n<th style=\"color: #fff\" bgcolor=\"#ea2833\">DIESELVERBRAUCH (LT\/H)<\/th>\n<th style=\"color: #fff\" bgcolor=\"#ea2833\">DIESELVERBRAUCH (GAL\/H)<\/th>\n<th style=\"color: #fff\" bgcolor=\"#ea2833\">DIESELTANK <\/th>\n<th style=\"color: #fff\" bgcolor=\"#ea2833\">DIESELTANK (GAL)<\/th>\n<th style=\"color: #fff\" bgcolor=\"#ea2833\">KCAL\/H<\/th>\n<th style=\"color: #fff\" bgcolor=\"#ea2833\">MIN EINGANGSDRUCK (BAR)<\/th>\n<th style=\"color: #fff\" bgcolor=\"#ea2833\">MIN EINGANGSDRUCK (PSI)<\/th>\n<th style=\"color: #fff\" bgcolor=\"#ea2833\">INLET<\/th>\n<th style=\"color: #fff\" bgcolor=\"#ea2833\">OUTLET<\/th>\n<th style=\"color: #fff\" bgcolor=\"#ea2833\">EIGENGEWICHT (KG)<\/th>\n<th style=\"color: #fff\" bgcolor=\"#ea2833\">MAX TEMPERATUR AUSGANG (\u00b0C)<\/th>\n<th style=\"color: #fff\" bgcolor=\"#ea2833\">MAX TEMPERATUR AUSGANG (F)<\/th>\n<\/tr>\n<tr>\n<td align=\"center !important\">3.064.04.038<\/td>\n<td align=\"center !important\">30<\/td>\n<td align=\"center !important\">7,9<\/td>\n<td align=\"center !important\">500<\/td>\n<td align=\"center !important\">7251<\/td>\n<td align=\"center !important\">12<\/td>\n<td align=\"center !important\">DC<\/td>\n<td align=\"center !important\">128<\/td>\n<td align=\"center !important\">436.000<\/td>\n<td align=\"center !important\">38,5<\/td>\n<td align=\"center !important\">126<\/td>\n<td align=\"center !important\">3<\/td>\n<td align=\"center !important\">0.1 in.<\/td>\n<td align=\"center !important\">2,5<\/td>\n<td align=\"center !important\">61<\/td>\n<td align=\"center !important\">9.45<\/td>\n<td align=\"center !important\">2.5<\/td>\n<td align=\"center !important\">16 L<\/td>\n<td align=\"center !important\">4,2 gal<\/td>\n<td align=\"center !important\">110.000<\/td>\n<td align=\"center !important\">20<\/td>\n<td align=\"center !important\">290<\/td>\n<td align=\"center !important\">G 1\/2&#8243;<\/td>\n<td align=\"center !important\">G 1\/2&#8243;<\/td>\n<td align=\"center !important\">85<\/td>\n<td align=\"center !important\">150\u00b0C<\/td>\n<td align=\"center !important\">302\u00b0F<\/td>\n<\/tr>\n<tr>\n<td align=\"center !important\">3.064.04.039<\/td>\n<td align=\"center !important\">30<\/td>\n<td align=\"center !important\">7.9<\/td>\n<td align=\"center !important\">500<\/td>\n<td align=\"center !important\">7251<\/td>\n<td align=\"center !important\">24<\/td>\n<td align=\"center !important\">DC<\/td>\n<td align=\"center !important\">128<\/td>\n<td align=\"center !important\">436.000<\/td>\n<td align=\"center !important\">38,5<\/td>\n<td align=\"center !important\">126<\/td>\n<td align=\"center !important\">3<\/td>\n<td align=\"center !important\">0.1 in.<\/td>\n<td align=\"center !important\">2,5<\/td>\n<td align=\"center !important\">30<\/td>\n<td align=\"center !important\">9.45<\/td>\n<td align=\"center !important\">2.5<\/td>\n<td align=\"center !important\">16 L<\/td>\n<td align=\"center !important\">4,2 gal<\/td>\n<td align=\"center !important\">110.000<\/td>\n<td align=\"center !important\">20<\/td>\n<td align=\"center !important\">290<\/td>\n<td align=\"center !important\">G 1\/2&#8243;<\/td>\n<td align=\"center !important\">G 1\/2&#8243;<\/td>\n<td align=\"center !important\">85<\/td>\n<td align=\"center !important\">150\u00b0C<\/td>\n<td align=\"center !important\">302\u00b0F<\/td>\n<\/tr>\n<tr>\n<td align=\"center !important\">3.064.04.040<\/td>\n<td align=\"center !important\">30<\/td>\n<td align=\"center !important\">7,9<\/td>\n<td align=\"center !important\">500<\/td>\n<td align=\"center !important\">7252<\/td>\n<td align=\"center !important\">230<\/td>\n<td align=\"center !important\">50<\/td>\n<td align=\"center !important\">128<\/td>\n<td align=\"center !important\">436.000<\/td>\n<td align=\"center !important\">38,5<\/td>\n<td align=\"center !important\">126<\/td>\n<td align=\"center !important\">3<\/td>\n<td align=\"center !important\">0.12 in.<\/td>\n<td align=\"center !important\">2,5<\/td>\n<td align=\"center !important\">4<\/td>\n<td align=\"center !important\">9,45<\/td>\n<td align=\"center !important\">2,5<\/td>\n<td align=\"center !important\">16 L<\/td>\n<td align=\"center !important\">4,2 gal<\/td>\n<td align=\"center !important\">110.000<\/td>\n<td align=\"center !important\">20<\/td>\n<td align=\"center !important\">290<\/td>\n<td align=\"center !important\">G 1\/2&#8243;<\/td>\n<td align=\"center !important\">G 1\/2&#8243;<\/td>\n<td align=\"center !important\">85<\/td>\n<td align=\"center !important\">150\u00b0C<\/td>\n<td align=\"center !important\">302\u00b0F<\/td>\n<\/tr>\n<\/tbody>\n<\/table>\n<\/div>\n","protected":false},"excerpt":{"rendered":"<p>Die Mazzoni Feuerstelle erzeugt hei\u00dfes Wasser durch einen Dieselkessel, der sich in ihrem Inneren befindet. Kann auch von einer einfachen Pumpe versorgt werden, wichtig ist, dass der Druck mindestens 15 bar betr\u00e4gt. Zum Antreiben reicht Strom und Heiz\u00f6l f\u00fcr den Kessel. Erhitzt kaltes Wasser auf 150\u00b0 C, was f\u00fcr die effektivsten Waschungen oder spezielle Anwendungen in der Landwirtschaft, Zucht, Industrie, Schwimmb\u00e4dern etc. unverzichtbar ist. Kann in verschiedenen Spannungen (12-24-230-400 Volt) betrieben werden. Die Dieselpumpe ist direkt mit dem Ventilator durch eine Kupplung gekoppelt. Die Kessel der Mazzoni-Produktion sind hocheffizient und verbrauchsarm. Die Werte der Gasemissionen sind niedriger als die von den j\u00fcngsten europ\u00e4ischen Vorschriften geforderten. Die Struktur des Kessels ist au\u00dfen aus Edelstahl und das verwendete Rohr ist 3\/8\\&#8221;. Abdeckung aus rostfreiem Stahl und lackiertem Stahlsockel, geliefert mit 17L-Dieseltank und in die Struktur eingebauter Stufe. Sicherheitsvorkehrungen: Sicherheitsventil, Durchflussschalter zur Kontrolle des Wassermangels.<\/p>\n","protected":false},"featured_media":67795,"template":"","meta":{"zakra_page_container_layout":"customizer","zakra_page_sidebar_layout":"customizer","zakra_remove_content_margin":false,"zakra_sidebar":"customizer","zakra_transparent_header":"customizer","zakra_logo":0,"zakra_main_header_style":"default","zakra_menu_item_color":"","zakra_menu_item_hover_color":"","zakra_menu_item_active_color":"","zakra_menu_active_style":"","zakra_page_header":true},"product_brand":[],"product_cat":[3615],"product_tag":[3664,3688,3672,3656,3648,3704,3712],"class_list":{"0":"post-28515","1":"product","2":"type-product","3":"status-publish","4":"has-post-thumbnail","6":"product_cat-heizungsgruppe","7":"product_tag-autowaschanlage_de","8":"product_tag-bauwesen_de","9":"product_tag-industrie_lebensmittel_de","10":"product_tag-landwirtschaft_de","11":"product_tag-reinigung_de","12":"product_tag-schiffbau_de","13":"product_tag-schwerindustrie_de","15":"first","16":"instock","17":"shipping-taxable","18":"product-type-simple"},"yoast_head":"<!-- This site is optimized with the Yoast SEO plugin v27.5 - https:\/\/yoast.com\/product\/yoast-seo-wordpress\/ -->\n<title>HEIZUNGSGRUPPE 30 L BIG - Mazzoni<\/title>\n<meta name=\"robots\" content=\"index, follow, max-snippet:-1, max-image-preview:large, max-video-preview:-1\" \/>\n<link rel=\"canonical\" href=\"https:\/\/e-mazzoni.it\/de\/Produkt\/heizungsgruppe-30-l-big\/\" \/>\n<meta property=\"og:locale\" content=\"de_DE\" \/>\n<meta property=\"og:type\" content=\"article\" \/>\n<meta property=\"og:title\" content=\"HEIZUNGSGRUPPE 30 L BIG - Mazzoni\" \/>\n<meta property=\"og:description\" content=\"Die Mazzoni Feuerstelle erzeugt hei\u00dfes Wasser durch einen Dieselkessel, der sich in ihrem Inneren befindet. Kann auch von einer einfachen Pumpe versorgt werden, wichtig ist, dass der Druck mindestens 15 bar betr\u00e4gt. Zum Antreiben reicht Strom und Heiz\u00f6l f\u00fcr den Kessel. Erhitzt kaltes Wasser auf 150\u00b0 C, was f\u00fcr die effektivsten Waschungen oder spezielle Anwendungen in der Landwirtschaft, Zucht, Industrie, Schwimmb\u00e4dern etc. unverzichtbar ist. Kann in verschiedenen Spannungen (12-24-230-400 Volt) betrieben werden. Die Dieselpumpe ist direkt mit dem Ventilator durch eine Kupplung gekoppelt. Die Kessel der Mazzoni-Produktion sind hocheffizient und verbrauchsarm. Die Werte der Gasemissionen sind niedriger als die von den j\u00fcngsten europ\u00e4ischen Vorschriften geforderten. Die Struktur des Kessels ist au\u00dfen aus Edelstahl und das verwendete Rohr ist 3\/8&quot;. Abdeckung aus rostfreiem Stahl und lackiertem Stahlsockel, geliefert mit 17L-Dieseltank und in die Struktur eingebauter Stufe. Sicherheitsvorkehrungen: Sicherheitsventil, Durchflussschalter zur Kontrolle des Wassermangels.\" \/>\n<meta property=\"og:url\" content=\"https:\/\/e-mazzoni.it\/de\/Produkt\/heizungsgruppe-30-l-big\/\" \/>\n<meta property=\"og:site_name\" content=\"Mazzoni\" \/>\n<meta property=\"article:modified_time\" content=\"2026-05-02T02:06:27+00:00\" \/>\n<meta property=\"og:image\" content=\"https:\/\/e-mazzoni.it\/wp-content\/uploads\/2026\/04\/DOC7166918506-scaled.jpg\" \/>\n\t<meta property=\"og:image:width\" content=\"1347\" \/>\n\t<meta property=\"og:image:height\" content=\"1600\" \/>\n\t<meta property=\"og:image:type\" content=\"image\/jpeg\" \/>\n<meta name=\"twitter:card\" content=\"summary_large_image\" \/>\n<meta name=\"twitter:label1\" content=\"Gesch\u00e4tzte Lesezeit\" \/>\n\t<meta name=\"twitter:data1\" content=\"1\u00a0Minute\" \/>\n<!-- \/ Yoast SEO plugin. -->","yoast_head_json":{"title":"HEIZUNGSGRUPPE 30 L BIG - Mazzoni","robots":{"index":"index","follow":"follow","max-snippet":"max-snippet:-1","max-image-preview":"max-image-preview:large","max-video-preview":"max-video-preview:-1"},"canonical":"https:\/\/e-mazzoni.it\/de\/Produkt\/heizungsgruppe-30-l-big\/","og_locale":"de_DE","og_type":"article","og_title":"HEIZUNGSGRUPPE 30 L BIG - Mazzoni","og_description":"Die Mazzoni Feuerstelle erzeugt hei\u00dfes Wasser durch einen Dieselkessel, der sich in ihrem Inneren befindet. Kann auch von einer einfachen Pumpe versorgt werden, wichtig ist, dass der Druck mindestens 15 bar betr\u00e4gt. Zum Antreiben reicht Strom und Heiz\u00f6l f\u00fcr den Kessel. Erhitzt kaltes Wasser auf 150\u00b0 C, was f\u00fcr die effektivsten Waschungen oder spezielle Anwendungen in der Landwirtschaft, Zucht, Industrie, Schwimmb\u00e4dern etc. unverzichtbar ist. Kann in verschiedenen Spannungen (12-24-230-400 Volt) betrieben werden. Die Dieselpumpe ist direkt mit dem Ventilator durch eine Kupplung gekoppelt. Die Kessel der Mazzoni-Produktion sind hocheffizient und verbrauchsarm. Die Werte der Gasemissionen sind niedriger als die von den j\u00fcngsten europ\u00e4ischen Vorschriften geforderten. Die Struktur des Kessels ist au\u00dfen aus Edelstahl und das verwendete Rohr ist 3\/8\". Abdeckung aus rostfreiem Stahl und lackiertem Stahlsockel, geliefert mit 17L-Dieseltank und in die Struktur eingebauter Stufe. Sicherheitsvorkehrungen: Sicherheitsventil, Durchflussschalter zur Kontrolle des Wassermangels.","og_url":"https:\/\/e-mazzoni.it\/de\/Produkt\/heizungsgruppe-30-l-big\/","og_site_name":"Mazzoni","article_modified_time":"2026-05-02T02:06:27+00:00","og_image":[{"width":1347,"height":1600,"url":"https:\/\/e-mazzoni.it\/wp-content\/uploads\/2026\/04\/DOC7166918506-scaled.jpg","type":"image\/jpeg"}],"twitter_card":"summary_large_image","twitter_misc":{"Gesch\u00e4tzte Lesezeit":"1\u00a0Minute"},"schema":{"@context":"https:\/\/schema.org","@graph":[{"@type":"WebPage","@id":"https:\/\/e-mazzoni.it\/de\/Produkt\/heizungsgruppe-30-l-big\/","url":"https:\/\/e-mazzoni.it\/de\/Produkt\/heizungsgruppe-30-l-big\/","name":"HEIZUNGSGRUPPE 30 L BIG - Mazzoni","isPartOf":{"@id":"https:\/\/e-mazzoni.it\/de\/#website"},"primaryImageOfPage":{"@id":"https:\/\/e-mazzoni.it\/de\/Produkt\/heizungsgruppe-30-l-big\/#primaryimage"},"image":{"@id":"https:\/\/e-mazzoni.it\/de\/Produkt\/heizungsgruppe-30-l-big\/#primaryimage"},"thumbnailUrl":"https:\/\/e-mazzoni.it\/wp-content\/uploads\/2026\/04\/DOC7166918506-scaled.jpg","datePublished":"2024-10-15T06:44:51+00:00","dateModified":"2026-05-02T02:06:27+00:00","breadcrumb":{"@id":"https:\/\/e-mazzoni.it\/de\/Produkt\/heizungsgruppe-30-l-big\/#breadcrumb"},"inLanguage":"de","potentialAction":[{"@type":"ReadAction","target":["https:\/\/e-mazzoni.it\/de\/Produkt\/heizungsgruppe-30-l-big\/"]}]},{"@type":"ImageObject","inLanguage":"de","@id":"https:\/\/e-mazzoni.it\/de\/Produkt\/heizungsgruppe-30-l-big\/#primaryimage","url":"https:\/\/e-mazzoni.it\/wp-content\/uploads\/2026\/04\/DOC7166918506-scaled.jpg","contentUrl":"https:\/\/e-mazzoni.it\/wp-content\/uploads\/2026\/04\/DOC7166918506-scaled.jpg","width":1347,"height":1600},{"@type":"BreadcrumbList","@id":"https:\/\/e-mazzoni.it\/de\/Produkt\/heizungsgruppe-30-l-big\/#breadcrumb","itemListElement":[{"@type":"ListItem","position":1,"name":"Home","item":"https:\/\/e-mazzoni.it\/de\/"},{"@type":"ListItem","position":2,"name":"Produkte","item":"https:\/\/e-mazzoni.it\/de\/produkte\/"},{"@type":"ListItem","position":3,"name":"HEIZUNGSGRUPPE 30 L BIG"}]},{"@type":"WebSite","@id":"https:\/\/e-mazzoni.it\/de\/#website","url":"https:\/\/e-mazzoni.it\/de\/","name":"Mazzoni","description":"Mazzoni","publisher":{"@id":"https:\/\/e-mazzoni.it\/de\/#organization"},"potentialAction":[{"@type":"SearchAction","target":{"@type":"EntryPoint","urlTemplate":"https:\/\/e-mazzoni.it\/de\/?s={search_term_string}"},"query-input":{"@type":"PropertyValueSpecification","valueRequired":true,"valueName":"search_term_string"}}],"inLanguage":"de"},{"@type":"Organization","@id":"https:\/\/e-mazzoni.it\/de\/#organization","name":"Mazzoni","url":"https:\/\/e-mazzoni.it\/de\/","logo":{"@type":"ImageObject","inLanguage":"de","@id":"https:\/\/e-mazzoni.it\/de\/#\/schema\/logo\/image\/","url":"https:\/\/e-mazzoni.it\/wp-content\/uploads\/2023\/07\/logo.png","contentUrl":"https:\/\/e-mazzoni.it\/wp-content\/uploads\/2023\/07\/logo.png","width":250,"height":109,"caption":"Mazzoni"},"image":{"@id":"https:\/\/e-mazzoni.it\/de\/#\/schema\/logo\/image\/"}}]}},"_links":{"self":[{"href":"https:\/\/e-mazzoni.it\/de\/wp-json\/wp\/v2\/product\/28515","targetHints":{"allow":["GET"]}}],"collection":[{"href":"https:\/\/e-mazzoni.it\/de\/wp-json\/wp\/v2\/product"}],"about":[{"href":"https:\/\/e-mazzoni.it\/de\/wp-json\/wp\/v2\/types\/product"}],"wp:featuredmedia":[{"embeddable":true,"href":"https:\/\/e-mazzoni.it\/de\/wp-json\/wp\/v2\/media\/67795"}],"wp:attachment":[{"href":"https:\/\/e-mazzoni.it\/de\/wp-json\/wp\/v2\/media?parent=28515"}],"wp:term":[{"taxonomy":"product_brand","embeddable":true,"href":"https:\/\/e-mazzoni.it\/de\/wp-json\/wp\/v2\/product_brand?post=28515"},{"taxonomy":"product_cat","embeddable":true,"href":"https:\/\/e-mazzoni.it\/de\/wp-json\/wp\/v2\/product_cat?post=28515"},{"taxonomy":"product_tag","embeddable":true,"href":"https:\/\/e-mazzoni.it\/de\/wp-json\/wp\/v2\/product_tag?post=28515"}],"curies":[{"name":"wp","href":"https:\/\/api.w.org\/{rel}","templated":true}]}}