{"id":28499,"date":"2024-10-15T06:44:26","date_gmt":"2024-10-15T06:44:26","guid":{"rendered":"https:\/\/e-mazzoni.it\/prodotto\/mh-professional\/"},"modified":"2026-05-02T02:03:33","modified_gmt":"2026-05-02T02:03:33","slug":"mh-professional","status":"publish","type":"product","link":"https:\/\/e-mazzoni.it\/de\/Produkt\/mh-professional\/","title":{"rendered":"MH PROFESSIONAL"},"content":{"rendered":"<p>Professioneller Hochdruckreiniger. Kompakt, handlich, ideal f\u00fcr alle Outdoor-Reinigungsanforderungen, vielseitig und leistungsstark. TECHNISCHE DATEN:<\/p>\n<p>Asynchronmotor der Serie MEC mit kontinuierlichem Betrieb, S1 mit integriertem W\u00e4rmeschutz an den Wicklungen. Motor mit h\u00f6herem Wirkungsgrad, daher hohe Leistung und weniger Stromverbrauch. Elastische Kupplung.<br \/>\nProfessionelle Mazzoni Pumpe in Linie (mit Pleuelstangen) mit Messingkopf und drei Keramik-Kolben<br \/>\nStromkabel 5 mt.<br \/>\nHochdruckschlauch 10 mt.<br \/>\nAutomatisches Bypass-Ventil mit Druckregelung<br \/>\nEdelstahl-Lanze mit automatischer Pistole und Schnellkupplung f\u00fcr Zubeh\u00f6r<br \/>\nB\u00fcrstenkopf mit geh\u00e4rteter Stahld\u00fcse und Reinigungssaugung.<br \/>\nRahmen aus lackiertem Stahl<br \/>\nKessel INOX mit Stahlrohrschlange Brennerstopp bei Wassermangel<br \/>\nThermostat zur Regelung der Wassertemperatur<br \/>\nDieselpumpe gegen Festfressen.<br \/>\nSchwimmer Ebene Diesel-Kontrolle<br \/>\nSystem TST<br \/>\nDieseltank 20 L<br \/>\nInnenz\u00e4hler<\/p>\n<div>\n<table style=\"width: 100%\" border=\"1\" id=\"table_options\">\n<tbody>\n<tr>\n<th style=\"color: #fff\" bgcolor=\"#ea2833\">CODE<\/th>\n<th style=\"color: #fff\" bgcolor=\"#ea2833\">MODELL<\/th>\n<th style=\"color: #fff\" bgcolor=\"#ea2833\">L\/MIN &#8211; 1450 RPM<\/th>\n<th style=\"color: #fff\" bgcolor=\"#ea2833\">GPM &#8211; 1450 RPM<\/th>\n<th style=\"color: #fff\" bgcolor=\"#ea2833\">BAR<\/th>\n<th style=\"color: #fff\" bgcolor=\"#ea2833\">PSI<\/th>\n<th style=\"color: #fff\" bgcolor=\"#ea2833\">RPM 50 HZ<\/th>\n<th style=\"color: #fff\" bgcolor=\"#ea2833\">HP<\/th>\n<th style=\"color: #fff\" bgcolor=\"#ea2833\">KW<\/th>\n<th style=\"color: #fff\" bgcolor=\"#ea2833\">VOLT<\/th>\n<th style=\"color: #fff\" bgcolor=\"#ea2833\">Hz<\/th>\n<th style=\"color: #fff\" bgcolor=\"#ea2833\">PHASE<\/th>\n<th style=\"color: #fff\" bgcolor=\"#ea2833\">ZU 50 HZ<\/th>\n<th style=\"color: #fff\" bgcolor=\"#ea2833\">D\u00dcSE WASSER<\/th>\n<th style=\"color: #fff\" bgcolor=\"#ea2833\">KCAL\/H<\/th>\n<th style=\"color: #fff\" bgcolor=\"#ea2833\">DIESELTANK <\/th>\n<th style=\"color: #fff\" bgcolor=\"#ea2833\">DIESELTANK (GAL)<\/th>\n<th style=\"color: #fff\" bgcolor=\"#ea2833\">ANTIKALKWASSERTANK<\/th>\n<th style=\"color: #fff\" bgcolor=\"#ea2833\">ANTIKALKWASSERTANK (GAL)<\/th>\n<th style=\"color: #fff\" bgcolor=\"#ea2833\">REINIGUNGSMITTELTANK<\/th>\n<th style=\"color: #fff\" bgcolor=\"#ea2833\">REINIGUNGSMITTELTANK (GAL)<\/th>\n<th style=\"color: #fff\" bgcolor=\"#ea2833\">MAX AUSTRITTSTEMPERATUR<\/th>\n<th style=\"color: #fff\" bgcolor=\"#ea2833\">MAX TEMPERATUR AUSGANG (F)<\/th>\n<\/tr>\n<tr>\n<td align=\"center !important\">3.023.24.343<\/td>\n<td align=\"center !important\">MH3001<\/td>\n<td align=\"center !important\">11<\/td>\n<td align=\"center !important\">2,9<\/td>\n<td align=\"center !important\">140<\/td>\n<td align=\"center !important\">2030<\/td>\n<td align=\"center !important\">1450<\/td>\n<td align=\"center !important\">3<\/td>\n<td align=\"center !important\">2,2<\/td>\n<td align=\"center !important\">230<\/td>\n<td align=\"center !important\">50<\/td>\n<td align=\"center !important\">1<\/td>\n<td align=\"center !important\">13.5<\/td>\n<td align=\"center !important\">15045<\/td>\n<td align=\"center !important\">50.000<\/td>\n<td align=\"center !important\">20L<\/td>\n<td align=\"center !important\">5 gal<\/td>\n<td align=\"center !important\">&#8212;<\/td>\n<td align=\"center !important\">&#8212;<\/td>\n<td align=\"center !important\">&#8212;<\/td>\n<td align=\"center !important\">&#8212;<\/td>\n<td align=\"center !important\">150\u00b0C<\/td>\n<td align=\"center !important\">302\u00b0F<\/td>\n<\/tr>\n<tr>\n<td align=\"center !important\">3.023.24.344<\/td>\n<td align=\"center !important\">MH3061<\/td>\n<td align=\"center !important\">13<\/td>\n<td align=\"center !important\">3,43<\/td>\n<td align=\"center !important\">170<\/td>\n<td align=\"center !important\">2465<\/td>\n<td align=\"center !important\">1450<\/td>\n<td align=\"center !important\">5.5<\/td>\n<td align=\"center !important\">4<\/td>\n<td align=\"center !important\">400<\/td>\n<td align=\"center !important\">50<\/td>\n<td align=\"center !important\">3<\/td>\n<td align=\"center !important\">9.2<\/td>\n<td align=\"center !important\">15045<\/td>\n<td align=\"center !important\">50.000<\/td>\n<td align=\"center !important\">20L<\/td>\n<td align=\"center !important\">5 gal<\/td>\n<td align=\"center !important\">&#8212;<\/td>\n<td align=\"center !important\">&#8212;<\/td>\n<td align=\"center !important\">&#8212;<\/td>\n<td align=\"center !important\">&#8212;<\/td>\n<td align=\"center !important\">150\u00b0C<\/td>\n<td align=\"center !important\">302\u00b0F<\/td>\n<\/tr>\n<tr>\n<td align=\"center !important\">3.023.24.328<\/td>\n<td align=\"center !important\">MH4000<\/td>\n<td align=\"center !important\">15<\/td>\n<td align=\"center !important\">3,9<\/td>\n<td align=\"center !important\">200<\/td>\n<td align=\"center !important\">2900<\/td>\n<td align=\"center !important\">1450<\/td>\n<td align=\"center !important\">7,5<\/td>\n<td align=\"center !important\">5,5<\/td>\n<td align=\"center !important\">400<\/td>\n<td align=\"center !important\">50<\/td>\n<td align=\"center !important\">3<\/td>\n<td align=\"center !important\">11<\/td>\n<td align=\"center !important\">15045<\/td>\n<td align=\"center !important\">50.000<\/td>\n<td align=\"center !important\">20L<\/td>\n<td align=\"center !important\">5 gal<\/td>\n<td align=\"center !important\">&#8212;<\/td>\n<td align=\"center !important\">&#8212;<\/td>\n<td align=\"center !important\">&#8212;<\/td>\n<td align=\"center !important\">&#8212;<\/td>\n<td align=\"center !important\">150\u00b0C<\/td>\n<td align=\"center !important\">302\u00b0F<\/td>\n<\/tr>\n<\/tbody>\n<\/table>\n<\/div>\n","protected":false},"excerpt":{"rendered":"<p>Die Mazzoni Hei\u00dfwasser-Hochdruckreiniger der MH-Serie geh\u00f6ren zur High-End-Mittelklasse und sind f\u00fcr den professionellen Einsatz konzipiert. Die Kessel und Elektromotoren mit hohem Wirkungsgrad, ausgestattet mit elastischen Gelenken und direkt von Mazzoni gebaut, garantieren einen niedrigen Verbrauch und niedrige Emissionen bei gleichzeitig hoher Leistung. Das drehbare Vorderrad erleichtert die Bewegung. Empfohlene Verwendung: Autowaschanlagen, Werkst\u00e4tten, Landwirtschaft usw. \u00a0<\/p>\n","protected":false},"featured_media":67755,"template":"","meta":{"zakra_page_container_layout":"customizer","zakra_page_sidebar_layout":"customizer","zakra_remove_content_margin":false,"zakra_sidebar":"customizer","zakra_transparent_header":"customizer","zakra_logo":0,"zakra_main_header_style":"default","zakra_menu_item_color":"","zakra_menu_item_hover_color":"","zakra_menu_item_active_color":"","zakra_menu_active_style":"","zakra_page_header":true},"product_brand":[],"product_cat":[3610],"product_tag":[3664,3648],"class_list":{"0":"post-28499","1":"product","2":"type-product","3":"status-publish","4":"has-post-thumbnail","6":"product_cat-heiss-hochdruckreiniger","7":"product_tag-autowaschanlage_de","8":"product_tag-reinigung_de","10":"first","11":"instock","12":"shipping-taxable","13":"product-type-simple"},"yoast_head":"<!-- This site is optimized with the Yoast SEO plugin v27.5 - https:\/\/yoast.com\/product\/yoast-seo-wordpress\/ -->\n<title>MH PROFESSIONAL - Mazzoni<\/title>\n<meta name=\"robots\" content=\"index, follow, max-snippet:-1, max-image-preview:large, max-video-preview:-1\" \/>\n<link rel=\"canonical\" href=\"https:\/\/e-mazzoni.it\/de\/Produkt\/mh-professional\/\" \/>\n<meta property=\"og:locale\" content=\"de_DE\" \/>\n<meta property=\"og:type\" content=\"article\" \/>\n<meta property=\"og:title\" content=\"MH PROFESSIONAL - Mazzoni\" \/>\n<meta property=\"og:description\" content=\"Die Mazzoni Hei\u00dfwasser-Hochdruckreiniger der MH-Serie geh\u00f6ren zur High-End-Mittelklasse und sind f\u00fcr den professionellen Einsatz konzipiert. Die Kessel und Elektromotoren mit hohem Wirkungsgrad, ausgestattet mit elastischen Gelenken und direkt von Mazzoni gebaut, garantieren einen niedrigen Verbrauch und niedrige Emissionen bei gleichzeitig hoher Leistung. Das drehbare Vorderrad erleichtert die Bewegung. Empfohlene Verwendung: Autowaschanlagen, Werkst\u00e4tten, Landwirtschaft usw. \u00a0\" \/>\n<meta property=\"og:url\" content=\"https:\/\/e-mazzoni.it\/de\/Produkt\/mh-professional\/\" \/>\n<meta property=\"og:site_name\" content=\"Mazzoni\" \/>\n<meta property=\"article:modified_time\" content=\"2026-05-02T02:03:33+00:00\" \/>\n<meta property=\"og:image\" content=\"https:\/\/e-mazzoni.it\/wp-content\/uploads\/2026\/04\/DOC5817730484.jpg\" \/>\n\t<meta property=\"og:image:width\" content=\"800\" \/>\n\t<meta property=\"og:image:height\" content=\"800\" \/>\n\t<meta property=\"og:image:type\" content=\"image\/jpeg\" \/>\n<meta name=\"twitter:card\" content=\"summary_large_image\" \/>\n<meta name=\"twitter:label1\" content=\"Gesch\u00e4tzte Lesezeit\" \/>\n\t<meta name=\"twitter:data1\" content=\"1\u00a0Minute\" \/>\n<!-- \/ Yoast SEO plugin. -->","yoast_head_json":{"title":"MH PROFESSIONAL - Mazzoni","robots":{"index":"index","follow":"follow","max-snippet":"max-snippet:-1","max-image-preview":"max-image-preview:large","max-video-preview":"max-video-preview:-1"},"canonical":"https:\/\/e-mazzoni.it\/de\/Produkt\/mh-professional\/","og_locale":"de_DE","og_type":"article","og_title":"MH PROFESSIONAL - Mazzoni","og_description":"Die Mazzoni Hei\u00dfwasser-Hochdruckreiniger der MH-Serie geh\u00f6ren zur High-End-Mittelklasse und sind f\u00fcr den professionellen Einsatz konzipiert. Die Kessel und Elektromotoren mit hohem Wirkungsgrad, ausgestattet mit elastischen Gelenken und direkt von Mazzoni gebaut, garantieren einen niedrigen Verbrauch und niedrige Emissionen bei gleichzeitig hoher Leistung. Das drehbare Vorderrad erleichtert die Bewegung. Empfohlene Verwendung: Autowaschanlagen, Werkst\u00e4tten, Landwirtschaft usw. \u00a0","og_url":"https:\/\/e-mazzoni.it\/de\/Produkt\/mh-professional\/","og_site_name":"Mazzoni","article_modified_time":"2026-05-02T02:03:33+00:00","og_image":[{"width":800,"height":800,"url":"https:\/\/e-mazzoni.it\/wp-content\/uploads\/2026\/04\/DOC5817730484.jpg","type":"image\/jpeg"}],"twitter_card":"summary_large_image","twitter_misc":{"Gesch\u00e4tzte Lesezeit":"1\u00a0Minute"},"schema":{"@context":"https:\/\/schema.org","@graph":[{"@type":"WebPage","@id":"https:\/\/e-mazzoni.it\/de\/Produkt\/mh-professional\/","url":"https:\/\/e-mazzoni.it\/de\/Produkt\/mh-professional\/","name":"MH PROFESSIONAL - Mazzoni","isPartOf":{"@id":"https:\/\/e-mazzoni.it\/de\/#website"},"primaryImageOfPage":{"@id":"https:\/\/e-mazzoni.it\/de\/Produkt\/mh-professional\/#primaryimage"},"image":{"@id":"https:\/\/e-mazzoni.it\/de\/Produkt\/mh-professional\/#primaryimage"},"thumbnailUrl":"https:\/\/e-mazzoni.it\/wp-content\/uploads\/2026\/04\/DOC5817730484.jpg","datePublished":"2024-10-15T06:44:26+00:00","dateModified":"2026-05-02T02:03:33+00:00","breadcrumb":{"@id":"https:\/\/e-mazzoni.it\/de\/Produkt\/mh-professional\/#breadcrumb"},"inLanguage":"de","potentialAction":[{"@type":"ReadAction","target":["https:\/\/e-mazzoni.it\/de\/Produkt\/mh-professional\/"]}]},{"@type":"ImageObject","inLanguage":"de","@id":"https:\/\/e-mazzoni.it\/de\/Produkt\/mh-professional\/#primaryimage","url":"https:\/\/e-mazzoni.it\/wp-content\/uploads\/2026\/04\/DOC5817730484.jpg","contentUrl":"https:\/\/e-mazzoni.it\/wp-content\/uploads\/2026\/04\/DOC5817730484.jpg","width":800,"height":800},{"@type":"BreadcrumbList","@id":"https:\/\/e-mazzoni.it\/de\/Produkt\/mh-professional\/#breadcrumb","itemListElement":[{"@type":"ListItem","position":1,"name":"Home","item":"https:\/\/e-mazzoni.it\/de\/"},{"@type":"ListItem","position":2,"name":"Produkte","item":"https:\/\/e-mazzoni.it\/de\/produkte\/"},{"@type":"ListItem","position":3,"name":"MH PROFESSIONAL"}]},{"@type":"WebSite","@id":"https:\/\/e-mazzoni.it\/de\/#website","url":"https:\/\/e-mazzoni.it\/de\/","name":"Mazzoni","description":"Mazzoni","publisher":{"@id":"https:\/\/e-mazzoni.it\/de\/#organization"},"potentialAction":[{"@type":"SearchAction","target":{"@type":"EntryPoint","urlTemplate":"https:\/\/e-mazzoni.it\/de\/?s={search_term_string}"},"query-input":{"@type":"PropertyValueSpecification","valueRequired":true,"valueName":"search_term_string"}}],"inLanguage":"de"},{"@type":"Organization","@id":"https:\/\/e-mazzoni.it\/de\/#organization","name":"Mazzoni","url":"https:\/\/e-mazzoni.it\/de\/","logo":{"@type":"ImageObject","inLanguage":"de","@id":"https:\/\/e-mazzoni.it\/de\/#\/schema\/logo\/image\/","url":"https:\/\/e-mazzoni.it\/wp-content\/uploads\/2023\/07\/logo.png","contentUrl":"https:\/\/e-mazzoni.it\/wp-content\/uploads\/2023\/07\/logo.png","width":250,"height":109,"caption":"Mazzoni"},"image":{"@id":"https:\/\/e-mazzoni.it\/de\/#\/schema\/logo\/image\/"}}]}},"_links":{"self":[{"href":"https:\/\/e-mazzoni.it\/de\/wp-json\/wp\/v2\/product\/28499","targetHints":{"allow":["GET"]}}],"collection":[{"href":"https:\/\/e-mazzoni.it\/de\/wp-json\/wp\/v2\/product"}],"about":[{"href":"https:\/\/e-mazzoni.it\/de\/wp-json\/wp\/v2\/types\/product"}],"wp:featuredmedia":[{"embeddable":true,"href":"https:\/\/e-mazzoni.it\/de\/wp-json\/wp\/v2\/media\/67755"}],"wp:attachment":[{"href":"https:\/\/e-mazzoni.it\/de\/wp-json\/wp\/v2\/media?parent=28499"}],"wp:term":[{"taxonomy":"product_brand","embeddable":true,"href":"https:\/\/e-mazzoni.it\/de\/wp-json\/wp\/v2\/product_brand?post=28499"},{"taxonomy":"product_cat","embeddable":true,"href":"https:\/\/e-mazzoni.it\/de\/wp-json\/wp\/v2\/product_cat?post=28499"},{"taxonomy":"product_tag","embeddable":true,"href":"https:\/\/e-mazzoni.it\/de\/wp-json\/wp\/v2\/product_tag?post=28499"}],"curies":[{"name":"wp","href":"https:\/\/api.w.org\/{rel}","templated":true}]}}