{"id":51605,"date":"2023-06-19T06:37:32","date_gmt":"2023-06-19T06:37:32","guid":{"rendered":"https:\/\/e-mazzoni.it\/datenschutz-und-cookie-richtlinie\/"},"modified":"2024-10-29T14:20:00","modified_gmt":"2024-10-29T14:20:00","slug":"datenschutz-und-cookie-richtlinie","status":"publish","type":"page","link":"https:\/\/e-mazzoni.it\/de\/datenschutz-und-cookie-richtlinie\/","title":{"rendered":"Datenschutz- und Cookie-Richtlinie"},"content":{"rendered":"\t\t<div data-elementor-type=\"wp-page\" data-elementor-id=\"51605\" class=\"elementor elementor-51605 elementor-3\">\n\t\t\t\t\t\t<section class=\"elementor-section elementor-top-section elementor-element elementor-element-4c90591a elementor-section-boxed elementor-section-height-default elementor-section-height-default\" data-id=\"4c90591a\" data-element_type=\"section\" data-e-type=\"section\">\n\t\t\t\t\t\t<div class=\"elementor-container elementor-column-gap-default\">\n\t\t\t\t\t<div class=\"elementor-column elementor-col-100 elementor-top-column elementor-element elementor-element-4a5a4ce4\" data-id=\"4a5a4ce4\" data-element_type=\"column\" data-e-type=\"column\">\n\t\t\t<div class=\"elementor-widget-wrap elementor-element-populated\">\n\t\t\t\t\t\t<div class=\"elementor-element elementor-element-114027b elementor-widget elementor-widget-spacer\" data-id=\"114027b\" data-element_type=\"widget\" data-e-type=\"widget\" data-widget_type=\"spacer.default\">\n\t\t\t\t<div class=\"elementor-widget-container\">\n\t\t\t\t\t\t\t<div class=\"elementor-spacer\">\n\t\t\t<div class=\"elementor-spacer-inner\"><\/div>\n\t\t<\/div>\n\t\t\t\t\t\t<\/div>\n\t\t\t\t<\/div>\n\t\t\t\t<div class=\"elementor-element elementor-element-ecd241c elementor-widget elementor-widget-heading\" data-id=\"ecd241c\" data-element_type=\"widget\" data-e-type=\"widget\" data-widget_type=\"heading.default\">\n\t\t\t\t<div class=\"elementor-widget-container\">\n\t\t\t\t\t<h2 class=\"elementor-heading-title elementor-size-default\">Datenschutzrichtlinie<\/h2>\t\t\t\t<\/div>\n\t\t\t\t<\/div>\n\t\t\t\t<div class=\"elementor-element elementor-element-f43b2cb elementor-widget__width-initial elementor-widget elementor-widget-text-editor\" data-id=\"f43b2cb\" data-element_type=\"widget\" data-e-type=\"widget\" data-widget_type=\"text-editor.default\">\n\t\t\t\t<div class=\"elementor-widget-container\">\n\t\t\t\t\t\t\t\t\t<p><strong>INFORMATIONEN ZUR VERARBEITUNG PERSONENBEZOGENER DATEN<\/strong><\/p><p>Lieber Kunde,<\/p><p><strong>Mazzoni SRL<\/strong> handelt in voller \u00dcbereinstimmung mit der europ\u00e4ischen Verordnung Nr. 679\/2016 (im Folgenden der K\u00fcrze halber: DSGVO) und stellen Ihnen unter Beachtung der darin enthaltenen Vorschriften mit diesen Informationen alle Informationen zur Verarbeitung Ihrer personenbezogenen Daten und zu den Ihnen zustehenden Rechten zur Verf\u00fcgung.<br \/>Bevor Sie Ihre Einwilligung zur Datenverarbeitung erteilen, bitten wir Sie daher, die Informationen sorgf\u00e4ltig zu lesen.<\/p><ol><li><strong>Eigent\u00fcmer und Datenverarbeiter<\/strong><br \/>Eigent\u00fcmer (d. h. die Person, die f\u00fcr Entscheidungen \u00fcber den Zweck, die Art der Verarbeitung personenbezogener Daten, die Sicherheit und die verwendeten Tools verantwortlich ist) ist Mazzoni SRL mit Sitz in Via Prati Vecchi 5 \u2013 42025 Cavriago (RE) \u2013 p. Umsatzsteuer-Identifikationsnummer 01560810358 in der Person ihrer gesetzlichen Vertreterin Frau Barbara Mazzoni, wohnhaft f\u00fcr die Funktion am eingetragenen Sitz der Gesellschaft.<\/li><li><strong>Zweck der Verarbeitung und Rechtsgrundlagen<\/strong><br \/>Die personenbezogenen Daten des Interessenten (d. h. die dem Unternehmen zur Verf\u00fcgung gestellten Daten, auch durch Registrierung auf der Website) werden Mazzoni SRL zur Verf\u00fcgung gestellt und von dieser verarbeitet, auch durch \u00dcbermittlung an Dritte, sofern erforderlich und hilfreich, f\u00fcr die folgenden Zwecke :<br \/>a) f\u00fcr Zwecke, die eng mit der Erf\u00fcllung von Verpflichtungen aus den mit .com geschlossenen Beziehungen (auch vertraglichen) verbunden sind und dazu dienen, um Ihre Registrierung auf der Website zu erm\u00f6glichen und zu verwalten, um die angebotenen Dienste zu nutzen, f\u00fcr Verwaltungs- und Buchhaltungszwecke und f\u00fcr die Erf\u00fcllung von Verpflichtungen, die in der geltenden Gesetzgebung gem\u00e4\u00df Art. vorgesehen sind. 6 b) DSGVO<br \/>b) zur Erf\u00fcllung von Verpflichtungen jeglicher Art, die durch Gesetze, Verordnungen, Gemeinschaftsvorschriften vorgesehen sind oder in jedem Fall mit Verpflichtungen verbunden sind, die sich aus Bestimmungen ergeben, die von Justizbeh\u00f6rden, Verwaltungsbeamten oder Polizeibeh\u00f6rden erlassen wurden, die dazu gesetzlich oder von Aufsichtsbeh\u00f6rden befugt sind und Kontrolle gem\u00e4\u00df Art. 6 c) DSGVO;<br \/>c) f\u00fcr Zwecke im Zusammenhang mit der Geltendmachung oder Verteidigung eines Rechts vor Gericht durch Mazzoni SRL gem\u00e4\u00df Art. 6 c) DSGVO.<br \/>F\u00fcr die unter den Punkten a), b) und c) genannten Zwecke ist eine Genehmigung erforderlich; Eine Weigerung k\u00f6nnte es Mazzoni SRL unm\u00f6glich machen, die Dienstleistungen zu erbringen und\/oder die Verpflichtungen aus den bestehenden Beziehungen zu erf\u00fcllen. Die entsprechende Verarbeitung findet ihre Rechtsgrundlage in der Zustimmung des Interessenten, die er durch Ankreuzen des K\u00e4stchens bei der Registrierung oder durch Senden einer E-Mail an info@e-mazzoni.it mit der Aufschrift \u201eIch stimme zu\u201c zum Ausdruck bringt. Dar\u00fcber hinaus dient die Verarbeitung den berechtigten Interessen des Datenverantwortlichen wie Vertragserf\u00fcllung, Rechnungsstellung, Inkasso. <br \/>Allerdings stimmen Sie der Verarbeitung Ihrer Daten f\u00fcr die folgenden verschiedenen Zwecke zu, die f\u00fcr die T\u00e4tigkeit von Mazzoni SRL gem\u00e4\u00df Art. 6 a) DSGVO.<br \/>Die entsprechende Verarbeitung erfordert die Zustimmung der betroffenen Parteien:<br \/>d) f\u00fcr Marketing- und\/oder Werbezwecke in automatisierter Form (SMS, MMS, E-Mail, Fax) oder in herk\u00f6mmlicher Form (Post, Telefonkontakt);<br \/>e) zur \u00dcbermittlung an Drittunternehmen mit anschlie\u00dfender Verarbeitung durch diese, die sie f\u00fcr Marketing- und\/oder Werbezwecke verwenden k\u00f6nnen;<br \/>f) f\u00fcr Profiling und\/oder eigene Analyseaktivit\u00e4ten im Zusammenhang mit Markt- und\/oder statistischen Untersuchungen.<br \/>Die damit verbundene Verarbeitung findet ihre Rechtsgrundlage in der Einwilligung des Interessenten, die er w\u00e4hrend der Registrierungsphase durch das H\u00e4kchen zum Ausdruck bringt<\/li><li><strong>Besondere Daten<\/strong><br \/>Sie gelten als besondere Daten im Sinne und im Sinne des Artikels. Gem\u00e4\u00df Art. 9 DSGVO sind alle Daten \u201e\u2026 geeignet, die rassische und ethnische Herkunft, religi\u00f6se, philosophische oder sonstige \u00dcberzeugungen, politische Meinungen, Mitgliedschaften in Parteien, Gewerkschaften, Vereinen oder Organisationen religi\u00f6ser, philosophischer oder politischer Art oder Gewerkschaften offenzulegen.\u201c sowie genetische Daten, biometrische Daten zur eindeutigen Identifizierung einer nat\u00fcrlichen Person, Daten \u00fcber die Gesundheit oder das Sexualleben oder die sexuelle Orientierung der betroffenen Person. <br \/>Diese Daten werden niemals von Mazzoni SRL erhoben, aber wenn dies geschehen sollte, wird Mazzoni sie ausschlie\u00dflich nach einer spezifischen und ausdr\u00fccklichen schriftlichen Zustimmung des Interessenten gem\u00e4\u00df und f\u00fcr die Zwecke des Artikels verarbeiten. 9 Abs. 2a) DSGVO.<\/li><li><strong>Behandlungsmethoden<\/strong><br \/>Die personenbezogenen Daten der Interessenten, die f\u00fcr Zwecke erhoben werden, die in direktem Zusammenhang mit der Erbringung der erbrachten Dienstleistungen stehen, werden von internen und externen Mitarbeitern und Mitarbeitern von Mazzoni SRL verarbeitet, die gem\u00e4\u00df Art. 4 DSGVO als zur Verarbeitung personenbezogener Daten befugte Person berechtigt.<br \/>Die Verarbeitung derselben kann \u00fcber manuelle, IT- und\/oder telematische Systeme, einschlie\u00dflich automatisierter Systeme, unter Einhaltung der Regeln und Grunds\u00e4tze der Rechtm\u00e4\u00dfigkeit und Korrektheit und mit den am besten geeigneten Methoden zur Gew\u00e4hrleistung ihrer Sicherheit und Vertraulichkeit erfolgen; Sie werden nur dann an Dritte weitergegeben, wenn dies unbedingt erforderlich ist.<\/li><li><strong>Kommunikation mit Dritten<\/strong><br \/>Mazzoni SRL \u00fcbermittelt in \u00dcbereinstimmung mit allem, was bereits in den vorherigen Punkten vorgesehen ist, die Daten der Interessenten an:<br \/>\u2013 den Designern die M\u00f6glichkeit zu geben, die von ihnen gegen\u00fcber Interessenten\/Unterst\u00fctzern \u00fcbernommenen Verpflichtungen wahrzunehmen;<br \/>\u2013 an Anbieter von Beratungsleistungen au\u00dferhalb des Unternehmens, wie beispielsweise, aber nicht beschr\u00e4nkt auf, Rechts-, Steuer-, Steuer- und \u00c4hnliches, und\/oder an Anbieter von IT-Dienstleistungen, deren Unterst\u00fctzung Mazzoni SRL bei der Aus\u00fcbung seiner Gesch\u00e4ftst\u00e4tigkeit in Anspruch nehmen kann;<br \/>\u2013 Dritte, um die Zufriedenheit mit der Qualit\u00e4t der erbrachten Dienstleistungen zu messen und\/oder Marktforschung und Kundenprofilierung durchzuf\u00fchren.<br \/>Ihre personenbezogenen Daten werden auf italienischem Gebiet verarbeitet und nicht ins Ausland \u00fcbertragen. Sollte dies der Fall sein, erfolgt die \u00dcbertragung in einer Weise, die angemessene und angemessene Garantien gem\u00e4\u00df den Artikeln bietet. 46 oder 47 oder 49 der Verordnung 679\/2016.<\/li><li><strong>Aufbewahrungsfrist f\u00fcr personenbezogene Daten und verwendete Kriterien<\/strong><br \/>Die von Ihnen mitgeteilten und von uns erfassten personenbezogenen Daten werden ab dem Ende der letzten Nutzung 10 Jahre lang aufbewahrt, es sei denn, sie sind zur Erf\u00fcllung gesetzlicher Verpflichtungen oder Verpflichtungen aus der Aus\u00fcbung von Rechten in Justiz\u00e4mtern oder auf Anfrage erforderlich die Beh\u00f6rde.<br \/>Alle Daten, die mit Ihrer ausdr\u00fccklichen Einwilligung zu Marketing- und\/oder Profilierungszwecken verarbeitet werden, werden maximal 24 Monate lang verarbeitet.<\/li><li><strong>Rechte des Interessenten<\/strong><br \/>Die Europ\u00e4ische Verordnung 679\/2016 erkennt die unten aufgef\u00fchrten Rechte an, die Sie gegen\u00fcber dem Datenverantwortlichen aus\u00fcben k\u00f6nnen. Nachfolgend finden Sie einen vollst\u00e4ndigen Auszug der folgenden Gesetzesartikel.<br \/>Anfragen zu Rechten und\/oder Informationen und Erkl\u00e4rungen, die Sie m\u00f6glicherweise ben\u00f6tigen, k\u00f6nnen auf schriftliche Anfrage an den Datenverantwortlichen\/Verwalter per Post an die Adresse <strong>Mazzoni SRL mit Sitz in Via Prati Vecchi 5 \u2013 42025 Cavriago ( RE)<\/strong> oder per E-Mail an die E-Mail-Adresse info@e-mazzoni.it.<\/li><\/ol><p><strong>7.1. RECHT AUF ZUGRIFF<\/strong><br \/>Artikel 15 der Europ\u00e4ischen Verordnung erm\u00f6glicht es Ihnen, vom Verantwortlichen eine Best\u00e4tigung dar\u00fcber zu erhalten, ob die Sie betreffenden Daten verarbeitet werden und in diesem Fall Zugang zu diesen Daten zu erhalten.<\/p><p><strong>7.2. RECHT AUF KORREKTUR<\/strong><br \/>Die Kunst. Gem\u00e4\u00df Art. 16 der Europ\u00e4ischen Verordnung k\u00f6nnen Sie vom Verantwortlichen die Berichtigung Sie betreffender unrichtiger personenbezogener Daten ohne ungerechtfertigte Verz\u00f6gerung verlangen. Unter Ber\u00fccksichtigung der Zwecke der Verarbeitung hat der Betroffene das Recht, die Vervollst\u00e4ndigung unvollst\u00e4ndiger personenbezogener Daten auch durch Abgabe einer erg\u00e4nzenden Erkl\u00e4rung zu verlangen.<\/p><p><strong>7.3. Widerrufsrecht<\/strong><br \/>Die Kunst. Gem\u00e4\u00df Art. 17 der Europ\u00e4ischen Verordnung k\u00f6nnen Sie vom Verantwortlichen verlangen, dass die Sie betreffenden personenbezogenen Daten ohne ungerechtfertigte Verz\u00f6gerung gel\u00f6scht werden, wenn einer der gesetzlich vorgesehenen Gr\u00fcnde vorliegt.<\/p><p><strong>7.4. RECHTSBESCHR\u00c4NKUNG<\/strong><br \/>Die Kunst. Gem\u00e4\u00df Art. 18 der Europ\u00e4ischen Verordnung k\u00f6nnen Sie vom Verantwortlichen die Einschr\u00e4nkung der Verarbeitung verlangen, wenn einer der gesetzlich vorgesehenen F\u00e4lle eintritt.<\/p><p><strong>7.5 RECHT AUF DATEN\u00dcBERTRAGBARKEIT<\/strong><br \/>Die Kunst. Gem\u00e4\u00df Art. 20 der Europ\u00e4ischen Verordnung k\u00f6nnen Sie die Sie betreffenden personenbezogenen Daten, die Sie einem f\u00fcr die Verarbeitung Verantwortlichen bereitgestellt haben, in einem strukturierten, g\u00e4ngigen und maschinenlesbaren Format erhalten und haben das Recht, diese Daten einem anderen f\u00fcr die Verarbeitung Verantwortlichen ohne Hindernisse seitens des f\u00fcr die Verarbeitung Verantwortlichen zu \u00fcbermitteln wem er sie gegeben hat.<br \/>Dar\u00fcber hinaus erm\u00f6glicht es Ihnen, die direkte \u00dcbermittlung personenbezogener Daten von einem Datenverantwortlichen an einen anderen zu erwirken, sofern dies technisch machbar ist<\/p><p><strong>7.6 WIDERSPRUCHSRECHT<\/strong><br \/>Die Kunst. Gem\u00e4\u00df Artikel 21 der Europ\u00e4ischen Verordnung k\u00f6nnen Sie aus Gr\u00fcnden, die sich aus Ihrer besonderen Situation ergeben, jederzeit Widerspruch gegen die Verarbeitung der Sie betreffenden personenbezogenen Daten gem\u00e4\u00df Artikel 6 Absatz 1 Buchstaben e) oder f) einlegen, einschlie\u00dflich der Erstellung eines Profils auf Grundlage dieser Daten diese Bestimmungen.<\/p><p><strong>7.7. RECHT AUF WIDERRUF DER EINWILLIGUNG<br \/><\/strong>Die Kunst. Gem\u00e4\u00df Art. 7 DSGVO haben Sie die M\u00f6glichkeit, eine einmal erteilte Einwilligung jederzeit zu widerrufen. Durch den Widerruf der Einwilligung wird die Rechtm\u00e4\u00dfigkeit der aufgrund der Einwilligung bis zum Widerruf erfolgten Verarbeitung nicht ber\u00fchrt.<\/p><p><strong>7.8. RECHT AUF BESCHWERDE<\/strong><br \/>Die Kunst. Wenn Sie der Meinung sind, dass die Sie betreffende Verarbeitung gegen die Verordnung verst\u00f6\u00dft, haben Sie gem\u00e4\u00df Art. 77 der Europ\u00e4ischen Verordnung das Recht, eine Beschwerde bei einer Aufsichtsbeh\u00f6rde (Datenschutzbeauftragter) einzureichen, insbesondere in dem Mitgliedstaat, in dem Sie Ihren gew\u00f6hnlichen Aufenthaltsort, Ihren Arbeitsplatz oder das haben Ort, an dem der mutma\u00dfliche Versto\u00df stattgefunden hat.<\/p>\t\t\t\t\t\t\t\t<\/div>\n\t\t\t\t<\/div>\n\t\t\t\t<div class=\"elementor-element elementor-element-85840b6 elementor-widget elementor-widget-spacer\" data-id=\"85840b6\" data-element_type=\"widget\" data-e-type=\"widget\" data-widget_type=\"spacer.default\">\n\t\t\t\t<div class=\"elementor-widget-container\">\n\t\t\t\t\t\t\t<div class=\"elementor-spacer\">\n\t\t\t<div class=\"elementor-spacer-inner\"><\/div>\n\t\t<\/div>\n\t\t\t\t\t\t<\/div>\n\t\t\t\t<\/div>\n\t\t\t\t<div class=\"elementor-element elementor-element-6d5f6b7 elementor-widget elementor-widget-heading\" data-id=\"6d5f6b7\" data-element_type=\"widget\" data-e-type=\"widget\" data-widget_type=\"heading.default\">\n\t\t\t\t<div class=\"elementor-widget-container\">\n\t\t\t\t\t<h2 class=\"elementor-heading-title elementor-size-default\">Cookie-Richtlinie<\/h2>\t\t\t\t<\/div>\n\t\t\t\t<\/div>\n\t\t\t\t<div class=\"elementor-element elementor-element-bc01054 elementor-widget elementor-widget-html\" data-id=\"bc01054\" data-element_type=\"widget\" data-e-type=\"widget\" data-widget_type=\"html.default\">\n\t\t\t\t<div class=\"elementor-widget-container\">\n\t\t\t\t\t<style>\n    a.cky-banner-element {\n        padding: 8px 30px;\n        background: #F8F9FA;\n        color: #858A8F;\n        border: 1px solid #DEE2E6;\n        box-sizing: border-box;\n        border-radius: 2px;\n        cursor: pointer;\n}\n<\/style>\n<p> Letzte Aktualisierung: 26. Februar 2024 <\/p>\n\n&nbsp;\n<h5>Was sind Cookies?<\/h5>\n<div class=\"cookie-policy-p\"><p>In dieser Cookie-Richtlinie wird erkl\u00e4rt, was Cookies sind und wie wir sie verwenden, welche Arten von Cookies wir verwenden, welche Informationen wir mithilfe von Cookies sammeln und wie diese Informationen verwendet werden und wie Sie Ihre Cookie-Einstellungen verwalten.<\/p> <p>Cookies sind kleine Textdateien, die zur Speicherung kleiner Informationen verwendet werden. Sie werden auf Ihrem Ger\u00e4t gespeichert, wenn die Website in Ihrem Browser geladen wird. Diese Cookies helfen uns, die Website ordnungsgem\u00e4\u00df zu betreiben, sie sicherer zu machen, ein besseres Benutzererlebnis zu bieten, zu verstehen, wie die Website funktioniert, und zu analysieren, was funktioniert und wo Verbesserungen erforderlich sind.  <\/p><\/div>\n\n&nbsp;\n<h5>Wie verwenden wir Cookies?<\/h5>\n<div class=\"cookie-policy-p\"><p>Wie die meisten Online-Dienste verwendet unsere Website f\u00fcr verschiedene Zwecke Erst- und Drittanbieter-Cookies. Erstanbieter-Cookies sind in den meisten F\u00e4llen f\u00fcr die ordnungsgem\u00e4\u00dfe Funktion der Website erforderlich und erheben keine personenbezogenen Daten von Ihnen. <\/p> <p>Die auf unserer Website verwendeten Cookies von Drittanbietern dienen haupts\u00e4chlich dazu, zu verstehen, wie die Website funktioniert, wie Sie mit unserer Website interagieren, unsere Dienste sicher zu halten, f\u00fcr Sie relevante Werbung bereitzustellen und Ihnen insgesamt ein besseres Benutzererlebnis zu bieten verbessert und tr\u00e4gt dazu bei, Ihre zuk\u00fcnftigen Interaktionen mit unserer Website zu beschleunigen.<\/p><\/div>\n\n&nbsp;\n    <h5>Arten von Cookies, die wir verwenden<\/h5>\n\n    <div class=\"cky-audit-table-element\"><\/div>\n\n&nbsp;\n    <h5 style=\"margin-bottom:20px;\">Cookie-Einstellungen verwalten<\/h5>\n\n    <a class=\"cky-banner-element\">Cookie-Einstellungen<\/a> <br>\n\n    <div><p>Sie k\u00f6nnen Ihre Cookie-Einstellungen jederzeit \u00e4ndern, indem Sie auf die Schaltfl\u00e4che oben klicken. Dadurch k\u00f6nnen Sie das Cookie-Einwilligungsbanner erneut aufrufen und Ihre Einstellungen \u00e4ndern oder Ihre Einwilligung sofort widerrufen.  <\/p> <p>Dar\u00fcber hinaus bieten verschiedene Browser unterschiedliche Methoden zum Blockieren und L\u00f6schen von Cookies, die von Websites verwendet werden. Sie k\u00f6nnen Ihre Browsereinstellungen \u00e4ndern, um Cookies zu blockieren\/l\u00f6schen. Nachfolgend finden Sie Links zu unterst\u00fctzenden Dokumenten zum Verwalten und L\u00f6schen von Cookies in den wichtigsten Webbrowsern.  <\/p> <p>Chrome: <a href=\"https:\/\/support.google.com\/accounts\/answer\/32050\" target=\"_blank\">https:\/\/support.google.com\/accounts\/answer\/32050<\/a><\/p><p>Safari: <a href=\"https:\/\/support.apple.com\/en-in\/guide\/safari\/sfri11471\/mac\" target=\"_blank\">https:\/\/support.apple.com\/en-in\/guide\/safari\/sfri11471\/mac<\/a><\/p><p>Firefox <a href=\"https:\/\/support.mozilla.org\/en-US\/kb\/clear-cookies-and-site-data-firefox?redirectslug=delete-cookies-remove-info-websites-stored\" target=\"_blank\">https:\/\/support.mozilla.org\/en-US\/kb\/clear-cookies-and-site-data-firefox?redirectslug=delete-cookies-remove-info-websites-stored<\/a><\/p><p>Internet Explorer: <a href=\"https:\/\/support.microsoft.com\/en-us\/topic\/how-to-delete-cookie-files-in-internet-explorer-bca9446f-d873-78de-77ba-d42645fa52fc\" target=\"_blank\">https:\/\/support.microsoft.com\/en-us\/topic\/how-to-delete-cookie-files-in-internet-explorer-bca9446f-d873-78de-77ba-d42645fa52fc<\/a><\/p><p>Wenn Sie einen anderen Webbrowser verwenden, lesen Sie bitte die offiziellen Supportdokumente Ihres Browsers.<\/p><\/div>\n\n\n&nbsp;\n\t\t\t\t<\/div>\n\t\t\t\t<\/div>\n\t\t\t\t\t<\/div>\n\t\t<\/div>\n\t\t\t\t\t<\/div>\n\t\t<\/section>\n\t\t\t\t<\/div>\n\t\t","protected":false},"excerpt":{"rendered":"<p>Datenschutzrichtlinie INFORMATIONEN ZUR VERARBEITUNG PERSONENBEZOGENER DATEN Lieber Kunde, Mazzoni SRL handelt in voller \u00dcbereinstimmung mit der europ\u00e4ischen Verordnung Nr. 679\/2016 (im Folgenden der K\u00fcrze halber: DSGVO) und stellen Ihnen unter Beachtung der darin enthaltenen Vorschriften mit diesen Informationen alle Informationen zur Verarbeitung Ihrer personenbezogenen Daten und zu den Ihnen zustehenden Rechten zur Verf\u00fcgung.Bevor Sie Ihre [&hellip;]<\/p>\n","protected":false},"author":1,"featured_media":0,"parent":0,"menu_order":0,"comment_status":"closed","ping_status":"closed","template":"elementor_header_footer","meta":{"zakra_page_container_layout":"customizer","zakra_page_sidebar_layout":"customizer","zakra_remove_content_margin":false,"zakra_sidebar":"customizer","zakra_transparent_header":"customizer","zakra_logo":0,"zakra_main_header_style":"default","zakra_menu_item_color":"","zakra_menu_item_hover_color":"","zakra_menu_item_active_color":"","zakra_menu_active_style":"","zakra_page_header":true,"footnotes":""},"class_list":["post-51605","page","type-page","status-publish","hentry"],"yoast_head":"<!-- This site is optimized with the Yoast SEO plugin v27.5 - https:\/\/yoast.com\/product\/yoast-seo-wordpress\/ -->\n<title>Datenschutz- und Cookie-Richtlinie - Mazzoni<\/title>\n<meta name=\"robots\" content=\"index, follow, max-snippet:-1, max-image-preview:large, max-video-preview:-1\" \/>\n<link rel=\"canonical\" href=\"https:\/\/e-mazzoni.it\/de\/datenschutz-und-cookie-richtlinie\/\" \/>\n<meta property=\"og:locale\" content=\"de_DE\" \/>\n<meta property=\"og:type\" content=\"article\" \/>\n<meta property=\"og:title\" content=\"Datenschutz- und Cookie-Richtlinie - Mazzoni\" \/>\n<meta property=\"og:description\" content=\"Datenschutzrichtlinie INFORMATIONEN ZUR VERARBEITUNG PERSONENBEZOGENER DATEN Lieber Kunde, Mazzoni SRL handelt in voller \u00dcbereinstimmung mit der europ\u00e4ischen Verordnung Nr. 679\/2016 (im Folgenden der K\u00fcrze halber: DSGVO) und stellen Ihnen unter Beachtung der darin enthaltenen Vorschriften mit diesen Informationen alle Informationen zur Verarbeitung Ihrer personenbezogenen Daten und zu den Ihnen zustehenden Rechten zur Verf\u00fcgung.Bevor Sie Ihre [&hellip;]\" \/>\n<meta property=\"og:url\" content=\"https:\/\/e-mazzoni.it\/de\/datenschutz-und-cookie-richtlinie\/\" \/>\n<meta property=\"og:site_name\" content=\"Mazzoni\" \/>\n<meta property=\"article:modified_time\" content=\"2024-10-29T14:20:00+00:00\" \/>\n<meta name=\"twitter:card\" content=\"summary_large_image\" \/>\n<meta name=\"twitter:label1\" content=\"Gesch\u00e4tzte Lesezeit\" \/>\n\t<meta name=\"twitter:data1\" content=\"9\u00a0Minuten\" \/>\n<!-- \/ Yoast SEO plugin. -->","yoast_head_json":{"title":"Datenschutz- und Cookie-Richtlinie - Mazzoni","robots":{"index":"index","follow":"follow","max-snippet":"max-snippet:-1","max-image-preview":"max-image-preview:large","max-video-preview":"max-video-preview:-1"},"canonical":"https:\/\/e-mazzoni.it\/de\/datenschutz-und-cookie-richtlinie\/","og_locale":"de_DE","og_type":"article","og_title":"Datenschutz- und Cookie-Richtlinie - Mazzoni","og_description":"Datenschutzrichtlinie INFORMATIONEN ZUR VERARBEITUNG PERSONENBEZOGENER DATEN Lieber Kunde, Mazzoni SRL handelt in voller \u00dcbereinstimmung mit der europ\u00e4ischen Verordnung Nr. 679\/2016 (im Folgenden der K\u00fcrze halber: DSGVO) und stellen Ihnen unter Beachtung der darin enthaltenen Vorschriften mit diesen Informationen alle Informationen zur Verarbeitung Ihrer personenbezogenen Daten und zu den Ihnen zustehenden Rechten zur Verf\u00fcgung.Bevor Sie Ihre [&hellip;]","og_url":"https:\/\/e-mazzoni.it\/de\/datenschutz-und-cookie-richtlinie\/","og_site_name":"Mazzoni","article_modified_time":"2024-10-29T14:20:00+00:00","twitter_card":"summary_large_image","twitter_misc":{"Gesch\u00e4tzte Lesezeit":"9\u00a0Minuten"},"schema":{"@context":"https:\/\/schema.org","@graph":[{"@type":"WebPage","@id":"https:\/\/e-mazzoni.it\/de\/datenschutz-und-cookie-richtlinie\/","url":"https:\/\/e-mazzoni.it\/de\/datenschutz-und-cookie-richtlinie\/","name":"Datenschutz- und Cookie-Richtlinie - Mazzoni","isPartOf":{"@id":"https:\/\/e-mazzoni.it\/de\/#website"},"datePublished":"2023-06-19T06:37:32+00:00","dateModified":"2024-10-29T14:20:00+00:00","breadcrumb":{"@id":"https:\/\/e-mazzoni.it\/de\/datenschutz-und-cookie-richtlinie\/#breadcrumb"},"inLanguage":"de","potentialAction":[{"@type":"ReadAction","target":["https:\/\/e-mazzoni.it\/de\/datenschutz-und-cookie-richtlinie\/"]}]},{"@type":"BreadcrumbList","@id":"https:\/\/e-mazzoni.it\/de\/datenschutz-und-cookie-richtlinie\/#breadcrumb","itemListElement":[{"@type":"ListItem","position":1,"name":"Home","item":"https:\/\/e-mazzoni.it\/de\/"},{"@type":"ListItem","position":2,"name":"Datenschutz- und Cookie-Richtlinie"}]},{"@type":"WebSite","@id":"https:\/\/e-mazzoni.it\/de\/#website","url":"https:\/\/e-mazzoni.it\/de\/","name":"Mazzoni","description":"Mazzoni","publisher":{"@id":"https:\/\/e-mazzoni.it\/de\/#organization"},"potentialAction":[{"@type":"SearchAction","target":{"@type":"EntryPoint","urlTemplate":"https:\/\/e-mazzoni.it\/de\/?s={search_term_string}"},"query-input":{"@type":"PropertyValueSpecification","valueRequired":true,"valueName":"search_term_string"}}],"inLanguage":"de"},{"@type":"Organization","@id":"https:\/\/e-mazzoni.it\/de\/#organization","name":"Mazzoni","url":"https:\/\/e-mazzoni.it\/de\/","logo":{"@type":"ImageObject","inLanguage":"de","@id":"https:\/\/e-mazzoni.it\/de\/#\/schema\/logo\/image\/","url":"https:\/\/e-mazzoni.it\/wp-content\/uploads\/2023\/07\/logo.png","contentUrl":"https:\/\/e-mazzoni.it\/wp-content\/uploads\/2023\/07\/logo.png","width":250,"height":109,"caption":"Mazzoni"},"image":{"@id":"https:\/\/e-mazzoni.it\/de\/#\/schema\/logo\/image\/"}}]}},"_links":{"self":[{"href":"https:\/\/e-mazzoni.it\/de\/wp-json\/wp\/v2\/pages\/51605","targetHints":{"allow":["GET"]}}],"collection":[{"href":"https:\/\/e-mazzoni.it\/de\/wp-json\/wp\/v2\/pages"}],"about":[{"href":"https:\/\/e-mazzoni.it\/de\/wp-json\/wp\/v2\/types\/page"}],"author":[{"embeddable":true,"href":"https:\/\/e-mazzoni.it\/de\/wp-json\/wp\/v2\/users\/1"}],"replies":[{"embeddable":true,"href":"https:\/\/e-mazzoni.it\/de\/wp-json\/wp\/v2\/comments?post=51605"}],"version-history":[{"count":4,"href":"https:\/\/e-mazzoni.it\/de\/wp-json\/wp\/v2\/pages\/51605\/revisions"}],"predecessor-version":[{"id":51969,"href":"https:\/\/e-mazzoni.it\/de\/wp-json\/wp\/v2\/pages\/51605\/revisions\/51969"}],"wp:attachment":[{"href":"https:\/\/e-mazzoni.it\/de\/wp-json\/wp\/v2\/media?parent=51605"}],"curies":[{"name":"wp","href":"https:\/\/api.w.org\/{rel}","templated":true}]}}