{"id":51575,"date":"2024-07-09T14:01:54","date_gmt":"2024-07-09T14:01:54","guid":{"rendered":"https:\/\/e-mazzoni.it\/motorpumpen\/"},"modified":"2025-05-16T06:37:58","modified_gmt":"2025-05-16T06:37:58","slug":"motorpumpen","status":"publish","type":"page","link":"https:\/\/e-mazzoni.it\/de\/motorpumpen\/","title":{"rendered":"Motorpumpen"},"content":{"rendered":"\t\t<div data-elementor-type=\"wp-page\" data-elementor-id=\"51575\" class=\"elementor elementor-51575 elementor-19425\">\n\t\t\t\t\t\t<section class=\"elementor-section elementor-top-section elementor-element elementor-element-151f58b elementor-section-full_width elementor-section-height-min-height elementor-section-stretched elementor-section-height-default elementor-section-items-middle\" data-id=\"151f58b\" data-element_type=\"section\" data-e-type=\"section\" data-settings=\"{&quot;stretch_section&quot;:&quot;section-stretched&quot;,&quot;background_background&quot;:&quot;classic&quot;}\">\n\t\t\t\t\t\t\t<div class=\"elementor-background-overlay\"><\/div>\n\t\t\t\t\t\t\t<div class=\"elementor-container elementor-column-gap-default\">\n\t\t\t\t\t<div class=\"elementor-column elementor-col-100 elementor-top-column elementor-element elementor-element-c027284\" data-id=\"c027284\" data-element_type=\"column\" data-e-type=\"column\">\n\t\t\t<div class=\"elementor-widget-wrap elementor-element-populated\">\n\t\t\t\t\t\t<div class=\"elementor-element elementor-element-5a520f1 elementor-widget elementor-widget-heading\" data-id=\"5a520f1\" data-element_type=\"widget\" data-e-type=\"widget\" data-widget_type=\"heading.default\">\n\t\t\t\t<div class=\"elementor-widget-container\">\n\t\t\t\t\t<h2 class=\"elementor-heading-title elementor-size-default\">MOTORPUMPEN<\/h2>\t\t\t\t<\/div>\n\t\t\t\t<\/div>\n\t\t\t\t\t<\/div>\n\t\t<\/div>\n\t\t\t\t\t<\/div>\n\t\t<\/section>\n\t\t\t\t<section class=\"elementor-section elementor-top-section elementor-element elementor-element-1e66e17 elementor-section-boxed elementor-section-height-default elementor-section-height-default\" data-id=\"1e66e17\" data-element_type=\"section\" data-e-type=\"section\">\n\t\t\t\t\t\t<div class=\"elementor-container elementor-column-gap-default\">\n\t\t\t\t\t<div class=\"elementor-column elementor-col-100 elementor-top-column elementor-element elementor-element-46af9b4\" data-id=\"46af9b4\" data-element_type=\"column\" data-e-type=\"column\">\n\t\t\t<div class=\"elementor-widget-wrap elementor-element-populated\">\n\t\t\t\t\t\t<section class=\"elementor-section elementor-inner-section elementor-element elementor-element-6df3006 elementor-section-content-middle elementor-section-boxed elementor-section-height-default elementor-section-height-default\" data-id=\"6df3006\" data-element_type=\"section\" data-e-type=\"section\">\n\t\t\t\t\t\t<div class=\"elementor-container elementor-column-gap-no\">\n\t\t\t\t\t<div class=\"elementor-column elementor-col-33 elementor-inner-column elementor-element elementor-element-020f1e4\" data-id=\"020f1e4\" data-element_type=\"column\" data-e-type=\"column\">\n\t\t\t<div class=\"elementor-widget-wrap elementor-element-populated\">\n\t\t\t\t\t\t<div class=\"elementor-element elementor-element-c7b0511 elementor-position-top elementor-widget elementor-widget-image-box\" data-id=\"c7b0511\" data-element_type=\"widget\" data-e-type=\"widget\" data-widget_type=\"image-box.default\">\n\t\t\t\t<div class=\"elementor-widget-container\">\n\t\t\t\t\t<div class=\"elementor-image-box-wrapper\"><figure class=\"elementor-image-box-img\"><a href=\"https:\/\/e-mazzoni.it\/de\/produktkategorie\/motorpumpen_de\/elektropumpen\/\" tabindex=\"-1\"><img fetchpriority=\"high\" decoding=\"async\" width=\"800\" height=\"800\" src=\"https:\/\/e-mazzoni.it\/wp-content\/uploads\/2024\/10\/elett.jpg\" class=\"elementor-animation-grow attachment-full size-full wp-image-50861\" alt=\"\" \/><\/a><\/figure><div class=\"elementor-image-box-content\"><h3 class=\"elementor-image-box-title\"><a href=\"https:\/\/e-mazzoni.it\/de\/produktkategorie\/motorpumpen_de\/elektropumpen\/\">ELEKTROPUMPEN<\/a><\/h3><\/div><\/div>\t\t\t\t<\/div>\n\t\t\t\t<\/div>\n\t\t\t\t\t<\/div>\n\t\t<\/div>\n\t\t\t\t<div class=\"elementor-column elementor-col-33 elementor-inner-column elementor-element elementor-element-1eac6fb\" data-id=\"1eac6fb\" data-element_type=\"column\" data-e-type=\"column\">\n\t\t\t<div class=\"elementor-widget-wrap elementor-element-populated\">\n\t\t\t\t\t\t<div class=\"elementor-element elementor-element-e7a5447 elementor-position-top elementor-widget elementor-widget-image-box\" data-id=\"e7a5447\" data-element_type=\"widget\" data-e-type=\"widget\" data-widget_type=\"image-box.default\">\n\t\t\t\t<div class=\"elementor-widget-container\">\n\t\t\t\t\t<div class=\"elementor-image-box-wrapper\"><figure class=\"elementor-image-box-img\"><a href=\"https:\/\/e-mazzoni.it\/de\/produktkategorie\/motorpumpen_de\/hydraulische-motorpumpen\/\" tabindex=\"-1\"><img decoding=\"async\" src=\"https:\/\/e-mazzoni.it\/wp-content\/uploads\/2024\/07\/DOC5879885145.jpg\" title=\"\" alt=\"\" class=\"elementor-animation-grow\" loading=\"lazy\" \/><\/a><\/figure><div class=\"elementor-image-box-content\"><h3 class=\"elementor-image-box-title\"><a href=\"https:\/\/e-mazzoni.it\/de\/produktkategorie\/motorpumpen_de\/hydraulische-motorpumpen\/\">HYDRAULISCHE MOTORPUMPEN<\/a><\/h3><\/div><\/div>\t\t\t\t<\/div>\n\t\t\t\t<\/div>\n\t\t\t\t\t<\/div>\n\t\t<\/div>\n\t\t\t\t<div class=\"elementor-column elementor-col-33 elementor-inner-column elementor-element elementor-element-242e808\" data-id=\"242e808\" data-element_type=\"column\" data-e-type=\"column\">\n\t\t\t<div class=\"elementor-widget-wrap elementor-element-populated\">\n\t\t\t\t\t\t<div class=\"elementor-element elementor-element-6c10391 elementor-position-top elementor-widget elementor-widget-image-box\" data-id=\"6c10391\" data-element_type=\"widget\" data-e-type=\"widget\" data-widget_type=\"image-box.default\">\n\t\t\t\t<div class=\"elementor-widget-container\">\n\t\t\t\t\t<div class=\"elementor-image-box-wrapper\"><figure class=\"elementor-image-box-img\"><a href=\"https:\/\/e-mazzoni.it\/de\/produktkategorie\/motorpumpen_de\/motorpumpen-mit-benzinmotor\/\" tabindex=\"-1\"><img decoding=\"async\" width=\"1536\" height=\"1024\" src=\"https:\/\/e-mazzoni.it\/wp-content\/uploads\/2025\/05\/DOC6571259717.jpg\" class=\"elementor-animation-grow attachment-full size-full wp-image-59252\" alt=\"\" \/><\/a><\/figure><div class=\"elementor-image-box-content\"><h3 class=\"elementor-image-box-title\"><a href=\"https:\/\/e-mazzoni.it\/de\/produktkategorie\/motorpumpen_de\/motorpumpen-mit-benzinmotor\/\">MOTORPUMPEN MIT BENZINMOTOR<\/a><\/h3><\/div><\/div>\t\t\t\t<\/div>\n\t\t\t\t<\/div>\n\t\t\t\t\t<\/div>\n\t\t<\/div>\n\t\t\t\t\t<\/div>\n\t\t<\/section>\n\t\t\t\t\t<\/div>\n\t\t<\/div>\n\t\t\t\t\t<\/div>\n\t\t<\/section>\n\t\t\t\t<\/div>\n\t\t","protected":false},"excerpt":{"rendered":"<p>MOTORPUMPEN ELEKTROPUMPEN HYDRAULISCHE MOTORPUMPEN MOTORPUMPEN MIT BENZINMOTOR<\/p>\n","protected":false},"author":1,"featured_media":0,"parent":0,"menu_order":0,"comment_status":"closed","ping_status":"closed","template":"elementor_header_footer","meta":{"zakra_page_container_layout":"customizer","zakra_page_sidebar_layout":"customizer","zakra_remove_content_margin":false,"zakra_sidebar":"customizer","zakra_transparent_header":"customizer","zakra_logo":0,"zakra_main_header_style":"default","zakra_menu_item_color":"","zakra_menu_item_hover_color":"","zakra_menu_item_active_color":"","zakra_menu_active_style":"","zakra_page_header":true,"footnotes":""},"class_list":["post-51575","page","type-page","status-publish","hentry"],"yoast_head":"<!-- This site is optimized with the Yoast SEO plugin v27.5 - https:\/\/yoast.com\/product\/yoast-seo-wordpress\/ -->\n<title>Motorpumpen - Mazzoni<\/title>\n<meta name=\"description\" content=\"Professionelle Motorpumpen sind Werkzeuge f\u00fcr alle, die gro\u00dfe Wassermengen schnell, sicher und effizient bewegen m\u00fcssen.\" \/>\n<meta name=\"robots\" content=\"index, follow, max-snippet:-1, max-image-preview:large, max-video-preview:-1\" \/>\n<link rel=\"canonical\" href=\"https:\/\/e-mazzoni.it\/de\/motorpumpen\/\" \/>\n<meta property=\"og:locale\" content=\"de_DE\" \/>\n<meta property=\"og:type\" content=\"article\" \/>\n<meta property=\"og:title\" content=\"Motorpumpen - Mazzoni\" \/>\n<meta property=\"og:description\" content=\"Professionelle Motorpumpen sind Werkzeuge f\u00fcr alle, die gro\u00dfe Wassermengen schnell, sicher und effizient bewegen m\u00fcssen.\" \/>\n<meta property=\"og:url\" content=\"https:\/\/e-mazzoni.it\/de\/motorpumpen\/\" \/>\n<meta property=\"og:site_name\" content=\"Mazzoni\" \/>\n<meta property=\"article:modified_time\" content=\"2025-05-16T06:37:58+00:00\" \/>\n<meta property=\"og:image\" content=\"https:\/\/e-mazzoni.it\/wp-content\/uploads\/2024\/10\/elett.jpg\" \/>\n\t<meta property=\"og:image:width\" content=\"800\" \/>\n\t<meta property=\"og:image:height\" content=\"800\" \/>\n\t<meta property=\"og:image:type\" content=\"image\/jpeg\" \/>\n<meta name=\"twitter:card\" content=\"summary_large_image\" \/>\n<meta name=\"twitter:label1\" content=\"Gesch\u00e4tzte Lesezeit\" \/>\n\t<meta name=\"twitter:data1\" content=\"1\u00a0Minute\" \/>\n<!-- \/ Yoast SEO plugin. -->","yoast_head_json":{"title":"Motorpumpen - Mazzoni","description":"Professionelle Motorpumpen sind Werkzeuge f\u00fcr alle, die gro\u00dfe Wassermengen schnell, sicher und effizient bewegen m\u00fcssen.","robots":{"index":"index","follow":"follow","max-snippet":"max-snippet:-1","max-image-preview":"max-image-preview:large","max-video-preview":"max-video-preview:-1"},"canonical":"https:\/\/e-mazzoni.it\/de\/motorpumpen\/","og_locale":"de_DE","og_type":"article","og_title":"Motorpumpen - Mazzoni","og_description":"Professionelle Motorpumpen sind Werkzeuge f\u00fcr alle, die gro\u00dfe Wassermengen schnell, sicher und effizient bewegen m\u00fcssen.","og_url":"https:\/\/e-mazzoni.it\/de\/motorpumpen\/","og_site_name":"Mazzoni","article_modified_time":"2025-05-16T06:37:58+00:00","og_image":[{"width":800,"height":800,"url":"https:\/\/e-mazzoni.it\/wp-content\/uploads\/2024\/10\/elett.jpg","type":"image\/jpeg"}],"twitter_card":"summary_large_image","twitter_misc":{"Gesch\u00e4tzte Lesezeit":"1\u00a0Minute"},"schema":{"@context":"https:\/\/schema.org","@graph":[{"@type":"WebPage","@id":"https:\/\/e-mazzoni.it\/de\/motorpumpen\/","url":"https:\/\/e-mazzoni.it\/de\/motorpumpen\/","name":"Motorpumpen - Mazzoni","isPartOf":{"@id":"https:\/\/e-mazzoni.it\/de\/#website"},"primaryImageOfPage":{"@id":"https:\/\/e-mazzoni.it\/de\/motorpumpen\/#primaryimage"},"image":{"@id":"https:\/\/e-mazzoni.it\/de\/motorpumpen\/#primaryimage"},"thumbnailUrl":"https:\/\/e-mazzoni.it\/wp-content\/uploads\/2024\/10\/elett.jpg","datePublished":"2024-07-09T14:01:54+00:00","dateModified":"2025-05-16T06:37:58+00:00","description":"Professionelle Motorpumpen sind Werkzeuge f\u00fcr alle, die gro\u00dfe Wassermengen schnell, sicher und effizient bewegen m\u00fcssen.","breadcrumb":{"@id":"https:\/\/e-mazzoni.it\/de\/motorpumpen\/#breadcrumb"},"inLanguage":"de","potentialAction":[{"@type":"ReadAction","target":["https:\/\/e-mazzoni.it\/de\/motorpumpen\/"]}]},{"@type":"ImageObject","inLanguage":"de","@id":"https:\/\/e-mazzoni.it\/de\/motorpumpen\/#primaryimage","url":"https:\/\/e-mazzoni.it\/wp-content\/uploads\/2024\/10\/elett.jpg","contentUrl":"https:\/\/e-mazzoni.it\/wp-content\/uploads\/2024\/10\/elett.jpg"},{"@type":"BreadcrumbList","@id":"https:\/\/e-mazzoni.it\/de\/motorpumpen\/#breadcrumb","itemListElement":[{"@type":"ListItem","position":1,"name":"Home","item":"https:\/\/e-mazzoni.it\/de\/"},{"@type":"ListItem","position":2,"name":"Motorpumpen"}]},{"@type":"WebSite","@id":"https:\/\/e-mazzoni.it\/de\/#website","url":"https:\/\/e-mazzoni.it\/de\/","name":"Mazzoni","description":"Mazzoni","publisher":{"@id":"https:\/\/e-mazzoni.it\/de\/#organization"},"potentialAction":[{"@type":"SearchAction","target":{"@type":"EntryPoint","urlTemplate":"https:\/\/e-mazzoni.it\/de\/?s={search_term_string}"},"query-input":{"@type":"PropertyValueSpecification","valueRequired":true,"valueName":"search_term_string"}}],"inLanguage":"de"},{"@type":"Organization","@id":"https:\/\/e-mazzoni.it\/de\/#organization","name":"Mazzoni","url":"https:\/\/e-mazzoni.it\/de\/","logo":{"@type":"ImageObject","inLanguage":"de","@id":"https:\/\/e-mazzoni.it\/de\/#\/schema\/logo\/image\/","url":"https:\/\/e-mazzoni.it\/wp-content\/uploads\/2023\/07\/logo.png","contentUrl":"https:\/\/e-mazzoni.it\/wp-content\/uploads\/2023\/07\/logo.png","width":250,"height":109,"caption":"Mazzoni"},"image":{"@id":"https:\/\/e-mazzoni.it\/de\/#\/schema\/logo\/image\/"}}]}},"_links":{"self":[{"href":"https:\/\/e-mazzoni.it\/de\/wp-json\/wp\/v2\/pages\/51575","targetHints":{"allow":["GET"]}}],"collection":[{"href":"https:\/\/e-mazzoni.it\/de\/wp-json\/wp\/v2\/pages"}],"about":[{"href":"https:\/\/e-mazzoni.it\/de\/wp-json\/wp\/v2\/types\/page"}],"author":[{"embeddable":true,"href":"https:\/\/e-mazzoni.it\/de\/wp-json\/wp\/v2\/users\/1"}],"replies":[{"embeddable":true,"href":"https:\/\/e-mazzoni.it\/de\/wp-json\/wp\/v2\/comments?post=51575"}],"version-history":[{"count":9,"href":"https:\/\/e-mazzoni.it\/de\/wp-json\/wp\/v2\/pages\/51575\/revisions"}],"predecessor-version":[{"id":59281,"href":"https:\/\/e-mazzoni.it\/de\/wp-json\/wp\/v2\/pages\/51575\/revisions\/59281"}],"wp:attachment":[{"href":"https:\/\/e-mazzoni.it\/de\/wp-json\/wp\/v2\/media?parent=51575"}],"curies":[{"name":"wp","href":"https:\/\/api.w.org\/{rel}","templated":true}]}}